{"id":2409,"date":"2021-01-25T14:30:37","date_gmt":"2021-01-25T12:30:37","guid":{"rendered":"https:\/\/hingelaegas.ee\/?page_id=2409"},"modified":"2023-03-29T12:22:27","modified_gmt":"2023-03-29T09:22:27","slug":"poolvaariskividest-hobeehted","status":"publish","type":"page","link":"https:\/\/hingelaegas.ee\/en\/poolvaariskividest-hobeehted\/","title":{"rendered":"Sterling silver jewellery with semi-precious stones"},"content":{"rendered":"<p><strong>Handmade sterling silver jewellery<\/strong> is the official brand of Hingelaegas O\u00dc.<\/p>\n\n\n\n<p>The jewelry has been made by hand from natural quality materials where a variety of <strong>natural and ethically sourced semi-precious stones<\/strong> are combined with <strong>sterling silver (925)<\/strong>. There may be a few items which are silver-plated.<\/p>\n\n\n\n<h2 class=\"has-medium-font-size wp-block-heading\"><strong>Why is our jewellery made with natural semi-precious stones?<\/strong><\/h2>\n\n\n\n<p>Each semi-precious stone has its own energy, which affects the wearer of the stone and the people surronded by its influence.<\/p>\n\n\n\n<p>If you feel that there's something missing from your life - <strong>maybe you'd like to add or amplify some features or attributes<\/strong> -, then the crystals help affect your energy field and vibrations. The energy we radiate from ourselves also attracts the same energy to us.&nbsp;<\/p>\n\n\n\n<h2 class=\"has-medium-font-size wp-block-heading\"><strong>Why do we make jewellery from sterling silver?<\/strong><\/h2>\n\n\n\n<p>Silver is an excellent <strong>healer<\/strong>.<\/p>\n\n\n\n<p>Scientist have proven that <strong>silver kills harmful microorganisms living in water and air<\/strong>, while maintaining the beneficial ones. However, for healing purposes, it is important to allow direct contact with the body - that is why it is good to wear silver jewellery.<\/p>","protected":false},"excerpt":{"rendered":"<p>H\u00f5bedast k\u00e4sit\u00f6\u00f6ehted on Hingelaegas O\u00dc oma br\u00e4nd. Ehted on valminud k\u00e4sit\u00f6\u00f6na ning valminud kvaliteetsetest naturaalsetest materjalidest, kus looduslikud ja \u00f5iglaselt kaevandatud poolv\u00e4\u00e4riskivid on kombineeritud ehtsa 925 h\u00f5bedaga. Vahel v\u00f5ib leiduda ka \u00fcksikuid tooteid, mis on lihtsalt h\u00f5betatud. Miks valmistame ehteid looduslike poolv\u00e4\u00e4riskividega? Igal poolv\u00e4\u00e4riskivil on oma energia, millega ta m\u00f5jutab enda l\u00e4heduses viibijaid ja sellest kivist valmistatud ehe m\u00f5jutab tema kandjat. Kui tunned, et Sinu elust on midagi puudu &#8211; sooviksid lisada juurde v\u00f5i v\u00f5imendada mingit omadust -, siis kristallid aitavad m\u00f5jutada Sinu energiav\u00e4lja ja vibratsioone. See energia, mida me endast v\u00e4lja kiirgame, seda t\u00f5mbame ka endale ligi.&nbsp; Miks valmistame ehteid h\u00f5bedast? H\u00f5be on suurep\u00e4rane tervendaja. Teadlased on kindlaks teinud, et h\u00f5be tapab vees ja \u00f5hus elavaid kahjulikke mikroorganisme, s\u00e4ilitades samal ajal kasulikke. Tervendamiseks on aga oluline, et h\u00f5be puutuks kehaga vahetult kokku &#8211; seet\u00f5ttu ongi hea kanda h\u00f5beehteid.<\/p>","protected":false},"author":2,"featured_media":0,"parent":0,"menu_order":0,"comment_status":"closed","ping_status":"closed","template":"","meta":{"_monsterinsights_skip_tracking":false,"_monsterinsights_sitenote_active":false,"_monsterinsights_sitenote_note":"","_monsterinsights_sitenote_category":0,"footnotes":""},"class_list":["post-2409","page","type-page","status-publish","hentry"],"yoast_head":"<!-- This site is optimized with the Yoast SEO plugin v27.3 - https:\/\/yoast.com\/product\/yoast-seo-wordpress\/ -->\n<title>Poolv\u00e4\u00e4riskividest h\u00f5beehted - Hingelaegas<\/title>\n<meta name=\"description\" content=\"H\u00f5bedast k\u00e4sit\u00f6\u00f6ehted on Hingelaegas O\u00dc oma br\u00e4nd. Looduslikud poolv\u00e4\u00e4riskivid on kombineeritud puhta h\u00f5bedaga.\" \/>\n<meta name=\"robots\" content=\"index, follow, max-snippet:-1, max-image-preview:large, max-video-preview:-1\" \/>\n<link rel=\"canonical\" href=\"https:\/\/www.hingelaegas.ee\/en\/poolvaariskividest-hobeehted\/\" \/>\n<meta property=\"og:locale\" content=\"en_GB\" \/>\n<meta property=\"og:type\" content=\"article\" \/>\n<meta property=\"og:title\" content=\"Poolv\u00e4\u00e4riskividest h\u00f5beehted - Hingelaegas\" \/>\n<meta property=\"og:description\" content=\"H\u00f5bedast k\u00e4sit\u00f6\u00f6ehted on Hingelaegas O\u00dc oma br\u00e4nd. Looduslikud poolv\u00e4\u00e4riskivid on kombineeritud puhta h\u00f5bedaga.\" \/>\n<meta property=\"og:url\" content=\"https:\/\/www.hingelaegas.ee\/en\/poolvaariskividest-hobeehted\/\" \/>\n<meta property=\"og:site_name\" content=\"Hingelaegas\" \/>\n<meta property=\"article:modified_time\" content=\"2023-03-29T09:22:27+00:00\" \/>\n<meta name=\"twitter:card\" content=\"summary_large_image\" \/>\n<meta name=\"twitter:label1\" content=\"Estimated reading time\" \/>\n\t<meta name=\"twitter:data1\" content=\"1 minute\" \/>\n<script type=\"application\/ld+json\" class=\"yoast-schema-graph\">{\"@context\":\"https:\\\/\\\/schema.org\",\"@graph\":[{\"@type\":\"WebPage\",\"@id\":\"https:\\\/\\\/www.hingelaegas.ee\\\/en\\\/poolvaariskividest-hobeehted\\\/\",\"url\":\"https:\\\/\\\/www.hingelaegas.ee\\\/en\\\/poolvaariskividest-hobeehted\\\/\",\"name\":\"Poolv\u00e4\u00e4riskividest h\u00f5beehted - Hingelaegas\",\"isPartOf\":{\"@id\":\"https:\\\/\\\/www.hingelaegas.ee\\\/en\\\/#website\"},\"datePublished\":\"2021-01-25T12:30:37+00:00\",\"dateModified\":\"2023-03-29T09:22:27+00:00\",\"description\":\"H\u00f5bedast k\u00e4sit\u00f6\u00f6ehted on Hingelaegas O\u00dc oma br\u00e4nd. Looduslikud poolv\u00e4\u00e4riskivid on kombineeritud puhta h\u00f5bedaga.\",\"breadcrumb\":{\"@id\":\"https:\\\/\\\/www.hingelaegas.ee\\\/en\\\/poolvaariskividest-hobeehted\\\/#breadcrumb\"},\"inLanguage\":\"en-GB\",\"potentialAction\":[{\"@type\":\"ReadAction\",\"target\":[\"https:\\\/\\\/www.hingelaegas.ee\\\/en\\\/poolvaariskividest-hobeehted\\\/\"]}]},{\"@type\":\"BreadcrumbList\",\"@id\":\"https:\\\/\\\/www.hingelaegas.ee\\\/en\\\/poolvaariskividest-hobeehted\\\/#breadcrumb\",\"itemListElement\":[{\"@type\":\"ListItem\",\"position\":1,\"name\":\"Home\",\"item\":\"https:\\\/\\\/www.hingelaegas.ee\\\/en\\\/\"},{\"@type\":\"ListItem\",\"position\":2,\"name\":\"Poolv\u00e4\u00e4riskividest h\u00f5beehted\"}]},{\"@type\":\"WebSite\",\"@id\":\"https:\\\/\\\/www.hingelaegas.ee\\\/en\\\/#website\",\"url\":\"https:\\\/\\\/www.hingelaegas.ee\\\/en\\\/\",\"name\":\"Hingelaegas\",\"description\":\"Hingele. Kehale. Vaimule.\",\"publisher\":{\"@id\":\"https:\\\/\\\/www.hingelaegas.ee\\\/en\\\/#organization\"},\"potentialAction\":[{\"@type\":\"SearchAction\",\"target\":{\"@type\":\"EntryPoint\",\"urlTemplate\":\"https:\\\/\\\/www.hingelaegas.ee\\\/en\\\/?s={search_term_string}\"},\"query-input\":{\"@type\":\"PropertyValueSpecification\",\"valueRequired\":true,\"valueName\":\"search_term_string\"}}],\"inLanguage\":\"en-GB\"},{\"@type\":\"Organization\",\"@id\":\"https:\\\/\\\/www.hingelaegas.ee\\\/en\\\/#organization\",\"name\":\"Hingelaegas O\u00dc\",\"url\":\"https:\\\/\\\/www.hingelaegas.ee\\\/en\\\/\",\"logo\":{\"@type\":\"ImageObject\",\"inLanguage\":\"en-GB\",\"@id\":\"https:\\\/\\\/www.hingelaegas.ee\\\/en\\\/#\\\/schema\\\/logo\\\/image\\\/\",\"url\":\"https:\\\/\\\/hingelaegas.ee\\\/wp-content\\\/uploads\\\/2020\\\/12\\\/hingelaegas_vaike.png\",\"contentUrl\":\"https:\\\/\\\/hingelaegas.ee\\\/wp-content\\\/uploads\\\/2020\\\/12\\\/hingelaegas_vaike.png\",\"width\":700,\"height\":700,\"caption\":\"Hingelaegas O\u00dc\"},\"image\":{\"@id\":\"https:\\\/\\\/www.hingelaegas.ee\\\/en\\\/#\\\/schema\\\/logo\\\/image\\\/\"}}]}<\/script>\n<!-- \/ Yoast SEO plugin. -->","yoast_head_json":{"title":"Poolv\u00e4\u00e4riskividest h\u00f5beehted - Hingelaegas","description":"H\u00f5bedast k\u00e4sit\u00f6\u00f6ehted on Hingelaegas O\u00dc oma br\u00e4nd. Looduslikud poolv\u00e4\u00e4riskivid on kombineeritud puhta h\u00f5bedaga.","robots":{"index":"index","follow":"follow","max-snippet":"max-snippet:-1","max-image-preview":"max-image-preview:large","max-video-preview":"max-video-preview:-1"},"canonical":"https:\/\/www.hingelaegas.ee\/en\/poolvaariskividest-hobeehted\/","og_locale":"en_GB","og_type":"article","og_title":"Poolv\u00e4\u00e4riskividest h\u00f5beehted - Hingelaegas","og_description":"H\u00f5bedast k\u00e4sit\u00f6\u00f6ehted on Hingelaegas O\u00dc oma br\u00e4nd. Looduslikud poolv\u00e4\u00e4riskivid on kombineeritud puhta h\u00f5bedaga.","og_url":"https:\/\/www.hingelaegas.ee\/en\/poolvaariskividest-hobeehted\/","og_site_name":"Hingelaegas","article_modified_time":"2023-03-29T09:22:27+00:00","twitter_card":"summary_large_image","twitter_misc":{"Estimated reading time":"1 minute"},"schema":{"@context":"https:\/\/schema.org","@graph":[{"@type":"WebPage","@id":"https:\/\/www.hingelaegas.ee\/en\/poolvaariskividest-hobeehted\/","url":"https:\/\/www.hingelaegas.ee\/en\/poolvaariskividest-hobeehted\/","name":"Poolv\u00e4\u00e4riskividest h\u00f5beehted - Hingelaegas","isPartOf":{"@id":"https:\/\/www.hingelaegas.ee\/en\/#website"},"datePublished":"2021-01-25T12:30:37+00:00","dateModified":"2023-03-29T09:22:27+00:00","description":"H\u00f5bedast k\u00e4sit\u00f6\u00f6ehted on Hingelaegas O\u00dc oma br\u00e4nd. Looduslikud poolv\u00e4\u00e4riskivid on kombineeritud puhta h\u00f5bedaga.","breadcrumb":{"@id":"https:\/\/www.hingelaegas.ee\/en\/poolvaariskividest-hobeehted\/#breadcrumb"},"inLanguage":"en-GB","potentialAction":[{"@type":"ReadAction","target":["https:\/\/www.hingelaegas.ee\/en\/poolvaariskividest-hobeehted\/"]}]},{"@type":"BreadcrumbList","@id":"https:\/\/www.hingelaegas.ee\/en\/poolvaariskividest-hobeehted\/#breadcrumb","itemListElement":[{"@type":"ListItem","position":1,"name":"Home","item":"https:\/\/www.hingelaegas.ee\/en\/"},{"@type":"ListItem","position":2,"name":"Poolv\u00e4\u00e4riskividest h\u00f5beehted"}]},{"@type":"WebSite","@id":"https:\/\/www.hingelaegas.ee\/en\/#website","url":"https:\/\/www.hingelaegas.ee\/en\/","name":"Hingelaegas","description":"For Soul. For Body. For Mind.","publisher":{"@id":"https:\/\/www.hingelaegas.ee\/en\/#organization"},"potentialAction":[{"@type":"SearchAction","target":{"@type":"EntryPoint","urlTemplate":"https:\/\/www.hingelaegas.ee\/en\/?s={search_term_string}"},"query-input":{"@type":"PropertyValueSpecification","valueRequired":true,"valueName":"search_term_string"}}],"inLanguage":"en-GB"},{"@type":"Organization","@id":"https:\/\/www.hingelaegas.ee\/en\/#organization","name":"Hingelaegas O\u00dc","url":"https:\/\/www.hingelaegas.ee\/en\/","logo":{"@type":"ImageObject","inLanguage":"en-GB","@id":"https:\/\/www.hingelaegas.ee\/en\/#\/schema\/logo\/image\/","url":"https:\/\/hingelaegas.ee\/wp-content\/uploads\/2020\/12\/hingelaegas_vaike.png","contentUrl":"https:\/\/hingelaegas.ee\/wp-content\/uploads\/2020\/12\/hingelaegas_vaike.png","width":700,"height":700,"caption":"Hingelaegas O\u00dc"},"image":{"@id":"https:\/\/www.hingelaegas.ee\/en\/#\/schema\/logo\/image\/"}}]}},"acf":[],"jetpack_likes_enabled":false,"jetpack_sharing_enabled":true,"_links":{"self":[{"href":"https:\/\/hingelaegas.ee\/en\/wp-json\/wp\/v2\/pages\/2409","targetHints":{"allow":["GET"]}}],"collection":[{"href":"https:\/\/hingelaegas.ee\/en\/wp-json\/wp\/v2\/pages"}],"about":[{"href":"https:\/\/hingelaegas.ee\/en\/wp-json\/wp\/v2\/types\/page"}],"author":[{"embeddable":true,"href":"https:\/\/hingelaegas.ee\/en\/wp-json\/wp\/v2\/users\/2"}],"replies":[{"embeddable":true,"href":"https:\/\/hingelaegas.ee\/en\/wp-json\/wp\/v2\/comments?post=2409"}],"version-history":[{"count":4,"href":"https:\/\/hingelaegas.ee\/en\/wp-json\/wp\/v2\/pages\/2409\/revisions"}],"predecessor-version":[{"id":4754,"href":"https:\/\/hingelaegas.ee\/en\/wp-json\/wp\/v2\/pages\/2409\/revisions\/4754"}],"wp:attachment":[{"href":"https:\/\/hingelaegas.ee\/en\/wp-json\/wp\/v2\/media?parent=2409"}],"curies":[{"name":"wp","href":"https:\/\/api.w.org\/{rel}","templated":true}]}}