{"id":74,"date":"2020-09-03T15:43:44","date_gmt":"2020-09-03T12:43:44","guid":{"rendered":"https:\/\/hingelaegas.ee\/?page_id=74"},"modified":"2021-09-06T10:23:45","modified_gmt":"2021-09-06T07:23:45","slug":"meist","status":"publish","type":"page","link":"https:\/\/hingelaegas.ee\/en\/meist\/","title":{"rendered":"About"},"content":{"rendered":"<p>Hingelaegas on loodud soovist toetada teisi kaashingesid sel maisel teekonnal l\u00e4bi naturaalsete ja kvaliteetsete toodete, millest enamus valmivad k\u00e4sit\u00f6\u00f6na suure hoole ja armastusega. Loodame, et meie tooted aitavad saada paremat kontakti oma t\u00f5elise olemusega, lisavad julgust ja vaprust olla just see, kes keegi s\u00fcgaval sisimas on, ning aitavad \u00f5ppida kuulama oma intuitsiooni &#8211; sest k\u00f5ik vastused, mida me otsime, on tegelikult peidus meie enda sees, meie \u00fclesanne on lihtsalt \u00f5ppida kuulatama ja tunnetama, kuhu meie sisetunne meid juhatab.<\/p>\n\n\n\n<div class=\"wp-block-media-text alignwide is-stacked-on-mobile\" style=\"grid-template-columns:36% auto\"><figure class=\"wp-block-media-text__media\"><img data-recalc-dims=\"1\" fetchpriority=\"high\" decoding=\"async\" width=\"700\" height=\"700\" src=\"https:\/\/i0.wp.com\/hingelaegas.ee\/wp-content\/uploads\/2020\/12\/hingelaegas_vaike.png?resize=700%2C700&#038;ssl=1\" alt=\"\" class=\"wp-image-2016 size-full\" srcset=\"https:\/\/i0.wp.com\/hingelaegas.ee\/wp-content\/uploads\/2020\/12\/hingelaegas_vaike.png?w=700&amp;ssl=1 700w, https:\/\/i0.wp.com\/hingelaegas.ee\/wp-content\/uploads\/2020\/12\/hingelaegas_vaike.png?resize=300%2C300&amp;ssl=1 300w, https:\/\/i0.wp.com\/hingelaegas.ee\/wp-content\/uploads\/2020\/12\/hingelaegas_vaike.png?resize=150%2C150&amp;ssl=1 150w, https:\/\/i0.wp.com\/hingelaegas.ee\/wp-content\/uploads\/2020\/12\/hingelaegas_vaike.png?resize=75%2C75&amp;ssl=1 75w, https:\/\/i0.wp.com\/hingelaegas.ee\/wp-content\/uploads\/2020\/12\/hingelaegas_vaike.png?resize=600%2C600&amp;ssl=1 600w, https:\/\/i0.wp.com\/hingelaegas.ee\/wp-content\/uploads\/2020\/12\/hingelaegas_vaike.png?resize=100%2C100&amp;ssl=1 100w\" sizes=\"(max-width: 700px) 100vw, 700px\" \/><\/figure><div class=\"wp-block-media-text__content\">\n<p class=\"has-text-align-justify\">Hingelaeka logol kujutatud kolmnurk s\u00fcmboliseeribki vaimset \u00e4rkamist ja kontakti saamist meie k\u00f5rgema teadvusega. Samuti s\u00fcmboliseerib see kolmnurk inimest kui tervikut \u2013 nii tema Hinge, Keha kui Vaimu, aidates suurendada loomingulisust, harmooniat ja stabiilsust. Nii nagu kolmnurk, s\u00fcmboliseerib ka logol kujutatud lootoslill vaimset \u00e4rkamist ja iseenda t\u00f5elise olemuse avastamist. Lootos seostub paljudes kultuurides taass\u00fcnni ja spirituaalse valgustumisega. Ta sulgeb igaks \u00f6\u00f6ks oma kauni \u00f5ie ja t\u00f5mbub mudasesse j\u00f5ep\u00f5hja ning justkui imekombel t\u00f5useb j\u00e4rgmisel hommikul uuesti ja avab oma imeilusa puhta s\u00e4rava \u00f5ie. Selline lootose eluts\u00fckkel on otsene n\u00e4ide elu, surma ja taass\u00fcnni kohta ning pole imestada, et teda sellise s\u00fcmbolina ka au sees peetakse.<\/p>\n<\/div><\/div>\n\n\n\n<p>Loodetavasti avastab Hingelaeka veebipoest iga\u00fcks enda jaoks nii n\u00e4puotsat\u00e4ie maagiat, tilgakese m\u00fcstikat kui ka kosutava s\u00f5\u00f5mu hingerahu!<\/p>","protected":false},"excerpt":{"rendered":"<p>Hingelaegas on loodud soovist toetada teisi kaashingesid sel maisel teekonnal l\u00e4bi naturaalsete ja kvaliteetsete toodete, millest enamus valmivad k\u00e4sit\u00f6\u00f6na suure hoole ja armastusega. Loodame, et meie tooted aitavad saada paremat kontakti oma t\u00f5elise olemusega, lisavad julgust ja vaprust olla just see, kes keegi s\u00fcgaval sisimas on, ning aitavad \u00f5ppida kuulama oma intuitsiooni &#8211; sest k\u00f5ik vastused, mida me otsime, on tegelikult peidus meie enda sees, meie \u00fclesanne on lihtsalt \u00f5ppida kuulatama ja tunnetama, kuhu meie sisetunne meid juhatab. Hingelaeka logol kujutatud kolmnurk s\u00fcmboliseeribki vaimset \u00e4rkamist ja kontakti saamist meie k\u00f5rgema teadvusega. Samuti s\u00fcmboliseerib see kolmnurk inimest kui tervikut \u2013 nii tema Hinge, Keha kui Vaimu, aidates suurendada loomingulisust, harmooniat ja stabiilsust. Nii nagu kolmnurk, s\u00fcmboliseerib ka logol kujutatud lootoslill vaimset \u00e4rkamist ja iseenda t\u00f5elise olemuse avastamist. Lootos seostub paljudes kultuurides taass\u00fcnni ja spirituaalse valgustumisega. Ta sulgeb igaks \u00f6\u00f6ks oma kauni \u00f5ie ja t\u00f5mbub mudasesse j\u00f5ep\u00f5hja ning justkui imekombel t\u00f5useb j\u00e4rgmisel hommikul uuesti ja avab oma imeilusa puhta s\u00e4rava \u00f5ie. Selline lootose eluts\u00fckkel on otsene n\u00e4ide elu, surma ja taass\u00fcnni kohta ning pole imestada, et teda sellise s\u00fcmbolina ka au sees peetakse. Loodetavasti avastab Hingelaeka veebipoest iga\u00fcks enda jaoks nii n\u00e4puotsat\u00e4ie maagiat, tilgakese m\u00fcstikat kui ka kosutava s\u00f5\u00f5mu hingerahu!<\/p>","protected":false},"author":1,"featured_media":0,"parent":0,"menu_order":2,"comment_status":"closed","ping_status":"closed","template":"","meta":{"_monsterinsights_skip_tracking":false,"_monsterinsights_sitenote_active":false,"_monsterinsights_sitenote_note":"","_monsterinsights_sitenote_category":0,"footnotes":""},"class_list":["post-74","page","type-page","status-publish","hentry"],"yoast_head":"<!-- This site is optimized with the Yoast SEO plugin v27.3 - https:\/\/yoast.com\/product\/yoast-seo-wordpress\/ -->\n<title>Meist - Hingelaegas<\/title>\n<meta name=\"description\" content=\"Hingelaeka eesm\u00e4rk on veebipoes pakutavate toodete abil aidata inimestel luua enda sees (ja ka \u00fcmber) rohkem tasakaalu ja harmooniat. Olgu selleks kaunid ja naiselikud poolv\u00e4\u00e4riskividest k\u00e4sit\u00f6\u00f6ehted, mahetoorainest kehahooldustooted, eeterlike \u00f5lidega l\u00f5hnastatud k\u00e4sit\u00f6\u00f6k\u00fc\u00fcnlad v\u00f5i teised aroomiteraapilised abivahendid.\" \/>\n<meta name=\"robots\" content=\"index, follow, max-snippet:-1, max-image-preview:large, max-video-preview:-1\" \/>\n<link rel=\"canonical\" href=\"https:\/\/www.hingelaegas.ee\/en\/meist\/\" \/>\n<meta property=\"og:locale\" content=\"en_GB\" \/>\n<meta property=\"og:type\" content=\"article\" \/>\n<meta property=\"og:title\" content=\"Meist - Hingelaegas\" \/>\n<meta property=\"og:description\" content=\"Hingelaeka eesm\u00e4rk on veebipoes pakutavate toodete abil aidata inimestel luua enda sees (ja ka \u00fcmber) rohkem tasakaalu ja harmooniat. Olgu selleks kaunid ja naiselikud poolv\u00e4\u00e4riskividest k\u00e4sit\u00f6\u00f6ehted, mahetoorainest kehahooldustooted, eeterlike \u00f5lidega l\u00f5hnastatud k\u00e4sit\u00f6\u00f6k\u00fc\u00fcnlad v\u00f5i teised aroomiteraapilised abivahendid.\" \/>\n<meta property=\"og:url\" content=\"https:\/\/www.hingelaegas.ee\/en\/meist\/\" \/>\n<meta property=\"og:site_name\" content=\"Hingelaegas\" \/>\n<meta property=\"article:modified_time\" content=\"2021-09-06T07:23:45+00:00\" \/>\n<meta property=\"og:image\" content=\"https:\/\/hingelaegas.ee\/wp-content\/uploads\/2020\/12\/hingelaegas_vaike.png\" \/>\n<meta name=\"twitter:card\" content=\"summary_large_image\" \/>\n<meta name=\"twitter:label1\" content=\"Estimated reading time\" \/>\n\t<meta name=\"twitter:data1\" content=\"2 minutes\" \/>\n<script type=\"application\/ld+json\" class=\"yoast-schema-graph\">{\"@context\":\"https:\\\/\\\/schema.org\",\"@graph\":[{\"@type\":\"WebPage\",\"@id\":\"https:\\\/\\\/www.hingelaegas.ee\\\/en\\\/meist\\\/\",\"url\":\"https:\\\/\\\/www.hingelaegas.ee\\\/en\\\/meist\\\/\",\"name\":\"Meist - Hingelaegas\",\"isPartOf\":{\"@id\":\"https:\\\/\\\/www.hingelaegas.ee\\\/en\\\/#website\"},\"primaryImageOfPage\":{\"@id\":\"https:\\\/\\\/www.hingelaegas.ee\\\/en\\\/meist\\\/#primaryimage\"},\"image\":{\"@id\":\"https:\\\/\\\/www.hingelaegas.ee\\\/en\\\/meist\\\/#primaryimage\"},\"thumbnailUrl\":\"https:\\\/\\\/hingelaegas.ee\\\/wp-content\\\/uploads\\\/2020\\\/12\\\/hingelaegas_vaike.png\",\"datePublished\":\"2020-09-03T12:43:44+00:00\",\"dateModified\":\"2021-09-06T07:23:45+00:00\",\"description\":\"Hingelaeka eesm\u00e4rk on veebipoes pakutavate toodete abil aidata inimestel luua enda sees (ja ka \u00fcmber) rohkem tasakaalu ja harmooniat. Olgu selleks kaunid ja naiselikud poolv\u00e4\u00e4riskividest k\u00e4sit\u00f6\u00f6ehted, mahetoorainest kehahooldustooted, eeterlike \u00f5lidega l\u00f5hnastatud k\u00e4sit\u00f6\u00f6k\u00fc\u00fcnlad v\u00f5i teised aroomiteraapilised abivahendid.\",\"breadcrumb\":{\"@id\":\"https:\\\/\\\/www.hingelaegas.ee\\\/en\\\/meist\\\/#breadcrumb\"},\"inLanguage\":\"en-GB\",\"potentialAction\":[{\"@type\":\"ReadAction\",\"target\":[\"https:\\\/\\\/www.hingelaegas.ee\\\/en\\\/meist\\\/\"]}]},{\"@type\":\"ImageObject\",\"inLanguage\":\"en-GB\",\"@id\":\"https:\\\/\\\/www.hingelaegas.ee\\\/en\\\/meist\\\/#primaryimage\",\"url\":\"https:\\\/\\\/hingelaegas.ee\\\/wp-content\\\/uploads\\\/2020\\\/12\\\/hingelaegas_vaike.png\",\"contentUrl\":\"https:\\\/\\\/hingelaegas.ee\\\/wp-content\\\/uploads\\\/2020\\\/12\\\/hingelaegas_vaike.png\"},{\"@type\":\"BreadcrumbList\",\"@id\":\"https:\\\/\\\/www.hingelaegas.ee\\\/en\\\/meist\\\/#breadcrumb\",\"itemListElement\":[{\"@type\":\"ListItem\",\"position\":1,\"name\":\"Home\",\"item\":\"https:\\\/\\\/www.hingelaegas.ee\\\/en\\\/\"},{\"@type\":\"ListItem\",\"position\":2,\"name\":\"Meist\"}]},{\"@type\":\"WebSite\",\"@id\":\"https:\\\/\\\/www.hingelaegas.ee\\\/en\\\/#website\",\"url\":\"https:\\\/\\\/www.hingelaegas.ee\\\/en\\\/\",\"name\":\"Hingelaegas\",\"description\":\"Hingele. Kehale. Vaimule.\",\"publisher\":{\"@id\":\"https:\\\/\\\/www.hingelaegas.ee\\\/en\\\/#organization\"},\"potentialAction\":[{\"@type\":\"SearchAction\",\"target\":{\"@type\":\"EntryPoint\",\"urlTemplate\":\"https:\\\/\\\/www.hingelaegas.ee\\\/en\\\/?s={search_term_string}\"},\"query-input\":{\"@type\":\"PropertyValueSpecification\",\"valueRequired\":true,\"valueName\":\"search_term_string\"}}],\"inLanguage\":\"en-GB\"},{\"@type\":\"Organization\",\"@id\":\"https:\\\/\\\/www.hingelaegas.ee\\\/en\\\/#organization\",\"name\":\"Hingelaegas O\u00dc\",\"url\":\"https:\\\/\\\/www.hingelaegas.ee\\\/en\\\/\",\"logo\":{\"@type\":\"ImageObject\",\"inLanguage\":\"en-GB\",\"@id\":\"https:\\\/\\\/www.hingelaegas.ee\\\/en\\\/#\\\/schema\\\/logo\\\/image\\\/\",\"url\":\"https:\\\/\\\/hingelaegas.ee\\\/wp-content\\\/uploads\\\/2020\\\/12\\\/hingelaegas_vaike.png\",\"contentUrl\":\"https:\\\/\\\/hingelaegas.ee\\\/wp-content\\\/uploads\\\/2020\\\/12\\\/hingelaegas_vaike.png\",\"width\":700,\"height\":700,\"caption\":\"Hingelaegas O\u00dc\"},\"image\":{\"@id\":\"https:\\\/\\\/www.hingelaegas.ee\\\/en\\\/#\\\/schema\\\/logo\\\/image\\\/\"}}]}<\/script>\n<!-- \/ Yoast SEO plugin. -->","yoast_head_json":{"title":"Meist - Hingelaegas","description":"Hingelaeka eesm\u00e4rk on veebipoes pakutavate toodete abil aidata inimestel luua enda sees (ja ka \u00fcmber) rohkem tasakaalu ja harmooniat. Olgu selleks kaunid ja naiselikud poolv\u00e4\u00e4riskividest k\u00e4sit\u00f6\u00f6ehted, mahetoorainest kehahooldustooted, eeterlike \u00f5lidega l\u00f5hnastatud k\u00e4sit\u00f6\u00f6k\u00fc\u00fcnlad v\u00f5i teised aroomiteraapilised abivahendid.","robots":{"index":"index","follow":"follow","max-snippet":"max-snippet:-1","max-image-preview":"max-image-preview:large","max-video-preview":"max-video-preview:-1"},"canonical":"https:\/\/www.hingelaegas.ee\/en\/meist\/","og_locale":"en_GB","og_type":"article","og_title":"Meist - Hingelaegas","og_description":"Hingelaeka eesm\u00e4rk on veebipoes pakutavate toodete abil aidata inimestel luua enda sees (ja ka \u00fcmber) rohkem tasakaalu ja harmooniat. Olgu selleks kaunid ja naiselikud poolv\u00e4\u00e4riskividest k\u00e4sit\u00f6\u00f6ehted, mahetoorainest kehahooldustooted, eeterlike \u00f5lidega l\u00f5hnastatud k\u00e4sit\u00f6\u00f6k\u00fc\u00fcnlad v\u00f5i teised aroomiteraapilised abivahendid.","og_url":"https:\/\/www.hingelaegas.ee\/en\/meist\/","og_site_name":"Hingelaegas","article_modified_time":"2021-09-06T07:23:45+00:00","og_image":[{"url":"https:\/\/hingelaegas.ee\/wp-content\/uploads\/2020\/12\/hingelaegas_vaike.png","type":"","width":"","height":""}],"twitter_card":"summary_large_image","twitter_misc":{"Estimated reading time":"2 minutes"},"schema":{"@context":"https:\/\/schema.org","@graph":[{"@type":"WebPage","@id":"https:\/\/www.hingelaegas.ee\/en\/meist\/","url":"https:\/\/www.hingelaegas.ee\/en\/meist\/","name":"Meist - Hingelaegas","isPartOf":{"@id":"https:\/\/www.hingelaegas.ee\/en\/#website"},"primaryImageOfPage":{"@id":"https:\/\/www.hingelaegas.ee\/en\/meist\/#primaryimage"},"image":{"@id":"https:\/\/www.hingelaegas.ee\/en\/meist\/#primaryimage"},"thumbnailUrl":"https:\/\/hingelaegas.ee\/wp-content\/uploads\/2020\/12\/hingelaegas_vaike.png","datePublished":"2020-09-03T12:43:44+00:00","dateModified":"2021-09-06T07:23:45+00:00","description":"Hingelaeka eesm\u00e4rk on veebipoes pakutavate toodete abil aidata inimestel luua enda sees (ja ka \u00fcmber) rohkem tasakaalu ja harmooniat. Olgu selleks kaunid ja naiselikud poolv\u00e4\u00e4riskividest k\u00e4sit\u00f6\u00f6ehted, mahetoorainest kehahooldustooted, eeterlike \u00f5lidega l\u00f5hnastatud k\u00e4sit\u00f6\u00f6k\u00fc\u00fcnlad v\u00f5i teised aroomiteraapilised abivahendid.","breadcrumb":{"@id":"https:\/\/www.hingelaegas.ee\/en\/meist\/#breadcrumb"},"inLanguage":"en-GB","potentialAction":[{"@type":"ReadAction","target":["https:\/\/www.hingelaegas.ee\/en\/meist\/"]}]},{"@type":"ImageObject","inLanguage":"en-GB","@id":"https:\/\/www.hingelaegas.ee\/en\/meist\/#primaryimage","url":"https:\/\/hingelaegas.ee\/wp-content\/uploads\/2020\/12\/hingelaegas_vaike.png","contentUrl":"https:\/\/hingelaegas.ee\/wp-content\/uploads\/2020\/12\/hingelaegas_vaike.png"},{"@type":"BreadcrumbList","@id":"https:\/\/www.hingelaegas.ee\/en\/meist\/#breadcrumb","itemListElement":[{"@type":"ListItem","position":1,"name":"Home","item":"https:\/\/www.hingelaegas.ee\/en\/"},{"@type":"ListItem","position":2,"name":"Meist"}]},{"@type":"WebSite","@id":"https:\/\/www.hingelaegas.ee\/en\/#website","url":"https:\/\/www.hingelaegas.ee\/en\/","name":"Hingelaegas","description":"For Soul. For Body. For Mind.","publisher":{"@id":"https:\/\/www.hingelaegas.ee\/en\/#organization"},"potentialAction":[{"@type":"SearchAction","target":{"@type":"EntryPoint","urlTemplate":"https:\/\/www.hingelaegas.ee\/en\/?s={search_term_string}"},"query-input":{"@type":"PropertyValueSpecification","valueRequired":true,"valueName":"search_term_string"}}],"inLanguage":"en-GB"},{"@type":"Organization","@id":"https:\/\/www.hingelaegas.ee\/en\/#organization","name":"Hingelaegas O\u00dc","url":"https:\/\/www.hingelaegas.ee\/en\/","logo":{"@type":"ImageObject","inLanguage":"en-GB","@id":"https:\/\/www.hingelaegas.ee\/en\/#\/schema\/logo\/image\/","url":"https:\/\/hingelaegas.ee\/wp-content\/uploads\/2020\/12\/hingelaegas_vaike.png","contentUrl":"https:\/\/hingelaegas.ee\/wp-content\/uploads\/2020\/12\/hingelaegas_vaike.png","width":700,"height":700,"caption":"Hingelaegas O\u00dc"},"image":{"@id":"https:\/\/www.hingelaegas.ee\/en\/#\/schema\/logo\/image\/"}}]}},"acf":[],"jetpack_likes_enabled":false,"jetpack_sharing_enabled":true,"_links":{"self":[{"href":"https:\/\/hingelaegas.ee\/en\/wp-json\/wp\/v2\/pages\/74","targetHints":{"allow":["GET"]}}],"collection":[{"href":"https:\/\/hingelaegas.ee\/en\/wp-json\/wp\/v2\/pages"}],"about":[{"href":"https:\/\/hingelaegas.ee\/en\/wp-json\/wp\/v2\/types\/page"}],"author":[{"embeddable":true,"href":"https:\/\/hingelaegas.ee\/en\/wp-json\/wp\/v2\/users\/1"}],"replies":[{"embeddable":true,"href":"https:\/\/hingelaegas.ee\/en\/wp-json\/wp\/v2\/comments?post=74"}],"version-history":[{"count":5,"href":"https:\/\/hingelaegas.ee\/en\/wp-json\/wp\/v2\/pages\/74\/revisions"}],"predecessor-version":[{"id":3536,"href":"https:\/\/hingelaegas.ee\/en\/wp-json\/wp\/v2\/pages\/74\/revisions\/3536"}],"wp:attachment":[{"href":"https:\/\/hingelaegas.ee\/en\/wp-json\/wp\/v2\/media?parent=74"}],"curies":[{"name":"wp","href":"https:\/\/api.w.org\/{rel}","templated":true}]}}