{"id":767,"date":"2020-09-17T17:14:24","date_gmt":"2020-09-17T15:14:24","guid":{"rendered":"https:\/\/hingelaegas.ee\/?page_id=767"},"modified":"2026-02-01T13:28:42","modified_gmt":"2026-02-01T11:28:42","slug":"kohaletoimetamine","status":"publish","type":"page","link":"https:\/\/hingelaegas.ee\/en\/kohaletoimetamine\/","title":{"rendered":"Shipping information"},"content":{"rendered":"<p><strong><em><span style=\"text-decoration: underline;\">IN ESTONIA<\/span><\/em><\/strong><\/p>\n\n\n\n<p>Orders<strong> \u00fcle 59 euro<\/strong>, we deliver to parcel machines for <strong>FREE!<\/strong><\/p>\n\n\n\n<p>Tellimustele maksumusega alla 59 euro, lisandub transpordi hind vastavalt valitud tarneviisile Eesti piires:<\/p>\n\n\n\n<ul class=\"wp-block-list\">\n<li>SmartPosti pakiautomaat 2,99 eurot<\/li>\n\n\n\n<li>Omniva pakiautomaat 3,6 eurot<\/li>\n\n\n\n<li>SmartPosti kuller 7,5 eurot<\/li>\n<\/ul>\n\n\n\n<p>Tooted postitatakse hiljemalt 1-2 t\u00f6\u00f6p\u00e4eva jooksul peale \u00fclekande laekumist. Toodete puhul, millele on lubatud j\u00e4reltellimused ja mida pole hetkel laos, tuleb arvestada lisa tarneajaga kuni 10 t\u00f6\u00f6p\u00e4eva.<\/p>\n\n\n\n<p>It is possible to pick up the products yourself by prior agreement at the operating address of Hingelaegas O\u00dc - Torni, K\u00e4rkna village, Tartu parish, Tartu county.<\/p>\n\n\n\n<p><\/p>\n\n\n\n<p><span style=\"text-decoration: underline;\"><strong><em>ABROAD (within EU<\/em><\/strong>)<\/span><\/p>\n\n\n\n<ul class=\"wp-block-list\">\n<li><strong>FINLAND<\/strong><\/li>\n<\/ul>\n\n\n\n<p>V\u00f5imalikud tarneviisid:<\/p>\n\n\n\n<ul class=\"wp-block-list\">\n<li>SmartPosti pakiautomaat 11,0 eurot<\/li>\n<\/ul>\n\n\n\n<p>Products will be shipped no later than 1-2 business days after the receipt of the transfer.<\/p>\n\n\n\n<p><\/p>\n\n\n\n<ul class=\"wp-block-list\">\n<li><strong>LATVIA<\/strong><\/li>\n<\/ul>\n\n\n\n<p>V\u00f5imalikud tarneviisid:<\/p>\n\n\n\n<ul class=\"wp-block-list\">\n<li>SmartPosti pakiautomaat 6,8 eurot<\/li>\n\n\n\n<li>Omniva pakiautomaat 8,9 eurot<\/li>\n<\/ul>\n\n\n\n<p>Products will be shipped no later than 1-2 business days after the receipt of the transfer.<\/p>\n\n\n\n<p><\/p>\n\n\n\n<ul class=\"wp-block-list\">\n<li><strong>LITHUANIA<\/strong><\/li>\n<\/ul>\n\n\n\n<p>V\u00f5imalikud tarneviisid:<\/p>\n\n\n\n<ul class=\"wp-block-list\">\n<li>SmartPosti pakiautomaat 8,0 eurot<\/li>\n\n\n\n<li>Omniva pakiautomaat 10,0 eurot<\/li>\n<\/ul>\n\n\n\n<p>Products will be shipped no later than 1-2 business days after the receipt of the transfer.<\/p>\n\n\n\n<p><\/p>\n\n\n\n<ul class=\"wp-block-list\">\n<li><strong>REST OF EUROPE<\/strong><\/li>\n<\/ul>\n\n\n\n<p>By prior agreement, it is also possible to ship parcels to other countries (within the European Union). To do this, please contact us before placing an order&nbsp;<a href=\"mailto:hingelaegas@hingelaegas.ee\" target=\"_blank\" rel=\"noreferrer noopener\">through our e-mail address<\/a>. Shipping price will depend on the size of the parcel and the country of destination.&nbsp;<\/p>\n\n\n\n<p><\/p>","protected":false},"excerpt":{"rendered":"<p>EESTI PIIRES Tellimused maksumusega \u00fcle 59 euro, toimetame pakiautomaatidesse TASUTA! Tellimustele maksumusega alla 59 euro, lisandub transpordi hind vastavalt valitud tarneviisile Eesti piires: Tooted postitatakse hiljemalt 1-2 t\u00f6\u00f6p\u00e4eva jooksul peale \u00fclekande laekumist. Toodete puhul, millele on lubatud j\u00e4reltellimused ja mida pole hetkel laos, tuleb arvestada lisa tarneajaga kuni 10 t\u00f6\u00f6p\u00e4eva. Toodetele on v\u00f5imalik eelneval kokkuleppel ka ise j\u00e4rele tulla Hingelaegas O\u00dc tegutsemisaadressil Torni, K\u00e4rkna k\u00fcla, Tartu vald, Tartumaa. V\u00c4LISMAALE (EL piires) V\u00f5imalikud tarneviisid: Tooted postitatakse hiljemalt 1-2 t\u00f6\u00f6p\u00e4eva jooksul peale \u00fclekande laekumist. V\u00f5imalikud tarneviisid: Tooted postitatakse hiljemalt 1-2 t\u00f6\u00f6p\u00e4eva jooksul peale \u00fclekande laekumist. V\u00f5imalikud tarneviisid: Tooted postitatakse hiljemalt 1-2 t\u00f6\u00f6p\u00e4eva jooksul peale \u00fclekande laekumist. Eelneval kokkuleppel on v\u00f5imalik saata pakke ka teistesse riikidesse (Euroopa Liidu piires). Selleks palume enne tellimuse vormistamist v\u00f5tta meiega \u00fchendust&nbsp;e-posti aadressil. Transporditasu vastavalt paki suurusele ja sihtkohariigile.&nbsp;<\/p>","protected":false},"author":2,"featured_media":0,"parent":0,"menu_order":0,"comment_status":"closed","ping_status":"closed","template":"","meta":{"_monsterinsights_skip_tracking":false,"_monsterinsights_sitenote_active":false,"_monsterinsights_sitenote_note":"","_monsterinsights_sitenote_category":0,"footnotes":""},"class_list":["post-767","page","type-page","status-publish","hentry"],"yoast_head":"<!-- This site is optimized with the Yoast SEO plugin v27.3 - https:\/\/yoast.com\/product\/yoast-seo-wordpress\/ -->\n<title>Kohaletoimetamine - Hingelaegas<\/title>\n<meta name=\"description\" content=\"Hingelaegas O\u00dc v\u00f5imaldab pakkide kohaletoimetamist SmartPosti ja Omniva pakiautomaatidesse ning samuti SmartPosti kullerteenusega.\" \/>\n<meta name=\"robots\" content=\"index, follow, max-snippet:-1, max-image-preview:large, max-video-preview:-1\" \/>\n<link rel=\"canonical\" href=\"https:\/\/hingelaegas.ee\/en\/kohaletoimetamine\/\" \/>\n<meta property=\"og:locale\" content=\"en_GB\" \/>\n<meta property=\"og:type\" content=\"article\" \/>\n<meta property=\"og:title\" content=\"Kohaletoimetamine - Hingelaegas\" \/>\n<meta property=\"og:description\" content=\"Hingelaegas O\u00dc v\u00f5imaldab pakkide kohaletoimetamist SmartPosti ja Omniva pakiautomaatidesse ning samuti SmartPosti kullerteenusega.\" \/>\n<meta property=\"og:url\" content=\"https:\/\/hingelaegas.ee\/en\/kohaletoimetamine\/\" \/>\n<meta property=\"og:site_name\" content=\"Hingelaegas\" \/>\n<meta property=\"article:modified_time\" content=\"2026-02-01T11:28:42+00:00\" \/>\n<meta name=\"twitter:card\" content=\"summary_large_image\" \/>\n<meta name=\"twitter:label1\" content=\"Estimated reading time\" \/>\n\t<meta name=\"twitter:data1\" content=\"1 minute\" \/>\n<script type=\"application\/ld+json\" class=\"yoast-schema-graph\">{\"@context\":\"https:\\\/\\\/schema.org\",\"@graph\":[{\"@type\":\"WebPage\",\"@id\":\"https:\\\/\\\/hingelaegas.ee\\\/en\\\/kohaletoimetamine\\\/\",\"url\":\"https:\\\/\\\/hingelaegas.ee\\\/en\\\/kohaletoimetamine\\\/\",\"name\":\"Kohaletoimetamine - Hingelaegas\",\"isPartOf\":{\"@id\":\"https:\\\/\\\/www.hingelaegas.ee\\\/en\\\/#website\"},\"datePublished\":\"2020-09-17T15:14:24+00:00\",\"dateModified\":\"2026-02-01T11:28:42+00:00\",\"description\":\"Hingelaegas O\u00dc v\u00f5imaldab pakkide kohaletoimetamist SmartPosti ja Omniva pakiautomaatidesse ning samuti SmartPosti kullerteenusega.\",\"breadcrumb\":{\"@id\":\"https:\\\/\\\/hingelaegas.ee\\\/en\\\/kohaletoimetamine\\\/#breadcrumb\"},\"inLanguage\":\"en-GB\",\"potentialAction\":[{\"@type\":\"ReadAction\",\"target\":[\"https:\\\/\\\/hingelaegas.ee\\\/en\\\/kohaletoimetamine\\\/\"]}]},{\"@type\":\"BreadcrumbList\",\"@id\":\"https:\\\/\\\/hingelaegas.ee\\\/en\\\/kohaletoimetamine\\\/#breadcrumb\",\"itemListElement\":[{\"@type\":\"ListItem\",\"position\":1,\"name\":\"Home\",\"item\":\"https:\\\/\\\/www.hingelaegas.ee\\\/en\\\/\"},{\"@type\":\"ListItem\",\"position\":2,\"name\":\"Kohaletoimetamine\"}]},{\"@type\":\"WebSite\",\"@id\":\"https:\\\/\\\/www.hingelaegas.ee\\\/en\\\/#website\",\"url\":\"https:\\\/\\\/www.hingelaegas.ee\\\/en\\\/\",\"name\":\"Hingelaegas\",\"description\":\"Hingele. Kehale. Vaimule.\",\"publisher\":{\"@id\":\"https:\\\/\\\/www.hingelaegas.ee\\\/en\\\/#organization\"},\"potentialAction\":[{\"@type\":\"SearchAction\",\"target\":{\"@type\":\"EntryPoint\",\"urlTemplate\":\"https:\\\/\\\/www.hingelaegas.ee\\\/en\\\/?s={search_term_string}\"},\"query-input\":{\"@type\":\"PropertyValueSpecification\",\"valueRequired\":true,\"valueName\":\"search_term_string\"}}],\"inLanguage\":\"en-GB\"},{\"@type\":\"Organization\",\"@id\":\"https:\\\/\\\/www.hingelaegas.ee\\\/en\\\/#organization\",\"name\":\"Hingelaegas O\u00dc\",\"url\":\"https:\\\/\\\/www.hingelaegas.ee\\\/en\\\/\",\"logo\":{\"@type\":\"ImageObject\",\"inLanguage\":\"en-GB\",\"@id\":\"https:\\\/\\\/www.hingelaegas.ee\\\/en\\\/#\\\/schema\\\/logo\\\/image\\\/\",\"url\":\"https:\\\/\\\/hingelaegas.ee\\\/wp-content\\\/uploads\\\/2020\\\/12\\\/hingelaegas_vaike.png\",\"contentUrl\":\"https:\\\/\\\/hingelaegas.ee\\\/wp-content\\\/uploads\\\/2020\\\/12\\\/hingelaegas_vaike.png\",\"width\":700,\"height\":700,\"caption\":\"Hingelaegas O\u00dc\"},\"image\":{\"@id\":\"https:\\\/\\\/www.hingelaegas.ee\\\/en\\\/#\\\/schema\\\/logo\\\/image\\\/\"}}]}<\/script>\n<!-- \/ Yoast SEO plugin. -->","yoast_head_json":{"title":"Kohaletoimetamine - Hingelaegas","description":"Hingelaegas O\u00dc v\u00f5imaldab pakkide kohaletoimetamist SmartPosti ja Omniva pakiautomaatidesse ning samuti SmartPosti kullerteenusega.","robots":{"index":"index","follow":"follow","max-snippet":"max-snippet:-1","max-image-preview":"max-image-preview:large","max-video-preview":"max-video-preview:-1"},"canonical":"https:\/\/hingelaegas.ee\/en\/kohaletoimetamine\/","og_locale":"en_GB","og_type":"article","og_title":"Kohaletoimetamine - Hingelaegas","og_description":"Hingelaegas O\u00dc v\u00f5imaldab pakkide kohaletoimetamist SmartPosti ja Omniva pakiautomaatidesse ning samuti SmartPosti kullerteenusega.","og_url":"https:\/\/hingelaegas.ee\/en\/kohaletoimetamine\/","og_site_name":"Hingelaegas","article_modified_time":"2026-02-01T11:28:42+00:00","twitter_card":"summary_large_image","twitter_misc":{"Estimated reading time":"1 minute"},"schema":{"@context":"https:\/\/schema.org","@graph":[{"@type":"WebPage","@id":"https:\/\/hingelaegas.ee\/en\/kohaletoimetamine\/","url":"https:\/\/hingelaegas.ee\/en\/kohaletoimetamine\/","name":"Kohaletoimetamine - Hingelaegas","isPartOf":{"@id":"https:\/\/www.hingelaegas.ee\/en\/#website"},"datePublished":"2020-09-17T15:14:24+00:00","dateModified":"2026-02-01T11:28:42+00:00","description":"Hingelaegas O\u00dc v\u00f5imaldab pakkide kohaletoimetamist SmartPosti ja Omniva pakiautomaatidesse ning samuti SmartPosti kullerteenusega.","breadcrumb":{"@id":"https:\/\/hingelaegas.ee\/en\/kohaletoimetamine\/#breadcrumb"},"inLanguage":"en-GB","potentialAction":[{"@type":"ReadAction","target":["https:\/\/hingelaegas.ee\/en\/kohaletoimetamine\/"]}]},{"@type":"BreadcrumbList","@id":"https:\/\/hingelaegas.ee\/en\/kohaletoimetamine\/#breadcrumb","itemListElement":[{"@type":"ListItem","position":1,"name":"Home","item":"https:\/\/www.hingelaegas.ee\/en\/"},{"@type":"ListItem","position":2,"name":"Kohaletoimetamine"}]},{"@type":"WebSite","@id":"https:\/\/www.hingelaegas.ee\/en\/#website","url":"https:\/\/www.hingelaegas.ee\/en\/","name":"Hingelaegas","description":"For Soul. For Body. For Mind.","publisher":{"@id":"https:\/\/www.hingelaegas.ee\/en\/#organization"},"potentialAction":[{"@type":"SearchAction","target":{"@type":"EntryPoint","urlTemplate":"https:\/\/www.hingelaegas.ee\/en\/?s={search_term_string}"},"query-input":{"@type":"PropertyValueSpecification","valueRequired":true,"valueName":"search_term_string"}}],"inLanguage":"en-GB"},{"@type":"Organization","@id":"https:\/\/www.hingelaegas.ee\/en\/#organization","name":"Hingelaegas O\u00dc","url":"https:\/\/www.hingelaegas.ee\/en\/","logo":{"@type":"ImageObject","inLanguage":"en-GB","@id":"https:\/\/www.hingelaegas.ee\/en\/#\/schema\/logo\/image\/","url":"https:\/\/hingelaegas.ee\/wp-content\/uploads\/2020\/12\/hingelaegas_vaike.png","contentUrl":"https:\/\/hingelaegas.ee\/wp-content\/uploads\/2020\/12\/hingelaegas_vaike.png","width":700,"height":700,"caption":"Hingelaegas O\u00dc"},"image":{"@id":"https:\/\/www.hingelaegas.ee\/en\/#\/schema\/logo\/image\/"}}]}},"acf":[],"jetpack_likes_enabled":false,"jetpack_sharing_enabled":true,"_links":{"self":[{"href":"https:\/\/hingelaegas.ee\/en\/wp-json\/wp\/v2\/pages\/767","targetHints":{"allow":["GET"]}}],"collection":[{"href":"https:\/\/hingelaegas.ee\/en\/wp-json\/wp\/v2\/pages"}],"about":[{"href":"https:\/\/hingelaegas.ee\/en\/wp-json\/wp\/v2\/types\/page"}],"author":[{"embeddable":true,"href":"https:\/\/hingelaegas.ee\/en\/wp-json\/wp\/v2\/users\/2"}],"replies":[{"embeddable":true,"href":"https:\/\/hingelaegas.ee\/en\/wp-json\/wp\/v2\/comments?post=767"}],"version-history":[{"count":5,"href":"https:\/\/hingelaegas.ee\/en\/wp-json\/wp\/v2\/pages\/767\/revisions"}],"predecessor-version":[{"id":7903,"href":"https:\/\/hingelaegas.ee\/en\/wp-json\/wp\/v2\/pages\/767\/revisions\/7903"}],"wp:attachment":[{"href":"https:\/\/hingelaegas.ee\/en\/wp-json\/wp\/v2\/media?parent=767"}],"curies":[{"name":"wp","href":"https:\/\/api.w.org\/{rel}","templated":true}]}}