{"id":1097,"date":"2021-03-12T11:31:46","date_gmt":"2021-03-12T09:31:46","guid":{"rendered":"https:\/\/hingelaegas.ee\/?post_type=product&#038;p=1097"},"modified":"2026-03-04T10:58:41","modified_gmt":"2026-03-04T08:58:41","slug":"muskaatsalvei-eeterlik-oli","status":"publish","type":"product","link":"https:\/\/hingelaegas.ee\/en\/product\/muskaatsalvei-eeterlik-oli\/","title":{"rendered":"Clary Sage essential oil"},"content":{"rendered":"<h1>Clary Sage<\/h1>\n<h4><strong>Origin and background<\/strong><\/h4>\n<p>Clary sage essential oil is extracted from the plant <em>Salvia sclarea <\/em>by steam distillation of leaves and flower tips. Like most sage plants, because their name comes from a Latin word\u00a0<em>salvia<\/em>, which means salvation or healing, this plant has been used and is still used in various healing cases.<\/p>\n<p>Clary sage has been used since the Middle Ages for its astringent, anticonvulsant, and bloating properties. It has been widely used for a variety of \"gynecological diseases\", such as menstrual cramps, to relieve severe pain of periods, to delay periods, and even to treat hot flashes during menopause. Among midwives, it was used to induce labor and increase uterine contractions during childbirth. Tea made from clary sage leaves was used to relieve gastrointestinal and kidney diseases, prevent oral infections, and wash eyes.<\/p>\n<h4><strong>Properties<\/strong><\/h4>\n<h5>Aromatic properties<\/h5>\n<p>Due to its pleasant aroma, clary sage essential oil is widely used in perfumes, as well as in soaps and skin care products. Due to its muscat taste, it is also used in seasoning vermouths, wines, and liqueurs.<\/p>\n<p>This oil has a calming effect that promotes relaxation and creates clarity and serenity. At the same time, it relieves dizziness, anxiety, and irritability. As a bonus, it stimulates libido in both men and women.<\/p>\n<p>This oil has many different healing properties, helping to relieve respiratory ailments when inhaled and to balance and alleviate a variety of emotional and mental problems.<\/p>\n<p>Helps remove chakra blockages, supports and strengthens and balances chakras. Clary sage is especially suitable for balancing and supporting the sacral chakra and the third eye chakra.<\/p>\n<h5>Healing properties<\/h5>\n<p>Clary sage leaves and flowers are used to make medicinal teas. The medical indications for consuming this tea are relief of anxiety, various menstrual disorders, muscle pain, insomnia, and kidney and digestive problems.<\/p>\n<p>Clary sage essential oil helps with topical use for various digestive problems and ailments of women. This essential oil is also called as \"Women's Oil\", as it helps relieve menstrual cramps, painful menstruation, reduce blood flow during the periods, and relieve pain during labour.<\/p>\n<p>Clary sage has antidepressant, anti-stress, antibacterial, and anti-inflammatory properties.<\/p>\n<p>It helps promote digestion, reduces bloating, indigestion, and colic.<\/p>\n<p>Improves blood circulation, helps with high blood pressure, and relieves stress and exhaustion. Relieves muscle pain.<\/p>\n<p>Clary sage essential oil helps with various skin problems - treats skin inflammation and acne, and provides relief for dry and aging skin. It is recommended to add a few drops of essential oil to your neutral skin care products or liquid soap. Also helps with coughs and asthma, and even treats sore throats.<\/p>\n<h4><strong>Recommended uses<\/strong><\/h4>\n<p><span style=\"text-decoration: underline;\">Topical<\/span><\/p>\n<div id=\"pageBodyContent\">\n<div class=\"pagewrapper\">\n<div class=\"pagemain\">\n<div class=\"pagecontent web-content\">\n<div class=\"content-container\">\n<section id=\"s3\" class=\"product-content-section c50 closed\">\n<div class=\"product-content-container c50\">\n<div class=\"product-content c50 child-spacing\">\n<div class=\"list-block c83\">\n<ul class=\"c83\">\n<li class=\"c83\">It is recommended to use essential oils and their blend in a diluted form. Especially for sensitive and gentle skin. This means adding a small amount of water or carrier oil before applying it to the skin. The blend can be placed, for example, in a roll-on bottle that is convenient to carry along and can be used at any convenient time.<\/li>\n<li class=\"c83\">Can also be added to a neutral unscented cream, lotion, or liquid soap to achieve radiant and healthy skin.<\/li>\n<\/ul>\n<\/div>\n<div class=\"list-block c83\">\n<div class=\"heading c83\"><u>Aromatic<\/u><\/div>\n<\/div>\n<div class=\"list-block c83\">\n<ul class=\"c83\">\n<li class=\"c83\">Can be used in an aroma diffuser both at home or in the office to create a pleasant and cozy atmosphere that relaxes the senses and creates a pleasant aroma around you.<\/li>\n<li>It can also be added to an oil burner. Don't forget to add water to the oil burner and then drip in the essential oil! Pure essential oil is too strong and has a faint odor.<\/li>\n<li>Can be added to hot bath water and enjoy an aromatic mini-vacation in the middle of everyday life or at the end of a busy week.<\/li>\n<li class=\"c83\">Combine it with other compatible oils (see recommendations below) in a diffuser or bath water.<\/li>\n<li>Can be diluted in the spray bottle with water and spray it at home, in the office, or just to refresh your bed linen.<\/li>\n<\/ul>\n<\/div>\n<\/div>\n<\/div>\n<\/section>\n<\/div>\n<\/div>\n<\/div>\n<\/div>\n<\/div>\n<div id=\"pageBodyContent\">\n<div class=\"pagewrapper\">\n<div class=\"pagemain\">\n<div class=\"pagecontent web-content\">\n<div class=\"content-container\">\n<section id=\"s3\" class=\"product-content-section c50 closed\">\n<div class=\"product-content-container c50\">\n<div class=\"product-content c50 child-spacing\">\n<h4 class=\"text-block c82\"><strong>Compatibility with other essential oils<\/strong><\/h4>\n<div>\n<p>Citrus, floral, herbal, and woody essential oils. Bergamot, lime, juniper, cypress, cedarwood, pine, lavender, sandalwood, patchouli, geranium, frankincense, rose, chamomile.<\/p>\n<p>&nbsp;<\/p>\n<\/div>\n<p>You can read more about aromatherapy and essential oils from <a href=\"https:\/\/hingelaegas.ee\/blogi\/aroomiteraapia-ja-eeterlike-olide-kasulikud-omadused-ning-kasutamine\/\"><strong>here<\/strong><\/a>.<\/p>\n<div>\n<p>&nbsp;<\/p>\n<\/div>\n<\/div>\n<\/div>\n<\/section>\n<section id=\"s4\" class=\"product-content-section c50 closed\">\n<div class=\"product-content-container c50\">\n<h2 class=\"heading c50\"><em style=\"font-size: 16px;\">Caution!<\/em><\/h2>\n<ul>\n<li>Keep out of reach of children.<\/li>\n<li>For external use only.<\/li>\n<li>Avoid contact with eyes or mucous membranes.<\/li>\n<li>In case of pregnancy, breast-feeding, taking medication or any other medical condition, consult your doctor before use.<\/li>\n<li>The information on essential oils on Hingelaegas website comes from public sources. The information given does not constitute health advice and references to the properties and effects of the oils are based on aromatherapy and folk medicine. Therefore, Hingelaegas O\u00dc cannot be held responsible for the accuracy of the information. The use of essential oils is the responsibility of each person individually.<\/li>\n<\/ul>\n<\/div>\n<\/section>\n<\/div>\n<\/div>\n<\/div>\n<\/div>\n<\/div>","protected":false},"excerpt":{"rendered":"<p><strong>Ingredients<\/strong><\/p>\n<p>100% pure clary sage (<em>Salvia sclarea<\/em>) essential oil<\/p>\n<p><strong>Used plant parts<\/strong><\/p>\n<p>Leaves, floral tips<\/p>\n<p><strong>Extraction method<\/strong><\/p>\n<p>Steam distillation<\/p>\n<p><strong>Country of origin<\/strong><\/p>\n<p>France<\/p>\n<p><strong>Aroma<\/strong><\/p>\n<p>Herbaceous, earthy, sweet, floral, slightly fruity<\/p>","protected":false},"featured_media":6003,"comment_status":"open","ping_status":"closed","template":"","meta":{"_monsterinsights_skip_tracking":false,"_monsterinsights_sitenote_active":false,"_monsterinsights_sitenote_note":"","_monsterinsights_sitenote_category":0},"product_brand":[],"product_cat":[102],"product_tag":[138,267,474,476],"class_list":{"0":"post-1097","1":"product","2":"type-product","3":"status-publish","4":"has-post-thumbnail","6":"product_cat-eeterlikud-olid","7":"product_tag-aroomiteraapia","8":"product_tag-eeterlikud-olid","9":"product_tag-lillelised-olid","10":"product_tag-urdised-olid","12":"first","13":"outofstock","14":"taxable","15":"shipping-taxable","16":"purchasable","17":"product-type-variable"},"yoast_head":"<!-- This site is optimized with the Yoast SEO plugin v27.3 - https:\/\/yoast.com\/product\/yoast-seo-wordpress\/ -->\n<title>Muskaatsalvei eeterlik \u00f5li - Hingelaegas<\/title>\n<meta name=\"description\" content=\"Muskaatsalvei eeterlikul \u00f5lil omab rahustav toime, mis soodustab l\u00f5dvestumist ning loob selgust ja rahulikkust. Samal ajal leevendab ka pearinglust, \u00e4revust ja \u00e4rrituvust. Samuti stimuleerib see libiidot nii meestel kui naistel.\" \/>\n<meta name=\"robots\" content=\"index, follow, max-snippet:-1, max-image-preview:large, max-video-preview:-1\" \/>\n<link rel=\"canonical\" href=\"https:\/\/www.hingelaegas.ee\/en\/product\/muskaatsalvei-eeterlik-oli\/\" \/>\n<meta property=\"og:locale\" content=\"en_GB\" \/>\n<meta property=\"og:type\" content=\"article\" \/>\n<meta property=\"og:title\" content=\"Muskaatsalvei eeterlik \u00f5li - Hingelaegas\" \/>\n<meta property=\"og:description\" content=\"Muskaatsalvei eeterlikul \u00f5lil omab rahustav toime, mis soodustab l\u00f5dvestumist ning loob selgust ja rahulikkust. Samal ajal leevendab ka pearinglust, \u00e4revust ja \u00e4rrituvust. Samuti stimuleerib see libiidot nii meestel kui naistel.\" \/>\n<meta property=\"og:url\" content=\"https:\/\/www.hingelaegas.ee\/en\/product\/muskaatsalvei-eeterlik-oli\/\" \/>\n<meta property=\"og:site_name\" content=\"Hingelaegas\" \/>\n<meta property=\"article:modified_time\" content=\"2026-03-04T08:58:41+00:00\" \/>\n<meta property=\"og:image\" content=\"https:\/\/i0.wp.com\/www.hingelaegas.ee\/wp-content\/uploads\/2021\/03\/muskaatsalvei-EO.png?fit=800%2C800&ssl=1\" \/>\n\t<meta property=\"og:image:width\" content=\"800\" \/>\n\t<meta property=\"og:image:height\" content=\"800\" \/>\n\t<meta property=\"og:image:type\" content=\"image\/png\" \/>\n<meta name=\"twitter:card\" content=\"summary_large_image\" \/>\n<meta name=\"twitter:label1\" content=\"Estimated reading time\" \/>\n\t<meta name=\"twitter:data1\" content=\"4 minutes\" \/>\n<script type=\"application\/ld+json\" class=\"yoast-schema-graph\">{\"@context\":\"https:\\\/\\\/schema.org\",\"@graph\":[{\"@type\":\"WebPage\",\"@id\":\"https:\\\/\\\/www.hingelaegas.ee\\\/en\\\/product\\\/muskaatsalvei-eeterlik-oli\\\/\",\"url\":\"https:\\\/\\\/www.hingelaegas.ee\\\/en\\\/product\\\/muskaatsalvei-eeterlik-oli\\\/\",\"name\":\"Muskaatsalvei eeterlik \u00f5li - Hingelaegas\",\"isPartOf\":{\"@id\":\"https:\\\/\\\/www.hingelaegas.ee\\\/#website\"},\"primaryImageOfPage\":{\"@id\":\"https:\\\/\\\/www.hingelaegas.ee\\\/en\\\/product\\\/muskaatsalvei-eeterlik-oli\\\/#primaryimage\"},\"image\":{\"@id\":\"https:\\\/\\\/www.hingelaegas.ee\\\/en\\\/product\\\/muskaatsalvei-eeterlik-oli\\\/#primaryimage\"},\"thumbnailUrl\":\"https:\\\/\\\/i0.wp.com\\\/www.hingelaegas.ee\\\/wp-content\\\/uploads\\\/2021\\\/03\\\/muskaatsalvei-EO.png?fit=800%2C800&ssl=1\",\"datePublished\":\"2021-03-12T09:31:46+00:00\",\"dateModified\":\"2026-03-04T08:58:41+00:00\",\"description\":\"Muskaatsalvei eeterlikul \u00f5lil omab rahustav toime, mis soodustab l\u00f5dvestumist ning loob selgust ja rahulikkust. Samal ajal leevendab ka pearinglust, \u00e4revust ja \u00e4rrituvust. Samuti stimuleerib see libiidot nii meestel kui naistel.\",\"breadcrumb\":{\"@id\":\"https:\\\/\\\/www.hingelaegas.ee\\\/en\\\/product\\\/muskaatsalvei-eeterlik-oli\\\/#breadcrumb\"},\"inLanguage\":\"en-GB\",\"potentialAction\":[{\"@type\":\"ReadAction\",\"target\":[\"https:\\\/\\\/www.hingelaegas.ee\\\/en\\\/product\\\/muskaatsalvei-eeterlik-oli\\\/\"]}]},{\"@type\":\"ImageObject\",\"inLanguage\":\"en-GB\",\"@id\":\"https:\\\/\\\/www.hingelaegas.ee\\\/en\\\/product\\\/muskaatsalvei-eeterlik-oli\\\/#primaryimage\",\"url\":\"https:\\\/\\\/i0.wp.com\\\/www.hingelaegas.ee\\\/wp-content\\\/uploads\\\/2021\\\/03\\\/muskaatsalvei-EO.png?fit=800%2C800&ssl=1\",\"contentUrl\":\"https:\\\/\\\/i0.wp.com\\\/www.hingelaegas.ee\\\/wp-content\\\/uploads\\\/2021\\\/03\\\/muskaatsalvei-EO.png?fit=800%2C800&ssl=1\",\"width\":800,\"height\":800},{\"@type\":\"BreadcrumbList\",\"@id\":\"https:\\\/\\\/www.hingelaegas.ee\\\/en\\\/product\\\/muskaatsalvei-eeterlik-oli\\\/#breadcrumb\",\"itemListElement\":[{\"@type\":\"ListItem\",\"position\":1,\"name\":\"Home\",\"item\":\"https:\\\/\\\/www.hingelaegas.ee\\\/\"},{\"@type\":\"ListItem\",\"position\":2,\"name\":\"E-POOD\",\"item\":\"https:\\\/\\\/www.hingelaegas.ee\\\/e-pood\\\/\"},{\"@type\":\"ListItem\",\"position\":3,\"name\":\"Muskaatsalvei eeterlik \u00f5li\"}]},{\"@type\":\"WebSite\",\"@id\":\"https:\\\/\\\/www.hingelaegas.ee\\\/#website\",\"url\":\"https:\\\/\\\/www.hingelaegas.ee\\\/\",\"name\":\"Hingelaegas\",\"description\":\"Hingele. Kehale. Vaimule.\",\"publisher\":{\"@id\":\"https:\\\/\\\/www.hingelaegas.ee\\\/#organization\"},\"potentialAction\":[{\"@type\":\"SearchAction\",\"target\":{\"@type\":\"EntryPoint\",\"urlTemplate\":\"https:\\\/\\\/www.hingelaegas.ee\\\/?s={search_term_string}\"},\"query-input\":{\"@type\":\"PropertyValueSpecification\",\"valueRequired\":true,\"valueName\":\"search_term_string\"}}],\"inLanguage\":\"en-GB\"},{\"@type\":\"Organization\",\"@id\":\"https:\\\/\\\/www.hingelaegas.ee\\\/#organization\",\"name\":\"Hingelaegas O\u00dc\",\"url\":\"https:\\\/\\\/www.hingelaegas.ee\\\/\",\"logo\":{\"@type\":\"ImageObject\",\"inLanguage\":\"en-GB\",\"@id\":\"https:\\\/\\\/www.hingelaegas.ee\\\/#\\\/schema\\\/logo\\\/image\\\/\",\"url\":\"https:\\\/\\\/hingelaegas.ee\\\/wp-content\\\/uploads\\\/2020\\\/12\\\/hingelaegas_vaike.png\",\"contentUrl\":\"https:\\\/\\\/hingelaegas.ee\\\/wp-content\\\/uploads\\\/2020\\\/12\\\/hingelaegas_vaike.png\",\"width\":700,\"height\":700,\"caption\":\"Hingelaegas O\u00dc\"},\"image\":{\"@id\":\"https:\\\/\\\/www.hingelaegas.ee\\\/#\\\/schema\\\/logo\\\/image\\\/\"}}]}<\/script>\n<!-- \/ Yoast SEO plugin. -->","yoast_head_json":{"title":"Muskaatsalvei eeterlik \u00f5li - Hingelaegas","description":"Muskaatsalvei eeterlikul \u00f5lil omab rahustav toime, mis soodustab l\u00f5dvestumist ning loob selgust ja rahulikkust. Samal ajal leevendab ka pearinglust, \u00e4revust ja \u00e4rrituvust. Samuti stimuleerib see libiidot nii meestel kui naistel.","robots":{"index":"index","follow":"follow","max-snippet":"max-snippet:-1","max-image-preview":"max-image-preview:large","max-video-preview":"max-video-preview:-1"},"canonical":"https:\/\/www.hingelaegas.ee\/en\/product\/muskaatsalvei-eeterlik-oli\/","og_locale":"en_GB","og_type":"article","og_title":"Muskaatsalvei eeterlik \u00f5li - Hingelaegas","og_description":"Muskaatsalvei eeterlikul \u00f5lil omab rahustav toime, mis soodustab l\u00f5dvestumist ning loob selgust ja rahulikkust. Samal ajal leevendab ka pearinglust, \u00e4revust ja \u00e4rrituvust. Samuti stimuleerib see libiidot nii meestel kui naistel.","og_url":"https:\/\/www.hingelaegas.ee\/en\/product\/muskaatsalvei-eeterlik-oli\/","og_site_name":"Hingelaegas","article_modified_time":"2026-03-04T08:58:41+00:00","og_image":[{"width":800,"height":800,"url":"https:\/\/i0.wp.com\/www.hingelaegas.ee\/wp-content\/uploads\/2021\/03\/muskaatsalvei-EO.png?fit=800%2C800&ssl=1","type":"image\/png"}],"twitter_card":"summary_large_image","twitter_misc":{"Estimated reading time":"4 minutes"},"schema":{"@context":"https:\/\/schema.org","@graph":[{"@type":"WebPage","@id":"https:\/\/www.hingelaegas.ee\/en\/product\/muskaatsalvei-eeterlik-oli\/","url":"https:\/\/www.hingelaegas.ee\/en\/product\/muskaatsalvei-eeterlik-oli\/","name":"Muskaatsalvei eeterlik \u00f5li - Hingelaegas","isPartOf":{"@id":"https:\/\/www.hingelaegas.ee\/#website"},"primaryImageOfPage":{"@id":"https:\/\/www.hingelaegas.ee\/en\/product\/muskaatsalvei-eeterlik-oli\/#primaryimage"},"image":{"@id":"https:\/\/www.hingelaegas.ee\/en\/product\/muskaatsalvei-eeterlik-oli\/#primaryimage"},"thumbnailUrl":"https:\/\/i0.wp.com\/www.hingelaegas.ee\/wp-content\/uploads\/2021\/03\/muskaatsalvei-EO.png?fit=800%2C800&ssl=1","datePublished":"2021-03-12T09:31:46+00:00","dateModified":"2026-03-04T08:58:41+00:00","description":"Muskaatsalvei eeterlikul \u00f5lil omab rahustav toime, mis soodustab l\u00f5dvestumist ning loob selgust ja rahulikkust. Samal ajal leevendab ka pearinglust, \u00e4revust ja \u00e4rrituvust. Samuti stimuleerib see libiidot nii meestel kui naistel.","breadcrumb":{"@id":"https:\/\/www.hingelaegas.ee\/en\/product\/muskaatsalvei-eeterlik-oli\/#breadcrumb"},"inLanguage":"en-GB","potentialAction":[{"@type":"ReadAction","target":["https:\/\/www.hingelaegas.ee\/en\/product\/muskaatsalvei-eeterlik-oli\/"]}]},{"@type":"ImageObject","inLanguage":"en-GB","@id":"https:\/\/www.hingelaegas.ee\/en\/product\/muskaatsalvei-eeterlik-oli\/#primaryimage","url":"https:\/\/i0.wp.com\/www.hingelaegas.ee\/wp-content\/uploads\/2021\/03\/muskaatsalvei-EO.png?fit=800%2C800&ssl=1","contentUrl":"https:\/\/i0.wp.com\/www.hingelaegas.ee\/wp-content\/uploads\/2021\/03\/muskaatsalvei-EO.png?fit=800%2C800&ssl=1","width":800,"height":800},{"@type":"BreadcrumbList","@id":"https:\/\/www.hingelaegas.ee\/en\/product\/muskaatsalvei-eeterlik-oli\/#breadcrumb","itemListElement":[{"@type":"ListItem","position":1,"name":"Home","item":"https:\/\/www.hingelaegas.ee\/"},{"@type":"ListItem","position":2,"name":"E-POOD","item":"https:\/\/www.hingelaegas.ee\/e-pood\/"},{"@type":"ListItem","position":3,"name":"Muskaatsalvei eeterlik \u00f5li"}]},{"@type":"WebSite","@id":"https:\/\/www.hingelaegas.ee\/#website","url":"https:\/\/www.hingelaegas.ee\/","name":"Hingelaegas","description":"For Soul. For Body. For Mind.","publisher":{"@id":"https:\/\/www.hingelaegas.ee\/#organization"},"potentialAction":[{"@type":"SearchAction","target":{"@type":"EntryPoint","urlTemplate":"https:\/\/www.hingelaegas.ee\/?s={search_term_string}"},"query-input":{"@type":"PropertyValueSpecification","valueRequired":true,"valueName":"search_term_string"}}],"inLanguage":"en-GB"},{"@type":"Organization","@id":"https:\/\/www.hingelaegas.ee\/#organization","name":"Hingelaegas O\u00dc","url":"https:\/\/www.hingelaegas.ee\/","logo":{"@type":"ImageObject","inLanguage":"en-GB","@id":"https:\/\/www.hingelaegas.ee\/#\/schema\/logo\/image\/","url":"https:\/\/hingelaegas.ee\/wp-content\/uploads\/2020\/12\/hingelaegas_vaike.png","contentUrl":"https:\/\/hingelaegas.ee\/wp-content\/uploads\/2020\/12\/hingelaegas_vaike.png","width":700,"height":700,"caption":"Hingelaegas O\u00dc"},"image":{"@id":"https:\/\/www.hingelaegas.ee\/#\/schema\/logo\/image\/"}}]}},"acf":[],"jetpack_likes_enabled":false,"jetpack_sharing_enabled":true,"_links":{"self":[{"href":"https:\/\/hingelaegas.ee\/en\/wp-json\/wp\/v2\/product\/1097","targetHints":{"allow":["GET"]}}],"collection":[{"href":"https:\/\/hingelaegas.ee\/en\/wp-json\/wp\/v2\/product"}],"about":[{"href":"https:\/\/hingelaegas.ee\/en\/wp-json\/wp\/v2\/types\/product"}],"replies":[{"embeddable":true,"href":"https:\/\/hingelaegas.ee\/en\/wp-json\/wp\/v2\/comments?post=1097"}],"wp:featuredmedia":[{"embeddable":true,"href":"https:\/\/hingelaegas.ee\/en\/wp-json\/wp\/v2\/media\/6003"}],"wp:attachment":[{"href":"https:\/\/hingelaegas.ee\/en\/wp-json\/wp\/v2\/media?parent=1097"}],"wp:term":[{"taxonomy":"product_brand","embeddable":true,"href":"https:\/\/hingelaegas.ee\/en\/wp-json\/wp\/v2\/product_brand?post=1097"},{"taxonomy":"product_cat","embeddable":true,"href":"https:\/\/hingelaegas.ee\/en\/wp-json\/wp\/v2\/product_cat?post=1097"},{"taxonomy":"product_tag","embeddable":true,"href":"https:\/\/hingelaegas.ee\/en\/wp-json\/wp\/v2\/product_tag?post=1097"}],"curies":[{"name":"wp","href":"https:\/\/api.w.org\/{rel}","templated":true}]}}