{"id":1123,"date":"2020-10-29T10:55:09","date_gmt":"2020-10-29T07:55:09","guid":{"rendered":"https:\/\/hingelaegas.ee\/?post_type=product&#038;p=1123"},"modified":"2025-08-11T17:43:33","modified_gmt":"2025-08-11T14:43:33","slug":"magus-apelsin-eeterlik-oli","status":"publish","type":"product","link":"https:\/\/hingelaegas.ee\/en\/product\/magus-apelsin-eeterlik-oli\/","title":{"rendered":"Sweet orange essential oil"},"content":{"rendered":"<h1>Sweet Orange<\/h1>\n<h4><strong>Origin and background<\/strong><\/h4>\n<p>Sweet orange essential oil is made from the peel of an orange by cold extraction. Sweet orange essential oil is often referred to simply as orange oil.<\/p>\n<p>Orange tree (<i>Citrus sinensis<\/i>) is a cultivated fruit tree belonging to the citrus family. Orange trees don't occur in nature. This crop is thought to have originated in southern China, northeastern India and southeastern Asia (the Indochina Peninsula). The orange tree was brought to the Mediterranean by Italian merchants in the 15th century or by Portuguese sailors around the end of the 15th century or the beginning of the 16th century. Before the spread of the orange in Europe, citrus fruits were used for medicinal purposes, but the orange quickly became popular among the richer population and this delicious fruit was grown in special conservatories, the so-called <em>orangerie<\/em>&#8217;des<sup id=\"cite_ref-1\" class=\"reference\"><\/sup>. The first major plantations were established in Spain in 1792 and in Italy in 1870. In Morocco, oranges were not grown commercially until 1922. Today, orange groves are widespread on all continents.<\/p>\n<h4><strong>Properties<\/strong><\/h4>\n<h5>Aromatic properties<\/h5>\n<p>Aromatherapeutically, the essential oil of sweet orange has a pleasant aroma that has a cheerful and uplifting effect, but at the same time it has a relaxing and soothing effect, helping to slow down the pulse. This oil helps create a warm atmosphere, while strengthening the immune system and cleansing the air of bacteria.<\/p>\n<p>Orange essential oil is one of the most popular essential oils in aromatherapy with its versatility, affordability, and sweetly fresh aroma. The aroma of orange oil is cheerful and helps dispel unpleasant odors, cleaning the room from both musty smells and tobacco smells. Lemon is more effective in getting rid of the tobacco smell, but the orange doesn't lag far behind.<\/p>\n<p>Orange oil has also become a popular ingredient in various natural household and cleaning products. For example, you can add a few drops of orange oil to the floor washing water.<\/p>\n<h5>Healing properties<\/h5>\n<p>Orange oil has a natural ability to strengthen immunity and reduce the symptoms of many diseases. It is used to treat acne, chronic stress and other health problems.<\/p>\n<p>When added to a massage oil, this essential oil is known to improve blood flow and help relax muscles. Relieves inflammation, headaches, menstrual cramps, and helps with various muscle tensions and pains.<\/p>\n<p>It also has a good effect on the digestive system, helping with abdominal pain, diarrhea, constipation, and bloating.<\/p>\n<p>Helps relieve the symptoms of colds and reduces nasal congestion.<\/p>\n<p>Supposedly even helps increase libido.<\/p>\n<p>By adding it to skin care products, it helps bring a radiant complexion to the skin. Like other oils obtained by cold etraction, sweet orange essential oil can cause photosensitivity and irritate the skin. Therefore, when applying it to the skin, direct sunlight should be avoided for at least 12 hours after use.<\/p>\n<h4><strong>Recommended uses<\/strong><\/h4>\n<p><span style=\"text-decoration: underline;\">Topical<\/span><\/p>\n<div id=\"pageBodyContent\">\n<div class=\"pagewrapper\">\n<div class=\"pagemain\">\n<div class=\"pagecontent web-content\">\n<div class=\"content-container\">\n<section id=\"s3\" class=\"product-content-section c50 closed\">\n<div class=\"product-content-container c50\">\n<div class=\"product-content c50 child-spacing\">\n<div class=\"list-block c83\">\n<ul class=\"c83\">\n<li class=\"c83\">It is recommended to use essential oils and their blend in a diluted form. Especially for sensitive and gentle skin. This means adding a small amount of water or carrier oil before applying it to the skin. The blend can be placed, for example, in a roll-on bottle that is convenient to carry along and can be used at any convenient time.<\/li>\n<li class=\"c83\">Can also be added to a neutral unscented cream, lotion, or liquid soap to achieve radiant and healthy skin.<\/li>\n<\/ul>\n<\/div>\n<div class=\"list-block c83\">\n<div class=\"heading c83\"><u>Aromatic<\/u><\/div>\n<\/div>\n<div class=\"list-block c83\">\n<ul class=\"c83\">\n<li class=\"c83\">Can be used in an aroma diffuser both at home or in the office to create a pleasant and cozy atmosphere that relaxes the senses and creates a pleasant aroma around you.<\/li>\n<li>It can also be added to an oil burner. Don't forget to add water to the oil burner and then drip in the essential oil! Pure essential oil is too strong and has a faint odor.<\/li>\n<li>Can be added to hot bath water and enjoy an aromatic mini-vacation in the middle of everyday life or at the end of a busy week.<\/li>\n<li class=\"c83\">Combine it with other compatible oils (see recommendations below) in a diffuser or bath water.<\/li>\n<li>Can be diluted in the spray bottle with water and spray it at home, in the office, or just to refresh your bed linen.<\/li>\n<\/ul>\n<\/div>\n<\/div>\n<\/div>\n<\/section>\n<\/div>\n<\/div>\n<\/div>\n<\/div>\n<\/div>\n<div id=\"pageBodyContent\">\n<div class=\"pagewrapper\">\n<div class=\"pagemain\">\n<div class=\"pagecontent web-content\">\n<div class=\"content-container\">\n<section id=\"s3\" class=\"product-content-section c50 closed\">\n<div class=\"product-content-container c50\">\n<div class=\"product-content c50 child-spacing\">\n<h4 class=\"text-block c82\"><strong>Compatibility with other essential oils<\/strong><\/h4>\n<div>\n<p>Frankincense, sage, lavender, geranium, peppermint, cinnamon, clove, lemon, grapefruit, bergamot, lime, lemongrass, ginger, rosemary, juniper, ylang-ylang.<\/p>\n<section id=\"s3\" class=\"product-content-section c50 closed\">\n<div class=\"product-content-container c50\">\n<div class=\"product-content c50 child-spacing\">\n<div>\n<p>&nbsp;<\/p>\n<p>You can read more about aromatherapy and essential oils from <a href=\"https:\/\/hingelaegas.ee\/blogi\/aroomiteraapia-ja-eeterlike-olide-kasulikud-omadused-ning-kasutamine\/\"><strong>here<\/strong><\/a>.<\/p>\n<p>&nbsp;<\/p>\n<\/div>\n<\/div>\n<\/div>\n<\/section>\n<section id=\"s4\" class=\"product-content-section c50 closed\">\n<div class=\"product-content-container c50\">\n<h2 class=\"heading c50\"><em style=\"font-size: 16px;\">Caution!<\/em><\/h2>\n<ul>\n<li>Keep out of reach of children.<\/li>\n<li>For external use only.<\/li>\n<li>Avoid contact with eyes or mucous membranes.<\/li>\n<li>In case of pregnancy, breast-feeding, taking medication or any other medical condition, consult your doctor before use.<\/li>\n<li>The information on essential oils on Hingelaegas website comes from public sources. The information given does not constitute health advice and references to the properties and effects of the oils are based on aromatherapy and folk medicine. Therefore, Hingelaegas O\u00dc cannot be held responsible for the accuracy of the information. The use of essential oils is the responsibility of each person individually.<\/li>\n<\/ul>\n<\/div>\n<\/section>\n<\/div>\n<\/div>\n<\/div>\n<\/section>\n<\/div>\n<\/div>\n<\/div>\n<\/div>\n<\/div>","protected":false},"excerpt":{"rendered":"<p><strong>Ingredients<\/strong><\/p>\n<p>100% pure sweet orange (<em>Citrus sinensis<\/em>) essential oil<\/p>\n<p><strong>Used plant parts<\/strong><\/p>\n<p>Fruit peel<\/p>\n<p><strong>Extraction method<\/strong><\/p>\n<p>Cold expression<\/p>\n<p><strong>Country of origin<\/strong><\/p>\n<p>Brazil<\/p>\n<p><strong>Aroma<\/strong><\/p>\n<p>Citrusy, fruity, sweet, fresh, bitter<\/p>","protected":false},"featured_media":6032,"comment_status":"open","ping_status":"closed","template":"","meta":{"_monsterinsights_skip_tracking":false,"_monsterinsights_sitenote_active":false,"_monsterinsights_sitenote_note":"","_monsterinsights_sitenote_category":0},"product_brand":[],"product_cat":[102],"product_tag":[138,267,482],"class_list":{"0":"post-1123","1":"product","2":"type-product","3":"status-publish","4":"has-post-thumbnail","6":"product_cat-eeterlikud-olid","7":"product_tag-aroomiteraapia","8":"product_tag-eeterlikud-olid","9":"product_tag-tsitruselised-olid","11":"first","12":"instock","13":"taxable","14":"shipping-taxable","15":"purchasable","16":"product-type-variable"},"yoast_head":"<!-- This site is optimized with the Yoast SEO plugin v27.4 - https:\/\/yoast.com\/product\/yoast-seo-wordpress\/ -->\n<title>Magus apelsin eeterlik \u00f5li - Hingelaegas<\/title>\n<meta name=\"description\" content=\"Apelsini eeterlik \u00f5li on oma mitmek\u00fclgsuse, taskukohasuse ja magusalt v\u00e4rske aroomiga aroomiteraapias \u00fcks populaarsemaid eeterlikke \u00f5lisid. Apelsini\u00f5li aroom on r\u00f5\u00f5msameelne ja aitab hajutada ebameeldivaid l\u00f5hnasid.\" \/>\n<meta name=\"robots\" content=\"index, follow, max-snippet:-1, max-image-preview:large, max-video-preview:-1\" \/>\n<link rel=\"canonical\" href=\"https:\/\/www.hingelaegas.ee\/en\/product\/magus-apelsin-eeterlik-oli\/\" \/>\n<meta property=\"og:locale\" content=\"en_GB\" \/>\n<meta property=\"og:type\" content=\"article\" \/>\n<meta property=\"og:title\" content=\"Magus apelsin eeterlik \u00f5li - Hingelaegas\" \/>\n<meta property=\"og:description\" content=\"Apelsini eeterlik \u00f5li on oma mitmek\u00fclgsuse, taskukohasuse ja magusalt v\u00e4rske aroomiga aroomiteraapias \u00fcks populaarsemaid eeterlikke \u00f5lisid. Apelsini\u00f5li aroom on r\u00f5\u00f5msameelne ja aitab hajutada ebameeldivaid l\u00f5hnasid.\" \/>\n<meta property=\"og:url\" content=\"https:\/\/www.hingelaegas.ee\/en\/product\/magus-apelsin-eeterlik-oli\/\" \/>\n<meta property=\"og:site_name\" content=\"Hingelaegas\" \/>\n<meta property=\"article:modified_time\" content=\"2025-08-11T14:43:33+00:00\" \/>\n<meta property=\"og:image\" content=\"https:\/\/i0.wp.com\/hingelaegas.ee\/wp-content\/uploads\/2020\/10\/magus-apelsin-EO.png?fit=800%2C800&ssl=1\" \/>\n\t<meta property=\"og:image:width\" content=\"800\" \/>\n\t<meta property=\"og:image:height\" content=\"800\" \/>\n\t<meta property=\"og:image:type\" content=\"image\/png\" \/>\n<meta name=\"twitter:card\" content=\"summary_large_image\" \/>\n<meta name=\"twitter:label1\" content=\"Estimated reading time\" \/>\n\t<meta name=\"twitter:data1\" content=\"4 minutes\" \/>\n<script type=\"application\/ld+json\" class=\"yoast-schema-graph\">{\"@context\":\"https:\\\/\\\/schema.org\",\"@graph\":[{\"@type\":\"WebPage\",\"@id\":\"https:\\\/\\\/www.hingelaegas.ee\\\/en\\\/product\\\/magus-apelsin-eeterlik-oli\\\/\",\"url\":\"https:\\\/\\\/www.hingelaegas.ee\\\/en\\\/product\\\/magus-apelsin-eeterlik-oli\\\/\",\"name\":\"Magus apelsin eeterlik \u00f5li - Hingelaegas\",\"isPartOf\":{\"@id\":\"https:\\\/\\\/www.hingelaegas.ee\\\/#website\"},\"primaryImageOfPage\":{\"@id\":\"https:\\\/\\\/www.hingelaegas.ee\\\/en\\\/product\\\/magus-apelsin-eeterlik-oli\\\/#primaryimage\"},\"image\":{\"@id\":\"https:\\\/\\\/www.hingelaegas.ee\\\/en\\\/product\\\/magus-apelsin-eeterlik-oli\\\/#primaryimage\"},\"thumbnailUrl\":\"https:\\\/\\\/i0.wp.com\\\/hingelaegas.ee\\\/wp-content\\\/uploads\\\/2020\\\/10\\\/magus-apelsin-EO.png?fit=800%2C800&ssl=1\",\"datePublished\":\"2020-10-29T07:55:09+00:00\",\"dateModified\":\"2025-08-11T14:43:33+00:00\",\"description\":\"Apelsini eeterlik \u00f5li on oma mitmek\u00fclgsuse, taskukohasuse ja magusalt v\u00e4rske aroomiga aroomiteraapias \u00fcks populaarsemaid eeterlikke \u00f5lisid. Apelsini\u00f5li aroom on r\u00f5\u00f5msameelne ja aitab hajutada ebameeldivaid l\u00f5hnasid.\",\"breadcrumb\":{\"@id\":\"https:\\\/\\\/www.hingelaegas.ee\\\/en\\\/product\\\/magus-apelsin-eeterlik-oli\\\/#breadcrumb\"},\"inLanguage\":\"en-GB\",\"potentialAction\":[{\"@type\":\"ReadAction\",\"target\":[\"https:\\\/\\\/www.hingelaegas.ee\\\/en\\\/product\\\/magus-apelsin-eeterlik-oli\\\/\"]}]},{\"@type\":\"ImageObject\",\"inLanguage\":\"en-GB\",\"@id\":\"https:\\\/\\\/www.hingelaegas.ee\\\/en\\\/product\\\/magus-apelsin-eeterlik-oli\\\/#primaryimage\",\"url\":\"https:\\\/\\\/i0.wp.com\\\/hingelaegas.ee\\\/wp-content\\\/uploads\\\/2020\\\/10\\\/magus-apelsin-EO.png?fit=800%2C800&ssl=1\",\"contentUrl\":\"https:\\\/\\\/i0.wp.com\\\/hingelaegas.ee\\\/wp-content\\\/uploads\\\/2020\\\/10\\\/magus-apelsin-EO.png?fit=800%2C800&ssl=1\",\"width\":800,\"height\":800},{\"@type\":\"BreadcrumbList\",\"@id\":\"https:\\\/\\\/www.hingelaegas.ee\\\/en\\\/product\\\/magus-apelsin-eeterlik-oli\\\/#breadcrumb\",\"itemListElement\":[{\"@type\":\"ListItem\",\"position\":1,\"name\":\"Home\",\"item\":\"https:\\\/\\\/www.hingelaegas.ee\\\/\"},{\"@type\":\"ListItem\",\"position\":2,\"name\":\"E-POOD\",\"item\":\"https:\\\/\\\/www.hingelaegas.ee\\\/e-pood\\\/\"},{\"@type\":\"ListItem\",\"position\":3,\"name\":\"Magus apelsin eeterlik \u00f5li\"}]},{\"@type\":\"WebSite\",\"@id\":\"https:\\\/\\\/www.hingelaegas.ee\\\/#website\",\"url\":\"https:\\\/\\\/www.hingelaegas.ee\\\/\",\"name\":\"Hingelaegas\",\"description\":\"Hingele. Kehale. Vaimule.\",\"publisher\":{\"@id\":\"https:\\\/\\\/www.hingelaegas.ee\\\/#organization\"},\"potentialAction\":[{\"@type\":\"SearchAction\",\"target\":{\"@type\":\"EntryPoint\",\"urlTemplate\":\"https:\\\/\\\/www.hingelaegas.ee\\\/?s={search_term_string}\"},\"query-input\":{\"@type\":\"PropertyValueSpecification\",\"valueRequired\":true,\"valueName\":\"search_term_string\"}}],\"inLanguage\":\"en-GB\"},{\"@type\":\"Organization\",\"@id\":\"https:\\\/\\\/www.hingelaegas.ee\\\/#organization\",\"name\":\"Hingelaegas O\u00dc\",\"url\":\"https:\\\/\\\/www.hingelaegas.ee\\\/\",\"logo\":{\"@type\":\"ImageObject\",\"inLanguage\":\"en-GB\",\"@id\":\"https:\\\/\\\/www.hingelaegas.ee\\\/#\\\/schema\\\/logo\\\/image\\\/\",\"url\":\"https:\\\/\\\/hingelaegas.ee\\\/wp-content\\\/uploads\\\/2020\\\/12\\\/hingelaegas_vaike.png\",\"contentUrl\":\"https:\\\/\\\/hingelaegas.ee\\\/wp-content\\\/uploads\\\/2020\\\/12\\\/hingelaegas_vaike.png\",\"width\":700,\"height\":700,\"caption\":\"Hingelaegas O\u00dc\"},\"image\":{\"@id\":\"https:\\\/\\\/www.hingelaegas.ee\\\/#\\\/schema\\\/logo\\\/image\\\/\"}}]}<\/script>\n<!-- \/ Yoast SEO plugin. -->","yoast_head_json":{"title":"Magus apelsin eeterlik \u00f5li - Hingelaegas","description":"Apelsini eeterlik \u00f5li on oma mitmek\u00fclgsuse, taskukohasuse ja magusalt v\u00e4rske aroomiga aroomiteraapias \u00fcks populaarsemaid eeterlikke \u00f5lisid. Apelsini\u00f5li aroom on r\u00f5\u00f5msameelne ja aitab hajutada ebameeldivaid l\u00f5hnasid.","robots":{"index":"index","follow":"follow","max-snippet":"max-snippet:-1","max-image-preview":"max-image-preview:large","max-video-preview":"max-video-preview:-1"},"canonical":"https:\/\/www.hingelaegas.ee\/en\/product\/magus-apelsin-eeterlik-oli\/","og_locale":"en_GB","og_type":"article","og_title":"Magus apelsin eeterlik \u00f5li - Hingelaegas","og_description":"Apelsini eeterlik \u00f5li on oma mitmek\u00fclgsuse, taskukohasuse ja magusalt v\u00e4rske aroomiga aroomiteraapias \u00fcks populaarsemaid eeterlikke \u00f5lisid. Apelsini\u00f5li aroom on r\u00f5\u00f5msameelne ja aitab hajutada ebameeldivaid l\u00f5hnasid.","og_url":"https:\/\/www.hingelaegas.ee\/en\/product\/magus-apelsin-eeterlik-oli\/","og_site_name":"Hingelaegas","article_modified_time":"2025-08-11T14:43:33+00:00","og_image":[{"width":800,"height":800,"url":"https:\/\/i0.wp.com\/hingelaegas.ee\/wp-content\/uploads\/2020\/10\/magus-apelsin-EO.png?fit=800%2C800&ssl=1","type":"image\/png"}],"twitter_card":"summary_large_image","twitter_misc":{"Estimated reading time":"4 minutes"},"schema":{"@context":"https:\/\/schema.org","@graph":[{"@type":"WebPage","@id":"https:\/\/www.hingelaegas.ee\/en\/product\/magus-apelsin-eeterlik-oli\/","url":"https:\/\/www.hingelaegas.ee\/en\/product\/magus-apelsin-eeterlik-oli\/","name":"Magus apelsin eeterlik \u00f5li - Hingelaegas","isPartOf":{"@id":"https:\/\/www.hingelaegas.ee\/#website"},"primaryImageOfPage":{"@id":"https:\/\/www.hingelaegas.ee\/en\/product\/magus-apelsin-eeterlik-oli\/#primaryimage"},"image":{"@id":"https:\/\/www.hingelaegas.ee\/en\/product\/magus-apelsin-eeterlik-oli\/#primaryimage"},"thumbnailUrl":"https:\/\/i0.wp.com\/hingelaegas.ee\/wp-content\/uploads\/2020\/10\/magus-apelsin-EO.png?fit=800%2C800&ssl=1","datePublished":"2020-10-29T07:55:09+00:00","dateModified":"2025-08-11T14:43:33+00:00","description":"Apelsini eeterlik \u00f5li on oma mitmek\u00fclgsuse, taskukohasuse ja magusalt v\u00e4rske aroomiga aroomiteraapias \u00fcks populaarsemaid eeterlikke \u00f5lisid. Apelsini\u00f5li aroom on r\u00f5\u00f5msameelne ja aitab hajutada ebameeldivaid l\u00f5hnasid.","breadcrumb":{"@id":"https:\/\/www.hingelaegas.ee\/en\/product\/magus-apelsin-eeterlik-oli\/#breadcrumb"},"inLanguage":"en-GB","potentialAction":[{"@type":"ReadAction","target":["https:\/\/www.hingelaegas.ee\/en\/product\/magus-apelsin-eeterlik-oli\/"]}]},{"@type":"ImageObject","inLanguage":"en-GB","@id":"https:\/\/www.hingelaegas.ee\/en\/product\/magus-apelsin-eeterlik-oli\/#primaryimage","url":"https:\/\/i0.wp.com\/hingelaegas.ee\/wp-content\/uploads\/2020\/10\/magus-apelsin-EO.png?fit=800%2C800&ssl=1","contentUrl":"https:\/\/i0.wp.com\/hingelaegas.ee\/wp-content\/uploads\/2020\/10\/magus-apelsin-EO.png?fit=800%2C800&ssl=1","width":800,"height":800},{"@type":"BreadcrumbList","@id":"https:\/\/www.hingelaegas.ee\/en\/product\/magus-apelsin-eeterlik-oli\/#breadcrumb","itemListElement":[{"@type":"ListItem","position":1,"name":"Home","item":"https:\/\/www.hingelaegas.ee\/"},{"@type":"ListItem","position":2,"name":"E-POOD","item":"https:\/\/www.hingelaegas.ee\/e-pood\/"},{"@type":"ListItem","position":3,"name":"Magus apelsin eeterlik \u00f5li"}]},{"@type":"WebSite","@id":"https:\/\/www.hingelaegas.ee\/#website","url":"https:\/\/www.hingelaegas.ee\/","name":"Hingelaegas","description":"For Soul. For Body. For Mind.","publisher":{"@id":"https:\/\/www.hingelaegas.ee\/#organization"},"potentialAction":[{"@type":"SearchAction","target":{"@type":"EntryPoint","urlTemplate":"https:\/\/www.hingelaegas.ee\/?s={search_term_string}"},"query-input":{"@type":"PropertyValueSpecification","valueRequired":true,"valueName":"search_term_string"}}],"inLanguage":"en-GB"},{"@type":"Organization","@id":"https:\/\/www.hingelaegas.ee\/#organization","name":"Hingelaegas O\u00dc","url":"https:\/\/www.hingelaegas.ee\/","logo":{"@type":"ImageObject","inLanguage":"en-GB","@id":"https:\/\/www.hingelaegas.ee\/#\/schema\/logo\/image\/","url":"https:\/\/hingelaegas.ee\/wp-content\/uploads\/2020\/12\/hingelaegas_vaike.png","contentUrl":"https:\/\/hingelaegas.ee\/wp-content\/uploads\/2020\/12\/hingelaegas_vaike.png","width":700,"height":700,"caption":"Hingelaegas O\u00dc"},"image":{"@id":"https:\/\/www.hingelaegas.ee\/#\/schema\/logo\/image\/"}}]}},"acf":[],"jetpack_likes_enabled":false,"jetpack_sharing_enabled":true,"_links":{"self":[{"href":"https:\/\/hingelaegas.ee\/en\/wp-json\/wp\/v2\/product\/1123","targetHints":{"allow":["GET"]}}],"collection":[{"href":"https:\/\/hingelaegas.ee\/en\/wp-json\/wp\/v2\/product"}],"about":[{"href":"https:\/\/hingelaegas.ee\/en\/wp-json\/wp\/v2\/types\/product"}],"replies":[{"embeddable":true,"href":"https:\/\/hingelaegas.ee\/en\/wp-json\/wp\/v2\/comments?post=1123"}],"wp:featuredmedia":[{"embeddable":true,"href":"https:\/\/hingelaegas.ee\/en\/wp-json\/wp\/v2\/media\/6032"}],"wp:attachment":[{"href":"https:\/\/hingelaegas.ee\/en\/wp-json\/wp\/v2\/media?parent=1123"}],"wp:term":[{"taxonomy":"product_brand","embeddable":true,"href":"https:\/\/hingelaegas.ee\/en\/wp-json\/wp\/v2\/product_brand?post=1123"},{"taxonomy":"product_cat","embeddable":true,"href":"https:\/\/hingelaegas.ee\/en\/wp-json\/wp\/v2\/product_cat?post=1123"},{"taxonomy":"product_tag","embeddable":true,"href":"https:\/\/hingelaegas.ee\/en\/wp-json\/wp\/v2\/product_tag?post=1123"}],"curies":[{"name":"wp","href":"https:\/\/api.w.org\/{rel}","templated":true}]}}