{"id":1126,"date":"2020-10-29T11:38:49","date_gmt":"2020-10-29T08:38:49","guid":{"rendered":"https:\/\/hingelaegas.ee\/?post_type=product&#038;p=1126"},"modified":"2025-09-03T06:49:33","modified_gmt":"2025-09-03T03:49:33","slug":"roosipuu-eeterlik-oli","status":"publish","type":"product","link":"https:\/\/hingelaegas.ee\/en\/product\/roosipuu-eeterlik-oli\/","title":{"rendered":"Rosewood essential oil"},"content":{"rendered":"<h1>Rosewood<\/h1>\n<h4><strong>Origin and background<\/strong><\/h4>\n<p>Rosewood or Brazilian rosewood (<i><em>Aniba rosaeodora<\/em><\/i>) grows in the tropical rainforests of South America. It is a massive tree, growing to a height of almost 30 meters and a diameter of 2 meters.<\/p>\n<h4><strong>Properties<\/strong><\/h4>\n<h5>Aromatic properties<\/h5>\n<p>The delicate, yet surprisingly sweet, woody aroma with slightly fruity notes is a strong aphrodisiac, arouses sexual desire and improves impotence. It has a very sensual effect, lifting the mood, and relieving stress.<\/p>\n<p>This essential oil can blow away depression in a few minutes and bring a smile to your lips. It repels sadness and frustration and helps you see life from a new positive angle. Suitable when you feel that you have recently failed or feel unwell, be it in any area of \u200b\u200blife, whether you are studying, working, or in a relationship.<\/p>\n<p>This oil keeps thinking active, sharp, and alert, and can also take away headaches. It improves memory and helps protect against neurotic disorders.<\/p>\n<p>Rosewood oil is also used as an insect repellent (in aromatherapy or by applying it on the skin) and as a dispersant of unpleasant odors.<\/p>\n<h5>Healing properties<\/h5>\n<p>Rosewood essential oil has several health benefits - antidepressant, antibacterial, antiseptic, stimulating, and libido-boosting effect.<\/p>\n<p>Although this oil is not strong, it still acts as a mild painkiller and can relieve mild pains in the head, teeth, muscles, or joints.<\/p>\n<p>It relieves acne, eczema, and psoriasis, and also relieves insect bites and bee stings. Accelerates wound healing and helps with scar treatment.<\/p>\n<p>Stimulates the work of body systems and organs. Relieves colds, coughs, sinusitis, tonsillitis, asthma.<\/p>\n<h4><strong>Recommended uses<\/strong><\/h4>\n<p><span style=\"text-decoration: underline;\">Topical<\/span><\/p>\n<div id=\"pageBodyContent\">\n<div class=\"pagewrapper\">\n<div class=\"pagemain\">\n<div class=\"pagecontent web-content\">\n<div class=\"content-container\">\n<section id=\"s3\" class=\"product-content-section c50 closed\">\n<div class=\"product-content-container c50\">\n<div class=\"product-content c50 child-spacing\">\n<div class=\"list-block c83\">\n<ul class=\"c83\">\n<li class=\"c83\">It is recommended to use essential oils and their blend in a diluted form. Especially for sensitive and gentle skin. This means adding a small amount of water or carrier oil before applying it to the skin. The blend can be placed, for example, in a roll-on bottle that is convenient to carry along and can be used at any convenient time.<\/li>\n<li class=\"c83\">Can also be added to a neutral unscented cream, lotion, or liquid soap to achieve radiant and healthy skin.<\/li>\n<\/ul>\n<\/div>\n<div class=\"list-block c83\">\n<div class=\"heading c83\"><u>Aromatic<\/u><\/div>\n<\/div>\n<div class=\"list-block c83\">\n<ul class=\"c83\">\n<li class=\"c83\">Can be used in an aroma diffuser both at home or in the office to create a pleasant and cozy atmosphere that relaxes the senses and creates a pleasant aroma around you.<\/li>\n<li>It can also be added to an oil burner. Don't forget to add water to the oil burner and then drip in the essential oil! Pure essential oil is too strong and has a faint odor.<\/li>\n<li>Can be added to hot bath water and enjoy an aromatic mini-vacation in the middle of everyday life or at the end of a busy week.<\/li>\n<li class=\"c83\">Combine it with other compatible oils (see recommendations below) in a diffuser or bath water.<\/li>\n<li>Can be diluted in the spray bottle with water and spray it at home, in the office, or just to refresh your bed linen.<\/li>\n<\/ul>\n<\/div>\n<\/div>\n<\/div>\n<\/section>\n<\/div>\n<\/div>\n<\/div>\n<\/div>\n<\/div>\n<div id=\"pageBodyContent\">\n<div class=\"pagewrapper\">\n<div class=\"pagemain\">\n<div class=\"pagecontent web-content\">\n<div class=\"content-container\">\n<section id=\"s3\" class=\"product-content-section c50 closed\">\n<div class=\"product-content-container c50\">\n<div class=\"product-content c50 child-spacing\">\n<h4 class=\"text-block c82\"><strong>Compatibility with other essential oils<\/strong><\/h4>\n<div>\n<p>Orange, basil, bergamot, grapefruit, jasmine, lime, lavender, rosemary, sage, cedarwood, ylang ylang.<\/p>\n<section id=\"s3\" class=\"product-content-section c50 closed\">\n<div class=\"product-content-container c50\">\n<div class=\"product-content c50 child-spacing\">\n<div>\n<p>&nbsp;<\/p>\n<p>You can read more about aromatherapy and essential oils from <a href=\"https:\/\/hingelaegas.ee\/blogi\/aroomiteraapia-ja-eeterlike-olide-kasulikud-omadused-ning-kasutamine\/\"><strong>here<\/strong><\/a>.<\/p>\n<p>&nbsp;<\/p>\n<\/div>\n<\/div>\n<\/div>\n<\/section>\n<section id=\"s4\" class=\"product-content-section c50 closed\">\n<div class=\"product-content-container c50\">\n<h2 class=\"heading c50\"><em style=\"font-size: 16px;\">Caution!<\/em><\/h2>\n<ul>\n<li>Keep out of reach of children.<\/li>\n<li>For external use only.<\/li>\n<li>Avoid contact with eyes or mucous membranes.<\/li>\n<li>In case of pregnancy, breast-feeding, taking medication or any other medical condition, consult your doctor before use.<\/li>\n<li>The information on essential oils on Hingelaegas website comes from public sources. The information given does not constitute health advice and references to the properties and effects of the oils are based on aromatherapy and folk medicine. Therefore, Hingelaegas O\u00dc cannot be held responsible for the accuracy of the information. The use of essential oils is the responsibility of each person individually.<\/li>\n<\/ul>\n<\/div>\n<\/section>\n<\/div>\n<\/div>\n<\/div>\n<\/section>\n<\/div>\n<\/div>\n<\/div>\n<\/div>\n<\/div>","protected":false},"excerpt":{"rendered":"<p><strong>Ingredients<\/strong><\/p>\n<p>100% pure rosewood (<em>Aniba rosaeodora<\/em>) essential oil<\/p>\n<p><strong>Used plant parts<\/strong><\/p>\n<p>Wood<\/p>\n<p><strong>Extraction method<\/strong><\/p>\n<p>Steam distillation<\/p>\n<p><strong>Country of origin<\/strong><\/p>\n<p>Brazil<\/p>\n<p><strong>Aroma<\/strong><\/p>\n<p>Delicate, yet surprisingly sweet, woody aroma with slightly fruity notes<\/p>\n<p><strong>Volume<\/strong><\/p>\n<p>10 ml<\/p>","protected":false},"featured_media":6028,"comment_status":"open","ping_status":"closed","template":"","meta":{"_monsterinsights_skip_tracking":false,"_monsterinsights_sitenote_active":false,"_monsterinsights_sitenote_note":"","_monsterinsights_sitenote_category":0},"product_brand":[],"product_cat":[102],"product_tag":[138,267,474,475],"class_list":{"0":"post-1126","1":"product","2":"type-product","3":"status-publish","4":"has-post-thumbnail","6":"product_cat-eeterlikud-olid","7":"product_tag-aroomiteraapia","8":"product_tag-eeterlikud-olid","9":"product_tag-lillelised-olid","10":"product_tag-puidused-maalahedased-olid","12":"first","13":"instock","14":"taxable","15":"shipping-taxable","16":"purchasable","17":"product-type-simple"},"yoast_head":"<!-- This site is optimized with the Yoast SEO plugin v27.3 - https:\/\/yoast.com\/product\/yoast-seo-wordpress\/ -->\n<title>Roosipuu eeterlik \u00f5li - Hingelaegas<\/title>\n<meta name=\"description\" content=\"Roosipuu peen, kuid \u00fcllatavalt magus, kergelt puuviljaste nootidega, puidune aroom on tugev afrodisiaakum, \u00e4ratab seksuaalset iha ja parandab impotentsust. M\u00f5jub v\u00e4ga sensuaalselt, t\u00f5stes tuju ning maandades stressi.\" \/>\n<meta name=\"robots\" content=\"index, follow, max-snippet:-1, max-image-preview:large, max-video-preview:-1\" \/>\n<link rel=\"canonical\" href=\"https:\/\/www.hingelaegas.ee\/product\/roosipuu-eeterlik-oli\/\" \/>\n<meta property=\"og:locale\" content=\"en_GB\" \/>\n<meta property=\"og:type\" content=\"article\" \/>\n<meta property=\"og:title\" content=\"Roosipuu eeterlik \u00f5li - Hingelaegas\" \/>\n<meta property=\"og:description\" content=\"Roosipuu peen, kuid \u00fcllatavalt magus, kergelt puuviljaste nootidega, puidune aroom on tugev afrodisiaakum, \u00e4ratab seksuaalset iha ja parandab impotentsust. M\u00f5jub v\u00e4ga sensuaalselt, t\u00f5stes tuju ning maandades stressi.\" \/>\n<meta property=\"og:url\" content=\"https:\/\/www.hingelaegas.ee\/product\/roosipuu-eeterlik-oli\/\" \/>\n<meta property=\"og:site_name\" content=\"Hingelaegas\" \/>\n<meta property=\"article:modified_time\" content=\"2025-09-03T03:49:33+00:00\" \/>\n<meta property=\"og:image\" content=\"https:\/\/i0.wp.com\/hingelaegas.ee\/wp-content\/uploads\/2020\/10\/roosipuu-EO.png?fit=800%2C800&ssl=1\" \/>\n\t<meta property=\"og:image:width\" content=\"800\" \/>\n\t<meta property=\"og:image:height\" content=\"800\" \/>\n\t<meta property=\"og:image:type\" content=\"image\/png\" \/>\n<meta name=\"twitter:card\" content=\"summary_large_image\" \/>\n<meta name=\"twitter:label1\" content=\"Estimated reading time\" \/>\n\t<meta name=\"twitter:data1\" content=\"3 minutes\" \/>\n<script type=\"application\/ld+json\" class=\"yoast-schema-graph\">{\"@context\":\"https:\\\/\\\/schema.org\",\"@graph\":[{\"@type\":\"WebPage\",\"@id\":\"https:\\\/\\\/www.hingelaegas.ee\\\/product\\\/roosipuu-eeterlik-oli\\\/\",\"url\":\"https:\\\/\\\/www.hingelaegas.ee\\\/product\\\/roosipuu-eeterlik-oli\\\/\",\"name\":\"Roosipuu eeterlik \u00f5li - Hingelaegas\",\"isPartOf\":{\"@id\":\"https:\\\/\\\/www.hingelaegas.ee\\\/#website\"},\"primaryImageOfPage\":{\"@id\":\"https:\\\/\\\/www.hingelaegas.ee\\\/product\\\/roosipuu-eeterlik-oli\\\/#primaryimage\"},\"image\":{\"@id\":\"https:\\\/\\\/www.hingelaegas.ee\\\/product\\\/roosipuu-eeterlik-oli\\\/#primaryimage\"},\"thumbnailUrl\":\"https:\\\/\\\/i0.wp.com\\\/www.hingelaegas.ee\\\/wp-content\\\/uploads\\\/2020\\\/10\\\/roosipuu-EO.png?fit=800%2C800&ssl=1\",\"datePublished\":\"2020-10-29T08:38:49+00:00\",\"dateModified\":\"2025-09-03T03:49:33+00:00\",\"description\":\"Roosipuu peen, kuid \u00fcllatavalt magus, kergelt puuviljaste nootidega, puidune aroom on tugev afrodisiaakum, \u00e4ratab seksuaalset iha ja parandab impotentsust. M\u00f5jub v\u00e4ga sensuaalselt, t\u00f5stes tuju ning maandades stressi.\",\"breadcrumb\":{\"@id\":\"https:\\\/\\\/www.hingelaegas.ee\\\/product\\\/roosipuu-eeterlik-oli\\\/#breadcrumb\"},\"inLanguage\":\"en-GB\",\"potentialAction\":[{\"@type\":\"ReadAction\",\"target\":[\"https:\\\/\\\/www.hingelaegas.ee\\\/product\\\/roosipuu-eeterlik-oli\\\/\"]}]},{\"@type\":\"ImageObject\",\"inLanguage\":\"en-GB\",\"@id\":\"https:\\\/\\\/www.hingelaegas.ee\\\/product\\\/roosipuu-eeterlik-oli\\\/#primaryimage\",\"url\":\"https:\\\/\\\/i0.wp.com\\\/www.hingelaegas.ee\\\/wp-content\\\/uploads\\\/2020\\\/10\\\/roosipuu-EO.png?fit=800%2C800&ssl=1\",\"contentUrl\":\"https:\\\/\\\/i0.wp.com\\\/www.hingelaegas.ee\\\/wp-content\\\/uploads\\\/2020\\\/10\\\/roosipuu-EO.png?fit=800%2C800&ssl=1\",\"width\":800,\"height\":800},{\"@type\":\"BreadcrumbList\",\"@id\":\"https:\\\/\\\/www.hingelaegas.ee\\\/product\\\/roosipuu-eeterlik-oli\\\/#breadcrumb\",\"itemListElement\":[{\"@type\":\"ListItem\",\"position\":1,\"name\":\"Home\",\"item\":\"https:\\\/\\\/www.hingelaegas.ee\\\/\"},{\"@type\":\"ListItem\",\"position\":2,\"name\":\"E-POOD\",\"item\":\"https:\\\/\\\/www.hingelaegas.ee\\\/e-pood\\\/\"},{\"@type\":\"ListItem\",\"position\":3,\"name\":\"Roosipuu eeterlik \u00f5li\"}]},{\"@type\":\"WebSite\",\"@id\":\"https:\\\/\\\/www.hingelaegas.ee\\\/#website\",\"url\":\"https:\\\/\\\/www.hingelaegas.ee\\\/\",\"name\":\"Hingelaegas\",\"description\":\"Hingele. Kehale. Vaimule.\",\"publisher\":{\"@id\":\"https:\\\/\\\/www.hingelaegas.ee\\\/#organization\"},\"potentialAction\":[{\"@type\":\"SearchAction\",\"target\":{\"@type\":\"EntryPoint\",\"urlTemplate\":\"https:\\\/\\\/www.hingelaegas.ee\\\/?s={search_term_string}\"},\"query-input\":{\"@type\":\"PropertyValueSpecification\",\"valueRequired\":true,\"valueName\":\"search_term_string\"}}],\"inLanguage\":\"en-GB\"},{\"@type\":\"Organization\",\"@id\":\"https:\\\/\\\/www.hingelaegas.ee\\\/#organization\",\"name\":\"Hingelaegas O\u00dc\",\"url\":\"https:\\\/\\\/www.hingelaegas.ee\\\/\",\"logo\":{\"@type\":\"ImageObject\",\"inLanguage\":\"en-GB\",\"@id\":\"https:\\\/\\\/www.hingelaegas.ee\\\/#\\\/schema\\\/logo\\\/image\\\/\",\"url\":\"https:\\\/\\\/hingelaegas.ee\\\/wp-content\\\/uploads\\\/2020\\\/12\\\/hingelaegas_vaike.png\",\"contentUrl\":\"https:\\\/\\\/hingelaegas.ee\\\/wp-content\\\/uploads\\\/2020\\\/12\\\/hingelaegas_vaike.png\",\"width\":700,\"height\":700,\"caption\":\"Hingelaegas O\u00dc\"},\"image\":{\"@id\":\"https:\\\/\\\/www.hingelaegas.ee\\\/#\\\/schema\\\/logo\\\/image\\\/\"}}]}<\/script>\n<!-- \/ Yoast SEO plugin. -->","yoast_head_json":{"title":"Roosipuu eeterlik \u00f5li - Hingelaegas","description":"The delicate, yet surprisingly sweet, woody aroma with slightly fruity notes is a strong aphrodisiac, arouses sexual desire and improves impotence. It has a very sensual effect, lifting the mood, and relieving stress.","robots":{"index":"index","follow":"follow","max-snippet":"max-snippet:-1","max-image-preview":"max-image-preview:large","max-video-preview":"max-video-preview:-1"},"canonical":"https:\/\/www.hingelaegas.ee\/product\/roosipuu-eeterlik-oli\/","og_locale":"en_GB","og_type":"article","og_title":"Roosipuu eeterlik \u00f5li - Hingelaegas","og_description":"Roosipuu peen, kuid \u00fcllatavalt magus, kergelt puuviljaste nootidega, puidune aroom on tugev afrodisiaakum, \u00e4ratab seksuaalset iha ja parandab impotentsust. M\u00f5jub v\u00e4ga sensuaalselt, t\u00f5stes tuju ning maandades stressi.","og_url":"https:\/\/www.hingelaegas.ee\/product\/roosipuu-eeterlik-oli\/","og_site_name":"Hingelaegas","article_modified_time":"2025-09-03T03:49:33+00:00","og_image":[{"width":800,"height":800,"url":"https:\/\/i0.wp.com\/hingelaegas.ee\/wp-content\/uploads\/2020\/10\/roosipuu-EO.png?fit=800%2C800&ssl=1","type":"image\/png"}],"twitter_card":"summary_large_image","twitter_misc":{"Estimated reading time":"3 minutes"},"schema":{"@context":"https:\/\/schema.org","@graph":[{"@type":"WebPage","@id":"https:\/\/www.hingelaegas.ee\/product\/roosipuu-eeterlik-oli\/","url":"https:\/\/www.hingelaegas.ee\/product\/roosipuu-eeterlik-oli\/","name":"Roosipuu eeterlik \u00f5li - Hingelaegas","isPartOf":{"@id":"https:\/\/www.hingelaegas.ee\/#website"},"primaryImageOfPage":{"@id":"https:\/\/www.hingelaegas.ee\/product\/roosipuu-eeterlik-oli\/#primaryimage"},"image":{"@id":"https:\/\/www.hingelaegas.ee\/product\/roosipuu-eeterlik-oli\/#primaryimage"},"thumbnailUrl":"https:\/\/i0.wp.com\/www.hingelaegas.ee\/wp-content\/uploads\/2020\/10\/roosipuu-EO.png?fit=800%2C800&ssl=1","datePublished":"2020-10-29T08:38:49+00:00","dateModified":"2025-09-03T03:49:33+00:00","description":"The delicate, yet surprisingly sweet, woody aroma with slightly fruity notes is a strong aphrodisiac, arouses sexual desire and improves impotence. It has a very sensual effect, lifting the mood, and relieving stress.","breadcrumb":{"@id":"https:\/\/www.hingelaegas.ee\/product\/roosipuu-eeterlik-oli\/#breadcrumb"},"inLanguage":"en-GB","potentialAction":[{"@type":"ReadAction","target":["https:\/\/www.hingelaegas.ee\/product\/roosipuu-eeterlik-oli\/"]}]},{"@type":"ImageObject","inLanguage":"en-GB","@id":"https:\/\/www.hingelaegas.ee\/product\/roosipuu-eeterlik-oli\/#primaryimage","url":"https:\/\/i0.wp.com\/www.hingelaegas.ee\/wp-content\/uploads\/2020\/10\/roosipuu-EO.png?fit=800%2C800&ssl=1","contentUrl":"https:\/\/i0.wp.com\/www.hingelaegas.ee\/wp-content\/uploads\/2020\/10\/roosipuu-EO.png?fit=800%2C800&ssl=1","width":800,"height":800},{"@type":"BreadcrumbList","@id":"https:\/\/www.hingelaegas.ee\/product\/roosipuu-eeterlik-oli\/#breadcrumb","itemListElement":[{"@type":"ListItem","position":1,"name":"Home","item":"https:\/\/www.hingelaegas.ee\/"},{"@type":"ListItem","position":2,"name":"E-POOD","item":"https:\/\/www.hingelaegas.ee\/e-pood\/"},{"@type":"ListItem","position":3,"name":"Roosipuu eeterlik \u00f5li"}]},{"@type":"WebSite","@id":"https:\/\/www.hingelaegas.ee\/#website","url":"https:\/\/www.hingelaegas.ee\/","name":"Hingelaegas","description":"For Soul. For Body. For Mind.","publisher":{"@id":"https:\/\/www.hingelaegas.ee\/#organization"},"potentialAction":[{"@type":"SearchAction","target":{"@type":"EntryPoint","urlTemplate":"https:\/\/www.hingelaegas.ee\/?s={search_term_string}"},"query-input":{"@type":"PropertyValueSpecification","valueRequired":true,"valueName":"search_term_string"}}],"inLanguage":"en-GB"},{"@type":"Organization","@id":"https:\/\/www.hingelaegas.ee\/#organization","name":"Hingelaegas O\u00dc","url":"https:\/\/www.hingelaegas.ee\/","logo":{"@type":"ImageObject","inLanguage":"en-GB","@id":"https:\/\/www.hingelaegas.ee\/#\/schema\/logo\/image\/","url":"https:\/\/hingelaegas.ee\/wp-content\/uploads\/2020\/12\/hingelaegas_vaike.png","contentUrl":"https:\/\/hingelaegas.ee\/wp-content\/uploads\/2020\/12\/hingelaegas_vaike.png","width":700,"height":700,"caption":"Hingelaegas O\u00dc"},"image":{"@id":"https:\/\/www.hingelaegas.ee\/#\/schema\/logo\/image\/"}}]}},"acf":[],"jetpack_likes_enabled":false,"jetpack_sharing_enabled":true,"_links":{"self":[{"href":"https:\/\/hingelaegas.ee\/en\/wp-json\/wp\/v2\/product\/1126","targetHints":{"allow":["GET"]}}],"collection":[{"href":"https:\/\/hingelaegas.ee\/en\/wp-json\/wp\/v2\/product"}],"about":[{"href":"https:\/\/hingelaegas.ee\/en\/wp-json\/wp\/v2\/types\/product"}],"replies":[{"embeddable":true,"href":"https:\/\/hingelaegas.ee\/en\/wp-json\/wp\/v2\/comments?post=1126"}],"wp:featuredmedia":[{"embeddable":true,"href":"https:\/\/hingelaegas.ee\/en\/wp-json\/wp\/v2\/media\/6028"}],"wp:attachment":[{"href":"https:\/\/hingelaegas.ee\/en\/wp-json\/wp\/v2\/media?parent=1126"}],"wp:term":[{"taxonomy":"product_brand","embeddable":true,"href":"https:\/\/hingelaegas.ee\/en\/wp-json\/wp\/v2\/product_brand?post=1126"},{"taxonomy":"product_cat","embeddable":true,"href":"https:\/\/hingelaegas.ee\/en\/wp-json\/wp\/v2\/product_cat?post=1126"},{"taxonomy":"product_tag","embeddable":true,"href":"https:\/\/hingelaegas.ee\/en\/wp-json\/wp\/v2\/product_tag?post=1126"}],"curies":[{"name":"wp","href":"https:\/\/api.w.org\/{rel}","templated":true}]}}