{"id":1192,"date":"2020-10-30T16:16:53","date_gmt":"2020-10-30T13:16:53","guid":{"rendered":"https:\/\/hingelaegas.ee\/?post_type=product&#038;p=1192"},"modified":"2025-09-23T15:37:23","modified_gmt":"2025-09-23T12:37:23","slug":"golden-nag-temple","status":"publish","type":"product","link":"https:\/\/hingelaegas.ee\/en\/product\/golden-nag-temple\/","title":{"rendered":"Golden Nag \u2013 Temple"},"content":{"rendered":"<p><strong>Golden Nag incense sticks<\/strong> are the most popular in the world precisely because of their fascinating and attractive aromas. The best quality spices, herbs, flower extracts, exotic oils and other natural ingredients have been carefully selected and skillfully blended to maximize their positive effects.<\/p>\n<ul>\n<li><strong>Handmade in India.<\/strong><\/li>\n<li>Natural and environmental-friendly.<\/li>\n<li>No child labor.<\/li>\n<li>No ingredients of animal origin.<\/li>\n<li>Does not contain chemical or toxic compounds.<\/li>\n<li>Packaging is made of recycled paper.<\/li>\n<\/ul>\n<p>These incense sticks are an ideal gift for aroma fans or just to pamper and pop yourself with high quality and natural scents.<\/p>\n<p>&nbsp;<\/p>\n<p><strong>Use instructions<\/strong><\/p>\n<p>Place the incense on a suitable incense burner or insert it into an orange or an apple, for example.<\/p>\n<p>Ignite the tip covered with incense, and if the incense tip glows, carefully blow out the flame.<\/p>\n<p>&nbsp;<\/p>\n<p><em><strong>Caution!<\/strong><\/em><\/p>\n<ul>\n<li>Burn only in an open or well-ventilated area.<\/li>\n<li>Avoid direct inhalation of incense smoke.<\/li>\n<li>Use only to scent the room. Do not put incense in your mouth.<\/li>\n<li>The incense must not be left unattended. Make sure that the smoking incense is not close to flammable materials and check that the ash can fall on a suitable (non-flammable) base.<\/li>\n<li>Keep out of reach of children and pets.<\/li>\n<\/ul>\n<p>&nbsp;<\/p>","protected":false},"excerpt":{"rendered":"<p id=\"tw-target-text\" class=\"tw-data-text tw-text-large XcVN5d tw-ta\" dir=\"ltr\" data-placeholder=\"T\u00f5lge\"><span lang=\"et\"><strong>Vijayshree Golden series incense<\/strong> are first-class with masala-based fragrance mixtures, made from natural herbs, spices and flower extracts and rolled by hand on bamboo sticks.<\/span><\/p>\n<p class=\"tw-data-text tw-text-large XcVN5d tw-ta\" dir=\"ltr\" data-placeholder=\"T\u00f5lge\"><span lang=\"et\">These aromatic Temple incense have a sweet floral scent, complemented by notes of fresh camphor and grass.<\/span><\/p>\n<p class=\"tw-data-text tw-text-large XcVN5d tw-ta\" dir=\"ltr\" data-placeholder=\"T\u00f5lge\"><span lang=\"et\">While burning incense, close your eyes and experience as if you were in a holy place - a temple. This incense is perfect for celebrating the home.<\/span><\/p>\n<p>&nbsp;<\/p>\n<p>The package contains 12-15 sticks (weight 15 g).<\/p>\n<p>Burning time: approx. 30 min.<\/p>","protected":false},"featured_media":1801,"comment_status":"open","ping_status":"closed","template":"","meta":{"_monsterinsights_skip_tracking":false,"_monsterinsights_sitenote_active":false,"_monsterinsights_sitenote_note":"","_monsterinsights_sitenote_category":0},"product_brand":[691],"product_cat":[271,97],"product_tag":[168,166,167,169],"class_list":{"0":"post-1192","1":"product","2":"type-product","3":"status-publish","4":"has-post-thumbnail","6":"product_brand-golden-nag","7":"product_cat-golden-nag","8":"product_cat-viirukipulgad","9":"product_tag-golden-nag","10":"product_tag-viirukid","11":"product_tag-viirukipirrud","12":"product_tag-vijayshree","14":"first","15":"instock","16":"taxable","17":"shipping-taxable","18":"purchasable","19":"product-type-simple"},"yoast_head":"<!-- This site is optimized with the Yoast SEO plugin v27.3 - https:\/\/yoast.com\/product\/yoast-seo-wordpress\/ -->\n<title>Kvaliteetsed Golden Nag - Tempel viirukid - Hingelaegas<\/title>\n<meta name=\"description\" content=\"Esmaklassiline ja t\u00e4iesti naturaalne Templi viiruk on magusa lillel\u00f5hnaga ja sobib ideaalselt kodu p\u00fchitsemiseks.\" \/>\n<meta name=\"robots\" content=\"index, follow, max-snippet:-1, max-image-preview:large, max-video-preview:-1\" \/>\n<link rel=\"canonical\" href=\"https:\/\/hingelaegas.ee\/en\/product\/golden-nag-temple\/\" \/>\n<meta property=\"og:locale\" content=\"en_GB\" \/>\n<meta property=\"og:type\" content=\"article\" \/>\n<meta property=\"og:title\" content=\"Kvaliteetsed Golden Nag - Tempel viirukid - Hingelaegas\" \/>\n<meta property=\"og:description\" content=\"Esmaklassiline ja t\u00e4iesti naturaalne Templi viiruk on magusa lillel\u00f5hnaga ja sobib ideaalselt kodu p\u00fchitsemiseks.\" \/>\n<meta property=\"og:url\" content=\"https:\/\/hingelaegas.ee\/en\/product\/golden-nag-temple\/\" \/>\n<meta property=\"og:site_name\" content=\"Hingelaegas\" \/>\n<meta property=\"article:modified_time\" content=\"2025-09-23T12:37:23+00:00\" \/>\n<meta property=\"og:image\" content=\"https:\/\/i0.wp.com\/hingelaegas.ee\/wp-content\/uploads\/2020\/10\/IMG_5082.jpeg?fit=1024%2C768&ssl=1\" \/>\n\t<meta property=\"og:image:width\" content=\"1024\" \/>\n\t<meta property=\"og:image:height\" content=\"768\" \/>\n\t<meta property=\"og:image:type\" content=\"image\/jpeg\" \/>\n<meta name=\"twitter:card\" content=\"summary_large_image\" \/>\n<meta name=\"twitter:label1\" content=\"Estimated reading time\" \/>\n\t<meta name=\"twitter:data1\" content=\"1 minute\" \/>\n<script type=\"application\/ld+json\" class=\"yoast-schema-graph\">{\"@context\":\"https:\\\/\\\/schema.org\",\"@graph\":[{\"@type\":\"WebPage\",\"@id\":\"https:\\\/\\\/hingelaegas.ee\\\/product\\\/golden-nag-temple\\\/\",\"url\":\"https:\\\/\\\/hingelaegas.ee\\\/product\\\/golden-nag-temple\\\/\",\"name\":\"Kvaliteetsed Golden Nag - Tempel viirukid - Hingelaegas\",\"isPartOf\":{\"@id\":\"https:\\\/\\\/www.hingelaegas.ee\\\/#website\"},\"primaryImageOfPage\":{\"@id\":\"https:\\\/\\\/hingelaegas.ee\\\/product\\\/golden-nag-temple\\\/#primaryimage\"},\"image\":{\"@id\":\"https:\\\/\\\/hingelaegas.ee\\\/product\\\/golden-nag-temple\\\/#primaryimage\"},\"thumbnailUrl\":\"https:\\\/\\\/i0.wp.com\\\/hingelaegas.ee\\\/wp-content\\\/uploads\\\/2020\\\/10\\\/IMG_5082.jpeg?fit=1024%2C768&ssl=1\",\"datePublished\":\"2020-10-30T13:16:53+00:00\",\"dateModified\":\"2025-09-23T12:37:23+00:00\",\"description\":\"Esmaklassiline ja t\u00e4iesti naturaalne Templi viiruk on magusa lillel\u00f5hnaga ja sobib ideaalselt kodu p\u00fchitsemiseks.\",\"breadcrumb\":{\"@id\":\"https:\\\/\\\/hingelaegas.ee\\\/product\\\/golden-nag-temple\\\/#breadcrumb\"},\"inLanguage\":\"en-GB\",\"potentialAction\":[{\"@type\":\"ReadAction\",\"target\":[\"https:\\\/\\\/hingelaegas.ee\\\/product\\\/golden-nag-temple\\\/\"]}]},{\"@type\":\"ImageObject\",\"inLanguage\":\"en-GB\",\"@id\":\"https:\\\/\\\/hingelaegas.ee\\\/product\\\/golden-nag-temple\\\/#primaryimage\",\"url\":\"https:\\\/\\\/i0.wp.com\\\/hingelaegas.ee\\\/wp-content\\\/uploads\\\/2020\\\/10\\\/IMG_5082.jpeg?fit=1024%2C768&ssl=1\",\"contentUrl\":\"https:\\\/\\\/i0.wp.com\\\/hingelaegas.ee\\\/wp-content\\\/uploads\\\/2020\\\/10\\\/IMG_5082.jpeg?fit=1024%2C768&ssl=1\",\"width\":1024,\"height\":768},{\"@type\":\"BreadcrumbList\",\"@id\":\"https:\\\/\\\/hingelaegas.ee\\\/product\\\/golden-nag-temple\\\/#breadcrumb\",\"itemListElement\":[{\"@type\":\"ListItem\",\"position\":1,\"name\":\"Home\",\"item\":\"https:\\\/\\\/www.hingelaegas.ee\\\/en\\\/\"},{\"@type\":\"ListItem\",\"position\":2,\"name\":\"E-POOD\",\"item\":\"https:\\\/\\\/www.hingelaegas.ee\\\/en\\\/e-pood\\\/\"},{\"@type\":\"ListItem\",\"position\":3,\"name\":\"Golden Nag &#8211; Tempel\"}]},{\"@type\":\"WebSite\",\"@id\":\"https:\\\/\\\/www.hingelaegas.ee\\\/#website\",\"url\":\"https:\\\/\\\/www.hingelaegas.ee\\\/\",\"name\":\"Hingelaegas\",\"description\":\"Hingele. Kehale. Vaimule.\",\"publisher\":{\"@id\":\"https:\\\/\\\/www.hingelaegas.ee\\\/#organization\"},\"potentialAction\":[{\"@type\":\"SearchAction\",\"target\":{\"@type\":\"EntryPoint\",\"urlTemplate\":\"https:\\\/\\\/www.hingelaegas.ee\\\/?s={search_term_string}\"},\"query-input\":{\"@type\":\"PropertyValueSpecification\",\"valueRequired\":true,\"valueName\":\"search_term_string\"}}],\"inLanguage\":\"en-GB\"},{\"@type\":\"Organization\",\"@id\":\"https:\\\/\\\/www.hingelaegas.ee\\\/#organization\",\"name\":\"Hingelaegas O\u00dc\",\"url\":\"https:\\\/\\\/www.hingelaegas.ee\\\/\",\"logo\":{\"@type\":\"ImageObject\",\"inLanguage\":\"en-GB\",\"@id\":\"https:\\\/\\\/www.hingelaegas.ee\\\/#\\\/schema\\\/logo\\\/image\\\/\",\"url\":\"https:\\\/\\\/hingelaegas.ee\\\/wp-content\\\/uploads\\\/2020\\\/12\\\/hingelaegas_vaike.png\",\"contentUrl\":\"https:\\\/\\\/hingelaegas.ee\\\/wp-content\\\/uploads\\\/2020\\\/12\\\/hingelaegas_vaike.png\",\"width\":700,\"height\":700,\"caption\":\"Hingelaegas O\u00dc\"},\"image\":{\"@id\":\"https:\\\/\\\/www.hingelaegas.ee\\\/#\\\/schema\\\/logo\\\/image\\\/\"}}]}<\/script>\n<!-- \/ Yoast SEO plugin. -->","yoast_head_json":{"title":"Kvaliteetsed Golden Nag - Tempel viirukid - Hingelaegas","description":"Esmaklassiline ja t\u00e4iesti naturaalne Templi viiruk on magusa lillel\u00f5hnaga ja sobib ideaalselt kodu p\u00fchitsemiseks.","robots":{"index":"index","follow":"follow","max-snippet":"max-snippet:-1","max-image-preview":"max-image-preview:large","max-video-preview":"max-video-preview:-1"},"canonical":"https:\/\/hingelaegas.ee\/en\/product\/golden-nag-temple\/","og_locale":"en_GB","og_type":"article","og_title":"Kvaliteetsed Golden Nag - Tempel viirukid - Hingelaegas","og_description":"Esmaklassiline ja t\u00e4iesti naturaalne Templi viiruk on magusa lillel\u00f5hnaga ja sobib ideaalselt kodu p\u00fchitsemiseks.","og_url":"https:\/\/hingelaegas.ee\/en\/product\/golden-nag-temple\/","og_site_name":"Hingelaegas","article_modified_time":"2025-09-23T12:37:23+00:00","og_image":[{"width":1024,"height":768,"url":"https:\/\/i0.wp.com\/hingelaegas.ee\/wp-content\/uploads\/2020\/10\/IMG_5082.jpeg?fit=1024%2C768&ssl=1","type":"image\/jpeg"}],"twitter_card":"summary_large_image","twitter_misc":{"Estimated reading time":"1 minute"},"schema":{"@context":"https:\/\/schema.org","@graph":[{"@type":"WebPage","@id":"https:\/\/hingelaegas.ee\/product\/golden-nag-temple\/","url":"https:\/\/hingelaegas.ee\/product\/golden-nag-temple\/","name":"Kvaliteetsed Golden Nag - Tempel viirukid - Hingelaegas","isPartOf":{"@id":"https:\/\/www.hingelaegas.ee\/#website"},"primaryImageOfPage":{"@id":"https:\/\/hingelaegas.ee\/product\/golden-nag-temple\/#primaryimage"},"image":{"@id":"https:\/\/hingelaegas.ee\/product\/golden-nag-temple\/#primaryimage"},"thumbnailUrl":"https:\/\/i0.wp.com\/hingelaegas.ee\/wp-content\/uploads\/2020\/10\/IMG_5082.jpeg?fit=1024%2C768&ssl=1","datePublished":"2020-10-30T13:16:53+00:00","dateModified":"2025-09-23T12:37:23+00:00","description":"Esmaklassiline ja t\u00e4iesti naturaalne Templi viiruk on magusa lillel\u00f5hnaga ja sobib ideaalselt kodu p\u00fchitsemiseks.","breadcrumb":{"@id":"https:\/\/hingelaegas.ee\/product\/golden-nag-temple\/#breadcrumb"},"inLanguage":"en-GB","potentialAction":[{"@type":"ReadAction","target":["https:\/\/hingelaegas.ee\/product\/golden-nag-temple\/"]}]},{"@type":"ImageObject","inLanguage":"en-GB","@id":"https:\/\/hingelaegas.ee\/product\/golden-nag-temple\/#primaryimage","url":"https:\/\/i0.wp.com\/hingelaegas.ee\/wp-content\/uploads\/2020\/10\/IMG_5082.jpeg?fit=1024%2C768&ssl=1","contentUrl":"https:\/\/i0.wp.com\/hingelaegas.ee\/wp-content\/uploads\/2020\/10\/IMG_5082.jpeg?fit=1024%2C768&ssl=1","width":1024,"height":768},{"@type":"BreadcrumbList","@id":"https:\/\/hingelaegas.ee\/product\/golden-nag-temple\/#breadcrumb","itemListElement":[{"@type":"ListItem","position":1,"name":"Home","item":"https:\/\/www.hingelaegas.ee\/en\/"},{"@type":"ListItem","position":2,"name":"E-POOD","item":"https:\/\/www.hingelaegas.ee\/en\/e-pood\/"},{"@type":"ListItem","position":3,"name":"Golden Nag &#8211; Tempel"}]},{"@type":"WebSite","@id":"https:\/\/www.hingelaegas.ee\/#website","url":"https:\/\/www.hingelaegas.ee\/","name":"Hingelaegas","description":"For Soul. For Body. For Mind.","publisher":{"@id":"https:\/\/www.hingelaegas.ee\/#organization"},"potentialAction":[{"@type":"SearchAction","target":{"@type":"EntryPoint","urlTemplate":"https:\/\/www.hingelaegas.ee\/?s={search_term_string}"},"query-input":{"@type":"PropertyValueSpecification","valueRequired":true,"valueName":"search_term_string"}}],"inLanguage":"en-GB"},{"@type":"Organization","@id":"https:\/\/www.hingelaegas.ee\/#organization","name":"Hingelaegas O\u00dc","url":"https:\/\/www.hingelaegas.ee\/","logo":{"@type":"ImageObject","inLanguage":"en-GB","@id":"https:\/\/www.hingelaegas.ee\/#\/schema\/logo\/image\/","url":"https:\/\/hingelaegas.ee\/wp-content\/uploads\/2020\/12\/hingelaegas_vaike.png","contentUrl":"https:\/\/hingelaegas.ee\/wp-content\/uploads\/2020\/12\/hingelaegas_vaike.png","width":700,"height":700,"caption":"Hingelaegas O\u00dc"},"image":{"@id":"https:\/\/www.hingelaegas.ee\/#\/schema\/logo\/image\/"}}]}},"acf":[],"jetpack_likes_enabled":false,"jetpack_sharing_enabled":true,"_links":{"self":[{"href":"https:\/\/hingelaegas.ee\/en\/wp-json\/wp\/v2\/product\/1192","targetHints":{"allow":["GET"]}}],"collection":[{"href":"https:\/\/hingelaegas.ee\/en\/wp-json\/wp\/v2\/product"}],"about":[{"href":"https:\/\/hingelaegas.ee\/en\/wp-json\/wp\/v2\/types\/product"}],"replies":[{"embeddable":true,"href":"https:\/\/hingelaegas.ee\/en\/wp-json\/wp\/v2\/comments?post=1192"}],"wp:featuredmedia":[{"embeddable":true,"href":"https:\/\/hingelaegas.ee\/en\/wp-json\/wp\/v2\/media\/1801"}],"wp:attachment":[{"href":"https:\/\/hingelaegas.ee\/en\/wp-json\/wp\/v2\/media?parent=1192"}],"wp:term":[{"taxonomy":"product_brand","embeddable":true,"href":"https:\/\/hingelaegas.ee\/en\/wp-json\/wp\/v2\/product_brand?post=1192"},{"taxonomy":"product_cat","embeddable":true,"href":"https:\/\/hingelaegas.ee\/en\/wp-json\/wp\/v2\/product_cat?post=1192"},{"taxonomy":"product_tag","embeddable":true,"href":"https:\/\/hingelaegas.ee\/en\/wp-json\/wp\/v2\/product_tag?post=1192"}],"curies":[{"name":"wp","href":"https:\/\/api.w.org\/{rel}","templated":true}]}}