{"id":1238,"date":"2020-10-30T23:33:59","date_gmt":"2020-10-30T20:33:59","guid":{"rendered":"https:\/\/hingelaegas.ee\/?post_type=product&#038;p=1238"},"modified":"2025-09-23T15:40:32","modified_gmt":"2025-09-23T12:40:32","slug":"stamford-sensuaalsus","status":"publish","type":"product","link":"https:\/\/hingelaegas.ee\/en\/product\/stamford-sensuaalsus\/","title":{"rendered":"Stamford incense cones \u2013 Sensuality"},"content":{"rendered":"<div class=\"lW8rQd\">\n<div class=\"vpx4Fd\">\n<div class=\"pgRvse vdBwhd\">\n<p><strong style=\"font-size: 12pt;\">Use instructions<\/strong><\/p>\n<\/div>\n<\/div>\n<\/div>\n<p><span style=\"font-size: 12pt;\">Ignite the tip of the incense cone, and if the tip glows, carefully blow out the flame.<\/span><\/p>\n<p><span style=\"font-size: 12pt;\">Place the incense on the metal tray included in the package or any other suitable incense burner.<\/span><\/p>\n<p>&nbsp;<\/p>\n<p><em><span style=\"font-size: 12pt;\"><strong>Caution!<\/strong><\/span><\/em><\/p>\n<ul>\n<li><span style=\"font-size: 12pt;\">Burn only in an open or well-ventilated area.<\/span><\/li>\n<li><span style=\"font-size: 12pt;\">Avoid direct inhalation of incense smoke.<\/span><\/li>\n<li><span style=\"font-size: 12pt;\">Use only to scent the room. Do not put incense in your mouth.<\/span><\/li>\n<li><span style=\"font-size: 12pt;\">The incense must not be left unattended. Make sure that the smoking incense is not close to flammable materials and check that the ash can fall on a suitable (non-flammable) base.<\/span><\/li>\n<li><span style=\"font-size: 12pt;\">Keep out of reach of children and pets.<\/span><\/li>\n<\/ul>\n<p>&nbsp;<\/p>","protected":false},"excerpt":{"rendered":"<p>This incense with a sensual aroma is a wonderful combination of <strong>ylang ylang<\/strong>, <strong>nutmeg<\/strong> and <strong>patchouli<\/strong> scent notes. With its gently sweet and oriental undertone, this incense is the perfect incense to create a romantic and sensual atmosphere in your home.<\/p>\n<p><strong>Ylang ylang<\/strong>, also called a poor man 's jasmine, has a calming effect and helps relieve stress. It also helps lower high blood pressure and reduces nervous tension.<\/p>\n<p><strong>Nutmeg's<\/strong> aroma cures stress and relieves pain. In addition, it has a calming, stimulating, relaxing and anti-inflammatory effect.<\/p>\n<p><strong>Patchouli<\/strong> helps repel negative thoughts, relieves anxiety and depression. It also has a libido-boosting effect and helps strengthen the immune system.<\/p>\n<p>&nbsp;<\/p>\n<p><strong>Stamford's high-quality incense cones <\/strong>are great mood enhancers with attractive aromas and relaxing properties. Their aromas are mild and long-lasting, ideal stress relievers and perfectly entertaining at the same time. These incense cones easily help create just the right mood for relaxation and perfectly complement your beautiful and cozy home. The selection of fragrances ranges from aloe vera to white musk, so there is definitely something for every taste.<\/p>\n<p>Made in India from perfumery's high-quality raw materials.<\/p>\n<p>The box contains a pack of incense cones (about 15 cones) and a metal base for burning.<\/p>\n<p>The burning time is about 20 minutes for one cone.<\/p>","protected":false},"featured_media":1833,"comment_status":"open","ping_status":"closed","template":"","meta":{"_monsterinsights_skip_tracking":false,"_monsterinsights_sitenote_active":false,"_monsterinsights_sitenote_note":"","_monsterinsights_sitenote_category":0},"product_brand":[692],"product_cat":[98],"product_tag":[172,166,171],"class_list":{"0":"post-1238","1":"product","2":"type-product","3":"status-publish","4":"has-post-thumbnail","6":"product_brand-stamford","7":"product_cat-viirukikoonused","8":"product_tag-stamford","9":"product_tag-viirukid","10":"product_tag-viirukikoonused","12":"first","13":"instock","14":"taxable","15":"shipping-taxable","16":"purchasable","17":"product-type-simple"},"yoast_head":"<!-- This site is optimized with the Yoast SEO plugin v27.3 - https:\/\/yoast.com\/product\/yoast-seo-wordpress\/ -->\n<title>Esmaklassilised Stamford viirukikoonused - Sensuaalsus - Hingelaegas<\/title>\n<meta name=\"description\" content=\"Viiruk Sensuaalsus koosneb ylang ylangi, muskaatp\u00e4hkli ja pat\u0161uli l\u00f5hnanootidest. Ideaalne romantilise ja sensuaalse atmosf\u00e4\u00e4ri loomiseks.\" \/>\n<meta name=\"robots\" content=\"index, follow, max-snippet:-1, max-image-preview:large, max-video-preview:-1\" \/>\n<link rel=\"canonical\" href=\"https:\/\/www.hingelaegas.ee\/en\/product\/stamford-sensuaalsus\/\" \/>\n<meta property=\"og:locale\" content=\"en_GB\" \/>\n<meta property=\"og:type\" content=\"article\" \/>\n<meta property=\"og:title\" content=\"Esmaklassilised Stamford viirukikoonused - Sensuaalsus - Hingelaegas\" \/>\n<meta property=\"og:description\" content=\"Viiruk Sensuaalsus koosneb ylang ylangi, muskaatp\u00e4hkli ja pat\u0161uli l\u00f5hnanootidest. Ideaalne romantilise ja sensuaalse atmosf\u00e4\u00e4ri loomiseks.\" \/>\n<meta property=\"og:url\" content=\"https:\/\/www.hingelaegas.ee\/en\/product\/stamford-sensuaalsus\/\" \/>\n<meta property=\"og:site_name\" content=\"Hingelaegas\" \/>\n<meta property=\"article:modified_time\" content=\"2025-09-23T12:40:32+00:00\" \/>\n<meta property=\"og:image\" content=\"https:\/\/i0.wp.com\/www.hingelaegas.ee\/wp-content\/uploads\/2020\/10\/IMG_5114-e1609242176483.jpeg?fit=824%2C619&ssl=1\" \/>\n\t<meta property=\"og:image:width\" content=\"824\" \/>\n\t<meta property=\"og:image:height\" content=\"619\" \/>\n\t<meta property=\"og:image:type\" content=\"image\/jpeg\" \/>\n<meta name=\"twitter:card\" content=\"summary_large_image\" \/>\n<script type=\"application\/ld+json\" class=\"yoast-schema-graph\">{\"@context\":\"https:\\\/\\\/schema.org\",\"@graph\":[{\"@type\":\"WebPage\",\"@id\":\"https:\\\/\\\/www.hingelaegas.ee\\\/en\\\/product\\\/stamford-sensuaalsus\\\/\",\"url\":\"https:\\\/\\\/www.hingelaegas.ee\\\/en\\\/product\\\/stamford-sensuaalsus\\\/\",\"name\":\"Esmaklassilised Stamford viirukikoonused - Sensuaalsus - Hingelaegas\",\"isPartOf\":{\"@id\":\"https:\\\/\\\/www.hingelaegas.ee\\\/#website\"},\"primaryImageOfPage\":{\"@id\":\"https:\\\/\\\/www.hingelaegas.ee\\\/en\\\/product\\\/stamford-sensuaalsus\\\/#primaryimage\"},\"image\":{\"@id\":\"https:\\\/\\\/www.hingelaegas.ee\\\/en\\\/product\\\/stamford-sensuaalsus\\\/#primaryimage\"},\"thumbnailUrl\":\"https:\\\/\\\/i0.wp.com\\\/hingelaegas.ee\\\/wp-content\\\/uploads\\\/2020\\\/10\\\/IMG_5114-e1609242176483.jpeg?fit=824%2C619&ssl=1\",\"datePublished\":\"2020-10-30T20:33:59+00:00\",\"dateModified\":\"2025-09-23T12:40:32+00:00\",\"description\":\"Viiruk Sensuaalsus koosneb ylang ylangi, muskaatp\u00e4hkli ja pat\u0161uli l\u00f5hnanootidest. Ideaalne romantilise ja sensuaalse atmosf\u00e4\u00e4ri loomiseks.\",\"breadcrumb\":{\"@id\":\"https:\\\/\\\/www.hingelaegas.ee\\\/en\\\/product\\\/stamford-sensuaalsus\\\/#breadcrumb\"},\"inLanguage\":\"en-GB\",\"potentialAction\":[{\"@type\":\"ReadAction\",\"target\":[\"https:\\\/\\\/www.hingelaegas.ee\\\/en\\\/product\\\/stamford-sensuaalsus\\\/\"]}]},{\"@type\":\"ImageObject\",\"inLanguage\":\"en-GB\",\"@id\":\"https:\\\/\\\/www.hingelaegas.ee\\\/en\\\/product\\\/stamford-sensuaalsus\\\/#primaryimage\",\"url\":\"https:\\\/\\\/i0.wp.com\\\/hingelaegas.ee\\\/wp-content\\\/uploads\\\/2020\\\/10\\\/IMG_5114-e1609242176483.jpeg?fit=824%2C619&ssl=1\",\"contentUrl\":\"https:\\\/\\\/i0.wp.com\\\/hingelaegas.ee\\\/wp-content\\\/uploads\\\/2020\\\/10\\\/IMG_5114-e1609242176483.jpeg?fit=824%2C619&ssl=1\",\"width\":824,\"height\":619},{\"@type\":\"BreadcrumbList\",\"@id\":\"https:\\\/\\\/www.hingelaegas.ee\\\/en\\\/product\\\/stamford-sensuaalsus\\\/#breadcrumb\",\"itemListElement\":[{\"@type\":\"ListItem\",\"position\":1,\"name\":\"Home\",\"item\":\"https:\\\/\\\/www.hingelaegas.ee\\\/en\\\/\"},{\"@type\":\"ListItem\",\"position\":2,\"name\":\"E-POOD\",\"item\":\"https:\\\/\\\/www.hingelaegas.ee\\\/en\\\/e-pood\\\/\"},{\"@type\":\"ListItem\",\"position\":3,\"name\":\"Stamford viirukikoonused &#8211; Sensuaalsus\"}]},{\"@type\":\"WebSite\",\"@id\":\"https:\\\/\\\/www.hingelaegas.ee\\\/#website\",\"url\":\"https:\\\/\\\/www.hingelaegas.ee\\\/\",\"name\":\"Hingelaegas\",\"description\":\"Hingele. Kehale. Vaimule.\",\"publisher\":{\"@id\":\"https:\\\/\\\/www.hingelaegas.ee\\\/#organization\"},\"potentialAction\":[{\"@type\":\"SearchAction\",\"target\":{\"@type\":\"EntryPoint\",\"urlTemplate\":\"https:\\\/\\\/www.hingelaegas.ee\\\/?s={search_term_string}\"},\"query-input\":{\"@type\":\"PropertyValueSpecification\",\"valueRequired\":true,\"valueName\":\"search_term_string\"}}],\"inLanguage\":\"en-GB\"},{\"@type\":\"Organization\",\"@id\":\"https:\\\/\\\/www.hingelaegas.ee\\\/#organization\",\"name\":\"Hingelaegas O\u00dc\",\"url\":\"https:\\\/\\\/www.hingelaegas.ee\\\/\",\"logo\":{\"@type\":\"ImageObject\",\"inLanguage\":\"en-GB\",\"@id\":\"https:\\\/\\\/www.hingelaegas.ee\\\/#\\\/schema\\\/logo\\\/image\\\/\",\"url\":\"https:\\\/\\\/hingelaegas.ee\\\/wp-content\\\/uploads\\\/2020\\\/12\\\/hingelaegas_vaike.png\",\"contentUrl\":\"https:\\\/\\\/hingelaegas.ee\\\/wp-content\\\/uploads\\\/2020\\\/12\\\/hingelaegas_vaike.png\",\"width\":700,\"height\":700,\"caption\":\"Hingelaegas O\u00dc\"},\"image\":{\"@id\":\"https:\\\/\\\/www.hingelaegas.ee\\\/#\\\/schema\\\/logo\\\/image\\\/\"}}]}<\/script>\n<!-- \/ Yoast SEO plugin. -->","yoast_head_json":{"title":"Esmaklassilised Stamford viirukikoonused - Sensuaalsus - Hingelaegas","description":"Viiruk Sensuaalsus koosneb ylang ylangi, muskaatp\u00e4hkli ja pat\u0161uli l\u00f5hnanootidest. Ideaalne romantilise ja sensuaalse atmosf\u00e4\u00e4ri loomiseks.","robots":{"index":"index","follow":"follow","max-snippet":"max-snippet:-1","max-image-preview":"max-image-preview:large","max-video-preview":"max-video-preview:-1"},"canonical":"https:\/\/www.hingelaegas.ee\/en\/product\/stamford-sensuaalsus\/","og_locale":"en_GB","og_type":"article","og_title":"Esmaklassilised Stamford viirukikoonused - Sensuaalsus - Hingelaegas","og_description":"Viiruk Sensuaalsus koosneb ylang ylangi, muskaatp\u00e4hkli ja pat\u0161uli l\u00f5hnanootidest. Ideaalne romantilise ja sensuaalse atmosf\u00e4\u00e4ri loomiseks.","og_url":"https:\/\/www.hingelaegas.ee\/en\/product\/stamford-sensuaalsus\/","og_site_name":"Hingelaegas","article_modified_time":"2025-09-23T12:40:32+00:00","og_image":[{"width":824,"height":619,"url":"https:\/\/i0.wp.com\/www.hingelaegas.ee\/wp-content\/uploads\/2020\/10\/IMG_5114-e1609242176483.jpeg?fit=824%2C619&ssl=1","type":"image\/jpeg"}],"twitter_card":"summary_large_image","schema":{"@context":"https:\/\/schema.org","@graph":[{"@type":"WebPage","@id":"https:\/\/www.hingelaegas.ee\/en\/product\/stamford-sensuaalsus\/","url":"https:\/\/www.hingelaegas.ee\/en\/product\/stamford-sensuaalsus\/","name":"Esmaklassilised Stamford viirukikoonused - Sensuaalsus - Hingelaegas","isPartOf":{"@id":"https:\/\/www.hingelaegas.ee\/#website"},"primaryImageOfPage":{"@id":"https:\/\/www.hingelaegas.ee\/en\/product\/stamford-sensuaalsus\/#primaryimage"},"image":{"@id":"https:\/\/www.hingelaegas.ee\/en\/product\/stamford-sensuaalsus\/#primaryimage"},"thumbnailUrl":"https:\/\/i0.wp.com\/hingelaegas.ee\/wp-content\/uploads\/2020\/10\/IMG_5114-e1609242176483.jpeg?fit=824%2C619&ssl=1","datePublished":"2020-10-30T20:33:59+00:00","dateModified":"2025-09-23T12:40:32+00:00","description":"Viiruk Sensuaalsus koosneb ylang ylangi, muskaatp\u00e4hkli ja pat\u0161uli l\u00f5hnanootidest. Ideaalne romantilise ja sensuaalse atmosf\u00e4\u00e4ri loomiseks.","breadcrumb":{"@id":"https:\/\/www.hingelaegas.ee\/en\/product\/stamford-sensuaalsus\/#breadcrumb"},"inLanguage":"en-GB","potentialAction":[{"@type":"ReadAction","target":["https:\/\/www.hingelaegas.ee\/en\/product\/stamford-sensuaalsus\/"]}]},{"@type":"ImageObject","inLanguage":"en-GB","@id":"https:\/\/www.hingelaegas.ee\/en\/product\/stamford-sensuaalsus\/#primaryimage","url":"https:\/\/i0.wp.com\/hingelaegas.ee\/wp-content\/uploads\/2020\/10\/IMG_5114-e1609242176483.jpeg?fit=824%2C619&ssl=1","contentUrl":"https:\/\/i0.wp.com\/hingelaegas.ee\/wp-content\/uploads\/2020\/10\/IMG_5114-e1609242176483.jpeg?fit=824%2C619&ssl=1","width":824,"height":619},{"@type":"BreadcrumbList","@id":"https:\/\/www.hingelaegas.ee\/en\/product\/stamford-sensuaalsus\/#breadcrumb","itemListElement":[{"@type":"ListItem","position":1,"name":"Home","item":"https:\/\/www.hingelaegas.ee\/en\/"},{"@type":"ListItem","position":2,"name":"E-POOD","item":"https:\/\/www.hingelaegas.ee\/en\/e-pood\/"},{"@type":"ListItem","position":3,"name":"Stamford viirukikoonused &#8211; Sensuaalsus"}]},{"@type":"WebSite","@id":"https:\/\/www.hingelaegas.ee\/#website","url":"https:\/\/www.hingelaegas.ee\/","name":"Hingelaegas","description":"For Soul. For Body. For Mind.","publisher":{"@id":"https:\/\/www.hingelaegas.ee\/#organization"},"potentialAction":[{"@type":"SearchAction","target":{"@type":"EntryPoint","urlTemplate":"https:\/\/www.hingelaegas.ee\/?s={search_term_string}"},"query-input":{"@type":"PropertyValueSpecification","valueRequired":true,"valueName":"search_term_string"}}],"inLanguage":"en-GB"},{"@type":"Organization","@id":"https:\/\/www.hingelaegas.ee\/#organization","name":"Hingelaegas O\u00dc","url":"https:\/\/www.hingelaegas.ee\/","logo":{"@type":"ImageObject","inLanguage":"en-GB","@id":"https:\/\/www.hingelaegas.ee\/#\/schema\/logo\/image\/","url":"https:\/\/hingelaegas.ee\/wp-content\/uploads\/2020\/12\/hingelaegas_vaike.png","contentUrl":"https:\/\/hingelaegas.ee\/wp-content\/uploads\/2020\/12\/hingelaegas_vaike.png","width":700,"height":700,"caption":"Hingelaegas O\u00dc"},"image":{"@id":"https:\/\/www.hingelaegas.ee\/#\/schema\/logo\/image\/"}}]}},"acf":[],"jetpack_likes_enabled":false,"jetpack_sharing_enabled":true,"_links":{"self":[{"href":"https:\/\/hingelaegas.ee\/en\/wp-json\/wp\/v2\/product\/1238","targetHints":{"allow":["GET"]}}],"collection":[{"href":"https:\/\/hingelaegas.ee\/en\/wp-json\/wp\/v2\/product"}],"about":[{"href":"https:\/\/hingelaegas.ee\/en\/wp-json\/wp\/v2\/types\/product"}],"replies":[{"embeddable":true,"href":"https:\/\/hingelaegas.ee\/en\/wp-json\/wp\/v2\/comments?post=1238"}],"wp:featuredmedia":[{"embeddable":true,"href":"https:\/\/hingelaegas.ee\/en\/wp-json\/wp\/v2\/media\/1833"}],"wp:attachment":[{"href":"https:\/\/hingelaegas.ee\/en\/wp-json\/wp\/v2\/media?parent=1238"}],"wp:term":[{"taxonomy":"product_brand","embeddable":true,"href":"https:\/\/hingelaegas.ee\/en\/wp-json\/wp\/v2\/product_brand?post=1238"},{"taxonomy":"product_cat","embeddable":true,"href":"https:\/\/hingelaegas.ee\/en\/wp-json\/wp\/v2\/product_cat?post=1238"},{"taxonomy":"product_tag","embeddable":true,"href":"https:\/\/hingelaegas.ee\/en\/wp-json\/wp\/v2\/product_tag?post=1238"}],"curies":[{"name":"wp","href":"https:\/\/api.w.org\/{rel}","templated":true}]}}