{"id":1249,"date":"2020-11-01T22:02:21","date_gmt":"2020-11-01T20:02:21","guid":{"rendered":"https:\/\/hingelaegas.ee\/?post_type=product&#038;p=1249"},"modified":"2025-02-14T17:36:37","modified_gmt":"2025-02-14T15:36:37","slug":"viirukikoonus-langeva-suitsuga-nag-champa","status":"publish","type":"product","link":"https:\/\/hingelaegas.ee\/en\/product\/viirukikoonus-langeva-suitsuga-nag-champa\/","title":{"rendered":"Backflow incense cones - Nag Champa"},"content":{"rendered":"<div class=\"woocommerce-product-details__short-description\"><\/div>\n<div class=\"lW8rQd\">\n<div class=\"vpx4Fd\">\n<div class=\"pgRvse vdBwhd\">\n<p><strong style=\"font-size: 12pt;\">Use instructions<\/strong><\/p>\n<\/div>\n<\/div>\n<\/div>\n<p><span style=\"font-size: 12pt;\">Ignite the tip of the incense cone, and if the tip glows, carefully blow out the flame.<\/span><\/p>\n<p><span style=\"font-size: 12pt;\">Place the incense <\/span><span style=\"font-size: 12pt;\"> cone on a <a href=\"https:\/\/hingelaegas.ee\/product-category\/viirukid\/viirukialused-langeva-suitsuga-viirukitele\/\">backflow incense burner<\/a>.<\/span><\/p>\n<p><em><span style=\"font-size: 12pt;\"><strong>Caution!<\/strong><\/span><\/em><\/p>\n<ul>\n<li><span style=\"font-size: 12pt;\">Burn only in an open or well-ventilated area. For best results, burn indoors and avoid drafts.<\/span><\/li>\n<li><span style=\"font-size: 12pt;\">Avoid direct inhalation of incense smoke.<\/span><\/li>\n<li><span style=\"font-size: 12pt;\">Use only to scent the room. Do not put incense in your mouth.<\/span><\/li>\n<li><span style=\"font-size: 12pt;\">The incense must not be left unattended. Make sure that the smoking incense is not close to flammable materials and check that the ash can fall on a suitable (non-flammable) base.<\/span><\/li>\n<li><span style=\"font-size: 12pt;\">Keep out of reach of children and pets.<\/span><\/li>\n<\/ul>\n<p>&nbsp;<\/p>","protected":false},"excerpt":{"rendered":"<div class=\"woocommerce-product-details__short-description\">\n<p><strong>Champa incense<\/strong> contains plumeria, also known in western society as frangipani - as they call the flowers of this tree from the Asian evergreen magnolia family. This tree is considered a sacred tree in Hinduism and Buddhism. The name of the incense - champa - comes from the Sanskrit word <i lang=\"sa-Latn\" title=\"International Alphabet of Sanskrit transliteration\">campaka<\/i>, which refers to the tree species <i>Magnolia champaca <\/i>.<\/p>\n<p><span lang=\"et\">This incense has the ability to attract and retain exactly what we want. It is also known as the good luck incense, because the trees from which the plumeria flowers come from are also called the lucky perfume tree. Many have observed that burning this incense helps lift the mood and can lead to experiences of mental change. The scent of the incense has a harmonizing and relaxing property.<\/span><\/p>\n<\/div>\n<div class=\"lW8rQd\">\n<div class=\"vpx4Fd\">\n<div class=\"pgRvse vdBwhd\">\n<p>&nbsp;<\/p>\n<\/div>\n<\/div>\n<\/div>\n<p><strong>Backflow incense cones<\/strong> offer an unusual and exotic pleasure to the eye, as the smoke which is heavier than air falls dramatically downwards like a waterfall.<\/p>\n<p>These incense cones are intended for burning on specially designed <strong><a href=\"https:\/\/hingelaegas.ee\/product-category\/viirukid\/viirukialused-langeva-suitsuga-viirukitele\/\">incense burners,<\/a> <\/strong>which decorate the home as beautiful and effective sculptures. However, when burning backflow incense cones, they offer an enchanting and mesmerizing view.<\/p>\n<p>Burn your favourite incense and allow the smoke to fill your home with a pleasant aroma. At the same time, you can enjoy the fascinating beautiful view of the flowing incense smoke!<\/p>\n<p>&nbsp;<\/p>\n<p>Made in India.<\/p>\n<p>One cone has 30 mm in height and 10 mm in diameter. Weight 2 g. Each pack contains 10 pieces (20 g).<\/p>\n<p>Burning time: approx. 20 min.<\/p>","protected":false},"featured_media":1263,"comment_status":"open","ping_status":"closed","template":"","meta":{"_monsterinsights_skip_tracking":false,"_monsterinsights_sitenote_active":false,"_monsterinsights_sitenote_note":"","_monsterinsights_sitenote_category":0},"product_brand":[],"product_cat":[99],"product_tag":[179,166,173],"class_list":{"0":"post-1249","1":"product","2":"type-product","3":"status-publish","4":"has-post-thumbnail","6":"product_cat-viirukikoonused-langeva-suitsuga","7":"product_tag-viirukialused-langeva-suitsuga-viirukitele","8":"product_tag-viirukid","9":"product_tag-viirukikoonused-langeva-suitsuga","11":"first","12":"instock","13":"taxable","14":"shipping-taxable","15":"purchasable","16":"product-type-simple"},"yoast_head":"<!-- This site is optimized with the Yoast SEO plugin v27.3 - https:\/\/yoast.com\/product\/yoast-seo-wordpress\/ -->\n<title>Viirukikoonus langeva suitsuga - Nag Champa - Hingelaegas<\/title>\n<meta name=\"description\" content=\"Langeva suitsuga viirukikoonused pakuvad p\u00f5letamisel ebatavalist ja uhket silmailu, kui viiruki p\u00f5lemisel tekkiv suits langeb keereldes ja p\u00f6\u00f6reldes dramaatiliselt allapoole nagu voogav kosk.\" \/>\n<meta name=\"robots\" content=\"index, follow, max-snippet:-1, max-image-preview:large, max-video-preview:-1\" \/>\n<link rel=\"canonical\" href=\"https:\/\/www.hingelaegas.ee\/product\/viirukikoonus-langeva-suitsuga-nag-champa\/\" \/>\n<meta property=\"og:locale\" content=\"en_GB\" \/>\n<meta property=\"og:type\" content=\"article\" \/>\n<meta property=\"og:title\" content=\"Viirukikoonus langeva suitsuga - Nag Champa - Hingelaegas\" \/>\n<meta property=\"og:description\" content=\"Langeva suitsuga viirukikoonused pakuvad p\u00f5letamisel ebatavalist ja uhket silmailu, kui viiruki p\u00f5lemisel tekkiv suits langeb keereldes ja p\u00f6\u00f6reldes dramaatiliselt allapoole nagu voogav kosk.\" \/>\n<meta property=\"og:url\" content=\"https:\/\/www.hingelaegas.ee\/product\/viirukikoonus-langeva-suitsuga-nag-champa\/\" \/>\n<meta property=\"og:site_name\" content=\"Hingelaegas\" \/>\n<meta property=\"article:modified_time\" content=\"2025-02-14T15:36:37+00:00\" \/>\n<meta property=\"og:image\" content=\"https:\/\/i0.wp.com\/www.hingelaegas.ee\/wp-content\/uploads\/2020\/11\/backflow_nagchampa-e1609241310736.jpeg?fit=800%2C800&ssl=1\" \/>\n\t<meta property=\"og:image:width\" content=\"800\" \/>\n\t<meta property=\"og:image:height\" content=\"800\" \/>\n\t<meta property=\"og:image:type\" content=\"image\/jpeg\" \/>\n<meta name=\"twitter:card\" content=\"summary_large_image\" \/>\n<script type=\"application\/ld+json\" class=\"yoast-schema-graph\">{\"@context\":\"https:\\\/\\\/schema.org\",\"@graph\":[{\"@type\":\"WebPage\",\"@id\":\"https:\\\/\\\/www.hingelaegas.ee\\\/product\\\/viirukikoonus-langeva-suitsuga-nag-champa\\\/\",\"url\":\"https:\\\/\\\/www.hingelaegas.ee\\\/product\\\/viirukikoonus-langeva-suitsuga-nag-champa\\\/\",\"name\":\"Viirukikoonus langeva suitsuga - Nag Champa - Hingelaegas\",\"isPartOf\":{\"@id\":\"https:\\\/\\\/www.hingelaegas.ee\\\/#website\"},\"primaryImageOfPage\":{\"@id\":\"https:\\\/\\\/www.hingelaegas.ee\\\/product\\\/viirukikoonus-langeva-suitsuga-nag-champa\\\/#primaryimage\"},\"image\":{\"@id\":\"https:\\\/\\\/www.hingelaegas.ee\\\/product\\\/viirukikoonus-langeva-suitsuga-nag-champa\\\/#primaryimage\"},\"thumbnailUrl\":\"https:\\\/\\\/i0.wp.com\\\/hingelaegas.ee\\\/wp-content\\\/uploads\\\/2020\\\/11\\\/backflow_nagchampa-e1609241310736.jpeg?fit=800%2C800&ssl=1\",\"datePublished\":\"2020-11-01T20:02:21+00:00\",\"dateModified\":\"2025-02-14T15:36:37+00:00\",\"description\":\"Langeva suitsuga viirukikoonused pakuvad p\u00f5letamisel ebatavalist ja uhket silmailu, kui viiruki p\u00f5lemisel tekkiv suits langeb keereldes ja p\u00f6\u00f6reldes dramaatiliselt allapoole nagu voogav kosk.\",\"breadcrumb\":{\"@id\":\"https:\\\/\\\/www.hingelaegas.ee\\\/product\\\/viirukikoonus-langeva-suitsuga-nag-champa\\\/#breadcrumb\"},\"inLanguage\":\"en-GB\",\"potentialAction\":[{\"@type\":\"ReadAction\",\"target\":[\"https:\\\/\\\/www.hingelaegas.ee\\\/product\\\/viirukikoonus-langeva-suitsuga-nag-champa\\\/\"]}]},{\"@type\":\"ImageObject\",\"inLanguage\":\"en-GB\",\"@id\":\"https:\\\/\\\/www.hingelaegas.ee\\\/product\\\/viirukikoonus-langeva-suitsuga-nag-champa\\\/#primaryimage\",\"url\":\"https:\\\/\\\/i0.wp.com\\\/hingelaegas.ee\\\/wp-content\\\/uploads\\\/2020\\\/11\\\/backflow_nagchampa-e1609241310736.jpeg?fit=800%2C800&ssl=1\",\"contentUrl\":\"https:\\\/\\\/i0.wp.com\\\/hingelaegas.ee\\\/wp-content\\\/uploads\\\/2020\\\/11\\\/backflow_nagchampa-e1609241310736.jpeg?fit=800%2C800&ssl=1\",\"width\":800,\"height\":800},{\"@type\":\"BreadcrumbList\",\"@id\":\"https:\\\/\\\/www.hingelaegas.ee\\\/product\\\/viirukikoonus-langeva-suitsuga-nag-champa\\\/#breadcrumb\",\"itemListElement\":[{\"@type\":\"ListItem\",\"position\":1,\"name\":\"Home\",\"item\":\"https:\\\/\\\/www.hingelaegas.ee\\\/en\\\/\"},{\"@type\":\"ListItem\",\"position\":2,\"name\":\"E-POOD\",\"item\":\"https:\\\/\\\/www.hingelaegas.ee\\\/en\\\/e-pood\\\/\"},{\"@type\":\"ListItem\",\"position\":3,\"name\":\"Viirukikoonus langeva suitsuga &#8211; Nag Champa\"}]},{\"@type\":\"WebSite\",\"@id\":\"https:\\\/\\\/www.hingelaegas.ee\\\/#website\",\"url\":\"https:\\\/\\\/www.hingelaegas.ee\\\/\",\"name\":\"Hingelaegas\",\"description\":\"Hingele. Kehale. Vaimule.\",\"publisher\":{\"@id\":\"https:\\\/\\\/www.hingelaegas.ee\\\/#organization\"},\"potentialAction\":[{\"@type\":\"SearchAction\",\"target\":{\"@type\":\"EntryPoint\",\"urlTemplate\":\"https:\\\/\\\/www.hingelaegas.ee\\\/?s={search_term_string}\"},\"query-input\":{\"@type\":\"PropertyValueSpecification\",\"valueRequired\":true,\"valueName\":\"search_term_string\"}}],\"inLanguage\":\"en-GB\"},{\"@type\":\"Organization\",\"@id\":\"https:\\\/\\\/www.hingelaegas.ee\\\/#organization\",\"name\":\"Hingelaegas O\u00dc\",\"url\":\"https:\\\/\\\/www.hingelaegas.ee\\\/\",\"logo\":{\"@type\":\"ImageObject\",\"inLanguage\":\"en-GB\",\"@id\":\"https:\\\/\\\/www.hingelaegas.ee\\\/#\\\/schema\\\/logo\\\/image\\\/\",\"url\":\"https:\\\/\\\/hingelaegas.ee\\\/wp-content\\\/uploads\\\/2020\\\/12\\\/hingelaegas_vaike.png\",\"contentUrl\":\"https:\\\/\\\/hingelaegas.ee\\\/wp-content\\\/uploads\\\/2020\\\/12\\\/hingelaegas_vaike.png\",\"width\":700,\"height\":700,\"caption\":\"Hingelaegas O\u00dc\"},\"image\":{\"@id\":\"https:\\\/\\\/www.hingelaegas.ee\\\/#\\\/schema\\\/logo\\\/image\\\/\"}}]}<\/script>\n<!-- \/ Yoast SEO plugin. -->","yoast_head_json":{"title":"Viirukikoonus langeva suitsuga - Nag Champa - Hingelaegas","description":"Langeva suitsuga viirukikoonused pakuvad p\u00f5letamisel ebatavalist ja uhket silmailu, kui viiruki p\u00f5lemisel tekkiv suits langeb keereldes ja p\u00f6\u00f6reldes dramaatiliselt allapoole nagu voogav kosk.","robots":{"index":"index","follow":"follow","max-snippet":"max-snippet:-1","max-image-preview":"max-image-preview:large","max-video-preview":"max-video-preview:-1"},"canonical":"https:\/\/www.hingelaegas.ee\/product\/viirukikoonus-langeva-suitsuga-nag-champa\/","og_locale":"en_GB","og_type":"article","og_title":"Viirukikoonus langeva suitsuga - Nag Champa - Hingelaegas","og_description":"Langeva suitsuga viirukikoonused pakuvad p\u00f5letamisel ebatavalist ja uhket silmailu, kui viiruki p\u00f5lemisel tekkiv suits langeb keereldes ja p\u00f6\u00f6reldes dramaatiliselt allapoole nagu voogav kosk.","og_url":"https:\/\/www.hingelaegas.ee\/product\/viirukikoonus-langeva-suitsuga-nag-champa\/","og_site_name":"Hingelaegas","article_modified_time":"2025-02-14T15:36:37+00:00","og_image":[{"width":800,"height":800,"url":"https:\/\/i0.wp.com\/www.hingelaegas.ee\/wp-content\/uploads\/2020\/11\/backflow_nagchampa-e1609241310736.jpeg?fit=800%2C800&ssl=1","type":"image\/jpeg"}],"twitter_card":"summary_large_image","schema":{"@context":"https:\/\/schema.org","@graph":[{"@type":"WebPage","@id":"https:\/\/www.hingelaegas.ee\/product\/viirukikoonus-langeva-suitsuga-nag-champa\/","url":"https:\/\/www.hingelaegas.ee\/product\/viirukikoonus-langeva-suitsuga-nag-champa\/","name":"Viirukikoonus langeva suitsuga - Nag Champa - Hingelaegas","isPartOf":{"@id":"https:\/\/www.hingelaegas.ee\/#website"},"primaryImageOfPage":{"@id":"https:\/\/www.hingelaegas.ee\/product\/viirukikoonus-langeva-suitsuga-nag-champa\/#primaryimage"},"image":{"@id":"https:\/\/www.hingelaegas.ee\/product\/viirukikoonus-langeva-suitsuga-nag-champa\/#primaryimage"},"thumbnailUrl":"https:\/\/i0.wp.com\/hingelaegas.ee\/wp-content\/uploads\/2020\/11\/backflow_nagchampa-e1609241310736.jpeg?fit=800%2C800&ssl=1","datePublished":"2020-11-01T20:02:21+00:00","dateModified":"2025-02-14T15:36:37+00:00","description":"Langeva suitsuga viirukikoonused pakuvad p\u00f5letamisel ebatavalist ja uhket silmailu, kui viiruki p\u00f5lemisel tekkiv suits langeb keereldes ja p\u00f6\u00f6reldes dramaatiliselt allapoole nagu voogav kosk.","breadcrumb":{"@id":"https:\/\/www.hingelaegas.ee\/product\/viirukikoonus-langeva-suitsuga-nag-champa\/#breadcrumb"},"inLanguage":"en-GB","potentialAction":[{"@type":"ReadAction","target":["https:\/\/www.hingelaegas.ee\/product\/viirukikoonus-langeva-suitsuga-nag-champa\/"]}]},{"@type":"ImageObject","inLanguage":"en-GB","@id":"https:\/\/www.hingelaegas.ee\/product\/viirukikoonus-langeva-suitsuga-nag-champa\/#primaryimage","url":"https:\/\/i0.wp.com\/hingelaegas.ee\/wp-content\/uploads\/2020\/11\/backflow_nagchampa-e1609241310736.jpeg?fit=800%2C800&ssl=1","contentUrl":"https:\/\/i0.wp.com\/hingelaegas.ee\/wp-content\/uploads\/2020\/11\/backflow_nagchampa-e1609241310736.jpeg?fit=800%2C800&ssl=1","width":800,"height":800},{"@type":"BreadcrumbList","@id":"https:\/\/www.hingelaegas.ee\/product\/viirukikoonus-langeva-suitsuga-nag-champa\/#breadcrumb","itemListElement":[{"@type":"ListItem","position":1,"name":"Home","item":"https:\/\/www.hingelaegas.ee\/en\/"},{"@type":"ListItem","position":2,"name":"E-POOD","item":"https:\/\/www.hingelaegas.ee\/en\/e-pood\/"},{"@type":"ListItem","position":3,"name":"Viirukikoonus langeva suitsuga &#8211; Nag Champa"}]},{"@type":"WebSite","@id":"https:\/\/www.hingelaegas.ee\/#website","url":"https:\/\/www.hingelaegas.ee\/","name":"Hingelaegas","description":"For Soul. For Body. For Mind.","publisher":{"@id":"https:\/\/www.hingelaegas.ee\/#organization"},"potentialAction":[{"@type":"SearchAction","target":{"@type":"EntryPoint","urlTemplate":"https:\/\/www.hingelaegas.ee\/?s={search_term_string}"},"query-input":{"@type":"PropertyValueSpecification","valueRequired":true,"valueName":"search_term_string"}}],"inLanguage":"en-GB"},{"@type":"Organization","@id":"https:\/\/www.hingelaegas.ee\/#organization","name":"Hingelaegas O\u00dc","url":"https:\/\/www.hingelaegas.ee\/","logo":{"@type":"ImageObject","inLanguage":"en-GB","@id":"https:\/\/www.hingelaegas.ee\/#\/schema\/logo\/image\/","url":"https:\/\/hingelaegas.ee\/wp-content\/uploads\/2020\/12\/hingelaegas_vaike.png","contentUrl":"https:\/\/hingelaegas.ee\/wp-content\/uploads\/2020\/12\/hingelaegas_vaike.png","width":700,"height":700,"caption":"Hingelaegas O\u00dc"},"image":{"@id":"https:\/\/www.hingelaegas.ee\/#\/schema\/logo\/image\/"}}]}},"acf":[],"jetpack_likes_enabled":false,"jetpack_sharing_enabled":true,"_links":{"self":[{"href":"https:\/\/hingelaegas.ee\/en\/wp-json\/wp\/v2\/product\/1249","targetHints":{"allow":["GET"]}}],"collection":[{"href":"https:\/\/hingelaegas.ee\/en\/wp-json\/wp\/v2\/product"}],"about":[{"href":"https:\/\/hingelaegas.ee\/en\/wp-json\/wp\/v2\/types\/product"}],"replies":[{"embeddable":true,"href":"https:\/\/hingelaegas.ee\/en\/wp-json\/wp\/v2\/comments?post=1249"}],"wp:featuredmedia":[{"embeddable":true,"href":"https:\/\/hingelaegas.ee\/en\/wp-json\/wp\/v2\/media\/1263"}],"wp:attachment":[{"href":"https:\/\/hingelaegas.ee\/en\/wp-json\/wp\/v2\/media?parent=1249"}],"wp:term":[{"taxonomy":"product_brand","embeddable":true,"href":"https:\/\/hingelaegas.ee\/en\/wp-json\/wp\/v2\/product_brand?post=1249"},{"taxonomy":"product_cat","embeddable":true,"href":"https:\/\/hingelaegas.ee\/en\/wp-json\/wp\/v2\/product_cat?post=1249"},{"taxonomy":"product_tag","embeddable":true,"href":"https:\/\/hingelaegas.ee\/en\/wp-json\/wp\/v2\/product_tag?post=1249"}],"curies":[{"name":"wp","href":"https:\/\/api.w.org\/{rel}","templated":true}]}}