{"id":1255,"date":"2020-11-01T22:43:50","date_gmt":"2020-11-01T19:43:50","guid":{"rendered":"https:\/\/hingelaegas.ee\/?post_type=product&#038;p=1255"},"modified":"2025-09-08T22:51:50","modified_gmt":"2025-09-08T19:51:50","slug":"viirukikoonus-langeva-suitsuga-vanilla","status":"publish","type":"product","link":"https:\/\/hingelaegas.ee\/en\/product\/viirukikoonus-langeva-suitsuga-vanilla\/","title":{"rendered":"Backflow incense cones - Vanilla"},"content":{"rendered":"<div class=\"lW8rQd\">\n<div class=\"vpx4Fd\">\n<p><strong style=\"font-size: 12pt;\">Use instructions<\/strong><\/p>\n<\/div>\n<p><span style=\"font-size: 12pt;\">Ignite the tip of the incense cone, and if the tip glows, carefully blow out the flame.<\/span><\/p>\n<p><span style=\"font-size: 12pt;\">Place the incense <\/span><span style=\"font-size: 12pt;\"> cone on a <a href=\"https:\/\/hingelaegas.ee\/product-category\/viirukid\/viirukialused-langeva-suitsuga-viirukitele\/\">backflow incense burner<\/a>.<\/span><\/p>\n<\/div>\n<p>&nbsp;<\/p>\n<p><em><span style=\"font-size: 12pt;\"><strong>Caution!<\/strong><\/span><\/em><\/p>\n<ul>\n<li><span style=\"font-size: 12pt;\">Burn only in an open or well-ventilated area. For best results, burn indoors and avoid drafts.<\/span><\/li>\n<li><span style=\"font-size: 12pt;\">Avoid direct inhalation of incense smoke.<\/span><\/li>\n<li><span style=\"font-size: 12pt;\">Use only to scent the room. Do not put incense in your mouth.<\/span><\/li>\n<li><span style=\"font-size: 12pt;\">The incense must not be left unattended. Make sure that the smoking incense is not close to flammable materials and check that the ash can fall on a suitable (non-flammable) base.<\/span><\/li>\n<li><span style=\"font-size: 12pt;\">Keep out of reach of children and pets.<\/span><\/li>\n<\/ul>\n<p>&nbsp;<\/p>","protected":false},"excerpt":{"rendered":"<p><strong>Vanilla incense<\/strong> has a sweet aroma, complemented by sensually sinful floral notes. While the scent of vanilla is usually considered too common and dull, in fact it is considered to be attractive to men and has been associated with increased arousal and libido. This is because it affects our hypothalamus, the area of \u200b\u200bthe brain that controls the production and release of hormones. And hormones control everything in our body - from sleep and appetite to mood and libido.<\/p>\n<p><span class=\"PBMainTxt\">By burning these incense, it is possible to influence the production of hormones, and their aroma helps create a pleasantly romantic atmosphere. It also helps relax and relieve stress and increase the productivity of serotonin - hormone which is responsible for our well-being. Burning vanilla incense also helps increase inspiration and motivation and therefore has a positive effect on creativity and concentration.\u00a0<\/span><\/p>\n<p>&nbsp;<\/p>\n<p><strong>Backflow incense cones<\/strong> offer an unusual and exotic pleasure to the eye, as the smoke which is heavier than air falls dramatically downwards like a waterfall.<\/p>\n<p>These incense cones are intended for burning on specially designed <strong><a href=\"https:\/\/hingelaegas.ee\/product-category\/viirukid\/viirukialused-langeva-suitsuga-viirukitele\/\">incense burners,<\/a> <\/strong>which decorate the home as beautiful and effective sculptures. However, when burning backflow incense cones, they offer an enchanting and mesmerizing view.<\/p>\n<p>Burn your favourite incense and allow the smoke to fill your home with a pleasant aroma. At the same time, you can enjoy the fascinating beautiful view of the flowing incense smoke!<\/p>\n<p>&nbsp;<\/p>\n<p>Made in India.<\/p>\n<p>One cone has 30 mm in height and 10 mm in diameter. Weight 2 g. Each pack contains 10 pieces (20 g).<\/p>\n<p>Burning time: approx. 20 min.<\/p>","protected":false},"featured_media":1256,"comment_status":"open","ping_status":"closed","template":"","meta":{"_monsterinsights_skip_tracking":false,"_monsterinsights_sitenote_active":false,"_monsterinsights_sitenote_note":"","_monsterinsights_sitenote_category":0},"product_brand":[],"product_cat":[99],"product_tag":[179,166,173],"class_list":{"0":"post-1255","1":"product","2":"type-product","3":"status-publish","4":"has-post-thumbnail","6":"product_cat-viirukikoonused-langeva-suitsuga","7":"product_tag-viirukialused-langeva-suitsuga-viirukitele","8":"product_tag-viirukid","9":"product_tag-viirukikoonused-langeva-suitsuga","11":"first","12":"instock","13":"taxable","14":"shipping-taxable","15":"purchasable","16":"product-type-simple"},"yoast_head":"<!-- This site is optimized with the Yoast SEO plugin v27.3 - https:\/\/yoast.com\/product\/yoast-seo-wordpress\/ -->\n<title>Viirukikoonus langeva suitsuga - Vanilje - Hingelaegas<\/title>\n<meta name=\"description\" content=\"Langeva suitsuga viirukikoonused pakuvad p\u00f5letamisel ebatavalist ja uhket silmailu, kui viiruki p\u00f5lemisel tekkiv suits langeb keereldes ja p\u00f6\u00f6reldes dramaatiliselt allapoole nagu voogav kosk.\" \/>\n<meta name=\"robots\" content=\"index, follow, max-snippet:-1, max-image-preview:large, max-video-preview:-1\" \/>\n<link rel=\"canonical\" href=\"https:\/\/hingelaegas.ee\/en\/product\/viirukikoonus-langeva-suitsuga-vanilla\/\" \/>\n<meta property=\"og:locale\" content=\"en_GB\" \/>\n<meta property=\"og:type\" content=\"article\" \/>\n<meta property=\"og:title\" content=\"Viirukikoonus langeva suitsuga - Vanilje - Hingelaegas\" \/>\n<meta property=\"og:description\" content=\"Langeva suitsuga viirukikoonused pakuvad p\u00f5letamisel ebatavalist ja uhket silmailu, kui viiruki p\u00f5lemisel tekkiv suits langeb keereldes ja p\u00f6\u00f6reldes dramaatiliselt allapoole nagu voogav kosk.\" \/>\n<meta property=\"og:url\" content=\"https:\/\/hingelaegas.ee\/en\/product\/viirukikoonus-langeva-suitsuga-vanilla\/\" \/>\n<meta property=\"og:site_name\" content=\"Hingelaegas\" \/>\n<meta property=\"article:modified_time\" content=\"2025-09-08T19:51:50+00:00\" \/>\n<meta property=\"og:image\" content=\"https:\/\/i0.wp.com\/hingelaegas.ee\/wp-content\/uploads\/2020\/11\/backflow_vanilla-e1609241371254.jpeg?fit=800%2C800&ssl=1\" \/>\n\t<meta property=\"og:image:width\" content=\"800\" \/>\n\t<meta property=\"og:image:height\" content=\"800\" \/>\n\t<meta property=\"og:image:type\" content=\"image\/jpeg\" \/>\n<meta name=\"twitter:card\" content=\"summary_large_image\" \/>\n<meta name=\"twitter:label1\" content=\"Estimated reading time\" \/>\n\t<meta name=\"twitter:data1\" content=\"1 minute\" \/>\n<script type=\"application\/ld+json\" class=\"yoast-schema-graph\">{\"@context\":\"https:\\\/\\\/schema.org\",\"@graph\":[{\"@type\":\"WebPage\",\"@id\":\"https:\\\/\\\/hingelaegas.ee\\\/en\\\/product\\\/viirukikoonus-langeva-suitsuga-vanilla\\\/\",\"url\":\"https:\\\/\\\/hingelaegas.ee\\\/en\\\/product\\\/viirukikoonus-langeva-suitsuga-vanilla\\\/\",\"name\":\"Viirukikoonus langeva suitsuga - Vanilje - Hingelaegas\",\"isPartOf\":{\"@id\":\"https:\\\/\\\/www.hingelaegas.ee\\\/#website\"},\"primaryImageOfPage\":{\"@id\":\"https:\\\/\\\/hingelaegas.ee\\\/en\\\/product\\\/viirukikoonus-langeva-suitsuga-vanilla\\\/#primaryimage\"},\"image\":{\"@id\":\"https:\\\/\\\/hingelaegas.ee\\\/en\\\/product\\\/viirukikoonus-langeva-suitsuga-vanilla\\\/#primaryimage\"},\"thumbnailUrl\":\"https:\\\/\\\/i0.wp.com\\\/hingelaegas.ee\\\/wp-content\\\/uploads\\\/2020\\\/11\\\/backflow_vanilla-e1609241371254.jpeg?fit=800%2C800&ssl=1\",\"datePublished\":\"2020-11-01T19:43:50+00:00\",\"dateModified\":\"2025-09-08T19:51:50+00:00\",\"description\":\"Langeva suitsuga viirukikoonused pakuvad p\u00f5letamisel ebatavalist ja uhket silmailu, kui viiruki p\u00f5lemisel tekkiv suits langeb keereldes ja p\u00f6\u00f6reldes dramaatiliselt allapoole nagu voogav kosk.\",\"breadcrumb\":{\"@id\":\"https:\\\/\\\/hingelaegas.ee\\\/en\\\/product\\\/viirukikoonus-langeva-suitsuga-vanilla\\\/#breadcrumb\"},\"inLanguage\":\"en-GB\",\"potentialAction\":[{\"@type\":\"ReadAction\",\"target\":[\"https:\\\/\\\/hingelaegas.ee\\\/en\\\/product\\\/viirukikoonus-langeva-suitsuga-vanilla\\\/\"]}]},{\"@type\":\"ImageObject\",\"inLanguage\":\"en-GB\",\"@id\":\"https:\\\/\\\/hingelaegas.ee\\\/en\\\/product\\\/viirukikoonus-langeva-suitsuga-vanilla\\\/#primaryimage\",\"url\":\"https:\\\/\\\/i0.wp.com\\\/hingelaegas.ee\\\/wp-content\\\/uploads\\\/2020\\\/11\\\/backflow_vanilla-e1609241371254.jpeg?fit=800%2C800&ssl=1\",\"contentUrl\":\"https:\\\/\\\/i0.wp.com\\\/hingelaegas.ee\\\/wp-content\\\/uploads\\\/2020\\\/11\\\/backflow_vanilla-e1609241371254.jpeg?fit=800%2C800&ssl=1\",\"width\":800,\"height\":800},{\"@type\":\"BreadcrumbList\",\"@id\":\"https:\\\/\\\/hingelaegas.ee\\\/en\\\/product\\\/viirukikoonus-langeva-suitsuga-vanilla\\\/#breadcrumb\",\"itemListElement\":[{\"@type\":\"ListItem\",\"position\":1,\"name\":\"Home\",\"item\":\"https:\\\/\\\/www.hingelaegas.ee\\\/en\\\/\"},{\"@type\":\"ListItem\",\"position\":2,\"name\":\"E-POOD\",\"item\":\"https:\\\/\\\/www.hingelaegas.ee\\\/en\\\/e-pood\\\/\"},{\"@type\":\"ListItem\",\"position\":3,\"name\":\"Viirukikoonus langeva suitsuga &#8211; Vanilje\"}]},{\"@type\":\"WebSite\",\"@id\":\"https:\\\/\\\/www.hingelaegas.ee\\\/#website\",\"url\":\"https:\\\/\\\/www.hingelaegas.ee\\\/\",\"name\":\"Hingelaegas\",\"description\":\"Hingele. Kehale. Vaimule.\",\"publisher\":{\"@id\":\"https:\\\/\\\/www.hingelaegas.ee\\\/#organization\"},\"potentialAction\":[{\"@type\":\"SearchAction\",\"target\":{\"@type\":\"EntryPoint\",\"urlTemplate\":\"https:\\\/\\\/www.hingelaegas.ee\\\/?s={search_term_string}\"},\"query-input\":{\"@type\":\"PropertyValueSpecification\",\"valueRequired\":true,\"valueName\":\"search_term_string\"}}],\"inLanguage\":\"en-GB\"},{\"@type\":\"Organization\",\"@id\":\"https:\\\/\\\/www.hingelaegas.ee\\\/#organization\",\"name\":\"Hingelaegas O\u00dc\",\"url\":\"https:\\\/\\\/www.hingelaegas.ee\\\/\",\"logo\":{\"@type\":\"ImageObject\",\"inLanguage\":\"en-GB\",\"@id\":\"https:\\\/\\\/www.hingelaegas.ee\\\/#\\\/schema\\\/logo\\\/image\\\/\",\"url\":\"https:\\\/\\\/hingelaegas.ee\\\/wp-content\\\/uploads\\\/2020\\\/12\\\/hingelaegas_vaike.png\",\"contentUrl\":\"https:\\\/\\\/hingelaegas.ee\\\/wp-content\\\/uploads\\\/2020\\\/12\\\/hingelaegas_vaike.png\",\"width\":700,\"height\":700,\"caption\":\"Hingelaegas O\u00dc\"},\"image\":{\"@id\":\"https:\\\/\\\/www.hingelaegas.ee\\\/#\\\/schema\\\/logo\\\/image\\\/\"}}]}<\/script>\n<!-- \/ Yoast SEO plugin. -->","yoast_head_json":{"title":"Viirukikoonus langeva suitsuga - Vanilje - Hingelaegas","description":"Langeva suitsuga viirukikoonused pakuvad p\u00f5letamisel ebatavalist ja uhket silmailu, kui viiruki p\u00f5lemisel tekkiv suits langeb keereldes ja p\u00f6\u00f6reldes dramaatiliselt allapoole nagu voogav kosk.","robots":{"index":"index","follow":"follow","max-snippet":"max-snippet:-1","max-image-preview":"max-image-preview:large","max-video-preview":"max-video-preview:-1"},"canonical":"https:\/\/hingelaegas.ee\/en\/product\/viirukikoonus-langeva-suitsuga-vanilla\/","og_locale":"en_GB","og_type":"article","og_title":"Viirukikoonus langeva suitsuga - Vanilje - Hingelaegas","og_description":"Langeva suitsuga viirukikoonused pakuvad p\u00f5letamisel ebatavalist ja uhket silmailu, kui viiruki p\u00f5lemisel tekkiv suits langeb keereldes ja p\u00f6\u00f6reldes dramaatiliselt allapoole nagu voogav kosk.","og_url":"https:\/\/hingelaegas.ee\/en\/product\/viirukikoonus-langeva-suitsuga-vanilla\/","og_site_name":"Hingelaegas","article_modified_time":"2025-09-08T19:51:50+00:00","og_image":[{"width":800,"height":800,"url":"https:\/\/i0.wp.com\/hingelaegas.ee\/wp-content\/uploads\/2020\/11\/backflow_vanilla-e1609241371254.jpeg?fit=800%2C800&ssl=1","type":"image\/jpeg"}],"twitter_card":"summary_large_image","twitter_misc":{"Estimated reading time":"1 minute"},"schema":{"@context":"https:\/\/schema.org","@graph":[{"@type":"WebPage","@id":"https:\/\/hingelaegas.ee\/en\/product\/viirukikoonus-langeva-suitsuga-vanilla\/","url":"https:\/\/hingelaegas.ee\/en\/product\/viirukikoonus-langeva-suitsuga-vanilla\/","name":"Viirukikoonus langeva suitsuga - Vanilje - Hingelaegas","isPartOf":{"@id":"https:\/\/www.hingelaegas.ee\/#website"},"primaryImageOfPage":{"@id":"https:\/\/hingelaegas.ee\/en\/product\/viirukikoonus-langeva-suitsuga-vanilla\/#primaryimage"},"image":{"@id":"https:\/\/hingelaegas.ee\/en\/product\/viirukikoonus-langeva-suitsuga-vanilla\/#primaryimage"},"thumbnailUrl":"https:\/\/i0.wp.com\/hingelaegas.ee\/wp-content\/uploads\/2020\/11\/backflow_vanilla-e1609241371254.jpeg?fit=800%2C800&ssl=1","datePublished":"2020-11-01T19:43:50+00:00","dateModified":"2025-09-08T19:51:50+00:00","description":"Langeva suitsuga viirukikoonused pakuvad p\u00f5letamisel ebatavalist ja uhket silmailu, kui viiruki p\u00f5lemisel tekkiv suits langeb keereldes ja p\u00f6\u00f6reldes dramaatiliselt allapoole nagu voogav kosk.","breadcrumb":{"@id":"https:\/\/hingelaegas.ee\/en\/product\/viirukikoonus-langeva-suitsuga-vanilla\/#breadcrumb"},"inLanguage":"en-GB","potentialAction":[{"@type":"ReadAction","target":["https:\/\/hingelaegas.ee\/en\/product\/viirukikoonus-langeva-suitsuga-vanilla\/"]}]},{"@type":"ImageObject","inLanguage":"en-GB","@id":"https:\/\/hingelaegas.ee\/en\/product\/viirukikoonus-langeva-suitsuga-vanilla\/#primaryimage","url":"https:\/\/i0.wp.com\/hingelaegas.ee\/wp-content\/uploads\/2020\/11\/backflow_vanilla-e1609241371254.jpeg?fit=800%2C800&ssl=1","contentUrl":"https:\/\/i0.wp.com\/hingelaegas.ee\/wp-content\/uploads\/2020\/11\/backflow_vanilla-e1609241371254.jpeg?fit=800%2C800&ssl=1","width":800,"height":800},{"@type":"BreadcrumbList","@id":"https:\/\/hingelaegas.ee\/en\/product\/viirukikoonus-langeva-suitsuga-vanilla\/#breadcrumb","itemListElement":[{"@type":"ListItem","position":1,"name":"Home","item":"https:\/\/www.hingelaegas.ee\/en\/"},{"@type":"ListItem","position":2,"name":"E-POOD","item":"https:\/\/www.hingelaegas.ee\/en\/e-pood\/"},{"@type":"ListItem","position":3,"name":"Viirukikoonus langeva suitsuga &#8211; Vanilje"}]},{"@type":"WebSite","@id":"https:\/\/www.hingelaegas.ee\/#website","url":"https:\/\/www.hingelaegas.ee\/","name":"Hingelaegas","description":"For Soul. For Body. For Mind.","publisher":{"@id":"https:\/\/www.hingelaegas.ee\/#organization"},"potentialAction":[{"@type":"SearchAction","target":{"@type":"EntryPoint","urlTemplate":"https:\/\/www.hingelaegas.ee\/?s={search_term_string}"},"query-input":{"@type":"PropertyValueSpecification","valueRequired":true,"valueName":"search_term_string"}}],"inLanguage":"en-GB"},{"@type":"Organization","@id":"https:\/\/www.hingelaegas.ee\/#organization","name":"Hingelaegas O\u00dc","url":"https:\/\/www.hingelaegas.ee\/","logo":{"@type":"ImageObject","inLanguage":"en-GB","@id":"https:\/\/www.hingelaegas.ee\/#\/schema\/logo\/image\/","url":"https:\/\/hingelaegas.ee\/wp-content\/uploads\/2020\/12\/hingelaegas_vaike.png","contentUrl":"https:\/\/hingelaegas.ee\/wp-content\/uploads\/2020\/12\/hingelaegas_vaike.png","width":700,"height":700,"caption":"Hingelaegas O\u00dc"},"image":{"@id":"https:\/\/www.hingelaegas.ee\/#\/schema\/logo\/image\/"}}]}},"acf":[],"jetpack_likes_enabled":false,"jetpack_sharing_enabled":true,"_links":{"self":[{"href":"https:\/\/hingelaegas.ee\/en\/wp-json\/wp\/v2\/product\/1255","targetHints":{"allow":["GET"]}}],"collection":[{"href":"https:\/\/hingelaegas.ee\/en\/wp-json\/wp\/v2\/product"}],"about":[{"href":"https:\/\/hingelaegas.ee\/en\/wp-json\/wp\/v2\/types\/product"}],"replies":[{"embeddable":true,"href":"https:\/\/hingelaegas.ee\/en\/wp-json\/wp\/v2\/comments?post=1255"}],"wp:featuredmedia":[{"embeddable":true,"href":"https:\/\/hingelaegas.ee\/en\/wp-json\/wp\/v2\/media\/1256"}],"wp:attachment":[{"href":"https:\/\/hingelaegas.ee\/en\/wp-json\/wp\/v2\/media?parent=1255"}],"wp:term":[{"taxonomy":"product_brand","embeddable":true,"href":"https:\/\/hingelaegas.ee\/en\/wp-json\/wp\/v2\/product_brand?post=1255"},{"taxonomy":"product_cat","embeddable":true,"href":"https:\/\/hingelaegas.ee\/en\/wp-json\/wp\/v2\/product_cat?post=1255"},{"taxonomy":"product_tag","embeddable":true,"href":"https:\/\/hingelaegas.ee\/en\/wp-json\/wp\/v2\/product_tag?post=1255"}],"curies":[{"name":"wp","href":"https:\/\/api.w.org\/{rel}","templated":true}]}}