{"id":1286,"date":"2020-11-02T11:53:45","date_gmt":"2020-11-02T08:53:45","guid":{"rendered":"https:\/\/hingelaegas.ee\/?post_type=product&#038;p=1286"},"modified":"2025-07-02T19:59:58","modified_gmt":"2025-07-02T17:59:58","slug":"viirukialus-langeva-suitsuga-viirukitele-valgustatud-buddha","status":"publish","type":"product","link":"https:\/\/hingelaegas.ee\/en\/product\/viirukialus-langeva-suitsuga-viirukitele-valgustatud-buddha\/","title":{"rendered":"Backflow incense burner - Buddha &amp; Lights"},"content":{"rendered":"<p>Although these effective incense trays offer extraordinarily gorgeus view while <a href=\"https:\/\/hingelaegas.ee\/product-category\/viirukid\/viirukikoonused-langeva-suitsuga\/\">burning backflow incense cones<\/a> and you can see the smoke flowing and curling dramatically downwards like a waterfall while incense burns, at the same time, each minisculpture has its own symbolic and spiritual meaning. When decorating our home, we must definitely pay attention to the symbolism of each sculpture, because depending on the symbol, we can add protection to our home, attract abundance, joy or peace and balance.<\/p>\n<p>&nbsp;<\/p>\n<p>&nbsp;<\/p>\n<h4>Symbolism - Protective Buddha \/ Blessing Buddha<img data-recalc-dims=\"1\" fetchpriority=\"high\" decoding=\"async\" class=\"size-medium wp-image-1502 alignright\" src=\"https:\/\/i0.wp.com\/hingelaegas.ee\/wp-content\/uploads\/2020\/11\/kaitsev-buddha-300x300.jpg?resize=300%2C300&#038;ssl=1\" alt=\"\" width=\"300\" height=\"300\" srcset=\"https:\/\/i0.wp.com\/www.hingelaegas.ee\/wp-content\/uploads\/2020\/11\/kaitsev-buddha.jpg?resize=300%2C300&amp;ssl=1 300w, https:\/\/i0.wp.com\/www.hingelaegas.ee\/wp-content\/uploads\/2020\/11\/kaitsev-buddha.jpg?w=600&amp;ssl=1 600w, https:\/\/i0.wp.com\/www.hingelaegas.ee\/wp-content\/uploads\/2020\/11\/kaitsev-buddha.jpg?resize=100%2C100&amp;ssl=1 100w, https:\/\/i0.wp.com\/www.hingelaegas.ee\/wp-content\/uploads\/2020\/11\/kaitsev-buddha.jpg?resize=150%2C150&amp;ssl=1 150w, https:\/\/i0.wp.com\/www.hingelaegas.ee\/wp-content\/uploads\/2020\/11\/kaitsev-buddha.jpg?resize=75%2C75&amp;ssl=1 75w\" sizes=\"(max-width: 300px) 100vw, 300px\" \/><\/h4>\n<p>This Buddha pose with a raised hand has two meanings that are related to each other.<\/p>\n<p>First meaning is <strong>protection<\/strong>, where his raised hand acts as a shield to keep out negativity and danger.<\/p>\n<p>The second meaning is <strong>overcoming the fear<\/strong> of accepting and being at peace with oneself. This protected state helps us overcome fear - an emotion that limits and prevents us from living our lives to the fullest.<\/p>\n<p>This figure signifies courage and provides protection from fear, delusion,  and anger.<\/p>\n<p><strong>Place this Buddha statue facing the main door of your home so that he can protect your home from negativity and bad energy.<\/strong><\/p>\n<p>The Buddha's chest is sometimes depicted with <strong>sauwastika<\/strong> (or swastika), which in Hinduism and Buddhism is <strong>a symbol of good luck<\/strong>. Idamaade kultuuris kujutatakse svastikaid (vaatavad paremale) ja sauvastikaid (vaatavad vasakule) budistlikel templitel. Budismi \u00f5petuste kohaselt on svastika ka \u00fcks 65st s\u00fcmbolist, mida peetakse Buddha jalaj\u00e4lgedeks.<\/p>\n<p>&nbsp;<\/p>\n<p><strong>Use instructions<\/strong><\/p>\n<p>Ignite the tip of <a href=\"https:\/\/hingelaegas.ee\/product-category\/viirukid\/viirukikoonused-langeva-suitsuga\/\">the incense cone<\/a> , and if the tip glows, carefully blow out the flame.<\/p>\n<p>Place the backflow incense cone on a suitable <a href=\"https:\/\/hingelaegas.ee\/product-category\/viirukid\/viirukialused-langeva-suitsuga-viirukitele\/\">backflow incense burner<\/a>.<\/p>\n<p>&nbsp;<\/p>\n<p><em><strong>Caution!<\/strong><\/em><\/p>\n<ul>\n<li>Burn only in an open or well-ventilated area. For best results, burn indoors and avoid drafts.<\/li>\n<li>Avoid direct inhalation of incense smoke.<\/li>\n<li>Use only to scent the room. Do not put incense in your mouth.<\/li>\n<li>The incense must not be left unattended. Make sure that the smoking incense is not close to flammable materials and check that the ash can fall on a suitable (non-flammable) base.<\/li>\n<li>Keep out of reach of children and pets.<\/li>\n<\/ul>","protected":false},"excerpt":{"rendered":"<p><strong><a href=\"https:\/\/hingelaegas.ee\/product-category\/viirukid\/viirukikoonused-langeva-suitsuga\/\">Backflow incense<\/a> burners <\/strong>decorate the home as beautiful and effective sculptures. However, when burning backflow incense cones, they offer an enchanting and mesmerizing view, helping to create an aromatic, cozy, and relaxing atmosphere.<\/p>\n<p>This <strong>Buddha statue with a raised hand<\/strong> brings\u00a0<strong>protection<\/strong>. His raised hand acts as a shield to keep out negativity and danger. He also helps\u00a0<strong>overcome fear<\/strong> of accepting and being at peace with oneself. By keeping this incense tray at home, you will also attract all these great properties to yourself.<\/p>\n<p>Place this Buddha statue facing the main door of your home so that he can protect your home from negativity and bad energy and bring good luck.<\/p>\n<p>&nbsp;<\/p>\n<p>Size: height 12 cm, width 7 cm, length 8.5 cm<\/p>\n<p>Equipped with entertaining <strong>LED lights<\/strong>that change color every few seconds.<\/p>\n<p>&nbsp;<\/p>","protected":false},"featured_media":1302,"comment_status":"open","ping_status":"closed","template":"","meta":{"_monsterinsights_skip_tracking":false,"_monsterinsights_sitenote_active":false,"_monsterinsights_sitenote_note":"","_monsterinsights_sitenote_category":0},"product_brand":[],"product_cat":[101],"product_tag":[178,179,166,173],"class_list":{"0":"post-1286","1":"product","2":"type-product","3":"status-publish","4":"has-post-thumbnail","6":"product_cat-viirukialused-langeva-suitsuga-viirukitele","7":"product_tag-viirukialused","8":"product_tag-viirukialused-langeva-suitsuga-viirukitele","9":"product_tag-viirukid","10":"product_tag-viirukikoonused-langeva-suitsuga","12":"first","13":"instock","14":"taxable","15":"shipping-taxable","16":"purchasable","17":"product-type-simple"},"yoast_head":"<!-- This site is optimized with the Yoast SEO plugin v27.4 - https:\/\/yoast.com\/product\/yoast-seo-wordpress\/ -->\n<title>Viirukialus langeva suitsuga viirukitele - Valgustatud Buddha - Hingelaegas<\/title>\n<meta name=\"description\" content=\"Need viirukialused kaunistavad kodu kauniste ja efektsete skulptuuridena. Viirukite p\u00f5letamisel pakuvad nad lummavat ja h\u00fcpnotiseerivat vaatepilti.\" \/>\n<meta name=\"robots\" content=\"index, follow, max-snippet:-1, max-image-preview:large, max-video-preview:-1\" \/>\n<link rel=\"canonical\" href=\"https:\/\/www.hingelaegas.ee\/en\/product\/viirukialus-langeva-suitsuga-viirukitele-valgustatud-buddha\/\" \/>\n<meta property=\"og:locale\" content=\"en_GB\" \/>\n<meta property=\"og:type\" content=\"article\" \/>\n<meta property=\"og:title\" content=\"Viirukialus langeva suitsuga viirukitele - Valgustatud Buddha - Hingelaegas\" \/>\n<meta property=\"og:description\" content=\"Need viirukialused kaunistavad kodu kauniste ja efektsete skulptuuridena. Viirukite p\u00f5letamisel pakuvad nad lummavat ja h\u00fcpnotiseerivat vaatepilti.\" \/>\n<meta property=\"og:url\" content=\"https:\/\/www.hingelaegas.ee\/en\/product\/viirukialus-langeva-suitsuga-viirukitele-valgustatud-buddha\/\" \/>\n<meta property=\"og:site_name\" content=\"Hingelaegas\" \/>\n<meta property=\"article:modified_time\" content=\"2025-07-02T17:59:58+00:00\" \/>\n<meta property=\"og:image\" content=\"https:\/\/i0.wp.com\/www.hingelaegas.ee\/wp-content\/uploads\/2020\/11\/backflow_burner_buddha-lights-e1609241630309.jpeg?fit=800%2C800&ssl=1\" \/>\n\t<meta property=\"og:image:width\" content=\"800\" \/>\n\t<meta property=\"og:image:height\" content=\"800\" \/>\n\t<meta property=\"og:image:type\" content=\"image\/jpeg\" \/>\n<meta name=\"twitter:card\" content=\"summary_large_image\" \/>\n<meta name=\"twitter:label1\" content=\"Estimated reading time\" \/>\n\t<meta name=\"twitter:data1\" content=\"2 minutes\" \/>\n<script type=\"application\/ld+json\" class=\"yoast-schema-graph\">{\"@context\":\"https:\\\/\\\/schema.org\",\"@graph\":[{\"@type\":\"WebPage\",\"@id\":\"https:\\\/\\\/www.hingelaegas.ee\\\/en\\\/product\\\/viirukialus-langeva-suitsuga-viirukitele-valgustatud-buddha\\\/\",\"url\":\"https:\\\/\\\/www.hingelaegas.ee\\\/en\\\/product\\\/viirukialus-langeva-suitsuga-viirukitele-valgustatud-buddha\\\/\",\"name\":\"Viirukialus langeva suitsuga viirukitele - Valgustatud Buddha - Hingelaegas\",\"isPartOf\":{\"@id\":\"https:\\\/\\\/hingelaegas.ee\\\/en\\\/#website\"},\"primaryImageOfPage\":{\"@id\":\"https:\\\/\\\/www.hingelaegas.ee\\\/en\\\/product\\\/viirukialus-langeva-suitsuga-viirukitele-valgustatud-buddha\\\/#primaryimage\"},\"image\":{\"@id\":\"https:\\\/\\\/www.hingelaegas.ee\\\/en\\\/product\\\/viirukialus-langeva-suitsuga-viirukitele-valgustatud-buddha\\\/#primaryimage\"},\"thumbnailUrl\":\"https:\\\/\\\/i0.wp.com\\\/www.hingelaegas.ee\\\/wp-content\\\/uploads\\\/2020\\\/11\\\/backflow_burner_buddha-lights-e1609241630309.jpeg?fit=800%2C800&ssl=1\",\"datePublished\":\"2020-11-02T08:53:45+00:00\",\"dateModified\":\"2025-07-02T17:59:58+00:00\",\"description\":\"Need viirukialused kaunistavad kodu kauniste ja efektsete skulptuuridena. Viirukite p\u00f5letamisel pakuvad nad lummavat ja h\u00fcpnotiseerivat vaatepilti.\",\"breadcrumb\":{\"@id\":\"https:\\\/\\\/www.hingelaegas.ee\\\/en\\\/product\\\/viirukialus-langeva-suitsuga-viirukitele-valgustatud-buddha\\\/#breadcrumb\"},\"inLanguage\":\"en-GB\",\"potentialAction\":[{\"@type\":\"ReadAction\",\"target\":[\"https:\\\/\\\/www.hingelaegas.ee\\\/en\\\/product\\\/viirukialus-langeva-suitsuga-viirukitele-valgustatud-buddha\\\/\"]}]},{\"@type\":\"ImageObject\",\"inLanguage\":\"en-GB\",\"@id\":\"https:\\\/\\\/www.hingelaegas.ee\\\/en\\\/product\\\/viirukialus-langeva-suitsuga-viirukitele-valgustatud-buddha\\\/#primaryimage\",\"url\":\"https:\\\/\\\/i0.wp.com\\\/www.hingelaegas.ee\\\/wp-content\\\/uploads\\\/2020\\\/11\\\/backflow_burner_buddha-lights-e1609241630309.jpeg?fit=800%2C800&ssl=1\",\"contentUrl\":\"https:\\\/\\\/i0.wp.com\\\/www.hingelaegas.ee\\\/wp-content\\\/uploads\\\/2020\\\/11\\\/backflow_burner_buddha-lights-e1609241630309.jpeg?fit=800%2C800&ssl=1\",\"width\":800,\"height\":800},{\"@type\":\"BreadcrumbList\",\"@id\":\"https:\\\/\\\/www.hingelaegas.ee\\\/en\\\/product\\\/viirukialus-langeva-suitsuga-viirukitele-valgustatud-buddha\\\/#breadcrumb\",\"itemListElement\":[{\"@type\":\"ListItem\",\"position\":1,\"name\":\"Home\",\"item\":\"https:\\\/\\\/hingelaegas.ee\\\/en\\\/\"},{\"@type\":\"ListItem\",\"position\":2,\"name\":\"E-POOD\",\"item\":\"https:\\\/\\\/www.hingelaegas.ee\\\/en\\\/e-pood\\\/\"},{\"@type\":\"ListItem\",\"position\":3,\"name\":\"Viirukialus langeva suitsuga viirukitele &#8211; Valgustatud Buddha\"}]},{\"@type\":\"WebSite\",\"@id\":\"https:\\\/\\\/hingelaegas.ee\\\/en\\\/#website\",\"url\":\"https:\\\/\\\/hingelaegas.ee\\\/en\\\/\",\"name\":\"Hingelaegas\",\"description\":\"Hingele. Kehale. Vaimule.\",\"publisher\":{\"@id\":\"https:\\\/\\\/hingelaegas.ee\\\/en\\\/#organization\"},\"potentialAction\":[{\"@type\":\"SearchAction\",\"target\":{\"@type\":\"EntryPoint\",\"urlTemplate\":\"https:\\\/\\\/hingelaegas.ee\\\/en\\\/?s={search_term_string}\"},\"query-input\":{\"@type\":\"PropertyValueSpecification\",\"valueRequired\":true,\"valueName\":\"search_term_string\"}}],\"inLanguage\":\"en-GB\"},{\"@type\":\"Organization\",\"@id\":\"https:\\\/\\\/hingelaegas.ee\\\/en\\\/#organization\",\"name\":\"Hingelaegas O\u00dc\",\"url\":\"https:\\\/\\\/hingelaegas.ee\\\/en\\\/\",\"logo\":{\"@type\":\"ImageObject\",\"inLanguage\":\"en-GB\",\"@id\":\"https:\\\/\\\/hingelaegas.ee\\\/en\\\/#\\\/schema\\\/logo\\\/image\\\/\",\"url\":\"https:\\\/\\\/hingelaegas.ee\\\/wp-content\\\/uploads\\\/2020\\\/12\\\/hingelaegas_vaike.png\",\"contentUrl\":\"https:\\\/\\\/hingelaegas.ee\\\/wp-content\\\/uploads\\\/2020\\\/12\\\/hingelaegas_vaike.png\",\"width\":700,\"height\":700,\"caption\":\"Hingelaegas O\u00dc\"},\"image\":{\"@id\":\"https:\\\/\\\/hingelaegas.ee\\\/en\\\/#\\\/schema\\\/logo\\\/image\\\/\"}}]}<\/script>\n<!-- \/ Yoast SEO plugin. -->","yoast_head_json":{"title":"Viirukialus langeva suitsuga viirukitele - Valgustatud Buddha - Hingelaegas","description":"Need viirukialused kaunistavad kodu kauniste ja efektsete skulptuuridena. Viirukite p\u00f5letamisel pakuvad nad lummavat ja h\u00fcpnotiseerivat vaatepilti.","robots":{"index":"index","follow":"follow","max-snippet":"max-snippet:-1","max-image-preview":"max-image-preview:large","max-video-preview":"max-video-preview:-1"},"canonical":"https:\/\/www.hingelaegas.ee\/en\/product\/viirukialus-langeva-suitsuga-viirukitele-valgustatud-buddha\/","og_locale":"en_GB","og_type":"article","og_title":"Viirukialus langeva suitsuga viirukitele - Valgustatud Buddha - Hingelaegas","og_description":"Need viirukialused kaunistavad kodu kauniste ja efektsete skulptuuridena. Viirukite p\u00f5letamisel pakuvad nad lummavat ja h\u00fcpnotiseerivat vaatepilti.","og_url":"https:\/\/www.hingelaegas.ee\/en\/product\/viirukialus-langeva-suitsuga-viirukitele-valgustatud-buddha\/","og_site_name":"Hingelaegas","article_modified_time":"2025-07-02T17:59:58+00:00","og_image":[{"width":800,"height":800,"url":"https:\/\/i0.wp.com\/www.hingelaegas.ee\/wp-content\/uploads\/2020\/11\/backflow_burner_buddha-lights-e1609241630309.jpeg?fit=800%2C800&ssl=1","type":"image\/jpeg"}],"twitter_card":"summary_large_image","twitter_misc":{"Estimated reading time":"2 minutes"},"schema":{"@context":"https:\/\/schema.org","@graph":[{"@type":"WebPage","@id":"https:\/\/www.hingelaegas.ee\/en\/product\/viirukialus-langeva-suitsuga-viirukitele-valgustatud-buddha\/","url":"https:\/\/www.hingelaegas.ee\/en\/product\/viirukialus-langeva-suitsuga-viirukitele-valgustatud-buddha\/","name":"Viirukialus langeva suitsuga viirukitele - Valgustatud Buddha - Hingelaegas","isPartOf":{"@id":"https:\/\/hingelaegas.ee\/en\/#website"},"primaryImageOfPage":{"@id":"https:\/\/www.hingelaegas.ee\/en\/product\/viirukialus-langeva-suitsuga-viirukitele-valgustatud-buddha\/#primaryimage"},"image":{"@id":"https:\/\/www.hingelaegas.ee\/en\/product\/viirukialus-langeva-suitsuga-viirukitele-valgustatud-buddha\/#primaryimage"},"thumbnailUrl":"https:\/\/i0.wp.com\/www.hingelaegas.ee\/wp-content\/uploads\/2020\/11\/backflow_burner_buddha-lights-e1609241630309.jpeg?fit=800%2C800&ssl=1","datePublished":"2020-11-02T08:53:45+00:00","dateModified":"2025-07-02T17:59:58+00:00","description":"Need viirukialused kaunistavad kodu kauniste ja efektsete skulptuuridena. Viirukite p\u00f5letamisel pakuvad nad lummavat ja h\u00fcpnotiseerivat vaatepilti.","breadcrumb":{"@id":"https:\/\/www.hingelaegas.ee\/en\/product\/viirukialus-langeva-suitsuga-viirukitele-valgustatud-buddha\/#breadcrumb"},"inLanguage":"en-GB","potentialAction":[{"@type":"ReadAction","target":["https:\/\/www.hingelaegas.ee\/en\/product\/viirukialus-langeva-suitsuga-viirukitele-valgustatud-buddha\/"]}]},{"@type":"ImageObject","inLanguage":"en-GB","@id":"https:\/\/www.hingelaegas.ee\/en\/product\/viirukialus-langeva-suitsuga-viirukitele-valgustatud-buddha\/#primaryimage","url":"https:\/\/i0.wp.com\/www.hingelaegas.ee\/wp-content\/uploads\/2020\/11\/backflow_burner_buddha-lights-e1609241630309.jpeg?fit=800%2C800&ssl=1","contentUrl":"https:\/\/i0.wp.com\/www.hingelaegas.ee\/wp-content\/uploads\/2020\/11\/backflow_burner_buddha-lights-e1609241630309.jpeg?fit=800%2C800&ssl=1","width":800,"height":800},{"@type":"BreadcrumbList","@id":"https:\/\/www.hingelaegas.ee\/en\/product\/viirukialus-langeva-suitsuga-viirukitele-valgustatud-buddha\/#breadcrumb","itemListElement":[{"@type":"ListItem","position":1,"name":"Home","item":"https:\/\/hingelaegas.ee\/en\/"},{"@type":"ListItem","position":2,"name":"E-POOD","item":"https:\/\/www.hingelaegas.ee\/en\/e-pood\/"},{"@type":"ListItem","position":3,"name":"Viirukialus langeva suitsuga viirukitele &#8211; Valgustatud Buddha"}]},{"@type":"WebSite","@id":"https:\/\/hingelaegas.ee\/en\/#website","url":"https:\/\/hingelaegas.ee\/en\/","name":"Hingelaegas","description":"For Soul. For Body. For Mind.","publisher":{"@id":"https:\/\/hingelaegas.ee\/en\/#organization"},"potentialAction":[{"@type":"SearchAction","target":{"@type":"EntryPoint","urlTemplate":"https:\/\/hingelaegas.ee\/en\/?s={search_term_string}"},"query-input":{"@type":"PropertyValueSpecification","valueRequired":true,"valueName":"search_term_string"}}],"inLanguage":"en-GB"},{"@type":"Organization","@id":"https:\/\/hingelaegas.ee\/en\/#organization","name":"Hingelaegas O\u00dc","url":"https:\/\/hingelaegas.ee\/en\/","logo":{"@type":"ImageObject","inLanguage":"en-GB","@id":"https:\/\/hingelaegas.ee\/en\/#\/schema\/logo\/image\/","url":"https:\/\/hingelaegas.ee\/wp-content\/uploads\/2020\/12\/hingelaegas_vaike.png","contentUrl":"https:\/\/hingelaegas.ee\/wp-content\/uploads\/2020\/12\/hingelaegas_vaike.png","width":700,"height":700,"caption":"Hingelaegas O\u00dc"},"image":{"@id":"https:\/\/hingelaegas.ee\/en\/#\/schema\/logo\/image\/"}}]}},"acf":[],"jetpack_likes_enabled":false,"jetpack_sharing_enabled":true,"_links":{"self":[{"href":"https:\/\/hingelaegas.ee\/en\/wp-json\/wp\/v2\/product\/1286","targetHints":{"allow":["GET"]}}],"collection":[{"href":"https:\/\/hingelaegas.ee\/en\/wp-json\/wp\/v2\/product"}],"about":[{"href":"https:\/\/hingelaegas.ee\/en\/wp-json\/wp\/v2\/types\/product"}],"replies":[{"embeddable":true,"href":"https:\/\/hingelaegas.ee\/en\/wp-json\/wp\/v2\/comments?post=1286"}],"wp:featuredmedia":[{"embeddable":true,"href":"https:\/\/hingelaegas.ee\/en\/wp-json\/wp\/v2\/media\/1302"}],"wp:attachment":[{"href":"https:\/\/hingelaegas.ee\/en\/wp-json\/wp\/v2\/media?parent=1286"}],"wp:term":[{"taxonomy":"product_brand","embeddable":true,"href":"https:\/\/hingelaegas.ee\/en\/wp-json\/wp\/v2\/product_brand?post=1286"},{"taxonomy":"product_cat","embeddable":true,"href":"https:\/\/hingelaegas.ee\/en\/wp-json\/wp\/v2\/product_cat?post=1286"},{"taxonomy":"product_tag","embeddable":true,"href":"https:\/\/hingelaegas.ee\/en\/wp-json\/wp\/v2\/product_tag?post=1286"}],"curies":[{"name":"wp","href":"https:\/\/api.w.org\/{rel}","templated":true}]}}