{"id":1309,"date":"2020-11-02T14:36:04","date_gmt":"2020-11-02T12:36:04","guid":{"rendered":"https:\/\/hingelaegas.ee\/?post_type=product&#038;p=1309"},"modified":"2024-05-07T12:13:34","modified_gmt":"2024-05-07T10:13:34","slug":"aroomilamp-yin-yang","status":"publish","type":"product","link":"https:\/\/hingelaegas.ee\/en\/product\/aroomilamp-yin-yang\/","title":{"rendered":"Oil burner - Yin Yang"},"content":{"rendered":"<h2><span style=\"font-size: 14pt;\"><em>Yin<\/em> &amp; <em>Yang<\/em><\/span><\/h2>\n<p><img data-recalc-dims=\"1\" decoding=\"async\" class=\"wp-image-1528 size-thumbnail\" src=\"https:\/\/i0.wp.com\/hingelaegas.ee\/wp-content\/uploads\/2020\/11\/yin-yang.png?resize=150%2C150&#038;ssl=1\" alt=\"\" width=\"150\" height=\"150\" srcset=\"https:\/\/i0.wp.com\/hingelaegas.ee\/wp-content\/uploads\/2020\/11\/yin-yang.png?resize=150%2C150&amp;ssl=1 150w, https:\/\/i0.wp.com\/hingelaegas.ee\/wp-content\/uploads\/2020\/11\/yin-yang.png?resize=100%2C100&amp;ssl=1 100w, https:\/\/i0.wp.com\/hingelaegas.ee\/wp-content\/uploads\/2020\/11\/yin-yang.png?resize=300%2C300&amp;ssl=1 300w, https:\/\/i0.wp.com\/hingelaegas.ee\/wp-content\/uploads\/2020\/11\/yin-yang.png?resize=75%2C75&amp;ssl=1 75w, https:\/\/i0.wp.com\/hingelaegas.ee\/wp-content\/uploads\/2020\/11\/yin-yang.png?w=550&amp;ssl=1 550w\" sizes=\"(max-width: 150px) 100vw, 150px\" \/><\/p>\n<table style=\"border-collapse: collapse; width: 243px; height: 495px;\" border=\"0\" width=\"192\" cellspacing=\"0\" cellpadding=\"0\">\n<tbody>\n<tr style=\"height: 14.4pt;\">\n<td style=\"height: 14.4pt; width: 48pt; text-align: center;\" width=\"64\" height=\"19\"><strong><em>Yang<\/em><\/strong><\/td>\n<td style=\"width: 48pt; text-align: center;\" width=\"64\"><\/td>\n<td style=\"width: 48pt; text-align: center;\" width=\"64\"><strong><em>Yin<\/em><\/strong><\/td>\n<\/tr>\n<tr style=\"height: 14.4pt;\">\n<td style=\"height: 14.4pt; text-align: center;\" height=\"19\">Masculine<\/td>\n<td><\/td>\n<td style=\"text-align: center;\">Feminine<\/td>\n<\/tr>\n<tr style=\"height: 14.4pt;\">\n<td style=\"height: 14.4pt; text-align: center;\" height=\"19\">Giving<\/td>\n<td><\/td>\n<td style=\"text-align: center;\">Receiving<\/td>\n<\/tr>\n<tr style=\"height: 14.4pt;\">\n<td style=\"height: 14.4pt; text-align: center;\" height=\"19\">Exterior<\/td>\n<td><\/td>\n<td style=\"text-align: center;\">Interior<\/td>\n<\/tr>\n<tr style=\"height: 14.4pt;\">\n<td style=\"height: 14.4pt; text-align: center;\" height=\"19\">Day<\/td>\n<td style=\"text-align: center;\"><\/td>\n<td style=\"text-align: center;\">Night<\/td>\n<\/tr>\n<tr style=\"height: 14.4pt;\">\n<td style=\"height: 14.4pt; text-align: center;\" height=\"19\">Hot<\/td>\n<td style=\"text-align: center;\"><\/td>\n<td style=\"text-align: center;\">Cold<\/td>\n<\/tr>\n<tr style=\"height: 14.4pt;\">\n<td style=\"height: 14.4pt; text-align: center;\" height=\"19\">Heaven<\/td>\n<td style=\"text-align: center;\"><\/td>\n<td style=\"text-align: center;\">Earth<\/td>\n<\/tr>\n<tr style=\"height: 14.4pt;\">\n<td style=\"height: 14.4pt; text-align: center;\" height=\"19\">Sun<\/td>\n<td style=\"text-align: center;\"><\/td>\n<td style=\"text-align: center;\">Moon<\/td>\n<\/tr>\n<tr style=\"height: 14.4pt;\">\n<td style=\"height: 14.4pt; text-align: center;\" height=\"19\">Fast<\/td>\n<td style=\"text-align: center;\"><\/td>\n<td style=\"text-align: center;\">Slow<\/td>\n<\/tr>\n<tr style=\"height: 14.4pt;\">\n<td style=\"height: 14.4pt; text-align: center;\" height=\"19\">Dryness<\/td>\n<td style=\"text-align: center;\"><\/td>\n<td style=\"text-align: center;\">Humidity<\/td>\n<\/tr>\n<tr style=\"height: 14.4pt;\">\n<td style=\"height: 14.4pt; text-align: center;\" height=\"19\">Mind<\/td>\n<td style=\"text-align: center;\"><\/td>\n<td style=\"text-align: center;\">Heart<\/td>\n<\/tr>\n<tr style=\"height: 14.4pt;\">\n<td style=\"height: 14.4pt; text-align: center;\" height=\"19\">Left side of the brain<\/td>\n<td style=\"text-align: center;\"><\/td>\n<td style=\"text-align: center;\">Right side of the brain<\/td>\n<\/tr>\n<tr style=\"height: 14.4pt;\">\n<td style=\"height: 14.4pt; text-align: center;\" height=\"19\">Result<\/td>\n<td style=\"text-align: center;\"><\/td>\n<td style=\"text-align: center;\">Process<\/td>\n<\/tr>\n<tr style=\"height: 14.4pt;\">\n<td style=\"height: 14.4pt; text-align: center;\" height=\"19\">Thinking<\/td>\n<td style=\"text-align: center;\"><\/td>\n<td style=\"text-align: center;\">Feeling<\/td>\n<\/tr>\n<tr style=\"height: 14.4pt;\">\n<td style=\"height: 14.4pt; text-align: center;\" height=\"19\">Science<\/td>\n<td style=\"text-align: center;\"><\/td>\n<td style=\"text-align: center;\">Spirituality<\/td>\n<\/tr>\n<tr style=\"height: 14.4pt;\">\n<td style=\"height: 14.4pt; text-align: center;\" height=\"19\">Extraversion<\/td>\n<td style=\"text-align: center;\"><\/td>\n<td style=\"text-align: center;\">Introversion<\/td>\n<\/tr>\n<tr style=\"height: 14.4pt;\">\n<td style=\"height: 14.4pt; text-align: center;\" height=\"19\">Positive<\/td>\n<td style=\"text-align: center;\"><\/td>\n<td style=\"text-align: center;\">Negative<\/td>\n<\/tr>\n<tr style=\"height: 14.4pt;\">\n<td style=\"height: 14.4pt; text-align: center;\" height=\"19\">Light<\/td>\n<td style=\"text-align: center;\"><\/td>\n<td style=\"text-align: center;\">Dark<\/td>\n<\/tr>\n<\/tbody>\n<\/table>\n<h2><span style=\"font-size: 14pt;\">Use instructions for oil burners<\/span><\/h2>\n<p><a href=\"https:\/\/hingelaegas.ee\/product-category\/kodusisustus\/aroomilambid\/\">Oil burners<\/a> are ceramic mini-sculptures with a small cavity above it for storing the water or wax, and it is empty inside so that a small candle can be placed inside to heat the liquid.<\/p>\n<p>Oil burners are easy to use and practical.<\/p>\n<p><a href=\"https:\/\/hingelaegas.ee\/product-category\/aroomiteraapia\/eeterlikud-baasolid\/eeterlikud-olid\/\"><strong>When using essential oils<\/strong><\/a>\u00a0 or <strong><a href=\"https:\/\/hingelaegas.ee\/product-category\/aroomiteraapia\/eeterlikud-baasolid\/eeterlike-olide-segud\/\">essential oil blends<\/a> <\/strong>add a little water to the cavity (maximum to the edge of the cavity) and then add <strong>2-3 drops <\/strong>of favorable essential oil. Later, if you want a more intense aroma, you can also add 3-5 drops of oil. Place a burning candle under the water cavity and wait until a few minutes later for a pleasant aroma to fill the room.<\/p>\n<p><strong><a href=\"https:\/\/hingelaegas.ee\/product-category\/aroomiteraapia\/aroomivaha\/\">When using aroma wax melts,<\/a> <\/strong>remove the packaging from the selected aroma wax and place it in the water container of the oil burner. Place a burning candle under the water cavity and burn the candle until all the aroma wax has melted and the room is filled with a pleasant aroma. If you want to use a different aroma wax in the meantime, but the old one is still left, place the aroma lamp in the freezer for a while and the wax will come off the oil burner itself.<\/p>\n<h2><span style=\"font-size: 12pt;\"><em>Caution!<\/em><\/span><\/h2>\n<p>Before using the oil burner, make sure that there is enough water or wax in the container. <strong>Never burn an oil burner without water or wax<\/strong>, as the product may crack or break!<\/p>\n<p>Never leave the burning oil burner unattended!<\/p>\n<p>Keep it out of the reach of children and pets.<\/p>\n<p>&nbsp;<\/p>\n<p>If you want to read more about other aromatherapy options at home, take a look at <a href=\"https:\/\/hingelaegas.ee\/blogi\/aroomiteraapia-ideed-kodustes-tingimustes\/\"><strong>HERE<\/strong><\/a>!<\/p>","protected":false},"excerpt":{"rendered":"<p><strong>Oil burners<\/strong> are ceramic mini-sculptures that can be used for aromatherapy with essential oils or aroma waxes.<\/p>\n<p>These oil burners are marked with different <em>yin<\/em> and <em>yang<\/em> symbols, used both in Japanese and Chinese culture. <strong><em>Yin<\/em> and <em>yang<\/em><\/strong> symbol has many meanings, but in most cases they always represent two opposing properties, principles or actions. Both exist as if separate, but at the same time intertwined. This means that one cannot exist without the other, and there is something opposite to the nature of both. It seems as\u00a0<i>yin<\/i>is often supported by\u00a0<i>yang<\/i>vice versa. For example, in order to understand good, one must also know evil. To see light, you must also see darkness. To feel joy, you must also feel sorrow. Without the opposition, we would not be able to judge one or the other.<\/p>\n<p>According to common symbolism, the dark part of the symbol represents <em>yin<\/em>, the feminine and receptive energy, and the bright side represents <em>yang<\/em>, the masculine and giving energy.<\/p>\n<p>Size: height 7.5 cm, width 6 cm, length 6 cm<\/p>\n<p><span style=\"font-size: 10pt;\"><em>The essential oil shown in the photo is not included.<\/em><\/span><\/p>\n<div class=\"product_properties\">\n<div class=\"product_properties\"><\/div>\n<\/div>","protected":false},"featured_media":1868,"comment_status":"open","ping_status":"closed","template":"","meta":{"_monsterinsights_skip_tracking":false,"_monsterinsights_sitenote_active":false,"_monsterinsights_sitenote_note":"","_monsterinsights_sitenote_category":0},"product_brand":[],"product_cat":[112],"product_tag":[195,138,180,267],"class_list":{"0":"post-1309","1":"product","2":"type-product","3":"status-publish","4":"has-post-thumbnail","6":"product_cat-aroomilambid","7":"product_tag-aroomilambid","8":"product_tag-aroomiteraapia","9":"product_tag-eeterlike-olide-segud","10":"product_tag-eeterlikud-olid","12":"first","13":"instock","14":"taxable","15":"shipping-taxable","16":"purchasable","17":"product-type-variable"},"yoast_head":"<!-- This site is optimized with the Yoast SEO plugin v27.3 - https:\/\/yoast.com\/product\/yoast-seo-wordpress\/ -->\n<title>Aroomilamp - Yin Yang - Hingelaegas<\/title>\n<meta name=\"description\" content=\"Need aroomilambid on t\u00e4histatud erinevate yin-yang s\u00fcmbolitega, mis on kasutusel nii Jaapani kui ka Hiina kultuuris. Yin ja yang s\u00fcmbolil on mitmeid t\u00e4hendusi, aga enamasti esinevad nad alati kahte teineteisele vastanduvat omadust, printsiipi v\u00f5i tegevust.\" \/>\n<meta name=\"robots\" content=\"index, follow, max-snippet:-1, max-image-preview:large, max-video-preview:-1\" \/>\n<link rel=\"canonical\" href=\"https:\/\/hingelaegas.ee\/en\/product\/aroomilamp-yin-yang\/\" \/>\n<meta property=\"og:locale\" content=\"en_GB\" \/>\n<meta property=\"og:type\" content=\"article\" \/>\n<meta property=\"og:title\" content=\"Aroomilamp - Yin Yang - Hingelaegas\" \/>\n<meta property=\"og:description\" content=\"Need aroomilambid on t\u00e4histatud erinevate yin-yang s\u00fcmbolitega, mis on kasutusel nii Jaapani kui ka Hiina kultuuris. Yin ja yang s\u00fcmbolil on mitmeid t\u00e4hendusi, aga enamasti esinevad nad alati kahte teineteisele vastanduvat omadust, printsiipi v\u00f5i tegevust.\" \/>\n<meta property=\"og:url\" content=\"https:\/\/hingelaegas.ee\/en\/product\/aroomilamp-yin-yang\/\" \/>\n<meta property=\"og:site_name\" content=\"Hingelaegas\" \/>\n<meta property=\"article:modified_time\" content=\"2024-05-07T10:13:34+00:00\" \/>\n<meta property=\"og:image\" content=\"https:\/\/i0.wp.com\/www.hingelaegas.ee\/wp-content\/uploads\/2020\/11\/IMG_5177.jpeg?fit=1024%2C768&ssl=1\" \/>\n\t<meta property=\"og:image:width\" content=\"1024\" \/>\n\t<meta property=\"og:image:height\" content=\"768\" \/>\n\t<meta property=\"og:image:type\" content=\"image\/jpeg\" \/>\n<meta name=\"twitter:card\" content=\"summary_large_image\" \/>\n<meta name=\"twitter:label1\" content=\"Estimated reading time\" \/>\n\t<meta name=\"twitter:data1\" content=\"2 minutes\" \/>\n<script type=\"application\/ld+json\" class=\"yoast-schema-graph\">{\"@context\":\"https:\\\/\\\/schema.org\",\"@graph\":[{\"@type\":\"WebPage\",\"@id\":\"https:\\\/\\\/hingelaegas.ee\\\/en\\\/product\\\/aroomilamp-yin-yang\\\/\",\"url\":\"https:\\\/\\\/hingelaegas.ee\\\/en\\\/product\\\/aroomilamp-yin-yang\\\/\",\"name\":\"Aroomilamp - Yin Yang - Hingelaegas\",\"isPartOf\":{\"@id\":\"https:\\\/\\\/www.hingelaegas.ee\\\/en\\\/#website\"},\"primaryImageOfPage\":{\"@id\":\"https:\\\/\\\/hingelaegas.ee\\\/en\\\/product\\\/aroomilamp-yin-yang\\\/#primaryimage\"},\"image\":{\"@id\":\"https:\\\/\\\/hingelaegas.ee\\\/en\\\/product\\\/aroomilamp-yin-yang\\\/#primaryimage\"},\"thumbnailUrl\":\"https:\\\/\\\/i0.wp.com\\\/hingelaegas.ee\\\/wp-content\\\/uploads\\\/2020\\\/11\\\/IMG_5177.jpeg?fit=1024%2C768&ssl=1\",\"datePublished\":\"2020-11-02T12:36:04+00:00\",\"dateModified\":\"2024-05-07T10:13:34+00:00\",\"description\":\"Need aroomilambid on t\u00e4histatud erinevate yin-yang s\u00fcmbolitega, mis on kasutusel nii Jaapani kui ka Hiina kultuuris. Yin ja yang s\u00fcmbolil on mitmeid t\u00e4hendusi, aga enamasti esinevad nad alati kahte teineteisele vastanduvat omadust, printsiipi v\u00f5i tegevust.\",\"breadcrumb\":{\"@id\":\"https:\\\/\\\/hingelaegas.ee\\\/en\\\/product\\\/aroomilamp-yin-yang\\\/#breadcrumb\"},\"inLanguage\":\"en-GB\",\"potentialAction\":[{\"@type\":\"ReadAction\",\"target\":[\"https:\\\/\\\/hingelaegas.ee\\\/en\\\/product\\\/aroomilamp-yin-yang\\\/\"]}]},{\"@type\":\"ImageObject\",\"inLanguage\":\"en-GB\",\"@id\":\"https:\\\/\\\/hingelaegas.ee\\\/en\\\/product\\\/aroomilamp-yin-yang\\\/#primaryimage\",\"url\":\"https:\\\/\\\/i0.wp.com\\\/hingelaegas.ee\\\/wp-content\\\/uploads\\\/2020\\\/11\\\/IMG_5177.jpeg?fit=1024%2C768&ssl=1\",\"contentUrl\":\"https:\\\/\\\/i0.wp.com\\\/hingelaegas.ee\\\/wp-content\\\/uploads\\\/2020\\\/11\\\/IMG_5177.jpeg?fit=1024%2C768&ssl=1\",\"width\":1024,\"height\":768},{\"@type\":\"BreadcrumbList\",\"@id\":\"https:\\\/\\\/hingelaegas.ee\\\/en\\\/product\\\/aroomilamp-yin-yang\\\/#breadcrumb\",\"itemListElement\":[{\"@type\":\"ListItem\",\"position\":1,\"name\":\"Home\",\"item\":\"https:\\\/\\\/www.hingelaegas.ee\\\/en\\\/\"},{\"@type\":\"ListItem\",\"position\":2,\"name\":\"E-POOD\",\"item\":\"https:\\\/\\\/www.hingelaegas.ee\\\/en\\\/e-pood\\\/\"},{\"@type\":\"ListItem\",\"position\":3,\"name\":\"Aroomilamp &#8211; Yin Yang\"}]},{\"@type\":\"WebSite\",\"@id\":\"https:\\\/\\\/www.hingelaegas.ee\\\/en\\\/#website\",\"url\":\"https:\\\/\\\/www.hingelaegas.ee\\\/en\\\/\",\"name\":\"Hingelaegas\",\"description\":\"Hingele. Kehale. Vaimule.\",\"publisher\":{\"@id\":\"https:\\\/\\\/www.hingelaegas.ee\\\/en\\\/#organization\"},\"potentialAction\":[{\"@type\":\"SearchAction\",\"target\":{\"@type\":\"EntryPoint\",\"urlTemplate\":\"https:\\\/\\\/www.hingelaegas.ee\\\/en\\\/?s={search_term_string}\"},\"query-input\":{\"@type\":\"PropertyValueSpecification\",\"valueRequired\":true,\"valueName\":\"search_term_string\"}}],\"inLanguage\":\"en-GB\"},{\"@type\":\"Organization\",\"@id\":\"https:\\\/\\\/www.hingelaegas.ee\\\/en\\\/#organization\",\"name\":\"Hingelaegas O\u00dc\",\"url\":\"https:\\\/\\\/www.hingelaegas.ee\\\/en\\\/\",\"logo\":{\"@type\":\"ImageObject\",\"inLanguage\":\"en-GB\",\"@id\":\"https:\\\/\\\/www.hingelaegas.ee\\\/en\\\/#\\\/schema\\\/logo\\\/image\\\/\",\"url\":\"https:\\\/\\\/hingelaegas.ee\\\/wp-content\\\/uploads\\\/2020\\\/12\\\/hingelaegas_vaike.png\",\"contentUrl\":\"https:\\\/\\\/hingelaegas.ee\\\/wp-content\\\/uploads\\\/2020\\\/12\\\/hingelaegas_vaike.png\",\"width\":700,\"height\":700,\"caption\":\"Hingelaegas O\u00dc\"},\"image\":{\"@id\":\"https:\\\/\\\/www.hingelaegas.ee\\\/en\\\/#\\\/schema\\\/logo\\\/image\\\/\"}}]}<\/script>\n<!-- \/ Yoast SEO plugin. -->","yoast_head_json":{"title":"Aroomilamp - Yin Yang - Hingelaegas","description":"Need aroomilambid on t\u00e4histatud erinevate yin-yang s\u00fcmbolitega, mis on kasutusel nii Jaapani kui ka Hiina kultuuris. Yin ja yang s\u00fcmbolil on mitmeid t\u00e4hendusi, aga enamasti esinevad nad alati kahte teineteisele vastanduvat omadust, printsiipi v\u00f5i tegevust.","robots":{"index":"index","follow":"follow","max-snippet":"max-snippet:-1","max-image-preview":"max-image-preview:large","max-video-preview":"max-video-preview:-1"},"canonical":"https:\/\/hingelaegas.ee\/en\/product\/aroomilamp-yin-yang\/","og_locale":"en_GB","og_type":"article","og_title":"Aroomilamp - Yin Yang - Hingelaegas","og_description":"Need aroomilambid on t\u00e4histatud erinevate yin-yang s\u00fcmbolitega, mis on kasutusel nii Jaapani kui ka Hiina kultuuris. Yin ja yang s\u00fcmbolil on mitmeid t\u00e4hendusi, aga enamasti esinevad nad alati kahte teineteisele vastanduvat omadust, printsiipi v\u00f5i tegevust.","og_url":"https:\/\/hingelaegas.ee\/en\/product\/aroomilamp-yin-yang\/","og_site_name":"Hingelaegas","article_modified_time":"2024-05-07T10:13:34+00:00","og_image":[{"width":1024,"height":768,"url":"https:\/\/i0.wp.com\/www.hingelaegas.ee\/wp-content\/uploads\/2020\/11\/IMG_5177.jpeg?fit=1024%2C768&ssl=1","type":"image\/jpeg"}],"twitter_card":"summary_large_image","twitter_misc":{"Estimated reading time":"2 minutes"},"schema":{"@context":"https:\/\/schema.org","@graph":[{"@type":"WebPage","@id":"https:\/\/hingelaegas.ee\/en\/product\/aroomilamp-yin-yang\/","url":"https:\/\/hingelaegas.ee\/en\/product\/aroomilamp-yin-yang\/","name":"Aroomilamp - Yin Yang - Hingelaegas","isPartOf":{"@id":"https:\/\/www.hingelaegas.ee\/en\/#website"},"primaryImageOfPage":{"@id":"https:\/\/hingelaegas.ee\/en\/product\/aroomilamp-yin-yang\/#primaryimage"},"image":{"@id":"https:\/\/hingelaegas.ee\/en\/product\/aroomilamp-yin-yang\/#primaryimage"},"thumbnailUrl":"https:\/\/i0.wp.com\/hingelaegas.ee\/wp-content\/uploads\/2020\/11\/IMG_5177.jpeg?fit=1024%2C768&ssl=1","datePublished":"2020-11-02T12:36:04+00:00","dateModified":"2024-05-07T10:13:34+00:00","description":"Need aroomilambid on t\u00e4histatud erinevate yin-yang s\u00fcmbolitega, mis on kasutusel nii Jaapani kui ka Hiina kultuuris. Yin ja yang s\u00fcmbolil on mitmeid t\u00e4hendusi, aga enamasti esinevad nad alati kahte teineteisele vastanduvat omadust, printsiipi v\u00f5i tegevust.","breadcrumb":{"@id":"https:\/\/hingelaegas.ee\/en\/product\/aroomilamp-yin-yang\/#breadcrumb"},"inLanguage":"en-GB","potentialAction":[{"@type":"ReadAction","target":["https:\/\/hingelaegas.ee\/en\/product\/aroomilamp-yin-yang\/"]}]},{"@type":"ImageObject","inLanguage":"en-GB","@id":"https:\/\/hingelaegas.ee\/en\/product\/aroomilamp-yin-yang\/#primaryimage","url":"https:\/\/i0.wp.com\/hingelaegas.ee\/wp-content\/uploads\/2020\/11\/IMG_5177.jpeg?fit=1024%2C768&ssl=1","contentUrl":"https:\/\/i0.wp.com\/hingelaegas.ee\/wp-content\/uploads\/2020\/11\/IMG_5177.jpeg?fit=1024%2C768&ssl=1","width":1024,"height":768},{"@type":"BreadcrumbList","@id":"https:\/\/hingelaegas.ee\/en\/product\/aroomilamp-yin-yang\/#breadcrumb","itemListElement":[{"@type":"ListItem","position":1,"name":"Home","item":"https:\/\/www.hingelaegas.ee\/en\/"},{"@type":"ListItem","position":2,"name":"E-POOD","item":"https:\/\/www.hingelaegas.ee\/en\/e-pood\/"},{"@type":"ListItem","position":3,"name":"Aroomilamp &#8211; Yin Yang"}]},{"@type":"WebSite","@id":"https:\/\/www.hingelaegas.ee\/en\/#website","url":"https:\/\/www.hingelaegas.ee\/en\/","name":"Hingelaegas","description":"For Soul. For Body. For Mind.","publisher":{"@id":"https:\/\/www.hingelaegas.ee\/en\/#organization"},"potentialAction":[{"@type":"SearchAction","target":{"@type":"EntryPoint","urlTemplate":"https:\/\/www.hingelaegas.ee\/en\/?s={search_term_string}"},"query-input":{"@type":"PropertyValueSpecification","valueRequired":true,"valueName":"search_term_string"}}],"inLanguage":"en-GB"},{"@type":"Organization","@id":"https:\/\/www.hingelaegas.ee\/en\/#organization","name":"Hingelaegas O\u00dc","url":"https:\/\/www.hingelaegas.ee\/en\/","logo":{"@type":"ImageObject","inLanguage":"en-GB","@id":"https:\/\/www.hingelaegas.ee\/en\/#\/schema\/logo\/image\/","url":"https:\/\/hingelaegas.ee\/wp-content\/uploads\/2020\/12\/hingelaegas_vaike.png","contentUrl":"https:\/\/hingelaegas.ee\/wp-content\/uploads\/2020\/12\/hingelaegas_vaike.png","width":700,"height":700,"caption":"Hingelaegas O\u00dc"},"image":{"@id":"https:\/\/www.hingelaegas.ee\/en\/#\/schema\/logo\/image\/"}}]}},"acf":[],"jetpack_likes_enabled":false,"jetpack_sharing_enabled":true,"_links":{"self":[{"href":"https:\/\/hingelaegas.ee\/en\/wp-json\/wp\/v2\/product\/1309","targetHints":{"allow":["GET"]}}],"collection":[{"href":"https:\/\/hingelaegas.ee\/en\/wp-json\/wp\/v2\/product"}],"about":[{"href":"https:\/\/hingelaegas.ee\/en\/wp-json\/wp\/v2\/types\/product"}],"replies":[{"embeddable":true,"href":"https:\/\/hingelaegas.ee\/en\/wp-json\/wp\/v2\/comments?post=1309"}],"wp:featuredmedia":[{"embeddable":true,"href":"https:\/\/hingelaegas.ee\/en\/wp-json\/wp\/v2\/media\/1868"}],"wp:attachment":[{"href":"https:\/\/hingelaegas.ee\/en\/wp-json\/wp\/v2\/media?parent=1309"}],"wp:term":[{"taxonomy":"product_brand","embeddable":true,"href":"https:\/\/hingelaegas.ee\/en\/wp-json\/wp\/v2\/product_brand?post=1309"},{"taxonomy":"product_cat","embeddable":true,"href":"https:\/\/hingelaegas.ee\/en\/wp-json\/wp\/v2\/product_cat?post=1309"},{"taxonomy":"product_tag","embeddable":true,"href":"https:\/\/hingelaegas.ee\/en\/wp-json\/wp\/v2\/product_tag?post=1309"}],"curies":[{"name":"wp","href":"https:\/\/api.w.org\/{rel}","templated":true}]}}