{"id":1329,"date":"2020-11-02T16:55:08","date_gmt":"2020-11-02T13:55:08","guid":{"rendered":"https:\/\/hingelaegas.ee\/?post_type=product&#038;p=1329"},"modified":"2026-01-26T15:07:42","modified_gmt":"2026-01-26T13:07:42","slug":"bali-unenaopuudja-suur","status":"publish","type":"product","link":"https:\/\/hingelaegas.ee\/en\/product\/bali-unenaopuudja-suur\/","title":{"rendered":"Bali dreamcatcher - large (L)"},"content":{"rendered":"","protected":false},"excerpt":{"rendered":"<div class=\"description\">\n<p>Dreamcathers come from the indigenous culture, where they were used for protection. Mainly, they were placed above the beds of babies and children to ensure them a good and peaceful sleep.<\/p>\n<p>Bad dreams get caught in the dreamcatcher's net, while good ones slip through the loops and slide down the feathers.<\/p>\n<p>The dreamcatcher should be placed near the bed, usually where the first morning sun shines. The first rays of the sun destroy all the bad dreams trapped in the net. If the dreamcatcher cannot be placed where the first morning rays of sunlight can greet it, then from time to time it should be placed in the sunlight, so all bad dreams would disappear from the net permanently.<\/p>\n<p><strong>Large dreamcatcher<\/strong> is handmade on the island of Bali. Perfect to place next to or near the bed to protect you from bad dreams. Also suitable to use just as a decoration.<\/p>\n<p><strong>Material<\/strong>: synthetic suede, feathers, wooden beads<\/p>\n<p><strong>Colors<\/strong>: coffee (brown), cream (light), chocolate (dark brown)<\/p>\n<p><strong>Size<\/strong>: top ring 17 cm diameter, total hanging length approx. 55 cm<\/p>\n<\/div>","protected":false},"featured_media":1490,"comment_status":"open","ping_status":"closed","template":"","meta":{"_monsterinsights_skip_tracking":false,"_monsterinsights_sitenote_active":false,"_monsterinsights_sitenote_note":"","_monsterinsights_sitenote_category":0},"product_brand":[],"product_cat":[165],"product_tag":[183,187],"class_list":{"0":"post-1329","1":"product","2":"type-product","3":"status-publish","4":"has-post-thumbnail","6":"product_cat-unenaopuudjad","7":"product_tag-kodusisustus","8":"product_tag-unenaopuudjad","10":"first","11":"instock","12":"taxable","13":"shipping-taxable","14":"purchasable","15":"product-type-variable"},"yoast_head":"<!-- This site is optimized with the Yoast SEO plugin v27.3 - https:\/\/yoast.com\/product\/yoast-seo-wordpress\/ -->\n<title>Bali unen\u00e4op\u00fc\u00fcdja - suur (L) - kohv, kreem, \u0161okolaad - Hingelaegas<\/title>\n<meta name=\"description\" content=\"Suur unen\u00e4op\u00fc\u00fcdja on valminud k\u00e4sit\u00f6\u00f6na Bali saarel. Valmistatud puup\u00e4rlite, sulgede ja kunstseemisnahast. Sobib suurep\u00e4raselt paigutada voodi k\u00f5rvale v\u00f5i l\u00e4hedusse, et kaitsta Sind halbade unen\u00e4gude eest. Sobib ka lihtsalt dekoratsioonina kasutamiseks.\" \/>\n<meta name=\"robots\" content=\"index, follow, max-snippet:-1, max-image-preview:large, max-video-preview:-1\" \/>\n<link rel=\"canonical\" href=\"https:\/\/hingelaegas.ee\/en\/product\/bali-unenaopuudja-suur\/\" \/>\n<meta property=\"og:locale\" content=\"en_GB\" \/>\n<meta property=\"og:type\" content=\"article\" \/>\n<meta property=\"og:title\" content=\"Bali unen\u00e4op\u00fc\u00fcdja - suur (L) - kohv, kreem, \u0161okolaad - Hingelaegas\" \/>\n<meta property=\"og:description\" content=\"Suur unen\u00e4op\u00fc\u00fcdja on valminud k\u00e4sit\u00f6\u00f6na Bali saarel. Valmistatud puup\u00e4rlite, sulgede ja kunstseemisnahast. Sobib suurep\u00e4raselt paigutada voodi k\u00f5rvale v\u00f5i l\u00e4hedusse, et kaitsta Sind halbade unen\u00e4gude eest. Sobib ka lihtsalt dekoratsioonina kasutamiseks.\" \/>\n<meta property=\"og:url\" content=\"https:\/\/hingelaegas.ee\/en\/product\/bali-unenaopuudja-suur\/\" \/>\n<meta property=\"og:site_name\" content=\"Hingelaegas\" \/>\n<meta property=\"article:modified_time\" content=\"2026-01-26T13:07:42+00:00\" \/>\n<meta property=\"og:image\" content=\"https:\/\/i0.wp.com\/hingelaegas.ee\/wp-content\/uploads\/2020\/11\/Bali-unenaopuudja-suur.jpeg?fit=500%2C500&ssl=1\" \/>\n\t<meta property=\"og:image:width\" content=\"500\" \/>\n\t<meta property=\"og:image:height\" content=\"500\" \/>\n\t<meta property=\"og:image:type\" content=\"image\/jpeg\" \/>\n<meta name=\"twitter:card\" content=\"summary_large_image\" \/>\n<meta name=\"twitter:label1\" content=\"Estimated reading time\" \/>\n\t<meta name=\"twitter:data1\" content=\"1 minute\" \/>\n<script type=\"application\/ld+json\" class=\"yoast-schema-graph\">{\"@context\":\"https:\\\/\\\/schema.org\",\"@graph\":[{\"@type\":\"WebPage\",\"@id\":\"https:\\\/\\\/hingelaegas.ee\\\/product\\\/bali-unenaopuudja-suur\\\/\",\"url\":\"https:\\\/\\\/hingelaegas.ee\\\/product\\\/bali-unenaopuudja-suur\\\/\",\"name\":\"Bali unen\u00e4op\u00fc\u00fcdja - suur (L) - kohv, kreem, \u0161okolaad - Hingelaegas\",\"isPartOf\":{\"@id\":\"https:\\\/\\\/www.hingelaegas.ee\\\/en\\\/#website\"},\"primaryImageOfPage\":{\"@id\":\"https:\\\/\\\/hingelaegas.ee\\\/product\\\/bali-unenaopuudja-suur\\\/#primaryimage\"},\"image\":{\"@id\":\"https:\\\/\\\/hingelaegas.ee\\\/product\\\/bali-unenaopuudja-suur\\\/#primaryimage\"},\"thumbnailUrl\":\"https:\\\/\\\/i0.wp.com\\\/hingelaegas.ee\\\/wp-content\\\/uploads\\\/2020\\\/11\\\/Bali-unenaopuudja-suur.jpeg?fit=500%2C500&ssl=1\",\"datePublished\":\"2020-11-02T13:55:08+00:00\",\"dateModified\":\"2026-01-26T13:07:42+00:00\",\"description\":\"Suur unen\u00e4op\u00fc\u00fcdja on valminud k\u00e4sit\u00f6\u00f6na Bali saarel. Valmistatud puup\u00e4rlite, sulgede ja kunstseemisnahast. Sobib suurep\u00e4raselt paigutada voodi k\u00f5rvale v\u00f5i l\u00e4hedusse, et kaitsta Sind halbade unen\u00e4gude eest. Sobib ka lihtsalt dekoratsioonina kasutamiseks.\",\"breadcrumb\":{\"@id\":\"https:\\\/\\\/hingelaegas.ee\\\/product\\\/bali-unenaopuudja-suur\\\/#breadcrumb\"},\"inLanguage\":\"en-GB\",\"potentialAction\":[{\"@type\":\"ReadAction\",\"target\":[\"https:\\\/\\\/hingelaegas.ee\\\/product\\\/bali-unenaopuudja-suur\\\/\"]}]},{\"@type\":\"ImageObject\",\"inLanguage\":\"en-GB\",\"@id\":\"https:\\\/\\\/hingelaegas.ee\\\/product\\\/bali-unenaopuudja-suur\\\/#primaryimage\",\"url\":\"https:\\\/\\\/i0.wp.com\\\/hingelaegas.ee\\\/wp-content\\\/uploads\\\/2020\\\/11\\\/Bali-unenaopuudja-suur.jpeg?fit=500%2C500&ssl=1\",\"contentUrl\":\"https:\\\/\\\/i0.wp.com\\\/hingelaegas.ee\\\/wp-content\\\/uploads\\\/2020\\\/11\\\/Bali-unenaopuudja-suur.jpeg?fit=500%2C500&ssl=1\",\"width\":500,\"height\":500},{\"@type\":\"BreadcrumbList\",\"@id\":\"https:\\\/\\\/hingelaegas.ee\\\/product\\\/bali-unenaopuudja-suur\\\/#breadcrumb\",\"itemListElement\":[{\"@type\":\"ListItem\",\"position\":1,\"name\":\"Home\",\"item\":\"https:\\\/\\\/www.hingelaegas.ee\\\/en\\\/\"},{\"@type\":\"ListItem\",\"position\":2,\"name\":\"E-POOD\",\"item\":\"https:\\\/\\\/www.hingelaegas.ee\\\/en\\\/e-pood\\\/\"},{\"@type\":\"ListItem\",\"position\":3,\"name\":\"Bali unen\u00e4op\u00fc\u00fcdja &#8211; suur (L)\"}]},{\"@type\":\"WebSite\",\"@id\":\"https:\\\/\\\/www.hingelaegas.ee\\\/en\\\/#website\",\"url\":\"https:\\\/\\\/www.hingelaegas.ee\\\/en\\\/\",\"name\":\"Hingelaegas\",\"description\":\"Hingele. Kehale. Vaimule.\",\"publisher\":{\"@id\":\"https:\\\/\\\/www.hingelaegas.ee\\\/en\\\/#organization\"},\"potentialAction\":[{\"@type\":\"SearchAction\",\"target\":{\"@type\":\"EntryPoint\",\"urlTemplate\":\"https:\\\/\\\/www.hingelaegas.ee\\\/en\\\/?s={search_term_string}\"},\"query-input\":{\"@type\":\"PropertyValueSpecification\",\"valueRequired\":true,\"valueName\":\"search_term_string\"}}],\"inLanguage\":\"en-GB\"},{\"@type\":\"Organization\",\"@id\":\"https:\\\/\\\/www.hingelaegas.ee\\\/en\\\/#organization\",\"name\":\"Hingelaegas O\u00dc\",\"url\":\"https:\\\/\\\/www.hingelaegas.ee\\\/en\\\/\",\"logo\":{\"@type\":\"ImageObject\",\"inLanguage\":\"en-GB\",\"@id\":\"https:\\\/\\\/www.hingelaegas.ee\\\/en\\\/#\\\/schema\\\/logo\\\/image\\\/\",\"url\":\"https:\\\/\\\/hingelaegas.ee\\\/wp-content\\\/uploads\\\/2020\\\/12\\\/hingelaegas_vaike.png\",\"contentUrl\":\"https:\\\/\\\/hingelaegas.ee\\\/wp-content\\\/uploads\\\/2020\\\/12\\\/hingelaegas_vaike.png\",\"width\":700,\"height\":700,\"caption\":\"Hingelaegas O\u00dc\"},\"image\":{\"@id\":\"https:\\\/\\\/www.hingelaegas.ee\\\/en\\\/#\\\/schema\\\/logo\\\/image\\\/\"}}]}<\/script>\n<!-- \/ Yoast SEO plugin. -->","yoast_head_json":{"title":"Bali unen\u00e4op\u00fc\u00fcdja - suur (L) - kohv, kreem, \u0161okolaad - Hingelaegas","description":"Suur unen\u00e4op\u00fc\u00fcdja on valminud k\u00e4sit\u00f6\u00f6na Bali saarel. Valmistatud puup\u00e4rlite, sulgede ja kunstseemisnahast. Sobib suurep\u00e4raselt paigutada voodi k\u00f5rvale v\u00f5i l\u00e4hedusse, et kaitsta Sind halbade unen\u00e4gude eest. Sobib ka lihtsalt dekoratsioonina kasutamiseks.","robots":{"index":"index","follow":"follow","max-snippet":"max-snippet:-1","max-image-preview":"max-image-preview:large","max-video-preview":"max-video-preview:-1"},"canonical":"https:\/\/hingelaegas.ee\/en\/product\/bali-unenaopuudja-suur\/","og_locale":"en_GB","og_type":"article","og_title":"Bali unen\u00e4op\u00fc\u00fcdja - suur (L) - kohv, kreem, \u0161okolaad - Hingelaegas","og_description":"Suur unen\u00e4op\u00fc\u00fcdja on valminud k\u00e4sit\u00f6\u00f6na Bali saarel. Valmistatud puup\u00e4rlite, sulgede ja kunstseemisnahast. Sobib suurep\u00e4raselt paigutada voodi k\u00f5rvale v\u00f5i l\u00e4hedusse, et kaitsta Sind halbade unen\u00e4gude eest. Sobib ka lihtsalt dekoratsioonina kasutamiseks.","og_url":"https:\/\/hingelaegas.ee\/en\/product\/bali-unenaopuudja-suur\/","og_site_name":"Hingelaegas","article_modified_time":"2026-01-26T13:07:42+00:00","og_image":[{"width":500,"height":500,"url":"https:\/\/i0.wp.com\/hingelaegas.ee\/wp-content\/uploads\/2020\/11\/Bali-unenaopuudja-suur.jpeg?fit=500%2C500&ssl=1","type":"image\/jpeg"}],"twitter_card":"summary_large_image","twitter_misc":{"Estimated reading time":"1 minute"},"schema":{"@context":"https:\/\/schema.org","@graph":[{"@type":"WebPage","@id":"https:\/\/hingelaegas.ee\/product\/bali-unenaopuudja-suur\/","url":"https:\/\/hingelaegas.ee\/product\/bali-unenaopuudja-suur\/","name":"Bali unen\u00e4op\u00fc\u00fcdja - suur (L) - kohv, kreem, \u0161okolaad - Hingelaegas","isPartOf":{"@id":"https:\/\/www.hingelaegas.ee\/en\/#website"},"primaryImageOfPage":{"@id":"https:\/\/hingelaegas.ee\/product\/bali-unenaopuudja-suur\/#primaryimage"},"image":{"@id":"https:\/\/hingelaegas.ee\/product\/bali-unenaopuudja-suur\/#primaryimage"},"thumbnailUrl":"https:\/\/i0.wp.com\/hingelaegas.ee\/wp-content\/uploads\/2020\/11\/Bali-unenaopuudja-suur.jpeg?fit=500%2C500&ssl=1","datePublished":"2020-11-02T13:55:08+00:00","dateModified":"2026-01-26T13:07:42+00:00","description":"Suur unen\u00e4op\u00fc\u00fcdja on valminud k\u00e4sit\u00f6\u00f6na Bali saarel. Valmistatud puup\u00e4rlite, sulgede ja kunstseemisnahast. Sobib suurep\u00e4raselt paigutada voodi k\u00f5rvale v\u00f5i l\u00e4hedusse, et kaitsta Sind halbade unen\u00e4gude eest. Sobib ka lihtsalt dekoratsioonina kasutamiseks.","breadcrumb":{"@id":"https:\/\/hingelaegas.ee\/product\/bali-unenaopuudja-suur\/#breadcrumb"},"inLanguage":"en-GB","potentialAction":[{"@type":"ReadAction","target":["https:\/\/hingelaegas.ee\/product\/bali-unenaopuudja-suur\/"]}]},{"@type":"ImageObject","inLanguage":"en-GB","@id":"https:\/\/hingelaegas.ee\/product\/bali-unenaopuudja-suur\/#primaryimage","url":"https:\/\/i0.wp.com\/hingelaegas.ee\/wp-content\/uploads\/2020\/11\/Bali-unenaopuudja-suur.jpeg?fit=500%2C500&ssl=1","contentUrl":"https:\/\/i0.wp.com\/hingelaegas.ee\/wp-content\/uploads\/2020\/11\/Bali-unenaopuudja-suur.jpeg?fit=500%2C500&ssl=1","width":500,"height":500},{"@type":"BreadcrumbList","@id":"https:\/\/hingelaegas.ee\/product\/bali-unenaopuudja-suur\/#breadcrumb","itemListElement":[{"@type":"ListItem","position":1,"name":"Home","item":"https:\/\/www.hingelaegas.ee\/en\/"},{"@type":"ListItem","position":2,"name":"E-POOD","item":"https:\/\/www.hingelaegas.ee\/en\/e-pood\/"},{"@type":"ListItem","position":3,"name":"Bali unen\u00e4op\u00fc\u00fcdja &#8211; suur (L)"}]},{"@type":"WebSite","@id":"https:\/\/www.hingelaegas.ee\/en\/#website","url":"https:\/\/www.hingelaegas.ee\/en\/","name":"Hingelaegas","description":"For Soul. For Body. For Mind.","publisher":{"@id":"https:\/\/www.hingelaegas.ee\/en\/#organization"},"potentialAction":[{"@type":"SearchAction","target":{"@type":"EntryPoint","urlTemplate":"https:\/\/www.hingelaegas.ee\/en\/?s={search_term_string}"},"query-input":{"@type":"PropertyValueSpecification","valueRequired":true,"valueName":"search_term_string"}}],"inLanguage":"en-GB"},{"@type":"Organization","@id":"https:\/\/www.hingelaegas.ee\/en\/#organization","name":"Hingelaegas O\u00dc","url":"https:\/\/www.hingelaegas.ee\/en\/","logo":{"@type":"ImageObject","inLanguage":"en-GB","@id":"https:\/\/www.hingelaegas.ee\/en\/#\/schema\/logo\/image\/","url":"https:\/\/hingelaegas.ee\/wp-content\/uploads\/2020\/12\/hingelaegas_vaike.png","contentUrl":"https:\/\/hingelaegas.ee\/wp-content\/uploads\/2020\/12\/hingelaegas_vaike.png","width":700,"height":700,"caption":"Hingelaegas O\u00dc"},"image":{"@id":"https:\/\/www.hingelaegas.ee\/en\/#\/schema\/logo\/image\/"}}]}},"acf":[],"jetpack_likes_enabled":false,"jetpack_sharing_enabled":true,"_links":{"self":[{"href":"https:\/\/hingelaegas.ee\/en\/wp-json\/wp\/v2\/product\/1329","targetHints":{"allow":["GET"]}}],"collection":[{"href":"https:\/\/hingelaegas.ee\/en\/wp-json\/wp\/v2\/product"}],"about":[{"href":"https:\/\/hingelaegas.ee\/en\/wp-json\/wp\/v2\/types\/product"}],"replies":[{"embeddable":true,"href":"https:\/\/hingelaegas.ee\/en\/wp-json\/wp\/v2\/comments?post=1329"}],"wp:featuredmedia":[{"embeddable":true,"href":"https:\/\/hingelaegas.ee\/en\/wp-json\/wp\/v2\/media\/1490"}],"wp:attachment":[{"href":"https:\/\/hingelaegas.ee\/en\/wp-json\/wp\/v2\/media?parent=1329"}],"wp:term":[{"taxonomy":"product_brand","embeddable":true,"href":"https:\/\/hingelaegas.ee\/en\/wp-json\/wp\/v2\/product_brand?post=1329"},{"taxonomy":"product_cat","embeddable":true,"href":"https:\/\/hingelaegas.ee\/en\/wp-json\/wp\/v2\/product_cat?post=1329"},{"taxonomy":"product_tag","embeddable":true,"href":"https:\/\/hingelaegas.ee\/en\/wp-json\/wp\/v2\/product_tag?post=1329"}],"curies":[{"name":"wp","href":"https:\/\/api.w.org\/{rel}","templated":true}]}}