{"id":1333,"date":"2020-11-02T17:05:11","date_gmt":"2020-11-02T14:05:11","guid":{"rendered":"https:\/\/hingelaegas.ee\/?post_type=product&#038;p=1333"},"modified":"2025-08-08T16:20:53","modified_gmt":"2025-08-08T13:20:53","slug":"bali-unenaopuudja-vaga-suur","status":"publish","type":"product","link":"https:\/\/hingelaegas.ee\/en\/product\/bali-unenaopuudja-vaga-suur\/","title":{"rendered":"Bali dreamcatcher - extra large (XL)"},"content":{"rendered":"","protected":false},"excerpt":{"rendered":"<div class=\"description\">\n<p><span style=\"font-family: georgia, palatino; font-size: 12pt;\">Dreamcathers come from the indigenous culture, where they were used for protection. Mainly, they were placed above the beds of babies and children to ensure them a good and peaceful sleep.<\/span><\/p>\n<p><span style=\"font-family: georgia, palatino; font-size: 12pt;\">Bad dreams get caught in the dreamcatcher's net, while good ones slip through the loops and slide down the feathers.<\/span><\/p>\n<p><span style=\"font-family: georgia, palatino; font-size: 12pt;\">The dreamcatcher should be placed near the bed, usually where the first morning sun shines. The first rays of the sun destroy all the bad dreams trapped in the net. If the dreamcatcher cannot be placed where the first morning rays of sunlight can greet it, then from time to time it should be placed in the sunlight, so all bad dreams would disappear from the net permanently.<\/span><\/p>\n<p><strong>Strikingly beautiful, extra large dreamcatcher<\/strong> is handmade on the island of Bali. Perfect to place next to or near the bed to protect you from bad dreams. Also suitable to use just as a decoration.<\/p>\n<p><span style=\"font-family: georgia, palatino; font-size: 12pt;\"><strong>Material<\/strong>: synthetic suede, feathers, wooden beads<\/span><\/p>\n<\/div>\n<p class=\"description\"><strong>Colors<\/strong>: coffee (brown), cream (light), chocolate (dark brown)<\/p>\n<p><span style=\"font-family: georgia, palatino; font-size: 12pt;\"><strong>Size<\/strong>: <\/span><span style=\"font-family: georgia, palatino; font-size: 12pt;\">the diameter of the upper large circle - 32 cm, diameter of the next smaller circle - 11 cm and then three circles of 9 cm in diameter, <\/span><span style=\"font-family: georgia, palatino; font-size: 12pt;\">total hanging length approx. 115 cm<\/span><\/p>","protected":false},"featured_media":1489,"comment_status":"open","ping_status":"closed","template":"","meta":{"_monsterinsights_skip_tracking":false,"_monsterinsights_sitenote_active":false,"_monsterinsights_sitenote_note":"","_monsterinsights_sitenote_category":0},"product_brand":[],"product_cat":[165],"product_tag":[183,187],"class_list":{"0":"post-1333","1":"product","2":"type-product","3":"status-publish","4":"has-post-thumbnail","6":"product_cat-unenaopuudjad","7":"product_tag-kodusisustus","8":"product_tag-unenaopuudjad","10":"first","11":"instock","12":"taxable","13":"shipping-taxable","14":"purchasable","15":"product-type-variable"},"yoast_head":"<!-- This site is optimized with the Yoast SEO plugin v27.4 - https:\/\/yoast.com\/product\/yoast-seo-wordpress\/ -->\n<title>Bali unen\u00e4op\u00fc\u00fcdja - v\u00e4ga suur (XL) - kohv, kreem, \u0161okolaad - Hingelaegas<\/title>\n<meta name=\"description\" content=\"Efektne ja kaunis, v\u00e4ga suur unen\u00e4op\u00fc\u00fcdja on valminud k\u00e4sit\u00f6\u00f6na Bali saarel. Sobib suurep\u00e4raselt paigutada voodi k\u00f5rvale v\u00f5i l\u00e4hedusse, et kaitsta Sind halbade unen\u00e4gude eest.\" \/>\n<meta name=\"robots\" content=\"index, follow, max-snippet:-1, max-image-preview:large, max-video-preview:-1\" \/>\n<link rel=\"canonical\" href=\"https:\/\/www.hingelaegas.ee\/product\/bali-unenaopuudja-vaga-suur\/\" \/>\n<meta property=\"og:locale\" content=\"en_GB\" \/>\n<meta property=\"og:type\" content=\"article\" \/>\n<meta property=\"og:title\" content=\"Bali unen\u00e4op\u00fc\u00fcdja - v\u00e4ga suur (XL) - kohv, kreem, \u0161okolaad - Hingelaegas\" \/>\n<meta property=\"og:description\" content=\"Efektne ja kaunis, v\u00e4ga suur unen\u00e4op\u00fc\u00fcdja on valminud k\u00e4sit\u00f6\u00f6na Bali saarel. Sobib suurep\u00e4raselt paigutada voodi k\u00f5rvale v\u00f5i l\u00e4hedusse, et kaitsta Sind halbade unen\u00e4gude eest.\" \/>\n<meta property=\"og:url\" content=\"https:\/\/www.hingelaegas.ee\/product\/bali-unenaopuudja-vaga-suur\/\" \/>\n<meta property=\"og:site_name\" content=\"Hingelaegas\" \/>\n<meta property=\"article:modified_time\" content=\"2025-08-08T13:20:53+00:00\" \/>\n<meta property=\"og:image\" content=\"https:\/\/i0.wp.com\/www.hingelaegas.ee\/wp-content\/uploads\/2020\/11\/Bali-unenaopuudja-vaga-suur.jpeg?fit=500%2C500&ssl=1\" \/>\n\t<meta property=\"og:image:width\" content=\"500\" \/>\n\t<meta property=\"og:image:height\" content=\"500\" \/>\n\t<meta property=\"og:image:type\" content=\"image\/jpeg\" \/>\n<meta name=\"twitter:card\" content=\"summary_large_image\" \/>\n<script type=\"application\/ld+json\" class=\"yoast-schema-graph\">{\"@context\":\"https:\\\/\\\/schema.org\",\"@graph\":[{\"@type\":\"WebPage\",\"@id\":\"https:\\\/\\\/www.hingelaegas.ee\\\/product\\\/bali-unenaopuudja-vaga-suur\\\/\",\"url\":\"https:\\\/\\\/www.hingelaegas.ee\\\/product\\\/bali-unenaopuudja-vaga-suur\\\/\",\"name\":\"Bali unen\u00e4op\u00fc\u00fcdja - v\u00e4ga suur (XL) - kohv, kreem, \u0161okolaad - Hingelaegas\",\"isPartOf\":{\"@id\":\"https:\\\/\\\/www.hingelaegas.ee\\\/#website\"},\"primaryImageOfPage\":{\"@id\":\"https:\\\/\\\/www.hingelaegas.ee\\\/product\\\/bali-unenaopuudja-vaga-suur\\\/#primaryimage\"},\"image\":{\"@id\":\"https:\\\/\\\/www.hingelaegas.ee\\\/product\\\/bali-unenaopuudja-vaga-suur\\\/#primaryimage\"},\"thumbnailUrl\":\"https:\\\/\\\/i0.wp.com\\\/www.hingelaegas.ee\\\/wp-content\\\/uploads\\\/2020\\\/11\\\/Bali-unenaopuudja-vaga-suur.jpeg?fit=500%2C500&ssl=1\",\"datePublished\":\"2020-11-02T14:05:11+00:00\",\"dateModified\":\"2025-08-08T13:20:53+00:00\",\"description\":\"Efektne ja kaunis, v\u00e4ga suur unen\u00e4op\u00fc\u00fcdja on valminud k\u00e4sit\u00f6\u00f6na Bali saarel. Sobib suurep\u00e4raselt paigutada voodi k\u00f5rvale v\u00f5i l\u00e4hedusse, et kaitsta Sind halbade unen\u00e4gude eest.\",\"breadcrumb\":{\"@id\":\"https:\\\/\\\/www.hingelaegas.ee\\\/product\\\/bali-unenaopuudja-vaga-suur\\\/#breadcrumb\"},\"inLanguage\":\"en-GB\",\"potentialAction\":[{\"@type\":\"ReadAction\",\"target\":[\"https:\\\/\\\/www.hingelaegas.ee\\\/product\\\/bali-unenaopuudja-vaga-suur\\\/\"]}]},{\"@type\":\"ImageObject\",\"inLanguage\":\"en-GB\",\"@id\":\"https:\\\/\\\/www.hingelaegas.ee\\\/product\\\/bali-unenaopuudja-vaga-suur\\\/#primaryimage\",\"url\":\"https:\\\/\\\/i0.wp.com\\\/www.hingelaegas.ee\\\/wp-content\\\/uploads\\\/2020\\\/11\\\/Bali-unenaopuudja-vaga-suur.jpeg?fit=500%2C500&ssl=1\",\"contentUrl\":\"https:\\\/\\\/i0.wp.com\\\/www.hingelaegas.ee\\\/wp-content\\\/uploads\\\/2020\\\/11\\\/Bali-unenaopuudja-vaga-suur.jpeg?fit=500%2C500&ssl=1\",\"width\":500,\"height\":500},{\"@type\":\"BreadcrumbList\",\"@id\":\"https:\\\/\\\/www.hingelaegas.ee\\\/product\\\/bali-unenaopuudja-vaga-suur\\\/#breadcrumb\",\"itemListElement\":[{\"@type\":\"ListItem\",\"position\":1,\"name\":\"Home\",\"item\":\"https:\\\/\\\/www.hingelaegas.ee\\\/\"},{\"@type\":\"ListItem\",\"position\":2,\"name\":\"E-POOD\",\"item\":\"https:\\\/\\\/www.hingelaegas.ee\\\/e-pood\\\/\"},{\"@type\":\"ListItem\",\"position\":3,\"name\":\"Bali unen\u00e4op\u00fc\u00fcdja &#8211; v\u00e4ga suur (XL)\"}]},{\"@type\":\"WebSite\",\"@id\":\"https:\\\/\\\/www.hingelaegas.ee\\\/#website\",\"url\":\"https:\\\/\\\/www.hingelaegas.ee\\\/\",\"name\":\"Hingelaegas\",\"description\":\"Hingele. Kehale. Vaimule.\",\"publisher\":{\"@id\":\"https:\\\/\\\/www.hingelaegas.ee\\\/#organization\"},\"potentialAction\":[{\"@type\":\"SearchAction\",\"target\":{\"@type\":\"EntryPoint\",\"urlTemplate\":\"https:\\\/\\\/www.hingelaegas.ee\\\/?s={search_term_string}\"},\"query-input\":{\"@type\":\"PropertyValueSpecification\",\"valueRequired\":true,\"valueName\":\"search_term_string\"}}],\"inLanguage\":\"en-GB\"},{\"@type\":\"Organization\",\"@id\":\"https:\\\/\\\/www.hingelaegas.ee\\\/#organization\",\"name\":\"Hingelaegas O\u00dc\",\"url\":\"https:\\\/\\\/www.hingelaegas.ee\\\/\",\"logo\":{\"@type\":\"ImageObject\",\"inLanguage\":\"en-GB\",\"@id\":\"https:\\\/\\\/www.hingelaegas.ee\\\/#\\\/schema\\\/logo\\\/image\\\/\",\"url\":\"https:\\\/\\\/hingelaegas.ee\\\/wp-content\\\/uploads\\\/2020\\\/12\\\/hingelaegas_vaike.png\",\"contentUrl\":\"https:\\\/\\\/hingelaegas.ee\\\/wp-content\\\/uploads\\\/2020\\\/12\\\/hingelaegas_vaike.png\",\"width\":700,\"height\":700,\"caption\":\"Hingelaegas O\u00dc\"},\"image\":{\"@id\":\"https:\\\/\\\/www.hingelaegas.ee\\\/#\\\/schema\\\/logo\\\/image\\\/\"}}]}<\/script>\n<!-- \/ Yoast SEO plugin. -->","yoast_head_json":{"title":"Bali unen\u00e4op\u00fc\u00fcdja - v\u00e4ga suur (XL) - kohv, kreem, \u0161okolaad - Hingelaegas","description":"Efektne ja kaunis, v\u00e4ga suur unen\u00e4op\u00fc\u00fcdja on valminud k\u00e4sit\u00f6\u00f6na Bali saarel. Sobib suurep\u00e4raselt paigutada voodi k\u00f5rvale v\u00f5i l\u00e4hedusse, et kaitsta Sind halbade unen\u00e4gude eest.","robots":{"index":"index","follow":"follow","max-snippet":"max-snippet:-1","max-image-preview":"max-image-preview:large","max-video-preview":"max-video-preview:-1"},"canonical":"https:\/\/www.hingelaegas.ee\/product\/bali-unenaopuudja-vaga-suur\/","og_locale":"en_GB","og_type":"article","og_title":"Bali unen\u00e4op\u00fc\u00fcdja - v\u00e4ga suur (XL) - kohv, kreem, \u0161okolaad - Hingelaegas","og_description":"Efektne ja kaunis, v\u00e4ga suur unen\u00e4op\u00fc\u00fcdja on valminud k\u00e4sit\u00f6\u00f6na Bali saarel. Sobib suurep\u00e4raselt paigutada voodi k\u00f5rvale v\u00f5i l\u00e4hedusse, et kaitsta Sind halbade unen\u00e4gude eest.","og_url":"https:\/\/www.hingelaegas.ee\/product\/bali-unenaopuudja-vaga-suur\/","og_site_name":"Hingelaegas","article_modified_time":"2025-08-08T13:20:53+00:00","og_image":[{"width":500,"height":500,"url":"https:\/\/i0.wp.com\/www.hingelaegas.ee\/wp-content\/uploads\/2020\/11\/Bali-unenaopuudja-vaga-suur.jpeg?fit=500%2C500&ssl=1","type":"image\/jpeg"}],"twitter_card":"summary_large_image","schema":{"@context":"https:\/\/schema.org","@graph":[{"@type":"WebPage","@id":"https:\/\/www.hingelaegas.ee\/product\/bali-unenaopuudja-vaga-suur\/","url":"https:\/\/www.hingelaegas.ee\/product\/bali-unenaopuudja-vaga-suur\/","name":"Bali unen\u00e4op\u00fc\u00fcdja - v\u00e4ga suur (XL) - kohv, kreem, \u0161okolaad - Hingelaegas","isPartOf":{"@id":"https:\/\/www.hingelaegas.ee\/#website"},"primaryImageOfPage":{"@id":"https:\/\/www.hingelaegas.ee\/product\/bali-unenaopuudja-vaga-suur\/#primaryimage"},"image":{"@id":"https:\/\/www.hingelaegas.ee\/product\/bali-unenaopuudja-vaga-suur\/#primaryimage"},"thumbnailUrl":"https:\/\/i0.wp.com\/www.hingelaegas.ee\/wp-content\/uploads\/2020\/11\/Bali-unenaopuudja-vaga-suur.jpeg?fit=500%2C500&ssl=1","datePublished":"2020-11-02T14:05:11+00:00","dateModified":"2025-08-08T13:20:53+00:00","description":"Efektne ja kaunis, v\u00e4ga suur unen\u00e4op\u00fc\u00fcdja on valminud k\u00e4sit\u00f6\u00f6na Bali saarel. Sobib suurep\u00e4raselt paigutada voodi k\u00f5rvale v\u00f5i l\u00e4hedusse, et kaitsta Sind halbade unen\u00e4gude eest.","breadcrumb":{"@id":"https:\/\/www.hingelaegas.ee\/product\/bali-unenaopuudja-vaga-suur\/#breadcrumb"},"inLanguage":"en-GB","potentialAction":[{"@type":"ReadAction","target":["https:\/\/www.hingelaegas.ee\/product\/bali-unenaopuudja-vaga-suur\/"]}]},{"@type":"ImageObject","inLanguage":"en-GB","@id":"https:\/\/www.hingelaegas.ee\/product\/bali-unenaopuudja-vaga-suur\/#primaryimage","url":"https:\/\/i0.wp.com\/www.hingelaegas.ee\/wp-content\/uploads\/2020\/11\/Bali-unenaopuudja-vaga-suur.jpeg?fit=500%2C500&ssl=1","contentUrl":"https:\/\/i0.wp.com\/www.hingelaegas.ee\/wp-content\/uploads\/2020\/11\/Bali-unenaopuudja-vaga-suur.jpeg?fit=500%2C500&ssl=1","width":500,"height":500},{"@type":"BreadcrumbList","@id":"https:\/\/www.hingelaegas.ee\/product\/bali-unenaopuudja-vaga-suur\/#breadcrumb","itemListElement":[{"@type":"ListItem","position":1,"name":"Home","item":"https:\/\/www.hingelaegas.ee\/"},{"@type":"ListItem","position":2,"name":"E-POOD","item":"https:\/\/www.hingelaegas.ee\/e-pood\/"},{"@type":"ListItem","position":3,"name":"Bali unen\u00e4op\u00fc\u00fcdja &#8211; v\u00e4ga suur (XL)"}]},{"@type":"WebSite","@id":"https:\/\/www.hingelaegas.ee\/#website","url":"https:\/\/www.hingelaegas.ee\/","name":"Hingelaegas","description":"For Soul. For Body. For Mind.","publisher":{"@id":"https:\/\/www.hingelaegas.ee\/#organization"},"potentialAction":[{"@type":"SearchAction","target":{"@type":"EntryPoint","urlTemplate":"https:\/\/www.hingelaegas.ee\/?s={search_term_string}"},"query-input":{"@type":"PropertyValueSpecification","valueRequired":true,"valueName":"search_term_string"}}],"inLanguage":"en-GB"},{"@type":"Organization","@id":"https:\/\/www.hingelaegas.ee\/#organization","name":"Hingelaegas O\u00dc","url":"https:\/\/www.hingelaegas.ee\/","logo":{"@type":"ImageObject","inLanguage":"en-GB","@id":"https:\/\/www.hingelaegas.ee\/#\/schema\/logo\/image\/","url":"https:\/\/hingelaegas.ee\/wp-content\/uploads\/2020\/12\/hingelaegas_vaike.png","contentUrl":"https:\/\/hingelaegas.ee\/wp-content\/uploads\/2020\/12\/hingelaegas_vaike.png","width":700,"height":700,"caption":"Hingelaegas O\u00dc"},"image":{"@id":"https:\/\/www.hingelaegas.ee\/#\/schema\/logo\/image\/"}}]}},"acf":[],"jetpack_likes_enabled":false,"jetpack_sharing_enabled":true,"_links":{"self":[{"href":"https:\/\/hingelaegas.ee\/en\/wp-json\/wp\/v2\/product\/1333","targetHints":{"allow":["GET"]}}],"collection":[{"href":"https:\/\/hingelaegas.ee\/en\/wp-json\/wp\/v2\/product"}],"about":[{"href":"https:\/\/hingelaegas.ee\/en\/wp-json\/wp\/v2\/types\/product"}],"replies":[{"embeddable":true,"href":"https:\/\/hingelaegas.ee\/en\/wp-json\/wp\/v2\/comments?post=1333"}],"wp:featuredmedia":[{"embeddable":true,"href":"https:\/\/hingelaegas.ee\/en\/wp-json\/wp\/v2\/media\/1489"}],"wp:attachment":[{"href":"https:\/\/hingelaegas.ee\/en\/wp-json\/wp\/v2\/media?parent=1333"}],"wp:term":[{"taxonomy":"product_brand","embeddable":true,"href":"https:\/\/hingelaegas.ee\/en\/wp-json\/wp\/v2\/product_brand?post=1333"},{"taxonomy":"product_cat","embeddable":true,"href":"https:\/\/hingelaegas.ee\/en\/wp-json\/wp\/v2\/product_cat?post=1333"},{"taxonomy":"product_tag","embeddable":true,"href":"https:\/\/hingelaegas.ee\/en\/wp-json\/wp\/v2\/product_tag?post=1333"}],"curies":[{"name":"wp","href":"https:\/\/api.w.org\/{rel}","templated":true}]}}