{"id":1783,"date":"2020-12-02T11:26:43","date_gmt":"2020-12-02T08:26:43","guid":{"rendered":"https:\/\/hingelaegas.ee\/?post_type=product&#038;p=1783"},"modified":"2024-08-12T12:23:46","modified_gmt":"2024-08-12T09:23:46","slug":"ametustiga-sormus","status":"publish","type":"product","link":"https:\/\/hingelaegas.ee\/en\/product\/ametustiga-sormus\/","title":{"rendered":"Ring with amethyst \u201cSea Shell\u201d, sterling silver (925)"},"content":{"rendered":"<h1>Amethyst<\/h1>\n<p><strong>Main properties:<\/strong> protection, purification, spirituality, balancing, concentration, peacefulness<\/p>\n<p><strong>Chakras: <\/strong>third eye, crown chakra, throat chakra<\/p>\n<p><strong>Zodiac signs:<\/strong> Pisces, Aries, Sagittarius, Virgo, Aquarius, Capricorn<\/p>\n<p><strong>Numerology:<\/strong> number 3<\/p>\n<p>Amethyst can be found from lilac to dark purple colors. It\u2019s an incredibly powerful protection stone of high spiritual vibration. It protects from psychic attacks by turning the attacking negative energy into love. As a natural sedative, it helps block out the energy coming from underground water springs and negative Earth lines as well as those of the environment.<\/p>\n<p>Amethyst has a strong force of healing and cleansing, and it boosts spiritual enlightenment. This stone supports temperance in everything life-related. For example, it used to be worn traditionally in order to prevent drunkenness, and against surplus thirst and physical passions because of its disillusioning effects. Amethyst helps overcome all types of addictions and blockages.<\/p>\n<p>It is incredibly useful to the mind as it soothes or invigorates according to need. During meditation, it steers thoughts away from mundane matters to peace and deeper understanding; opens up a new reality.<\/p>\n<p>Amethyst improves memory and boosts motivation; gives the ability to set realistic goals.<\/p>\n<h5>Health and Healing<\/h5>\n<p><strong>Mentally,<\/strong> it helps you feel more wholesome as it contributes to concentration, and control over your abilities. Promotes reception of new ideas as well as connects reason to result. Makes it easier to decide. In case of insomnia caused by an overactive mind, it is helpful in calming it. Protects from recurring nightmares. Then again, this stone may help in remembering and translating dreams, and make the visualization process easier.<\/p>\n<p>Amethyst is one of the most spiritual stones. It advances divine love by granting the ability to realize its true nature, and improves selflessness and spiritual knowledge. Opens up intuition and enhances psychic talents. It is perfect for meditation and crystal divination.<\/p>\n<p><strong>Emotionally,<\/strong> it balances excessive exhilaration as well as low-spiritness, and fosters emotional concentration. Decentralizes anger, rage, fear, and anxiety. Alleviates sadness and grief.<\/p>\n<p><strong>Physically,<\/strong> amethyst strengthens purifying and excretory organs, and the immune system. Cleanses the blood. Soothes physical, emotional and psychological pain or stress, alleviates headache, and liberates from tension. Reduces bruises, injuries and swellings, and treats ear infections. In addition, amethyst heals lung and respiratory diseases, skin, cell disorders, and digestive system diseases. It\u2019s useful to the bowel, because it regulates microflora in the intestines, eliminates parasites, and contributes to reabsorption of water. Alleviates insomnia. May also stabilize psychiatric conditions, but should not be used for paranoia and schizophrenia.<\/p>","protected":false},"excerpt":{"rendered":"<p><strong>Amethyst<\/strong> is an incredibly powerful protection stone of high spiritual vibration. It protects from psychic attacks by turning the attacking negative energy into love. As a natural sedative, it helps block out the energy coming from underground water springs and negative Earth lines as well as those of the environment. Amethyst improves memory and boosts motivation; gives the ability to set realistic goals.<\/p>\n<p><strong>Silver<\/strong> is a great healer, especially when it is in direct contact with the body. Scientists have found that silver kills harmful microorganisms living in water and air while maintaining benefic ones.<\/p>\n<ul>\n<li>Handcrafted by Hingelaegas<\/li>\n<li>Material: sterling silver (925), amethyst (6 mm)<\/li>\n<li>Width of ring (from the thickest point): ca 2.7 mm x 1.35 mm<\/li>\n<li>Weight: 2.8 g<\/li>\n<li>Fits best for sizes 16 to 18, but can be adjusted to other sizes. It is recommended to shape according to your own finger by squeezing\/bending gently on the first wear, and, afterwards, slip onto the finger over the knuckles like a regular closed ring.<\/li>\n<li>Jewelry is delivered in a cream-colored <strong>velvet gift bag<\/strong><\/li>\n<\/ul>","protected":false},"featured_media":1787,"comment_status":"open","ping_status":"closed","template":"","meta":{"_monsterinsights_skip_tracking":false,"_monsterinsights_sitenote_active":false,"_monsterinsights_sitenote_note":"","_monsterinsights_sitenote_category":0},"product_brand":[],"product_cat":[80],"product_tag":[467,303,301,184,77,311],"class_list":{"0":"post-1783","1":"product","2":"type-product","3":"status-publish","4":"has-post-thumbnail","6":"product_cat-hobedast-kasitooehted","7":"product_tag-ametust","8":"product_tag-hobe-925","9":"product_tag-kasitooehted","10":"product_tag-poolvaariskivid","11":"product_tag-reiki","12":"product_tag-sormus","14":"first","15":"instock","16":"taxable","17":"shipping-taxable","18":"purchasable","19":"product-type-simple"},"yoast_head":"<!-- This site is optimized with the Yoast SEO plugin v27.3 - https:\/\/yoast.com\/product\/yoast-seo-wordpress\/ -->\n<title>Amet\u00fcstiga s\u00f5rmus &quot;Merekarp&quot;, h\u00f5be 925 - Hingelaegas<\/title>\n<meta name=\"description\" content=\"Amet\u00fcst on k\u00f5rge vaimse vibratsiooniga erakordselt v\u00f5imas ja kaitsev kivi. Amet\u00fcst parandab m\u00e4lu ja suurendab motivatsiooni, andes v\u00f5ime seada endale realistlikke eesm\u00e4rke.\" \/>\n<meta name=\"robots\" content=\"index, follow, max-snippet:-1, max-image-preview:large, max-video-preview:-1\" \/>\n<link rel=\"canonical\" href=\"https:\/\/hingelaegas.ee\/en\/product\/ametustiga-sormus\/\" \/>\n<meta property=\"og:locale\" content=\"en_GB\" \/>\n<meta property=\"og:type\" content=\"article\" \/>\n<meta property=\"og:title\" content=\"Amet\u00fcstiga s\u00f5rmus &quot;Merekarp&quot;, h\u00f5be 925 - Hingelaegas\" \/>\n<meta property=\"og:description\" content=\"Amet\u00fcst on k\u00f5rge vaimse vibratsiooniga erakordselt v\u00f5imas ja kaitsev kivi. Amet\u00fcst parandab m\u00e4lu ja suurendab motivatsiooni, andes v\u00f5ime seada endale realistlikke eesm\u00e4rke.\" \/>\n<meta property=\"og:url\" content=\"https:\/\/hingelaegas.ee\/en\/product\/ametustiga-sormus\/\" \/>\n<meta property=\"og:site_name\" content=\"Hingelaegas\" \/>\n<meta property=\"article:modified_time\" content=\"2024-08-12T09:23:46+00:00\" \/>\n<meta property=\"og:image\" content=\"https:\/\/i0.wp.com\/hingelaegas.ee\/wp-content\/uploads\/2020\/12\/ametust-sormus-e1608045758341.jpg?fit=1548%2C1160&ssl=1\" \/>\n\t<meta property=\"og:image:width\" content=\"1548\" \/>\n\t<meta property=\"og:image:height\" content=\"1160\" \/>\n\t<meta property=\"og:image:type\" content=\"image\/jpeg\" \/>\n<meta name=\"twitter:card\" content=\"summary_large_image\" \/>\n<meta name=\"twitter:label1\" content=\"Estimated reading time\" \/>\n\t<meta name=\"twitter:data1\" content=\"2 minutes\" \/>\n<script type=\"application\/ld+json\" class=\"yoast-schema-graph\">{\"@context\":\"https:\\\/\\\/schema.org\",\"@graph\":[{\"@type\":\"WebPage\",\"@id\":\"https:\\\/\\\/hingelaegas.ee\\\/product\\\/ametustiga-sormus\\\/\",\"url\":\"https:\\\/\\\/hingelaegas.ee\\\/product\\\/ametustiga-sormus\\\/\",\"name\":\"Amet\u00fcstiga s\u00f5rmus \\\"Merekarp\\\", h\u00f5be 925 - Hingelaegas\",\"isPartOf\":{\"@id\":\"https:\\\/\\\/www.hingelaegas.ee\\\/en\\\/#website\"},\"primaryImageOfPage\":{\"@id\":\"https:\\\/\\\/hingelaegas.ee\\\/product\\\/ametustiga-sormus\\\/#primaryimage\"},\"image\":{\"@id\":\"https:\\\/\\\/hingelaegas.ee\\\/product\\\/ametustiga-sormus\\\/#primaryimage\"},\"thumbnailUrl\":\"https:\\\/\\\/i0.wp.com\\\/hingelaegas.ee\\\/wp-content\\\/uploads\\\/2020\\\/12\\\/ametust-sormus-e1608045758341.jpg?fit=1548%2C1160&ssl=1\",\"datePublished\":\"2020-12-02T08:26:43+00:00\",\"dateModified\":\"2024-08-12T09:23:46+00:00\",\"description\":\"Amet\u00fcst on k\u00f5rge vaimse vibratsiooniga erakordselt v\u00f5imas ja kaitsev kivi. Amet\u00fcst parandab m\u00e4lu ja suurendab motivatsiooni, andes v\u00f5ime seada endale realistlikke eesm\u00e4rke.\",\"breadcrumb\":{\"@id\":\"https:\\\/\\\/hingelaegas.ee\\\/product\\\/ametustiga-sormus\\\/#breadcrumb\"},\"inLanguage\":\"en-GB\",\"potentialAction\":[{\"@type\":\"ReadAction\",\"target\":[\"https:\\\/\\\/hingelaegas.ee\\\/product\\\/ametustiga-sormus\\\/\"]}]},{\"@type\":\"ImageObject\",\"inLanguage\":\"en-GB\",\"@id\":\"https:\\\/\\\/hingelaegas.ee\\\/product\\\/ametustiga-sormus\\\/#primaryimage\",\"url\":\"https:\\\/\\\/i0.wp.com\\\/hingelaegas.ee\\\/wp-content\\\/uploads\\\/2020\\\/12\\\/ametust-sormus-e1608045758341.jpg?fit=1548%2C1160&ssl=1\",\"contentUrl\":\"https:\\\/\\\/i0.wp.com\\\/hingelaegas.ee\\\/wp-content\\\/uploads\\\/2020\\\/12\\\/ametust-sormus-e1608045758341.jpg?fit=1548%2C1160&ssl=1\",\"width\":1548,\"height\":1160},{\"@type\":\"BreadcrumbList\",\"@id\":\"https:\\\/\\\/hingelaegas.ee\\\/product\\\/ametustiga-sormus\\\/#breadcrumb\",\"itemListElement\":[{\"@type\":\"ListItem\",\"position\":1,\"name\":\"Home\",\"item\":\"https:\\\/\\\/www.hingelaegas.ee\\\/en\\\/\"},{\"@type\":\"ListItem\",\"position\":2,\"name\":\"E-POOD\",\"item\":\"https:\\\/\\\/www.hingelaegas.ee\\\/en\\\/e-pood\\\/\"},{\"@type\":\"ListItem\",\"position\":3,\"name\":\"Amet\u00fcstiga s\u00f5rmus &#8220;Merekarp&#8221;, h\u00f5be 925\"}]},{\"@type\":\"WebSite\",\"@id\":\"https:\\\/\\\/www.hingelaegas.ee\\\/en\\\/#website\",\"url\":\"https:\\\/\\\/www.hingelaegas.ee\\\/en\\\/\",\"name\":\"Hingelaegas\",\"description\":\"Hingele. Kehale. Vaimule.\",\"publisher\":{\"@id\":\"https:\\\/\\\/www.hingelaegas.ee\\\/en\\\/#organization\"},\"potentialAction\":[{\"@type\":\"SearchAction\",\"target\":{\"@type\":\"EntryPoint\",\"urlTemplate\":\"https:\\\/\\\/www.hingelaegas.ee\\\/en\\\/?s={search_term_string}\"},\"query-input\":{\"@type\":\"PropertyValueSpecification\",\"valueRequired\":true,\"valueName\":\"search_term_string\"}}],\"inLanguage\":\"en-GB\"},{\"@type\":\"Organization\",\"@id\":\"https:\\\/\\\/www.hingelaegas.ee\\\/en\\\/#organization\",\"name\":\"Hingelaegas O\u00dc\",\"url\":\"https:\\\/\\\/www.hingelaegas.ee\\\/en\\\/\",\"logo\":{\"@type\":\"ImageObject\",\"inLanguage\":\"en-GB\",\"@id\":\"https:\\\/\\\/www.hingelaegas.ee\\\/en\\\/#\\\/schema\\\/logo\\\/image\\\/\",\"url\":\"https:\\\/\\\/hingelaegas.ee\\\/wp-content\\\/uploads\\\/2020\\\/12\\\/hingelaegas_vaike.png\",\"contentUrl\":\"https:\\\/\\\/hingelaegas.ee\\\/wp-content\\\/uploads\\\/2020\\\/12\\\/hingelaegas_vaike.png\",\"width\":700,\"height\":700,\"caption\":\"Hingelaegas O\u00dc\"},\"image\":{\"@id\":\"https:\\\/\\\/www.hingelaegas.ee\\\/en\\\/#\\\/schema\\\/logo\\\/image\\\/\"}}]}<\/script>\n<!-- \/ Yoast SEO plugin. -->","yoast_head_json":{"title":"Amet\u00fcstiga s\u00f5rmus \"Merekarp\", h\u00f5be 925 - Hingelaegas","description":"Amet\u00fcst on k\u00f5rge vaimse vibratsiooniga erakordselt v\u00f5imas ja kaitsev kivi. Amet\u00fcst parandab m\u00e4lu ja suurendab motivatsiooni, andes v\u00f5ime seada endale realistlikke eesm\u00e4rke.","robots":{"index":"index","follow":"follow","max-snippet":"max-snippet:-1","max-image-preview":"max-image-preview:large","max-video-preview":"max-video-preview:-1"},"canonical":"https:\/\/hingelaegas.ee\/en\/product\/ametustiga-sormus\/","og_locale":"en_GB","og_type":"article","og_title":"Amet\u00fcstiga s\u00f5rmus \"Merekarp\", h\u00f5be 925 - Hingelaegas","og_description":"Amet\u00fcst on k\u00f5rge vaimse vibratsiooniga erakordselt v\u00f5imas ja kaitsev kivi. Amet\u00fcst parandab m\u00e4lu ja suurendab motivatsiooni, andes v\u00f5ime seada endale realistlikke eesm\u00e4rke.","og_url":"https:\/\/hingelaegas.ee\/en\/product\/ametustiga-sormus\/","og_site_name":"Hingelaegas","article_modified_time":"2024-08-12T09:23:46+00:00","og_image":[{"width":1548,"height":1160,"url":"https:\/\/i0.wp.com\/hingelaegas.ee\/wp-content\/uploads\/2020\/12\/ametust-sormus-e1608045758341.jpg?fit=1548%2C1160&ssl=1","type":"image\/jpeg"}],"twitter_card":"summary_large_image","twitter_misc":{"Estimated reading time":"2 minutes"},"schema":{"@context":"https:\/\/schema.org","@graph":[{"@type":"WebPage","@id":"https:\/\/hingelaegas.ee\/product\/ametustiga-sormus\/","url":"https:\/\/hingelaegas.ee\/product\/ametustiga-sormus\/","name":"Amet\u00fcstiga s\u00f5rmus \"Merekarp\", h\u00f5be 925 - Hingelaegas","isPartOf":{"@id":"https:\/\/www.hingelaegas.ee\/en\/#website"},"primaryImageOfPage":{"@id":"https:\/\/hingelaegas.ee\/product\/ametustiga-sormus\/#primaryimage"},"image":{"@id":"https:\/\/hingelaegas.ee\/product\/ametustiga-sormus\/#primaryimage"},"thumbnailUrl":"https:\/\/i0.wp.com\/hingelaegas.ee\/wp-content\/uploads\/2020\/12\/ametust-sormus-e1608045758341.jpg?fit=1548%2C1160&ssl=1","datePublished":"2020-12-02T08:26:43+00:00","dateModified":"2024-08-12T09:23:46+00:00","description":"Amet\u00fcst on k\u00f5rge vaimse vibratsiooniga erakordselt v\u00f5imas ja kaitsev kivi. Amet\u00fcst parandab m\u00e4lu ja suurendab motivatsiooni, andes v\u00f5ime seada endale realistlikke eesm\u00e4rke.","breadcrumb":{"@id":"https:\/\/hingelaegas.ee\/product\/ametustiga-sormus\/#breadcrumb"},"inLanguage":"en-GB","potentialAction":[{"@type":"ReadAction","target":["https:\/\/hingelaegas.ee\/product\/ametustiga-sormus\/"]}]},{"@type":"ImageObject","inLanguage":"en-GB","@id":"https:\/\/hingelaegas.ee\/product\/ametustiga-sormus\/#primaryimage","url":"https:\/\/i0.wp.com\/hingelaegas.ee\/wp-content\/uploads\/2020\/12\/ametust-sormus-e1608045758341.jpg?fit=1548%2C1160&ssl=1","contentUrl":"https:\/\/i0.wp.com\/hingelaegas.ee\/wp-content\/uploads\/2020\/12\/ametust-sormus-e1608045758341.jpg?fit=1548%2C1160&ssl=1","width":1548,"height":1160},{"@type":"BreadcrumbList","@id":"https:\/\/hingelaegas.ee\/product\/ametustiga-sormus\/#breadcrumb","itemListElement":[{"@type":"ListItem","position":1,"name":"Home","item":"https:\/\/www.hingelaegas.ee\/en\/"},{"@type":"ListItem","position":2,"name":"E-POOD","item":"https:\/\/www.hingelaegas.ee\/en\/e-pood\/"},{"@type":"ListItem","position":3,"name":"Amet\u00fcstiga s\u00f5rmus &#8220;Merekarp&#8221;, h\u00f5be 925"}]},{"@type":"WebSite","@id":"https:\/\/www.hingelaegas.ee\/en\/#website","url":"https:\/\/www.hingelaegas.ee\/en\/","name":"Hingelaegas","description":"For Soul. For Body. For Mind.","publisher":{"@id":"https:\/\/www.hingelaegas.ee\/en\/#organization"},"potentialAction":[{"@type":"SearchAction","target":{"@type":"EntryPoint","urlTemplate":"https:\/\/www.hingelaegas.ee\/en\/?s={search_term_string}"},"query-input":{"@type":"PropertyValueSpecification","valueRequired":true,"valueName":"search_term_string"}}],"inLanguage":"en-GB"},{"@type":"Organization","@id":"https:\/\/www.hingelaegas.ee\/en\/#organization","name":"Hingelaegas O\u00dc","url":"https:\/\/www.hingelaegas.ee\/en\/","logo":{"@type":"ImageObject","inLanguage":"en-GB","@id":"https:\/\/www.hingelaegas.ee\/en\/#\/schema\/logo\/image\/","url":"https:\/\/hingelaegas.ee\/wp-content\/uploads\/2020\/12\/hingelaegas_vaike.png","contentUrl":"https:\/\/hingelaegas.ee\/wp-content\/uploads\/2020\/12\/hingelaegas_vaike.png","width":700,"height":700,"caption":"Hingelaegas O\u00dc"},"image":{"@id":"https:\/\/www.hingelaegas.ee\/en\/#\/schema\/logo\/image\/"}}]}},"acf":[],"jetpack_likes_enabled":false,"jetpack_sharing_enabled":true,"_links":{"self":[{"href":"https:\/\/hingelaegas.ee\/en\/wp-json\/wp\/v2\/product\/1783","targetHints":{"allow":["GET"]}}],"collection":[{"href":"https:\/\/hingelaegas.ee\/en\/wp-json\/wp\/v2\/product"}],"about":[{"href":"https:\/\/hingelaegas.ee\/en\/wp-json\/wp\/v2\/types\/product"}],"replies":[{"embeddable":true,"href":"https:\/\/hingelaegas.ee\/en\/wp-json\/wp\/v2\/comments?post=1783"}],"wp:featuredmedia":[{"embeddable":true,"href":"https:\/\/hingelaegas.ee\/en\/wp-json\/wp\/v2\/media\/1787"}],"wp:attachment":[{"href":"https:\/\/hingelaegas.ee\/en\/wp-json\/wp\/v2\/media?parent=1783"}],"wp:term":[{"taxonomy":"product_brand","embeddable":true,"href":"https:\/\/hingelaegas.ee\/en\/wp-json\/wp\/v2\/product_brand?post=1783"},{"taxonomy":"product_cat","embeddable":true,"href":"https:\/\/hingelaegas.ee\/en\/wp-json\/wp\/v2\/product_cat?post=1783"},{"taxonomy":"product_tag","embeddable":true,"href":"https:\/\/hingelaegas.ee\/en\/wp-json\/wp\/v2\/product_tag?post=1783"}],"curies":[{"name":"wp","href":"https:\/\/api.w.org\/{rel}","templated":true}]}}