{"id":1791,"date":"2020-12-02T14:27:26","date_gmt":"2020-12-02T11:27:26","guid":{"rendered":"https:\/\/hingelaegas.ee\/?post_type=product&#038;p=1791"},"modified":"2025-12-28T23:32:49","modified_gmt":"2025-12-28T21:32:49","slug":"granaadiga-sormus","status":"publish","type":"product","link":"https:\/\/hingelaegas.ee\/en\/product\/granaadiga-sormus\/","title":{"rendered":"Ring with garnet \u201cSea Shell\u201d, sterling silver (925)"},"content":{"rendered":"<h1>Garnet<\/h1>\n<p><strong>Main properties:<\/strong> strength, protection, abundance, sexuality, passion, motivation, grounding, romance, faithfulness<\/p>\n<p><strong>Chakras: <\/strong>root chakra<\/p>\n<p><strong>Zodiac signs:<\/strong> Aries, Leo, Virgo, Aquarius, Capricorn<\/p>\n<p><strong>Numerology:<\/strong> number 2<\/p>\n<p>A powerful stone, garnet provides energy, and restores. It cleanses chakras and provides them with new energy, too. Gives vitality, frees from secondary substances, and balances energy: depending on what the wearer needs, it brings peace of mind or passion.<\/p>\n<p>Allegedly, garnet is able to warn of danger, and it used to be worn as a talisman.<\/p>\n<p>Garnet inspires love and trust. Balances sexual urge and relieves emotional discord. <strong>Red garnet<\/strong> stimulates the rise of kundalini energy, and is helpful to problems with sexual potency. It is a stone of love. It tunes the heart to love\u2019s energy, gives feelings vitality, and enhances sexuality and inner passion. Helps control anger\u2014especially anger towards yourself.<\/p>\n<p>It is also a stone of taking responsibilities, and it\u2019s a great thing to have in moments of crisis because it helps out of situations where an escape is nowhere to be seen, and shows a ray of hope when life has broken to pieces. It strengthens, activates, and supports survival instinct, bringing courage and hope to seemingly hopeless situations. Garnet turns crises into challenges. It also advances mutual support in difficult times.<\/p>\n<p>Garnet has a strong connection to pituitary, and it may stimulate broader awareness and the remembering of past lives. This beautiful red gemstone also activates other crystals and amplifies their effect.<\/p>\n<h5>Health and Healing<\/h5>\n<p><strong>Psychologically,\u00a0<\/strong>it strengthens the perception of oneself and other people. Dissolves deep-rooted  patterns that are no longer necessary, and aids in impeding subconscious self-sabotage.<\/p>\n<p><strong>Mentally,<\/strong> it helps discharge old and spent ideas.<\/p>\n<p><strong>Emotionally,<\/strong> it gets rid of exclusions and taboos. Opens up the heart and provides self-confidence.<\/p>\n<p><strong>Physically,<\/strong> it restores the body and spurs metabolism. Heals spine and cell damages, cleanses and gives new energy to blood, lungs and heart as well as restores DNA. Garnet contributes to the absorption of minerals and vitamins.<\/p>","protected":false},"excerpt":{"rendered":"<p><strong>Red garnet<\/strong> stimulates the rise of kundalini energy, and is helpful to problems with sexual potency. It is a stone of love. It tunes the heart to love\u2019s energy, gives feelings vitality, and enhances sexuality and inner passion. Helps control anger\u2014especially anger towards yourself.<\/p>\n<p><strong>Silver<\/strong> is a great healer, especially when it is in direct contact with the body. Scientists have found that silver kills harmful microorganisms living in water and air while maintaining benefic ones.<\/p>\n<ul>\n<li>Handcrafted by Hingelaegas<\/li>\n<li>Material: sterling silver (925), garnet (6 mm)<\/li>\n<li>Width of ring (from the thickest point): ca 2.7 mm x 1.35 mm<\/li>\n<li>Weight: 2.8 g<\/li>\n<li>Fits best for sizes 16 to 18, but can be adjusted to other sizes. It is recommended to shape according to your own finger by squeezing\/bending gently on the first wear, and, afterwards, slip onto the finger over the knuckles like a regular closed ring.<\/li>\n<li>Jewelry is delivered in a cream-colored <strong>velvet gift bag<\/strong><\/li>\n<\/ul>","protected":false},"featured_media":1784,"comment_status":"open","ping_status":"closed","template":"","meta":{"_monsterinsights_skip_tracking":false,"_monsterinsights_sitenote_active":false,"_monsterinsights_sitenote_note":"","_monsterinsights_sitenote_category":0},"product_brand":[],"product_cat":[80],"product_tag":[469,303,301,184,77,311],"class_list":{"0":"post-1791","1":"product","2":"type-product","3":"status-publish","4":"has-post-thumbnail","6":"product_cat-hobedast-kasitooehted","7":"product_tag-granaat","8":"product_tag-hobe-925","9":"product_tag-kasitooehted","10":"product_tag-poolvaariskivid","11":"product_tag-reiki","12":"product_tag-sormus","14":"first","15":"instock","16":"taxable","17":"shipping-taxable","18":"purchasable","19":"product-type-simple"},"yoast_head":"<!-- This site is optimized with the Yoast SEO plugin v27.3 - https:\/\/yoast.com\/product\/yoast-seo-wordpress\/ -->\n<title>Granaadiga s\u00f5rmus &quot;Merekarp&quot;, h\u00f5be 925 - Hingelaegas<\/title>\n<meta name=\"description\" content=\"Punane granaat on armastuse kivi. Ta h\u00e4\u00e4lestab s\u00fcdame armastuse energiale, annab uut eluj\u00f5udu tunnetele ning suurendab seksuaalsust ja sisemist kirge.\" \/>\n<meta name=\"robots\" content=\"index, follow, max-snippet:-1, max-image-preview:large, max-video-preview:-1\" \/>\n<link rel=\"canonical\" href=\"https:\/\/www.hingelaegas.ee\/en\/product\/granaadiga-sormus\/\" \/>\n<meta property=\"og:locale\" content=\"en_GB\" \/>\n<meta property=\"og:type\" content=\"article\" \/>\n<meta property=\"og:title\" content=\"Granaadiga s\u00f5rmus &quot;Merekarp&quot;, h\u00f5be 925 - Hingelaegas\" \/>\n<meta property=\"og:description\" content=\"Punane granaat on armastuse kivi. Ta h\u00e4\u00e4lestab s\u00fcdame armastuse energiale, annab uut eluj\u00f5udu tunnetele ning suurendab seksuaalsust ja sisemist kirge.\" \/>\n<meta property=\"og:url\" content=\"https:\/\/www.hingelaegas.ee\/en\/product\/granaadiga-sormus\/\" \/>\n<meta property=\"og:site_name\" content=\"Hingelaegas\" \/>\n<meta property=\"article:modified_time\" content=\"2025-12-28T21:32:49+00:00\" \/>\n<meta property=\"og:image\" content=\"https:\/\/i0.wp.com\/hingelaegas.ee\/wp-content\/uploads\/2020\/12\/IMG_5206.jpeg?fit=1024%2C768&ssl=1\" \/>\n\t<meta property=\"og:image:width\" content=\"1024\" \/>\n\t<meta property=\"og:image:height\" content=\"768\" \/>\n\t<meta property=\"og:image:type\" content=\"image\/jpeg\" \/>\n<meta name=\"twitter:card\" content=\"summary_large_image\" \/>\n<meta name=\"twitter:label1\" content=\"Estimated reading time\" \/>\n\t<meta name=\"twitter:data1\" content=\"2 minutes\" \/>\n<script type=\"application\/ld+json\" class=\"yoast-schema-graph\">{\"@context\":\"https:\\\/\\\/schema.org\",\"@graph\":[{\"@type\":\"WebPage\",\"@id\":\"https:\\\/\\\/www.hingelaegas.ee\\\/en\\\/product\\\/granaadiga-sormus\\\/\",\"url\":\"https:\\\/\\\/www.hingelaegas.ee\\\/en\\\/product\\\/granaadiga-sormus\\\/\",\"name\":\"Granaadiga s\u00f5rmus \\\"Merekarp\\\", h\u00f5be 925 - Hingelaegas\",\"isPartOf\":{\"@id\":\"https:\\\/\\\/www.hingelaegas.ee\\\/en\\\/#website\"},\"primaryImageOfPage\":{\"@id\":\"https:\\\/\\\/www.hingelaegas.ee\\\/en\\\/product\\\/granaadiga-sormus\\\/#primaryimage\"},\"image\":{\"@id\":\"https:\\\/\\\/www.hingelaegas.ee\\\/en\\\/product\\\/granaadiga-sormus\\\/#primaryimage\"},\"thumbnailUrl\":\"https:\\\/\\\/i0.wp.com\\\/www.hingelaegas.ee\\\/wp-content\\\/uploads\\\/2020\\\/12\\\/IMG_5206.jpeg?fit=1024%2C768&ssl=1\",\"datePublished\":\"2020-12-02T11:27:26+00:00\",\"dateModified\":\"2025-12-28T21:32:49+00:00\",\"description\":\"Punane granaat on armastuse kivi. Ta h\u00e4\u00e4lestab s\u00fcdame armastuse energiale, annab uut eluj\u00f5udu tunnetele ning suurendab seksuaalsust ja sisemist kirge.\",\"breadcrumb\":{\"@id\":\"https:\\\/\\\/www.hingelaegas.ee\\\/en\\\/product\\\/granaadiga-sormus\\\/#breadcrumb\"},\"inLanguage\":\"en-GB\",\"potentialAction\":[{\"@type\":\"ReadAction\",\"target\":[\"https:\\\/\\\/www.hingelaegas.ee\\\/en\\\/product\\\/granaadiga-sormus\\\/\"]}]},{\"@type\":\"ImageObject\",\"inLanguage\":\"en-GB\",\"@id\":\"https:\\\/\\\/www.hingelaegas.ee\\\/en\\\/product\\\/granaadiga-sormus\\\/#primaryimage\",\"url\":\"https:\\\/\\\/i0.wp.com\\\/www.hingelaegas.ee\\\/wp-content\\\/uploads\\\/2020\\\/12\\\/IMG_5206.jpeg?fit=1024%2C768&ssl=1\",\"contentUrl\":\"https:\\\/\\\/i0.wp.com\\\/www.hingelaegas.ee\\\/wp-content\\\/uploads\\\/2020\\\/12\\\/IMG_5206.jpeg?fit=1024%2C768&ssl=1\",\"width\":1024,\"height\":768},{\"@type\":\"BreadcrumbList\",\"@id\":\"https:\\\/\\\/www.hingelaegas.ee\\\/en\\\/product\\\/granaadiga-sormus\\\/#breadcrumb\",\"itemListElement\":[{\"@type\":\"ListItem\",\"position\":1,\"name\":\"Home\",\"item\":\"https:\\\/\\\/www.hingelaegas.ee\\\/en\\\/\"},{\"@type\":\"ListItem\",\"position\":2,\"name\":\"E-POOD\",\"item\":\"https:\\\/\\\/www.hingelaegas.ee\\\/en\\\/e-pood\\\/\"},{\"@type\":\"ListItem\",\"position\":3,\"name\":\"Granaadiga s\u00f5rmus &#8220;Merekarp&#8221;, h\u00f5be 925\"}]},{\"@type\":\"WebSite\",\"@id\":\"https:\\\/\\\/www.hingelaegas.ee\\\/en\\\/#website\",\"url\":\"https:\\\/\\\/www.hingelaegas.ee\\\/en\\\/\",\"name\":\"Hingelaegas\",\"description\":\"Hingele. Kehale. Vaimule.\",\"publisher\":{\"@id\":\"https:\\\/\\\/www.hingelaegas.ee\\\/en\\\/#organization\"},\"potentialAction\":[{\"@type\":\"SearchAction\",\"target\":{\"@type\":\"EntryPoint\",\"urlTemplate\":\"https:\\\/\\\/www.hingelaegas.ee\\\/en\\\/?s={search_term_string}\"},\"query-input\":{\"@type\":\"PropertyValueSpecification\",\"valueRequired\":true,\"valueName\":\"search_term_string\"}}],\"inLanguage\":\"en-GB\"},{\"@type\":\"Organization\",\"@id\":\"https:\\\/\\\/www.hingelaegas.ee\\\/en\\\/#organization\",\"name\":\"Hingelaegas O\u00dc\",\"url\":\"https:\\\/\\\/www.hingelaegas.ee\\\/en\\\/\",\"logo\":{\"@type\":\"ImageObject\",\"inLanguage\":\"en-GB\",\"@id\":\"https:\\\/\\\/www.hingelaegas.ee\\\/en\\\/#\\\/schema\\\/logo\\\/image\\\/\",\"url\":\"https:\\\/\\\/hingelaegas.ee\\\/wp-content\\\/uploads\\\/2020\\\/12\\\/hingelaegas_vaike.png\",\"contentUrl\":\"https:\\\/\\\/hingelaegas.ee\\\/wp-content\\\/uploads\\\/2020\\\/12\\\/hingelaegas_vaike.png\",\"width\":700,\"height\":700,\"caption\":\"Hingelaegas O\u00dc\"},\"image\":{\"@id\":\"https:\\\/\\\/www.hingelaegas.ee\\\/en\\\/#\\\/schema\\\/logo\\\/image\\\/\"}}]}<\/script>\n<!-- \/ Yoast SEO plugin. -->","yoast_head_json":{"title":"Granaadiga s\u00f5rmus \"Merekarp\", h\u00f5be 925 - Hingelaegas","description":"Punane granaat on armastuse kivi. Ta h\u00e4\u00e4lestab s\u00fcdame armastuse energiale, annab uut eluj\u00f5udu tunnetele ning suurendab seksuaalsust ja sisemist kirge.","robots":{"index":"index","follow":"follow","max-snippet":"max-snippet:-1","max-image-preview":"max-image-preview:large","max-video-preview":"max-video-preview:-1"},"canonical":"https:\/\/www.hingelaegas.ee\/en\/product\/granaadiga-sormus\/","og_locale":"en_GB","og_type":"article","og_title":"Granaadiga s\u00f5rmus \"Merekarp\", h\u00f5be 925 - Hingelaegas","og_description":"Punane granaat on armastuse kivi. Ta h\u00e4\u00e4lestab s\u00fcdame armastuse energiale, annab uut eluj\u00f5udu tunnetele ning suurendab seksuaalsust ja sisemist kirge.","og_url":"https:\/\/www.hingelaegas.ee\/en\/product\/granaadiga-sormus\/","og_site_name":"Hingelaegas","article_modified_time":"2025-12-28T21:32:49+00:00","og_image":[{"width":1024,"height":768,"url":"https:\/\/i0.wp.com\/hingelaegas.ee\/wp-content\/uploads\/2020\/12\/IMG_5206.jpeg?fit=1024%2C768&ssl=1","type":"image\/jpeg"}],"twitter_card":"summary_large_image","twitter_misc":{"Estimated reading time":"2 minutes"},"schema":{"@context":"https:\/\/schema.org","@graph":[{"@type":"WebPage","@id":"https:\/\/www.hingelaegas.ee\/en\/product\/granaadiga-sormus\/","url":"https:\/\/www.hingelaegas.ee\/en\/product\/granaadiga-sormus\/","name":"Granaadiga s\u00f5rmus \"Merekarp\", h\u00f5be 925 - Hingelaegas","isPartOf":{"@id":"https:\/\/www.hingelaegas.ee\/en\/#website"},"primaryImageOfPage":{"@id":"https:\/\/www.hingelaegas.ee\/en\/product\/granaadiga-sormus\/#primaryimage"},"image":{"@id":"https:\/\/www.hingelaegas.ee\/en\/product\/granaadiga-sormus\/#primaryimage"},"thumbnailUrl":"https:\/\/i0.wp.com\/www.hingelaegas.ee\/wp-content\/uploads\/2020\/12\/IMG_5206.jpeg?fit=1024%2C768&ssl=1","datePublished":"2020-12-02T11:27:26+00:00","dateModified":"2025-12-28T21:32:49+00:00","description":"Punane granaat on armastuse kivi. Ta h\u00e4\u00e4lestab s\u00fcdame armastuse energiale, annab uut eluj\u00f5udu tunnetele ning suurendab seksuaalsust ja sisemist kirge.","breadcrumb":{"@id":"https:\/\/www.hingelaegas.ee\/en\/product\/granaadiga-sormus\/#breadcrumb"},"inLanguage":"en-GB","potentialAction":[{"@type":"ReadAction","target":["https:\/\/www.hingelaegas.ee\/en\/product\/granaadiga-sormus\/"]}]},{"@type":"ImageObject","inLanguage":"en-GB","@id":"https:\/\/www.hingelaegas.ee\/en\/product\/granaadiga-sormus\/#primaryimage","url":"https:\/\/i0.wp.com\/www.hingelaegas.ee\/wp-content\/uploads\/2020\/12\/IMG_5206.jpeg?fit=1024%2C768&ssl=1","contentUrl":"https:\/\/i0.wp.com\/www.hingelaegas.ee\/wp-content\/uploads\/2020\/12\/IMG_5206.jpeg?fit=1024%2C768&ssl=1","width":1024,"height":768},{"@type":"BreadcrumbList","@id":"https:\/\/www.hingelaegas.ee\/en\/product\/granaadiga-sormus\/#breadcrumb","itemListElement":[{"@type":"ListItem","position":1,"name":"Home","item":"https:\/\/www.hingelaegas.ee\/en\/"},{"@type":"ListItem","position":2,"name":"E-POOD","item":"https:\/\/www.hingelaegas.ee\/en\/e-pood\/"},{"@type":"ListItem","position":3,"name":"Granaadiga s\u00f5rmus &#8220;Merekarp&#8221;, h\u00f5be 925"}]},{"@type":"WebSite","@id":"https:\/\/www.hingelaegas.ee\/en\/#website","url":"https:\/\/www.hingelaegas.ee\/en\/","name":"Hingelaegas","description":"For Soul. For Body. For Mind.","publisher":{"@id":"https:\/\/www.hingelaegas.ee\/en\/#organization"},"potentialAction":[{"@type":"SearchAction","target":{"@type":"EntryPoint","urlTemplate":"https:\/\/www.hingelaegas.ee\/en\/?s={search_term_string}"},"query-input":{"@type":"PropertyValueSpecification","valueRequired":true,"valueName":"search_term_string"}}],"inLanguage":"en-GB"},{"@type":"Organization","@id":"https:\/\/www.hingelaegas.ee\/en\/#organization","name":"Hingelaegas O\u00dc","url":"https:\/\/www.hingelaegas.ee\/en\/","logo":{"@type":"ImageObject","inLanguage":"en-GB","@id":"https:\/\/www.hingelaegas.ee\/en\/#\/schema\/logo\/image\/","url":"https:\/\/hingelaegas.ee\/wp-content\/uploads\/2020\/12\/hingelaegas_vaike.png","contentUrl":"https:\/\/hingelaegas.ee\/wp-content\/uploads\/2020\/12\/hingelaegas_vaike.png","width":700,"height":700,"caption":"Hingelaegas O\u00dc"},"image":{"@id":"https:\/\/www.hingelaegas.ee\/en\/#\/schema\/logo\/image\/"}}]}},"acf":[],"jetpack_likes_enabled":false,"jetpack_sharing_enabled":true,"_links":{"self":[{"href":"https:\/\/hingelaegas.ee\/en\/wp-json\/wp\/v2\/product\/1791","targetHints":{"allow":["GET"]}}],"collection":[{"href":"https:\/\/hingelaegas.ee\/en\/wp-json\/wp\/v2\/product"}],"about":[{"href":"https:\/\/hingelaegas.ee\/en\/wp-json\/wp\/v2\/types\/product"}],"replies":[{"embeddable":true,"href":"https:\/\/hingelaegas.ee\/en\/wp-json\/wp\/v2\/comments?post=1791"}],"wp:featuredmedia":[{"embeddable":true,"href":"https:\/\/hingelaegas.ee\/en\/wp-json\/wp\/v2\/media\/1784"}],"wp:attachment":[{"href":"https:\/\/hingelaegas.ee\/en\/wp-json\/wp\/v2\/media?parent=1791"}],"wp:term":[{"taxonomy":"product_brand","embeddable":true,"href":"https:\/\/hingelaegas.ee\/en\/wp-json\/wp\/v2\/product_brand?post=1791"},{"taxonomy":"product_cat","embeddable":true,"href":"https:\/\/hingelaegas.ee\/en\/wp-json\/wp\/v2\/product_cat?post=1791"},{"taxonomy":"product_tag","embeddable":true,"href":"https:\/\/hingelaegas.ee\/en\/wp-json\/wp\/v2\/product_tag?post=1791"}],"curies":[{"name":"wp","href":"https:\/\/api.w.org\/{rel}","templated":true}]}}