{"id":1792,"date":"2020-12-02T14:46:48","date_gmt":"2020-12-02T11:46:48","guid":{"rendered":"https:\/\/hingelaegas.ee\/?post_type=product&#038;p=1792"},"modified":"2024-08-12T12:23:03","modified_gmt":"2024-08-12T09:23:03","slug":"mereveeparliga-sormus","status":"publish","type":"product","link":"https:\/\/hingelaegas.ee\/en\/product\/mereveeparliga-sormus\/","title":{"rendered":"Ring with saltwater pearl \u201cSea Shell\u201d, sterling silver (925)"},"content":{"rendered":"<h1>Pearl<\/h1>\n<p><strong>Main properties:<\/strong> intuition, imagination, protection, relaxation, wealth, psychic sensitivity<\/p>\n<p>Pearls are not minerals, like semi-precious gemstones, but they form inside of a shell when the mollusk living in it covers the irritant with calcium carbonate (the same substance from which the shell of the mollusk consists of) in self-defense, creating the mother of pearl that will cover the particle in many layers. In the duration of about ten years, it will become a pearl.<\/p>\n<p>Cultured and natural pearls can be distinguished from the copies in one simple test. Take a pearl and rub it (gently!) against the edge of a tooth. Because of the natural texture of the mother of pearl, cultured and natural pearls feel slightly rough, like thin-gritted sandpaper. Imitations, however, feel as smooth as glass, because their surface has been carved or painted onto an even bead.<\/p>\n<p>Even though pearls are not minerals, they still have their own healing properties. Pearl encourages relaxation as it lessens tensions and stress. Enhances intuition, psychic sensitivity, and imagination. By holding a pearl in your hand, you can attract wealth, protect yourself from negative influence, and transform negative energy into positive. Pearl is also useful in protecting children just like a mother protects hers\u2014that\u2019s where the term <em>mother of pearl<\/em> comes from. Similarly to a mother\u2019s love, these precious stones may purify our surrounding environment and heal memories and the heart.<\/p>","protected":false},"excerpt":{"rendered":"<p><strong>Pearl<\/strong> encourages relaxation as it lessens tensions and stress. Enhances intuition, psychic sensitivity, and imagination.<\/p>\n<p>By holding a pearl in your hand, you can attract wealth, protect yourself from negative influence, and transform negative energy into positive.<\/p>\n<p><strong>Silver<\/strong> is a great healer, especially when it is in direct contact with the body. Scientists have found that silver kills harmful microorganisms living in water and air while maintaining benefic ones.<\/p>\n<ul>\n<li>Handcrafted by Hingelaegas<\/li>\n<li>Material: sterling silver (925), pearl (6-6.5 mm)<\/li>\n<li>Width of ring (from the thickest point): ca 2.7 mm x 1.35 mm<\/li>\n<li>Weight: 2.8 g<\/li>\n<li>Fits best for sizes 16 to 18, but can be adjusted to other sizes. It is recommended to shape according to your own finger by squeezing\/bending gently on the first wear, and, afterwards, slip onto the finger over the knuckles like a regular closed ring.<\/li>\n<li>Jewelry is delivered in a cream-colored <strong>velvet gift bag<\/strong><\/li>\n<\/ul>","protected":false},"featured_media":1786,"comment_status":"open","ping_status":"closed","template":"","meta":{"_monsterinsights_skip_tracking":false,"_monsterinsights_sitenote_active":false,"_monsterinsights_sitenote_note":"","_monsterinsights_sitenote_category":0},"product_brand":[],"product_cat":[80],"product_tag":[303,301,468,77,311],"class_list":{"0":"post-1792","1":"product","2":"type-product","3":"status-publish","4":"has-post-thumbnail","6":"product_cat-hobedast-kasitooehted","7":"product_tag-hobe-925","8":"product_tag-kasitooehted","9":"product_tag-parl","10":"product_tag-reiki","11":"product_tag-sormus","13":"first","14":"instock","15":"taxable","16":"shipping-taxable","17":"purchasable","18":"product-type-simple"},"yoast_head":"<!-- This site is optimized with the Yoast SEO plugin v27.3 - https:\/\/yoast.com\/product\/yoast-seo-wordpress\/ -->\n<title>Mereveep\u00e4rliga s\u00f5rmus &quot;Merekarp&quot;, h\u00f5be 925 - Hingelaegas<\/title>\n<meta name=\"description\" content=\"Mereveep\u00e4rliga h\u00f5bes\u00f5rmus aitab leevendada pingeid ja stressi. Meelitab ligi j\u00f5ukust. H\u00f5be m\u00f5jub tervendavalt ja hoiab haigused eemal.\" \/>\n<meta name=\"robots\" content=\"index, follow, max-snippet:-1, max-image-preview:large, max-video-preview:-1\" \/>\n<link rel=\"canonical\" href=\"https:\/\/www.hingelaegas.ee\/en\/product\/mereveeparliga-sormus\/\" \/>\n<meta property=\"og:locale\" content=\"en_GB\" \/>\n<meta property=\"og:type\" content=\"article\" \/>\n<meta property=\"og:title\" content=\"Mereveep\u00e4rliga s\u00f5rmus &quot;Merekarp&quot;, h\u00f5be 925 - Hingelaegas\" \/>\n<meta property=\"og:description\" content=\"Mereveep\u00e4rliga h\u00f5bes\u00f5rmus aitab leevendada pingeid ja stressi. Meelitab ligi j\u00f5ukust. H\u00f5be m\u00f5jub tervendavalt ja hoiab haigused eemal.\" \/>\n<meta property=\"og:url\" content=\"https:\/\/www.hingelaegas.ee\/en\/product\/mereveeparliga-sormus\/\" \/>\n<meta property=\"og:site_name\" content=\"Hingelaegas\" \/>\n<meta property=\"article:modified_time\" content=\"2024-08-12T09:23:03+00:00\" \/>\n<meta property=\"og:image\" content=\"https:\/\/i0.wp.com\/hingelaegas.ee\/wp-content\/uploads\/2020\/12\/IMG_5208.jpeg?fit=1024%2C769&ssl=1\" \/>\n\t<meta property=\"og:image:width\" content=\"1024\" \/>\n\t<meta property=\"og:image:height\" content=\"769\" \/>\n\t<meta property=\"og:image:type\" content=\"image\/jpeg\" \/>\n<meta name=\"twitter:card\" content=\"summary_large_image\" \/>\n<meta name=\"twitter:label1\" content=\"Estimated reading time\" \/>\n\t<meta name=\"twitter:data1\" content=\"1 minute\" \/>\n<script type=\"application\/ld+json\" class=\"yoast-schema-graph\">{\"@context\":\"https:\\\/\\\/schema.org\",\"@graph\":[{\"@type\":\"WebPage\",\"@id\":\"https:\\\/\\\/www.hingelaegas.ee\\\/en\\\/product\\\/mereveeparliga-sormus\\\/\",\"url\":\"https:\\\/\\\/www.hingelaegas.ee\\\/en\\\/product\\\/mereveeparliga-sormus\\\/\",\"name\":\"Mereveep\u00e4rliga s\u00f5rmus \\\"Merekarp\\\", h\u00f5be 925 - Hingelaegas\",\"isPartOf\":{\"@id\":\"https:\\\/\\\/www.hingelaegas.ee\\\/en\\\/#website\"},\"primaryImageOfPage\":{\"@id\":\"https:\\\/\\\/www.hingelaegas.ee\\\/en\\\/product\\\/mereveeparliga-sormus\\\/#primaryimage\"},\"image\":{\"@id\":\"https:\\\/\\\/www.hingelaegas.ee\\\/en\\\/product\\\/mereveeparliga-sormus\\\/#primaryimage\"},\"thumbnailUrl\":\"https:\\\/\\\/i0.wp.com\\\/hingelaegas.ee\\\/wp-content\\\/uploads\\\/2020\\\/12\\\/IMG_5208.jpeg?fit=1024%2C769&ssl=1\",\"datePublished\":\"2020-12-02T11:46:48+00:00\",\"dateModified\":\"2024-08-12T09:23:03+00:00\",\"description\":\"Mereveep\u00e4rliga h\u00f5bes\u00f5rmus aitab leevendada pingeid ja stressi. Meelitab ligi j\u00f5ukust. H\u00f5be m\u00f5jub tervendavalt ja hoiab haigused eemal.\",\"breadcrumb\":{\"@id\":\"https:\\\/\\\/www.hingelaegas.ee\\\/en\\\/product\\\/mereveeparliga-sormus\\\/#breadcrumb\"},\"inLanguage\":\"en-GB\",\"potentialAction\":[{\"@type\":\"ReadAction\",\"target\":[\"https:\\\/\\\/www.hingelaegas.ee\\\/en\\\/product\\\/mereveeparliga-sormus\\\/\"]}]},{\"@type\":\"ImageObject\",\"inLanguage\":\"en-GB\",\"@id\":\"https:\\\/\\\/www.hingelaegas.ee\\\/en\\\/product\\\/mereveeparliga-sormus\\\/#primaryimage\",\"url\":\"https:\\\/\\\/i0.wp.com\\\/hingelaegas.ee\\\/wp-content\\\/uploads\\\/2020\\\/12\\\/IMG_5208.jpeg?fit=1024%2C769&ssl=1\",\"contentUrl\":\"https:\\\/\\\/i0.wp.com\\\/hingelaegas.ee\\\/wp-content\\\/uploads\\\/2020\\\/12\\\/IMG_5208.jpeg?fit=1024%2C769&ssl=1\",\"width\":1024,\"height\":769},{\"@type\":\"BreadcrumbList\",\"@id\":\"https:\\\/\\\/www.hingelaegas.ee\\\/en\\\/product\\\/mereveeparliga-sormus\\\/#breadcrumb\",\"itemListElement\":[{\"@type\":\"ListItem\",\"position\":1,\"name\":\"Home\",\"item\":\"https:\\\/\\\/www.hingelaegas.ee\\\/en\\\/\"},{\"@type\":\"ListItem\",\"position\":2,\"name\":\"E-POOD\",\"item\":\"https:\\\/\\\/www.hingelaegas.ee\\\/en\\\/e-pood\\\/\"},{\"@type\":\"ListItem\",\"position\":3,\"name\":\"Mereveep\u00e4rliga s\u00f5rmus &#8220;Merekarp&#8221;, h\u00f5be 925\"}]},{\"@type\":\"WebSite\",\"@id\":\"https:\\\/\\\/www.hingelaegas.ee\\\/en\\\/#website\",\"url\":\"https:\\\/\\\/www.hingelaegas.ee\\\/en\\\/\",\"name\":\"Hingelaegas\",\"description\":\"Hingele. Kehale. Vaimule.\",\"publisher\":{\"@id\":\"https:\\\/\\\/www.hingelaegas.ee\\\/en\\\/#organization\"},\"potentialAction\":[{\"@type\":\"SearchAction\",\"target\":{\"@type\":\"EntryPoint\",\"urlTemplate\":\"https:\\\/\\\/www.hingelaegas.ee\\\/en\\\/?s={search_term_string}\"},\"query-input\":{\"@type\":\"PropertyValueSpecification\",\"valueRequired\":true,\"valueName\":\"search_term_string\"}}],\"inLanguage\":\"en-GB\"},{\"@type\":\"Organization\",\"@id\":\"https:\\\/\\\/www.hingelaegas.ee\\\/en\\\/#organization\",\"name\":\"Hingelaegas O\u00dc\",\"url\":\"https:\\\/\\\/www.hingelaegas.ee\\\/en\\\/\",\"logo\":{\"@type\":\"ImageObject\",\"inLanguage\":\"en-GB\",\"@id\":\"https:\\\/\\\/www.hingelaegas.ee\\\/en\\\/#\\\/schema\\\/logo\\\/image\\\/\",\"url\":\"https:\\\/\\\/hingelaegas.ee\\\/wp-content\\\/uploads\\\/2020\\\/12\\\/hingelaegas_vaike.png\",\"contentUrl\":\"https:\\\/\\\/hingelaegas.ee\\\/wp-content\\\/uploads\\\/2020\\\/12\\\/hingelaegas_vaike.png\",\"width\":700,\"height\":700,\"caption\":\"Hingelaegas O\u00dc\"},\"image\":{\"@id\":\"https:\\\/\\\/www.hingelaegas.ee\\\/en\\\/#\\\/schema\\\/logo\\\/image\\\/\"}}]}<\/script>\n<!-- \/ Yoast SEO plugin. -->","yoast_head_json":{"title":"Mereveep\u00e4rliga s\u00f5rmus \"Merekarp\", h\u00f5be 925 - Hingelaegas","description":"Mereveep\u00e4rliga h\u00f5bes\u00f5rmus aitab leevendada pingeid ja stressi. Meelitab ligi j\u00f5ukust. H\u00f5be m\u00f5jub tervendavalt ja hoiab haigused eemal.","robots":{"index":"index","follow":"follow","max-snippet":"max-snippet:-1","max-image-preview":"max-image-preview:large","max-video-preview":"max-video-preview:-1"},"canonical":"https:\/\/www.hingelaegas.ee\/en\/product\/mereveeparliga-sormus\/","og_locale":"en_GB","og_type":"article","og_title":"Mereveep\u00e4rliga s\u00f5rmus \"Merekarp\", h\u00f5be 925 - Hingelaegas","og_description":"Mereveep\u00e4rliga h\u00f5bes\u00f5rmus aitab leevendada pingeid ja stressi. Meelitab ligi j\u00f5ukust. H\u00f5be m\u00f5jub tervendavalt ja hoiab haigused eemal.","og_url":"https:\/\/www.hingelaegas.ee\/en\/product\/mereveeparliga-sormus\/","og_site_name":"Hingelaegas","article_modified_time":"2024-08-12T09:23:03+00:00","og_image":[{"width":1024,"height":769,"url":"https:\/\/i0.wp.com\/hingelaegas.ee\/wp-content\/uploads\/2020\/12\/IMG_5208.jpeg?fit=1024%2C769&ssl=1","type":"image\/jpeg"}],"twitter_card":"summary_large_image","twitter_misc":{"Estimated reading time":"1 minute"},"schema":{"@context":"https:\/\/schema.org","@graph":[{"@type":"WebPage","@id":"https:\/\/www.hingelaegas.ee\/en\/product\/mereveeparliga-sormus\/","url":"https:\/\/www.hingelaegas.ee\/en\/product\/mereveeparliga-sormus\/","name":"Mereveep\u00e4rliga s\u00f5rmus \"Merekarp\", h\u00f5be 925 - Hingelaegas","isPartOf":{"@id":"https:\/\/www.hingelaegas.ee\/en\/#website"},"primaryImageOfPage":{"@id":"https:\/\/www.hingelaegas.ee\/en\/product\/mereveeparliga-sormus\/#primaryimage"},"image":{"@id":"https:\/\/www.hingelaegas.ee\/en\/product\/mereveeparliga-sormus\/#primaryimage"},"thumbnailUrl":"https:\/\/i0.wp.com\/hingelaegas.ee\/wp-content\/uploads\/2020\/12\/IMG_5208.jpeg?fit=1024%2C769&ssl=1","datePublished":"2020-12-02T11:46:48+00:00","dateModified":"2024-08-12T09:23:03+00:00","description":"Mereveep\u00e4rliga h\u00f5bes\u00f5rmus aitab leevendada pingeid ja stressi. Meelitab ligi j\u00f5ukust. H\u00f5be m\u00f5jub tervendavalt ja hoiab haigused eemal.","breadcrumb":{"@id":"https:\/\/www.hingelaegas.ee\/en\/product\/mereveeparliga-sormus\/#breadcrumb"},"inLanguage":"en-GB","potentialAction":[{"@type":"ReadAction","target":["https:\/\/www.hingelaegas.ee\/en\/product\/mereveeparliga-sormus\/"]}]},{"@type":"ImageObject","inLanguage":"en-GB","@id":"https:\/\/www.hingelaegas.ee\/en\/product\/mereveeparliga-sormus\/#primaryimage","url":"https:\/\/i0.wp.com\/hingelaegas.ee\/wp-content\/uploads\/2020\/12\/IMG_5208.jpeg?fit=1024%2C769&ssl=1","contentUrl":"https:\/\/i0.wp.com\/hingelaegas.ee\/wp-content\/uploads\/2020\/12\/IMG_5208.jpeg?fit=1024%2C769&ssl=1","width":1024,"height":769},{"@type":"BreadcrumbList","@id":"https:\/\/www.hingelaegas.ee\/en\/product\/mereveeparliga-sormus\/#breadcrumb","itemListElement":[{"@type":"ListItem","position":1,"name":"Home","item":"https:\/\/www.hingelaegas.ee\/en\/"},{"@type":"ListItem","position":2,"name":"E-POOD","item":"https:\/\/www.hingelaegas.ee\/en\/e-pood\/"},{"@type":"ListItem","position":3,"name":"Mereveep\u00e4rliga s\u00f5rmus &#8220;Merekarp&#8221;, h\u00f5be 925"}]},{"@type":"WebSite","@id":"https:\/\/www.hingelaegas.ee\/en\/#website","url":"https:\/\/www.hingelaegas.ee\/en\/","name":"Hingelaegas","description":"For Soul. For Body. For Mind.","publisher":{"@id":"https:\/\/www.hingelaegas.ee\/en\/#organization"},"potentialAction":[{"@type":"SearchAction","target":{"@type":"EntryPoint","urlTemplate":"https:\/\/www.hingelaegas.ee\/en\/?s={search_term_string}"},"query-input":{"@type":"PropertyValueSpecification","valueRequired":true,"valueName":"search_term_string"}}],"inLanguage":"en-GB"},{"@type":"Organization","@id":"https:\/\/www.hingelaegas.ee\/en\/#organization","name":"Hingelaegas O\u00dc","url":"https:\/\/www.hingelaegas.ee\/en\/","logo":{"@type":"ImageObject","inLanguage":"en-GB","@id":"https:\/\/www.hingelaegas.ee\/en\/#\/schema\/logo\/image\/","url":"https:\/\/hingelaegas.ee\/wp-content\/uploads\/2020\/12\/hingelaegas_vaike.png","contentUrl":"https:\/\/hingelaegas.ee\/wp-content\/uploads\/2020\/12\/hingelaegas_vaike.png","width":700,"height":700,"caption":"Hingelaegas O\u00dc"},"image":{"@id":"https:\/\/www.hingelaegas.ee\/en\/#\/schema\/logo\/image\/"}}]}},"acf":[],"jetpack_likes_enabled":false,"jetpack_sharing_enabled":true,"_links":{"self":[{"href":"https:\/\/hingelaegas.ee\/en\/wp-json\/wp\/v2\/product\/1792","targetHints":{"allow":["GET"]}}],"collection":[{"href":"https:\/\/hingelaegas.ee\/en\/wp-json\/wp\/v2\/product"}],"about":[{"href":"https:\/\/hingelaegas.ee\/en\/wp-json\/wp\/v2\/types\/product"}],"replies":[{"embeddable":true,"href":"https:\/\/hingelaegas.ee\/en\/wp-json\/wp\/v2\/comments?post=1792"}],"wp:featuredmedia":[{"embeddable":true,"href":"https:\/\/hingelaegas.ee\/en\/wp-json\/wp\/v2\/media\/1786"}],"wp:attachment":[{"href":"https:\/\/hingelaegas.ee\/en\/wp-json\/wp\/v2\/media?parent=1792"}],"wp:term":[{"taxonomy":"product_brand","embeddable":true,"href":"https:\/\/hingelaegas.ee\/en\/wp-json\/wp\/v2\/product_brand?post=1792"},{"taxonomy":"product_cat","embeddable":true,"href":"https:\/\/hingelaegas.ee\/en\/wp-json\/wp\/v2\/product_cat?post=1792"},{"taxonomy":"product_tag","embeddable":true,"href":"https:\/\/hingelaegas.ee\/en\/wp-json\/wp\/v2\/product_tag?post=1792"}],"curies":[{"name":"wp","href":"https:\/\/api.w.org\/{rel}","templated":true}]}}