{"id":1901,"date":"2020-12-02T23:59:36","date_gmt":"2020-12-02T20:59:36","guid":{"rendered":"https:\/\/hingelaegas.ee\/?post_type=product&#038;p=1901"},"modified":"2024-08-12T12:21:14","modified_gmt":"2024-08-12T09:21:14","slug":"ripats-oksake-roosa-kvarts-ametust","status":"publish","type":"product","link":"https:\/\/hingelaegas.ee\/en\/product\/ripats-oksake-roosa-kvarts-ametust\/","title":{"rendered":"Pendant \u201cBranch\u201d, rose quartz &amp; amethyst, sterling silver (925)"},"content":{"rendered":"<h1>Rose quartz<\/h1>\n<p><strong>Main properties:<\/strong> creativity, love, relationships, joy, empathy, physical healing, anxiety reduction, relaxation, calming-down, patience<\/p>\n<p><strong>Chakras: <\/strong>heart chakra<\/p>\n<p><strong>Zodiac signs:<\/strong> Taurus, Libra, Scorpio<\/p>\n<p><strong>Numerology:<\/strong> number 7<\/p>\n<div class=\"tag text-center text-dark\">\n<p class=\"tag text-center text-dark\">Rose quartz is a stone of unconditional love and endless peace. It is the most renowned (and also the most important!) stone of the heart chakra, because it teaches the true nature of love. It cleanses and opens the heart to all levels, and brings a deep internal healing and self-love.<\/p>\n<p>Rose quartz aids in attracting love. By teaching us how to love and respect ourselves, it helps attract it even more through the inner love we exude. But at the same time, it\u2019s wise to be cautious in attracting love as rose quartz has really effective magnetism that often needs the help of amethyst to bring the equilibrium. In established relationships, this crystal helps restore trust and harmony, and encourages unconditional love.<\/p>\n<p>Rose quartz removes negative energy and replaces it with the vibrations of love. It strengthens empathy and sensitivity, and helps come to terms with necessary changes. It promotes receptivity to all kinds of beauty.<\/p>\n<\/div>\n<h5>Health and Healing<\/h5>\n<p><strong>Emotionally,\u00a0<\/strong>rose quartz is the most refined healer. By releasing heartache and emotions that have not been expressed, and transfiguring useless emotional states, it relieves inner pain and helps overcome loss. If you\u2019ve never been in love, rose quartz opens up your heart so that you\u2019d become receptive to romance. But if you\u2019ve been in love and left broken-hearted, it brings solace and helps relieve the grief. Above all, rose quartz teaches you to love yourself. You can\u2019t receive nor give love if you don\u2019t know how to give it to yourself first. This stone helps in forgiving and coming to terms with yourself, and strengthens self-esteem and confidence.<\/p>\n<p><strong>Physically,\u00a0<\/strong>rose quartz strengthens the heart and blood circulation, and gets rid of impure bodily fluids. When placed on thymus, this stone aids in problems with chest and lungs. Heals kidneys and adrenals, and alleviates dizziness. Allegedly, it also enhances fertility. Heals burns and blisters, and corrects complexion. It is also helpful to people with Alzheimer\u2019s and Parkinson\u2019s diseases as well as senility.<\/p>\n<h1>Amethyst<\/h1>\n<p><strong>Main properties:<\/strong> protection, purification, spirituality, balancing, concentration, peacefulness<\/p>\n<p><strong>Chakras: <\/strong>third eye, crown chakra, throat chakra<\/p>\n<p><strong>Zodiac signs:<\/strong> Pisces, Aries, Sagittarius, Virgo, Aquarius, Capricorn<\/p>\n<p><strong>Numerology:<\/strong> number 3<\/p>\n<p>Amethyst can be found from lilac to dark purple colors. It\u2019s an incredibly powerful protection stone of high spiritual vibration. It protects from psychic attacks by turning the attacking negative energy into love. As a natural sedative, it helps block out the energy coming from underground water springs and negative Earth lines as well as those of the environment.<\/p>\n<p>Amethyst has a strong force of healing and cleansing, and it boosts spiritual enlightenment. This stone supports temperance in everything life-related. For example, it used to be worn traditionally in order to prevent drunkenness, and against surplus thirst and physical passions because of its disillusioning effects. Amethyst helps overcome all types of addictions and blockages.<\/p>\n<p>It is incredibly useful to the mind as it soothes or invigorates according to need. During meditation, it steers thoughts away from mundane matters to peace and deeper understanding; opens up a new reality.<\/p>\n<p>Amethyst improves memory and boosts motivation; gives the ability to set realistic goals.<\/p>\n<h5>Health and Healing<\/h5>\n<p><strong>Mentally,<\/strong> it helps you feel more wholesome as it contributes to concentration, and control over your abilities. Promotes reception of new ideas as well as connects reason to result. Makes it easier to decide. In case of insomnia caused by an overactive mind, it is helpful in calming it. Protects from recurring nightmares. Then again, this stone may help in remembering and translating dreams, and make the visualization process easier.<\/p>\n<p>Amethyst is one of the most spiritual stones. It advances divine love by granting the ability to realize its true nature, and improves selflessness and spiritual knowledge. Opens up intuition and enhances psychic talents. It is perfect for meditation and crystal divination.<\/p>\n<p><strong>Emotionally,<\/strong> it balances excessive exhilaration as well as low-spiritness, and fosters emotional concentration. Decentralizes anger, rage, fear, and anxiety. Alleviates sadness and grief.<\/p>\n<p><strong>Physically,<\/strong> amethyst strengthens purifying and excretory organs, and the immune system. Cleanses the blood. Soothes physical, emotional and psychological pain or stress, alleviates headache, and liberates from tension. Reduces bruises, injuries and swellings, and treats ear infections. In addition, amethyst heals lung and respiratory diseases, skin, cell disorders, and digestive system diseases. It\u2019s useful to the bowel, because it regulates microflora in the intestines, eliminates parasites, and contributes to reabsorption of water. Alleviates insomnia. May also stabilize psychiatric conditions, but should not be used for paranoia and schizophrenia.<\/p>","protected":false},"excerpt":{"rendered":"<p><strong>Rose quartz<\/strong> aids in attracting love. By teaching us how to love and respect ourselves, it helps attract it even more through the inner love we exude. In established relationships, this crystal helps restore trust and harmony, and encourages unconditional love.<\/p>\n<p><strong>Amethyst<\/strong> is an incredibly powerful protection stone of high spiritual vibration. It protects from psychic attacks by turning the attacking negative energy into love. As a natural sedative, it helps block out the energy coming from underground water springs and negative Earth lines as well as those of the environment. Amethyst improves memory and boosts motivation; gives the ability to set realistic goals.<\/p>\n<p><strong>Silver<\/strong> is a great healer, especially when it is in direct contact with the body. Scientists have found that silver kills harmful microorganisms living in water and air while maintaining benefic ones.<\/p>\n<ul>\n<li>Handcrafted by Hingelaegas<\/li>\n<li>Material: sterling silver (925), rose quartz (6 mm), amethyst (6 mm)<\/li>\n<li>Length of pendant: 39 mm, width: 16 mm<\/li>\n<li>Weight: 2.0 g<\/li>\n<li>Jewelry is delivered in a cream-colored <strong>velvet gift bag<\/strong><\/li>\n<\/ul>","protected":false},"featured_media":1933,"comment_status":"open","ping_status":"closed","template":"","meta":{"_monsterinsights_skip_tracking":false,"_monsterinsights_sitenote_active":false,"_monsterinsights_sitenote_note":"","_monsterinsights_sitenote_category":0},"product_brand":[],"product_cat":[80],"product_tag":[467,303,454,301,184,77,76],"class_list":{"0":"post-1901","1":"product","2":"type-product","3":"status-publish","4":"has-post-thumbnail","6":"product_cat-hobedast-kasitooehted","7":"product_tag-ametust","8":"product_tag-hobe-925","9":"product_tag-kaelaripats","10":"product_tag-kasitooehted","11":"product_tag-poolvaariskivid","12":"product_tag-reiki","13":"product_tag-roosa-kvarts","15":"first","16":"instock","17":"taxable","18":"shipping-taxable","19":"purchasable","20":"product-type-simple"},"yoast_head":"<!-- This site is optimized with the Yoast SEO plugin v27.3 - https:\/\/yoast.com\/product\/yoast-seo-wordpress\/ -->\n<title>Ripats &quot;Oksake&quot;, roosa kvarts &amp; amet\u00fcst, h\u00f5be 925 - Hingelaegas<\/title>\n<meta name=\"description\" content=\"Roosa kvarts aitab ligi t\u00f5mmata armastust ning leppida vajalike muutustega. Amet\u00fcst rahustab, parandab m\u00e4lu ja suurendab motivatsiooni.\" \/>\n<meta name=\"robots\" content=\"index, follow, max-snippet:-1, max-image-preview:large, max-video-preview:-1\" \/>\n<link rel=\"canonical\" href=\"https:\/\/www.hingelaegas.ee\/en\/product\/ripats-oksake-roosa-kvarts-ametust\/\" \/>\n<meta property=\"og:locale\" content=\"en_GB\" \/>\n<meta property=\"og:type\" content=\"article\" \/>\n<meta property=\"og:title\" content=\"Ripats &quot;Oksake&quot;, roosa kvarts &amp; amet\u00fcst, h\u00f5be 925 - Hingelaegas\" \/>\n<meta property=\"og:description\" content=\"Roosa kvarts aitab ligi t\u00f5mmata armastust ning leppida vajalike muutustega. Amet\u00fcst rahustab, parandab m\u00e4lu ja suurendab motivatsiooni.\" \/>\n<meta property=\"og:url\" content=\"https:\/\/www.hingelaegas.ee\/en\/product\/ripats-oksake-roosa-kvarts-ametust\/\" \/>\n<meta property=\"og:site_name\" content=\"Hingelaegas\" \/>\n<meta property=\"article:modified_time\" content=\"2024-08-12T09:21:14+00:00\" \/>\n<meta property=\"og:image\" content=\"https:\/\/i0.wp.com\/www.hingelaegas.ee\/wp-content\/uploads\/2020\/12\/IMG_5228.jpeg?fit=1024%2C768&ssl=1\" \/>\n\t<meta property=\"og:image:width\" content=\"1024\" \/>\n\t<meta property=\"og:image:height\" content=\"768\" \/>\n\t<meta property=\"og:image:type\" content=\"image\/jpeg\" \/>\n<meta name=\"twitter:card\" content=\"summary_large_image\" \/>\n<meta name=\"twitter:label1\" content=\"Estimated reading time\" \/>\n\t<meta name=\"twitter:data1\" content=\"4 minutes\" \/>\n<script type=\"application\/ld+json\" class=\"yoast-schema-graph\">{\"@context\":\"https:\\\/\\\/schema.org\",\"@graph\":[{\"@type\":\"WebPage\",\"@id\":\"https:\\\/\\\/www.hingelaegas.ee\\\/en\\\/product\\\/ripats-oksake-roosa-kvarts-ametust\\\/\",\"url\":\"https:\\\/\\\/www.hingelaegas.ee\\\/en\\\/product\\\/ripats-oksake-roosa-kvarts-ametust\\\/\",\"name\":\"Ripats \\\"Oksake\\\", roosa kvarts & amet\u00fcst, h\u00f5be 925 - Hingelaegas\",\"isPartOf\":{\"@id\":\"https:\\\/\\\/www.hingelaegas.ee\\\/en\\\/#website\"},\"primaryImageOfPage\":{\"@id\":\"https:\\\/\\\/www.hingelaegas.ee\\\/en\\\/product\\\/ripats-oksake-roosa-kvarts-ametust\\\/#primaryimage\"},\"image\":{\"@id\":\"https:\\\/\\\/www.hingelaegas.ee\\\/en\\\/product\\\/ripats-oksake-roosa-kvarts-ametust\\\/#primaryimage\"},\"thumbnailUrl\":\"https:\\\/\\\/i0.wp.com\\\/hingelaegas.ee\\\/wp-content\\\/uploads\\\/2020\\\/12\\\/IMG_5228.jpeg?fit=1024%2C768&ssl=1\",\"datePublished\":\"2020-12-02T20:59:36+00:00\",\"dateModified\":\"2024-08-12T09:21:14+00:00\",\"description\":\"Roosa kvarts aitab ligi t\u00f5mmata armastust ning leppida vajalike muutustega. Amet\u00fcst rahustab, parandab m\u00e4lu ja suurendab motivatsiooni.\",\"breadcrumb\":{\"@id\":\"https:\\\/\\\/www.hingelaegas.ee\\\/en\\\/product\\\/ripats-oksake-roosa-kvarts-ametust\\\/#breadcrumb\"},\"inLanguage\":\"en-GB\",\"potentialAction\":[{\"@type\":\"ReadAction\",\"target\":[\"https:\\\/\\\/www.hingelaegas.ee\\\/en\\\/product\\\/ripats-oksake-roosa-kvarts-ametust\\\/\"]}]},{\"@type\":\"ImageObject\",\"inLanguage\":\"en-GB\",\"@id\":\"https:\\\/\\\/www.hingelaegas.ee\\\/en\\\/product\\\/ripats-oksake-roosa-kvarts-ametust\\\/#primaryimage\",\"url\":\"https:\\\/\\\/i0.wp.com\\\/hingelaegas.ee\\\/wp-content\\\/uploads\\\/2020\\\/12\\\/IMG_5228.jpeg?fit=1024%2C768&ssl=1\",\"contentUrl\":\"https:\\\/\\\/i0.wp.com\\\/hingelaegas.ee\\\/wp-content\\\/uploads\\\/2020\\\/12\\\/IMG_5228.jpeg?fit=1024%2C768&ssl=1\",\"width\":1024,\"height\":768},{\"@type\":\"BreadcrumbList\",\"@id\":\"https:\\\/\\\/www.hingelaegas.ee\\\/en\\\/product\\\/ripats-oksake-roosa-kvarts-ametust\\\/#breadcrumb\",\"itemListElement\":[{\"@type\":\"ListItem\",\"position\":1,\"name\":\"Home\",\"item\":\"https:\\\/\\\/www.hingelaegas.ee\\\/en\\\/\"},{\"@type\":\"ListItem\",\"position\":2,\"name\":\"E-POOD\",\"item\":\"https:\\\/\\\/www.hingelaegas.ee\\\/en\\\/e-pood\\\/\"},{\"@type\":\"ListItem\",\"position\":3,\"name\":\"Ripats &#8220;Oksake&#8221;, roosa kvarts &#038; amet\u00fcst, h\u00f5be 925\"}]},{\"@type\":\"WebSite\",\"@id\":\"https:\\\/\\\/www.hingelaegas.ee\\\/en\\\/#website\",\"url\":\"https:\\\/\\\/www.hingelaegas.ee\\\/en\\\/\",\"name\":\"Hingelaegas\",\"description\":\"Hingele. Kehale. Vaimule.\",\"publisher\":{\"@id\":\"https:\\\/\\\/www.hingelaegas.ee\\\/en\\\/#organization\"},\"potentialAction\":[{\"@type\":\"SearchAction\",\"target\":{\"@type\":\"EntryPoint\",\"urlTemplate\":\"https:\\\/\\\/www.hingelaegas.ee\\\/en\\\/?s={search_term_string}\"},\"query-input\":{\"@type\":\"PropertyValueSpecification\",\"valueRequired\":true,\"valueName\":\"search_term_string\"}}],\"inLanguage\":\"en-GB\"},{\"@type\":\"Organization\",\"@id\":\"https:\\\/\\\/www.hingelaegas.ee\\\/en\\\/#organization\",\"name\":\"Hingelaegas O\u00dc\",\"url\":\"https:\\\/\\\/www.hingelaegas.ee\\\/en\\\/\",\"logo\":{\"@type\":\"ImageObject\",\"inLanguage\":\"en-GB\",\"@id\":\"https:\\\/\\\/www.hingelaegas.ee\\\/en\\\/#\\\/schema\\\/logo\\\/image\\\/\",\"url\":\"https:\\\/\\\/hingelaegas.ee\\\/wp-content\\\/uploads\\\/2020\\\/12\\\/hingelaegas_vaike.png\",\"contentUrl\":\"https:\\\/\\\/hingelaegas.ee\\\/wp-content\\\/uploads\\\/2020\\\/12\\\/hingelaegas_vaike.png\",\"width\":700,\"height\":700,\"caption\":\"Hingelaegas O\u00dc\"},\"image\":{\"@id\":\"https:\\\/\\\/www.hingelaegas.ee\\\/en\\\/#\\\/schema\\\/logo\\\/image\\\/\"}}]}<\/script>\n<!-- \/ Yoast SEO plugin. -->","yoast_head_json":{"title":"Ripats \"Oksake\", roosa kvarts & amet\u00fcst, h\u00f5be 925 - Hingelaegas","description":"Roosa kvarts aitab ligi t\u00f5mmata armastust ning leppida vajalike muutustega. Amet\u00fcst rahustab, parandab m\u00e4lu ja suurendab motivatsiooni.","robots":{"index":"index","follow":"follow","max-snippet":"max-snippet:-1","max-image-preview":"max-image-preview:large","max-video-preview":"max-video-preview:-1"},"canonical":"https:\/\/www.hingelaegas.ee\/en\/product\/ripats-oksake-roosa-kvarts-ametust\/","og_locale":"en_GB","og_type":"article","og_title":"Ripats \"Oksake\", roosa kvarts & amet\u00fcst, h\u00f5be 925 - Hingelaegas","og_description":"Roosa kvarts aitab ligi t\u00f5mmata armastust ning leppida vajalike muutustega. Amet\u00fcst rahustab, parandab m\u00e4lu ja suurendab motivatsiooni.","og_url":"https:\/\/www.hingelaegas.ee\/en\/product\/ripats-oksake-roosa-kvarts-ametust\/","og_site_name":"Hingelaegas","article_modified_time":"2024-08-12T09:21:14+00:00","og_image":[{"width":1024,"height":768,"url":"https:\/\/i0.wp.com\/www.hingelaegas.ee\/wp-content\/uploads\/2020\/12\/IMG_5228.jpeg?fit=1024%2C768&ssl=1","type":"image\/jpeg"}],"twitter_card":"summary_large_image","twitter_misc":{"Estimated reading time":"4 minutes"},"schema":{"@context":"https:\/\/schema.org","@graph":[{"@type":"WebPage","@id":"https:\/\/www.hingelaegas.ee\/en\/product\/ripats-oksake-roosa-kvarts-ametust\/","url":"https:\/\/www.hingelaegas.ee\/en\/product\/ripats-oksake-roosa-kvarts-ametust\/","name":"Ripats \"Oksake\", roosa kvarts & amet\u00fcst, h\u00f5be 925 - Hingelaegas","isPartOf":{"@id":"https:\/\/www.hingelaegas.ee\/en\/#website"},"primaryImageOfPage":{"@id":"https:\/\/www.hingelaegas.ee\/en\/product\/ripats-oksake-roosa-kvarts-ametust\/#primaryimage"},"image":{"@id":"https:\/\/www.hingelaegas.ee\/en\/product\/ripats-oksake-roosa-kvarts-ametust\/#primaryimage"},"thumbnailUrl":"https:\/\/i0.wp.com\/hingelaegas.ee\/wp-content\/uploads\/2020\/12\/IMG_5228.jpeg?fit=1024%2C768&ssl=1","datePublished":"2020-12-02T20:59:36+00:00","dateModified":"2024-08-12T09:21:14+00:00","description":"Roosa kvarts aitab ligi t\u00f5mmata armastust ning leppida vajalike muutustega. Amet\u00fcst rahustab, parandab m\u00e4lu ja suurendab motivatsiooni.","breadcrumb":{"@id":"https:\/\/www.hingelaegas.ee\/en\/product\/ripats-oksake-roosa-kvarts-ametust\/#breadcrumb"},"inLanguage":"en-GB","potentialAction":[{"@type":"ReadAction","target":["https:\/\/www.hingelaegas.ee\/en\/product\/ripats-oksake-roosa-kvarts-ametust\/"]}]},{"@type":"ImageObject","inLanguage":"en-GB","@id":"https:\/\/www.hingelaegas.ee\/en\/product\/ripats-oksake-roosa-kvarts-ametust\/#primaryimage","url":"https:\/\/i0.wp.com\/hingelaegas.ee\/wp-content\/uploads\/2020\/12\/IMG_5228.jpeg?fit=1024%2C768&ssl=1","contentUrl":"https:\/\/i0.wp.com\/hingelaegas.ee\/wp-content\/uploads\/2020\/12\/IMG_5228.jpeg?fit=1024%2C768&ssl=1","width":1024,"height":768},{"@type":"BreadcrumbList","@id":"https:\/\/www.hingelaegas.ee\/en\/product\/ripats-oksake-roosa-kvarts-ametust\/#breadcrumb","itemListElement":[{"@type":"ListItem","position":1,"name":"Home","item":"https:\/\/www.hingelaegas.ee\/en\/"},{"@type":"ListItem","position":2,"name":"E-POOD","item":"https:\/\/www.hingelaegas.ee\/en\/e-pood\/"},{"@type":"ListItem","position":3,"name":"Ripats &#8220;Oksake&#8221;, roosa kvarts &#038; amet\u00fcst, h\u00f5be 925"}]},{"@type":"WebSite","@id":"https:\/\/www.hingelaegas.ee\/en\/#website","url":"https:\/\/www.hingelaegas.ee\/en\/","name":"Hingelaegas","description":"For Soul. For Body. For Mind.","publisher":{"@id":"https:\/\/www.hingelaegas.ee\/en\/#organization"},"potentialAction":[{"@type":"SearchAction","target":{"@type":"EntryPoint","urlTemplate":"https:\/\/www.hingelaegas.ee\/en\/?s={search_term_string}"},"query-input":{"@type":"PropertyValueSpecification","valueRequired":true,"valueName":"search_term_string"}}],"inLanguage":"en-GB"},{"@type":"Organization","@id":"https:\/\/www.hingelaegas.ee\/en\/#organization","name":"Hingelaegas O\u00dc","url":"https:\/\/www.hingelaegas.ee\/en\/","logo":{"@type":"ImageObject","inLanguage":"en-GB","@id":"https:\/\/www.hingelaegas.ee\/en\/#\/schema\/logo\/image\/","url":"https:\/\/hingelaegas.ee\/wp-content\/uploads\/2020\/12\/hingelaegas_vaike.png","contentUrl":"https:\/\/hingelaegas.ee\/wp-content\/uploads\/2020\/12\/hingelaegas_vaike.png","width":700,"height":700,"caption":"Hingelaegas O\u00dc"},"image":{"@id":"https:\/\/www.hingelaegas.ee\/en\/#\/schema\/logo\/image\/"}}]}},"acf":[],"jetpack_likes_enabled":false,"jetpack_sharing_enabled":true,"_links":{"self":[{"href":"https:\/\/hingelaegas.ee\/en\/wp-json\/wp\/v2\/product\/1901","targetHints":{"allow":["GET"]}}],"collection":[{"href":"https:\/\/hingelaegas.ee\/en\/wp-json\/wp\/v2\/product"}],"about":[{"href":"https:\/\/hingelaegas.ee\/en\/wp-json\/wp\/v2\/types\/product"}],"replies":[{"embeddable":true,"href":"https:\/\/hingelaegas.ee\/en\/wp-json\/wp\/v2\/comments?post=1901"}],"wp:featuredmedia":[{"embeddable":true,"href":"https:\/\/hingelaegas.ee\/en\/wp-json\/wp\/v2\/media\/1933"}],"wp:attachment":[{"href":"https:\/\/hingelaegas.ee\/en\/wp-json\/wp\/v2\/media?parent=1901"}],"wp:term":[{"taxonomy":"product_brand","embeddable":true,"href":"https:\/\/hingelaegas.ee\/en\/wp-json\/wp\/v2\/product_brand?post=1901"},{"taxonomy":"product_cat","embeddable":true,"href":"https:\/\/hingelaegas.ee\/en\/wp-json\/wp\/v2\/product_cat?post=1901"},{"taxonomy":"product_tag","embeddable":true,"href":"https:\/\/hingelaegas.ee\/en\/wp-json\/wp\/v2\/product_tag?post=1901"}],"curies":[{"name":"wp","href":"https:\/\/api.w.org\/{rel}","templated":true}]}}