{"id":1966,"date":"2020-12-03T17:58:25","date_gmt":"2020-12-03T15:58:25","guid":{"rendered":"https:\/\/hingelaegas.ee\/?post_type=product&#038;p=1966"},"modified":"2024-08-12T12:20:47","modified_gmt":"2024-08-12T09:20:47","slug":"korvarongad-tapike-malahhiit","status":"publish","type":"product","link":"https:\/\/hingelaegas.ee\/en\/product\/korvarongad-tapike-malahhiit\/","title":{"rendered":"Earrings \u201cSpeckle\u201d, malachite, sterling silver (925)"},"content":{"rendered":"<h1>Malachite<\/h1>\n<p><strong>Main properties:<\/strong> balance, creativity, abundance, travelling, intuition, self-healing, changes, protection, purification, guiding, expanded mind, self-discipline<\/p>\n<p><strong>Chakras: <\/strong>heart chakra, solar plexus<\/p>\n<p><strong>Zodiac signs:<\/strong> Scorpio, Capricorn<\/p>\n<p><strong>Numerology:<\/strong> number 9<\/p>\n<p>Malachite is a powerful stone, but you have to be careful when using it. Since malachite is toxic as a raw stone, it can only be used after it\u2019s been polished.<\/p>\n<p>Malachite amplifies positive as well as negative energy. It grounds higher energies. It is believed that malachite hasn\u2019t shown the full extent of its true qualities and that it can become the most important healing stones of this millennium.<\/p>\n<p>It\u2019s already considered as a strong protection stone. It absorbs negative energy and pollution from the atmosphere as well as from the body very easily. It\u2019s strongly advised to cleanse this stone, preferably before and after usage. For example, place it in a sunny place to cleanse and recharge. Naturally, there are other methods of cleansing and recharging allowed, but it should be kept in mind that malachite must not be cleansed with salt as that damages the surface of the stone.<\/p>\n<p>Malachite protects from all kinds of radiation, including plutonium contamination. This stone should be in every house that\u2019s located near nuclear and natural radiation sources. It dispels electromagnetic pollution and heals the Earth\u2019s energies. Malachite has a strong pull toward the forces of the nature.<\/p>\n<p>Malachite opens up the heart to unconditional love, because it\u2019s the stone of the heart chakra. Wearing this stone above the heart or nearby, it brings the equilibrium and harmony.<\/p>\n<p>This stone cleanses and activates the chakras, and tunes in to spiritual guidance. When placed on the third eye, it activates visualization and psychic vision. This stone may be used in predicting with crystals or getting into contact with other worlds (both inner and outer).<\/p>\n<h5>Health and Healing<\/h5>\n<p><strong>Psychologically,\u00a0<\/strong>malachite is a stone of transformations. It inspires risk-taking and changes, and promotes more intensive living. Malachite helps highlight internal blockages and deeper emotions, breaks unwanted connections and worn patterns, and teaches to take responsibility for your actions, thoughts and feelings. Sets free and encourages the expression of emotions. It also strengthens empathy for other people, and helps understand what it feels like to be in another person\u2019s skin. Malachite reduces shyness and supports friendship. This stone is beneficial for psychosexual problems, especially if they stem from traumatizing past experiences.<\/p>\n<p><strong>Mentally,\u00a0<\/strong>malachite strengthens intuition and self-observation; helps get to the core of the problem. It also aids in relieving mental restlessness, as well as mental illnesses, and fighting dyslexia. Malachite strengthens the ability to receive and process information, sharpens concentration, and helps make sense of difficult matters. It stimulates dreams and makes memories lively.<\/p>\n<p><strong>Emotionally,\u00a0<\/strong>this stunning green stone releases negative experiences and old traumas, brings to surface suppressed emotions and restores the ability to breathe deeply. When placed on the solar plexus, it makes more profound emotional healing easier. The stone balances the heart and navel chakra. Makes emotions more intensive, but, at the same time, volatile.<\/p>\n<p><strong>Physically,\u00a0<\/strong>malachite is an extraordinarily versatile healing stone. In healing and transformation, it is advised to use it with other stones to support the process. It alleviates all kinds of spasms, menstrual cramps, and makes giving birth easier\u2014it has been called \u201cthe midwives\u2019 stone\u201d. It\u2019s related to the female genitals, and treats every condition associated with them. Malachite lowers blood pressure, treats asthma, arthritis, epilepsy, fractures, swollen joints, seasickness, dizziness, and tumors. Supports the optic nerve, pancreas, spleen and parathyroid glands. Strengthens the immune system. Stimulates the liver to detoxify by reducing tissue acidose (acid intoxication).<\/p>\n<p>&nbsp;<\/p>","protected":false},"excerpt":{"rendered":"<p><strong>Malachite<\/strong> opens up the heart to unconditional love, because it\u2019s the stone of the heart chakra. Wearing this stone above the heart or nearby, it brings the equilibrium and harmony. Malachite is a stone of transformations. It inspires risk-taking and changes, and promotes more intensive living. Sets free and encourages the expression of emotions.<\/p>\n<p><strong>Silver<\/strong> is a great healer, especially when it is in direct contact with the body. Scientists have found that silver kills harmful microorganisms living in water and air while maintaining benefic ones.<\/p>\n<ul>\n<li>Handcrafted by Hingelaegas<\/li>\n<li>Material: sterling silver (925), malachite (6 mm)<\/li>\n<li>Length of earring: 16 mm, width: 6 mm<\/li>\n<li>Weight (pair): 1.2 g<\/li>\n<li>Jewelry is delivered in a cream-colored <strong>velvet gift bag<\/strong><\/li>\n<\/ul>","protected":false},"featured_media":2011,"comment_status":"open","ping_status":"closed","template":"","meta":{"_monsterinsights_skip_tracking":false,"_monsterinsights_sitenote_active":false,"_monsterinsights_sitenote_note":"","_monsterinsights_sitenote_category":0},"product_brand":[],"product_cat":[80],"product_tag":[303,301,309,455,184,77],"class_list":{"0":"post-1966","1":"product","2":"type-product","3":"status-publish","4":"has-post-thumbnail","6":"product_cat-hobedast-kasitooehted","7":"product_tag-hobe-925","8":"product_tag-kasitooehted","9":"product_tag-korvarongad","10":"product_tag-malahhiit","11":"product_tag-poolvaariskivid","12":"product_tag-reiki","14":"first","15":"outofstock","16":"taxable","17":"shipping-taxable","18":"purchasable","19":"product-type-simple"},"yoast_head":"<!-- This site is optimized with the Yoast SEO plugin v27.3 - https:\/\/yoast.com\/product\/yoast-seo-wordpress\/ -->\n<title>K\u00f5rvar\u00f5ngad &quot;T\u00e4pike&quot;, malahhiit, h\u00f5be 925 - Hingelaegas<\/title>\n<meta name=\"description\" content=\"Malahhiit avab s\u00fcdame tingimusteta armastusele. Soodustab elu intensiivsemalt elamist. H\u00f5be on suurep\u00e4rane tervendaja.\" \/>\n<meta name=\"robots\" content=\"index, follow, max-snippet:-1, max-image-preview:large, max-video-preview:-1\" \/>\n<link rel=\"canonical\" href=\"https:\/\/www.hingelaegas.ee\/product\/korvarongad-tapike-malahhiit\/\" \/>\n<meta property=\"og:locale\" content=\"en_GB\" \/>\n<meta property=\"og:type\" content=\"article\" \/>\n<meta property=\"og:title\" content=\"K\u00f5rvar\u00f5ngad &quot;T\u00e4pike&quot;, malahhiit, h\u00f5be 925 - Hingelaegas\" \/>\n<meta property=\"og:description\" content=\"Malahhiit avab s\u00fcdame tingimusteta armastusele. Soodustab elu intensiivsemalt elamist. H\u00f5be on suurep\u00e4rane tervendaja.\" \/>\n<meta property=\"og:url\" content=\"https:\/\/www.hingelaegas.ee\/product\/korvarongad-tapike-malahhiit\/\" \/>\n<meta property=\"og:site_name\" content=\"Hingelaegas\" \/>\n<meta property=\"article:modified_time\" content=\"2024-08-12T09:20:47+00:00\" \/>\n<meta property=\"og:image\" content=\"https:\/\/i0.wp.com\/www.hingelaegas.ee\/wp-content\/uploads\/2020\/12\/malahhiit-korvarongad-e1692880499681.jpg?fit=1068%2C800&ssl=1\" \/>\n\t<meta property=\"og:image:width\" content=\"1068\" \/>\n\t<meta property=\"og:image:height\" content=\"800\" \/>\n\t<meta property=\"og:image:type\" content=\"image\/jpeg\" \/>\n<meta name=\"twitter:card\" content=\"summary_large_image\" \/>\n<meta name=\"twitter:label1\" content=\"Estimated reading time\" \/>\n\t<meta name=\"twitter:data1\" content=\"3 minutes\" \/>\n<script type=\"application\/ld+json\" class=\"yoast-schema-graph\">{\"@context\":\"https:\\\/\\\/schema.org\",\"@graph\":[{\"@type\":\"WebPage\",\"@id\":\"https:\\\/\\\/www.hingelaegas.ee\\\/product\\\/korvarongad-tapike-malahhiit\\\/\",\"url\":\"https:\\\/\\\/www.hingelaegas.ee\\\/product\\\/korvarongad-tapike-malahhiit\\\/\",\"name\":\"K\u00f5rvar\u00f5ngad \\\"T\u00e4pike\\\", malahhiit, h\u00f5be 925 - Hingelaegas\",\"isPartOf\":{\"@id\":\"https:\\\/\\\/www.hingelaegas.ee\\\/en\\\/#website\"},\"primaryImageOfPage\":{\"@id\":\"https:\\\/\\\/www.hingelaegas.ee\\\/product\\\/korvarongad-tapike-malahhiit\\\/#primaryimage\"},\"image\":{\"@id\":\"https:\\\/\\\/www.hingelaegas.ee\\\/product\\\/korvarongad-tapike-malahhiit\\\/#primaryimage\"},\"thumbnailUrl\":\"https:\\\/\\\/i0.wp.com\\\/hingelaegas.ee\\\/wp-content\\\/uploads\\\/2020\\\/12\\\/malahhiit-korvarongad-e1692880499681.jpg?fit=1068%2C800&ssl=1\",\"datePublished\":\"2020-12-03T15:58:25+00:00\",\"dateModified\":\"2024-08-12T09:20:47+00:00\",\"description\":\"Malahhiit avab s\u00fcdame tingimusteta armastusele. Soodustab elu intensiivsemalt elamist. H\u00f5be on suurep\u00e4rane tervendaja.\",\"breadcrumb\":{\"@id\":\"https:\\\/\\\/www.hingelaegas.ee\\\/product\\\/korvarongad-tapike-malahhiit\\\/#breadcrumb\"},\"inLanguage\":\"en-GB\",\"potentialAction\":[{\"@type\":\"ReadAction\",\"target\":[\"https:\\\/\\\/www.hingelaegas.ee\\\/product\\\/korvarongad-tapike-malahhiit\\\/\"]}]},{\"@type\":\"ImageObject\",\"inLanguage\":\"en-GB\",\"@id\":\"https:\\\/\\\/www.hingelaegas.ee\\\/product\\\/korvarongad-tapike-malahhiit\\\/#primaryimage\",\"url\":\"https:\\\/\\\/i0.wp.com\\\/hingelaegas.ee\\\/wp-content\\\/uploads\\\/2020\\\/12\\\/malahhiit-korvarongad-e1692880499681.jpg?fit=1068%2C800&ssl=1\",\"contentUrl\":\"https:\\\/\\\/i0.wp.com\\\/hingelaegas.ee\\\/wp-content\\\/uploads\\\/2020\\\/12\\\/malahhiit-korvarongad-e1692880499681.jpg?fit=1068%2C800&ssl=1\",\"width\":1068,\"height\":800},{\"@type\":\"BreadcrumbList\",\"@id\":\"https:\\\/\\\/www.hingelaegas.ee\\\/product\\\/korvarongad-tapike-malahhiit\\\/#breadcrumb\",\"itemListElement\":[{\"@type\":\"ListItem\",\"position\":1,\"name\":\"Home\",\"item\":\"https:\\\/\\\/www.hingelaegas.ee\\\/en\\\/\"},{\"@type\":\"ListItem\",\"position\":2,\"name\":\"E-POOD\",\"item\":\"https:\\\/\\\/www.hingelaegas.ee\\\/en\\\/e-pood\\\/\"},{\"@type\":\"ListItem\",\"position\":3,\"name\":\"K\u00f5rvar\u00f5ngad &#8220;T\u00e4pike&#8221;, malahhiit, h\u00f5be 925\"}]},{\"@type\":\"WebSite\",\"@id\":\"https:\\\/\\\/www.hingelaegas.ee\\\/en\\\/#website\",\"url\":\"https:\\\/\\\/www.hingelaegas.ee\\\/en\\\/\",\"name\":\"Hingelaegas\",\"description\":\"Hingele. Kehale. Vaimule.\",\"publisher\":{\"@id\":\"https:\\\/\\\/www.hingelaegas.ee\\\/en\\\/#organization\"},\"potentialAction\":[{\"@type\":\"SearchAction\",\"target\":{\"@type\":\"EntryPoint\",\"urlTemplate\":\"https:\\\/\\\/www.hingelaegas.ee\\\/en\\\/?s={search_term_string}\"},\"query-input\":{\"@type\":\"PropertyValueSpecification\",\"valueRequired\":true,\"valueName\":\"search_term_string\"}}],\"inLanguage\":\"en-GB\"},{\"@type\":\"Organization\",\"@id\":\"https:\\\/\\\/www.hingelaegas.ee\\\/en\\\/#organization\",\"name\":\"Hingelaegas O\u00dc\",\"url\":\"https:\\\/\\\/www.hingelaegas.ee\\\/en\\\/\",\"logo\":{\"@type\":\"ImageObject\",\"inLanguage\":\"en-GB\",\"@id\":\"https:\\\/\\\/www.hingelaegas.ee\\\/en\\\/#\\\/schema\\\/logo\\\/image\\\/\",\"url\":\"https:\\\/\\\/hingelaegas.ee\\\/wp-content\\\/uploads\\\/2020\\\/12\\\/hingelaegas_vaike.png\",\"contentUrl\":\"https:\\\/\\\/hingelaegas.ee\\\/wp-content\\\/uploads\\\/2020\\\/12\\\/hingelaegas_vaike.png\",\"width\":700,\"height\":700,\"caption\":\"Hingelaegas O\u00dc\"},\"image\":{\"@id\":\"https:\\\/\\\/www.hingelaegas.ee\\\/en\\\/#\\\/schema\\\/logo\\\/image\\\/\"}}]}<\/script>\n<!-- \/ Yoast SEO plugin. -->","yoast_head_json":{"title":"K\u00f5rvar\u00f5ngad \"T\u00e4pike\", malahhiit, h\u00f5be 925 - Hingelaegas","description":"Malahhiit avab s\u00fcdame tingimusteta armastusele. Soodustab elu intensiivsemalt elamist. H\u00f5be on suurep\u00e4rane tervendaja.","robots":{"index":"index","follow":"follow","max-snippet":"max-snippet:-1","max-image-preview":"max-image-preview:large","max-video-preview":"max-video-preview:-1"},"canonical":"https:\/\/www.hingelaegas.ee\/product\/korvarongad-tapike-malahhiit\/","og_locale":"en_GB","og_type":"article","og_title":"K\u00f5rvar\u00f5ngad \"T\u00e4pike\", malahhiit, h\u00f5be 925 - Hingelaegas","og_description":"Malahhiit avab s\u00fcdame tingimusteta armastusele. Soodustab elu intensiivsemalt elamist. H\u00f5be on suurep\u00e4rane tervendaja.","og_url":"https:\/\/www.hingelaegas.ee\/product\/korvarongad-tapike-malahhiit\/","og_site_name":"Hingelaegas","article_modified_time":"2024-08-12T09:20:47+00:00","og_image":[{"width":1068,"height":800,"url":"https:\/\/i0.wp.com\/www.hingelaegas.ee\/wp-content\/uploads\/2020\/12\/malahhiit-korvarongad-e1692880499681.jpg?fit=1068%2C800&ssl=1","type":"image\/jpeg"}],"twitter_card":"summary_large_image","twitter_misc":{"Estimated reading time":"3 minutes"},"schema":{"@context":"https:\/\/schema.org","@graph":[{"@type":"WebPage","@id":"https:\/\/www.hingelaegas.ee\/product\/korvarongad-tapike-malahhiit\/","url":"https:\/\/www.hingelaegas.ee\/product\/korvarongad-tapike-malahhiit\/","name":"K\u00f5rvar\u00f5ngad \"T\u00e4pike\", malahhiit, h\u00f5be 925 - Hingelaegas","isPartOf":{"@id":"https:\/\/www.hingelaegas.ee\/en\/#website"},"primaryImageOfPage":{"@id":"https:\/\/www.hingelaegas.ee\/product\/korvarongad-tapike-malahhiit\/#primaryimage"},"image":{"@id":"https:\/\/www.hingelaegas.ee\/product\/korvarongad-tapike-malahhiit\/#primaryimage"},"thumbnailUrl":"https:\/\/i0.wp.com\/hingelaegas.ee\/wp-content\/uploads\/2020\/12\/malahhiit-korvarongad-e1692880499681.jpg?fit=1068%2C800&ssl=1","datePublished":"2020-12-03T15:58:25+00:00","dateModified":"2024-08-12T09:20:47+00:00","description":"Malahhiit avab s\u00fcdame tingimusteta armastusele. Soodustab elu intensiivsemalt elamist. H\u00f5be on suurep\u00e4rane tervendaja.","breadcrumb":{"@id":"https:\/\/www.hingelaegas.ee\/product\/korvarongad-tapike-malahhiit\/#breadcrumb"},"inLanguage":"en-GB","potentialAction":[{"@type":"ReadAction","target":["https:\/\/www.hingelaegas.ee\/product\/korvarongad-tapike-malahhiit\/"]}]},{"@type":"ImageObject","inLanguage":"en-GB","@id":"https:\/\/www.hingelaegas.ee\/product\/korvarongad-tapike-malahhiit\/#primaryimage","url":"https:\/\/i0.wp.com\/hingelaegas.ee\/wp-content\/uploads\/2020\/12\/malahhiit-korvarongad-e1692880499681.jpg?fit=1068%2C800&ssl=1","contentUrl":"https:\/\/i0.wp.com\/hingelaegas.ee\/wp-content\/uploads\/2020\/12\/malahhiit-korvarongad-e1692880499681.jpg?fit=1068%2C800&ssl=1","width":1068,"height":800},{"@type":"BreadcrumbList","@id":"https:\/\/www.hingelaegas.ee\/product\/korvarongad-tapike-malahhiit\/#breadcrumb","itemListElement":[{"@type":"ListItem","position":1,"name":"Home","item":"https:\/\/www.hingelaegas.ee\/en\/"},{"@type":"ListItem","position":2,"name":"E-POOD","item":"https:\/\/www.hingelaegas.ee\/en\/e-pood\/"},{"@type":"ListItem","position":3,"name":"K\u00f5rvar\u00f5ngad &#8220;T\u00e4pike&#8221;, malahhiit, h\u00f5be 925"}]},{"@type":"WebSite","@id":"https:\/\/www.hingelaegas.ee\/en\/#website","url":"https:\/\/www.hingelaegas.ee\/en\/","name":"Hingelaegas","description":"For Soul. For Body. For Mind.","publisher":{"@id":"https:\/\/www.hingelaegas.ee\/en\/#organization"},"potentialAction":[{"@type":"SearchAction","target":{"@type":"EntryPoint","urlTemplate":"https:\/\/www.hingelaegas.ee\/en\/?s={search_term_string}"},"query-input":{"@type":"PropertyValueSpecification","valueRequired":true,"valueName":"search_term_string"}}],"inLanguage":"en-GB"},{"@type":"Organization","@id":"https:\/\/www.hingelaegas.ee\/en\/#organization","name":"Hingelaegas O\u00dc","url":"https:\/\/www.hingelaegas.ee\/en\/","logo":{"@type":"ImageObject","inLanguage":"en-GB","@id":"https:\/\/www.hingelaegas.ee\/en\/#\/schema\/logo\/image\/","url":"https:\/\/hingelaegas.ee\/wp-content\/uploads\/2020\/12\/hingelaegas_vaike.png","contentUrl":"https:\/\/hingelaegas.ee\/wp-content\/uploads\/2020\/12\/hingelaegas_vaike.png","width":700,"height":700,"caption":"Hingelaegas O\u00dc"},"image":{"@id":"https:\/\/www.hingelaegas.ee\/en\/#\/schema\/logo\/image\/"}}]}},"acf":[],"jetpack_likes_enabled":false,"jetpack_sharing_enabled":true,"_links":{"self":[{"href":"https:\/\/hingelaegas.ee\/en\/wp-json\/wp\/v2\/product\/1966","targetHints":{"allow":["GET"]}}],"collection":[{"href":"https:\/\/hingelaegas.ee\/en\/wp-json\/wp\/v2\/product"}],"about":[{"href":"https:\/\/hingelaegas.ee\/en\/wp-json\/wp\/v2\/types\/product"}],"replies":[{"embeddable":true,"href":"https:\/\/hingelaegas.ee\/en\/wp-json\/wp\/v2\/comments?post=1966"}],"wp:featuredmedia":[{"embeddable":true,"href":"https:\/\/hingelaegas.ee\/en\/wp-json\/wp\/v2\/media\/2011"}],"wp:attachment":[{"href":"https:\/\/hingelaegas.ee\/en\/wp-json\/wp\/v2\/media?parent=1966"}],"wp:term":[{"taxonomy":"product_brand","embeddable":true,"href":"https:\/\/hingelaegas.ee\/en\/wp-json\/wp\/v2\/product_brand?post=1966"},{"taxonomy":"product_cat","embeddable":true,"href":"https:\/\/hingelaegas.ee\/en\/wp-json\/wp\/v2\/product_cat?post=1966"},{"taxonomy":"product_tag","embeddable":true,"href":"https:\/\/hingelaegas.ee\/en\/wp-json\/wp\/v2\/product_tag?post=1966"}],"curies":[{"name":"wp","href":"https:\/\/api.w.org\/{rel}","templated":true}]}}