{"id":1968,"date":"2020-12-03T18:02:51","date_gmt":"2020-12-03T16:02:51","guid":{"rendered":"https:\/\/hingelaegas.ee\/?post_type=product&#038;p=1968"},"modified":"2024-08-12T12:20:05","modified_gmt":"2024-08-12T09:20:05","slug":"korvarongad-tapike-sinine-pitsahhaat","status":"publish","type":"product","link":"https:\/\/hingelaegas.ee\/en\/product\/korvarongad-tapike-sinine-pitsahhaat\/","title":{"rendered":"Earrings \u201cSpeckle\u201d, blue lace agate, sterling silver (925)"},"content":{"rendered":"<h1>Blue lace agate<\/h1>\n<p><strong>Main properties:<\/strong> peace, clarity, socialization, truth, trust, meditation, manifestation, relaxation, calming-down, patience<\/p>\n<p><strong>Chakras: <\/strong>throat chakra<\/p>\n<p><strong>Zodiac signs:<\/strong> Pisces, Gemini<\/p>\n<p><strong>Numerology:<\/strong> number 5<\/p>\n<div class=\"tag text-center text-dark\">\n<p class=\"tag text-center text-dark\">Blue lace agate is a divine healing stone. Its tender energy cools down and soothes; brings a peace of mind. It is especially effective in activating and healing the throat chakra, thus allowing free expression of thoughts and feelings.<\/p>\n<p>This stone unlocks the road to experiencing higher energies. It neutralizes anger, inflection, inflammation, and fever.<\/p>\n<\/div>\n<h5>Health and Healing<\/h5>\n<p><strong>Psychologically,\u00a0<\/strong>it removes the feeling of being suppressed, which can derive from the fear of being condemned and brushed aside, especially in people who\u2019ve experienced condemnation, lack of attention, and exclusion from parents during childhood. As a result of that, one is taught to reserve themselves; not expressing thoughts and feelings, and because of that, the throat chakra becomes blocked. Blue lace agate aids in releasing it, and encourages to express yourself in a new way. This stone is very useful to men, because it helps connect, release and come to terms with sensitivity and emotions.<\/p>\n<p><strong>Mentally,<\/strong> this stone aids in better verbal expression of your thoughts and feelings, and works against mental stress.<\/p>\n<p><strong>Emotionally,\u00a0<\/strong>neutralizes blue lace agate\u2019s peaceful energy anger-related emotions, letting you rid yourself of them.<\/p>\n<p><strong>Physically,\u00a0<\/strong>it\u2019s powerful in throat treatments. Healing the throat chakra helps release tension in the shoulder and neck area, liberate thyroid gland malfunction, and throat and lymphatic infections. It brings down fever, removes blockages in the nervous system, treats arthritis and ossifications, strengthens the skeleton, and helps heal fractures. Strengthens capillaries and pancreas.<\/p>","protected":false},"excerpt":{"rendered":"<p><strong>Blue lace agate <\/strong>disengages the throat chakra and encourages brand new self-expression. It aids in better verbal expression of your thoughts and feelings, and works against mental stress. Healing the throat chakra also helps release tension in the shoulder and neck area. Its tender energy cools down and soothes; brings a peace of mind.<\/p>\n<p><strong>Silver<\/strong> is a great healer, especially when it is in direct contact with the body. Scientists have found that silver kills harmful microorganisms living in water and air while maintaining benefic ones.<\/p>\n<ul>\n<li>Handcrafted by Hingelaegas<\/li>\n<li>Material: sterling silver (925), blue lace agate (6 mm)<\/li>\n<li>Length of earring: 16 mm, width: 6 mm<\/li>\n<li>Weight (pair): 1.0 g<\/li>\n<li>Jewelry is delivered in a cream-colored <strong>velvet gift bag<\/strong><\/li>\n<\/ul>","protected":false},"featured_media":1949,"comment_status":"open","ping_status":"closed","template":"","meta":{"_monsterinsights_skip_tracking":false,"_monsterinsights_sitenote_active":false,"_monsterinsights_sitenote_note":"","_monsterinsights_sitenote_category":0},"product_brand":[],"product_cat":[80],"product_tag":[303,301,309,184,77,465],"class_list":{"0":"post-1968","1":"product","2":"type-product","3":"status-publish","4":"has-post-thumbnail","6":"product_cat-hobedast-kasitooehted","7":"product_tag-hobe-925","8":"product_tag-kasitooehted","9":"product_tag-korvarongad","10":"product_tag-poolvaariskivid","11":"product_tag-reiki","12":"product_tag-sinine-pitsahhaat","14":"first","15":"instock","16":"taxable","17":"shipping-taxable","18":"purchasable","19":"product-type-simple"},"yoast_head":"<!-- This site is optimized with the Yoast SEO plugin v27.3 - https:\/\/yoast.com\/product\/yoast-seo-wordpress\/ -->\n<title>K\u00f5rvar\u00f5ngad &quot;T\u00e4pike&quot;, sinine pitsahhaat, h\u00f5be 925 - Hingelaegas<\/title>\n<meta name=\"description\" content=\"Sinine pitsahhaat vabastab kurgut\u0161akrat ning julgustab ennast uut moodi v\u00e4ljendama.\" \/>\n<meta name=\"robots\" content=\"index, follow, max-snippet:-1, max-image-preview:large, max-video-preview:-1\" \/>\n<link rel=\"canonical\" href=\"https:\/\/www.hingelaegas.ee\/en\/product\/korvarongad-tapike-sinine-pitsahhaat\/\" \/>\n<meta property=\"og:locale\" content=\"en_GB\" \/>\n<meta property=\"og:type\" content=\"article\" \/>\n<meta property=\"og:title\" content=\"K\u00f5rvar\u00f5ngad &quot;T\u00e4pike&quot;, sinine pitsahhaat, h\u00f5be 925 - Hingelaegas\" \/>\n<meta property=\"og:description\" content=\"Sinine pitsahhaat vabastab kurgut\u0161akrat ning julgustab ennast uut moodi v\u00e4ljendama.\" \/>\n<meta property=\"og:url\" content=\"https:\/\/www.hingelaegas.ee\/en\/product\/korvarongad-tapike-sinine-pitsahhaat\/\" \/>\n<meta property=\"og:site_name\" content=\"Hingelaegas\" \/>\n<meta property=\"article:modified_time\" content=\"2024-08-12T09:20:05+00:00\" \/>\n<meta property=\"og:image\" content=\"https:\/\/i0.wp.com\/hingelaegas.ee\/wp-content\/uploads\/2020\/12\/IMG_5250.jpeg?fit=1024%2C720&ssl=1\" \/>\n\t<meta property=\"og:image:width\" content=\"1024\" \/>\n\t<meta property=\"og:image:height\" content=\"720\" \/>\n\t<meta property=\"og:image:type\" content=\"image\/jpeg\" \/>\n<meta name=\"twitter:card\" content=\"summary_large_image\" \/>\n<meta name=\"twitter:label1\" content=\"Estimated reading time\" \/>\n\t<meta name=\"twitter:data1\" content=\"1 minute\" \/>\n<script type=\"application\/ld+json\" class=\"yoast-schema-graph\">{\"@context\":\"https:\\\/\\\/schema.org\",\"@graph\":[{\"@type\":\"WebPage\",\"@id\":\"https:\\\/\\\/www.hingelaegas.ee\\\/en\\\/product\\\/korvarongad-tapike-sinine-pitsahhaat\\\/\",\"url\":\"https:\\\/\\\/www.hingelaegas.ee\\\/en\\\/product\\\/korvarongad-tapike-sinine-pitsahhaat\\\/\",\"name\":\"K\u00f5rvar\u00f5ngad \\\"T\u00e4pike\\\", sinine pitsahhaat, h\u00f5be 925 - Hingelaegas\",\"isPartOf\":{\"@id\":\"https:\\\/\\\/www.hingelaegas.ee\\\/en\\\/#website\"},\"primaryImageOfPage\":{\"@id\":\"https:\\\/\\\/www.hingelaegas.ee\\\/en\\\/product\\\/korvarongad-tapike-sinine-pitsahhaat\\\/#primaryimage\"},\"image\":{\"@id\":\"https:\\\/\\\/www.hingelaegas.ee\\\/en\\\/product\\\/korvarongad-tapike-sinine-pitsahhaat\\\/#primaryimage\"},\"thumbnailUrl\":\"https:\\\/\\\/i0.wp.com\\\/hingelaegas.ee\\\/wp-content\\\/uploads\\\/2020\\\/12\\\/IMG_5250.jpeg?fit=1024%2C720&ssl=1\",\"datePublished\":\"2020-12-03T16:02:51+00:00\",\"dateModified\":\"2024-08-12T09:20:05+00:00\",\"description\":\"Sinine pitsahhaat vabastab kurgut\u0161akrat ning julgustab ennast uut moodi v\u00e4ljendama.\",\"breadcrumb\":{\"@id\":\"https:\\\/\\\/www.hingelaegas.ee\\\/en\\\/product\\\/korvarongad-tapike-sinine-pitsahhaat\\\/#breadcrumb\"},\"inLanguage\":\"en-GB\",\"potentialAction\":[{\"@type\":\"ReadAction\",\"target\":[\"https:\\\/\\\/www.hingelaegas.ee\\\/en\\\/product\\\/korvarongad-tapike-sinine-pitsahhaat\\\/\"]}]},{\"@type\":\"ImageObject\",\"inLanguage\":\"en-GB\",\"@id\":\"https:\\\/\\\/www.hingelaegas.ee\\\/en\\\/product\\\/korvarongad-tapike-sinine-pitsahhaat\\\/#primaryimage\",\"url\":\"https:\\\/\\\/i0.wp.com\\\/hingelaegas.ee\\\/wp-content\\\/uploads\\\/2020\\\/12\\\/IMG_5250.jpeg?fit=1024%2C720&ssl=1\",\"contentUrl\":\"https:\\\/\\\/i0.wp.com\\\/hingelaegas.ee\\\/wp-content\\\/uploads\\\/2020\\\/12\\\/IMG_5250.jpeg?fit=1024%2C720&ssl=1\",\"width\":1024,\"height\":720},{\"@type\":\"BreadcrumbList\",\"@id\":\"https:\\\/\\\/www.hingelaegas.ee\\\/en\\\/product\\\/korvarongad-tapike-sinine-pitsahhaat\\\/#breadcrumb\",\"itemListElement\":[{\"@type\":\"ListItem\",\"position\":1,\"name\":\"Home\",\"item\":\"https:\\\/\\\/www.hingelaegas.ee\\\/en\\\/\"},{\"@type\":\"ListItem\",\"position\":2,\"name\":\"E-POOD\",\"item\":\"https:\\\/\\\/www.hingelaegas.ee\\\/en\\\/e-pood\\\/\"},{\"@type\":\"ListItem\",\"position\":3,\"name\":\"K\u00f5rvar\u00f5ngad &#8220;T\u00e4pike&#8221;, sinine pitsahhaat, h\u00f5be 925\"}]},{\"@type\":\"WebSite\",\"@id\":\"https:\\\/\\\/www.hingelaegas.ee\\\/en\\\/#website\",\"url\":\"https:\\\/\\\/www.hingelaegas.ee\\\/en\\\/\",\"name\":\"Hingelaegas\",\"description\":\"Hingele. Kehale. Vaimule.\",\"publisher\":{\"@id\":\"https:\\\/\\\/www.hingelaegas.ee\\\/en\\\/#organization\"},\"potentialAction\":[{\"@type\":\"SearchAction\",\"target\":{\"@type\":\"EntryPoint\",\"urlTemplate\":\"https:\\\/\\\/www.hingelaegas.ee\\\/en\\\/?s={search_term_string}\"},\"query-input\":{\"@type\":\"PropertyValueSpecification\",\"valueRequired\":true,\"valueName\":\"search_term_string\"}}],\"inLanguage\":\"en-GB\"},{\"@type\":\"Organization\",\"@id\":\"https:\\\/\\\/www.hingelaegas.ee\\\/en\\\/#organization\",\"name\":\"Hingelaegas O\u00dc\",\"url\":\"https:\\\/\\\/www.hingelaegas.ee\\\/en\\\/\",\"logo\":{\"@type\":\"ImageObject\",\"inLanguage\":\"en-GB\",\"@id\":\"https:\\\/\\\/www.hingelaegas.ee\\\/en\\\/#\\\/schema\\\/logo\\\/image\\\/\",\"url\":\"https:\\\/\\\/hingelaegas.ee\\\/wp-content\\\/uploads\\\/2020\\\/12\\\/hingelaegas_vaike.png\",\"contentUrl\":\"https:\\\/\\\/hingelaegas.ee\\\/wp-content\\\/uploads\\\/2020\\\/12\\\/hingelaegas_vaike.png\",\"width\":700,\"height\":700,\"caption\":\"Hingelaegas O\u00dc\"},\"image\":{\"@id\":\"https:\\\/\\\/www.hingelaegas.ee\\\/en\\\/#\\\/schema\\\/logo\\\/image\\\/\"}}]}<\/script>\n<!-- \/ Yoast SEO plugin. -->","yoast_head_json":{"title":"K\u00f5rvar\u00f5ngad \"T\u00e4pike\", sinine pitsahhaat, h\u00f5be 925 - Hingelaegas","description":"Sinine pitsahhaat vabastab kurgut\u0161akrat ning julgustab ennast uut moodi v\u00e4ljendama.","robots":{"index":"index","follow":"follow","max-snippet":"max-snippet:-1","max-image-preview":"max-image-preview:large","max-video-preview":"max-video-preview:-1"},"canonical":"https:\/\/www.hingelaegas.ee\/en\/product\/korvarongad-tapike-sinine-pitsahhaat\/","og_locale":"en_GB","og_type":"article","og_title":"K\u00f5rvar\u00f5ngad \"T\u00e4pike\", sinine pitsahhaat, h\u00f5be 925 - Hingelaegas","og_description":"Sinine pitsahhaat vabastab kurgut\u0161akrat ning julgustab ennast uut moodi v\u00e4ljendama.","og_url":"https:\/\/www.hingelaegas.ee\/en\/product\/korvarongad-tapike-sinine-pitsahhaat\/","og_site_name":"Hingelaegas","article_modified_time":"2024-08-12T09:20:05+00:00","og_image":[{"width":1024,"height":720,"url":"https:\/\/i0.wp.com\/hingelaegas.ee\/wp-content\/uploads\/2020\/12\/IMG_5250.jpeg?fit=1024%2C720&ssl=1","type":"image\/jpeg"}],"twitter_card":"summary_large_image","twitter_misc":{"Estimated reading time":"1 minute"},"schema":{"@context":"https:\/\/schema.org","@graph":[{"@type":"WebPage","@id":"https:\/\/www.hingelaegas.ee\/en\/product\/korvarongad-tapike-sinine-pitsahhaat\/","url":"https:\/\/www.hingelaegas.ee\/en\/product\/korvarongad-tapike-sinine-pitsahhaat\/","name":"K\u00f5rvar\u00f5ngad \"T\u00e4pike\", sinine pitsahhaat, h\u00f5be 925 - Hingelaegas","isPartOf":{"@id":"https:\/\/www.hingelaegas.ee\/en\/#website"},"primaryImageOfPage":{"@id":"https:\/\/www.hingelaegas.ee\/en\/product\/korvarongad-tapike-sinine-pitsahhaat\/#primaryimage"},"image":{"@id":"https:\/\/www.hingelaegas.ee\/en\/product\/korvarongad-tapike-sinine-pitsahhaat\/#primaryimage"},"thumbnailUrl":"https:\/\/i0.wp.com\/hingelaegas.ee\/wp-content\/uploads\/2020\/12\/IMG_5250.jpeg?fit=1024%2C720&ssl=1","datePublished":"2020-12-03T16:02:51+00:00","dateModified":"2024-08-12T09:20:05+00:00","description":"Sinine pitsahhaat vabastab kurgut\u0161akrat ning julgustab ennast uut moodi v\u00e4ljendama.","breadcrumb":{"@id":"https:\/\/www.hingelaegas.ee\/en\/product\/korvarongad-tapike-sinine-pitsahhaat\/#breadcrumb"},"inLanguage":"en-GB","potentialAction":[{"@type":"ReadAction","target":["https:\/\/www.hingelaegas.ee\/en\/product\/korvarongad-tapike-sinine-pitsahhaat\/"]}]},{"@type":"ImageObject","inLanguage":"en-GB","@id":"https:\/\/www.hingelaegas.ee\/en\/product\/korvarongad-tapike-sinine-pitsahhaat\/#primaryimage","url":"https:\/\/i0.wp.com\/hingelaegas.ee\/wp-content\/uploads\/2020\/12\/IMG_5250.jpeg?fit=1024%2C720&ssl=1","contentUrl":"https:\/\/i0.wp.com\/hingelaegas.ee\/wp-content\/uploads\/2020\/12\/IMG_5250.jpeg?fit=1024%2C720&ssl=1","width":1024,"height":720},{"@type":"BreadcrumbList","@id":"https:\/\/www.hingelaegas.ee\/en\/product\/korvarongad-tapike-sinine-pitsahhaat\/#breadcrumb","itemListElement":[{"@type":"ListItem","position":1,"name":"Home","item":"https:\/\/www.hingelaegas.ee\/en\/"},{"@type":"ListItem","position":2,"name":"E-POOD","item":"https:\/\/www.hingelaegas.ee\/en\/e-pood\/"},{"@type":"ListItem","position":3,"name":"K\u00f5rvar\u00f5ngad &#8220;T\u00e4pike&#8221;, sinine pitsahhaat, h\u00f5be 925"}]},{"@type":"WebSite","@id":"https:\/\/www.hingelaegas.ee\/en\/#website","url":"https:\/\/www.hingelaegas.ee\/en\/","name":"Hingelaegas","description":"For Soul. For Body. For Mind.","publisher":{"@id":"https:\/\/www.hingelaegas.ee\/en\/#organization"},"potentialAction":[{"@type":"SearchAction","target":{"@type":"EntryPoint","urlTemplate":"https:\/\/www.hingelaegas.ee\/en\/?s={search_term_string}"},"query-input":{"@type":"PropertyValueSpecification","valueRequired":true,"valueName":"search_term_string"}}],"inLanguage":"en-GB"},{"@type":"Organization","@id":"https:\/\/www.hingelaegas.ee\/en\/#organization","name":"Hingelaegas O\u00dc","url":"https:\/\/www.hingelaegas.ee\/en\/","logo":{"@type":"ImageObject","inLanguage":"en-GB","@id":"https:\/\/www.hingelaegas.ee\/en\/#\/schema\/logo\/image\/","url":"https:\/\/hingelaegas.ee\/wp-content\/uploads\/2020\/12\/hingelaegas_vaike.png","contentUrl":"https:\/\/hingelaegas.ee\/wp-content\/uploads\/2020\/12\/hingelaegas_vaike.png","width":700,"height":700,"caption":"Hingelaegas O\u00dc"},"image":{"@id":"https:\/\/www.hingelaegas.ee\/en\/#\/schema\/logo\/image\/"}}]}},"acf":[],"jetpack_likes_enabled":false,"jetpack_sharing_enabled":true,"_links":{"self":[{"href":"https:\/\/hingelaegas.ee\/en\/wp-json\/wp\/v2\/product\/1968","targetHints":{"allow":["GET"]}}],"collection":[{"href":"https:\/\/hingelaegas.ee\/en\/wp-json\/wp\/v2\/product"}],"about":[{"href":"https:\/\/hingelaegas.ee\/en\/wp-json\/wp\/v2\/types\/product"}],"replies":[{"embeddable":true,"href":"https:\/\/hingelaegas.ee\/en\/wp-json\/wp\/v2\/comments?post=1968"}],"wp:featuredmedia":[{"embeddable":true,"href":"https:\/\/hingelaegas.ee\/en\/wp-json\/wp\/v2\/media\/1949"}],"wp:attachment":[{"href":"https:\/\/hingelaegas.ee\/en\/wp-json\/wp\/v2\/media?parent=1968"}],"wp:term":[{"taxonomy":"product_brand","embeddable":true,"href":"https:\/\/hingelaegas.ee\/en\/wp-json\/wp\/v2\/product_brand?post=1968"},{"taxonomy":"product_cat","embeddable":true,"href":"https:\/\/hingelaegas.ee\/en\/wp-json\/wp\/v2\/product_cat?post=1968"},{"taxonomy":"product_tag","embeddable":true,"href":"https:\/\/hingelaegas.ee\/en\/wp-json\/wp\/v2\/product_tag?post=1968"}],"curies":[{"name":"wp","href":"https:\/\/api.w.org\/{rel}","templated":true}]}}