{"id":2035,"date":"2020-12-09T14:25:09","date_gmt":"2020-12-09T11:25:09","guid":{"rendered":"https:\/\/hingelaegas.ee\/?post_type=product&#038;p=2035"},"modified":"2024-08-19T15:20:02","modified_gmt":"2024-08-19T12:20:02","slug":"kinkekott","status":"publish","type":"product","link":"https:\/\/hingelaegas.ee\/en\/product\/kinkekott\/","title":{"rendered":"Gift bag"},"content":{"rendered":"","protected":false},"excerpt":{"rendered":"<p>These gift bags, decorated with snowflakes, are made of 100% natural materials and are perfect for wrapping gifts during winter-time. The bags are made of jute and linen fabric and are strong and durable.<\/p>\n<p>The prefect gift bag for wrapping gifts from nature. In addition, put a candle in the bag, a set of self-selected essential oils, or natural high-quality incense, and this natural packaging will enhance the whole gift like a cherry on a cake!<\/p>\n<p>Made in India.<\/p>\n<p>The bags are available in three sizes:<\/p>\n<ul>\n<li><strong>small \u2013 12 x 25 cm.<\/strong><span style=\"font-size: 12pt;\"> <em>The length includes the upper fringed part of the bag (about 5 cm).<\/em><\/span><\/li>\n<li><strong>medium \u2013 17 x 30 cm.<\/strong> <span style=\"font-size: 12pt;\"><em>The length includes the upper fringed part of the bag (about 5 cm).<\/em><\/span><\/li>\n<li><strong>large \u2013 21 x 35 cm.<\/strong> <span style=\"font-size: 12pt;\"><em>The length includes the upper fringed part of the bag (about 8 cm).<\/em><\/span><\/li>\n<\/ul>","protected":false},"featured_media":2036,"comment_status":"open","ping_status":"closed","template":"","meta":{"_monsterinsights_skip_tracking":false,"_monsterinsights_sitenote_active":false,"_monsterinsights_sitenote_note":"","_monsterinsights_sitenote_category":0},"product_brand":[],"product_cat":[413,578],"product_tag":[501,285],"class_list":{"0":"post-2035","1":"product","2":"type-product","3":"status-publish","4":"has-post-thumbnail","6":"product_cat-kinkekomplektid","7":"product_cat-pakendid","8":"product_tag-joulud","9":"product_tag-kinkekotid","11":"first","12":"instock","13":"taxable","14":"shipping-taxable","15":"purchasable","16":"product-type-variable"},"yoast_head":"<!-- This site is optimized with the Yoast SEO plugin v27.4 - https:\/\/yoast.com\/product\/yoast-seo-wordpress\/ -->\n<title>Kinkekott - Hingelaegas<\/title>\n<meta name=\"description\" content=\"Need 100% naturaalsetest materjalidest valmistatud lumehelvestega kaunistatud kinkekotid sobivad suurep\u00e4raselt j\u00f5ulukinkide pakendamiseks. Kotid on valmistatud d\u017euudist ja linasest riidest ning on tugevad ja vastupidavad.\" \/>\n<meta name=\"robots\" content=\"index, follow, max-snippet:-1, max-image-preview:large, max-video-preview:-1\" \/>\n<link rel=\"canonical\" href=\"https:\/\/hingelaegas.ee\/en\/product\/kinkekott\/\" \/>\n<meta property=\"og:locale\" content=\"en_GB\" \/>\n<meta property=\"og:type\" content=\"article\" \/>\n<meta property=\"og:title\" content=\"Kinkekott - Hingelaegas\" \/>\n<meta property=\"og:description\" content=\"Need 100% naturaalsetest materjalidest valmistatud lumehelvestega kaunistatud kinkekotid sobivad suurep\u00e4raselt j\u00f5ulukinkide pakendamiseks. Kotid on valmistatud d\u017euudist ja linasest riidest ning on tugevad ja vastupidavad.\" \/>\n<meta property=\"og:url\" content=\"https:\/\/hingelaegas.ee\/en\/product\/kinkekott\/\" \/>\n<meta property=\"og:site_name\" content=\"Hingelaegas\" \/>\n<meta property=\"article:modified_time\" content=\"2024-08-19T12:20:02+00:00\" \/>\n<meta property=\"og:image\" content=\"https:\/\/i0.wp.com\/hingelaegas.ee\/wp-content\/uploads\/2020\/12\/joulukinkekott-e1692880475274.jpeg?fit=800%2C800&ssl=1\" \/>\n\t<meta property=\"og:image:width\" content=\"800\" \/>\n\t<meta property=\"og:image:height\" content=\"800\" \/>\n\t<meta property=\"og:image:type\" content=\"image\/jpeg\" \/>\n<meta name=\"twitter:card\" content=\"summary_large_image\" \/>\n<script type=\"application\/ld+json\" class=\"yoast-schema-graph\">{\"@context\":\"https:\\\/\\\/schema.org\",\"@graph\":[{\"@type\":\"WebPage\",\"@id\":\"https:\\\/\\\/hingelaegas.ee\\\/product\\\/kinkekott\\\/\",\"url\":\"https:\\\/\\\/hingelaegas.ee\\\/product\\\/kinkekott\\\/\",\"name\":\"Kinkekott - Hingelaegas\",\"isPartOf\":{\"@id\":\"https:\\\/\\\/www.hingelaegas.ee\\\/#website\"},\"primaryImageOfPage\":{\"@id\":\"https:\\\/\\\/hingelaegas.ee\\\/product\\\/kinkekott\\\/#primaryimage\"},\"image\":{\"@id\":\"https:\\\/\\\/hingelaegas.ee\\\/product\\\/kinkekott\\\/#primaryimage\"},\"thumbnailUrl\":\"https:\\\/\\\/i0.wp.com\\\/hingelaegas.ee\\\/wp-content\\\/uploads\\\/2020\\\/12\\\/joulukinkekott-e1692880475274.jpeg?fit=800%2C800&ssl=1\",\"datePublished\":\"2020-12-09T11:25:09+00:00\",\"dateModified\":\"2024-08-19T12:20:02+00:00\",\"description\":\"Need 100% naturaalsetest materjalidest valmistatud lumehelvestega kaunistatud kinkekotid sobivad suurep\u00e4raselt j\u00f5ulukinkide pakendamiseks. Kotid on valmistatud d\u017euudist ja linasest riidest ning on tugevad ja vastupidavad.\",\"breadcrumb\":{\"@id\":\"https:\\\/\\\/hingelaegas.ee\\\/product\\\/kinkekott\\\/#breadcrumb\"},\"inLanguage\":\"en-GB\",\"potentialAction\":[{\"@type\":\"ReadAction\",\"target\":[\"https:\\\/\\\/hingelaegas.ee\\\/product\\\/kinkekott\\\/\"]}]},{\"@type\":\"ImageObject\",\"inLanguage\":\"en-GB\",\"@id\":\"https:\\\/\\\/hingelaegas.ee\\\/product\\\/kinkekott\\\/#primaryimage\",\"url\":\"https:\\\/\\\/i0.wp.com\\\/hingelaegas.ee\\\/wp-content\\\/uploads\\\/2020\\\/12\\\/joulukinkekott-e1692880475274.jpeg?fit=800%2C800&ssl=1\",\"contentUrl\":\"https:\\\/\\\/i0.wp.com\\\/hingelaegas.ee\\\/wp-content\\\/uploads\\\/2020\\\/12\\\/joulukinkekott-e1692880475274.jpeg?fit=800%2C800&ssl=1\",\"width\":800,\"height\":800},{\"@type\":\"BreadcrumbList\",\"@id\":\"https:\\\/\\\/hingelaegas.ee\\\/product\\\/kinkekott\\\/#breadcrumb\",\"itemListElement\":[{\"@type\":\"ListItem\",\"position\":1,\"name\":\"Home\",\"item\":\"https:\\\/\\\/www.hingelaegas.ee\\\/\"},{\"@type\":\"ListItem\",\"position\":2,\"name\":\"E-POOD\",\"item\":\"https:\\\/\\\/www.hingelaegas.ee\\\/e-pood\\\/\"},{\"@type\":\"ListItem\",\"position\":3,\"name\":\"Kinkekott\"}]},{\"@type\":\"WebSite\",\"@id\":\"https:\\\/\\\/www.hingelaegas.ee\\\/#website\",\"url\":\"https:\\\/\\\/www.hingelaegas.ee\\\/\",\"name\":\"Hingelaegas\",\"description\":\"Hingele. Kehale. Vaimule.\",\"publisher\":{\"@id\":\"https:\\\/\\\/www.hingelaegas.ee\\\/#organization\"},\"potentialAction\":[{\"@type\":\"SearchAction\",\"target\":{\"@type\":\"EntryPoint\",\"urlTemplate\":\"https:\\\/\\\/www.hingelaegas.ee\\\/?s={search_term_string}\"},\"query-input\":{\"@type\":\"PropertyValueSpecification\",\"valueRequired\":true,\"valueName\":\"search_term_string\"}}],\"inLanguage\":\"en-GB\"},{\"@type\":\"Organization\",\"@id\":\"https:\\\/\\\/www.hingelaegas.ee\\\/#organization\",\"name\":\"Hingelaegas O\u00dc\",\"url\":\"https:\\\/\\\/www.hingelaegas.ee\\\/\",\"logo\":{\"@type\":\"ImageObject\",\"inLanguage\":\"en-GB\",\"@id\":\"https:\\\/\\\/www.hingelaegas.ee\\\/#\\\/schema\\\/logo\\\/image\\\/\",\"url\":\"https:\\\/\\\/hingelaegas.ee\\\/wp-content\\\/uploads\\\/2020\\\/12\\\/hingelaegas_vaike.png\",\"contentUrl\":\"https:\\\/\\\/hingelaegas.ee\\\/wp-content\\\/uploads\\\/2020\\\/12\\\/hingelaegas_vaike.png\",\"width\":700,\"height\":700,\"caption\":\"Hingelaegas O\u00dc\"},\"image\":{\"@id\":\"https:\\\/\\\/www.hingelaegas.ee\\\/#\\\/schema\\\/logo\\\/image\\\/\"}}]}<\/script>\n<!-- \/ Yoast SEO plugin. -->","yoast_head_json":{"title":"Kinkekott - Hingelaegas","description":"Need 100% naturaalsetest materjalidest valmistatud lumehelvestega kaunistatud kinkekotid sobivad suurep\u00e4raselt j\u00f5ulukinkide pakendamiseks. Kotid on valmistatud d\u017euudist ja linasest riidest ning on tugevad ja vastupidavad.","robots":{"index":"index","follow":"follow","max-snippet":"max-snippet:-1","max-image-preview":"max-image-preview:large","max-video-preview":"max-video-preview:-1"},"canonical":"https:\/\/hingelaegas.ee\/en\/product\/kinkekott\/","og_locale":"en_GB","og_type":"article","og_title":"Kinkekott - Hingelaegas","og_description":"Need 100% naturaalsetest materjalidest valmistatud lumehelvestega kaunistatud kinkekotid sobivad suurep\u00e4raselt j\u00f5ulukinkide pakendamiseks. Kotid on valmistatud d\u017euudist ja linasest riidest ning on tugevad ja vastupidavad.","og_url":"https:\/\/hingelaegas.ee\/en\/product\/kinkekott\/","og_site_name":"Hingelaegas","article_modified_time":"2024-08-19T12:20:02+00:00","og_image":[{"width":800,"height":800,"url":"https:\/\/i0.wp.com\/hingelaegas.ee\/wp-content\/uploads\/2020\/12\/joulukinkekott-e1692880475274.jpeg?fit=800%2C800&ssl=1","type":"image\/jpeg"}],"twitter_card":"summary_large_image","schema":{"@context":"https:\/\/schema.org","@graph":[{"@type":"WebPage","@id":"https:\/\/hingelaegas.ee\/product\/kinkekott\/","url":"https:\/\/hingelaegas.ee\/product\/kinkekott\/","name":"Kinkekott - Hingelaegas","isPartOf":{"@id":"https:\/\/www.hingelaegas.ee\/#website"},"primaryImageOfPage":{"@id":"https:\/\/hingelaegas.ee\/product\/kinkekott\/#primaryimage"},"image":{"@id":"https:\/\/hingelaegas.ee\/product\/kinkekott\/#primaryimage"},"thumbnailUrl":"https:\/\/i0.wp.com\/hingelaegas.ee\/wp-content\/uploads\/2020\/12\/joulukinkekott-e1692880475274.jpeg?fit=800%2C800&ssl=1","datePublished":"2020-12-09T11:25:09+00:00","dateModified":"2024-08-19T12:20:02+00:00","description":"Need 100% naturaalsetest materjalidest valmistatud lumehelvestega kaunistatud kinkekotid sobivad suurep\u00e4raselt j\u00f5ulukinkide pakendamiseks. Kotid on valmistatud d\u017euudist ja linasest riidest ning on tugevad ja vastupidavad.","breadcrumb":{"@id":"https:\/\/hingelaegas.ee\/product\/kinkekott\/#breadcrumb"},"inLanguage":"en-GB","potentialAction":[{"@type":"ReadAction","target":["https:\/\/hingelaegas.ee\/product\/kinkekott\/"]}]},{"@type":"ImageObject","inLanguage":"en-GB","@id":"https:\/\/hingelaegas.ee\/product\/kinkekott\/#primaryimage","url":"https:\/\/i0.wp.com\/hingelaegas.ee\/wp-content\/uploads\/2020\/12\/joulukinkekott-e1692880475274.jpeg?fit=800%2C800&ssl=1","contentUrl":"https:\/\/i0.wp.com\/hingelaegas.ee\/wp-content\/uploads\/2020\/12\/joulukinkekott-e1692880475274.jpeg?fit=800%2C800&ssl=1","width":800,"height":800},{"@type":"BreadcrumbList","@id":"https:\/\/hingelaegas.ee\/product\/kinkekott\/#breadcrumb","itemListElement":[{"@type":"ListItem","position":1,"name":"Home","item":"https:\/\/www.hingelaegas.ee\/"},{"@type":"ListItem","position":2,"name":"E-POOD","item":"https:\/\/www.hingelaegas.ee\/e-pood\/"},{"@type":"ListItem","position":3,"name":"Kinkekott"}]},{"@type":"WebSite","@id":"https:\/\/www.hingelaegas.ee\/#website","url":"https:\/\/www.hingelaegas.ee\/","name":"Hingelaegas","description":"For Soul. For Body. For Mind.","publisher":{"@id":"https:\/\/www.hingelaegas.ee\/#organization"},"potentialAction":[{"@type":"SearchAction","target":{"@type":"EntryPoint","urlTemplate":"https:\/\/www.hingelaegas.ee\/?s={search_term_string}"},"query-input":{"@type":"PropertyValueSpecification","valueRequired":true,"valueName":"search_term_string"}}],"inLanguage":"en-GB"},{"@type":"Organization","@id":"https:\/\/www.hingelaegas.ee\/#organization","name":"Hingelaegas O\u00dc","url":"https:\/\/www.hingelaegas.ee\/","logo":{"@type":"ImageObject","inLanguage":"en-GB","@id":"https:\/\/www.hingelaegas.ee\/#\/schema\/logo\/image\/","url":"https:\/\/hingelaegas.ee\/wp-content\/uploads\/2020\/12\/hingelaegas_vaike.png","contentUrl":"https:\/\/hingelaegas.ee\/wp-content\/uploads\/2020\/12\/hingelaegas_vaike.png","width":700,"height":700,"caption":"Hingelaegas O\u00dc"},"image":{"@id":"https:\/\/www.hingelaegas.ee\/#\/schema\/logo\/image\/"}}]}},"acf":[],"jetpack_likes_enabled":false,"jetpack_sharing_enabled":true,"_links":{"self":[{"href":"https:\/\/hingelaegas.ee\/en\/wp-json\/wp\/v2\/product\/2035","targetHints":{"allow":["GET"]}}],"collection":[{"href":"https:\/\/hingelaegas.ee\/en\/wp-json\/wp\/v2\/product"}],"about":[{"href":"https:\/\/hingelaegas.ee\/en\/wp-json\/wp\/v2\/types\/product"}],"replies":[{"embeddable":true,"href":"https:\/\/hingelaegas.ee\/en\/wp-json\/wp\/v2\/comments?post=2035"}],"wp:featuredmedia":[{"embeddable":true,"href":"https:\/\/hingelaegas.ee\/en\/wp-json\/wp\/v2\/media\/2036"}],"wp:attachment":[{"href":"https:\/\/hingelaegas.ee\/en\/wp-json\/wp\/v2\/media?parent=2035"}],"wp:term":[{"taxonomy":"product_brand","embeddable":true,"href":"https:\/\/hingelaegas.ee\/en\/wp-json\/wp\/v2\/product_brand?post=2035"},{"taxonomy":"product_cat","embeddable":true,"href":"https:\/\/hingelaegas.ee\/en\/wp-json\/wp\/v2\/product_cat?post=2035"},{"taxonomy":"product_tag","embeddable":true,"href":"https:\/\/hingelaegas.ee\/en\/wp-json\/wp\/v2\/product_tag?post=2035"}],"curies":[{"name":"wp","href":"https:\/\/api.w.org\/{rel}","templated":true}]}}