{"id":2077,"date":"2020-12-22T18:26:16","date_gmt":"2020-12-22T16:26:16","guid":{"rendered":"https:\/\/hingelaegas.ee\/?post_type=product&#038;p=2077"},"modified":"2026-03-19T20:01:58","modified_gmt":"2026-03-19T18:01:58","slug":"tribal-soul-palo-santo","status":"publish","type":"product","link":"https:\/\/hingelaegas.ee\/en\/product\/tribal-soul-palo-santo\/","title":{"rendered":"Tribal Soul, backflow incense cones - Palo Santo"},"content":{"rendered":"<div class=\"lW8rQd\">\n<div class=\"vpx4Fd\">\n<p><strong style=\"font-size: 12pt;\">Use instructions<\/strong><\/p>\n<\/div>\n<p><span style=\"font-size: 12pt;\">Ignite the tip of the incense cone, and if the tip glows, carefully blow out the flame.<\/span><\/p>\n<p><span style=\"font-size: 12pt;\">Place the incense <\/span><span style=\"font-size: 12pt;\"> cone on a <a href=\"https:\/\/hingelaegas.ee\/product-category\/viirukid\/viirukialused-langeva-suitsuga-viirukitele\/\">backflow incense burner<\/a>.<\/span><\/p>\n<\/div>\n<p>&nbsp;<\/p>\n<p><em><span style=\"font-size: 12pt;\"><strong>Caution!<\/strong><\/span><\/em><\/p>\n<ul>\n<li><span style=\"font-size: 12pt;\">Burn only in an open or well-ventilated area. For best results, burn indoors and avoid drafts.<\/span><\/li>\n<li><span style=\"font-size: 12pt;\">Avoid direct inhalation of incense smoke.<\/span><\/li>\n<li><span style=\"font-size: 12pt;\">Use only to scent the room. Do not put incense in your mouth.<\/span><\/li>\n<li><span style=\"font-size: 12pt;\">The incense must not be left unattended. Make sure that the smoking incense is not close to flammable materials and check that the ash can fall on a suitable (non-flammable) base.<\/span><\/li>\n<li><span style=\"font-size: 12pt;\">Keep out of reach of children and pets.<\/span><\/li>\n<\/ul>","protected":false},"excerpt":{"rendered":"<p><strong>Palo Santo<\/strong> is a warm and gently stunning blend of sweet, woody and herbal scents.<\/p>\n<p>Palo Santo, or \"sacred tree\" translated from Spanish, has been known since ancient times as a very mystical and magical plant. This powerful tree cleanses its surroundings of negative and harmful energy. Whether the source of bad energy is a conflict at work or a quarrel with a partner, Palo Santo helps to keep it away by creating new positive healing energies and clearing our senses of dark irritating thoughts.<\/p>\n<p>Palo Santo incense helps cleanse ourselves and our home of negative and stagnant energy, thus enabling a more harmonious atmosphere.<\/p>\n<p>&nbsp;<\/p>\n<p><strong>Backflow incense cones<\/strong> offer an unusual and exotic pleasure to the eye, as the smoke which is heavier than air falls dramatically downwards like a waterfall.<\/p>\n<p>These incense cones are intended for burning on specially designed <strong><a href=\"https:\/\/hingelaegas.ee\/product-category\/viirukid\/viirukialused-langeva-suitsuga-viirukitele\/\">incense burners,<\/a> <\/strong>which decorate the home as beautiful and effective sculptures. However, when burning backflow incense cones, they offer an enchanting and mesmerizing view.<\/p>\n<p>Burn your favourite incense and allow the smoke to fill your home with a pleasant aroma. At the same time, you can enjoy the fascinating beautiful view of the flowing incense smoke!<\/p>\n<p>&nbsp;<\/p>\n<p>Handmade in India.<\/p>\n<p>The height of one cone is about 40 mm. Package contains 10 pieces.<\/p>\n<p>Burning time: approx. 40 min.<\/p>","protected":false},"featured_media":4089,"comment_status":"open","ping_status":"closed","template":"","meta":{"_monsterinsights_skip_tracking":false,"_monsterinsights_sitenote_active":false,"_monsterinsights_sitenote_note":"","_monsterinsights_sitenote_category":0},"product_brand":[],"product_cat":[99],"product_tag":[179,166,173],"class_list":{"0":"post-2077","1":"product","2":"type-product","3":"status-publish","4":"has-post-thumbnail","6":"product_cat-viirukikoonused-langeva-suitsuga","7":"product_tag-viirukialused-langeva-suitsuga-viirukitele","8":"product_tag-viirukid","9":"product_tag-viirukikoonused-langeva-suitsuga","11":"first","12":"instock","13":"taxable","14":"shipping-taxable","15":"purchasable","16":"product-type-simple"},"yoast_head":"<!-- This site is optimized with the Yoast SEO plugin v27.3 - https:\/\/yoast.com\/product\/yoast-seo-wordpress\/ -->\n<title>Tribal Soul, langeva suitsuga viirukikoonused - Palo Santo - Hingelaegas<\/title>\n<meta name=\"description\" content=\"Palo Santo viirukikoonustel on soe ja \u00f5rnalt uimastav segu magusast, puidusest ja \u00fcrdisest l\u00f5hnast.Palo Santo ehk hispaaniakeelest t\u00f5lgituna &quot;p\u00fcha puu&quot; on tuntud juba iidsetest aegadest kui v\u00e4ga m\u00fcstiline ja maagiline taim.\" \/>\n<meta name=\"robots\" content=\"index, follow, max-snippet:-1, max-image-preview:large, max-video-preview:-1\" \/>\n<link rel=\"canonical\" href=\"https:\/\/hingelaegas.ee\/en\/product\/tribal-soul-palo-santo\/\" \/>\n<meta property=\"og:locale\" content=\"en_GB\" \/>\n<meta property=\"og:type\" content=\"article\" \/>\n<meta property=\"og:title\" content=\"Tribal Soul, langeva suitsuga viirukikoonused - Palo Santo - Hingelaegas\" \/>\n<meta property=\"og:description\" content=\"Palo Santo viirukikoonustel on soe ja \u00f5rnalt uimastav segu magusast, puidusest ja \u00fcrdisest l\u00f5hnast.Palo Santo ehk hispaaniakeelest t\u00f5lgituna &quot;p\u00fcha puu&quot; on tuntud juba iidsetest aegadest kui v\u00e4ga m\u00fcstiline ja maagiline taim.\" \/>\n<meta property=\"og:url\" content=\"https:\/\/hingelaegas.ee\/en\/product\/tribal-soul-palo-santo\/\" \/>\n<meta property=\"og:site_name\" content=\"Hingelaegas\" \/>\n<meta property=\"article:modified_time\" content=\"2026-03-19T18:01:58+00:00\" \/>\n<meta property=\"og:image\" content=\"https:\/\/i0.wp.com\/hingelaegas.ee\/wp-content\/uploads\/2020\/12\/tribal-soul_backflow_palo-santo-e1645640067467.png?fit=433%2C433&ssl=1\" \/>\n\t<meta property=\"og:image:width\" content=\"433\" \/>\n\t<meta property=\"og:image:height\" content=\"433\" \/>\n\t<meta property=\"og:image:type\" content=\"image\/png\" \/>\n<meta name=\"twitter:card\" content=\"summary_large_image\" \/>\n<script type=\"application\/ld+json\" class=\"yoast-schema-graph\">{\"@context\":\"https:\\\/\\\/schema.org\",\"@graph\":[{\"@type\":\"WebPage\",\"@id\":\"https:\\\/\\\/hingelaegas.ee\\\/en\\\/product\\\/tribal-soul-palo-santo\\\/\",\"url\":\"https:\\\/\\\/hingelaegas.ee\\\/en\\\/product\\\/tribal-soul-palo-santo\\\/\",\"name\":\"Tribal Soul, langeva suitsuga viirukikoonused - Palo Santo - Hingelaegas\",\"isPartOf\":{\"@id\":\"https:\\\/\\\/www.hingelaegas.ee\\\/#website\"},\"primaryImageOfPage\":{\"@id\":\"https:\\\/\\\/hingelaegas.ee\\\/en\\\/product\\\/tribal-soul-palo-santo\\\/#primaryimage\"},\"image\":{\"@id\":\"https:\\\/\\\/hingelaegas.ee\\\/en\\\/product\\\/tribal-soul-palo-santo\\\/#primaryimage\"},\"thumbnailUrl\":\"https:\\\/\\\/i0.wp.com\\\/hingelaegas.ee\\\/wp-content\\\/uploads\\\/2020\\\/12\\\/tribal-soul_backflow_palo-santo-e1645640067467.png?fit=433%2C433&ssl=1\",\"datePublished\":\"2020-12-22T16:26:16+00:00\",\"dateModified\":\"2026-03-19T18:01:58+00:00\",\"description\":\"Palo Santo viirukikoonustel on soe ja \u00f5rnalt uimastav segu magusast, puidusest ja \u00fcrdisest l\u00f5hnast.Palo Santo ehk hispaaniakeelest t\u00f5lgituna \\\"p\u00fcha puu\\\" on tuntud juba iidsetest aegadest kui v\u00e4ga m\u00fcstiline ja maagiline taim.\",\"breadcrumb\":{\"@id\":\"https:\\\/\\\/hingelaegas.ee\\\/en\\\/product\\\/tribal-soul-palo-santo\\\/#breadcrumb\"},\"inLanguage\":\"en-GB\",\"potentialAction\":[{\"@type\":\"ReadAction\",\"target\":[\"https:\\\/\\\/hingelaegas.ee\\\/en\\\/product\\\/tribal-soul-palo-santo\\\/\"]}]},{\"@type\":\"ImageObject\",\"inLanguage\":\"en-GB\",\"@id\":\"https:\\\/\\\/hingelaegas.ee\\\/en\\\/product\\\/tribal-soul-palo-santo\\\/#primaryimage\",\"url\":\"https:\\\/\\\/i0.wp.com\\\/hingelaegas.ee\\\/wp-content\\\/uploads\\\/2020\\\/12\\\/tribal-soul_backflow_palo-santo-e1645640067467.png?fit=433%2C433&ssl=1\",\"contentUrl\":\"https:\\\/\\\/i0.wp.com\\\/hingelaegas.ee\\\/wp-content\\\/uploads\\\/2020\\\/12\\\/tribal-soul_backflow_palo-santo-e1645640067467.png?fit=433%2C433&ssl=1\",\"width\":433,\"height\":433},{\"@type\":\"BreadcrumbList\",\"@id\":\"https:\\\/\\\/hingelaegas.ee\\\/en\\\/product\\\/tribal-soul-palo-santo\\\/#breadcrumb\",\"itemListElement\":[{\"@type\":\"ListItem\",\"position\":1,\"name\":\"Home\",\"item\":\"https:\\\/\\\/www.hingelaegas.ee\\\/en\\\/\"},{\"@type\":\"ListItem\",\"position\":2,\"name\":\"E-POOD\",\"item\":\"https:\\\/\\\/www.hingelaegas.ee\\\/en\\\/e-pood\\\/\"},{\"@type\":\"ListItem\",\"position\":3,\"name\":\"Tribal Soul, langeva suitsuga viirukikoonused &#8211; Palo Santo\"}]},{\"@type\":\"WebSite\",\"@id\":\"https:\\\/\\\/www.hingelaegas.ee\\\/#website\",\"url\":\"https:\\\/\\\/www.hingelaegas.ee\\\/\",\"name\":\"Hingelaegas\",\"description\":\"Hingele. Kehale. Vaimule.\",\"publisher\":{\"@id\":\"https:\\\/\\\/www.hingelaegas.ee\\\/#organization\"},\"potentialAction\":[{\"@type\":\"SearchAction\",\"target\":{\"@type\":\"EntryPoint\",\"urlTemplate\":\"https:\\\/\\\/www.hingelaegas.ee\\\/?s={search_term_string}\"},\"query-input\":{\"@type\":\"PropertyValueSpecification\",\"valueRequired\":true,\"valueName\":\"search_term_string\"}}],\"inLanguage\":\"en-GB\"},{\"@type\":\"Organization\",\"@id\":\"https:\\\/\\\/www.hingelaegas.ee\\\/#organization\",\"name\":\"Hingelaegas O\u00dc\",\"url\":\"https:\\\/\\\/www.hingelaegas.ee\\\/\",\"logo\":{\"@type\":\"ImageObject\",\"inLanguage\":\"en-GB\",\"@id\":\"https:\\\/\\\/www.hingelaegas.ee\\\/#\\\/schema\\\/logo\\\/image\\\/\",\"url\":\"https:\\\/\\\/hingelaegas.ee\\\/wp-content\\\/uploads\\\/2020\\\/12\\\/hingelaegas_vaike.png\",\"contentUrl\":\"https:\\\/\\\/hingelaegas.ee\\\/wp-content\\\/uploads\\\/2020\\\/12\\\/hingelaegas_vaike.png\",\"width\":700,\"height\":700,\"caption\":\"Hingelaegas O\u00dc\"},\"image\":{\"@id\":\"https:\\\/\\\/www.hingelaegas.ee\\\/#\\\/schema\\\/logo\\\/image\\\/\"}}]}<\/script>\n<!-- \/ Yoast SEO plugin. -->","yoast_head_json":{"title":"Tribal Soul, langeva suitsuga viirukikoonused - Palo Santo - Hingelaegas","description":"Palo Santo viirukikoonustel on soe ja \u00f5rnalt uimastav segu magusast, puidusest ja \u00fcrdisest l\u00f5hnast.Palo Santo ehk hispaaniakeelest t\u00f5lgituna \"p\u00fcha puu\" on tuntud juba iidsetest aegadest kui v\u00e4ga m\u00fcstiline ja maagiline taim.","robots":{"index":"index","follow":"follow","max-snippet":"max-snippet:-1","max-image-preview":"max-image-preview:large","max-video-preview":"max-video-preview:-1"},"canonical":"https:\/\/hingelaegas.ee\/en\/product\/tribal-soul-palo-santo\/","og_locale":"en_GB","og_type":"article","og_title":"Tribal Soul, langeva suitsuga viirukikoonused - Palo Santo - Hingelaegas","og_description":"Palo Santo viirukikoonustel on soe ja \u00f5rnalt uimastav segu magusast, puidusest ja \u00fcrdisest l\u00f5hnast.Palo Santo ehk hispaaniakeelest t\u00f5lgituna \"p\u00fcha puu\" on tuntud juba iidsetest aegadest kui v\u00e4ga m\u00fcstiline ja maagiline taim.","og_url":"https:\/\/hingelaegas.ee\/en\/product\/tribal-soul-palo-santo\/","og_site_name":"Hingelaegas","article_modified_time":"2026-03-19T18:01:58+00:00","og_image":[{"width":433,"height":433,"url":"https:\/\/i0.wp.com\/hingelaegas.ee\/wp-content\/uploads\/2020\/12\/tribal-soul_backflow_palo-santo-e1645640067467.png?fit=433%2C433&ssl=1","type":"image\/png"}],"twitter_card":"summary_large_image","schema":{"@context":"https:\/\/schema.org","@graph":[{"@type":"WebPage","@id":"https:\/\/hingelaegas.ee\/en\/product\/tribal-soul-palo-santo\/","url":"https:\/\/hingelaegas.ee\/en\/product\/tribal-soul-palo-santo\/","name":"Tribal Soul, langeva suitsuga viirukikoonused - Palo Santo - Hingelaegas","isPartOf":{"@id":"https:\/\/www.hingelaegas.ee\/#website"},"primaryImageOfPage":{"@id":"https:\/\/hingelaegas.ee\/en\/product\/tribal-soul-palo-santo\/#primaryimage"},"image":{"@id":"https:\/\/hingelaegas.ee\/en\/product\/tribal-soul-palo-santo\/#primaryimage"},"thumbnailUrl":"https:\/\/i0.wp.com\/hingelaegas.ee\/wp-content\/uploads\/2020\/12\/tribal-soul_backflow_palo-santo-e1645640067467.png?fit=433%2C433&ssl=1","datePublished":"2020-12-22T16:26:16+00:00","dateModified":"2026-03-19T18:01:58+00:00","description":"Palo Santo viirukikoonustel on soe ja \u00f5rnalt uimastav segu magusast, puidusest ja \u00fcrdisest l\u00f5hnast.Palo Santo ehk hispaaniakeelest t\u00f5lgituna \"p\u00fcha puu\" on tuntud juba iidsetest aegadest kui v\u00e4ga m\u00fcstiline ja maagiline taim.","breadcrumb":{"@id":"https:\/\/hingelaegas.ee\/en\/product\/tribal-soul-palo-santo\/#breadcrumb"},"inLanguage":"en-GB","potentialAction":[{"@type":"ReadAction","target":["https:\/\/hingelaegas.ee\/en\/product\/tribal-soul-palo-santo\/"]}]},{"@type":"ImageObject","inLanguage":"en-GB","@id":"https:\/\/hingelaegas.ee\/en\/product\/tribal-soul-palo-santo\/#primaryimage","url":"https:\/\/i0.wp.com\/hingelaegas.ee\/wp-content\/uploads\/2020\/12\/tribal-soul_backflow_palo-santo-e1645640067467.png?fit=433%2C433&ssl=1","contentUrl":"https:\/\/i0.wp.com\/hingelaegas.ee\/wp-content\/uploads\/2020\/12\/tribal-soul_backflow_palo-santo-e1645640067467.png?fit=433%2C433&ssl=1","width":433,"height":433},{"@type":"BreadcrumbList","@id":"https:\/\/hingelaegas.ee\/en\/product\/tribal-soul-palo-santo\/#breadcrumb","itemListElement":[{"@type":"ListItem","position":1,"name":"Home","item":"https:\/\/www.hingelaegas.ee\/en\/"},{"@type":"ListItem","position":2,"name":"E-POOD","item":"https:\/\/www.hingelaegas.ee\/en\/e-pood\/"},{"@type":"ListItem","position":3,"name":"Tribal Soul, langeva suitsuga viirukikoonused &#8211; Palo Santo"}]},{"@type":"WebSite","@id":"https:\/\/www.hingelaegas.ee\/#website","url":"https:\/\/www.hingelaegas.ee\/","name":"Hingelaegas","description":"For Soul. For Body. For Mind.","publisher":{"@id":"https:\/\/www.hingelaegas.ee\/#organization"},"potentialAction":[{"@type":"SearchAction","target":{"@type":"EntryPoint","urlTemplate":"https:\/\/www.hingelaegas.ee\/?s={search_term_string}"},"query-input":{"@type":"PropertyValueSpecification","valueRequired":true,"valueName":"search_term_string"}}],"inLanguage":"en-GB"},{"@type":"Organization","@id":"https:\/\/www.hingelaegas.ee\/#organization","name":"Hingelaegas O\u00dc","url":"https:\/\/www.hingelaegas.ee\/","logo":{"@type":"ImageObject","inLanguage":"en-GB","@id":"https:\/\/www.hingelaegas.ee\/#\/schema\/logo\/image\/","url":"https:\/\/hingelaegas.ee\/wp-content\/uploads\/2020\/12\/hingelaegas_vaike.png","contentUrl":"https:\/\/hingelaegas.ee\/wp-content\/uploads\/2020\/12\/hingelaegas_vaike.png","width":700,"height":700,"caption":"Hingelaegas O\u00dc"},"image":{"@id":"https:\/\/www.hingelaegas.ee\/#\/schema\/logo\/image\/"}}]}},"acf":[],"jetpack_likes_enabled":false,"jetpack_sharing_enabled":true,"_links":{"self":[{"href":"https:\/\/hingelaegas.ee\/en\/wp-json\/wp\/v2\/product\/2077","targetHints":{"allow":["GET"]}}],"collection":[{"href":"https:\/\/hingelaegas.ee\/en\/wp-json\/wp\/v2\/product"}],"about":[{"href":"https:\/\/hingelaegas.ee\/en\/wp-json\/wp\/v2\/types\/product"}],"replies":[{"embeddable":true,"href":"https:\/\/hingelaegas.ee\/en\/wp-json\/wp\/v2\/comments?post=2077"}],"wp:featuredmedia":[{"embeddable":true,"href":"https:\/\/hingelaegas.ee\/en\/wp-json\/wp\/v2\/media\/4089"}],"wp:attachment":[{"href":"https:\/\/hingelaegas.ee\/en\/wp-json\/wp\/v2\/media?parent=2077"}],"wp:term":[{"taxonomy":"product_brand","embeddable":true,"href":"https:\/\/hingelaegas.ee\/en\/wp-json\/wp\/v2\/product_brand?post=2077"},{"taxonomy":"product_cat","embeddable":true,"href":"https:\/\/hingelaegas.ee\/en\/wp-json\/wp\/v2\/product_cat?post=2077"},{"taxonomy":"product_tag","embeddable":true,"href":"https:\/\/hingelaegas.ee\/en\/wp-json\/wp\/v2\/product_tag?post=2077"}],"curies":[{"name":"wp","href":"https:\/\/api.w.org\/{rel}","templated":true}]}}