{"id":2136,"date":"2020-12-28T14:44:15","date_gmt":"2020-12-28T12:44:15","guid":{"rendered":"https:\/\/hingelaegas.ee\/?post_type=product&#038;p=2136"},"modified":"2025-09-23T15:39:42","modified_gmt":"2025-09-23T12:39:42","slug":"satya-nag-champa","status":"publish","type":"product","link":"https:\/\/hingelaegas.ee\/en\/product\/satya-nag-champa\/","title":{"rendered":"Satya \u2013 Nag Champa"},"content":{"rendered":"<div class=\"lW8rQd\">\n<div class=\"vpx4Fd\">\n<div class=\"pgRvse vdBwhd\">\n<div class=\"lW8rQd\">\n<div class=\"vpx4Fd\">\n<div class=\"pgRvse vdBwhd\">\n<p><strong>Satya incense sticks<\/strong> are made with pure extracts and high quality scented oils. Smoke the incense you like and wait for your home to be filled with these vibrant and energy-boosting aromas. Allow incense smoke to fill your home with a pleasant aroma and create a wonderful atmosphere around you.<\/p>\n<\/div>\n<\/div>\n<\/div>\n<ul>\n<li><strong>Handmade in India.<\/strong><\/li>\n<li>Natural and environmental-friendly.<\/li>\n<li>No child labor.<\/li>\n<li>No ingredients of animal origin.<\/li>\n<li>Does not contain chemical or toxic compounds.<\/li>\n<li>Packaging is made of recycled paper.<\/li>\n<\/ul>\n<dl class=\"horizontal-specific\">\n<dd><\/dd>\n<dd><\/dd>\n<\/dl>\n<\/div>\n<\/div>\n<\/div>\n<p>&nbsp;<\/p>\n<p><strong>Use instructions<\/strong><\/p>\n<p>Place the incense on a suitable incense burner or insert it into an orange or an apple, for example.<\/p>\n<p>Ignite the tip covered with incense, and if the incense tip glows, carefully blow out the flame.<\/p>\n<p>&nbsp;<\/p>\n<p><em><strong>Caution!<\/strong><\/em><\/p>\n<ul>\n<li>Burn only in an open or well-ventilated area.<\/li>\n<li>Avoid direct inhalation of incense smoke.<\/li>\n<li>Use only to scent the room. Do not put incense in your mouth.<\/li>\n<li>The incense must not be left unattended. Make sure that the smoking incense is not close to flammable materials and check that the ash can fall on a suitable (non-flammable) base.<\/li>\n<li>Keep out of reach of children and pets.<\/li>\n<\/ul>\n<p>&nbsp;<\/p>","protected":false},"excerpt":{"rendered":"<p><strong>Satya incense sticks<\/strong> are made from high quality masala based fragrance blends, which are made from natural Indian herbs and fragrance extracts, and rolled by hand on bamboo powder. Even in the oldest scriptures of Hinduism, it has been pointed out that burning incense made with masala removes pollutants and negative energy from the air and creates a pleasant atmosphere around us.<\/p>\n<p>This ancient <b>Nag Champa aroma<\/b> is one of the most popular and beloved incense aromas in the world. This incense blend is the first secret recipe of the family of their founders, which is so good that it has withstood the test of time and is still appreciated nowadays. Nag Champa incense is suitable for use in celebrating or cleansing a room. It is also a good aid for meditation and helps create deep relaxation.<\/p>\n<div class=\"description\">\n<div class=\"description\">\n<div class=\"description\">\n<div class=\"description\">\n<div class=\"p7 c1 ul1 j\">\n<div class=\"description\">\n<div class=\"description\">\n<div class=\"description\">\n<dl class=\"horizontal-specific\">\n<dd>\n<div class=\"description\">\n<div class=\"description\">\n<div class=\"description\">\n<div class=\"description\">\n<div class=\"description\">\n<div class=\"description\">\n<div class=\"description\">\n<p>&nbsp;<\/p>\n<\/div>\n<\/div>\n<\/div>\n<\/div>\n<\/div>\n<\/div>\n<\/div>\n<\/dd>\n<\/dl>\n<\/div>\n<\/div>\n<\/div>\n<\/div>\n<\/div>\n<\/div>\n<\/div>\n<\/div>\n<div class=\"lW8rQd\">\n<div class=\"vpx4Fd\">\n<div class=\"pgRvse vdBwhd\">\n<p><strong>Mood \/ inspiration<\/strong><\/p>\n<p>Both peace and adventure in a foggy morning<\/p>\n<p><strong>Description \/ main notes<\/strong><\/p>\n<p>Harmonizing and powerful. Fresh, woody, but at the same time exotic<\/p>\n<p>&nbsp;<\/p>\n<\/div>\n<\/div>\n<\/div>\n<p>The package contains approx. 15 sticks (weight 15 g).<\/p>\n<p>Burning time: approx. 30 min.<\/p>","protected":false},"featured_media":2137,"comment_status":"open","ping_status":"closed","template":"","meta":{"_monsterinsights_skip_tracking":false,"_monsterinsights_sitenote_active":false,"_monsterinsights_sitenote_note":"","_monsterinsights_sitenote_category":0},"product_brand":[690],"product_cat":[269,97],"product_tag":[170,166,167],"class_list":{"0":"post-2136","1":"product","2":"type-product","3":"status-publish","4":"has-post-thumbnail","6":"product_brand-satya","7":"product_cat-satya","8":"product_cat-viirukipulgad","9":"product_tag-satya","10":"product_tag-viirukid","11":"product_tag-viirukipirrud","13":"first","14":"instock","15":"taxable","16":"shipping-taxable","17":"purchasable","18":"product-type-simple"},"yoast_head":"<!-- This site is optimized with the Yoast SEO plugin v27.3 - https:\/\/yoast.com\/product\/yoast-seo-wordpress\/ -->\n<title>Kvaliteetsed Satya - Nag Champa viirukid - Hingelaegas<\/title>\n<meta name=\"description\" content=\"Nag Champa viiruk sobib kasutamiseks ruumi p\u00fchitsemisel v\u00f5i puhastamisel. Samuti on see hea abivahend mediteerimisel ning aitab tekitada s\u00fcgavat l\u00f5\u00f5gastumist.\" \/>\n<meta name=\"robots\" content=\"index, follow, max-snippet:-1, max-image-preview:large, max-video-preview:-1\" \/>\n<link rel=\"canonical\" href=\"https:\/\/hingelaegas.ee\/en\/product\/satya-nag-champa\/\" \/>\n<meta property=\"og:locale\" content=\"en_GB\" \/>\n<meta property=\"og:type\" content=\"article\" \/>\n<meta property=\"og:title\" content=\"Kvaliteetsed Satya - Nag Champa viirukid - Hingelaegas\" \/>\n<meta property=\"og:description\" content=\"Nag Champa viiruk sobib kasutamiseks ruumi p\u00fchitsemisel v\u00f5i puhastamisel. Samuti on see hea abivahend mediteerimisel ning aitab tekitada s\u00fcgavat l\u00f5\u00f5gastumist.\" \/>\n<meta property=\"og:url\" content=\"https:\/\/hingelaegas.ee\/en\/product\/satya-nag-champa\/\" \/>\n<meta property=\"og:site_name\" content=\"Hingelaegas\" \/>\n<meta property=\"article:modified_time\" content=\"2025-09-23T12:39:42+00:00\" \/>\n<meta property=\"og:image\" content=\"https:\/\/i0.wp.com\/www.hingelaegas.ee\/wp-content\/uploads\/2020\/12\/satya-nag-champa-e1609240314595.png?fit=800%2C800&ssl=1\" \/>\n\t<meta property=\"og:image:width\" content=\"800\" \/>\n\t<meta property=\"og:image:height\" content=\"800\" \/>\n\t<meta property=\"og:image:type\" content=\"image\/png\" \/>\n<meta name=\"twitter:card\" content=\"summary_large_image\" \/>\n<meta name=\"twitter:label1\" content=\"Estimated reading time\" \/>\n\t<meta name=\"twitter:data1\" content=\"1 minute\" \/>\n<script type=\"application\/ld+json\" class=\"yoast-schema-graph\">{\"@context\":\"https:\\\/\\\/schema.org\",\"@graph\":[{\"@type\":\"WebPage\",\"@id\":\"https:\\\/\\\/hingelaegas.ee\\\/en\\\/product\\\/satya-nag-champa\\\/\",\"url\":\"https:\\\/\\\/hingelaegas.ee\\\/en\\\/product\\\/satya-nag-champa\\\/\",\"name\":\"Kvaliteetsed Satya - Nag Champa viirukid - Hingelaegas\",\"isPartOf\":{\"@id\":\"https:\\\/\\\/www.hingelaegas.ee\\\/#website\"},\"primaryImageOfPage\":{\"@id\":\"https:\\\/\\\/hingelaegas.ee\\\/en\\\/product\\\/satya-nag-champa\\\/#primaryimage\"},\"image\":{\"@id\":\"https:\\\/\\\/hingelaegas.ee\\\/en\\\/product\\\/satya-nag-champa\\\/#primaryimage\"},\"thumbnailUrl\":\"https:\\\/\\\/i0.wp.com\\\/hingelaegas.ee\\\/wp-content\\\/uploads\\\/2020\\\/12\\\/satya-nag-champa-e1609240314595.png?fit=800%2C800&ssl=1\",\"datePublished\":\"2020-12-28T12:44:15+00:00\",\"dateModified\":\"2025-09-23T12:39:42+00:00\",\"description\":\"Nag Champa viiruk sobib kasutamiseks ruumi p\u00fchitsemisel v\u00f5i puhastamisel. Samuti on see hea abivahend mediteerimisel ning aitab tekitada s\u00fcgavat l\u00f5\u00f5gastumist.\",\"breadcrumb\":{\"@id\":\"https:\\\/\\\/hingelaegas.ee\\\/en\\\/product\\\/satya-nag-champa\\\/#breadcrumb\"},\"inLanguage\":\"en-GB\",\"potentialAction\":[{\"@type\":\"ReadAction\",\"target\":[\"https:\\\/\\\/hingelaegas.ee\\\/en\\\/product\\\/satya-nag-champa\\\/\"]}]},{\"@type\":\"ImageObject\",\"inLanguage\":\"en-GB\",\"@id\":\"https:\\\/\\\/hingelaegas.ee\\\/en\\\/product\\\/satya-nag-champa\\\/#primaryimage\",\"url\":\"https:\\\/\\\/i0.wp.com\\\/hingelaegas.ee\\\/wp-content\\\/uploads\\\/2020\\\/12\\\/satya-nag-champa-e1609240314595.png?fit=800%2C800&ssl=1\",\"contentUrl\":\"https:\\\/\\\/i0.wp.com\\\/hingelaegas.ee\\\/wp-content\\\/uploads\\\/2020\\\/12\\\/satya-nag-champa-e1609240314595.png?fit=800%2C800&ssl=1\",\"width\":800,\"height\":800},{\"@type\":\"BreadcrumbList\",\"@id\":\"https:\\\/\\\/hingelaegas.ee\\\/en\\\/product\\\/satya-nag-champa\\\/#breadcrumb\",\"itemListElement\":[{\"@type\":\"ListItem\",\"position\":1,\"name\":\"Home\",\"item\":\"https:\\\/\\\/www.hingelaegas.ee\\\/en\\\/\"},{\"@type\":\"ListItem\",\"position\":2,\"name\":\"E-POOD\",\"item\":\"https:\\\/\\\/www.hingelaegas.ee\\\/en\\\/e-pood\\\/\"},{\"@type\":\"ListItem\",\"position\":3,\"name\":\"Satya &#8211; Nag Champa\"}]},{\"@type\":\"WebSite\",\"@id\":\"https:\\\/\\\/www.hingelaegas.ee\\\/#website\",\"url\":\"https:\\\/\\\/www.hingelaegas.ee\\\/\",\"name\":\"Hingelaegas\",\"description\":\"Hingele. Kehale. Vaimule.\",\"publisher\":{\"@id\":\"https:\\\/\\\/www.hingelaegas.ee\\\/#organization\"},\"potentialAction\":[{\"@type\":\"SearchAction\",\"target\":{\"@type\":\"EntryPoint\",\"urlTemplate\":\"https:\\\/\\\/www.hingelaegas.ee\\\/?s={search_term_string}\"},\"query-input\":{\"@type\":\"PropertyValueSpecification\",\"valueRequired\":true,\"valueName\":\"search_term_string\"}}],\"inLanguage\":\"en-GB\"},{\"@type\":\"Organization\",\"@id\":\"https:\\\/\\\/www.hingelaegas.ee\\\/#organization\",\"name\":\"Hingelaegas O\u00dc\",\"url\":\"https:\\\/\\\/www.hingelaegas.ee\\\/\",\"logo\":{\"@type\":\"ImageObject\",\"inLanguage\":\"en-GB\",\"@id\":\"https:\\\/\\\/www.hingelaegas.ee\\\/#\\\/schema\\\/logo\\\/image\\\/\",\"url\":\"https:\\\/\\\/hingelaegas.ee\\\/wp-content\\\/uploads\\\/2020\\\/12\\\/hingelaegas_vaike.png\",\"contentUrl\":\"https:\\\/\\\/hingelaegas.ee\\\/wp-content\\\/uploads\\\/2020\\\/12\\\/hingelaegas_vaike.png\",\"width\":700,\"height\":700,\"caption\":\"Hingelaegas O\u00dc\"},\"image\":{\"@id\":\"https:\\\/\\\/www.hingelaegas.ee\\\/#\\\/schema\\\/logo\\\/image\\\/\"}}]}<\/script>\n<!-- \/ Yoast SEO plugin. -->","yoast_head_json":{"title":"Kvaliteetsed Satya - Nag Champa viirukid - Hingelaegas","description":"Nag Champa viiruk sobib kasutamiseks ruumi p\u00fchitsemisel v\u00f5i puhastamisel. Samuti on see hea abivahend mediteerimisel ning aitab tekitada s\u00fcgavat l\u00f5\u00f5gastumist.","robots":{"index":"index","follow":"follow","max-snippet":"max-snippet:-1","max-image-preview":"max-image-preview:large","max-video-preview":"max-video-preview:-1"},"canonical":"https:\/\/hingelaegas.ee\/en\/product\/satya-nag-champa\/","og_locale":"en_GB","og_type":"article","og_title":"Kvaliteetsed Satya - Nag Champa viirukid - Hingelaegas","og_description":"Nag Champa viiruk sobib kasutamiseks ruumi p\u00fchitsemisel v\u00f5i puhastamisel. Samuti on see hea abivahend mediteerimisel ning aitab tekitada s\u00fcgavat l\u00f5\u00f5gastumist.","og_url":"https:\/\/hingelaegas.ee\/en\/product\/satya-nag-champa\/","og_site_name":"Hingelaegas","article_modified_time":"2025-09-23T12:39:42+00:00","og_image":[{"width":800,"height":800,"url":"https:\/\/i0.wp.com\/www.hingelaegas.ee\/wp-content\/uploads\/2020\/12\/satya-nag-champa-e1609240314595.png?fit=800%2C800&ssl=1","type":"image\/png"}],"twitter_card":"summary_large_image","twitter_misc":{"Estimated reading time":"1 minute"},"schema":{"@context":"https:\/\/schema.org","@graph":[{"@type":"WebPage","@id":"https:\/\/hingelaegas.ee\/en\/product\/satya-nag-champa\/","url":"https:\/\/hingelaegas.ee\/en\/product\/satya-nag-champa\/","name":"Kvaliteetsed Satya - Nag Champa viirukid - Hingelaegas","isPartOf":{"@id":"https:\/\/www.hingelaegas.ee\/#website"},"primaryImageOfPage":{"@id":"https:\/\/hingelaegas.ee\/en\/product\/satya-nag-champa\/#primaryimage"},"image":{"@id":"https:\/\/hingelaegas.ee\/en\/product\/satya-nag-champa\/#primaryimage"},"thumbnailUrl":"https:\/\/i0.wp.com\/hingelaegas.ee\/wp-content\/uploads\/2020\/12\/satya-nag-champa-e1609240314595.png?fit=800%2C800&ssl=1","datePublished":"2020-12-28T12:44:15+00:00","dateModified":"2025-09-23T12:39:42+00:00","description":"Nag Champa viiruk sobib kasutamiseks ruumi p\u00fchitsemisel v\u00f5i puhastamisel. Samuti on see hea abivahend mediteerimisel ning aitab tekitada s\u00fcgavat l\u00f5\u00f5gastumist.","breadcrumb":{"@id":"https:\/\/hingelaegas.ee\/en\/product\/satya-nag-champa\/#breadcrumb"},"inLanguage":"en-GB","potentialAction":[{"@type":"ReadAction","target":["https:\/\/hingelaegas.ee\/en\/product\/satya-nag-champa\/"]}]},{"@type":"ImageObject","inLanguage":"en-GB","@id":"https:\/\/hingelaegas.ee\/en\/product\/satya-nag-champa\/#primaryimage","url":"https:\/\/i0.wp.com\/hingelaegas.ee\/wp-content\/uploads\/2020\/12\/satya-nag-champa-e1609240314595.png?fit=800%2C800&ssl=1","contentUrl":"https:\/\/i0.wp.com\/hingelaegas.ee\/wp-content\/uploads\/2020\/12\/satya-nag-champa-e1609240314595.png?fit=800%2C800&ssl=1","width":800,"height":800},{"@type":"BreadcrumbList","@id":"https:\/\/hingelaegas.ee\/en\/product\/satya-nag-champa\/#breadcrumb","itemListElement":[{"@type":"ListItem","position":1,"name":"Home","item":"https:\/\/www.hingelaegas.ee\/en\/"},{"@type":"ListItem","position":2,"name":"E-POOD","item":"https:\/\/www.hingelaegas.ee\/en\/e-pood\/"},{"@type":"ListItem","position":3,"name":"Satya &#8211; Nag Champa"}]},{"@type":"WebSite","@id":"https:\/\/www.hingelaegas.ee\/#website","url":"https:\/\/www.hingelaegas.ee\/","name":"Hingelaegas","description":"For Soul. For Body. For Mind.","publisher":{"@id":"https:\/\/www.hingelaegas.ee\/#organization"},"potentialAction":[{"@type":"SearchAction","target":{"@type":"EntryPoint","urlTemplate":"https:\/\/www.hingelaegas.ee\/?s={search_term_string}"},"query-input":{"@type":"PropertyValueSpecification","valueRequired":true,"valueName":"search_term_string"}}],"inLanguage":"en-GB"},{"@type":"Organization","@id":"https:\/\/www.hingelaegas.ee\/#organization","name":"Hingelaegas O\u00dc","url":"https:\/\/www.hingelaegas.ee\/","logo":{"@type":"ImageObject","inLanguage":"en-GB","@id":"https:\/\/www.hingelaegas.ee\/#\/schema\/logo\/image\/","url":"https:\/\/hingelaegas.ee\/wp-content\/uploads\/2020\/12\/hingelaegas_vaike.png","contentUrl":"https:\/\/hingelaegas.ee\/wp-content\/uploads\/2020\/12\/hingelaegas_vaike.png","width":700,"height":700,"caption":"Hingelaegas O\u00dc"},"image":{"@id":"https:\/\/www.hingelaegas.ee\/#\/schema\/logo\/image\/"}}]}},"acf":[],"jetpack_likes_enabled":false,"jetpack_sharing_enabled":true,"_links":{"self":[{"href":"https:\/\/hingelaegas.ee\/en\/wp-json\/wp\/v2\/product\/2136","targetHints":{"allow":["GET"]}}],"collection":[{"href":"https:\/\/hingelaegas.ee\/en\/wp-json\/wp\/v2\/product"}],"about":[{"href":"https:\/\/hingelaegas.ee\/en\/wp-json\/wp\/v2\/types\/product"}],"replies":[{"embeddable":true,"href":"https:\/\/hingelaegas.ee\/en\/wp-json\/wp\/v2\/comments?post=2136"}],"wp:featuredmedia":[{"embeddable":true,"href":"https:\/\/hingelaegas.ee\/en\/wp-json\/wp\/v2\/media\/2137"}],"wp:attachment":[{"href":"https:\/\/hingelaegas.ee\/en\/wp-json\/wp\/v2\/media?parent=2136"}],"wp:term":[{"taxonomy":"product_brand","embeddable":true,"href":"https:\/\/hingelaegas.ee\/en\/wp-json\/wp\/v2\/product_brand?post=2136"},{"taxonomy":"product_cat","embeddable":true,"href":"https:\/\/hingelaegas.ee\/en\/wp-json\/wp\/v2\/product_cat?post=2136"},{"taxonomy":"product_tag","embeddable":true,"href":"https:\/\/hingelaegas.ee\/en\/wp-json\/wp\/v2\/product_tag?post=2136"}],"curies":[{"name":"wp","href":"https:\/\/api.w.org\/{rel}","templated":true}]}}