{"id":2393,"date":"2021-01-22T08:32:46","date_gmt":"2021-01-22T06:32:46","guid":{"rendered":"https:\/\/hingelaegas.ee\/?post_type=product&#038;p=2393"},"modified":"2024-08-12T12:19:00","modified_gmt":"2024-08-12T09:19:00","slug":"kaevoru-armastus-hobe-925","status":"publish","type":"product","link":"https:\/\/hingelaegas.ee\/en\/product\/kaevoru-armastus-hobe-925\/","title":{"rendered":"Bracelet \"Love\", rose quartz &amp; rhodonite, sterling silver (925)"},"content":{"rendered":"<h1>Rose quartz<\/h1>\n<p><strong>Main properties:<\/strong> creativity, love, relationships, joy, empathy, physical healing, anxiety reduction, relaxation, calming-down, patience<\/p>\n<p><strong>Chakras: <\/strong>heart chakra<\/p>\n<p><strong>Zodiac signs:<\/strong> Taurus, Libra, Scorpio<\/p>\n<p><strong>Numerology:<\/strong> number 7<\/p>\n<div class=\"tag text-center text-dark\">\n<p class=\"tag text-center text-dark\">Rose quartz is a stone of unconditional love and endless peace. It is the most renowned (and also the most important!) stone of the heart chakra, because it teaches the true nature of love. It cleanses and opens the heart to all levels, and brings a deep internal healing and self-love.<\/p>\n<p>Rose quartz aids in attracting love. By teaching us how to love and respect ourselves, it helps attract it even more through the inner love we exude. But at the same time, it\u2019s wise to be cautious in attracting love as rose quartz has really effective magnetism that often needs the help of amethyst to bring the equilibrium. In established relationships, this crystal helps restore trust and harmony, and encourages unconditional love.<\/p>\n<p>Rose quartz removes negative energy and replaces it with the vibrations of love. It strengthens empathy and sensitivity, and helps come to terms with necessary changes. It promotes receptivity to all kinds of beauty.<\/p>\n<\/div>\n<h5>Health and Healing<\/h5>\n<p><strong>Emotionally,\u00a0<\/strong>rose quartz is the most refined healer. By releasing heartache and emotions that have not been expressed, and transfiguring useless emotional states, it relieves inner pain and helps overcome loss. If you\u2019ve never been in love, rose quartz opens up your heart so that you\u2019d become receptive to romance. But if you\u2019ve been in love and left broken-hearted, it brings solace and helps relieve the grief. Above all, rose quartz teaches you to love yourself. You can\u2019t receive nor give love if you don\u2019t know how to give it to yourself first. This stone helps in forgiving and coming to terms with yourself, and strengthens self-esteem and confidence.<\/p>\n<p><strong>Physically,\u00a0<\/strong>rose quartz strengthens the heart and blood circulation, and gets rid of impure bodily fluids. When placed on thymus, this stone aids in problems with chest and lungs. Heals kidneys and adrenals, and alleviates dizziness. Allegedly, it also enhances fertility. Heals burns and blisters, and corrects complexion. It is also helpful to people with Alzheimer\u2019s and Parkinson\u2019s diseases as well as senility.<\/p>\n<h1>Rhodonite<\/h1>\n<p><strong>Main properties:<\/strong> forgiveness, love, emotional healing, empathy, trust, strength, vitality, willpower, commitment<\/p>\n<p><strong>Chakras: <\/strong>heart chakra<\/p>\n<p><strong>Zodiac signs:<\/strong> Taurus, Cancer, Scorpio, Aries<\/p>\n<p><strong>Numerology:<\/strong> number 9<\/p>\n<p>Rhodonite balances emotions - nourishes love and creates a sense of collective togetherness. This crystal stimulates, cleanses and activates the heart and heart chakra. Grounds energy, balances female (<em>yin<\/em>) and male energies (<em>yang<\/em>) and helps achieve the carriers's highest potential.<\/p>\n<p>This crystal acts as an excellent first aid stone - it heals emotional shock and relieves panic by lending its supporting energy to the Soul. Extremely helpful in cases of emotional self-destruction, addiction and harassment. Rhodonite helps heal wounds of the past. The stone brings out the old hurtful energies, helping to bring forgiveness and release. Only by forgiving can we move forward in life.<\/p>\n<p>Sometimes we blame our partner for our mistakes - we project them what bothers us in ourselves, and the partner simply reflects it back to us. In this case, rhodonite helps increase self-love and acceptance, and self-forgiveness. Only by truly loving ourselves can we love others.<\/p>\n<p>Rhodonite helps balance the desire for getting even and revenge. This is a very powerful negative energy, and rhodonite helps maintain peace, even in difficult situations, and does not allow revenge to take a path towards self-destruction. Rhodonite helps release fears which are expressed through toxic emotions, such as anger, jealousy, dissatisfaction, or resentment.<\/p>\n<p>Rhodonite helps build trust and relieves confusion.<\/p>\n<h5>Health and Healing<\/h5>\n<p><strong>Mentally, <\/strong>it activates the pineal gland and strengthens intuition. Aligns the chakras and removes blockages to release and promote energy flow in the chakras.<\/p>\n<p><strong>Emotionally,<\/strong> helps heal past wounds and frustrations. Brings reconciliation and forgiveness. An excellent stone for emotional healing.<\/p>\n<p><strong>Physically,<\/strong> rhodonite is an excellent wound healer, it also relieves insect bites. Can smooth scars. Has a good effect on bone growth and auditory organs, by fine-tuning audible vibrations, and it also stimulates fertility. Rhodonite helps treat and relieve the symptoms of emphysema, rheumatism, arthritis, autoimmune diseases, stomach ulcers and multiple sclerosis. Rhodonite elixir can be used as a restorative medicine after shock or trauma.<\/p>","protected":false},"excerpt":{"rendered":"<p><strong>Rose quartz<\/strong> aids in attracting love. By teaching us how to love and respect ourselves, it helps attract it even more through the inner love we exude. In established relationships, this crystal helps restore trust and harmony, and encourages unconditional love.<\/p>\n<p><b>Rhodonite<\/b>\u00a0balances emotions - nourishes love and builds trust. Activates the heart chakra. Helps increase self-love and acceptance, and forgiveness for oneself. Only by truly loving ourselves can we love others. Rhodonite also helps heal past wounds by helping to bring forgiveness and release. Only by forgiving can we move forward in life.<\/p>\n<p><strong>Silver<\/strong> is a great healer, especially when it is in direct contact with the body. Scientists have found that silver kills harmful microorganisms living in water and air while maintaining benefic ones.<\/p>\n<ul>\n<li>Handcrafted by Hingelaegas<\/li>\n<li>Material: sterling silver (925), rose quartz (6-8 mm), rhodonite (6 mm)<\/li>\n<li>Length of bracelet: <i>~<\/i>18 cm, including extension <i>~<\/i>21 cm<\/li>\n<li>The diameter of the bracelet can be extended by a chain extension. The diameter varies from 50 to 75 mm.<\/li>\n<li>Weight: 11.7 g<\/li>\n<li>Jewelry is delivered in a cream-colored <strong>velvet gift bag<\/strong><\/li>\n<\/ul>","protected":false},"featured_media":2394,"comment_status":"open","ping_status":"closed","template":"","meta":{"_monsterinsights_skip_tracking":false,"_monsterinsights_sitenote_active":false,"_monsterinsights_sitenote_note":"","_monsterinsights_sitenote_category":0},"product_brand":[],"product_cat":[80],"product_tag":[303,315,301,184,77,462,76],"class_list":{"0":"post-2393","1":"product","2":"type-product","3":"status-publish","4":"has-post-thumbnail","6":"product_cat-hobedast-kasitooehted","7":"product_tag-hobe-925","8":"product_tag-kaevoru","9":"product_tag-kasitooehted","10":"product_tag-poolvaariskivid","11":"product_tag-reiki","12":"product_tag-rodoniit","13":"product_tag-roosa-kvarts","15":"first","16":"outofstock","17":"taxable","18":"shipping-taxable","19":"purchasable","20":"product-type-simple"},"yoast_head":"<!-- This site is optimized with the Yoast SEO plugin v27.4 - https:\/\/yoast.com\/product\/yoast-seo-wordpress\/ -->\n<title>K\u00e4ev\u00f5ru &quot;Armastus&quot;, roosa kvarts &amp; rodoniit, h\u00f5be 925 - Hingelaegas<\/title>\n<meta name=\"description\" content=\"Roosa kvarts aitab ligi t\u00f5mmata armastust ning leppida vajalike muutustega. Rodoniit toob meis esile armastust ja andestust ning loob usaldust.\" \/>\n<meta name=\"robots\" content=\"index, follow, max-snippet:-1, max-image-preview:large, max-video-preview:-1\" \/>\n<link rel=\"canonical\" href=\"https:\/\/hingelaegas.ee\/en\/product\/kaevoru-armastus-hobe-925\/\" \/>\n<meta property=\"og:locale\" content=\"en_GB\" \/>\n<meta property=\"og:type\" content=\"article\" \/>\n<meta property=\"og:title\" content=\"K\u00e4ev\u00f5ru &quot;Armastus&quot;, roosa kvarts &amp; rodoniit, h\u00f5be 925 - Hingelaegas\" \/>\n<meta property=\"og:description\" content=\"Roosa kvarts aitab ligi t\u00f5mmata armastust ning leppida vajalike muutustega. Rodoniit toob meis esile armastust ja andestust ning loob usaldust.\" \/>\n<meta property=\"og:url\" content=\"https:\/\/hingelaegas.ee\/en\/product\/kaevoru-armastus-hobe-925\/\" \/>\n<meta property=\"og:site_name\" content=\"Hingelaegas\" \/>\n<meta property=\"article:modified_time\" content=\"2024-08-12T09:19:00+00:00\" \/>\n<meta property=\"og:image\" content=\"https:\/\/i0.wp.com\/www.hingelaegas.ee\/wp-content\/uploads\/2021\/01\/IMG_20210119_193903-scaled.jpg?fit=2560%2C2560&ssl=1\" \/>\n\t<meta property=\"og:image:width\" content=\"2560\" \/>\n\t<meta property=\"og:image:height\" content=\"2560\" \/>\n\t<meta property=\"og:image:type\" content=\"image\/jpeg\" \/>\n<meta name=\"twitter:card\" content=\"summary_large_image\" \/>\n<meta name=\"twitter:label1\" content=\"Estimated reading time\" \/>\n\t<meta name=\"twitter:data1\" content=\"3 minutes\" \/>\n<script type=\"application\/ld+json\" class=\"yoast-schema-graph\">{\"@context\":\"https:\\\/\\\/schema.org\",\"@graph\":[{\"@type\":\"WebPage\",\"@id\":\"https:\\\/\\\/hingelaegas.ee\\\/product\\\/kaevoru-armastus-hobe-925\\\/\",\"url\":\"https:\\\/\\\/hingelaegas.ee\\\/product\\\/kaevoru-armastus-hobe-925\\\/\",\"name\":\"K\u00e4ev\u00f5ru \\\"Armastus\\\", roosa kvarts & rodoniit, h\u00f5be 925 - Hingelaegas\",\"isPartOf\":{\"@id\":\"https:\\\/\\\/hingelaegas.ee\\\/en\\\/#website\"},\"primaryImageOfPage\":{\"@id\":\"https:\\\/\\\/hingelaegas.ee\\\/product\\\/kaevoru-armastus-hobe-925\\\/#primaryimage\"},\"image\":{\"@id\":\"https:\\\/\\\/hingelaegas.ee\\\/product\\\/kaevoru-armastus-hobe-925\\\/#primaryimage\"},\"thumbnailUrl\":\"https:\\\/\\\/i0.wp.com\\\/hingelaegas.ee\\\/wp-content\\\/uploads\\\/2021\\\/01\\\/IMG_20210119_193903-scaled.jpg?fit=2560%2C2560&ssl=1\",\"datePublished\":\"2021-01-22T06:32:46+00:00\",\"dateModified\":\"2024-08-12T09:19:00+00:00\",\"description\":\"Roosa kvarts aitab ligi t\u00f5mmata armastust ning leppida vajalike muutustega. Rodoniit toob meis esile armastust ja andestust ning loob usaldust.\",\"breadcrumb\":{\"@id\":\"https:\\\/\\\/hingelaegas.ee\\\/product\\\/kaevoru-armastus-hobe-925\\\/#breadcrumb\"},\"inLanguage\":\"en-GB\",\"potentialAction\":[{\"@type\":\"ReadAction\",\"target\":[\"https:\\\/\\\/hingelaegas.ee\\\/product\\\/kaevoru-armastus-hobe-925\\\/\"]}]},{\"@type\":\"ImageObject\",\"inLanguage\":\"en-GB\",\"@id\":\"https:\\\/\\\/hingelaegas.ee\\\/product\\\/kaevoru-armastus-hobe-925\\\/#primaryimage\",\"url\":\"https:\\\/\\\/i0.wp.com\\\/hingelaegas.ee\\\/wp-content\\\/uploads\\\/2021\\\/01\\\/IMG_20210119_193903-scaled.jpg?fit=2560%2C2560&ssl=1\",\"contentUrl\":\"https:\\\/\\\/i0.wp.com\\\/hingelaegas.ee\\\/wp-content\\\/uploads\\\/2021\\\/01\\\/IMG_20210119_193903-scaled.jpg?fit=2560%2C2560&ssl=1\",\"width\":2560,\"height\":2560,\"caption\":\"edf_vivi\"},{\"@type\":\"BreadcrumbList\",\"@id\":\"https:\\\/\\\/hingelaegas.ee\\\/product\\\/kaevoru-armastus-hobe-925\\\/#breadcrumb\",\"itemListElement\":[{\"@type\":\"ListItem\",\"position\":1,\"name\":\"Home\",\"item\":\"https:\\\/\\\/hingelaegas.ee\\\/en\\\/\"},{\"@type\":\"ListItem\",\"position\":2,\"name\":\"E-POOD\",\"item\":\"https:\\\/\\\/hingelaegas.ee\\\/en\\\/e-pood\\\/\"},{\"@type\":\"ListItem\",\"position\":3,\"name\":\"K\u00e4ev\u00f5ru &#8220;Armastus&#8221;, roosa kvarts &#038; rodoniit, h\u00f5be 925\"}]},{\"@type\":\"WebSite\",\"@id\":\"https:\\\/\\\/hingelaegas.ee\\\/en\\\/#website\",\"url\":\"https:\\\/\\\/hingelaegas.ee\\\/en\\\/\",\"name\":\"Hingelaegas\",\"description\":\"Hingele. Kehale. Vaimule.\",\"publisher\":{\"@id\":\"https:\\\/\\\/hingelaegas.ee\\\/en\\\/#organization\"},\"potentialAction\":[{\"@type\":\"SearchAction\",\"target\":{\"@type\":\"EntryPoint\",\"urlTemplate\":\"https:\\\/\\\/hingelaegas.ee\\\/en\\\/?s={search_term_string}\"},\"query-input\":{\"@type\":\"PropertyValueSpecification\",\"valueRequired\":true,\"valueName\":\"search_term_string\"}}],\"inLanguage\":\"en-GB\"},{\"@type\":\"Organization\",\"@id\":\"https:\\\/\\\/hingelaegas.ee\\\/en\\\/#organization\",\"name\":\"Hingelaegas O\u00dc\",\"url\":\"https:\\\/\\\/hingelaegas.ee\\\/en\\\/\",\"logo\":{\"@type\":\"ImageObject\",\"inLanguage\":\"en-GB\",\"@id\":\"https:\\\/\\\/hingelaegas.ee\\\/en\\\/#\\\/schema\\\/logo\\\/image\\\/\",\"url\":\"https:\\\/\\\/hingelaegas.ee\\\/wp-content\\\/uploads\\\/2020\\\/12\\\/hingelaegas_vaike.png\",\"contentUrl\":\"https:\\\/\\\/hingelaegas.ee\\\/wp-content\\\/uploads\\\/2020\\\/12\\\/hingelaegas_vaike.png\",\"width\":700,\"height\":700,\"caption\":\"Hingelaegas O\u00dc\"},\"image\":{\"@id\":\"https:\\\/\\\/hingelaegas.ee\\\/en\\\/#\\\/schema\\\/logo\\\/image\\\/\"}}]}<\/script>\n<!-- \/ Yoast SEO plugin. -->","yoast_head_json":{"title":"K\u00e4ev\u00f5ru \"Armastus\", roosa kvarts & rodoniit, h\u00f5be 925 - Hingelaegas","description":"Roosa kvarts aitab ligi t\u00f5mmata armastust ning leppida vajalike muutustega. Rodoniit toob meis esile armastust ja andestust ning loob usaldust.","robots":{"index":"index","follow":"follow","max-snippet":"max-snippet:-1","max-image-preview":"max-image-preview:large","max-video-preview":"max-video-preview:-1"},"canonical":"https:\/\/hingelaegas.ee\/en\/product\/kaevoru-armastus-hobe-925\/","og_locale":"en_GB","og_type":"article","og_title":"K\u00e4ev\u00f5ru \"Armastus\", roosa kvarts & rodoniit, h\u00f5be 925 - Hingelaegas","og_description":"Roosa kvarts aitab ligi t\u00f5mmata armastust ning leppida vajalike muutustega. Rodoniit toob meis esile armastust ja andestust ning loob usaldust.","og_url":"https:\/\/hingelaegas.ee\/en\/product\/kaevoru-armastus-hobe-925\/","og_site_name":"Hingelaegas","article_modified_time":"2024-08-12T09:19:00+00:00","og_image":[{"width":2560,"height":2560,"url":"https:\/\/i0.wp.com\/www.hingelaegas.ee\/wp-content\/uploads\/2021\/01\/IMG_20210119_193903-scaled.jpg?fit=2560%2C2560&ssl=1","type":"image\/jpeg"}],"twitter_card":"summary_large_image","twitter_misc":{"Estimated reading time":"3 minutes"},"schema":{"@context":"https:\/\/schema.org","@graph":[{"@type":"WebPage","@id":"https:\/\/hingelaegas.ee\/product\/kaevoru-armastus-hobe-925\/","url":"https:\/\/hingelaegas.ee\/product\/kaevoru-armastus-hobe-925\/","name":"K\u00e4ev\u00f5ru \"Armastus\", roosa kvarts & rodoniit, h\u00f5be 925 - Hingelaegas","isPartOf":{"@id":"https:\/\/hingelaegas.ee\/en\/#website"},"primaryImageOfPage":{"@id":"https:\/\/hingelaegas.ee\/product\/kaevoru-armastus-hobe-925\/#primaryimage"},"image":{"@id":"https:\/\/hingelaegas.ee\/product\/kaevoru-armastus-hobe-925\/#primaryimage"},"thumbnailUrl":"https:\/\/i0.wp.com\/hingelaegas.ee\/wp-content\/uploads\/2021\/01\/IMG_20210119_193903-scaled.jpg?fit=2560%2C2560&ssl=1","datePublished":"2021-01-22T06:32:46+00:00","dateModified":"2024-08-12T09:19:00+00:00","description":"Roosa kvarts aitab ligi t\u00f5mmata armastust ning leppida vajalike muutustega. Rodoniit toob meis esile armastust ja andestust ning loob usaldust.","breadcrumb":{"@id":"https:\/\/hingelaegas.ee\/product\/kaevoru-armastus-hobe-925\/#breadcrumb"},"inLanguage":"en-GB","potentialAction":[{"@type":"ReadAction","target":["https:\/\/hingelaegas.ee\/product\/kaevoru-armastus-hobe-925\/"]}]},{"@type":"ImageObject","inLanguage":"en-GB","@id":"https:\/\/hingelaegas.ee\/product\/kaevoru-armastus-hobe-925\/#primaryimage","url":"https:\/\/i0.wp.com\/hingelaegas.ee\/wp-content\/uploads\/2021\/01\/IMG_20210119_193903-scaled.jpg?fit=2560%2C2560&ssl=1","contentUrl":"https:\/\/i0.wp.com\/hingelaegas.ee\/wp-content\/uploads\/2021\/01\/IMG_20210119_193903-scaled.jpg?fit=2560%2C2560&ssl=1","width":2560,"height":2560,"caption":"edf_vivi"},{"@type":"BreadcrumbList","@id":"https:\/\/hingelaegas.ee\/product\/kaevoru-armastus-hobe-925\/#breadcrumb","itemListElement":[{"@type":"ListItem","position":1,"name":"Home","item":"https:\/\/hingelaegas.ee\/en\/"},{"@type":"ListItem","position":2,"name":"E-POOD","item":"https:\/\/hingelaegas.ee\/en\/e-pood\/"},{"@type":"ListItem","position":3,"name":"K\u00e4ev\u00f5ru &#8220;Armastus&#8221;, roosa kvarts &#038; rodoniit, h\u00f5be 925"}]},{"@type":"WebSite","@id":"https:\/\/hingelaegas.ee\/en\/#website","url":"https:\/\/hingelaegas.ee\/en\/","name":"Hingelaegas","description":"For Soul. For Body. For Mind.","publisher":{"@id":"https:\/\/hingelaegas.ee\/en\/#organization"},"potentialAction":[{"@type":"SearchAction","target":{"@type":"EntryPoint","urlTemplate":"https:\/\/hingelaegas.ee\/en\/?s={search_term_string}"},"query-input":{"@type":"PropertyValueSpecification","valueRequired":true,"valueName":"search_term_string"}}],"inLanguage":"en-GB"},{"@type":"Organization","@id":"https:\/\/hingelaegas.ee\/en\/#organization","name":"Hingelaegas O\u00dc","url":"https:\/\/hingelaegas.ee\/en\/","logo":{"@type":"ImageObject","inLanguage":"en-GB","@id":"https:\/\/hingelaegas.ee\/en\/#\/schema\/logo\/image\/","url":"https:\/\/hingelaegas.ee\/wp-content\/uploads\/2020\/12\/hingelaegas_vaike.png","contentUrl":"https:\/\/hingelaegas.ee\/wp-content\/uploads\/2020\/12\/hingelaegas_vaike.png","width":700,"height":700,"caption":"Hingelaegas O\u00dc"},"image":{"@id":"https:\/\/hingelaegas.ee\/en\/#\/schema\/logo\/image\/"}}]}},"acf":[],"jetpack_likes_enabled":false,"jetpack_sharing_enabled":true,"_links":{"self":[{"href":"https:\/\/hingelaegas.ee\/en\/wp-json\/wp\/v2\/product\/2393","targetHints":{"allow":["GET"]}}],"collection":[{"href":"https:\/\/hingelaegas.ee\/en\/wp-json\/wp\/v2\/product"}],"about":[{"href":"https:\/\/hingelaegas.ee\/en\/wp-json\/wp\/v2\/types\/product"}],"replies":[{"embeddable":true,"href":"https:\/\/hingelaegas.ee\/en\/wp-json\/wp\/v2\/comments?post=2393"}],"wp:featuredmedia":[{"embeddable":true,"href":"https:\/\/hingelaegas.ee\/en\/wp-json\/wp\/v2\/media\/2394"}],"wp:attachment":[{"href":"https:\/\/hingelaegas.ee\/en\/wp-json\/wp\/v2\/media?parent=2393"}],"wp:term":[{"taxonomy":"product_brand","embeddable":true,"href":"https:\/\/hingelaegas.ee\/en\/wp-json\/wp\/v2\/product_brand?post=2393"},{"taxonomy":"product_cat","embeddable":true,"href":"https:\/\/hingelaegas.ee\/en\/wp-json\/wp\/v2\/product_cat?post=2393"},{"taxonomy":"product_tag","embeddable":true,"href":"https:\/\/hingelaegas.ee\/en\/wp-json\/wp\/v2\/product_tag?post=2393"}],"curies":[{"name":"wp","href":"https:\/\/api.w.org\/{rel}","templated":true}]}}