{"id":2523,"date":"2021-02-17T13:10:35","date_gmt":"2021-02-17T10:10:35","guid":{"rendered":"https:\/\/hingelaegas.ee\/?post_type=product&#038;p=2523"},"modified":"2025-08-11T17:40:11","modified_gmt":"2025-08-11T14:40:11","slug":"eukalupt-eeterlik-oli","status":"publish","type":"product","link":"https:\/\/hingelaegas.ee\/en\/product\/eukalupt-eeterlik-oli\/","title":{"rendered":"Eucalyptus essential oil"},"content":{"rendered":"<h1>Eucalyptus<\/h1>\n<h4><strong>Origin and background<\/strong><\/h4>\n<p>Eucalyptus essential oil which is made from the eucalyptus tree <em>Eucalyptus globulus<\/em>, is the most widely used eucalyptus oil.<\/p>\n<p><em>Eucalyptus globulus<\/em> is a tree that usually grows to a height of 45 m. However, depending on the growing conditions, sometimes only the stunted shrub can be grown or, in ideal conditions, grow to a height of 90-100 m. This type of eucalyptus tree is also called the blue gum tree and is one of the most extensively planted eucalyptus trees as it grows rapidly and adapts well to a variety of conditions. It is particularly well suited to countries with a Mediterranean-type climate, but also grows well at high altitudes in tropical climates.<\/p>\n<h4><strong>Properties<\/strong><\/h4>\n<h5>Aromatic properties<\/h5>\n<p>The minty, sharp, clean and herbal aroma of eucalyptus oil acts as an excellent insect repellent. In addition, its crisp aroma helps relieve all kinds of respiratory ailments (see below).<\/p>\n<p>When used by inhalation in an oil burner or aroma diffuser, it promotes activity, vitality, and energy.<\/p>\n<h5>Healing properties<\/h5>\n<p>Eucalyptus essential oil has antibacterial, disinfectant, and analgesic effects. It is mainly known for its excellent properties in relieving various respiratory problems, including nasal congestion, colds, flu, fever, and bronchitis.<\/p>\n<p>The good properties of this oil also come to the fore, for example, in massage or just applying it on the skin to relieve muscle and joint pain and arthritis. Also helps heal wounds, burns, ulcers, and insect bites.<\/p>\n<p>Eucalyptus oil has a good disinfectant and cleansing effect. Australian aborigines used eucalyptus leaves to treat wounds and prevent infection. Today, essential oil diluted in a carrier oil can be used to treat skin inflammations and promote healing. A good way is to add a few drops of essential oil to your cream or ointment. The latter can be used for minor burns or other injuries that can be treated with home remedies and do not require a doctor's appointment.<\/p>\n<p>Eucalyptus essential oil helps control blood sugar. Eucalyptus oil is attributed to lowering blood sugar levels, making it a very beneficial oil for diabetics. Although no fundamental research has been done on this at the moment, it means that scientists have not yet understood how this essential oil works in this area. Until this is further investigated, researchers recommend that people taking antidiabetic drugs monitor their blood sugar levels closely when using eucalyptus oil.<\/p>\n<p>The anti-inflammatory properties of eucalyptus may relieve the symptoms of herpes. Applying eucalyptus oil to the blister can reduce pain and speed up the healing process.<\/p>\n<p>Eucalyptus essential oil is also a great breath freshener. Due to its antibacterial properties, it can effectively kill microbes that cause bad breath. Some mouthwashes and toothpastes also contain eucalyptus essential oil as one of the active ingredients. It is thought that eucalyptus products can help prevent plaque from accumulating on teeth and gums by attacking the bacteria that cause decay.<\/p>\n<p>Eucalyptus oil (like other essential oils) must not be swallowed.<\/p>\n<h4><strong>Recommended uses<\/strong><\/h4>\n<p><span style=\"text-decoration: underline;\">Topical<\/span><\/p>\n<div id=\"pageBodyContent\">\n<div class=\"pagewrapper\">\n<div class=\"pagemain\">\n<div class=\"pagecontent web-content\">\n<div class=\"content-container\">\n<section id=\"s3\" class=\"product-content-section c50 closed\">\n<div class=\"product-content-container c50\">\n<div class=\"product-content c50 child-spacing\">\n<div class=\"list-block c83\">\n<ul class=\"c83\">\n<li class=\"c83\">It is recommended to use essential oils and their blends in a diluted form. Especially for sensitive and gentle skin. This means adding a small amount of water or carrier oil before applying it to the skin. The blend can be placed, for example, in a roll-on bottle that is convenient to carry along and can be used at any convenient time.<\/li>\n<li class=\"c83\">Can also be added to a neutral unscented cream, lotion, or liquid soap to achieve radiant and healthy skin.<\/li>\n<\/ul>\n<\/div>\n<div class=\"list-block c83\">\n<div class=\"heading c83\"><u>Aromatic<\/u><\/div>\n<\/div>\n<div class=\"list-block c83\">\n<ul class=\"c83\">\n<li class=\"c83\">Can be used in an aroma diffuser both at home or in the office to create a pleasant and cozy atmosphere that relaxes the senses and creates a pleasant aroma around you.<\/li>\n<li>It can also be added to an oil burner. Don't forget to add water to the oil burner and then drip in the essential oil! Pure essential oil is too strong and has a faint odor.<\/li>\n<li>Can be added to hot bath water and enjoy an aromatic mini-vacation in the middle of everyday life or at the end of a busy week.<\/li>\n<li class=\"c83\">Combine it with other compatible oils (see recommendations below) in a diffuser or bath water.<\/li>\n<li>Can be diluted in the spray bottle with water and spray it at home, in the office, or just to refresh your bed linen.<\/li>\n<\/ul>\n<h4><strong>Compatibility with other essential oils<\/strong><\/h4>\n<\/div>\n<div>\n<p>Basil, lavender, citronella, cedarwood, tea tree, spearmint, ginger, frankincense, lemon.<\/p>\n<p>&nbsp;<\/p>\n<\/div>\n<p>You can read more about aromatherapy and essential oils from <a href=\"https:\/\/hingelaegas.ee\/blogi\/aroomiteraapia-ja-eeterlike-olide-kasulikud-omadused-ning-kasutamine\/\"><strong>here<\/strong><\/a>.<\/p>\n<p>&nbsp;<\/p>\n<\/div>\n<\/div>\n<\/section>\n<section id=\"s4\" class=\"product-content-section c50 closed\">\n<div class=\"product-content-container c50\">\n<h2 class=\"heading c50\"><em style=\"font-size: 16px;\">Caution!<\/em><\/h2>\n<ul>\n<li>Keep out of reach of children.<\/li>\n<li>For external use only.<\/li>\n<li>Avoid contact with eyes or mucous membranes.<\/li>\n<li>In case of pregnancy, breast-feeding, taking medication or any other medical condition, consult your doctor before use.<\/li>\n<li>The information on essential oils on Hingelaegas website comes from public sources. The information given does not constitute health advice and references to the properties and effects of the oils are based on aromatherapy and folk medicine. Therefore, Hingelaegas O\u00dc cannot be held responsible for the accuracy of the information. The use of essential oils is the responsibility of each person individually.<\/li>\n<\/ul>\n<\/div>\n<\/section>\n<\/div>\n<\/div>\n<\/div>\n<\/div>\n<\/div>","protected":false},"excerpt":{"rendered":"<p><strong>Ingredients<\/strong><\/p>\n<p>100% pure eucalyptus (<em>Eucalyptus globulus<\/em>) essential oil<\/p>\n<p><strong>Used plant parts<\/strong><\/p>\n<p>Leaves, twigs<\/p>\n<p><strong>Extraction method<\/strong><\/p>\n<p>Steam distillation<\/p>\n<p><strong>Country of origin<\/strong><\/p>\n<p>China<\/p>\n<p><strong>Aroma<\/strong><\/p>\n<p>Minty, sharp, clean, herbaceous, with gentle woody undertones<\/p>\n<p><strong>Volume<\/strong><\/p>\n<p>10 ml<\/p>","protected":false},"featured_media":6007,"comment_status":"open","ping_status":"closed","template":"","meta":{"_monsterinsights_skip_tracking":false,"_monsterinsights_sitenote_active":false,"_monsterinsights_sitenote_note":"","_monsterinsights_sitenote_category":0},"product_brand":[],"product_cat":[102],"product_tag":[138,267,477,475],"class_list":{"0":"post-2523","1":"product","2":"type-product","3":"status-publish","4":"has-post-thumbnail","6":"product_cat-eeterlikud-olid","7":"product_tag-aroomiteraapia","8":"product_tag-eeterlikud-olid","9":"product_tag-kamprilohnalised-olid","10":"product_tag-puidused-maalahedased-olid","12":"first","13":"instock","14":"taxable","15":"shipping-taxable","16":"purchasable","17":"product-type-variable"},"yoast_head":"<!-- This site is optimized with the Yoast SEO plugin v27.4 - https:\/\/yoast.com\/product\/yoast-seo-wordpress\/ -->\n<title>Eukal\u00fcpt eeterlik \u00f5li - Hingelaegas<\/title>\n<meta name=\"description\" content=\"Eukal\u00fcpti eeterlik \u00f5li on antibakteriaalse, desinfitseeriva ja valuvaigistava toimega. Peamiselt on see tuntud oma suurep\u00e4raste omaduste poolest erinevate hingamisteede probleemide leevendamisel, sealhulgas kinnise nina, k\u00fclmetushaiguste, gripi, palaviku ja bronhiidi leevendamisel.\" \/>\n<meta name=\"robots\" content=\"index, follow, max-snippet:-1, max-image-preview:large, max-video-preview:-1\" \/>\n<link rel=\"canonical\" href=\"https:\/\/hingelaegas.ee\/en\/product\/eukalupt-eeterlik-oli\/\" \/>\n<meta property=\"og:locale\" content=\"en_GB\" \/>\n<meta property=\"og:type\" content=\"article\" \/>\n<meta property=\"og:title\" content=\"Eukal\u00fcpt eeterlik \u00f5li - Hingelaegas\" \/>\n<meta property=\"og:description\" content=\"Eukal\u00fcpti eeterlik \u00f5li on antibakteriaalse, desinfitseeriva ja valuvaigistava toimega. Peamiselt on see tuntud oma suurep\u00e4raste omaduste poolest erinevate hingamisteede probleemide leevendamisel, sealhulgas kinnise nina, k\u00fclmetushaiguste, gripi, palaviku ja bronhiidi leevendamisel.\" \/>\n<meta property=\"og:url\" content=\"https:\/\/hingelaegas.ee\/en\/product\/eukalupt-eeterlik-oli\/\" \/>\n<meta property=\"og:site_name\" content=\"Hingelaegas\" \/>\n<meta property=\"article:modified_time\" content=\"2025-08-11T14:40:11+00:00\" \/>\n<meta property=\"og:image\" content=\"https:\/\/i0.wp.com\/hingelaegas.ee\/wp-content\/uploads\/2021\/02\/eukalupt-EO.png?fit=800%2C800&ssl=1\" \/>\n\t<meta property=\"og:image:width\" content=\"800\" \/>\n\t<meta property=\"og:image:height\" content=\"800\" \/>\n\t<meta property=\"og:image:type\" content=\"image\/png\" \/>\n<meta name=\"twitter:card\" content=\"summary_large_image\" \/>\n<meta name=\"twitter:label1\" content=\"Estimated reading time\" \/>\n\t<meta name=\"twitter:data1\" content=\"4 minutes\" \/>\n<script type=\"application\/ld+json\" class=\"yoast-schema-graph\">{\"@context\":\"https:\\\/\\\/schema.org\",\"@graph\":[{\"@type\":\"WebPage\",\"@id\":\"https:\\\/\\\/hingelaegas.ee\\\/product\\\/eukalupt-eeterlik-oli\\\/\",\"url\":\"https:\\\/\\\/hingelaegas.ee\\\/product\\\/eukalupt-eeterlik-oli\\\/\",\"name\":\"Eukal\u00fcpt eeterlik \u00f5li - Hingelaegas\",\"isPartOf\":{\"@id\":\"https:\\\/\\\/www.hingelaegas.ee\\\/#website\"},\"primaryImageOfPage\":{\"@id\":\"https:\\\/\\\/hingelaegas.ee\\\/product\\\/eukalupt-eeterlik-oli\\\/#primaryimage\"},\"image\":{\"@id\":\"https:\\\/\\\/hingelaegas.ee\\\/product\\\/eukalupt-eeterlik-oli\\\/#primaryimage\"},\"thumbnailUrl\":\"https:\\\/\\\/i0.wp.com\\\/hingelaegas.ee\\\/wp-content\\\/uploads\\\/2021\\\/02\\\/eukalupt-EO.png?fit=800%2C800&ssl=1\",\"datePublished\":\"2021-02-17T10:10:35+00:00\",\"dateModified\":\"2025-08-11T14:40:11+00:00\",\"description\":\"Eukal\u00fcpti eeterlik \u00f5li on antibakteriaalse, desinfitseeriva ja valuvaigistava toimega. Peamiselt on see tuntud oma suurep\u00e4raste omaduste poolest erinevate hingamisteede probleemide leevendamisel, sealhulgas kinnise nina, k\u00fclmetushaiguste, gripi, palaviku ja bronhiidi leevendamisel.\",\"breadcrumb\":{\"@id\":\"https:\\\/\\\/hingelaegas.ee\\\/product\\\/eukalupt-eeterlik-oli\\\/#breadcrumb\"},\"inLanguage\":\"en-GB\",\"potentialAction\":[{\"@type\":\"ReadAction\",\"target\":[\"https:\\\/\\\/hingelaegas.ee\\\/product\\\/eukalupt-eeterlik-oli\\\/\"]}]},{\"@type\":\"ImageObject\",\"inLanguage\":\"en-GB\",\"@id\":\"https:\\\/\\\/hingelaegas.ee\\\/product\\\/eukalupt-eeterlik-oli\\\/#primaryimage\",\"url\":\"https:\\\/\\\/i0.wp.com\\\/hingelaegas.ee\\\/wp-content\\\/uploads\\\/2021\\\/02\\\/eukalupt-EO.png?fit=800%2C800&ssl=1\",\"contentUrl\":\"https:\\\/\\\/i0.wp.com\\\/hingelaegas.ee\\\/wp-content\\\/uploads\\\/2021\\\/02\\\/eukalupt-EO.png?fit=800%2C800&ssl=1\",\"width\":800,\"height\":800},{\"@type\":\"BreadcrumbList\",\"@id\":\"https:\\\/\\\/hingelaegas.ee\\\/product\\\/eukalupt-eeterlik-oli\\\/#breadcrumb\",\"itemListElement\":[{\"@type\":\"ListItem\",\"position\":1,\"name\":\"Home\",\"item\":\"https:\\\/\\\/www.hingelaegas.ee\\\/\"},{\"@type\":\"ListItem\",\"position\":2,\"name\":\"E-POOD\",\"item\":\"https:\\\/\\\/www.hingelaegas.ee\\\/e-pood\\\/\"},{\"@type\":\"ListItem\",\"position\":3,\"name\":\"Eukal\u00fcpt eeterlik \u00f5li\"}]},{\"@type\":\"WebSite\",\"@id\":\"https:\\\/\\\/www.hingelaegas.ee\\\/#website\",\"url\":\"https:\\\/\\\/www.hingelaegas.ee\\\/\",\"name\":\"Hingelaegas\",\"description\":\"Hingele. Kehale. Vaimule.\",\"publisher\":{\"@id\":\"https:\\\/\\\/www.hingelaegas.ee\\\/#organization\"},\"potentialAction\":[{\"@type\":\"SearchAction\",\"target\":{\"@type\":\"EntryPoint\",\"urlTemplate\":\"https:\\\/\\\/www.hingelaegas.ee\\\/?s={search_term_string}\"},\"query-input\":{\"@type\":\"PropertyValueSpecification\",\"valueRequired\":true,\"valueName\":\"search_term_string\"}}],\"inLanguage\":\"en-GB\"},{\"@type\":\"Organization\",\"@id\":\"https:\\\/\\\/www.hingelaegas.ee\\\/#organization\",\"name\":\"Hingelaegas O\u00dc\",\"url\":\"https:\\\/\\\/www.hingelaegas.ee\\\/\",\"logo\":{\"@type\":\"ImageObject\",\"inLanguage\":\"en-GB\",\"@id\":\"https:\\\/\\\/www.hingelaegas.ee\\\/#\\\/schema\\\/logo\\\/image\\\/\",\"url\":\"https:\\\/\\\/hingelaegas.ee\\\/wp-content\\\/uploads\\\/2020\\\/12\\\/hingelaegas_vaike.png\",\"contentUrl\":\"https:\\\/\\\/hingelaegas.ee\\\/wp-content\\\/uploads\\\/2020\\\/12\\\/hingelaegas_vaike.png\",\"width\":700,\"height\":700,\"caption\":\"Hingelaegas O\u00dc\"},\"image\":{\"@id\":\"https:\\\/\\\/www.hingelaegas.ee\\\/#\\\/schema\\\/logo\\\/image\\\/\"}}]}<\/script>\n<!-- \/ Yoast SEO plugin. -->","yoast_head_json":{"title":"Eukal\u00fcpt eeterlik \u00f5li - Hingelaegas","description":"Eucalyptus essential oil has antibacterial, disinfectant, and analgesic effects. It is mainly known for its excellent properties in relieving various respiratory problems, including nasal congestion, colds, flu, fever, and bronchitis.","robots":{"index":"index","follow":"follow","max-snippet":"max-snippet:-1","max-image-preview":"max-image-preview:large","max-video-preview":"max-video-preview:-1"},"canonical":"https:\/\/hingelaegas.ee\/en\/product\/eukalupt-eeterlik-oli\/","og_locale":"en_GB","og_type":"article","og_title":"Eukal\u00fcpt eeterlik \u00f5li - Hingelaegas","og_description":"Eukal\u00fcpti eeterlik \u00f5li on antibakteriaalse, desinfitseeriva ja valuvaigistava toimega. Peamiselt on see tuntud oma suurep\u00e4raste omaduste poolest erinevate hingamisteede probleemide leevendamisel, sealhulgas kinnise nina, k\u00fclmetushaiguste, gripi, palaviku ja bronhiidi leevendamisel.","og_url":"https:\/\/hingelaegas.ee\/en\/product\/eukalupt-eeterlik-oli\/","og_site_name":"Hingelaegas","article_modified_time":"2025-08-11T14:40:11+00:00","og_image":[{"width":800,"height":800,"url":"https:\/\/i0.wp.com\/hingelaegas.ee\/wp-content\/uploads\/2021\/02\/eukalupt-EO.png?fit=800%2C800&ssl=1","type":"image\/png"}],"twitter_card":"summary_large_image","twitter_misc":{"Estimated reading time":"4 minutes"},"schema":{"@context":"https:\/\/schema.org","@graph":[{"@type":"WebPage","@id":"https:\/\/hingelaegas.ee\/product\/eukalupt-eeterlik-oli\/","url":"https:\/\/hingelaegas.ee\/product\/eukalupt-eeterlik-oli\/","name":"Eukal\u00fcpt eeterlik \u00f5li - Hingelaegas","isPartOf":{"@id":"https:\/\/www.hingelaegas.ee\/#website"},"primaryImageOfPage":{"@id":"https:\/\/hingelaegas.ee\/product\/eukalupt-eeterlik-oli\/#primaryimage"},"image":{"@id":"https:\/\/hingelaegas.ee\/product\/eukalupt-eeterlik-oli\/#primaryimage"},"thumbnailUrl":"https:\/\/i0.wp.com\/hingelaegas.ee\/wp-content\/uploads\/2021\/02\/eukalupt-EO.png?fit=800%2C800&ssl=1","datePublished":"2021-02-17T10:10:35+00:00","dateModified":"2025-08-11T14:40:11+00:00","description":"Eucalyptus essential oil has antibacterial, disinfectant, and analgesic effects. It is mainly known for its excellent properties in relieving various respiratory problems, including nasal congestion, colds, flu, fever, and bronchitis.","breadcrumb":{"@id":"https:\/\/hingelaegas.ee\/product\/eukalupt-eeterlik-oli\/#breadcrumb"},"inLanguage":"en-GB","potentialAction":[{"@type":"ReadAction","target":["https:\/\/hingelaegas.ee\/product\/eukalupt-eeterlik-oli\/"]}]},{"@type":"ImageObject","inLanguage":"en-GB","@id":"https:\/\/hingelaegas.ee\/product\/eukalupt-eeterlik-oli\/#primaryimage","url":"https:\/\/i0.wp.com\/hingelaegas.ee\/wp-content\/uploads\/2021\/02\/eukalupt-EO.png?fit=800%2C800&ssl=1","contentUrl":"https:\/\/i0.wp.com\/hingelaegas.ee\/wp-content\/uploads\/2021\/02\/eukalupt-EO.png?fit=800%2C800&ssl=1","width":800,"height":800},{"@type":"BreadcrumbList","@id":"https:\/\/hingelaegas.ee\/product\/eukalupt-eeterlik-oli\/#breadcrumb","itemListElement":[{"@type":"ListItem","position":1,"name":"Home","item":"https:\/\/www.hingelaegas.ee\/"},{"@type":"ListItem","position":2,"name":"E-POOD","item":"https:\/\/www.hingelaegas.ee\/e-pood\/"},{"@type":"ListItem","position":3,"name":"Eukal\u00fcpt eeterlik \u00f5li"}]},{"@type":"WebSite","@id":"https:\/\/www.hingelaegas.ee\/#website","url":"https:\/\/www.hingelaegas.ee\/","name":"Hingelaegas","description":"For Soul. For Body. For Mind.","publisher":{"@id":"https:\/\/www.hingelaegas.ee\/#organization"},"potentialAction":[{"@type":"SearchAction","target":{"@type":"EntryPoint","urlTemplate":"https:\/\/www.hingelaegas.ee\/?s={search_term_string}"},"query-input":{"@type":"PropertyValueSpecification","valueRequired":true,"valueName":"search_term_string"}}],"inLanguage":"en-GB"},{"@type":"Organization","@id":"https:\/\/www.hingelaegas.ee\/#organization","name":"Hingelaegas O\u00dc","url":"https:\/\/www.hingelaegas.ee\/","logo":{"@type":"ImageObject","inLanguage":"en-GB","@id":"https:\/\/www.hingelaegas.ee\/#\/schema\/logo\/image\/","url":"https:\/\/hingelaegas.ee\/wp-content\/uploads\/2020\/12\/hingelaegas_vaike.png","contentUrl":"https:\/\/hingelaegas.ee\/wp-content\/uploads\/2020\/12\/hingelaegas_vaike.png","width":700,"height":700,"caption":"Hingelaegas O\u00dc"},"image":{"@id":"https:\/\/www.hingelaegas.ee\/#\/schema\/logo\/image\/"}}]}},"acf":[],"jetpack_likes_enabled":false,"jetpack_sharing_enabled":true,"_links":{"self":[{"href":"https:\/\/hingelaegas.ee\/en\/wp-json\/wp\/v2\/product\/2523","targetHints":{"allow":["GET"]}}],"collection":[{"href":"https:\/\/hingelaegas.ee\/en\/wp-json\/wp\/v2\/product"}],"about":[{"href":"https:\/\/hingelaegas.ee\/en\/wp-json\/wp\/v2\/types\/product"}],"replies":[{"embeddable":true,"href":"https:\/\/hingelaegas.ee\/en\/wp-json\/wp\/v2\/comments?post=2523"}],"wp:featuredmedia":[{"embeddable":true,"href":"https:\/\/hingelaegas.ee\/en\/wp-json\/wp\/v2\/media\/6007"}],"wp:attachment":[{"href":"https:\/\/hingelaegas.ee\/en\/wp-json\/wp\/v2\/media?parent=2523"}],"wp:term":[{"taxonomy":"product_brand","embeddable":true,"href":"https:\/\/hingelaegas.ee\/en\/wp-json\/wp\/v2\/product_brand?post=2523"},{"taxonomy":"product_cat","embeddable":true,"href":"https:\/\/hingelaegas.ee\/en\/wp-json\/wp\/v2\/product_cat?post=2523"},{"taxonomy":"product_tag","embeddable":true,"href":"https:\/\/hingelaegas.ee\/en\/wp-json\/wp\/v2\/product_tag?post=2523"}],"curies":[{"name":"wp","href":"https:\/\/api.w.org\/{rel}","templated":true}]}}