{"id":2636,"date":"2021-02-26T18:56:46","date_gmt":"2021-02-26T16:56:46","guid":{"rendered":"https:\/\/www.hingelaegas.ee\/?post_type=product&#038;p=2636"},"modified":"2024-08-12T12:17:24","modified_gmt":"2024-08-12T09:17:24","slug":"korvarongad-krusokolla","status":"publish","type":"product","link":"https:\/\/hingelaegas.ee\/en\/product\/korvarongad-krusokolla\/","title":{"rendered":"Earrings, chrysocolla, sterling silver (925)"},"content":{"rendered":"<h1>Chrysocolla<\/h1>\n<p><strong>Main properties:<\/strong> relaxation, aura cleansing, soothing, meditation, inner balance, joy, patience, removal of negative energy, encourages telling the truth<\/p>\n<p><strong>Chakras: <\/strong>throat and heart chakra, third eye chakra, solar plexus<\/p>\n<p><strong>Zodiac signs:<\/strong> Gemini, Virgo, Taurus<\/p>\n<p><strong>Numerology:<\/strong> number 5<\/p>\n<div class=\"tag text-center text-dark\">\n<p>Chrysocolla is a calm and supportive stone that helps meditate and communicate. This powerful crystal removes negative energy from the house and also keeps it away from the carrier.<\/p>\n<p>This colorful crystal creates great inner strength for its wearer and helps adapt to change, reducing worry.<\/p>\n<p>Chrysocolla soothes, cleanses and energizes all chakras. It pulls negative emotions, such as guilt, out of the solar plexus and repeals destructive emotional programming. For the heart chakra, it cures heartache and increases the ability to love. For the throat chakra, it improves communication, but helps understand when it would be better to remain silent. For the third eye, this stone opens up psychic imagination.<\/p>\n<\/div>\n<h5>Health and Healing<\/h5>\n<p><strong>Psychologically,\u00a0<\/strong>chrysocolla strengthens self-awareness and internal balance, instills confidence and sensitivity. Increases personal power and inspires creativity. Helps overcome phobias, pulls out negativity and motivates those who lack it.<\/p>\n<p><strong>Mentally,<\/strong> this stone helps reduce mental tension and helps maintain a cold nerve in difficult situations. Promotes telling the truth and staying unbiased in all situations.<\/p>\n<p><strong>Emotionally,<\/strong> chrysocolla relieves guilt and brings joy.<\/p>\n<p><strong>Physically,<\/strong> it treats arthritis, bone diseases, gastrointestinal tract, ulcers, blood diseases and lung problems. Releases toxins from the liver, kidneys and intestines. Helps bring new oxygen to the blood and lung cells, increasing lung and respiratory capacity. Restores pancreas, regulates insulin levels and improves blood. Chrysocholla strengthens muscles and relieves muscle cramps. Due to its cooling effect, it heals inflammation, especially in the throat and tonsils. In addition, it lowers blood pressure and relieves burns. This stone strengthens the thyroid gland and is useful for metabolism. An excellent stone for women suffering from PMS and menstrual cramps.<\/p>","protected":false},"excerpt":{"rendered":"<p><strong>Chrysocolla<\/strong> strengthens <strong>self-awareness<\/strong> and <strong>inner balance<\/strong>, it instills confidence and sensitivity. Increases personal power and inspires creativity. <strong>Removes negativity<\/strong> from its surroundings and from its wearer. <strong>Grants motivation<\/strong> for those who lack it. Helps reduce mental stress and in complicated situations <strong>helps stay coolheaded<\/strong>. <strong>Encourages telling the truth<\/strong> and staying unbiased.<\/p>\n<p><strong>Silver<\/strong> is a great <strong>healer<\/strong>, especially when it is in direct contact with the body. Scientists have found that <strong>silver kills harmful microorganisms living in water and air<\/strong>while maintaining benefic ones.<\/p>\n<ul>\n<li>Handcrafted by Hingelaegas<\/li>\n<li>Material: sterling silver (925), chrysocolla (14 mm)<\/li>\n<li>Length of earring: up to 4 cm<\/li>\n<li>Weight (pair): 11.2 g<\/li>\n<li>Jewelry is delivered in a cream-colored <strong>velvet gift bag<\/strong><\/li>\n<\/ul>\n<p><span style=\"font-size: 10pt;\"><em>The products may differ slightly from the one shown in the picture, because jewelry has been made fo natural semi-precious stones, and all stones are unique.<\/em><\/span><\/p>","protected":false},"featured_media":2642,"comment_status":"open","ping_status":"closed","template":"","meta":{"_monsterinsights_skip_tracking":false,"_monsterinsights_sitenote_active":false,"_monsterinsights_sitenote_note":"","_monsterinsights_sitenote_category":0},"product_brand":[],"product_cat":[80],"product_tag":[303,301,309,460,184,77],"class_list":{"0":"post-2636","1":"product","2":"type-product","3":"status-publish","4":"has-post-thumbnail","6":"product_cat-hobedast-kasitooehted","7":"product_tag-hobe-925","8":"product_tag-kasitooehted","9":"product_tag-korvarongad","10":"product_tag-krusokolla","11":"product_tag-poolvaariskivid","12":"product_tag-reiki","14":"first","15":"outofstock","16":"taxable","17":"shipping-taxable","18":"purchasable","19":"product-type-simple"},"yoast_head":"<!-- This site is optimized with the Yoast SEO plugin v27.3 - https:\/\/yoast.com\/product\/yoast-seo-wordpress\/ -->\n<title>K\u00f5rvar\u00f5ngad, kr\u00fcsokolla, h\u00f5be 925 - Hingelaegas<\/title>\n<meta name=\"description\" content=\"Kr\u00fcsokolla tugevdab eneseteadlikkust ja sisemist tasakaalu, sisendab usaldust ja tundlikkust. Suurendab isiklikku v\u00e4ge ja inspireerib loovust. H\u00f5be on looduslik tervendaja.\" \/>\n<meta name=\"robots\" content=\"index, follow, max-snippet:-1, max-image-preview:large, max-video-preview:-1\" \/>\n<link rel=\"canonical\" href=\"https:\/\/www.hingelaegas.ee\/product\/korvarongad-krusokolla\/\" \/>\n<meta property=\"og:locale\" content=\"en_GB\" \/>\n<meta property=\"og:type\" content=\"article\" \/>\n<meta property=\"og:title\" content=\"K\u00f5rvar\u00f5ngad, kr\u00fcsokolla, h\u00f5be 925 - Hingelaegas\" \/>\n<meta property=\"og:description\" content=\"Kr\u00fcsokolla tugevdab eneseteadlikkust ja sisemist tasakaalu, sisendab usaldust ja tundlikkust. Suurendab isiklikku v\u00e4ge ja inspireerib loovust. H\u00f5be on looduslik tervendaja.\" \/>\n<meta property=\"og:url\" content=\"https:\/\/www.hingelaegas.ee\/product\/korvarongad-krusokolla\/\" \/>\n<meta property=\"og:site_name\" content=\"Hingelaegas\" \/>\n<meta property=\"article:modified_time\" content=\"2024-08-12T09:17:24+00:00\" \/>\n<meta property=\"og:image\" content=\"https:\/\/i0.wp.com\/www.hingelaegas.ee\/wp-content\/uploads\/2021\/02\/IMG_20210225_104223-e1692879585874.jpg?fit=800%2C798&ssl=1\" \/>\n\t<meta property=\"og:image:width\" content=\"800\" \/>\n\t<meta property=\"og:image:height\" content=\"798\" \/>\n\t<meta property=\"og:image:type\" content=\"image\/jpeg\" \/>\n<meta name=\"twitter:card\" content=\"summary_large_image\" \/>\n<meta name=\"twitter:label1\" content=\"Estimated reading time\" \/>\n\t<meta name=\"twitter:data1\" content=\"2 minutes\" \/>\n<script type=\"application\/ld+json\" class=\"yoast-schema-graph\">{\"@context\":\"https:\\\/\\\/schema.org\",\"@graph\":[{\"@type\":\"WebPage\",\"@id\":\"https:\\\/\\\/www.hingelaegas.ee\\\/product\\\/korvarongad-krusokolla\\\/\",\"url\":\"https:\\\/\\\/www.hingelaegas.ee\\\/product\\\/korvarongad-krusokolla\\\/\",\"name\":\"K\u00f5rvar\u00f5ngad, kr\u00fcsokolla, h\u00f5be 925 - Hingelaegas\",\"isPartOf\":{\"@id\":\"https:\\\/\\\/www.hingelaegas.ee\\\/en\\\/#website\"},\"primaryImageOfPage\":{\"@id\":\"https:\\\/\\\/www.hingelaegas.ee\\\/product\\\/korvarongad-krusokolla\\\/#primaryimage\"},\"image\":{\"@id\":\"https:\\\/\\\/www.hingelaegas.ee\\\/product\\\/korvarongad-krusokolla\\\/#primaryimage\"},\"thumbnailUrl\":\"https:\\\/\\\/i0.wp.com\\\/hingelaegas.ee\\\/wp-content\\\/uploads\\\/2021\\\/02\\\/IMG_20210225_104223-e1692879585874.jpg?fit=800%2C798&ssl=1\",\"datePublished\":\"2021-02-26T16:56:46+00:00\",\"dateModified\":\"2024-08-12T09:17:24+00:00\",\"description\":\"Kr\u00fcsokolla tugevdab eneseteadlikkust ja sisemist tasakaalu, sisendab usaldust ja tundlikkust. Suurendab isiklikku v\u00e4ge ja inspireerib loovust. H\u00f5be on looduslik tervendaja.\",\"breadcrumb\":{\"@id\":\"https:\\\/\\\/www.hingelaegas.ee\\\/product\\\/korvarongad-krusokolla\\\/#breadcrumb\"},\"inLanguage\":\"en-GB\",\"potentialAction\":[{\"@type\":\"ReadAction\",\"target\":[\"https:\\\/\\\/www.hingelaegas.ee\\\/product\\\/korvarongad-krusokolla\\\/\"]}]},{\"@type\":\"ImageObject\",\"inLanguage\":\"en-GB\",\"@id\":\"https:\\\/\\\/www.hingelaegas.ee\\\/product\\\/korvarongad-krusokolla\\\/#primaryimage\",\"url\":\"https:\\\/\\\/i0.wp.com\\\/hingelaegas.ee\\\/wp-content\\\/uploads\\\/2021\\\/02\\\/IMG_20210225_104223-e1692879585874.jpg?fit=800%2C798&ssl=1\",\"contentUrl\":\"https:\\\/\\\/i0.wp.com\\\/hingelaegas.ee\\\/wp-content\\\/uploads\\\/2021\\\/02\\\/IMG_20210225_104223-e1692879585874.jpg?fit=800%2C798&ssl=1\",\"width\":800,\"height\":798,\"caption\":\"Kr\u00fcskolla k\u00f5rvar\u00f5ngad\"},{\"@type\":\"BreadcrumbList\",\"@id\":\"https:\\\/\\\/www.hingelaegas.ee\\\/product\\\/korvarongad-krusokolla\\\/#breadcrumb\",\"itemListElement\":[{\"@type\":\"ListItem\",\"position\":1,\"name\":\"Home\",\"item\":\"https:\\\/\\\/www.hingelaegas.ee\\\/en\\\/\"},{\"@type\":\"ListItem\",\"position\":2,\"name\":\"E-POOD\",\"item\":\"https:\\\/\\\/www.hingelaegas.ee\\\/en\\\/e-pood\\\/\"},{\"@type\":\"ListItem\",\"position\":3,\"name\":\"K\u00f5rvar\u00f5ngad, kr\u00fcsokolla, h\u00f5be 925\"}]},{\"@type\":\"WebSite\",\"@id\":\"https:\\\/\\\/www.hingelaegas.ee\\\/en\\\/#website\",\"url\":\"https:\\\/\\\/www.hingelaegas.ee\\\/en\\\/\",\"name\":\"Hingelaegas\",\"description\":\"Hingele. Kehale. Vaimule.\",\"publisher\":{\"@id\":\"https:\\\/\\\/www.hingelaegas.ee\\\/en\\\/#organization\"},\"potentialAction\":[{\"@type\":\"SearchAction\",\"target\":{\"@type\":\"EntryPoint\",\"urlTemplate\":\"https:\\\/\\\/www.hingelaegas.ee\\\/en\\\/?s={search_term_string}\"},\"query-input\":{\"@type\":\"PropertyValueSpecification\",\"valueRequired\":true,\"valueName\":\"search_term_string\"}}],\"inLanguage\":\"en-GB\"},{\"@type\":\"Organization\",\"@id\":\"https:\\\/\\\/www.hingelaegas.ee\\\/en\\\/#organization\",\"name\":\"Hingelaegas O\u00dc\",\"url\":\"https:\\\/\\\/www.hingelaegas.ee\\\/en\\\/\",\"logo\":{\"@type\":\"ImageObject\",\"inLanguage\":\"en-GB\",\"@id\":\"https:\\\/\\\/www.hingelaegas.ee\\\/en\\\/#\\\/schema\\\/logo\\\/image\\\/\",\"url\":\"https:\\\/\\\/hingelaegas.ee\\\/wp-content\\\/uploads\\\/2020\\\/12\\\/hingelaegas_vaike.png\",\"contentUrl\":\"https:\\\/\\\/hingelaegas.ee\\\/wp-content\\\/uploads\\\/2020\\\/12\\\/hingelaegas_vaike.png\",\"width\":700,\"height\":700,\"caption\":\"Hingelaegas O\u00dc\"},\"image\":{\"@id\":\"https:\\\/\\\/www.hingelaegas.ee\\\/en\\\/#\\\/schema\\\/logo\\\/image\\\/\"}}]}<\/script>\n<!-- \/ Yoast SEO plugin. -->","yoast_head_json":{"title":"K\u00f5rvar\u00f5ngad, kr\u00fcsokolla, h\u00f5be 925 - Hingelaegas","description":"Kr\u00fcsokolla tugevdab eneseteadlikkust ja sisemist tasakaalu, sisendab usaldust ja tundlikkust. Suurendab isiklikku v\u00e4ge ja inspireerib loovust. H\u00f5be on looduslik tervendaja.","robots":{"index":"index","follow":"follow","max-snippet":"max-snippet:-1","max-image-preview":"max-image-preview:large","max-video-preview":"max-video-preview:-1"},"canonical":"https:\/\/www.hingelaegas.ee\/product\/korvarongad-krusokolla\/","og_locale":"en_GB","og_type":"article","og_title":"K\u00f5rvar\u00f5ngad, kr\u00fcsokolla, h\u00f5be 925 - Hingelaegas","og_description":"Kr\u00fcsokolla tugevdab eneseteadlikkust ja sisemist tasakaalu, sisendab usaldust ja tundlikkust. Suurendab isiklikku v\u00e4ge ja inspireerib loovust. H\u00f5be on looduslik tervendaja.","og_url":"https:\/\/www.hingelaegas.ee\/product\/korvarongad-krusokolla\/","og_site_name":"Hingelaegas","article_modified_time":"2024-08-12T09:17:24+00:00","og_image":[{"width":800,"height":798,"url":"https:\/\/i0.wp.com\/www.hingelaegas.ee\/wp-content\/uploads\/2021\/02\/IMG_20210225_104223-e1692879585874.jpg?fit=800%2C798&ssl=1","type":"image\/jpeg"}],"twitter_card":"summary_large_image","twitter_misc":{"Estimated reading time":"2 minutes"},"schema":{"@context":"https:\/\/schema.org","@graph":[{"@type":"WebPage","@id":"https:\/\/www.hingelaegas.ee\/product\/korvarongad-krusokolla\/","url":"https:\/\/www.hingelaegas.ee\/product\/korvarongad-krusokolla\/","name":"K\u00f5rvar\u00f5ngad, kr\u00fcsokolla, h\u00f5be 925 - Hingelaegas","isPartOf":{"@id":"https:\/\/www.hingelaegas.ee\/en\/#website"},"primaryImageOfPage":{"@id":"https:\/\/www.hingelaegas.ee\/product\/korvarongad-krusokolla\/#primaryimage"},"image":{"@id":"https:\/\/www.hingelaegas.ee\/product\/korvarongad-krusokolla\/#primaryimage"},"thumbnailUrl":"https:\/\/i0.wp.com\/hingelaegas.ee\/wp-content\/uploads\/2021\/02\/IMG_20210225_104223-e1692879585874.jpg?fit=800%2C798&ssl=1","datePublished":"2021-02-26T16:56:46+00:00","dateModified":"2024-08-12T09:17:24+00:00","description":"Kr\u00fcsokolla tugevdab eneseteadlikkust ja sisemist tasakaalu, sisendab usaldust ja tundlikkust. Suurendab isiklikku v\u00e4ge ja inspireerib loovust. H\u00f5be on looduslik tervendaja.","breadcrumb":{"@id":"https:\/\/www.hingelaegas.ee\/product\/korvarongad-krusokolla\/#breadcrumb"},"inLanguage":"en-GB","potentialAction":[{"@type":"ReadAction","target":["https:\/\/www.hingelaegas.ee\/product\/korvarongad-krusokolla\/"]}]},{"@type":"ImageObject","inLanguage":"en-GB","@id":"https:\/\/www.hingelaegas.ee\/product\/korvarongad-krusokolla\/#primaryimage","url":"https:\/\/i0.wp.com\/hingelaegas.ee\/wp-content\/uploads\/2021\/02\/IMG_20210225_104223-e1692879585874.jpg?fit=800%2C798&ssl=1","contentUrl":"https:\/\/i0.wp.com\/hingelaegas.ee\/wp-content\/uploads\/2021\/02\/IMG_20210225_104223-e1692879585874.jpg?fit=800%2C798&ssl=1","width":800,"height":798,"caption":"Kr\u00fcskolla k\u00f5rvar\u00f5ngad"},{"@type":"BreadcrumbList","@id":"https:\/\/www.hingelaegas.ee\/product\/korvarongad-krusokolla\/#breadcrumb","itemListElement":[{"@type":"ListItem","position":1,"name":"Home","item":"https:\/\/www.hingelaegas.ee\/en\/"},{"@type":"ListItem","position":2,"name":"E-POOD","item":"https:\/\/www.hingelaegas.ee\/en\/e-pood\/"},{"@type":"ListItem","position":3,"name":"K\u00f5rvar\u00f5ngad, kr\u00fcsokolla, h\u00f5be 925"}]},{"@type":"WebSite","@id":"https:\/\/www.hingelaegas.ee\/en\/#website","url":"https:\/\/www.hingelaegas.ee\/en\/","name":"Hingelaegas","description":"For Soul. For Body. For Mind.","publisher":{"@id":"https:\/\/www.hingelaegas.ee\/en\/#organization"},"potentialAction":[{"@type":"SearchAction","target":{"@type":"EntryPoint","urlTemplate":"https:\/\/www.hingelaegas.ee\/en\/?s={search_term_string}"},"query-input":{"@type":"PropertyValueSpecification","valueRequired":true,"valueName":"search_term_string"}}],"inLanguage":"en-GB"},{"@type":"Organization","@id":"https:\/\/www.hingelaegas.ee\/en\/#organization","name":"Hingelaegas O\u00dc","url":"https:\/\/www.hingelaegas.ee\/en\/","logo":{"@type":"ImageObject","inLanguage":"en-GB","@id":"https:\/\/www.hingelaegas.ee\/en\/#\/schema\/logo\/image\/","url":"https:\/\/hingelaegas.ee\/wp-content\/uploads\/2020\/12\/hingelaegas_vaike.png","contentUrl":"https:\/\/hingelaegas.ee\/wp-content\/uploads\/2020\/12\/hingelaegas_vaike.png","width":700,"height":700,"caption":"Hingelaegas O\u00dc"},"image":{"@id":"https:\/\/www.hingelaegas.ee\/en\/#\/schema\/logo\/image\/"}}]}},"acf":[],"jetpack_likes_enabled":false,"jetpack_sharing_enabled":true,"_links":{"self":[{"href":"https:\/\/hingelaegas.ee\/en\/wp-json\/wp\/v2\/product\/2636","targetHints":{"allow":["GET"]}}],"collection":[{"href":"https:\/\/hingelaegas.ee\/en\/wp-json\/wp\/v2\/product"}],"about":[{"href":"https:\/\/hingelaegas.ee\/en\/wp-json\/wp\/v2\/types\/product"}],"replies":[{"embeddable":true,"href":"https:\/\/hingelaegas.ee\/en\/wp-json\/wp\/v2\/comments?post=2636"}],"wp:featuredmedia":[{"embeddable":true,"href":"https:\/\/hingelaegas.ee\/en\/wp-json\/wp\/v2\/media\/2642"}],"wp:attachment":[{"href":"https:\/\/hingelaegas.ee\/en\/wp-json\/wp\/v2\/media?parent=2636"}],"wp:term":[{"taxonomy":"product_brand","embeddable":true,"href":"https:\/\/hingelaegas.ee\/en\/wp-json\/wp\/v2\/product_brand?post=2636"},{"taxonomy":"product_cat","embeddable":true,"href":"https:\/\/hingelaegas.ee\/en\/wp-json\/wp\/v2\/product_cat?post=2636"},{"taxonomy":"product_tag","embeddable":true,"href":"https:\/\/hingelaegas.ee\/en\/wp-json\/wp\/v2\/product_tag?post=2636"}],"curies":[{"name":"wp","href":"https:\/\/api.w.org\/{rel}","templated":true}]}}