{"id":2649,"date":"2021-02-26T21:03:34","date_gmt":"2021-02-26T19:03:34","guid":{"rendered":"https:\/\/www.hingelaegas.ee\/?post_type=product&#038;p=2649"},"modified":"2024-08-12T12:15:24","modified_gmt":"2024-08-12T09:15:24","slug":"kaelaripats-kuaniit","status":"publish","type":"product","link":"https:\/\/hingelaegas.ee\/en\/product\/kaelaripats-kuaniit\/","title":{"rendered":"Pendant, kyanite, sterling silver (925)"},"content":{"rendered":"<h1>Kyanite<\/h1>\n<p><strong>Main properties:<\/strong> meditation, intuition, dreams, sleep, relaxing, calming, patience, manifestation, Higher Self, attunement, communication with angels<\/p>\n<p><strong>Chakras: <\/strong>throat chakra, third eye<\/p>\n<p><strong>Zodiac signs:<\/strong> Gemini, Pisces, Aries, Taurus, Libra<\/p>\n<p><strong>Numerology:<\/strong> number 4<\/p>\n<div class=\"tag text-center text-dark\">\n<p>Kyanite is an exquisite stone for attunement and meditation. It is a very soothing and powerful transmitter and boosts high frequency energies that stimulate mental abilities and intuition. This crystal provides an opportunity to connect with your spiritual leaders. Makes it easier to remember dreams and promotes healing dreams - I can personally confirm this, because I often keep my kyanite jewelry on the bedside table. Kyanite also helps with death related situations.<\/p>\n<p>Kyanite instantly aligns the chakras and the energy body, and cleanses the energy channels and meridians. It restores the physical body's and its organs'\u00a0<em>qi.\u00a0<\/em><\/p>\n<p>As kyanite doesn't absorb or store negative energy, it actually doesn't need to be cleansed.<\/p>\n<\/div>\n<h5>Health and Healing<\/h5>\n<p><strong>Psychologically,\u00a0<\/strong>it encourages you to tell your truth, by removing fear and blockages. Opens the throat chakra to encourage self-expression and communication. Dispels confusion and removes blockages, illusions, anger, frustration and stress. Increases the ability to think logically and clearly.<\/p>\n<p><strong>Mentally,<\/strong> helps get rid of the idea of \u200b\u200bdark destiny or ruthless karma. It points out to a person what role he\/she plays in creating the causes and helps understand what is needed to balance the past. Kyanite helps connect to higher frequencies by drawing the light body down into our physical world.<\/p>\n<p><strong>Emotionally,<\/strong> balances male and female energies (<em>yang<\/em> and <em>yin<\/em>).<\/p>\n<p><strong>Physically,<\/strong> heals muscular diseases, fevers, urogenital system, thyroid and parathyroid glands, adrenal glands, throat and brain. As a natural painkiller, it lowers blood pressure and cures infections. Relieves the body of excess weight, supports the cerebellum and the body's motor reactions.<\/p>","protected":false},"excerpt":{"rendered":"<p><strong>Kyanite <\/strong>encourages <strong>you to tell your truth<\/strong>, by removing fear and blockages. It opens the throat chakra, <strong>encouraging self-expression and communication<\/strong>Dispels confusion and increases the ability to think logically and clearly. <strong>It makes it easier to remember dreams<\/strong> and promotes healing dreams - I can personally confirm this, because I often keep my kyanite jewelry on the bedside table. <strong>Balances male and female energies<\/strong> (<em>yang<\/em> and <em>yin<\/em>).<\/p>\n<p><strong>Silver<\/strong> is a great <strong>healer<\/strong>, especially when it is in direct contact with the body. Scientists have found that <strong>silver kills harmful microorganisms living in water and air<\/strong>while maintaining benefic ones.<\/p>\n<ul>\n<li>Handcrafted by Hingelaegas<\/li>\n<li>Material: sterling silver (925), kyanite raw stone (~5 cm)<\/li>\n<li>Length of pendant: approx. 6.5-7 cm<\/li>\n<li>Weight (varies according to the stone): 3.9-5.9 g<\/li>\n<li>Jewelry is delivered in a cream-colored <strong>velvet gift bag<\/strong><\/li>\n<\/ul>\n<p><span style=\"font-size: 10pt;\"><em>The products may differ slightly from the one shown in the picture, because jewelry has been made fo natural semi-precious stones, and all stones are unique.<\/em><\/span><\/p>\n<p><em><span style=\"font-size: 10pt;\">The price applies to the pendant. Necklace is not included in the set.<\/span><\/em><\/p>","protected":false},"featured_media":2638,"comment_status":"open","ping_status":"closed","template":"","meta":{"_monsterinsights_skip_tracking":false,"_monsterinsights_sitenote_active":false,"_monsterinsights_sitenote_note":"","_monsterinsights_sitenote_category":0},"product_brand":[],"product_cat":[80],"product_tag":[303,78,454,301,458,77],"class_list":{"0":"post-2649","1":"product","2":"type-product","3":"status-publish","4":"has-post-thumbnail","6":"product_cat-hobedast-kasitooehted","7":"product_tag-hobe-925","8":"product_tag-kaelaehe","9":"product_tag-kaelaripats","10":"product_tag-kasitooehted","11":"product_tag-kuaniit","12":"product_tag-reiki","14":"first","15":"outofstock","16":"taxable","17":"shipping-taxable","18":"purchasable","19":"product-type-simple"},"yoast_head":"<!-- This site is optimized with the Yoast SEO plugin v27.3 - https:\/\/yoast.com\/product\/yoast-seo-wordpress\/ -->\n<title>Kaelaripats, k\u00fcaniit, h\u00f5be 925 - Hingelaegas<\/title>\n<meta name=\"description\" content=\"K\u00fcaniit julgustab v\u00e4lja \u00fctlema oma t\u00f5de, k\u00f5rvaldades hirmu ja blokeeringud. Avab kurgut\u0161akrat, julgustades enesev\u00e4ljendust ja suhtlemist.\" \/>\n<meta name=\"robots\" content=\"index, follow, max-snippet:-1, max-image-preview:large, max-video-preview:-1\" \/>\n<link rel=\"canonical\" href=\"https:\/\/www.hingelaegas.ee\/en\/product\/kaelaripats-kuaniit\/\" \/>\n<meta property=\"og:locale\" content=\"en_GB\" \/>\n<meta property=\"og:type\" content=\"article\" \/>\n<meta property=\"og:title\" content=\"Kaelaripats, k\u00fcaniit, h\u00f5be 925 - Hingelaegas\" \/>\n<meta property=\"og:description\" content=\"K\u00fcaniit julgustab v\u00e4lja \u00fctlema oma t\u00f5de, k\u00f5rvaldades hirmu ja blokeeringud. Avab kurgut\u0161akrat, julgustades enesev\u00e4ljendust ja suhtlemist.\" \/>\n<meta property=\"og:url\" content=\"https:\/\/www.hingelaegas.ee\/en\/product\/kaelaripats-kuaniit\/\" \/>\n<meta property=\"og:site_name\" content=\"Hingelaegas\" \/>\n<meta property=\"article:modified_time\" content=\"2024-08-12T09:15:24+00:00\" \/>\n<meta property=\"og:image\" content=\"https:\/\/i0.wp.com\/www.hingelaegas.ee\/wp-content\/uploads\/2021\/02\/IMG_20210225_103625-e1692879625809.jpg?fit=800%2C799&ssl=1\" \/>\n\t<meta property=\"og:image:width\" content=\"800\" \/>\n\t<meta property=\"og:image:height\" content=\"799\" \/>\n\t<meta property=\"og:image:type\" content=\"image\/jpeg\" \/>\n<meta name=\"twitter:card\" content=\"summary_large_image\" \/>\n<meta name=\"twitter:label1\" content=\"Estimated reading time\" \/>\n\t<meta name=\"twitter:data1\" content=\"2 minutes\" \/>\n<script type=\"application\/ld+json\" class=\"yoast-schema-graph\">{\"@context\":\"https:\\\/\\\/schema.org\",\"@graph\":[{\"@type\":\"WebPage\",\"@id\":\"https:\\\/\\\/www.hingelaegas.ee\\\/en\\\/product\\\/kaelaripats-kuaniit\\\/\",\"url\":\"https:\\\/\\\/www.hingelaegas.ee\\\/en\\\/product\\\/kaelaripats-kuaniit\\\/\",\"name\":\"Kaelaripats, k\u00fcaniit, h\u00f5be 925 - Hingelaegas\",\"isPartOf\":{\"@id\":\"https:\\\/\\\/www.hingelaegas.ee\\\/en\\\/#website\"},\"primaryImageOfPage\":{\"@id\":\"https:\\\/\\\/www.hingelaegas.ee\\\/en\\\/product\\\/kaelaripats-kuaniit\\\/#primaryimage\"},\"image\":{\"@id\":\"https:\\\/\\\/www.hingelaegas.ee\\\/en\\\/product\\\/kaelaripats-kuaniit\\\/#primaryimage\"},\"thumbnailUrl\":\"https:\\\/\\\/i0.wp.com\\\/hingelaegas.ee\\\/wp-content\\\/uploads\\\/2021\\\/02\\\/IMG_20210225_103625-e1692879625809.jpg?fit=800%2C799&ssl=1\",\"datePublished\":\"2021-02-26T19:03:34+00:00\",\"dateModified\":\"2024-08-12T09:15:24+00:00\",\"description\":\"K\u00fcaniit julgustab v\u00e4lja \u00fctlema oma t\u00f5de, k\u00f5rvaldades hirmu ja blokeeringud. Avab kurgut\u0161akrat, julgustades enesev\u00e4ljendust ja suhtlemist.\",\"breadcrumb\":{\"@id\":\"https:\\\/\\\/www.hingelaegas.ee\\\/en\\\/product\\\/kaelaripats-kuaniit\\\/#breadcrumb\"},\"inLanguage\":\"en-GB\",\"potentialAction\":[{\"@type\":\"ReadAction\",\"target\":[\"https:\\\/\\\/www.hingelaegas.ee\\\/en\\\/product\\\/kaelaripats-kuaniit\\\/\"]}]},{\"@type\":\"ImageObject\",\"inLanguage\":\"en-GB\",\"@id\":\"https:\\\/\\\/www.hingelaegas.ee\\\/en\\\/product\\\/kaelaripats-kuaniit\\\/#primaryimage\",\"url\":\"https:\\\/\\\/i0.wp.com\\\/hingelaegas.ee\\\/wp-content\\\/uploads\\\/2021\\\/02\\\/IMG_20210225_103625-e1692879625809.jpg?fit=800%2C799&ssl=1\",\"contentUrl\":\"https:\\\/\\\/i0.wp.com\\\/hingelaegas.ee\\\/wp-content\\\/uploads\\\/2021\\\/02\\\/IMG_20210225_103625-e1692879625809.jpg?fit=800%2C799&ssl=1\",\"width\":800,\"height\":799,\"caption\":\"edf_vivi\"},{\"@type\":\"BreadcrumbList\",\"@id\":\"https:\\\/\\\/www.hingelaegas.ee\\\/en\\\/product\\\/kaelaripats-kuaniit\\\/#breadcrumb\",\"itemListElement\":[{\"@type\":\"ListItem\",\"position\":1,\"name\":\"Home\",\"item\":\"https:\\\/\\\/www.hingelaegas.ee\\\/en\\\/\"},{\"@type\":\"ListItem\",\"position\":2,\"name\":\"E-POOD\",\"item\":\"https:\\\/\\\/www.hingelaegas.ee\\\/en\\\/e-pood\\\/\"},{\"@type\":\"ListItem\",\"position\":3,\"name\":\"Kaelaripats, k\u00fcaniit, h\u00f5be 925\"}]},{\"@type\":\"WebSite\",\"@id\":\"https:\\\/\\\/www.hingelaegas.ee\\\/en\\\/#website\",\"url\":\"https:\\\/\\\/www.hingelaegas.ee\\\/en\\\/\",\"name\":\"Hingelaegas\",\"description\":\"Hingele. Kehale. Vaimule.\",\"publisher\":{\"@id\":\"https:\\\/\\\/www.hingelaegas.ee\\\/en\\\/#organization\"},\"potentialAction\":[{\"@type\":\"SearchAction\",\"target\":{\"@type\":\"EntryPoint\",\"urlTemplate\":\"https:\\\/\\\/www.hingelaegas.ee\\\/en\\\/?s={search_term_string}\"},\"query-input\":{\"@type\":\"PropertyValueSpecification\",\"valueRequired\":true,\"valueName\":\"search_term_string\"}}],\"inLanguage\":\"en-GB\"},{\"@type\":\"Organization\",\"@id\":\"https:\\\/\\\/www.hingelaegas.ee\\\/en\\\/#organization\",\"name\":\"Hingelaegas O\u00dc\",\"url\":\"https:\\\/\\\/www.hingelaegas.ee\\\/en\\\/\",\"logo\":{\"@type\":\"ImageObject\",\"inLanguage\":\"en-GB\",\"@id\":\"https:\\\/\\\/www.hingelaegas.ee\\\/en\\\/#\\\/schema\\\/logo\\\/image\\\/\",\"url\":\"https:\\\/\\\/hingelaegas.ee\\\/wp-content\\\/uploads\\\/2020\\\/12\\\/hingelaegas_vaike.png\",\"contentUrl\":\"https:\\\/\\\/hingelaegas.ee\\\/wp-content\\\/uploads\\\/2020\\\/12\\\/hingelaegas_vaike.png\",\"width\":700,\"height\":700,\"caption\":\"Hingelaegas O\u00dc\"},\"image\":{\"@id\":\"https:\\\/\\\/www.hingelaegas.ee\\\/en\\\/#\\\/schema\\\/logo\\\/image\\\/\"}}]}<\/script>\n<!-- \/ Yoast SEO plugin. -->","yoast_head_json":{"title":"Kaelaripats, k\u00fcaniit, h\u00f5be 925 - Hingelaegas","description":"K\u00fcaniit julgustab v\u00e4lja \u00fctlema oma t\u00f5de, k\u00f5rvaldades hirmu ja blokeeringud. Avab kurgut\u0161akrat, julgustades enesev\u00e4ljendust ja suhtlemist.","robots":{"index":"index","follow":"follow","max-snippet":"max-snippet:-1","max-image-preview":"max-image-preview:large","max-video-preview":"max-video-preview:-1"},"canonical":"https:\/\/www.hingelaegas.ee\/en\/product\/kaelaripats-kuaniit\/","og_locale":"en_GB","og_type":"article","og_title":"Kaelaripats, k\u00fcaniit, h\u00f5be 925 - Hingelaegas","og_description":"K\u00fcaniit julgustab v\u00e4lja \u00fctlema oma t\u00f5de, k\u00f5rvaldades hirmu ja blokeeringud. Avab kurgut\u0161akrat, julgustades enesev\u00e4ljendust ja suhtlemist.","og_url":"https:\/\/www.hingelaegas.ee\/en\/product\/kaelaripats-kuaniit\/","og_site_name":"Hingelaegas","article_modified_time":"2024-08-12T09:15:24+00:00","og_image":[{"width":800,"height":799,"url":"https:\/\/i0.wp.com\/www.hingelaegas.ee\/wp-content\/uploads\/2021\/02\/IMG_20210225_103625-e1692879625809.jpg?fit=800%2C799&ssl=1","type":"image\/jpeg"}],"twitter_card":"summary_large_image","twitter_misc":{"Estimated reading time":"2 minutes"},"schema":{"@context":"https:\/\/schema.org","@graph":[{"@type":"WebPage","@id":"https:\/\/www.hingelaegas.ee\/en\/product\/kaelaripats-kuaniit\/","url":"https:\/\/www.hingelaegas.ee\/en\/product\/kaelaripats-kuaniit\/","name":"Kaelaripats, k\u00fcaniit, h\u00f5be 925 - Hingelaegas","isPartOf":{"@id":"https:\/\/www.hingelaegas.ee\/en\/#website"},"primaryImageOfPage":{"@id":"https:\/\/www.hingelaegas.ee\/en\/product\/kaelaripats-kuaniit\/#primaryimage"},"image":{"@id":"https:\/\/www.hingelaegas.ee\/en\/product\/kaelaripats-kuaniit\/#primaryimage"},"thumbnailUrl":"https:\/\/i0.wp.com\/hingelaegas.ee\/wp-content\/uploads\/2021\/02\/IMG_20210225_103625-e1692879625809.jpg?fit=800%2C799&ssl=1","datePublished":"2021-02-26T19:03:34+00:00","dateModified":"2024-08-12T09:15:24+00:00","description":"K\u00fcaniit julgustab v\u00e4lja \u00fctlema oma t\u00f5de, k\u00f5rvaldades hirmu ja blokeeringud. Avab kurgut\u0161akrat, julgustades enesev\u00e4ljendust ja suhtlemist.","breadcrumb":{"@id":"https:\/\/www.hingelaegas.ee\/en\/product\/kaelaripats-kuaniit\/#breadcrumb"},"inLanguage":"en-GB","potentialAction":[{"@type":"ReadAction","target":["https:\/\/www.hingelaegas.ee\/en\/product\/kaelaripats-kuaniit\/"]}]},{"@type":"ImageObject","inLanguage":"en-GB","@id":"https:\/\/www.hingelaegas.ee\/en\/product\/kaelaripats-kuaniit\/#primaryimage","url":"https:\/\/i0.wp.com\/hingelaegas.ee\/wp-content\/uploads\/2021\/02\/IMG_20210225_103625-e1692879625809.jpg?fit=800%2C799&ssl=1","contentUrl":"https:\/\/i0.wp.com\/hingelaegas.ee\/wp-content\/uploads\/2021\/02\/IMG_20210225_103625-e1692879625809.jpg?fit=800%2C799&ssl=1","width":800,"height":799,"caption":"edf_vivi"},{"@type":"BreadcrumbList","@id":"https:\/\/www.hingelaegas.ee\/en\/product\/kaelaripats-kuaniit\/#breadcrumb","itemListElement":[{"@type":"ListItem","position":1,"name":"Home","item":"https:\/\/www.hingelaegas.ee\/en\/"},{"@type":"ListItem","position":2,"name":"E-POOD","item":"https:\/\/www.hingelaegas.ee\/en\/e-pood\/"},{"@type":"ListItem","position":3,"name":"Kaelaripats, k\u00fcaniit, h\u00f5be 925"}]},{"@type":"WebSite","@id":"https:\/\/www.hingelaegas.ee\/en\/#website","url":"https:\/\/www.hingelaegas.ee\/en\/","name":"Hingelaegas","description":"For Soul. For Body. For Mind.","publisher":{"@id":"https:\/\/www.hingelaegas.ee\/en\/#organization"},"potentialAction":[{"@type":"SearchAction","target":{"@type":"EntryPoint","urlTemplate":"https:\/\/www.hingelaegas.ee\/en\/?s={search_term_string}"},"query-input":{"@type":"PropertyValueSpecification","valueRequired":true,"valueName":"search_term_string"}}],"inLanguage":"en-GB"},{"@type":"Organization","@id":"https:\/\/www.hingelaegas.ee\/en\/#organization","name":"Hingelaegas O\u00dc","url":"https:\/\/www.hingelaegas.ee\/en\/","logo":{"@type":"ImageObject","inLanguage":"en-GB","@id":"https:\/\/www.hingelaegas.ee\/en\/#\/schema\/logo\/image\/","url":"https:\/\/hingelaegas.ee\/wp-content\/uploads\/2020\/12\/hingelaegas_vaike.png","contentUrl":"https:\/\/hingelaegas.ee\/wp-content\/uploads\/2020\/12\/hingelaegas_vaike.png","width":700,"height":700,"caption":"Hingelaegas O\u00dc"},"image":{"@id":"https:\/\/www.hingelaegas.ee\/en\/#\/schema\/logo\/image\/"}}]}},"acf":[],"jetpack_likes_enabled":false,"jetpack_sharing_enabled":true,"_links":{"self":[{"href":"https:\/\/hingelaegas.ee\/en\/wp-json\/wp\/v2\/product\/2649","targetHints":{"allow":["GET"]}}],"collection":[{"href":"https:\/\/hingelaegas.ee\/en\/wp-json\/wp\/v2\/product"}],"about":[{"href":"https:\/\/hingelaegas.ee\/en\/wp-json\/wp\/v2\/types\/product"}],"replies":[{"embeddable":true,"href":"https:\/\/hingelaegas.ee\/en\/wp-json\/wp\/v2\/comments?post=2649"}],"wp:featuredmedia":[{"embeddable":true,"href":"https:\/\/hingelaegas.ee\/en\/wp-json\/wp\/v2\/media\/2638"}],"wp:attachment":[{"href":"https:\/\/hingelaegas.ee\/en\/wp-json\/wp\/v2\/media?parent=2649"}],"wp:term":[{"taxonomy":"product_brand","embeddable":true,"href":"https:\/\/hingelaegas.ee\/en\/wp-json\/wp\/v2\/product_brand?post=2649"},{"taxonomy":"product_cat","embeddable":true,"href":"https:\/\/hingelaegas.ee\/en\/wp-json\/wp\/v2\/product_cat?post=2649"},{"taxonomy":"product_tag","embeddable":true,"href":"https:\/\/hingelaegas.ee\/en\/wp-json\/wp\/v2\/product_tag?post=2649"}],"curies":[{"name":"wp","href":"https:\/\/api.w.org\/{rel}","templated":true}]}}