{"id":3003,"date":"2021-04-29T22:31:42","date_gmt":"2021-04-29T19:31:42","guid":{"rendered":"https:\/\/hingelaegas.ee\/?post_type=product&#038;p=3003"},"modified":"2025-07-02T19:35:44","modified_gmt":"2025-07-02T17:35:44","slug":"eeterlike-olide-stardikomplekt","status":"publish","type":"product","link":"https:\/\/hingelaegas.ee\/en\/product\/eeterlike-olide-stardikomplekt\/","title":{"rendered":"Essential oils starter kit (6 x 10 ml)"},"content":{"rendered":"<div id=\"pageBodyContent\">\n<div class=\"pagewrapper\">\n<div class=\"pagemain\">\n<div class=\"pagecontent web-content\">\n<div class=\"content-container\">\n<section id=\"s3\" class=\"product-content-section c50 closed\">\n<div class=\"product-content-container c50\">\n<div class=\"product-content c50 child-spacing\">\n<div id=\"tw-ob\" class=\"tw-src-ltr\">\n<div class=\"oSioSc\">\n<div id=\"tw-target\">\n<div id=\"kAz1tf\" class=\"g9WsWb\">\n<div id=\"tw-target-text-container\" class=\"tw-ta-container hide-focus-ring tw-nfl\" tabindex=\"0\">\n<div id=\"pageBodyContent\">\n<div class=\"pagewrapper\">\n<div class=\"pagemain\">\n<div class=\"pagecontent web-content\">\n<div class=\"content-container\">\n<section id=\"s3\" class=\"product-content-section c50 closed\">\n<div class=\"product-content-container c50\">\n<div class=\"product-content c50 child-spacing\">\n<div class=\"jhH5U\">\n<div id=\"tw-ob\" class=\"tw-src-ltr\">\n<div class=\"oSioSc\">\n<div id=\"tw-target\">\n<div id=\"kAz1tf\" class=\"g9WsWb\">\n<div id=\"tw-target-text-container\" class=\"tw-ta-container hide-focus-ring tw-nfl\" tabindex=\"0\">\n<div id=\"tw-ob\" class=\"tw-src-ltr\">\n<div class=\"oSioSc\">\n<div id=\"tw-target\">\n<div class=\"tw-ta-container hide-focus-ring tw-nfl\" tabindex=\"0\">\n<h2><span style=\"font-size: 14pt;\"><strong>Recommended uses<\/strong><\/span><\/h2>\n<p><span style=\"text-decoration: underline;\">Topical<\/span><\/p>\n<div id=\"pageBodyContent\">\n<div class=\"pagewrapper\">\n<div class=\"pagemain\">\n<div class=\"pagecontent web-content\">\n<div class=\"content-container\">\n<section id=\"s3\" class=\"product-content-section c50 closed\">\n<div class=\"product-content-container c50\">\n<div class=\"product-content c50 child-spacing\">\n<div class=\"list-block c83\">\n<ul class=\"c83\">\n<li class=\"c83\">It is recommended to use essential oils and their blend in a diluted form. Especially for sensitive and gentle skin. This means adding a small amount of water or carrier oil before applying it to the skin. The blend can be placed, for example, in a roll-on bottle that is convenient to carry along and can be used at any convenient time.<\/li>\n<li class=\"c83\">Can also be added to a neutral unscented cream, lotion, or liquid soap to achieve radiant and healthy skin.<\/li>\n<\/ul>\n<\/div>\n<div class=\"list-block c83\">\n<div class=\"heading c83\"><u>Aromatic<\/u><\/div>\n<\/div>\n<div class=\"list-block c83\">\n<ul class=\"c83\">\n<li class=\"c83\">Can be used in an aroma diffuser both at home or in the office to create a pleasant and cozy atmosphere that relaxes the senses and creates a pleasant aroma around you.<\/li>\n<li>It can also be added to an oil burner. Don't forget to add water to the oil burner and then drip in the essential oil! Pure essential oil is too strong and has a faint odor.<\/li>\n<li>Can be added to hot bath water and enjoy an aromatic mini-vacation in the middle of everyday life or at the end of a busy week.<\/li>\n<li>Can be diluted in the spray bottle with water and spray it at home, in the office, or just to refresh your bed linen.<\/li>\n<li>Can also be applied under the sole or sprayed on a pillow to promote sleep.<\/li>\n<li>During long car trips, use the car diffuser to create a pleasant atmosphere and stimulate your senses.<\/li>\n<li>If you are a sauna fan, then of course you can also use essential oils for a relaxing sauna experience.<\/li>\n<\/ul>\n<p>&nbsp;<\/p>\n<\/div>\n<\/div>\n<\/div>\n<\/section>\n<\/div>\n<\/div>\n<\/div>\n<\/div>\n<\/div>\n<\/div>\n<\/div>\n<\/div>\n<\/div>\n<\/div>\n<\/div>\n<\/div>\n<\/div>\n<\/div>\n<\/div>\n<p>You can read more about aromatherapy and essential oils from <a href=\"https:\/\/hingelaegas.ee\/blogi\/aroomiteraapia-ja-eeterlike-olide-kasulikud-omadused-ning-kasutamine\/\"><strong>HERE<\/strong><\/a>.<\/p>\n<p>&nbsp;<\/p>\n<\/div>\n<\/div>\n<\/section>\n<section id=\"s4\" class=\"product-content-section c50 closed\">\n<div class=\"product-content-container c50\">\n<h2 class=\"heading c50\"><em style=\"font-size: 16px;\">Caution!<\/em><\/h2>\n<ul>\n<li>Keep out of reach of children.<\/li>\n<li>For external use only.<\/li>\n<li>Avoid contact with eyes or mucous membranes.<\/li>\n<li>In case of pregnancy, breast-feeding, taking medication or any other medical condition, consult your doctor before use.<\/li>\n<li>The information about essential and carrier oils on Hingelaegas website comes from public sources. The information given does not constitute health advice and references to the properties and effects of the oils are based on aromatherapy and folk medicine. Therefore, Hingelaegas O\u00dc can't be held responsible for the accuracy of the information. The use of essential and carrier oils is the responsibility of each indiviudal itself.<\/li>\n<\/ul>\n<\/div>\n<\/section>\n<\/div>\n<\/div>\n<\/div>\n<\/div>\n<\/div>\n<\/div>\n<\/div>\n<\/div>\n<\/div>\n<\/div>\n<\/div>\n<\/div>\n<\/section>\n<\/div>\n<\/div>\n<\/div>\n<\/div>\n<\/div>","protected":false},"excerpt":{"rendered":"<p>The essential oils starter set is composed of six most common essential oils and is perfect for an introduction to aromatherapy.<\/p>\n<p>Perfect set for a novice fragrance gourmet who wants to improve and enhance their psychological, emotional and physical well-being with the help of pure nature. The essential oils included in the set can be mixed together to create a special aroma that caresses your sense of smell!<\/p>\n<p>You can see the recommendations for use in the description below.<\/p>\n<p><strong>The set includes:<\/strong><\/p>\n<p>1 x <a href=\"https:\/\/hingelaegas.ee\/product\/lavendel-eeterlik-oli\">lavender<\/a> (<em>Lavandula angustifolia<\/em>) essential oil<\/p>\n<p>1 x <a href=\"https:\/\/hingelaegas.ee\/product\/piparmunt-eeterlik-oli\">peppermint<\/a> (<i>Mentha piperita<\/i>) essential oil<\/p>\n<p>1 x <a href=\"https:\/\/hingelaegas.ee\/product\/teepuu-eeterlik-oli\">tea tree<\/a> (<em>Melaleuca alternifolia<\/em>) essential oil<\/p>\n<p>1 x <a href=\"https:\/\/hingelaegas.ee\/product\/kaneel-eeterlik-oli\">cinnamon<\/a> (<em>Cinnamomum zeylanicum<\/em>) essential oil<\/p>\n<p>1 x <a href=\"https:\/\/hingelaegas.ee\/product\/bergamott-eeterlik-oli\">bergamot<\/a> (<em>Citrus bergamia<\/em>) essential oil<\/p>\n<p>1 x <a href=\"https:\/\/hingelaegas.ee\/product\/magus-apelsin-eeterlik-oli\">sweet orange<\/a> (<em>Citrus sinensis<\/em>) essential oil<\/p>\n<p><strong>Volume<\/strong><\/p>\n<p>6 x 10 ml<\/p>","protected":false},"featured_media":3027,"comment_status":"open","ping_status":"closed","template":"","meta":{"_monsterinsights_skip_tracking":false,"_monsterinsights_sitenote_active":false,"_monsterinsights_sitenote_note":"","_monsterinsights_sitenote_category":0},"product_brand":[],"product_cat":[102,413],"product_tag":[138,180,267,414],"class_list":{"0":"post-3003","1":"product","2":"type-product","3":"status-publish","4":"has-post-thumbnail","6":"product_cat-eeterlikud-olid","7":"product_cat-kinkekomplektid","8":"product_tag-aroomiteraapia","9":"product_tag-eeterlike-olide-segud","10":"product_tag-eeterlikud-olid","11":"product_tag-kinkekomplektid","13":"first","14":"instock","15":"taxable","16":"shipping-taxable","17":"purchasable","18":"product-type-simple"},"yoast_head":"<!-- This site is optimized with the Yoast SEO plugin v27.3 - https:\/\/yoast.com\/product\/yoast-seo-wordpress\/ -->\n<title>Eeterlike \u00f5lide stardikomplekt (6 x 10 ml) - Hingelaegas<\/title>\n<meta name=\"description\" content=\"Eeterlike \u00f5lide stardikomplekt on kokku pandud kuuest levinumast eeterlikust \u00f5list ja sobib suurep\u00e4raselt eeterlike \u00f5lidega tutvuse sobitamiseks. Ideaalne komplekt algajale l\u00f5hnagurmaanile, kes soovib puhta looduse abil parandada enda ps\u00fchholoogilist, emotsionaalset ja f\u00fc\u00fcsilist heaolu. Komplektis sisalduvaid eeterlike \u00f5lisid v\u00f5ib omavahel kokku segada, et valmistada eriline aroom, mis paitab just Sinu l\u00f5hnameeli!\" \/>\n<meta name=\"robots\" content=\"index, follow, max-snippet:-1, max-image-preview:large, max-video-preview:-1\" \/>\n<link rel=\"canonical\" href=\"https:\/\/hingelaegas.ee\/en\/product\/eeterlike-olide-stardikomplekt\/\" \/>\n<meta property=\"og:locale\" content=\"en_GB\" \/>\n<meta property=\"og:type\" content=\"article\" \/>\n<meta property=\"og:title\" content=\"Eeterlike \u00f5lide stardikomplekt (6 x 10 ml) - Hingelaegas\" \/>\n<meta property=\"og:description\" content=\"Eeterlike \u00f5lide stardikomplekt on kokku pandud kuuest levinumast eeterlikust \u00f5list ja sobib suurep\u00e4raselt eeterlike \u00f5lidega tutvuse sobitamiseks. Ideaalne komplekt algajale l\u00f5hnagurmaanile, kes soovib puhta looduse abil parandada enda ps\u00fchholoogilist, emotsionaalset ja f\u00fc\u00fcsilist heaolu. Komplektis sisalduvaid eeterlike \u00f5lisid v\u00f5ib omavahel kokku segada, et valmistada eriline aroom, mis paitab just Sinu l\u00f5hnameeli!\" \/>\n<meta property=\"og:url\" content=\"https:\/\/hingelaegas.ee\/en\/product\/eeterlike-olide-stardikomplekt\/\" \/>\n<meta property=\"og:site_name\" content=\"Hingelaegas\" \/>\n<meta property=\"article:modified_time\" content=\"2025-07-02T17:35:44+00:00\" \/>\n<meta property=\"og:image\" content=\"https:\/\/i0.wp.com\/hingelaegas.ee\/wp-content\/uploads\/2021\/04\/EO-komplekt-2.jpg?fit=1000%2C665&ssl=1\" \/>\n\t<meta property=\"og:image:width\" content=\"1000\" \/>\n\t<meta property=\"og:image:height\" content=\"665\" \/>\n\t<meta property=\"og:image:type\" content=\"image\/jpeg\" \/>\n<meta name=\"twitter:card\" content=\"summary_large_image\" \/>\n<meta name=\"twitter:label1\" content=\"Estimated reading time\" \/>\n\t<meta name=\"twitter:data1\" content=\"2 minutes\" \/>\n<script type=\"application\/ld+json\" class=\"yoast-schema-graph\">{\"@context\":\"https:\\\/\\\/schema.org\",\"@graph\":[{\"@type\":\"WebPage\",\"@id\":\"https:\\\/\\\/hingelaegas.ee\\\/en\\\/product\\\/eeterlike-olide-stardikomplekt\\\/\",\"url\":\"https:\\\/\\\/hingelaegas.ee\\\/en\\\/product\\\/eeterlike-olide-stardikomplekt\\\/\",\"name\":\"Eeterlike \u00f5lide stardikomplekt (6 x 10 ml) - Hingelaegas\",\"isPartOf\":{\"@id\":\"https:\\\/\\\/www.hingelaegas.ee\\\/#website\"},\"primaryImageOfPage\":{\"@id\":\"https:\\\/\\\/hingelaegas.ee\\\/en\\\/product\\\/eeterlike-olide-stardikomplekt\\\/#primaryimage\"},\"image\":{\"@id\":\"https:\\\/\\\/hingelaegas.ee\\\/en\\\/product\\\/eeterlike-olide-stardikomplekt\\\/#primaryimage\"},\"thumbnailUrl\":\"https:\\\/\\\/i0.wp.com\\\/hingelaegas.ee\\\/wp-content\\\/uploads\\\/2021\\\/04\\\/EO-komplekt-2.jpg?fit=1000%2C665&ssl=1\",\"datePublished\":\"2021-04-29T19:31:42+00:00\",\"dateModified\":\"2025-07-02T17:35:44+00:00\",\"description\":\"Eeterlike \u00f5lide stardikomplekt on kokku pandud kuuest levinumast eeterlikust \u00f5list ja sobib suurep\u00e4raselt eeterlike \u00f5lidega tutvuse sobitamiseks. Ideaalne komplekt algajale l\u00f5hnagurmaanile, kes soovib puhta looduse abil parandada enda ps\u00fchholoogilist, emotsionaalset ja f\u00fc\u00fcsilist heaolu. Komplektis sisalduvaid eeterlike \u00f5lisid v\u00f5ib omavahel kokku segada, et valmistada eriline aroom, mis paitab just Sinu l\u00f5hnameeli!\",\"breadcrumb\":{\"@id\":\"https:\\\/\\\/hingelaegas.ee\\\/en\\\/product\\\/eeterlike-olide-stardikomplekt\\\/#breadcrumb\"},\"inLanguage\":\"en-GB\",\"potentialAction\":[{\"@type\":\"ReadAction\",\"target\":[\"https:\\\/\\\/hingelaegas.ee\\\/en\\\/product\\\/eeterlike-olide-stardikomplekt\\\/\"]}]},{\"@type\":\"ImageObject\",\"inLanguage\":\"en-GB\",\"@id\":\"https:\\\/\\\/hingelaegas.ee\\\/en\\\/product\\\/eeterlike-olide-stardikomplekt\\\/#primaryimage\",\"url\":\"https:\\\/\\\/i0.wp.com\\\/hingelaegas.ee\\\/wp-content\\\/uploads\\\/2021\\\/04\\\/EO-komplekt-2.jpg?fit=1000%2C665&ssl=1\",\"contentUrl\":\"https:\\\/\\\/i0.wp.com\\\/hingelaegas.ee\\\/wp-content\\\/uploads\\\/2021\\\/04\\\/EO-komplekt-2.jpg?fit=1000%2C665&ssl=1\",\"width\":1000,\"height\":665,\"caption\":\"dav_vivi\"},{\"@type\":\"BreadcrumbList\",\"@id\":\"https:\\\/\\\/hingelaegas.ee\\\/en\\\/product\\\/eeterlike-olide-stardikomplekt\\\/#breadcrumb\",\"itemListElement\":[{\"@type\":\"ListItem\",\"position\":1,\"name\":\"Home\",\"item\":\"https:\\\/\\\/www.hingelaegas.ee\\\/\"},{\"@type\":\"ListItem\",\"position\":2,\"name\":\"E-POOD\",\"item\":\"https:\\\/\\\/www.hingelaegas.ee\\\/e-pood\\\/\"},{\"@type\":\"ListItem\",\"position\":3,\"name\":\"Eeterlike \u00f5lide stardikomplekt (6 x 10 ml)\"}]},{\"@type\":\"WebSite\",\"@id\":\"https:\\\/\\\/www.hingelaegas.ee\\\/#website\",\"url\":\"https:\\\/\\\/www.hingelaegas.ee\\\/\",\"name\":\"Hingelaegas\",\"description\":\"Hingele. Kehale. Vaimule.\",\"publisher\":{\"@id\":\"https:\\\/\\\/www.hingelaegas.ee\\\/#organization\"},\"potentialAction\":[{\"@type\":\"SearchAction\",\"target\":{\"@type\":\"EntryPoint\",\"urlTemplate\":\"https:\\\/\\\/www.hingelaegas.ee\\\/?s={search_term_string}\"},\"query-input\":{\"@type\":\"PropertyValueSpecification\",\"valueRequired\":true,\"valueName\":\"search_term_string\"}}],\"inLanguage\":\"en-GB\"},{\"@type\":\"Organization\",\"@id\":\"https:\\\/\\\/www.hingelaegas.ee\\\/#organization\",\"name\":\"Hingelaegas O\u00dc\",\"url\":\"https:\\\/\\\/www.hingelaegas.ee\\\/\",\"logo\":{\"@type\":\"ImageObject\",\"inLanguage\":\"en-GB\",\"@id\":\"https:\\\/\\\/www.hingelaegas.ee\\\/#\\\/schema\\\/logo\\\/image\\\/\",\"url\":\"https:\\\/\\\/hingelaegas.ee\\\/wp-content\\\/uploads\\\/2020\\\/12\\\/hingelaegas_vaike.png\",\"contentUrl\":\"https:\\\/\\\/hingelaegas.ee\\\/wp-content\\\/uploads\\\/2020\\\/12\\\/hingelaegas_vaike.png\",\"width\":700,\"height\":700,\"caption\":\"Hingelaegas O\u00dc\"},\"image\":{\"@id\":\"https:\\\/\\\/www.hingelaegas.ee\\\/#\\\/schema\\\/logo\\\/image\\\/\"}}]}<\/script>\n<!-- \/ Yoast SEO plugin. -->","yoast_head_json":{"title":"Eeterlike \u00f5lide stardikomplekt (6 x 10 ml) - Hingelaegas","description":"Eeterlike \u00f5lide stardikomplekt on kokku pandud kuuest levinumast eeterlikust \u00f5list ja sobib suurep\u00e4raselt eeterlike \u00f5lidega tutvuse sobitamiseks. Ideaalne komplekt algajale l\u00f5hnagurmaanile, kes soovib puhta looduse abil parandada enda ps\u00fchholoogilist, emotsionaalset ja f\u00fc\u00fcsilist heaolu. Komplektis sisalduvaid eeterlike \u00f5lisid v\u00f5ib omavahel kokku segada, et valmistada eriline aroom, mis paitab just Sinu l\u00f5hnameeli!","robots":{"index":"index","follow":"follow","max-snippet":"max-snippet:-1","max-image-preview":"max-image-preview:large","max-video-preview":"max-video-preview:-1"},"canonical":"https:\/\/hingelaegas.ee\/en\/product\/eeterlike-olide-stardikomplekt\/","og_locale":"en_GB","og_type":"article","og_title":"Eeterlike \u00f5lide stardikomplekt (6 x 10 ml) - Hingelaegas","og_description":"Eeterlike \u00f5lide stardikomplekt on kokku pandud kuuest levinumast eeterlikust \u00f5list ja sobib suurep\u00e4raselt eeterlike \u00f5lidega tutvuse sobitamiseks. Ideaalne komplekt algajale l\u00f5hnagurmaanile, kes soovib puhta looduse abil parandada enda ps\u00fchholoogilist, emotsionaalset ja f\u00fc\u00fcsilist heaolu. Komplektis sisalduvaid eeterlike \u00f5lisid v\u00f5ib omavahel kokku segada, et valmistada eriline aroom, mis paitab just Sinu l\u00f5hnameeli!","og_url":"https:\/\/hingelaegas.ee\/en\/product\/eeterlike-olide-stardikomplekt\/","og_site_name":"Hingelaegas","article_modified_time":"2025-07-02T17:35:44+00:00","og_image":[{"width":1000,"height":665,"url":"https:\/\/i0.wp.com\/hingelaegas.ee\/wp-content\/uploads\/2021\/04\/EO-komplekt-2.jpg?fit=1000%2C665&ssl=1","type":"image\/jpeg"}],"twitter_card":"summary_large_image","twitter_misc":{"Estimated reading time":"2 minutes"},"schema":{"@context":"https:\/\/schema.org","@graph":[{"@type":"WebPage","@id":"https:\/\/hingelaegas.ee\/en\/product\/eeterlike-olide-stardikomplekt\/","url":"https:\/\/hingelaegas.ee\/en\/product\/eeterlike-olide-stardikomplekt\/","name":"Eeterlike \u00f5lide stardikomplekt (6 x 10 ml) - Hingelaegas","isPartOf":{"@id":"https:\/\/www.hingelaegas.ee\/#website"},"primaryImageOfPage":{"@id":"https:\/\/hingelaegas.ee\/en\/product\/eeterlike-olide-stardikomplekt\/#primaryimage"},"image":{"@id":"https:\/\/hingelaegas.ee\/en\/product\/eeterlike-olide-stardikomplekt\/#primaryimage"},"thumbnailUrl":"https:\/\/i0.wp.com\/hingelaegas.ee\/wp-content\/uploads\/2021\/04\/EO-komplekt-2.jpg?fit=1000%2C665&ssl=1","datePublished":"2021-04-29T19:31:42+00:00","dateModified":"2025-07-02T17:35:44+00:00","description":"Eeterlike \u00f5lide stardikomplekt on kokku pandud kuuest levinumast eeterlikust \u00f5list ja sobib suurep\u00e4raselt eeterlike \u00f5lidega tutvuse sobitamiseks. Ideaalne komplekt algajale l\u00f5hnagurmaanile, kes soovib puhta looduse abil parandada enda ps\u00fchholoogilist, emotsionaalset ja f\u00fc\u00fcsilist heaolu. Komplektis sisalduvaid eeterlike \u00f5lisid v\u00f5ib omavahel kokku segada, et valmistada eriline aroom, mis paitab just Sinu l\u00f5hnameeli!","breadcrumb":{"@id":"https:\/\/hingelaegas.ee\/en\/product\/eeterlike-olide-stardikomplekt\/#breadcrumb"},"inLanguage":"en-GB","potentialAction":[{"@type":"ReadAction","target":["https:\/\/hingelaegas.ee\/en\/product\/eeterlike-olide-stardikomplekt\/"]}]},{"@type":"ImageObject","inLanguage":"en-GB","@id":"https:\/\/hingelaegas.ee\/en\/product\/eeterlike-olide-stardikomplekt\/#primaryimage","url":"https:\/\/i0.wp.com\/hingelaegas.ee\/wp-content\/uploads\/2021\/04\/EO-komplekt-2.jpg?fit=1000%2C665&ssl=1","contentUrl":"https:\/\/i0.wp.com\/hingelaegas.ee\/wp-content\/uploads\/2021\/04\/EO-komplekt-2.jpg?fit=1000%2C665&ssl=1","width":1000,"height":665,"caption":"dav_vivi"},{"@type":"BreadcrumbList","@id":"https:\/\/hingelaegas.ee\/en\/product\/eeterlike-olide-stardikomplekt\/#breadcrumb","itemListElement":[{"@type":"ListItem","position":1,"name":"Home","item":"https:\/\/www.hingelaegas.ee\/"},{"@type":"ListItem","position":2,"name":"E-POOD","item":"https:\/\/www.hingelaegas.ee\/e-pood\/"},{"@type":"ListItem","position":3,"name":"Eeterlike \u00f5lide stardikomplekt (6 x 10 ml)"}]},{"@type":"WebSite","@id":"https:\/\/www.hingelaegas.ee\/#website","url":"https:\/\/www.hingelaegas.ee\/","name":"Hingelaegas","description":"For Soul. For Body. For Mind.","publisher":{"@id":"https:\/\/www.hingelaegas.ee\/#organization"},"potentialAction":[{"@type":"SearchAction","target":{"@type":"EntryPoint","urlTemplate":"https:\/\/www.hingelaegas.ee\/?s={search_term_string}"},"query-input":{"@type":"PropertyValueSpecification","valueRequired":true,"valueName":"search_term_string"}}],"inLanguage":"en-GB"},{"@type":"Organization","@id":"https:\/\/www.hingelaegas.ee\/#organization","name":"Hingelaegas O\u00dc","url":"https:\/\/www.hingelaegas.ee\/","logo":{"@type":"ImageObject","inLanguage":"en-GB","@id":"https:\/\/www.hingelaegas.ee\/#\/schema\/logo\/image\/","url":"https:\/\/hingelaegas.ee\/wp-content\/uploads\/2020\/12\/hingelaegas_vaike.png","contentUrl":"https:\/\/hingelaegas.ee\/wp-content\/uploads\/2020\/12\/hingelaegas_vaike.png","width":700,"height":700,"caption":"Hingelaegas O\u00dc"},"image":{"@id":"https:\/\/www.hingelaegas.ee\/#\/schema\/logo\/image\/"}}]}},"acf":[],"jetpack_likes_enabled":false,"jetpack_sharing_enabled":true,"_links":{"self":[{"href":"https:\/\/hingelaegas.ee\/en\/wp-json\/wp\/v2\/product\/3003","targetHints":{"allow":["GET"]}}],"collection":[{"href":"https:\/\/hingelaegas.ee\/en\/wp-json\/wp\/v2\/product"}],"about":[{"href":"https:\/\/hingelaegas.ee\/en\/wp-json\/wp\/v2\/types\/product"}],"replies":[{"embeddable":true,"href":"https:\/\/hingelaegas.ee\/en\/wp-json\/wp\/v2\/comments?post=3003"}],"wp:featuredmedia":[{"embeddable":true,"href":"https:\/\/hingelaegas.ee\/en\/wp-json\/wp\/v2\/media\/3027"}],"wp:attachment":[{"href":"https:\/\/hingelaegas.ee\/en\/wp-json\/wp\/v2\/media?parent=3003"}],"wp:term":[{"taxonomy":"product_brand","embeddable":true,"href":"https:\/\/hingelaegas.ee\/en\/wp-json\/wp\/v2\/product_brand?post=3003"},{"taxonomy":"product_cat","embeddable":true,"href":"https:\/\/hingelaegas.ee\/en\/wp-json\/wp\/v2\/product_cat?post=3003"},{"taxonomy":"product_tag","embeddable":true,"href":"https:\/\/hingelaegas.ee\/en\/wp-json\/wp\/v2\/product_tag?post=3003"}],"curies":[{"name":"wp","href":"https:\/\/api.w.org\/{rel}","templated":true}]}}