{"id":3005,"date":"2021-04-30T11:32:35","date_gmt":"2021-04-30T08:32:35","guid":{"rendered":"https:\/\/hingelaegas.ee\/?post_type=product&#038;p=3005"},"modified":"2025-12-14T12:18:35","modified_gmt":"2025-12-14T10:18:35","slug":"kuunalde-valmistamise-komplekt","status":"publish","type":"product","link":"https:\/\/hingelaegas.ee\/en\/product\/kuunalde-valmistamise-komplekt\/","title":{"rendered":"Candle making set \"DIY Master Class\""},"content":{"rendered":"<div id=\"pageBodyContent\">\n<div class=\"pagewrapper\">\n<div class=\"pagemain\">\n<div class=\"pagecontent web-content\">\n<div class=\"content-container\">\n<section id=\"s3\" class=\"product-content-section c50 closed\">\n<div class=\"product-content-container c50\">\n<div class=\"product-content c50 child-spacing\">\n<div id=\"tw-ob\" class=\"tw-src-ltr\">\n<div class=\"oSioSc\">\n<div id=\"tw-target\">\n<div id=\"kAz1tf\" class=\"g9WsWb\">\n<div id=\"tw-target-text-container\" class=\"tw-ta-container hide-focus-ring tw-nfl\" tabindex=\"0\">\n<div id=\"pageBodyContent\">\n<div class=\"pagewrapper\">\n<div class=\"pagemain\">\n<div class=\"pagecontent web-content\">\n<div class=\"content-container\">\n<section id=\"s3\" class=\"product-content-section c50 closed\">\n<div class=\"product-content-container c50\">\n<div class=\"product-content c50 child-spacing\">\n<div class=\"jhH5U\">\n<div id=\"tw-ob\" class=\"tw-src-ltr\">\n<div class=\"oSioSc\">\n<div id=\"tw-target\">\n<div id=\"kAz1tf\" class=\"g9WsWb\">\n<div id=\"tw-target-text-container\" class=\"tw-ta-container hide-focus-ring tw-nfl\" tabindex=\"0\">\n<div id=\"tw-ob\" class=\"tw-src-ltr\">\n<div class=\"oSioSc\">\n<div id=\"tw-target\">\n<div class=\"tw-ta-container hide-focus-ring tw-nfl\" tabindex=\"0\">Hingelaegas' handmade candles are made of 100%<strong> natural and environmental-friendly soy wax<\/strong> and scented with <strong>pure essential oils<\/strong>. Wicked with an <strong>eco-friendly natural coreless wick<\/strong>, braided with natural flat cotton and surrounded by a stiffening paper wrapper.<\/div>\n<\/div>\n<\/div>\n<\/div>\n<\/div>\n<\/div>\n<\/div>\n<\/div>\n<\/div>\n<\/div>\n<p>&nbsp;<\/p>\n<p><em><strong>USE INSTRUCTIONS<\/strong><\/em><\/p>\n<p>ALWAYS cut the wick to a length of about 0.5 cm before lighting the candle. This ensures that the candle burns cleanly and does not start to soot. An uncut candle usually burns with too much flame, causing the candlestick to soot and produce smoke. If the flame is too large, extinguish the candle, cut the wick shorter and then light the candle again. However, if the wick has been left uncut and has sooted the container, the soot can easily be wiped off later with a paper towel or a napkin.<\/p>\n<p>Never leave a burning candle unattended!<\/p>\n<p>Keep the burning candle out of reach of children and pets!<\/p>\n<p>Burn the candle until the entire surface melts. This ensures that the candle burns evenly.<\/p>\n<p>Always burn the candle on a heat-resistant base, away from objects that can catch fire.<\/p>\n<p>Do not burn the candle for more than 4 hours consecutively.<\/p>\n<p>Stop burning the candle if there is less than 0.5 cm of wax left on the bottom of the container. When you stop burning a candle, be careful moving the container, as the glass may be hot.<\/p>\n<\/div>\n<\/div>\n<\/section>\n<\/div>\n<\/div>\n<\/div>\n<\/div>\n<\/div>\n<\/div>\n<\/div>\n<\/div>\n<\/div>\n<\/div>\n<\/div>\n<\/div>\n<\/section>\n<\/div>\n<\/div>\n<\/div>\n<\/div>\n<\/div>","protected":false},"excerpt":{"rendered":"<p>The candle making set \"DIY Master Class\" is suitable for a craftsperson as well as a complete layman in the field of crafts. The kit comes with a very comprehensive guide that instructs you step by step on what and how to do it.<\/p>\n<p>This is a set for making fragrance-free candles. If you want to spice up the making of a candle, you can add the essential oils you like to this set.<\/p>\n<p><strong>The set includes:<\/strong><\/p>\n<ul>\n<li>100%<strong> natural and GMO-free soy wax flakes<\/strong> (280 g)<\/li>\n<li><strong>eco-friendly natural coreless wick<\/strong>, braided with natural flat cotton and surrounded by a stiffening paper wrapper (2 pcs)<\/li>\n<li>bases of double-sided tape for attaching candlesticks to a container (2 pcs)<\/li>\n<li>glass jars with lids (2 pcs)<\/li>\n<li>safety labels for attaching to the bottom of containers (2 pcs)<\/li>\n<li>candle labels, on which can be decorated with a name or a message with a chalk or a marker (2 pcs)<\/li>\n<li>a comprehensive guide to making candles<\/li>\n<\/ul>\n<p>Dimensions of the gift box: 20x20x8 cm<\/p>","protected":false},"featured_media":3017,"comment_status":"open","ping_status":"closed","template":"","meta":{"_monsterinsights_skip_tracking":false,"_monsterinsights_sitenote_active":false,"_monsterinsights_sitenote_note":"","_monsterinsights_sitenote_category":0},"product_brand":[],"product_cat":[574,413],"product_tag":[195,181,138,180,267,414],"class_list":{"0":"post-3005","1":"product","2":"type-product","3":"status-publish","4":"has-post-thumbnail","6":"product_cat-diy-tee-ise","7":"product_cat-kinkekomplektid","8":"product_tag-aroomilambid","9":"product_tag-aroomipihustid","10":"product_tag-aroomiteraapia","11":"product_tag-eeterlike-olide-segud","12":"product_tag-eeterlikud-olid","13":"product_tag-kinkekomplektid","15":"first","16":"instock","17":"taxable","18":"shipping-taxable","19":"purchasable","20":"product-type-simple"},"yoast_head":"<!-- This site is optimized with the Yoast SEO plugin v27.3 - https:\/\/yoast.com\/product\/yoast-seo-wordpress\/ -->\n<title>K\u00fc\u00fcnalde valmistamise komplekt &quot;Isetegemise Meistriklass&quot; - Hingelaegas<\/title>\n<meta name=\"description\" content=\"K\u00fc\u00fcnalde valmistamise komplekt &quot;Isetegemise Meistriklass&quot; sobib nii k\u00e4sit\u00f6\u00f6s\u00f5brale kui ka t\u00e4iesti v\u00f5hikule k\u00e4sit\u00f6\u00f6 ja meisterdamise vallas. Komplektiga on kaasas v\u00e4ga p\u00f5hjalik juhend, mis juhendab samm-sammult, mida ja kuidas on vaja teha.\" \/>\n<meta name=\"robots\" content=\"index, follow, max-snippet:-1, max-image-preview:large, max-video-preview:-1\" \/>\n<link rel=\"canonical\" href=\"https:\/\/hingelaegas.ee\/en\/product\/kuunalde-valmistamise-komplekt\/\" \/>\n<meta property=\"og:locale\" content=\"en_GB\" \/>\n<meta property=\"og:type\" content=\"article\" \/>\n<meta property=\"og:title\" content=\"K\u00fc\u00fcnalde valmistamise komplekt &quot;Isetegemise Meistriklass&quot; - Hingelaegas\" \/>\n<meta property=\"og:description\" content=\"K\u00fc\u00fcnalde valmistamise komplekt &quot;Isetegemise Meistriklass&quot; sobib nii k\u00e4sit\u00f6\u00f6s\u00f5brale kui ka t\u00e4iesti v\u00f5hikule k\u00e4sit\u00f6\u00f6 ja meisterdamise vallas. Komplektiga on kaasas v\u00e4ga p\u00f5hjalik juhend, mis juhendab samm-sammult, mida ja kuidas on vaja teha.\" \/>\n<meta property=\"og:url\" content=\"https:\/\/hingelaegas.ee\/en\/product\/kuunalde-valmistamise-komplekt\/\" \/>\n<meta property=\"og:site_name\" content=\"Hingelaegas\" \/>\n<meta property=\"article:modified_time\" content=\"2025-12-14T10:18:35+00:00\" \/>\n<meta property=\"og:image\" content=\"https:\/\/i0.wp.com\/www.hingelaegas.ee\/wp-content\/uploads\/2021\/04\/KK-Isetegemise-MK.jpg?fit=800%2C798&ssl=1\" \/>\n\t<meta property=\"og:image:width\" content=\"800\" \/>\n\t<meta property=\"og:image:height\" content=\"798\" \/>\n\t<meta property=\"og:image:type\" content=\"image\/jpeg\" \/>\n<meta name=\"twitter:card\" content=\"summary_large_image\" \/>\n<meta name=\"twitter:label1\" content=\"Estimated reading time\" \/>\n\t<meta name=\"twitter:data1\" content=\"2 minutes\" \/>\n<script type=\"application\/ld+json\" class=\"yoast-schema-graph\">{\"@context\":\"https:\\\/\\\/schema.org\",\"@graph\":[{\"@type\":\"WebPage\",\"@id\":\"https:\\\/\\\/hingelaegas.ee\\\/product\\\/kuunalde-valmistamise-komplekt\\\/\",\"url\":\"https:\\\/\\\/hingelaegas.ee\\\/product\\\/kuunalde-valmistamise-komplekt\\\/\",\"name\":\"K\u00fc\u00fcnalde valmistamise komplekt \\\"Isetegemise Meistriklass\\\" - Hingelaegas\",\"isPartOf\":{\"@id\":\"https:\\\/\\\/www.hingelaegas.ee\\\/#website\"},\"primaryImageOfPage\":{\"@id\":\"https:\\\/\\\/hingelaegas.ee\\\/product\\\/kuunalde-valmistamise-komplekt\\\/#primaryimage\"},\"image\":{\"@id\":\"https:\\\/\\\/hingelaegas.ee\\\/product\\\/kuunalde-valmistamise-komplekt\\\/#primaryimage\"},\"thumbnailUrl\":\"https:\\\/\\\/i0.wp.com\\\/www.hingelaegas.ee\\\/wp-content\\\/uploads\\\/2021\\\/04\\\/KK-Isetegemise-MK.jpg?fit=800%2C798&ssl=1\",\"datePublished\":\"2021-04-30T08:32:35+00:00\",\"dateModified\":\"2025-12-14T10:18:35+00:00\",\"description\":\"K\u00fc\u00fcnalde valmistamise komplekt \\\"Isetegemise Meistriklass\\\" sobib nii k\u00e4sit\u00f6\u00f6s\u00f5brale kui ka t\u00e4iesti v\u00f5hikule k\u00e4sit\u00f6\u00f6 ja meisterdamise vallas. Komplektiga on kaasas v\u00e4ga p\u00f5hjalik juhend, mis juhendab samm-sammult, mida ja kuidas on vaja teha.\",\"breadcrumb\":{\"@id\":\"https:\\\/\\\/hingelaegas.ee\\\/product\\\/kuunalde-valmistamise-komplekt\\\/#breadcrumb\"},\"inLanguage\":\"en-GB\",\"potentialAction\":[{\"@type\":\"ReadAction\",\"target\":[\"https:\\\/\\\/hingelaegas.ee\\\/product\\\/kuunalde-valmistamise-komplekt\\\/\"]}]},{\"@type\":\"ImageObject\",\"inLanguage\":\"en-GB\",\"@id\":\"https:\\\/\\\/hingelaegas.ee\\\/product\\\/kuunalde-valmistamise-komplekt\\\/#primaryimage\",\"url\":\"https:\\\/\\\/i0.wp.com\\\/www.hingelaegas.ee\\\/wp-content\\\/uploads\\\/2021\\\/04\\\/KK-Isetegemise-MK.jpg?fit=800%2C798&ssl=1\",\"contentUrl\":\"https:\\\/\\\/i0.wp.com\\\/www.hingelaegas.ee\\\/wp-content\\\/uploads\\\/2021\\\/04\\\/KK-Isetegemise-MK.jpg?fit=800%2C798&ssl=1\",\"width\":800,\"height\":798,\"caption\":\"edf_vivi\"},{\"@type\":\"BreadcrumbList\",\"@id\":\"https:\\\/\\\/hingelaegas.ee\\\/product\\\/kuunalde-valmistamise-komplekt\\\/#breadcrumb\",\"itemListElement\":[{\"@type\":\"ListItem\",\"position\":1,\"name\":\"Home\",\"item\":\"https:\\\/\\\/www.hingelaegas.ee\\\/\"},{\"@type\":\"ListItem\",\"position\":2,\"name\":\"E-POOD\",\"item\":\"https:\\\/\\\/www.hingelaegas.ee\\\/e-pood\\\/\"},{\"@type\":\"ListItem\",\"position\":3,\"name\":\"K\u00fc\u00fcnalde valmistamise komplekt &#8220;Isetegemise Meistriklass&#8221;\"}]},{\"@type\":\"WebSite\",\"@id\":\"https:\\\/\\\/www.hingelaegas.ee\\\/#website\",\"url\":\"https:\\\/\\\/www.hingelaegas.ee\\\/\",\"name\":\"Hingelaegas\",\"description\":\"Hingele. Kehale. Vaimule.\",\"publisher\":{\"@id\":\"https:\\\/\\\/www.hingelaegas.ee\\\/#organization\"},\"potentialAction\":[{\"@type\":\"SearchAction\",\"target\":{\"@type\":\"EntryPoint\",\"urlTemplate\":\"https:\\\/\\\/www.hingelaegas.ee\\\/?s={search_term_string}\"},\"query-input\":{\"@type\":\"PropertyValueSpecification\",\"valueRequired\":true,\"valueName\":\"search_term_string\"}}],\"inLanguage\":\"en-GB\"},{\"@type\":\"Organization\",\"@id\":\"https:\\\/\\\/www.hingelaegas.ee\\\/#organization\",\"name\":\"Hingelaegas O\u00dc\",\"url\":\"https:\\\/\\\/www.hingelaegas.ee\\\/\",\"logo\":{\"@type\":\"ImageObject\",\"inLanguage\":\"en-GB\",\"@id\":\"https:\\\/\\\/www.hingelaegas.ee\\\/#\\\/schema\\\/logo\\\/image\\\/\",\"url\":\"https:\\\/\\\/hingelaegas.ee\\\/wp-content\\\/uploads\\\/2020\\\/12\\\/hingelaegas_vaike.png\",\"contentUrl\":\"https:\\\/\\\/hingelaegas.ee\\\/wp-content\\\/uploads\\\/2020\\\/12\\\/hingelaegas_vaike.png\",\"width\":700,\"height\":700,\"caption\":\"Hingelaegas O\u00dc\"},\"image\":{\"@id\":\"https:\\\/\\\/www.hingelaegas.ee\\\/#\\\/schema\\\/logo\\\/image\\\/\"}}]}<\/script>\n<!-- \/ Yoast SEO plugin. -->","yoast_head_json":{"title":"K\u00fc\u00fcnalde valmistamise komplekt \"Isetegemise Meistriklass\" - Hingelaegas","description":"K\u00fc\u00fcnalde valmistamise komplekt \"Isetegemise Meistriklass\" sobib nii k\u00e4sit\u00f6\u00f6s\u00f5brale kui ka t\u00e4iesti v\u00f5hikule k\u00e4sit\u00f6\u00f6 ja meisterdamise vallas. Komplektiga on kaasas v\u00e4ga p\u00f5hjalik juhend, mis juhendab samm-sammult, mida ja kuidas on vaja teha.","robots":{"index":"index","follow":"follow","max-snippet":"max-snippet:-1","max-image-preview":"max-image-preview:large","max-video-preview":"max-video-preview:-1"},"canonical":"https:\/\/hingelaegas.ee\/en\/product\/kuunalde-valmistamise-komplekt\/","og_locale":"en_GB","og_type":"article","og_title":"K\u00fc\u00fcnalde valmistamise komplekt \"Isetegemise Meistriklass\" - Hingelaegas","og_description":"K\u00fc\u00fcnalde valmistamise komplekt \"Isetegemise Meistriklass\" sobib nii k\u00e4sit\u00f6\u00f6s\u00f5brale kui ka t\u00e4iesti v\u00f5hikule k\u00e4sit\u00f6\u00f6 ja meisterdamise vallas. Komplektiga on kaasas v\u00e4ga p\u00f5hjalik juhend, mis juhendab samm-sammult, mida ja kuidas on vaja teha.","og_url":"https:\/\/hingelaegas.ee\/en\/product\/kuunalde-valmistamise-komplekt\/","og_site_name":"Hingelaegas","article_modified_time":"2025-12-14T10:18:35+00:00","og_image":[{"width":800,"height":798,"url":"https:\/\/i0.wp.com\/www.hingelaegas.ee\/wp-content\/uploads\/2021\/04\/KK-Isetegemise-MK.jpg?fit=800%2C798&ssl=1","type":"image\/jpeg"}],"twitter_card":"summary_large_image","twitter_misc":{"Estimated reading time":"2 minutes"},"schema":{"@context":"https:\/\/schema.org","@graph":[{"@type":"WebPage","@id":"https:\/\/hingelaegas.ee\/product\/kuunalde-valmistamise-komplekt\/","url":"https:\/\/hingelaegas.ee\/product\/kuunalde-valmistamise-komplekt\/","name":"K\u00fc\u00fcnalde valmistamise komplekt \"Isetegemise Meistriklass\" - Hingelaegas","isPartOf":{"@id":"https:\/\/www.hingelaegas.ee\/#website"},"primaryImageOfPage":{"@id":"https:\/\/hingelaegas.ee\/product\/kuunalde-valmistamise-komplekt\/#primaryimage"},"image":{"@id":"https:\/\/hingelaegas.ee\/product\/kuunalde-valmistamise-komplekt\/#primaryimage"},"thumbnailUrl":"https:\/\/i0.wp.com\/www.hingelaegas.ee\/wp-content\/uploads\/2021\/04\/KK-Isetegemise-MK.jpg?fit=800%2C798&ssl=1","datePublished":"2021-04-30T08:32:35+00:00","dateModified":"2025-12-14T10:18:35+00:00","description":"K\u00fc\u00fcnalde valmistamise komplekt \"Isetegemise Meistriklass\" sobib nii k\u00e4sit\u00f6\u00f6s\u00f5brale kui ka t\u00e4iesti v\u00f5hikule k\u00e4sit\u00f6\u00f6 ja meisterdamise vallas. Komplektiga on kaasas v\u00e4ga p\u00f5hjalik juhend, mis juhendab samm-sammult, mida ja kuidas on vaja teha.","breadcrumb":{"@id":"https:\/\/hingelaegas.ee\/product\/kuunalde-valmistamise-komplekt\/#breadcrumb"},"inLanguage":"en-GB","potentialAction":[{"@type":"ReadAction","target":["https:\/\/hingelaegas.ee\/product\/kuunalde-valmistamise-komplekt\/"]}]},{"@type":"ImageObject","inLanguage":"en-GB","@id":"https:\/\/hingelaegas.ee\/product\/kuunalde-valmistamise-komplekt\/#primaryimage","url":"https:\/\/i0.wp.com\/www.hingelaegas.ee\/wp-content\/uploads\/2021\/04\/KK-Isetegemise-MK.jpg?fit=800%2C798&ssl=1","contentUrl":"https:\/\/i0.wp.com\/www.hingelaegas.ee\/wp-content\/uploads\/2021\/04\/KK-Isetegemise-MK.jpg?fit=800%2C798&ssl=1","width":800,"height":798,"caption":"edf_vivi"},{"@type":"BreadcrumbList","@id":"https:\/\/hingelaegas.ee\/product\/kuunalde-valmistamise-komplekt\/#breadcrumb","itemListElement":[{"@type":"ListItem","position":1,"name":"Home","item":"https:\/\/www.hingelaegas.ee\/"},{"@type":"ListItem","position":2,"name":"E-POOD","item":"https:\/\/www.hingelaegas.ee\/e-pood\/"},{"@type":"ListItem","position":3,"name":"K\u00fc\u00fcnalde valmistamise komplekt &#8220;Isetegemise Meistriklass&#8221;"}]},{"@type":"WebSite","@id":"https:\/\/www.hingelaegas.ee\/#website","url":"https:\/\/www.hingelaegas.ee\/","name":"Hingelaegas","description":"For Soul. For Body. For Mind.","publisher":{"@id":"https:\/\/www.hingelaegas.ee\/#organization"},"potentialAction":[{"@type":"SearchAction","target":{"@type":"EntryPoint","urlTemplate":"https:\/\/www.hingelaegas.ee\/?s={search_term_string}"},"query-input":{"@type":"PropertyValueSpecification","valueRequired":true,"valueName":"search_term_string"}}],"inLanguage":"en-GB"},{"@type":"Organization","@id":"https:\/\/www.hingelaegas.ee\/#organization","name":"Hingelaegas O\u00dc","url":"https:\/\/www.hingelaegas.ee\/","logo":{"@type":"ImageObject","inLanguage":"en-GB","@id":"https:\/\/www.hingelaegas.ee\/#\/schema\/logo\/image\/","url":"https:\/\/hingelaegas.ee\/wp-content\/uploads\/2020\/12\/hingelaegas_vaike.png","contentUrl":"https:\/\/hingelaegas.ee\/wp-content\/uploads\/2020\/12\/hingelaegas_vaike.png","width":700,"height":700,"caption":"Hingelaegas O\u00dc"},"image":{"@id":"https:\/\/www.hingelaegas.ee\/#\/schema\/logo\/image\/"}}]}},"acf":[],"jetpack_likes_enabled":false,"jetpack_sharing_enabled":true,"_links":{"self":[{"href":"https:\/\/hingelaegas.ee\/en\/wp-json\/wp\/v2\/product\/3005","targetHints":{"allow":["GET"]}}],"collection":[{"href":"https:\/\/hingelaegas.ee\/en\/wp-json\/wp\/v2\/product"}],"about":[{"href":"https:\/\/hingelaegas.ee\/en\/wp-json\/wp\/v2\/types\/product"}],"replies":[{"embeddable":true,"href":"https:\/\/hingelaegas.ee\/en\/wp-json\/wp\/v2\/comments?post=3005"}],"wp:featuredmedia":[{"embeddable":true,"href":"https:\/\/hingelaegas.ee\/en\/wp-json\/wp\/v2\/media\/3017"}],"wp:attachment":[{"href":"https:\/\/hingelaegas.ee\/en\/wp-json\/wp\/v2\/media?parent=3005"}],"wp:term":[{"taxonomy":"product_brand","embeddable":true,"href":"https:\/\/hingelaegas.ee\/en\/wp-json\/wp\/v2\/product_brand?post=3005"},{"taxonomy":"product_cat","embeddable":true,"href":"https:\/\/hingelaegas.ee\/en\/wp-json\/wp\/v2\/product_cat?post=3005"},{"taxonomy":"product_tag","embeddable":true,"href":"https:\/\/hingelaegas.ee\/en\/wp-json\/wp\/v2\/product_tag?post=3005"}],"curies":[{"name":"wp","href":"https:\/\/api.w.org\/{rel}","templated":true}]}}