{"id":3099,"date":"2021-05-01T15:17:54","date_gmt":"2021-05-01T12:17:54","guid":{"rendered":"https:\/\/hingelaegas.ee\/?post_type=product&#038;p=3099"},"modified":"2025-07-02T19:54:12","modified_gmt":"2025-07-02T17:54:12","slug":"kuunlahoidja-kerakujulises-raamis","status":"publish","type":"product","link":"https:\/\/hingelaegas.ee\/en\/product\/kuunlahoidja-kerakujulises-raamis\/","title":{"rendered":"Candle holder in a spherical frame"},"content":{"rendered":"","protected":false},"excerpt":{"rendered":"<p>The candle holder hidden inside a beautiful black metal spherical frame is beautiful to complement the cozy light of the candle. The colored glass holder shines through, giving the candlelight a pleasantly smooth effect.<\/p>\n<p>&nbsp;<\/p>\n<p><strong>Candle holder dimensions:<\/strong><\/p>\n<p>sphere width \/ length 11 cm, height 8.5 cm<\/p>\n<p><strong>Glass holder dimensions:<\/strong><\/p>\n<p>outer diameter 6.5 cm, inner diameter 5.5 cm, height 6 cm<\/p>","protected":false},"featured_media":3043,"comment_status":"open","ping_status":"closed","template":"","meta":{"_monsterinsights_skip_tracking":false,"_monsterinsights_sitenote_active":false,"_monsterinsights_sitenote_note":"","_monsterinsights_sitenote_category":0},"product_brand":[],"product_cat":[164],"product_tag":[182,183,185,184,198],"class_list":{"0":"post-3099","1":"product","2":"type-product","3":"status-publish","4":"has-post-thumbnail","6":"product_cat-kuunlahoidjad","7":"product_tag-kasitookuunal","8":"product_tag-kodusisustus","9":"product_tag-kuunlahoidjad","10":"product_tag-poolvaariskivid","11":"product_tag-seleniit","13":"first","14":"instock","15":"taxable","16":"shipping-taxable","17":"purchasable","18":"product-type-simple"},"yoast_head":"<!-- This site is optimized with the Yoast SEO plugin v27.3 - https:\/\/yoast.com\/product\/yoast-seo-wordpress\/ -->\n<title>K\u00fc\u00fcnlahoidja kerakujulises raamis - Hingelaegas<\/title>\n<meta name=\"description\" content=\"Kauni musta v\u00e4rvi metallist kerakujulise raami sees peituv k\u00fc\u00fcnlahoidja sobib kaunilt t\u00e4iendama k\u00fc\u00fcnla hubast valgust. V\u00e4rvilisest klaasist alus kumab l\u00e4bi, andes k\u00fc\u00fcnlavalgusele m\u00f5nusa maheda efekti.\" \/>\n<meta name=\"robots\" content=\"index, follow, max-snippet:-1, max-image-preview:large, max-video-preview:-1\" \/>\n<link rel=\"canonical\" href=\"https:\/\/hingelaegas.ee\/en\/product\/kuunlahoidja-kerakujulises-raamis\/\" \/>\n<meta property=\"og:locale\" content=\"en_GB\" \/>\n<meta property=\"og:type\" content=\"article\" \/>\n<meta property=\"og:title\" content=\"K\u00fc\u00fcnlahoidja kerakujulises raamis - Hingelaegas\" \/>\n<meta property=\"og:description\" content=\"Kauni musta v\u00e4rvi metallist kerakujulise raami sees peituv k\u00fc\u00fcnlahoidja sobib kaunilt t\u00e4iendama k\u00fc\u00fcnla hubast valgust. V\u00e4rvilisest klaasist alus kumab l\u00e4bi, andes k\u00fc\u00fcnlavalgusele m\u00f5nusa maheda efekti.\" \/>\n<meta property=\"og:url\" content=\"https:\/\/hingelaegas.ee\/en\/product\/kuunlahoidja-kerakujulises-raamis\/\" \/>\n<meta property=\"og:site_name\" content=\"Hingelaegas\" \/>\n<meta property=\"article:modified_time\" content=\"2025-07-02T17:54:12+00:00\" \/>\n<meta property=\"og:image\" content=\"https:\/\/i0.wp.com\/hingelaegas.ee\/wp-content\/uploads\/2021\/04\/IMG_20210430_144746.jpg?fit=800%2C799&ssl=1\" \/>\n\t<meta property=\"og:image:width\" content=\"800\" \/>\n\t<meta property=\"og:image:height\" content=\"799\" \/>\n\t<meta property=\"og:image:type\" content=\"image\/jpeg\" \/>\n<meta name=\"twitter:card\" content=\"summary_large_image\" \/>\n<script type=\"application\/ld+json\" class=\"yoast-schema-graph\">{\"@context\":\"https:\\\/\\\/schema.org\",\"@graph\":[{\"@type\":\"WebPage\",\"@id\":\"https:\\\/\\\/hingelaegas.ee\\\/product\\\/kuunlahoidja-kerakujulises-raamis\\\/\",\"url\":\"https:\\\/\\\/hingelaegas.ee\\\/product\\\/kuunlahoidja-kerakujulises-raamis\\\/\",\"name\":\"K\u00fc\u00fcnlahoidja kerakujulises raamis - Hingelaegas\",\"isPartOf\":{\"@id\":\"https:\\\/\\\/www.hingelaegas.ee\\\/en\\\/#website\"},\"primaryImageOfPage\":{\"@id\":\"https:\\\/\\\/hingelaegas.ee\\\/product\\\/kuunlahoidja-kerakujulises-raamis\\\/#primaryimage\"},\"image\":{\"@id\":\"https:\\\/\\\/hingelaegas.ee\\\/product\\\/kuunlahoidja-kerakujulises-raamis\\\/#primaryimage\"},\"thumbnailUrl\":\"https:\\\/\\\/i0.wp.com\\\/hingelaegas.ee\\\/wp-content\\\/uploads\\\/2021\\\/04\\\/IMG_20210430_144746.jpg?fit=800%2C799&ssl=1\",\"datePublished\":\"2021-05-01T12:17:54+00:00\",\"dateModified\":\"2025-07-02T17:54:12+00:00\",\"description\":\"Kauni musta v\u00e4rvi metallist kerakujulise raami sees peituv k\u00fc\u00fcnlahoidja sobib kaunilt t\u00e4iendama k\u00fc\u00fcnla hubast valgust. V\u00e4rvilisest klaasist alus kumab l\u00e4bi, andes k\u00fc\u00fcnlavalgusele m\u00f5nusa maheda efekti.\",\"breadcrumb\":{\"@id\":\"https:\\\/\\\/hingelaegas.ee\\\/product\\\/kuunlahoidja-kerakujulises-raamis\\\/#breadcrumb\"},\"inLanguage\":\"en-GB\",\"potentialAction\":[{\"@type\":\"ReadAction\",\"target\":[\"https:\\\/\\\/hingelaegas.ee\\\/product\\\/kuunlahoidja-kerakujulises-raamis\\\/\"]}]},{\"@type\":\"ImageObject\",\"inLanguage\":\"en-GB\",\"@id\":\"https:\\\/\\\/hingelaegas.ee\\\/product\\\/kuunlahoidja-kerakujulises-raamis\\\/#primaryimage\",\"url\":\"https:\\\/\\\/i0.wp.com\\\/hingelaegas.ee\\\/wp-content\\\/uploads\\\/2021\\\/04\\\/IMG_20210430_144746.jpg?fit=800%2C799&ssl=1\",\"contentUrl\":\"https:\\\/\\\/i0.wp.com\\\/hingelaegas.ee\\\/wp-content\\\/uploads\\\/2021\\\/04\\\/IMG_20210430_144746.jpg?fit=800%2C799&ssl=1\",\"width\":800,\"height\":799,\"caption\":\"edf_vivi\"},{\"@type\":\"BreadcrumbList\",\"@id\":\"https:\\\/\\\/hingelaegas.ee\\\/product\\\/kuunlahoidja-kerakujulises-raamis\\\/#breadcrumb\",\"itemListElement\":[{\"@type\":\"ListItem\",\"position\":1,\"name\":\"Home\",\"item\":\"https:\\\/\\\/www.hingelaegas.ee\\\/en\\\/\"},{\"@type\":\"ListItem\",\"position\":2,\"name\":\"E-POOD\",\"item\":\"https:\\\/\\\/www.hingelaegas.ee\\\/en\\\/e-pood\\\/\"},{\"@type\":\"ListItem\",\"position\":3,\"name\":\"K\u00fc\u00fcnlahoidja kerakujulises raamis\"}]},{\"@type\":\"WebSite\",\"@id\":\"https:\\\/\\\/www.hingelaegas.ee\\\/en\\\/#website\",\"url\":\"https:\\\/\\\/www.hingelaegas.ee\\\/en\\\/\",\"name\":\"Hingelaegas\",\"description\":\"Hingele. Kehale. Vaimule.\",\"publisher\":{\"@id\":\"https:\\\/\\\/www.hingelaegas.ee\\\/en\\\/#organization\"},\"potentialAction\":[{\"@type\":\"SearchAction\",\"target\":{\"@type\":\"EntryPoint\",\"urlTemplate\":\"https:\\\/\\\/www.hingelaegas.ee\\\/en\\\/?s={search_term_string}\"},\"query-input\":{\"@type\":\"PropertyValueSpecification\",\"valueRequired\":true,\"valueName\":\"search_term_string\"}}],\"inLanguage\":\"en-GB\"},{\"@type\":\"Organization\",\"@id\":\"https:\\\/\\\/www.hingelaegas.ee\\\/en\\\/#organization\",\"name\":\"Hingelaegas O\u00dc\",\"url\":\"https:\\\/\\\/www.hingelaegas.ee\\\/en\\\/\",\"logo\":{\"@type\":\"ImageObject\",\"inLanguage\":\"en-GB\",\"@id\":\"https:\\\/\\\/www.hingelaegas.ee\\\/en\\\/#\\\/schema\\\/logo\\\/image\\\/\",\"url\":\"https:\\\/\\\/hingelaegas.ee\\\/wp-content\\\/uploads\\\/2020\\\/12\\\/hingelaegas_vaike.png\",\"contentUrl\":\"https:\\\/\\\/hingelaegas.ee\\\/wp-content\\\/uploads\\\/2020\\\/12\\\/hingelaegas_vaike.png\",\"width\":700,\"height\":700,\"caption\":\"Hingelaegas O\u00dc\"},\"image\":{\"@id\":\"https:\\\/\\\/www.hingelaegas.ee\\\/en\\\/#\\\/schema\\\/logo\\\/image\\\/\"}}]}<\/script>\n<!-- \/ Yoast SEO plugin. -->","yoast_head_json":{"title":"K\u00fc\u00fcnlahoidja kerakujulises raamis - Hingelaegas","description":"The candle holder hidden inside a beautiful black metal spherical frame is beautiful to complement the cozy light of the candle. The colored glass holder shines through, giving the candlelight a pleasantly smooth effect.","robots":{"index":"index","follow":"follow","max-snippet":"max-snippet:-1","max-image-preview":"max-image-preview:large","max-video-preview":"max-video-preview:-1"},"canonical":"https:\/\/hingelaegas.ee\/en\/product\/kuunlahoidja-kerakujulises-raamis\/","og_locale":"en_GB","og_type":"article","og_title":"K\u00fc\u00fcnlahoidja kerakujulises raamis - Hingelaegas","og_description":"Kauni musta v\u00e4rvi metallist kerakujulise raami sees peituv k\u00fc\u00fcnlahoidja sobib kaunilt t\u00e4iendama k\u00fc\u00fcnla hubast valgust. V\u00e4rvilisest klaasist alus kumab l\u00e4bi, andes k\u00fc\u00fcnlavalgusele m\u00f5nusa maheda efekti.","og_url":"https:\/\/hingelaegas.ee\/en\/product\/kuunlahoidja-kerakujulises-raamis\/","og_site_name":"Hingelaegas","article_modified_time":"2025-07-02T17:54:12+00:00","og_image":[{"width":800,"height":799,"url":"https:\/\/i0.wp.com\/hingelaegas.ee\/wp-content\/uploads\/2021\/04\/IMG_20210430_144746.jpg?fit=800%2C799&ssl=1","type":"image\/jpeg"}],"twitter_card":"summary_large_image","schema":{"@context":"https:\/\/schema.org","@graph":[{"@type":"WebPage","@id":"https:\/\/hingelaegas.ee\/product\/kuunlahoidja-kerakujulises-raamis\/","url":"https:\/\/hingelaegas.ee\/product\/kuunlahoidja-kerakujulises-raamis\/","name":"K\u00fc\u00fcnlahoidja kerakujulises raamis - Hingelaegas","isPartOf":{"@id":"https:\/\/www.hingelaegas.ee\/en\/#website"},"primaryImageOfPage":{"@id":"https:\/\/hingelaegas.ee\/product\/kuunlahoidja-kerakujulises-raamis\/#primaryimage"},"image":{"@id":"https:\/\/hingelaegas.ee\/product\/kuunlahoidja-kerakujulises-raamis\/#primaryimage"},"thumbnailUrl":"https:\/\/i0.wp.com\/hingelaegas.ee\/wp-content\/uploads\/2021\/04\/IMG_20210430_144746.jpg?fit=800%2C799&ssl=1","datePublished":"2021-05-01T12:17:54+00:00","dateModified":"2025-07-02T17:54:12+00:00","description":"The candle holder hidden inside a beautiful black metal spherical frame is beautiful to complement the cozy light of the candle. The colored glass holder shines through, giving the candlelight a pleasantly smooth effect.","breadcrumb":{"@id":"https:\/\/hingelaegas.ee\/product\/kuunlahoidja-kerakujulises-raamis\/#breadcrumb"},"inLanguage":"en-GB","potentialAction":[{"@type":"ReadAction","target":["https:\/\/hingelaegas.ee\/product\/kuunlahoidja-kerakujulises-raamis\/"]}]},{"@type":"ImageObject","inLanguage":"en-GB","@id":"https:\/\/hingelaegas.ee\/product\/kuunlahoidja-kerakujulises-raamis\/#primaryimage","url":"https:\/\/i0.wp.com\/hingelaegas.ee\/wp-content\/uploads\/2021\/04\/IMG_20210430_144746.jpg?fit=800%2C799&ssl=1","contentUrl":"https:\/\/i0.wp.com\/hingelaegas.ee\/wp-content\/uploads\/2021\/04\/IMG_20210430_144746.jpg?fit=800%2C799&ssl=1","width":800,"height":799,"caption":"edf_vivi"},{"@type":"BreadcrumbList","@id":"https:\/\/hingelaegas.ee\/product\/kuunlahoidja-kerakujulises-raamis\/#breadcrumb","itemListElement":[{"@type":"ListItem","position":1,"name":"Home","item":"https:\/\/www.hingelaegas.ee\/en\/"},{"@type":"ListItem","position":2,"name":"E-POOD","item":"https:\/\/www.hingelaegas.ee\/en\/e-pood\/"},{"@type":"ListItem","position":3,"name":"K\u00fc\u00fcnlahoidja kerakujulises raamis"}]},{"@type":"WebSite","@id":"https:\/\/www.hingelaegas.ee\/en\/#website","url":"https:\/\/www.hingelaegas.ee\/en\/","name":"Hingelaegas","description":"For Soul. For Body. For Mind.","publisher":{"@id":"https:\/\/www.hingelaegas.ee\/en\/#organization"},"potentialAction":[{"@type":"SearchAction","target":{"@type":"EntryPoint","urlTemplate":"https:\/\/www.hingelaegas.ee\/en\/?s={search_term_string}"},"query-input":{"@type":"PropertyValueSpecification","valueRequired":true,"valueName":"search_term_string"}}],"inLanguage":"en-GB"},{"@type":"Organization","@id":"https:\/\/www.hingelaegas.ee\/en\/#organization","name":"Hingelaegas O\u00dc","url":"https:\/\/www.hingelaegas.ee\/en\/","logo":{"@type":"ImageObject","inLanguage":"en-GB","@id":"https:\/\/www.hingelaegas.ee\/en\/#\/schema\/logo\/image\/","url":"https:\/\/hingelaegas.ee\/wp-content\/uploads\/2020\/12\/hingelaegas_vaike.png","contentUrl":"https:\/\/hingelaegas.ee\/wp-content\/uploads\/2020\/12\/hingelaegas_vaike.png","width":700,"height":700,"caption":"Hingelaegas O\u00dc"},"image":{"@id":"https:\/\/www.hingelaegas.ee\/en\/#\/schema\/logo\/image\/"}}]}},"acf":[],"jetpack_likes_enabled":false,"jetpack_sharing_enabled":true,"_links":{"self":[{"href":"https:\/\/hingelaegas.ee\/en\/wp-json\/wp\/v2\/product\/3099","targetHints":{"allow":["GET"]}}],"collection":[{"href":"https:\/\/hingelaegas.ee\/en\/wp-json\/wp\/v2\/product"}],"about":[{"href":"https:\/\/hingelaegas.ee\/en\/wp-json\/wp\/v2\/types\/product"}],"replies":[{"embeddable":true,"href":"https:\/\/hingelaegas.ee\/en\/wp-json\/wp\/v2\/comments?post=3099"}],"wp:featuredmedia":[{"embeddable":true,"href":"https:\/\/hingelaegas.ee\/en\/wp-json\/wp\/v2\/media\/3043"}],"wp:attachment":[{"href":"https:\/\/hingelaegas.ee\/en\/wp-json\/wp\/v2\/media?parent=3099"}],"wp:term":[{"taxonomy":"product_brand","embeddable":true,"href":"https:\/\/hingelaegas.ee\/en\/wp-json\/wp\/v2\/product_brand?post=3099"},{"taxonomy":"product_cat","embeddable":true,"href":"https:\/\/hingelaegas.ee\/en\/wp-json\/wp\/v2\/product_cat?post=3099"},{"taxonomy":"product_tag","embeddable":true,"href":"https:\/\/hingelaegas.ee\/en\/wp-json\/wp\/v2\/product_tag?post=3099"}],"curies":[{"name":"wp","href":"https:\/\/api.w.org\/{rel}","templated":true}]}}