{"id":3100,"date":"2021-05-01T17:13:37","date_gmt":"2021-05-01T14:13:37","guid":{"rendered":"https:\/\/hingelaegas.ee\/?post_type=product&#038;p=3100"},"modified":"2025-10-28T13:05:41","modified_gmt":"2025-10-28T10:05:41","slug":"viirukialus-varviline-leheke","status":"publish","type":"product","link":"https:\/\/hingelaegas.ee\/en\/product\/viirukialus-varviline-leheke\/","title":{"rendered":"Incense tray - Colorful Leaf"},"content":{"rendered":"<h2><span style=\"font-size: 14pt;\">Use instructions<\/span><\/h2>\n<p>Ignite the tip covered with incense, and if the incense tip glows, carefully blow out the flame.<\/p>\n<p>Place <a href=\"https:\/\/hingelaegas.ee\/product-category\/viirukid\/viirukipirrud\/\">the incense stick<\/a> or <a href=\"https:\/\/hingelaegas.ee\/product-category\/viirukid\/viirukikoonused\/\">the incense cone<\/a> in a suitable place on the incense burner. You can also use the incense cone holder as a small candle holder.<\/p>\n<p>&nbsp;<\/p>\n<p><em><strong>Caution!<\/strong><\/em><\/p>\n<ul>\n<li>Burn only in an open or well-ventilated area.<\/li>\n<li>Avoid direct inhalation of incense smoke.<\/li>\n<li>Use only to scent the room. Do not put incense in your mouth.<\/li>\n<li>The incense must not be left unattended. Make sure that the smoking incense is not close to flammable materials and check that the ash can fall on a suitable (non-flammable) base.<\/li>\n<li>Keep out of reach of children and pets.<\/li>\n<\/ul>","protected":false},"excerpt":{"rendered":"<p>Brightly colored wooden leaf-shaped incense trays are suitable for holding both short and long incense. At the same time, however, they decorate your home as an eye-catching interior detail.<\/p>\n<p>Made in India.<\/p>\n<p><strong>Sizes:<\/strong><\/p>\n<p>length 25 cm, width 4.5 cm, thickness 0.5 cm<\/p>","protected":false},"featured_media":3112,"comment_status":"open","ping_status":"closed","template":"","meta":{"_monsterinsights_skip_tracking":false,"_monsterinsights_sitenote_active":false,"_monsterinsights_sitenote_note":"","_monsterinsights_sitenote_category":0},"product_brand":[],"product_cat":[100],"product_tag":[178,166,171],"class_list":{"0":"post-3100","1":"product","2":"type-product","3":"status-publish","4":"has-post-thumbnail","6":"product_cat-viirukialused","7":"product_tag-viirukialused","8":"product_tag-viirukid","9":"product_tag-viirukikoonused","11":"first","12":"instock","13":"taxable","14":"shipping-taxable","15":"purchasable","16":"product-type-variable"},"yoast_head":"<!-- This site is optimized with the Yoast SEO plugin v27.3 - https:\/\/yoast.com\/product\/yoast-seo-wordpress\/ -->\n<title>Viirukialus - V\u00e4rviline Leheke - Hingelaegas<\/title>\n<meta name=\"description\" content=\"S\u00e4rtsakalt v\u00e4rvilised puidust lehekujulised viirukialused sobivad nii l\u00fchikeste kui pikkade viirukite hoidmiseks. Samal ajal kaunistavad aga kodu efektse pilkup\u00fc\u00fcdva sisustusdetailina.\" \/>\n<meta name=\"robots\" content=\"index, follow, max-snippet:-1, max-image-preview:large, max-video-preview:-1\" \/>\n<link rel=\"canonical\" href=\"https:\/\/hingelaegas.ee\/en\/product\/viirukialus-varviline-leheke\/\" \/>\n<meta property=\"og:locale\" content=\"en_GB\" \/>\n<meta property=\"og:type\" content=\"article\" \/>\n<meta property=\"og:title\" content=\"Viirukialus - V\u00e4rviline Leheke - Hingelaegas\" \/>\n<meta property=\"og:description\" content=\"S\u00e4rtsakalt v\u00e4rvilised puidust lehekujulised viirukialused sobivad nii l\u00fchikeste kui pikkade viirukite hoidmiseks. Samal ajal kaunistavad aga kodu efektse pilkup\u00fc\u00fcdva sisustusdetailina.\" \/>\n<meta property=\"og:url\" content=\"https:\/\/hingelaegas.ee\/en\/product\/viirukialus-varviline-leheke\/\" \/>\n<meta property=\"og:site_name\" content=\"Hingelaegas\" \/>\n<meta property=\"article:modified_time\" content=\"2025-10-28T10:05:41+00:00\" \/>\n<meta property=\"og:image\" content=\"https:\/\/i0.wp.com\/hingelaegas.ee\/wp-content\/uploads\/2021\/05\/IMG_20210503_152301.jpg?fit=800%2C799&ssl=1\" \/>\n\t<meta property=\"og:image:width\" content=\"800\" \/>\n\t<meta property=\"og:image:height\" content=\"799\" \/>\n\t<meta property=\"og:image:type\" content=\"image\/jpeg\" \/>\n<meta name=\"twitter:card\" content=\"summary_large_image\" \/>\n<meta name=\"twitter:label1\" content=\"Estimated reading time\" \/>\n\t<meta name=\"twitter:data1\" content=\"1 minute\" \/>\n<script type=\"application\/ld+json\" class=\"yoast-schema-graph\">{\"@context\":\"https:\\\/\\\/schema.org\",\"@graph\":[{\"@type\":\"WebPage\",\"@id\":\"https:\\\/\\\/hingelaegas.ee\\\/en\\\/product\\\/viirukialus-varviline-leheke\\\/\",\"url\":\"https:\\\/\\\/hingelaegas.ee\\\/en\\\/product\\\/viirukialus-varviline-leheke\\\/\",\"name\":\"Viirukialus - V\u00e4rviline Leheke - Hingelaegas\",\"isPartOf\":{\"@id\":\"https:\\\/\\\/www.hingelaegas.ee\\\/#website\"},\"primaryImageOfPage\":{\"@id\":\"https:\\\/\\\/hingelaegas.ee\\\/en\\\/product\\\/viirukialus-varviline-leheke\\\/#primaryimage\"},\"image\":{\"@id\":\"https:\\\/\\\/hingelaegas.ee\\\/en\\\/product\\\/viirukialus-varviline-leheke\\\/#primaryimage\"},\"thumbnailUrl\":\"https:\\\/\\\/i0.wp.com\\\/hingelaegas.ee\\\/wp-content\\\/uploads\\\/2021\\\/05\\\/IMG_20210503_152301.jpg?fit=800%2C799&ssl=1\",\"datePublished\":\"2021-05-01T14:13:37+00:00\",\"dateModified\":\"2025-10-28T10:05:41+00:00\",\"description\":\"S\u00e4rtsakalt v\u00e4rvilised puidust lehekujulised viirukialused sobivad nii l\u00fchikeste kui pikkade viirukite hoidmiseks. Samal ajal kaunistavad aga kodu efektse pilkup\u00fc\u00fcdva sisustusdetailina.\",\"breadcrumb\":{\"@id\":\"https:\\\/\\\/hingelaegas.ee\\\/en\\\/product\\\/viirukialus-varviline-leheke\\\/#breadcrumb\"},\"inLanguage\":\"en-GB\",\"potentialAction\":[{\"@type\":\"ReadAction\",\"target\":[\"https:\\\/\\\/hingelaegas.ee\\\/en\\\/product\\\/viirukialus-varviline-leheke\\\/\"]}]},{\"@type\":\"ImageObject\",\"inLanguage\":\"en-GB\",\"@id\":\"https:\\\/\\\/hingelaegas.ee\\\/en\\\/product\\\/viirukialus-varviline-leheke\\\/#primaryimage\",\"url\":\"https:\\\/\\\/i0.wp.com\\\/hingelaegas.ee\\\/wp-content\\\/uploads\\\/2021\\\/05\\\/IMG_20210503_152301.jpg?fit=800%2C799&ssl=1\",\"contentUrl\":\"https:\\\/\\\/i0.wp.com\\\/hingelaegas.ee\\\/wp-content\\\/uploads\\\/2021\\\/05\\\/IMG_20210503_152301.jpg?fit=800%2C799&ssl=1\",\"width\":800,\"height\":799,\"caption\":\"Viirukialused\"},{\"@type\":\"BreadcrumbList\",\"@id\":\"https:\\\/\\\/hingelaegas.ee\\\/en\\\/product\\\/viirukialus-varviline-leheke\\\/#breadcrumb\",\"itemListElement\":[{\"@type\":\"ListItem\",\"position\":1,\"name\":\"Home\",\"item\":\"https:\\\/\\\/www.hingelaegas.ee\\\/en\\\/\"},{\"@type\":\"ListItem\",\"position\":2,\"name\":\"E-POOD\",\"item\":\"https:\\\/\\\/www.hingelaegas.ee\\\/en\\\/e-pood\\\/\"},{\"@type\":\"ListItem\",\"position\":3,\"name\":\"Viirukialus &#8211; V\u00e4rviline Leheke\"}]},{\"@type\":\"WebSite\",\"@id\":\"https:\\\/\\\/www.hingelaegas.ee\\\/#website\",\"url\":\"https:\\\/\\\/www.hingelaegas.ee\\\/\",\"name\":\"Hingelaegas\",\"description\":\"Hingele. Kehale. Vaimule.\",\"publisher\":{\"@id\":\"https:\\\/\\\/www.hingelaegas.ee\\\/#organization\"},\"potentialAction\":[{\"@type\":\"SearchAction\",\"target\":{\"@type\":\"EntryPoint\",\"urlTemplate\":\"https:\\\/\\\/www.hingelaegas.ee\\\/?s={search_term_string}\"},\"query-input\":{\"@type\":\"PropertyValueSpecification\",\"valueRequired\":true,\"valueName\":\"search_term_string\"}}],\"inLanguage\":\"en-GB\"},{\"@type\":\"Organization\",\"@id\":\"https:\\\/\\\/www.hingelaegas.ee\\\/#organization\",\"name\":\"Hingelaegas O\u00dc\",\"url\":\"https:\\\/\\\/www.hingelaegas.ee\\\/\",\"logo\":{\"@type\":\"ImageObject\",\"inLanguage\":\"en-GB\",\"@id\":\"https:\\\/\\\/www.hingelaegas.ee\\\/#\\\/schema\\\/logo\\\/image\\\/\",\"url\":\"https:\\\/\\\/hingelaegas.ee\\\/wp-content\\\/uploads\\\/2020\\\/12\\\/hingelaegas_vaike.png\",\"contentUrl\":\"https:\\\/\\\/hingelaegas.ee\\\/wp-content\\\/uploads\\\/2020\\\/12\\\/hingelaegas_vaike.png\",\"width\":700,\"height\":700,\"caption\":\"Hingelaegas O\u00dc\"},\"image\":{\"@id\":\"https:\\\/\\\/www.hingelaegas.ee\\\/#\\\/schema\\\/logo\\\/image\\\/\"}}]}<\/script>\n<!-- \/ Yoast SEO plugin. -->","yoast_head_json":{"title":"Viirukialus - V\u00e4rviline Leheke - Hingelaegas","description":"Brightly colored wooden leaf-shaped incense trays are suitable for holding both short and long incense. At the same time, however, they decorate your home as an eye-catching interior detail.","robots":{"index":"index","follow":"follow","max-snippet":"max-snippet:-1","max-image-preview":"max-image-preview:large","max-video-preview":"max-video-preview:-1"},"canonical":"https:\/\/hingelaegas.ee\/en\/product\/viirukialus-varviline-leheke\/","og_locale":"en_GB","og_type":"article","og_title":"Viirukialus - V\u00e4rviline Leheke - Hingelaegas","og_description":"S\u00e4rtsakalt v\u00e4rvilised puidust lehekujulised viirukialused sobivad nii l\u00fchikeste kui pikkade viirukite hoidmiseks. Samal ajal kaunistavad aga kodu efektse pilkup\u00fc\u00fcdva sisustusdetailina.","og_url":"https:\/\/hingelaegas.ee\/en\/product\/viirukialus-varviline-leheke\/","og_site_name":"Hingelaegas","article_modified_time":"2025-10-28T10:05:41+00:00","og_image":[{"width":800,"height":799,"url":"https:\/\/i0.wp.com\/hingelaegas.ee\/wp-content\/uploads\/2021\/05\/IMG_20210503_152301.jpg?fit=800%2C799&ssl=1","type":"image\/jpeg"}],"twitter_card":"summary_large_image","twitter_misc":{"Estimated reading time":"1 minute"},"schema":{"@context":"https:\/\/schema.org","@graph":[{"@type":"WebPage","@id":"https:\/\/hingelaegas.ee\/en\/product\/viirukialus-varviline-leheke\/","url":"https:\/\/hingelaegas.ee\/en\/product\/viirukialus-varviline-leheke\/","name":"Viirukialus - V\u00e4rviline Leheke - Hingelaegas","isPartOf":{"@id":"https:\/\/www.hingelaegas.ee\/#website"},"primaryImageOfPage":{"@id":"https:\/\/hingelaegas.ee\/en\/product\/viirukialus-varviline-leheke\/#primaryimage"},"image":{"@id":"https:\/\/hingelaegas.ee\/en\/product\/viirukialus-varviline-leheke\/#primaryimage"},"thumbnailUrl":"https:\/\/i0.wp.com\/hingelaegas.ee\/wp-content\/uploads\/2021\/05\/IMG_20210503_152301.jpg?fit=800%2C799&ssl=1","datePublished":"2021-05-01T14:13:37+00:00","dateModified":"2025-10-28T10:05:41+00:00","description":"Brightly colored wooden leaf-shaped incense trays are suitable for holding both short and long incense. At the same time, however, they decorate your home as an eye-catching interior detail.","breadcrumb":{"@id":"https:\/\/hingelaegas.ee\/en\/product\/viirukialus-varviline-leheke\/#breadcrumb"},"inLanguage":"en-GB","potentialAction":[{"@type":"ReadAction","target":["https:\/\/hingelaegas.ee\/en\/product\/viirukialus-varviline-leheke\/"]}]},{"@type":"ImageObject","inLanguage":"en-GB","@id":"https:\/\/hingelaegas.ee\/en\/product\/viirukialus-varviline-leheke\/#primaryimage","url":"https:\/\/i0.wp.com\/hingelaegas.ee\/wp-content\/uploads\/2021\/05\/IMG_20210503_152301.jpg?fit=800%2C799&ssl=1","contentUrl":"https:\/\/i0.wp.com\/hingelaegas.ee\/wp-content\/uploads\/2021\/05\/IMG_20210503_152301.jpg?fit=800%2C799&ssl=1","width":800,"height":799,"caption":"Viirukialused"},{"@type":"BreadcrumbList","@id":"https:\/\/hingelaegas.ee\/en\/product\/viirukialus-varviline-leheke\/#breadcrumb","itemListElement":[{"@type":"ListItem","position":1,"name":"Home","item":"https:\/\/www.hingelaegas.ee\/en\/"},{"@type":"ListItem","position":2,"name":"E-POOD","item":"https:\/\/www.hingelaegas.ee\/en\/e-pood\/"},{"@type":"ListItem","position":3,"name":"Viirukialus &#8211; V\u00e4rviline Leheke"}]},{"@type":"WebSite","@id":"https:\/\/www.hingelaegas.ee\/#website","url":"https:\/\/www.hingelaegas.ee\/","name":"Hingelaegas","description":"For Soul. For Body. For Mind.","publisher":{"@id":"https:\/\/www.hingelaegas.ee\/#organization"},"potentialAction":[{"@type":"SearchAction","target":{"@type":"EntryPoint","urlTemplate":"https:\/\/www.hingelaegas.ee\/?s={search_term_string}"},"query-input":{"@type":"PropertyValueSpecification","valueRequired":true,"valueName":"search_term_string"}}],"inLanguage":"en-GB"},{"@type":"Organization","@id":"https:\/\/www.hingelaegas.ee\/#organization","name":"Hingelaegas O\u00dc","url":"https:\/\/www.hingelaegas.ee\/","logo":{"@type":"ImageObject","inLanguage":"en-GB","@id":"https:\/\/www.hingelaegas.ee\/#\/schema\/logo\/image\/","url":"https:\/\/hingelaegas.ee\/wp-content\/uploads\/2020\/12\/hingelaegas_vaike.png","contentUrl":"https:\/\/hingelaegas.ee\/wp-content\/uploads\/2020\/12\/hingelaegas_vaike.png","width":700,"height":700,"caption":"Hingelaegas O\u00dc"},"image":{"@id":"https:\/\/www.hingelaegas.ee\/#\/schema\/logo\/image\/"}}]}},"acf":[],"jetpack_likes_enabled":false,"jetpack_sharing_enabled":true,"_links":{"self":[{"href":"https:\/\/hingelaegas.ee\/en\/wp-json\/wp\/v2\/product\/3100","targetHints":{"allow":["GET"]}}],"collection":[{"href":"https:\/\/hingelaegas.ee\/en\/wp-json\/wp\/v2\/product"}],"about":[{"href":"https:\/\/hingelaegas.ee\/en\/wp-json\/wp\/v2\/types\/product"}],"replies":[{"embeddable":true,"href":"https:\/\/hingelaegas.ee\/en\/wp-json\/wp\/v2\/comments?post=3100"}],"wp:featuredmedia":[{"embeddable":true,"href":"https:\/\/hingelaegas.ee\/en\/wp-json\/wp\/v2\/media\/3112"}],"wp:attachment":[{"href":"https:\/\/hingelaegas.ee\/en\/wp-json\/wp\/v2\/media?parent=3100"}],"wp:term":[{"taxonomy":"product_brand","embeddable":true,"href":"https:\/\/hingelaegas.ee\/en\/wp-json\/wp\/v2\/product_brand?post=3100"},{"taxonomy":"product_cat","embeddable":true,"href":"https:\/\/hingelaegas.ee\/en\/wp-json\/wp\/v2\/product_cat?post=3100"},{"taxonomy":"product_tag","embeddable":true,"href":"https:\/\/hingelaegas.ee\/en\/wp-json\/wp\/v2\/product_tag?post=3100"}],"curies":[{"name":"wp","href":"https:\/\/api.w.org\/{rel}","templated":true}]}}