{"id":3374,"date":"2021-07-26T13:25:53","date_gmt":"2021-07-26T10:25:53","guid":{"rendered":"https:\/\/hingelaegas.ee\/?post_type=product&#038;p=3374"},"modified":"2024-08-12T12:14:53","modified_gmt":"2024-08-12T09:14:53","slug":"korvarongad-peridoot-hobe-925","status":"publish","type":"product","link":"https:\/\/hingelaegas.ee\/en\/product\/korvarongad-peridoot-hobe-925\/","title":{"rendered":"Earrings, peridot, sterling silver (925)"},"content":{"rendered":"<h1>Peridot<\/h1>\n<p><strong>Main properties:<\/strong> transformation, development, abundance, love, relationships, connection with nature, self-healing, forgiveness, chakra cleansing and balancing<\/p>\n<p><strong>Chakras: <\/strong>heart chakra, solar plexus<\/p>\n<p><strong>Zodiac signs:<\/strong> Virgo, Leo, Taurus, Libra, Capricorn<\/p>\n<div class=\"tag text-center text-dark\">\n<p>In ancient times, peridot was thought to keep evil spirits away. It is currently used to protect the aura.<\/p>\n<p>This stone is a powerful cleaner. By releasing and neutralizing toxins on all levels, it cleanses the etheric body, the physical body, and the mind. It opens, thoroughly cleanses, and activates the heart chakra and solar plexus, releasing old worries and patterns. The stone frees you from weight, guilt, and obsessions. Peridot teaches that holding on to people or the past is a fruitless activity. Peridot shows how to free oneself from external influences and find guidance from one's higher energies.<\/p>\n<p>Peridot releases negative patterns and old vibrations so you can switch to a new frequency. If you have struggled with your mental and psychological side, this stone will help you move faster. This crystal helps you understand your determination in this world and helps you find a spiritual purpose. This stone is especially useful for all healers.<\/p>\n<\/div>\n<h5>Health and Healing<\/h5>\n<p><strong>Psychologically, <\/strong>peridot relieves jealousy, restlessness, anger, and resentment, and so also stress. This increases self-confidence and self-assertion, but without aggression. By motivating growth, peridot helps bring the necessary change. It helps you look to the past to find the good in your experience, and teaches you to forgive. The stone brings psychological clarity and well-being. It is attuned to the achievement of spiritual truth and governs life cycles.<\/p>\n<p><strong>Mentally,<\/strong> peridot sharpens the mind and opens it to new levels of awareness. It eliminates lethargy by pointing out anything you have consciously or subconsciously neglected. Peridot helps come to terms with mistakes of the past and supports moving forward. It helps take responsibility for your own life, especially if you tend to see guilt rather on others. Peridot helps difficult relationships get better.<\/p>\n<p><strong>Physically,<\/strong> it has a tightening effect. It heals and regenerates tissues, strengthens metabolism, and is beneficial for the skin. Peridot supports the heart, thymus, lungs, gallbladder, spleen, intestines, heals ulcers, and strengthens the eyes. When placed on the lower abdomen, it helps with childbirth by strengthening contractions but reducing pain. Its energy balances bipolar disorder and helps overcome hypochondria.<\/p>","protected":false},"excerpt":{"rendered":"<p><strong>Peridot is a powerful cleanser.<\/strong> It opens the chakras and cleanses and activates them, releasing old worries and patterns. This stone frees you from weight, guilt, and obsessions. Peridot <strong>teaches to let go of people and the past.\u00a0<\/strong>It increases self-confidence and self-assertion and motivates self-development by helping to bring the necessary change. Peridot <strong>helps reconcile mistakes made and supports moving forward<\/strong>. It <strong>helps take responsibility for your life<\/strong>, especially when you tend to see others as the guilty ones. This crystal will help you understand your determination in this world and <strong>helps find a spiritual goal<\/strong>. This stone is especially useful for all healers.<\/p>\n<p><strong>Silver<\/strong> is a great <strong>healer<\/strong>, especially when it is in direct contact with the body. Scientists have found that <strong>silver kills harmful microorganisms living in water and air<\/strong>while maintaining benefic ones.<\/p>\n<ul>\n<li>Handcrafted by Hingelaegas<\/li>\n<li>Materjal: h\u00f5be 925, peridoot (3.5-4.5 cm), peridoot lihvitud briolette (6&#215;4 mm)<\/li>\n<li>K\u00f5rvar\u00f5nga pikkus u 8 cm, r\u00f5nga l\u00e4bim\u00f5\u00f5t u 4.5 cm<\/li>\n<li>Kaal (paar): ~5.5 g<\/li>\n<li>Jewelry is delivered in a cream-colored <strong>velvet gift bag<\/strong><\/li>\n<\/ul>\n<p><span style=\"font-size: 10pt;\"><em>The products may differ slightly from the one shown in the picture, because jewelry has been made fo natural semi-precious stones, and all stones are unique.<\/em><\/span><\/p>","protected":false},"featured_media":3381,"comment_status":"open","ping_status":"closed","template":"","meta":{"_monsterinsights_skip_tracking":false,"_monsterinsights_sitenote_active":false,"_monsterinsights_sitenote_note":"","_monsterinsights_sitenote_category":0},"product_brand":[],"product_cat":[80],"product_tag":[303,301,309,457,184,77],"class_list":{"0":"post-3374","1":"product","2":"type-product","3":"status-publish","4":"has-post-thumbnail","6":"product_cat-hobedast-kasitooehted","7":"product_tag-hobe-925","8":"product_tag-kasitooehted","9":"product_tag-korvarongad","10":"product_tag-peridoot","11":"product_tag-poolvaariskivid","12":"product_tag-reiki","14":"first","15":"outofstock","16":"taxable","17":"shipping-taxable","18":"purchasable","19":"product-type-simple"},"yoast_head":"<!-- This site is optimized with the Yoast SEO plugin v27.3 - https:\/\/yoast.com\/product\/yoast-seo-wordpress\/ -->\n<title>K\u00f5rvar\u00f5ngad, peridoot, h\u00f5be 925 - Hingelaegas<\/title>\n<meta name=\"description\" content=\"Peridoot leevendab armukadedust, rahutust, vimma ja viha ning v\u00e4hendab stressi. Kasvamist motiveerides aitab see ellu viia vajaliku muutuse. Aitab leida head oma kogemustes ja \u00f5petab endale andestama.\" \/>\n<meta name=\"robots\" content=\"index, follow, max-snippet:-1, max-image-preview:large, max-video-preview:-1\" \/>\n<link rel=\"canonical\" href=\"https:\/\/hingelaegas.ee\/en\/product\/korvarongad-peridoot-hobe-925\/\" \/>\n<meta property=\"og:locale\" content=\"en_GB\" \/>\n<meta property=\"og:type\" content=\"article\" \/>\n<meta property=\"og:title\" content=\"K\u00f5rvar\u00f5ngad, peridoot, h\u00f5be 925 - Hingelaegas\" \/>\n<meta property=\"og:description\" content=\"Peridoot leevendab armukadedust, rahutust, vimma ja viha ning v\u00e4hendab stressi. Kasvamist motiveerides aitab see ellu viia vajaliku muutuse. Aitab leida head oma kogemustes ja \u00f5petab endale andestama.\" \/>\n<meta property=\"og:url\" content=\"https:\/\/hingelaegas.ee\/en\/product\/korvarongad-peridoot-hobe-925\/\" \/>\n<meta property=\"og:site_name\" content=\"Hingelaegas\" \/>\n<meta property=\"article:modified_time\" content=\"2024-08-12T09:14:53+00:00\" \/>\n<meta property=\"og:image\" content=\"https:\/\/i0.wp.com\/www.hingelaegas.ee\/wp-content\/uploads\/2021\/07\/IMG_20210727_120935.jpg?fit=800%2C800&ssl=1\" \/>\n\t<meta property=\"og:image:width\" content=\"800\" \/>\n\t<meta property=\"og:image:height\" content=\"800\" \/>\n\t<meta property=\"og:image:type\" content=\"image\/jpeg\" \/>\n<meta name=\"twitter:card\" content=\"summary_large_image\" \/>\n<meta name=\"twitter:label1\" content=\"Estimated reading time\" \/>\n\t<meta name=\"twitter:data1\" content=\"2 minutes\" \/>\n<script type=\"application\/ld+json\" class=\"yoast-schema-graph\">{\"@context\":\"https:\\\/\\\/schema.org\",\"@graph\":[{\"@type\":\"WebPage\",\"@id\":\"https:\\\/\\\/hingelaegas.ee\\\/en\\\/product\\\/korvarongad-peridoot-hobe-925\\\/\",\"url\":\"https:\\\/\\\/hingelaegas.ee\\\/en\\\/product\\\/korvarongad-peridoot-hobe-925\\\/\",\"name\":\"K\u00f5rvar\u00f5ngad, peridoot, h\u00f5be 925 - Hingelaegas\",\"isPartOf\":{\"@id\":\"https:\\\/\\\/www.hingelaegas.ee\\\/en\\\/#website\"},\"primaryImageOfPage\":{\"@id\":\"https:\\\/\\\/hingelaegas.ee\\\/en\\\/product\\\/korvarongad-peridoot-hobe-925\\\/#primaryimage\"},\"image\":{\"@id\":\"https:\\\/\\\/hingelaegas.ee\\\/en\\\/product\\\/korvarongad-peridoot-hobe-925\\\/#primaryimage\"},\"thumbnailUrl\":\"https:\\\/\\\/i0.wp.com\\\/hingelaegas.ee\\\/wp-content\\\/uploads\\\/2021\\\/07\\\/IMG_20210727_120935.jpg?fit=800%2C800&ssl=1\",\"datePublished\":\"2021-07-26T10:25:53+00:00\",\"dateModified\":\"2024-08-12T09:14:53+00:00\",\"description\":\"Peridoot leevendab armukadedust, rahutust, vimma ja viha ning v\u00e4hendab stressi. Kasvamist motiveerides aitab see ellu viia vajaliku muutuse. Aitab leida head oma kogemustes ja \u00f5petab endale andestama.\",\"breadcrumb\":{\"@id\":\"https:\\\/\\\/hingelaegas.ee\\\/en\\\/product\\\/korvarongad-peridoot-hobe-925\\\/#breadcrumb\"},\"inLanguage\":\"en-GB\",\"potentialAction\":[{\"@type\":\"ReadAction\",\"target\":[\"https:\\\/\\\/hingelaegas.ee\\\/en\\\/product\\\/korvarongad-peridoot-hobe-925\\\/\"]}]},{\"@type\":\"ImageObject\",\"inLanguage\":\"en-GB\",\"@id\":\"https:\\\/\\\/hingelaegas.ee\\\/en\\\/product\\\/korvarongad-peridoot-hobe-925\\\/#primaryimage\",\"url\":\"https:\\\/\\\/i0.wp.com\\\/hingelaegas.ee\\\/wp-content\\\/uploads\\\/2021\\\/07\\\/IMG_20210727_120935.jpg?fit=800%2C800&ssl=1\",\"contentUrl\":\"https:\\\/\\\/i0.wp.com\\\/hingelaegas.ee\\\/wp-content\\\/uploads\\\/2021\\\/07\\\/IMG_20210727_120935.jpg?fit=800%2C800&ssl=1\",\"width\":800,\"height\":800,\"caption\":\"mde_vivi\"},{\"@type\":\"BreadcrumbList\",\"@id\":\"https:\\\/\\\/hingelaegas.ee\\\/en\\\/product\\\/korvarongad-peridoot-hobe-925\\\/#breadcrumb\",\"itemListElement\":[{\"@type\":\"ListItem\",\"position\":1,\"name\":\"Home\",\"item\":\"https:\\\/\\\/www.hingelaegas.ee\\\/en\\\/\"},{\"@type\":\"ListItem\",\"position\":2,\"name\":\"E-POOD\",\"item\":\"https:\\\/\\\/www.hingelaegas.ee\\\/en\\\/e-pood\\\/\"},{\"@type\":\"ListItem\",\"position\":3,\"name\":\"K\u00f5rvar\u00f5ngad, peridoot, h\u00f5be 925\"}]},{\"@type\":\"WebSite\",\"@id\":\"https:\\\/\\\/www.hingelaegas.ee\\\/en\\\/#website\",\"url\":\"https:\\\/\\\/www.hingelaegas.ee\\\/en\\\/\",\"name\":\"Hingelaegas\",\"description\":\"Hingele. Kehale. Vaimule.\",\"publisher\":{\"@id\":\"https:\\\/\\\/www.hingelaegas.ee\\\/en\\\/#organization\"},\"potentialAction\":[{\"@type\":\"SearchAction\",\"target\":{\"@type\":\"EntryPoint\",\"urlTemplate\":\"https:\\\/\\\/www.hingelaegas.ee\\\/en\\\/?s={search_term_string}\"},\"query-input\":{\"@type\":\"PropertyValueSpecification\",\"valueRequired\":true,\"valueName\":\"search_term_string\"}}],\"inLanguage\":\"en-GB\"},{\"@type\":\"Organization\",\"@id\":\"https:\\\/\\\/www.hingelaegas.ee\\\/en\\\/#organization\",\"name\":\"Hingelaegas O\u00dc\",\"url\":\"https:\\\/\\\/www.hingelaegas.ee\\\/en\\\/\",\"logo\":{\"@type\":\"ImageObject\",\"inLanguage\":\"en-GB\",\"@id\":\"https:\\\/\\\/www.hingelaegas.ee\\\/en\\\/#\\\/schema\\\/logo\\\/image\\\/\",\"url\":\"https:\\\/\\\/hingelaegas.ee\\\/wp-content\\\/uploads\\\/2020\\\/12\\\/hingelaegas_vaike.png\",\"contentUrl\":\"https:\\\/\\\/hingelaegas.ee\\\/wp-content\\\/uploads\\\/2020\\\/12\\\/hingelaegas_vaike.png\",\"width\":700,\"height\":700,\"caption\":\"Hingelaegas O\u00dc\"},\"image\":{\"@id\":\"https:\\\/\\\/www.hingelaegas.ee\\\/en\\\/#\\\/schema\\\/logo\\\/image\\\/\"}}]}<\/script>\n<!-- \/ Yoast SEO plugin. -->","yoast_head_json":{"title":"K\u00f5rvar\u00f5ngad, peridoot, h\u00f5be 925 - Hingelaegas","description":"Peridoot leevendab armukadedust, rahutust, vimma ja viha ning v\u00e4hendab stressi. Kasvamist motiveerides aitab see ellu viia vajaliku muutuse. Aitab leida head oma kogemustes ja \u00f5petab endale andestama.","robots":{"index":"index","follow":"follow","max-snippet":"max-snippet:-1","max-image-preview":"max-image-preview:large","max-video-preview":"max-video-preview:-1"},"canonical":"https:\/\/hingelaegas.ee\/en\/product\/korvarongad-peridoot-hobe-925\/","og_locale":"en_GB","og_type":"article","og_title":"K\u00f5rvar\u00f5ngad, peridoot, h\u00f5be 925 - Hingelaegas","og_description":"Peridoot leevendab armukadedust, rahutust, vimma ja viha ning v\u00e4hendab stressi. Kasvamist motiveerides aitab see ellu viia vajaliku muutuse. Aitab leida head oma kogemustes ja \u00f5petab endale andestama.","og_url":"https:\/\/hingelaegas.ee\/en\/product\/korvarongad-peridoot-hobe-925\/","og_site_name":"Hingelaegas","article_modified_time":"2024-08-12T09:14:53+00:00","og_image":[{"width":800,"height":800,"url":"https:\/\/i0.wp.com\/www.hingelaegas.ee\/wp-content\/uploads\/2021\/07\/IMG_20210727_120935.jpg?fit=800%2C800&ssl=1","type":"image\/jpeg"}],"twitter_card":"summary_large_image","twitter_misc":{"Estimated reading time":"2 minutes"},"schema":{"@context":"https:\/\/schema.org","@graph":[{"@type":"WebPage","@id":"https:\/\/hingelaegas.ee\/en\/product\/korvarongad-peridoot-hobe-925\/","url":"https:\/\/hingelaegas.ee\/en\/product\/korvarongad-peridoot-hobe-925\/","name":"K\u00f5rvar\u00f5ngad, peridoot, h\u00f5be 925 - Hingelaegas","isPartOf":{"@id":"https:\/\/www.hingelaegas.ee\/en\/#website"},"primaryImageOfPage":{"@id":"https:\/\/hingelaegas.ee\/en\/product\/korvarongad-peridoot-hobe-925\/#primaryimage"},"image":{"@id":"https:\/\/hingelaegas.ee\/en\/product\/korvarongad-peridoot-hobe-925\/#primaryimage"},"thumbnailUrl":"https:\/\/i0.wp.com\/hingelaegas.ee\/wp-content\/uploads\/2021\/07\/IMG_20210727_120935.jpg?fit=800%2C800&ssl=1","datePublished":"2021-07-26T10:25:53+00:00","dateModified":"2024-08-12T09:14:53+00:00","description":"Peridoot leevendab armukadedust, rahutust, vimma ja viha ning v\u00e4hendab stressi. Kasvamist motiveerides aitab see ellu viia vajaliku muutuse. Aitab leida head oma kogemustes ja \u00f5petab endale andestama.","breadcrumb":{"@id":"https:\/\/hingelaegas.ee\/en\/product\/korvarongad-peridoot-hobe-925\/#breadcrumb"},"inLanguage":"en-GB","potentialAction":[{"@type":"ReadAction","target":["https:\/\/hingelaegas.ee\/en\/product\/korvarongad-peridoot-hobe-925\/"]}]},{"@type":"ImageObject","inLanguage":"en-GB","@id":"https:\/\/hingelaegas.ee\/en\/product\/korvarongad-peridoot-hobe-925\/#primaryimage","url":"https:\/\/i0.wp.com\/hingelaegas.ee\/wp-content\/uploads\/2021\/07\/IMG_20210727_120935.jpg?fit=800%2C800&ssl=1","contentUrl":"https:\/\/i0.wp.com\/hingelaegas.ee\/wp-content\/uploads\/2021\/07\/IMG_20210727_120935.jpg?fit=800%2C800&ssl=1","width":800,"height":800,"caption":"mde_vivi"},{"@type":"BreadcrumbList","@id":"https:\/\/hingelaegas.ee\/en\/product\/korvarongad-peridoot-hobe-925\/#breadcrumb","itemListElement":[{"@type":"ListItem","position":1,"name":"Home","item":"https:\/\/www.hingelaegas.ee\/en\/"},{"@type":"ListItem","position":2,"name":"E-POOD","item":"https:\/\/www.hingelaegas.ee\/en\/e-pood\/"},{"@type":"ListItem","position":3,"name":"K\u00f5rvar\u00f5ngad, peridoot, h\u00f5be 925"}]},{"@type":"WebSite","@id":"https:\/\/www.hingelaegas.ee\/en\/#website","url":"https:\/\/www.hingelaegas.ee\/en\/","name":"Hingelaegas","description":"For Soul. For Body. For Mind.","publisher":{"@id":"https:\/\/www.hingelaegas.ee\/en\/#organization"},"potentialAction":[{"@type":"SearchAction","target":{"@type":"EntryPoint","urlTemplate":"https:\/\/www.hingelaegas.ee\/en\/?s={search_term_string}"},"query-input":{"@type":"PropertyValueSpecification","valueRequired":true,"valueName":"search_term_string"}}],"inLanguage":"en-GB"},{"@type":"Organization","@id":"https:\/\/www.hingelaegas.ee\/en\/#organization","name":"Hingelaegas O\u00dc","url":"https:\/\/www.hingelaegas.ee\/en\/","logo":{"@type":"ImageObject","inLanguage":"en-GB","@id":"https:\/\/www.hingelaegas.ee\/en\/#\/schema\/logo\/image\/","url":"https:\/\/hingelaegas.ee\/wp-content\/uploads\/2020\/12\/hingelaegas_vaike.png","contentUrl":"https:\/\/hingelaegas.ee\/wp-content\/uploads\/2020\/12\/hingelaegas_vaike.png","width":700,"height":700,"caption":"Hingelaegas O\u00dc"},"image":{"@id":"https:\/\/www.hingelaegas.ee\/en\/#\/schema\/logo\/image\/"}}]}},"acf":[],"jetpack_likes_enabled":false,"jetpack_sharing_enabled":true,"_links":{"self":[{"href":"https:\/\/hingelaegas.ee\/en\/wp-json\/wp\/v2\/product\/3374","targetHints":{"allow":["GET"]}}],"collection":[{"href":"https:\/\/hingelaegas.ee\/en\/wp-json\/wp\/v2\/product"}],"about":[{"href":"https:\/\/hingelaegas.ee\/en\/wp-json\/wp\/v2\/types\/product"}],"replies":[{"embeddable":true,"href":"https:\/\/hingelaegas.ee\/en\/wp-json\/wp\/v2\/comments?post=3374"}],"wp:featuredmedia":[{"embeddable":true,"href":"https:\/\/hingelaegas.ee\/en\/wp-json\/wp\/v2\/media\/3381"}],"wp:attachment":[{"href":"https:\/\/hingelaegas.ee\/en\/wp-json\/wp\/v2\/media?parent=3374"}],"wp:term":[{"taxonomy":"product_brand","embeddable":true,"href":"https:\/\/hingelaegas.ee\/en\/wp-json\/wp\/v2\/product_brand?post=3374"},{"taxonomy":"product_cat","embeddable":true,"href":"https:\/\/hingelaegas.ee\/en\/wp-json\/wp\/v2\/product_cat?post=3374"},{"taxonomy":"product_tag","embeddable":true,"href":"https:\/\/hingelaegas.ee\/en\/wp-json\/wp\/v2\/product_tag?post=3374"}],"curies":[{"name":"wp","href":"https:\/\/api.w.org\/{rel}","templated":true}]}}