{"id":3644,"date":"2021-10-17T19:57:07","date_gmt":"2021-10-17T17:57:07","guid":{"rendered":"https:\/\/hingelaegas.ee\/?post_type=product&#038;p=3644"},"modified":"2024-08-12T12:11:53","modified_gmt":"2024-08-12T09:11:53","slug":"korvarongad-kaksikheeliks-labradoriit-hobe-925","status":"publish","type":"product","link":"https:\/\/hingelaegas.ee\/en\/product\/korvarongad-kaksikheeliks-labradoriit-hobe-925\/","title":{"rendered":"Earrings \"Double helix\", labradorite, sterling silver 925"},"content":{"rendered":"<h1>Labradorite<\/h1>\n<p><strong>Main properties:<\/strong> intuition, changes, releasing of fears, stimulation of imagination, expansion of consciousness, trust, protection<\/p>\n<p><strong>Chakras:<\/strong> third eye, crown chakra<\/p>\n<p><strong>Zodiac signs:<\/strong> Sagittarius, Capricorn, Aquarius, Pisces<\/p>\n<p><strong>Numerology:<\/strong> numbers 6 and 7<\/p>\n<p>Stunning and charming labradorite, in its color play of deep blue, gold, and black hues, is a mystical and protecting stone. Also, it is called a bringer of light because it raises awareness and connects with universal energies. This stone hinders energy from leaking, keeps unwanted energy away from the aura, and restrains from negative energy.<\/p>\n<p>Labradorite may send to another world or other lives. As an esoteric stone, it aids in easing the dedicated practicing of mysticism.<\/p>\n<p>This stone aligns the physical and energy body, and opens the access to spiritual purpose. It enhances awareness and stimulates intuition, helps understand messages sent by Higher Self, and supports the accentuation of psychic talents.<\/p>\n<p>Labradorite is a supportive companion in changes as it provides strength and stamina. This stone enhances willpower and helps you value yourself. It\u2019s useful in calling forth and healing old memories as well as the problems of a past life. Labradorite may also help in preparing the body and soul for spiritual awakening.<\/p>\n<h5>Health and Healing<\/h5>\n<p><strong>Mentally,<\/strong> labradorite helps calm an overactive mind as well as provide imagination with energy, highlighting new ideas. It supports introspection, and helps unravel the queries and problems emerging from there. As an amazing dispeller of illusions, it helps see into the depth of people and things, and shows the true intent behind thoughts and actions.<\/p>\n<p><strong>Emotionally,<\/strong> it aids in suppressing fears, self-doubt, and earlier disappointments in life (also the ones experienced in past lives). It strengthens faith in oneself, and helps trust the Universe and life\u2019s course.<\/p>\n<p><strong>Physically,<\/strong> this stone helps treat eye and brain disorders, alleviates stress, and regulates metabolism. It also treats the cold, podagra and rheumatism, balances hormones, relieves period cramps, and lowers blood pressure.<\/p>","protected":false},"excerpt":{"rendered":"<p>Enchanting <strong>labradorite<\/strong> is a mystical and protective stone. Labrodorite is <strong>a supporting companion in changes<\/strong>, gives you strength and perseverance. This stone <strong>increases willpower<\/strong> and <strong>helps value yourself<\/strong>.<\/p>\n<p><!-- wp:paragraph --><\/p>\n<p><strong>Silver<\/strong> is a great <strong>healer<\/strong>, especially when it is in direct contact with the body. Scientists have found that <strong>silver kills harmful microorganisms living in water and air<\/strong>while maintaining benefic ones.<\/p>\n<p><!-- \/wp:paragraph --><\/p>\n<ul>\n<li>Handcrafted by Hingelaegas<\/li>\n<li>Material: sterling silver, labradorite<\/li>\n<li>Length of earring: 70 mm, width: 15 mm<\/li>\n<li>Weight (pair): 2.7 g<\/li>\n<li>Jewelry is delivered in a cream-colored <strong>velvet gift bag<\/strong><\/li>\n<\/ul>","protected":false},"featured_media":3646,"comment_status":"open","ping_status":"closed","template":"","meta":{"_monsterinsights_skip_tracking":false,"_monsterinsights_sitenote_active":false,"_monsterinsights_sitenote_note":"","_monsterinsights_sitenote_category":0},"product_brand":[],"product_cat":[80],"product_tag":[303,301,309,472,184,77],"class_list":{"0":"post-3644","1":"product","2":"type-product","3":"status-publish","4":"has-post-thumbnail","6":"product_cat-hobedast-kasitooehted","7":"product_tag-hobe-925","8":"product_tag-kasitooehted","9":"product_tag-korvarongad","10":"product_tag-labradoriit","11":"product_tag-poolvaariskivid","12":"product_tag-reiki","14":"first","15":"outofstock","16":"taxable","17":"shipping-taxable","18":"purchasable","19":"product-type-simple"},"yoast_head":"<!-- This site is optimized with the Yoast SEO plugin v27.3 - https:\/\/yoast.com\/product\/yoast-seo-wordpress\/ -->\n<title>K\u00f5rvar\u00f5ngad &quot;Kaksikheeliks&quot;, labradoriit, h\u00f5be 925 - Hingelaegas<\/title>\n<meta name=\"description\" content=\"Labradoriit on toetav kaaslane muutustes, andes tugevust ja visadust. Suurendab tahtej\u00f5udu ja aitab ennast v\u00e4\u00e4rtustada. H\u00f5be on suurep\u00e4rane tervendaja, eriti kui ta on kehaga otseses kontaktis.\" \/>\n<meta name=\"robots\" content=\"index, follow, max-snippet:-1, max-image-preview:large, max-video-preview:-1\" \/>\n<link rel=\"canonical\" href=\"https:\/\/hingelaegas.ee\/en\/product\/korvarongad-kaksikheeliks-labradoriit-hobe-925\/\" \/>\n<meta property=\"og:locale\" content=\"en_GB\" \/>\n<meta property=\"og:type\" content=\"article\" \/>\n<meta property=\"og:title\" content=\"K\u00f5rvar\u00f5ngad &quot;Kaksikheeliks&quot;, labradoriit, h\u00f5be 925 - Hingelaegas\" \/>\n<meta property=\"og:description\" content=\"Labradoriit on toetav kaaslane muutustes, andes tugevust ja visadust. Suurendab tahtej\u00f5udu ja aitab ennast v\u00e4\u00e4rtustada. H\u00f5be on suurep\u00e4rane tervendaja, eriti kui ta on kehaga otseses kontaktis.\" \/>\n<meta property=\"og:url\" content=\"https:\/\/hingelaegas.ee\/en\/product\/korvarongad-kaksikheeliks-labradoriit-hobe-925\/\" \/>\n<meta property=\"og:site_name\" content=\"Hingelaegas\" \/>\n<meta property=\"article:modified_time\" content=\"2024-08-12T09:11:53+00:00\" \/>\n<meta property=\"og:image\" content=\"https:\/\/i0.wp.com\/www.hingelaegas.ee\/wp-content\/uploads\/2021\/10\/IMG_20211019_220601_2.jpg?fit=800%2C799&ssl=1\" \/>\n\t<meta property=\"og:image:width\" content=\"800\" \/>\n\t<meta property=\"og:image:height\" content=\"799\" \/>\n\t<meta property=\"og:image:type\" content=\"image\/jpeg\" \/>\n<meta name=\"twitter:card\" content=\"summary_large_image\" \/>\n<meta name=\"twitter:label1\" content=\"Estimated reading time\" \/>\n\t<meta name=\"twitter:data1\" content=\"2 minutes\" \/>\n<script type=\"application\/ld+json\" class=\"yoast-schema-graph\">{\"@context\":\"https:\\\/\\\/schema.org\",\"@graph\":[{\"@type\":\"WebPage\",\"@id\":\"https:\\\/\\\/hingelaegas.ee\\\/product\\\/korvarongad-kaksikheeliks-labradoriit-hobe-925\\\/\",\"url\":\"https:\\\/\\\/hingelaegas.ee\\\/product\\\/korvarongad-kaksikheeliks-labradoriit-hobe-925\\\/\",\"name\":\"K\u00f5rvar\u00f5ngad \\\"Kaksikheeliks\\\", labradoriit, h\u00f5be 925 - Hingelaegas\",\"isPartOf\":{\"@id\":\"https:\\\/\\\/www.hingelaegas.ee\\\/en\\\/#website\"},\"primaryImageOfPage\":{\"@id\":\"https:\\\/\\\/hingelaegas.ee\\\/product\\\/korvarongad-kaksikheeliks-labradoriit-hobe-925\\\/#primaryimage\"},\"image\":{\"@id\":\"https:\\\/\\\/hingelaegas.ee\\\/product\\\/korvarongad-kaksikheeliks-labradoriit-hobe-925\\\/#primaryimage\"},\"thumbnailUrl\":\"https:\\\/\\\/i0.wp.com\\\/www.hingelaegas.ee\\\/wp-content\\\/uploads\\\/2021\\\/10\\\/IMG_20211019_220601_2.jpg?fit=800%2C799&ssl=1\",\"datePublished\":\"2021-10-17T17:57:07+00:00\",\"dateModified\":\"2024-08-12T09:11:53+00:00\",\"description\":\"Labradoriit on toetav kaaslane muutustes, andes tugevust ja visadust. Suurendab tahtej\u00f5udu ja aitab ennast v\u00e4\u00e4rtustada. H\u00f5be on suurep\u00e4rane tervendaja, eriti kui ta on kehaga otseses kontaktis.\",\"breadcrumb\":{\"@id\":\"https:\\\/\\\/hingelaegas.ee\\\/product\\\/korvarongad-kaksikheeliks-labradoriit-hobe-925\\\/#breadcrumb\"},\"inLanguage\":\"en-GB\",\"potentialAction\":[{\"@type\":\"ReadAction\",\"target\":[\"https:\\\/\\\/hingelaegas.ee\\\/product\\\/korvarongad-kaksikheeliks-labradoriit-hobe-925\\\/\"]}]},{\"@type\":\"ImageObject\",\"inLanguage\":\"en-GB\",\"@id\":\"https:\\\/\\\/hingelaegas.ee\\\/product\\\/korvarongad-kaksikheeliks-labradoriit-hobe-925\\\/#primaryimage\",\"url\":\"https:\\\/\\\/i0.wp.com\\\/www.hingelaegas.ee\\\/wp-content\\\/uploads\\\/2021\\\/10\\\/IMG_20211019_220601_2.jpg?fit=800%2C799&ssl=1\",\"contentUrl\":\"https:\\\/\\\/i0.wp.com\\\/www.hingelaegas.ee\\\/wp-content\\\/uploads\\\/2021\\\/10\\\/IMG_20211019_220601_2.jpg?fit=800%2C799&ssl=1\",\"width\":800,\"height\":799,\"caption\":\"K\u00e4sit\u00f6\u00f6ehted\"},{\"@type\":\"BreadcrumbList\",\"@id\":\"https:\\\/\\\/hingelaegas.ee\\\/product\\\/korvarongad-kaksikheeliks-labradoriit-hobe-925\\\/#breadcrumb\",\"itemListElement\":[{\"@type\":\"ListItem\",\"position\":1,\"name\":\"Home\",\"item\":\"https:\\\/\\\/www.hingelaegas.ee\\\/en\\\/\"},{\"@type\":\"ListItem\",\"position\":2,\"name\":\"E-POOD\",\"item\":\"https:\\\/\\\/www.hingelaegas.ee\\\/en\\\/e-pood\\\/\"},{\"@type\":\"ListItem\",\"position\":3,\"name\":\"K\u00f5rvar\u00f5ngad &#8220;Kaksikheeliks&#8221;, labradoriit, h\u00f5be 925\"}]},{\"@type\":\"WebSite\",\"@id\":\"https:\\\/\\\/www.hingelaegas.ee\\\/en\\\/#website\",\"url\":\"https:\\\/\\\/www.hingelaegas.ee\\\/en\\\/\",\"name\":\"Hingelaegas\",\"description\":\"Hingele. Kehale. Vaimule.\",\"publisher\":{\"@id\":\"https:\\\/\\\/www.hingelaegas.ee\\\/en\\\/#organization\"},\"potentialAction\":[{\"@type\":\"SearchAction\",\"target\":{\"@type\":\"EntryPoint\",\"urlTemplate\":\"https:\\\/\\\/www.hingelaegas.ee\\\/en\\\/?s={search_term_string}\"},\"query-input\":{\"@type\":\"PropertyValueSpecification\",\"valueRequired\":true,\"valueName\":\"search_term_string\"}}],\"inLanguage\":\"en-GB\"},{\"@type\":\"Organization\",\"@id\":\"https:\\\/\\\/www.hingelaegas.ee\\\/en\\\/#organization\",\"name\":\"Hingelaegas O\u00dc\",\"url\":\"https:\\\/\\\/www.hingelaegas.ee\\\/en\\\/\",\"logo\":{\"@type\":\"ImageObject\",\"inLanguage\":\"en-GB\",\"@id\":\"https:\\\/\\\/www.hingelaegas.ee\\\/en\\\/#\\\/schema\\\/logo\\\/image\\\/\",\"url\":\"https:\\\/\\\/hingelaegas.ee\\\/wp-content\\\/uploads\\\/2020\\\/12\\\/hingelaegas_vaike.png\",\"contentUrl\":\"https:\\\/\\\/hingelaegas.ee\\\/wp-content\\\/uploads\\\/2020\\\/12\\\/hingelaegas_vaike.png\",\"width\":700,\"height\":700,\"caption\":\"Hingelaegas O\u00dc\"},\"image\":{\"@id\":\"https:\\\/\\\/www.hingelaegas.ee\\\/en\\\/#\\\/schema\\\/logo\\\/image\\\/\"}}]}<\/script>\n<!-- \/ Yoast SEO plugin. -->","yoast_head_json":{"title":"K\u00f5rvar\u00f5ngad \"Kaksikheeliks\", labradoriit, h\u00f5be 925 - Hingelaegas","description":"Labradoriit on toetav kaaslane muutustes, andes tugevust ja visadust. Suurendab tahtej\u00f5udu ja aitab ennast v\u00e4\u00e4rtustada. H\u00f5be on suurep\u00e4rane tervendaja, eriti kui ta on kehaga otseses kontaktis.","robots":{"index":"index","follow":"follow","max-snippet":"max-snippet:-1","max-image-preview":"max-image-preview:large","max-video-preview":"max-video-preview:-1"},"canonical":"https:\/\/hingelaegas.ee\/en\/product\/korvarongad-kaksikheeliks-labradoriit-hobe-925\/","og_locale":"en_GB","og_type":"article","og_title":"K\u00f5rvar\u00f5ngad \"Kaksikheeliks\", labradoriit, h\u00f5be 925 - Hingelaegas","og_description":"Labradoriit on toetav kaaslane muutustes, andes tugevust ja visadust. Suurendab tahtej\u00f5udu ja aitab ennast v\u00e4\u00e4rtustada. H\u00f5be on suurep\u00e4rane tervendaja, eriti kui ta on kehaga otseses kontaktis.","og_url":"https:\/\/hingelaegas.ee\/en\/product\/korvarongad-kaksikheeliks-labradoriit-hobe-925\/","og_site_name":"Hingelaegas","article_modified_time":"2024-08-12T09:11:53+00:00","og_image":[{"width":800,"height":799,"url":"https:\/\/i0.wp.com\/www.hingelaegas.ee\/wp-content\/uploads\/2021\/10\/IMG_20211019_220601_2.jpg?fit=800%2C799&ssl=1","type":"image\/jpeg"}],"twitter_card":"summary_large_image","twitter_misc":{"Estimated reading time":"2 minutes"},"schema":{"@context":"https:\/\/schema.org","@graph":[{"@type":"WebPage","@id":"https:\/\/hingelaegas.ee\/product\/korvarongad-kaksikheeliks-labradoriit-hobe-925\/","url":"https:\/\/hingelaegas.ee\/product\/korvarongad-kaksikheeliks-labradoriit-hobe-925\/","name":"K\u00f5rvar\u00f5ngad \"Kaksikheeliks\", labradoriit, h\u00f5be 925 - Hingelaegas","isPartOf":{"@id":"https:\/\/www.hingelaegas.ee\/en\/#website"},"primaryImageOfPage":{"@id":"https:\/\/hingelaegas.ee\/product\/korvarongad-kaksikheeliks-labradoriit-hobe-925\/#primaryimage"},"image":{"@id":"https:\/\/hingelaegas.ee\/product\/korvarongad-kaksikheeliks-labradoriit-hobe-925\/#primaryimage"},"thumbnailUrl":"https:\/\/i0.wp.com\/www.hingelaegas.ee\/wp-content\/uploads\/2021\/10\/IMG_20211019_220601_2.jpg?fit=800%2C799&ssl=1","datePublished":"2021-10-17T17:57:07+00:00","dateModified":"2024-08-12T09:11:53+00:00","description":"Labradoriit on toetav kaaslane muutustes, andes tugevust ja visadust. Suurendab tahtej\u00f5udu ja aitab ennast v\u00e4\u00e4rtustada. H\u00f5be on suurep\u00e4rane tervendaja, eriti kui ta on kehaga otseses kontaktis.","breadcrumb":{"@id":"https:\/\/hingelaegas.ee\/product\/korvarongad-kaksikheeliks-labradoriit-hobe-925\/#breadcrumb"},"inLanguage":"en-GB","potentialAction":[{"@type":"ReadAction","target":["https:\/\/hingelaegas.ee\/product\/korvarongad-kaksikheeliks-labradoriit-hobe-925\/"]}]},{"@type":"ImageObject","inLanguage":"en-GB","@id":"https:\/\/hingelaegas.ee\/product\/korvarongad-kaksikheeliks-labradoriit-hobe-925\/#primaryimage","url":"https:\/\/i0.wp.com\/www.hingelaegas.ee\/wp-content\/uploads\/2021\/10\/IMG_20211019_220601_2.jpg?fit=800%2C799&ssl=1","contentUrl":"https:\/\/i0.wp.com\/www.hingelaegas.ee\/wp-content\/uploads\/2021\/10\/IMG_20211019_220601_2.jpg?fit=800%2C799&ssl=1","width":800,"height":799,"caption":"K\u00e4sit\u00f6\u00f6ehted"},{"@type":"BreadcrumbList","@id":"https:\/\/hingelaegas.ee\/product\/korvarongad-kaksikheeliks-labradoriit-hobe-925\/#breadcrumb","itemListElement":[{"@type":"ListItem","position":1,"name":"Home","item":"https:\/\/www.hingelaegas.ee\/en\/"},{"@type":"ListItem","position":2,"name":"E-POOD","item":"https:\/\/www.hingelaegas.ee\/en\/e-pood\/"},{"@type":"ListItem","position":3,"name":"K\u00f5rvar\u00f5ngad &#8220;Kaksikheeliks&#8221;, labradoriit, h\u00f5be 925"}]},{"@type":"WebSite","@id":"https:\/\/www.hingelaegas.ee\/en\/#website","url":"https:\/\/www.hingelaegas.ee\/en\/","name":"Hingelaegas","description":"For Soul. For Body. For Mind.","publisher":{"@id":"https:\/\/www.hingelaegas.ee\/en\/#organization"},"potentialAction":[{"@type":"SearchAction","target":{"@type":"EntryPoint","urlTemplate":"https:\/\/www.hingelaegas.ee\/en\/?s={search_term_string}"},"query-input":{"@type":"PropertyValueSpecification","valueRequired":true,"valueName":"search_term_string"}}],"inLanguage":"en-GB"},{"@type":"Organization","@id":"https:\/\/www.hingelaegas.ee\/en\/#organization","name":"Hingelaegas O\u00dc","url":"https:\/\/www.hingelaegas.ee\/en\/","logo":{"@type":"ImageObject","inLanguage":"en-GB","@id":"https:\/\/www.hingelaegas.ee\/en\/#\/schema\/logo\/image\/","url":"https:\/\/hingelaegas.ee\/wp-content\/uploads\/2020\/12\/hingelaegas_vaike.png","contentUrl":"https:\/\/hingelaegas.ee\/wp-content\/uploads\/2020\/12\/hingelaegas_vaike.png","width":700,"height":700,"caption":"Hingelaegas O\u00dc"},"image":{"@id":"https:\/\/www.hingelaegas.ee\/en\/#\/schema\/logo\/image\/"}}]}},"acf":[],"jetpack_likes_enabled":false,"jetpack_sharing_enabled":true,"_links":{"self":[{"href":"https:\/\/hingelaegas.ee\/en\/wp-json\/wp\/v2\/product\/3644","targetHints":{"allow":["GET"]}}],"collection":[{"href":"https:\/\/hingelaegas.ee\/en\/wp-json\/wp\/v2\/product"}],"about":[{"href":"https:\/\/hingelaegas.ee\/en\/wp-json\/wp\/v2\/types\/product"}],"replies":[{"embeddable":true,"href":"https:\/\/hingelaegas.ee\/en\/wp-json\/wp\/v2\/comments?post=3644"}],"wp:featuredmedia":[{"embeddable":true,"href":"https:\/\/hingelaegas.ee\/en\/wp-json\/wp\/v2\/media\/3646"}],"wp:attachment":[{"href":"https:\/\/hingelaegas.ee\/en\/wp-json\/wp\/v2\/media?parent=3644"}],"wp:term":[{"taxonomy":"product_brand","embeddable":true,"href":"https:\/\/hingelaegas.ee\/en\/wp-json\/wp\/v2\/product_brand?post=3644"},{"taxonomy":"product_cat","embeddable":true,"href":"https:\/\/hingelaegas.ee\/en\/wp-json\/wp\/v2\/product_cat?post=3644"},{"taxonomy":"product_tag","embeddable":true,"href":"https:\/\/hingelaegas.ee\/en\/wp-json\/wp\/v2\/product_tag?post=3644"}],"curies":[{"name":"wp","href":"https:\/\/api.w.org\/{rel}","templated":true}]}}