{"id":3665,"date":"2021-10-26T09:00:23","date_gmt":"2021-10-26T07:00:23","guid":{"rendered":"https:\/\/hingelaegas.ee\/?post_type=product&#038;p=3665"},"modified":"2024-09-26T23:43:49","modified_gmt":"2024-09-26T20:43:49","slug":"pendel-vikerkaare-kuukivi","status":"publish","type":"product","link":"https:\/\/hingelaegas.ee\/en\/product\/pendel-vikerkaare-kuukivi\/","title":{"rendered":"Pendulum, rainbow moonstone"},"content":{"rendered":"<h1>Rainbow moonstone<\/h1>\n<p><strong>Main properties:<\/strong> self-discovery, solutions, intuition, cleansing and balancing of chakras, truth, transformation, calming, patience, living in the moment, psychic abilities, inspiration, angelic communication, spiritual awakening, inner peace, development, expanded consciousness, enlightenment, creation of one's own reality, dreams, determination<\/p>\n<p><strong>Chakras: <\/strong>root chakra, sacral chakra, solar plexus, heart chakra, throat chakra, third eye, crown chakra<\/p>\n<p><strong>Zodiac signs:<\/strong> Scorpio, Libra, Cancer<\/p>\n<div class=\"tag text-center text-dark\">\n<p class=\"tag text-center text-dark\">The rainbow moonstone, also known as the white labradorite, activates and aligns all chakras so that energy can flow freely. Transmits soothing and relaxing vibrations. Helps connect with your emotional body and mental state.<\/p>\n<p>Helps maintain clear thinking and protects the aura from the effects of negative vibrations. As this stone helps keep the mind clear, it also helps raise self-awareness and supports intuition.<\/p>\n<p>Rainbow moonstone is a very transformative stone. This stone encourages you to seize new opportunities and also supports you in overcoming difficulties. Relieves stress and anxiety.<\/p>\n<p>&nbsp;<\/p>\n<\/div>","protected":false},"excerpt":{"rendered":"<div id=\"tw-container\" class=\"\" data-cp=\"1\" data-is-ver=\"false\" data-nnttsvi=\"1\" data-sm=\"1\" data-sugg-time=\"500\" data-sugg-url=\"https:\/\/clients1.google.com\/complete\/search\" data-uilc=\"et\">\n<div id=\"tw-ob\" class=\"tw-src-ltr\">\n<div class=\"oSioSc\">\n<div id=\"tw-target\">\n<div id=\"kAz1tf\" class=\"g9WsWb\">\n<div id=\"tw-target-text-container\" class=\"tw-ta-container F0azHf tw-nfl\" tabindex=\"0\">\n<p id=\"tw-target-text\" class=\"tw-data-text tw-text-large XcVN5d tw-ta\" dir=\"ltr\" data-placeholder=\"T\u00f5lge\"><span class=\"Y2IQFc\" lang=\"et\">Pendulums can be used in many different ways and for different purposes, such as finding water, minerals, missing people, and even lost items. They can also be used to ask questions, predict, heal, and even for Reiki, because the pendulums also show the movement of energy.<\/span><\/p>\n<\/div>\n<\/div>\n<\/div>\n<\/div>\n<\/div>\n<\/div>\n<ul>\n<li>Stone: rainbow moonstone (see the description below)<\/li>\n<li>Length of pendulum: 22 cm<\/li>\n<li>Size of the stone: 25x45 mm<\/li>\n<\/ul>","protected":false},"featured_media":3697,"comment_status":"open","ping_status":"closed","template":"","meta":{"_monsterinsights_skip_tracking":false,"_monsterinsights_sitenote_active":false,"_monsterinsights_sitenote_note":"","_monsterinsights_sitenote_category":0},"product_brand":[],"product_cat":[110],"product_tag":[498,515,184,77,175,499,495],"class_list":{"0":"post-3665","1":"product","2":"type-product","3":"status-publish","4":"has-post-thumbnail","6":"product_cat-rituaalivahendid","7":"product_tag-ennustamine","8":"product_tag-pendlid","9":"product_tag-poolvaariskivid","10":"product_tag-reiki","11":"product_tag-rituaalivahendid","12":"product_tag-tervendamine","13":"product_tag-vikerkaare-kuukivi","15":"first","16":"instock","17":"taxable","18":"shipping-taxable","19":"purchasable","20":"product-type-simple"},"yoast_head":"<!-- This site is optimized with the Yoast SEO plugin v27.3 - https:\/\/yoast.com\/product\/yoast-seo-wordpress\/ -->\n<title>Pendel, vikerkaare kuukivi - Hingelaegas<\/title>\n<meta name=\"description\" content=\"Vikerkaare kuukivi on v\u00e4ga transformatiivne kivi. See kivi soodustab uutest v\u00f5imalustest haaramist ning toetab ka raskustest l\u00e4biminekul. Leevendab stressi ja \u00e4revust.\" \/>\n<meta name=\"robots\" content=\"index, follow, max-snippet:-1, max-image-preview:large, max-video-preview:-1\" \/>\n<link rel=\"canonical\" href=\"https:\/\/hingelaegas.ee\/en\/product\/pendel-vikerkaare-kuukivi\/\" \/>\n<meta property=\"og:locale\" content=\"en_GB\" \/>\n<meta property=\"og:type\" content=\"article\" \/>\n<meta property=\"og:title\" content=\"Pendel, vikerkaare kuukivi - Hingelaegas\" \/>\n<meta property=\"og:description\" content=\"Vikerkaare kuukivi on v\u00e4ga transformatiivne kivi. See kivi soodustab uutest v\u00f5imalustest haaramist ning toetab ka raskustest l\u00e4biminekul. Leevendab stressi ja \u00e4revust.\" \/>\n<meta property=\"og:url\" content=\"https:\/\/hingelaegas.ee\/en\/product\/pendel-vikerkaare-kuukivi\/\" \/>\n<meta property=\"og:site_name\" content=\"Hingelaegas\" \/>\n<meta property=\"article:modified_time\" content=\"2024-09-26T20:43:49+00:00\" \/>\n<meta property=\"og:image\" content=\"https:\/\/i0.wp.com\/hingelaegas.ee\/wp-content\/uploads\/2021\/10\/rainbow-moonstone-pendulum-1.jpg?fit=800%2C802&ssl=1\" \/>\n\t<meta property=\"og:image:width\" content=\"800\" \/>\n\t<meta property=\"og:image:height\" content=\"802\" \/>\n\t<meta property=\"og:image:type\" content=\"image\/jpeg\" \/>\n<meta name=\"twitter:card\" content=\"summary_large_image\" \/>\n<meta name=\"twitter:label1\" content=\"Estimated reading time\" \/>\n\t<meta name=\"twitter:data1\" content=\"1 minute\" \/>\n<script type=\"application\/ld+json\" class=\"yoast-schema-graph\">{\"@context\":\"https:\\\/\\\/schema.org\",\"@graph\":[{\"@type\":\"WebPage\",\"@id\":\"https:\\\/\\\/hingelaegas.ee\\\/en\\\/product\\\/pendel-vikerkaare-kuukivi\\\/\",\"url\":\"https:\\\/\\\/hingelaegas.ee\\\/en\\\/product\\\/pendel-vikerkaare-kuukivi\\\/\",\"name\":\"Pendel, vikerkaare kuukivi - Hingelaegas\",\"isPartOf\":{\"@id\":\"https:\\\/\\\/www.hingelaegas.ee\\\/en\\\/#website\"},\"primaryImageOfPage\":{\"@id\":\"https:\\\/\\\/hingelaegas.ee\\\/en\\\/product\\\/pendel-vikerkaare-kuukivi\\\/#primaryimage\"},\"image\":{\"@id\":\"https:\\\/\\\/hingelaegas.ee\\\/en\\\/product\\\/pendel-vikerkaare-kuukivi\\\/#primaryimage\"},\"thumbnailUrl\":\"https:\\\/\\\/i0.wp.com\\\/www.hingelaegas.ee\\\/wp-content\\\/uploads\\\/2021\\\/10\\\/rainbow-moonstone-pendulum-1.jpg?fit=800%2C802&ssl=1\",\"datePublished\":\"2021-10-26T07:00:23+00:00\",\"dateModified\":\"2024-09-26T20:43:49+00:00\",\"description\":\"Vikerkaare kuukivi on v\u00e4ga transformatiivne kivi. See kivi soodustab uutest v\u00f5imalustest haaramist ning toetab ka raskustest l\u00e4biminekul. Leevendab stressi ja \u00e4revust.\",\"breadcrumb\":{\"@id\":\"https:\\\/\\\/hingelaegas.ee\\\/en\\\/product\\\/pendel-vikerkaare-kuukivi\\\/#breadcrumb\"},\"inLanguage\":\"en-GB\",\"potentialAction\":[{\"@type\":\"ReadAction\",\"target\":[\"https:\\\/\\\/hingelaegas.ee\\\/en\\\/product\\\/pendel-vikerkaare-kuukivi\\\/\"]}]},{\"@type\":\"ImageObject\",\"inLanguage\":\"en-GB\",\"@id\":\"https:\\\/\\\/hingelaegas.ee\\\/en\\\/product\\\/pendel-vikerkaare-kuukivi\\\/#primaryimage\",\"url\":\"https:\\\/\\\/i0.wp.com\\\/www.hingelaegas.ee\\\/wp-content\\\/uploads\\\/2021\\\/10\\\/rainbow-moonstone-pendulum-1.jpg?fit=800%2C802&ssl=1\",\"contentUrl\":\"https:\\\/\\\/i0.wp.com\\\/www.hingelaegas.ee\\\/wp-content\\\/uploads\\\/2021\\\/10\\\/rainbow-moonstone-pendulum-1.jpg?fit=800%2C802&ssl=1\",\"width\":800,\"height\":802,\"caption\":\"vikerkaare kuukivi\"},{\"@type\":\"BreadcrumbList\",\"@id\":\"https:\\\/\\\/hingelaegas.ee\\\/en\\\/product\\\/pendel-vikerkaare-kuukivi\\\/#breadcrumb\",\"itemListElement\":[{\"@type\":\"ListItem\",\"position\":1,\"name\":\"Home\",\"item\":\"https:\\\/\\\/www.hingelaegas.ee\\\/en\\\/\"},{\"@type\":\"ListItem\",\"position\":2,\"name\":\"E-POOD\",\"item\":\"https:\\\/\\\/www.hingelaegas.ee\\\/en\\\/e-pood\\\/\"},{\"@type\":\"ListItem\",\"position\":3,\"name\":\"Pendel, vikerkaare kuukivi\"}]},{\"@type\":\"WebSite\",\"@id\":\"https:\\\/\\\/www.hingelaegas.ee\\\/en\\\/#website\",\"url\":\"https:\\\/\\\/www.hingelaegas.ee\\\/en\\\/\",\"name\":\"Hingelaegas\",\"description\":\"Hingele. Kehale. Vaimule.\",\"publisher\":{\"@id\":\"https:\\\/\\\/www.hingelaegas.ee\\\/en\\\/#organization\"},\"potentialAction\":[{\"@type\":\"SearchAction\",\"target\":{\"@type\":\"EntryPoint\",\"urlTemplate\":\"https:\\\/\\\/www.hingelaegas.ee\\\/en\\\/?s={search_term_string}\"},\"query-input\":{\"@type\":\"PropertyValueSpecification\",\"valueRequired\":true,\"valueName\":\"search_term_string\"}}],\"inLanguage\":\"en-GB\"},{\"@type\":\"Organization\",\"@id\":\"https:\\\/\\\/www.hingelaegas.ee\\\/en\\\/#organization\",\"name\":\"Hingelaegas O\u00dc\",\"url\":\"https:\\\/\\\/www.hingelaegas.ee\\\/en\\\/\",\"logo\":{\"@type\":\"ImageObject\",\"inLanguage\":\"en-GB\",\"@id\":\"https:\\\/\\\/www.hingelaegas.ee\\\/en\\\/#\\\/schema\\\/logo\\\/image\\\/\",\"url\":\"https:\\\/\\\/hingelaegas.ee\\\/wp-content\\\/uploads\\\/2020\\\/12\\\/hingelaegas_vaike.png\",\"contentUrl\":\"https:\\\/\\\/hingelaegas.ee\\\/wp-content\\\/uploads\\\/2020\\\/12\\\/hingelaegas_vaike.png\",\"width\":700,\"height\":700,\"caption\":\"Hingelaegas O\u00dc\"},\"image\":{\"@id\":\"https:\\\/\\\/www.hingelaegas.ee\\\/en\\\/#\\\/schema\\\/logo\\\/image\\\/\"}}]}<\/script>\n<!-- \/ Yoast SEO plugin. -->","yoast_head_json":{"title":"Pendel, vikerkaare kuukivi - Hingelaegas","description":"Rainbow moonstone is a very transformative stone. This stone encourages you to seize new opportunities and also supports you in overcoming difficulties. Relieves stress and anxiety.","robots":{"index":"index","follow":"follow","max-snippet":"max-snippet:-1","max-image-preview":"max-image-preview:large","max-video-preview":"max-video-preview:-1"},"canonical":"https:\/\/hingelaegas.ee\/en\/product\/pendel-vikerkaare-kuukivi\/","og_locale":"en_GB","og_type":"article","og_title":"Pendel, vikerkaare kuukivi - Hingelaegas","og_description":"Vikerkaare kuukivi on v\u00e4ga transformatiivne kivi. See kivi soodustab uutest v\u00f5imalustest haaramist ning toetab ka raskustest l\u00e4biminekul. Leevendab stressi ja \u00e4revust.","og_url":"https:\/\/hingelaegas.ee\/en\/product\/pendel-vikerkaare-kuukivi\/","og_site_name":"Hingelaegas","article_modified_time":"2024-09-26T20:43:49+00:00","og_image":[{"width":800,"height":802,"url":"https:\/\/i0.wp.com\/hingelaegas.ee\/wp-content\/uploads\/2021\/10\/rainbow-moonstone-pendulum-1.jpg?fit=800%2C802&ssl=1","type":"image\/jpeg"}],"twitter_card":"summary_large_image","twitter_misc":{"Estimated reading time":"1 minute"},"schema":{"@context":"https:\/\/schema.org","@graph":[{"@type":"WebPage","@id":"https:\/\/hingelaegas.ee\/en\/product\/pendel-vikerkaare-kuukivi\/","url":"https:\/\/hingelaegas.ee\/en\/product\/pendel-vikerkaare-kuukivi\/","name":"Pendel, vikerkaare kuukivi - Hingelaegas","isPartOf":{"@id":"https:\/\/www.hingelaegas.ee\/en\/#website"},"primaryImageOfPage":{"@id":"https:\/\/hingelaegas.ee\/en\/product\/pendel-vikerkaare-kuukivi\/#primaryimage"},"image":{"@id":"https:\/\/hingelaegas.ee\/en\/product\/pendel-vikerkaare-kuukivi\/#primaryimage"},"thumbnailUrl":"https:\/\/i0.wp.com\/www.hingelaegas.ee\/wp-content\/uploads\/2021\/10\/rainbow-moonstone-pendulum-1.jpg?fit=800%2C802&ssl=1","datePublished":"2021-10-26T07:00:23+00:00","dateModified":"2024-09-26T20:43:49+00:00","description":"Rainbow moonstone is a very transformative stone. This stone encourages you to seize new opportunities and also supports you in overcoming difficulties. Relieves stress and anxiety.","breadcrumb":{"@id":"https:\/\/hingelaegas.ee\/en\/product\/pendel-vikerkaare-kuukivi\/#breadcrumb"},"inLanguage":"en-GB","potentialAction":[{"@type":"ReadAction","target":["https:\/\/hingelaegas.ee\/en\/product\/pendel-vikerkaare-kuukivi\/"]}]},{"@type":"ImageObject","inLanguage":"en-GB","@id":"https:\/\/hingelaegas.ee\/en\/product\/pendel-vikerkaare-kuukivi\/#primaryimage","url":"https:\/\/i0.wp.com\/www.hingelaegas.ee\/wp-content\/uploads\/2021\/10\/rainbow-moonstone-pendulum-1.jpg?fit=800%2C802&ssl=1","contentUrl":"https:\/\/i0.wp.com\/www.hingelaegas.ee\/wp-content\/uploads\/2021\/10\/rainbow-moonstone-pendulum-1.jpg?fit=800%2C802&ssl=1","width":800,"height":802,"caption":"vikerkaare kuukivi"},{"@type":"BreadcrumbList","@id":"https:\/\/hingelaegas.ee\/en\/product\/pendel-vikerkaare-kuukivi\/#breadcrumb","itemListElement":[{"@type":"ListItem","position":1,"name":"Home","item":"https:\/\/www.hingelaegas.ee\/en\/"},{"@type":"ListItem","position":2,"name":"E-POOD","item":"https:\/\/www.hingelaegas.ee\/en\/e-pood\/"},{"@type":"ListItem","position":3,"name":"Pendel, vikerkaare kuukivi"}]},{"@type":"WebSite","@id":"https:\/\/www.hingelaegas.ee\/en\/#website","url":"https:\/\/www.hingelaegas.ee\/en\/","name":"Hingelaegas","description":"For Soul. For Body. For Mind.","publisher":{"@id":"https:\/\/www.hingelaegas.ee\/en\/#organization"},"potentialAction":[{"@type":"SearchAction","target":{"@type":"EntryPoint","urlTemplate":"https:\/\/www.hingelaegas.ee\/en\/?s={search_term_string}"},"query-input":{"@type":"PropertyValueSpecification","valueRequired":true,"valueName":"search_term_string"}}],"inLanguage":"en-GB"},{"@type":"Organization","@id":"https:\/\/www.hingelaegas.ee\/en\/#organization","name":"Hingelaegas O\u00dc","url":"https:\/\/www.hingelaegas.ee\/en\/","logo":{"@type":"ImageObject","inLanguage":"en-GB","@id":"https:\/\/www.hingelaegas.ee\/en\/#\/schema\/logo\/image\/","url":"https:\/\/hingelaegas.ee\/wp-content\/uploads\/2020\/12\/hingelaegas_vaike.png","contentUrl":"https:\/\/hingelaegas.ee\/wp-content\/uploads\/2020\/12\/hingelaegas_vaike.png","width":700,"height":700,"caption":"Hingelaegas O\u00dc"},"image":{"@id":"https:\/\/www.hingelaegas.ee\/en\/#\/schema\/logo\/image\/"}}]}},"acf":[],"jetpack_likes_enabled":false,"jetpack_sharing_enabled":true,"_links":{"self":[{"href":"https:\/\/hingelaegas.ee\/en\/wp-json\/wp\/v2\/product\/3665","targetHints":{"allow":["GET"]}}],"collection":[{"href":"https:\/\/hingelaegas.ee\/en\/wp-json\/wp\/v2\/product"}],"about":[{"href":"https:\/\/hingelaegas.ee\/en\/wp-json\/wp\/v2\/types\/product"}],"replies":[{"embeddable":true,"href":"https:\/\/hingelaegas.ee\/en\/wp-json\/wp\/v2\/comments?post=3665"}],"wp:featuredmedia":[{"embeddable":true,"href":"https:\/\/hingelaegas.ee\/en\/wp-json\/wp\/v2\/media\/3697"}],"wp:attachment":[{"href":"https:\/\/hingelaegas.ee\/en\/wp-json\/wp\/v2\/media?parent=3665"}],"wp:term":[{"taxonomy":"product_brand","embeddable":true,"href":"https:\/\/hingelaegas.ee\/en\/wp-json\/wp\/v2\/product_brand?post=3665"},{"taxonomy":"product_cat","embeddable":true,"href":"https:\/\/hingelaegas.ee\/en\/wp-json\/wp\/v2\/product_cat?post=3665"},{"taxonomy":"product_tag","embeddable":true,"href":"https:\/\/hingelaegas.ee\/en\/wp-json\/wp\/v2\/product_tag?post=3665"}],"curies":[{"name":"wp","href":"https:\/\/api.w.org\/{rel}","templated":true}]}}