{"id":3680,"date":"2021-11-01T19:16:08","date_gmt":"2021-11-01T16:16:08","guid":{"rendered":"https:\/\/hingelaegas.ee\/?post_type=product&#038;p=3680"},"modified":"2025-07-02T19:53:22","modified_gmt":"2025-07-02T17:53:22","slug":"aroomipihusti-palermo-led-tuledega","status":"publish","type":"product","link":"https:\/\/hingelaegas.ee\/en\/product\/aroomipihusti-palermo-led-tuledega\/","title":{"rendered":"Aroomipihusti &#8211; Palermo (LED tuledega)"},"content":{"rendered":"<p>Ultrasonic diffusers use ultrasonic waves to vaporize a very fine mist from the water and essential oils placed in the water tank. Such spraying looks as a twirling mist and forms a very beautiful aesthetic sight.<\/p>\n<p>When using the aroma diffuser, place the product on a straight surface.<\/p>\n<p>Turn the top of the device and remove it from the bottom part of the diffuser.<\/p>\n<p>Add water to the water tank up to the maximum fill line (marked as MAX). Then add\u00a0<strong>2-3 drops of essential oil<\/strong>. Later, if you are used to the aroma, you can increase the amount to 3-5 drops.<\/p>\n<p>Replace the top of the diffuser back on the bottom part and tighten it.<\/p>\n<p>Plug in the adapter or the USB tip for the electrical device (or adapter) and turn the device ON.<\/p>\n<p>Some devices also have a color changing option with LED lights and a timer.<\/p>\n<p>&nbsp;<\/p>\n<p>If you want to read more about other aromatherapy options at home, take a look at <a href=\"https:\/\/hingelaegas.ee\/blogi\/aroomiteraapia-ideed-kodustes-tingimustes\/\"><strong>HERE<\/strong><\/a>!<\/p>\n<p>&nbsp;<\/p>\n<p><em><strong>Caution!<\/strong><\/em><\/p>\n<p>Before using the diffuser, make sure that there is enough water in the container.<\/p>\n<p>Never leave the device unattended.<\/p>\n<p>Keep it out of reach of children and pets.<\/p>","protected":false},"excerpt":{"rendered":"<p>Ultraheli-difuuser ehk aroomipihusti kasutab ultrahelilaineid, et moodustada vedelikuanumasse pandud veest ja eeterlikest \u00f5lidest \u00fclipeen aroomiudu. Seega ta t\u00f6\u00f6tab v\u00e4ga vaikselt. Selline pihustamine paistab silmale kui keerduvad udujoad ning moodustab v\u00e4ga kauni esteetilise vaatepildi. Seadmel on ka v\u00e4rvi vahetavad LED tuled meeleolu tekitamiseks. V\u00f5ib kasutada ka lihtsalt \u00f5huniisutajana.<\/p>\n<div class=\"product_properties\">\n<div class=\"product_properties\">\n<ul>\n<li>veemahuti 120 ml<\/li>\n<li>LED-lights - 7 different colors<\/li>\n<li>powered by USB - length of the cord 100 cm<\/li>\n<li>taimer 1h \/ 3h \/ 6h<\/li>\n<li>k\u00f5rgus 16 cm, l\u00e4bim\u00f5\u00f5t 11 cm<\/li>\n<\/ul>\n<\/div>\n<\/div>\n<div class=\"product_properties\"><\/div>","protected":false},"featured_media":3728,"comment_status":"open","ping_status":"closed","template":"","meta":{"_monsterinsights_skip_tracking":false,"_monsterinsights_sitenote_active":false,"_monsterinsights_sitenote_note":"","_monsterinsights_sitenote_category":0},"product_brand":[],"product_cat":[104],"product_tag":[195,181,138,180,267],"class_list":{"0":"post-3680","1":"product","2":"type-product","3":"status-publish","4":"has-post-thumbnail","6":"product_cat-aroomipihustid","7":"product_tag-aroomilambid","8":"product_tag-aroomipihustid","9":"product_tag-aroomiteraapia","10":"product_tag-eeterlike-olide-segud","11":"product_tag-eeterlikud-olid","13":"first","14":"instock","15":"taxable","16":"shipping-taxable","17":"purchasable","18":"product-type-simple"},"yoast_head":"<!-- This site is optimized with the Yoast SEO plugin v27.3 - https:\/\/yoast.com\/product\/yoast-seo-wordpress\/ -->\n<title>Aroomipihusti - Palermo (LED tuledega) - Hingelaegas<\/title>\n<meta name=\"description\" content=\"Aroomipihusti Palermo kasutab ultrahelilaineid, et moodustada vedelikuanumasse pandud veest ja eeterlikest \u00f5lidest \u00fclipeen aroomiudu.\" \/>\n<meta name=\"robots\" content=\"index, follow, max-snippet:-1, max-image-preview:large, max-video-preview:-1\" \/>\n<link rel=\"canonical\" href=\"https:\/\/hingelaegas.ee\/en\/product\/aroomipihusti-palermo-led-tuledega\/\" \/>\n<meta property=\"og:locale\" content=\"en_GB\" \/>\n<meta property=\"og:type\" content=\"article\" \/>\n<meta property=\"og:title\" content=\"Aroomipihusti - Palermo (LED tuledega) - Hingelaegas\" \/>\n<meta property=\"og:description\" content=\"Aroomipihusti Palermo kasutab ultrahelilaineid, et moodustada vedelikuanumasse pandud veest ja eeterlikest \u00f5lidest \u00fclipeen aroomiudu.\" \/>\n<meta property=\"og:url\" content=\"https:\/\/hingelaegas.ee\/en\/product\/aroomipihusti-palermo-led-tuledega\/\" \/>\n<meta property=\"og:site_name\" content=\"Hingelaegas\" \/>\n<meta property=\"article:modified_time\" content=\"2025-07-02T17:53:22+00:00\" \/>\n<meta property=\"og:image\" content=\"https:\/\/i0.wp.com\/hingelaegas.ee\/wp-content\/uploads\/2021\/11\/aroomipihusti-palermo-taustata.png?fit=500%2C500&ssl=1\" \/>\n\t<meta property=\"og:image:width\" content=\"500\" \/>\n\t<meta property=\"og:image:height\" content=\"500\" \/>\n\t<meta property=\"og:image:type\" content=\"image\/png\" \/>\n<meta name=\"twitter:card\" content=\"summary_large_image\" \/>\n<meta name=\"twitter:label1\" content=\"Estimated reading time\" \/>\n\t<meta name=\"twitter:data1\" content=\"1 minute\" \/>\n<script type=\"application\/ld+json\" class=\"yoast-schema-graph\">{\"@context\":\"https:\\\/\\\/schema.org\",\"@graph\":[{\"@type\":\"WebPage\",\"@id\":\"https:\\\/\\\/hingelaegas.ee\\\/product\\\/aroomipihusti-palermo-led-tuledega\\\/\",\"url\":\"https:\\\/\\\/hingelaegas.ee\\\/product\\\/aroomipihusti-palermo-led-tuledega\\\/\",\"name\":\"Aroomipihusti - Palermo (LED tuledega) - Hingelaegas\",\"isPartOf\":{\"@id\":\"https:\\\/\\\/www.hingelaegas.ee\\\/#website\"},\"primaryImageOfPage\":{\"@id\":\"https:\\\/\\\/hingelaegas.ee\\\/product\\\/aroomipihusti-palermo-led-tuledega\\\/#primaryimage\"},\"image\":{\"@id\":\"https:\\\/\\\/hingelaegas.ee\\\/product\\\/aroomipihusti-palermo-led-tuledega\\\/#primaryimage\"},\"thumbnailUrl\":\"https:\\\/\\\/i0.wp.com\\\/www.hingelaegas.ee\\\/wp-content\\\/uploads\\\/2021\\\/11\\\/aroomipihusti-palermo-taustata.png?fit=500%2C500&ssl=1\",\"datePublished\":\"2021-11-01T16:16:08+00:00\",\"dateModified\":\"2025-07-02T17:53:22+00:00\",\"description\":\"Aroomipihusti Palermo kasutab ultrahelilaineid, et moodustada vedelikuanumasse pandud veest ja eeterlikest \u00f5lidest \u00fclipeen aroomiudu.\",\"breadcrumb\":{\"@id\":\"https:\\\/\\\/hingelaegas.ee\\\/product\\\/aroomipihusti-palermo-led-tuledega\\\/#breadcrumb\"},\"inLanguage\":\"en-GB\",\"potentialAction\":[{\"@type\":\"ReadAction\",\"target\":[\"https:\\\/\\\/hingelaegas.ee\\\/product\\\/aroomipihusti-palermo-led-tuledega\\\/\"]}]},{\"@type\":\"ImageObject\",\"inLanguage\":\"en-GB\",\"@id\":\"https:\\\/\\\/hingelaegas.ee\\\/product\\\/aroomipihusti-palermo-led-tuledega\\\/#primaryimage\",\"url\":\"https:\\\/\\\/i0.wp.com\\\/www.hingelaegas.ee\\\/wp-content\\\/uploads\\\/2021\\\/11\\\/aroomipihusti-palermo-taustata.png?fit=500%2C500&ssl=1\",\"contentUrl\":\"https:\\\/\\\/i0.wp.com\\\/www.hingelaegas.ee\\\/wp-content\\\/uploads\\\/2021\\\/11\\\/aroomipihusti-palermo-taustata.png?fit=500%2C500&ssl=1\",\"width\":500,\"height\":500,\"caption\":\"palermo\"},{\"@type\":\"BreadcrumbList\",\"@id\":\"https:\\\/\\\/hingelaegas.ee\\\/product\\\/aroomipihusti-palermo-led-tuledega\\\/#breadcrumb\",\"itemListElement\":[{\"@type\":\"ListItem\",\"position\":1,\"name\":\"Home\",\"item\":\"https:\\\/\\\/www.hingelaegas.ee\\\/\"},{\"@type\":\"ListItem\",\"position\":2,\"name\":\"E-POOD\",\"item\":\"https:\\\/\\\/www.hingelaegas.ee\\\/e-pood\\\/\"},{\"@type\":\"ListItem\",\"position\":3,\"name\":\"Aroomipihusti &#8211; Palermo (LED tuledega)\"}]},{\"@type\":\"WebSite\",\"@id\":\"https:\\\/\\\/www.hingelaegas.ee\\\/#website\",\"url\":\"https:\\\/\\\/www.hingelaegas.ee\\\/\",\"name\":\"Hingelaegas\",\"description\":\"Hingele. Kehale. Vaimule.\",\"publisher\":{\"@id\":\"https:\\\/\\\/www.hingelaegas.ee\\\/#organization\"},\"potentialAction\":[{\"@type\":\"SearchAction\",\"target\":{\"@type\":\"EntryPoint\",\"urlTemplate\":\"https:\\\/\\\/www.hingelaegas.ee\\\/?s={search_term_string}\"},\"query-input\":{\"@type\":\"PropertyValueSpecification\",\"valueRequired\":true,\"valueName\":\"search_term_string\"}}],\"inLanguage\":\"en-GB\"},{\"@type\":\"Organization\",\"@id\":\"https:\\\/\\\/www.hingelaegas.ee\\\/#organization\",\"name\":\"Hingelaegas O\u00dc\",\"url\":\"https:\\\/\\\/www.hingelaegas.ee\\\/\",\"logo\":{\"@type\":\"ImageObject\",\"inLanguage\":\"en-GB\",\"@id\":\"https:\\\/\\\/www.hingelaegas.ee\\\/#\\\/schema\\\/logo\\\/image\\\/\",\"url\":\"https:\\\/\\\/hingelaegas.ee\\\/wp-content\\\/uploads\\\/2020\\\/12\\\/hingelaegas_vaike.png\",\"contentUrl\":\"https:\\\/\\\/hingelaegas.ee\\\/wp-content\\\/uploads\\\/2020\\\/12\\\/hingelaegas_vaike.png\",\"width\":700,\"height\":700,\"caption\":\"Hingelaegas O\u00dc\"},\"image\":{\"@id\":\"https:\\\/\\\/www.hingelaegas.ee\\\/#\\\/schema\\\/logo\\\/image\\\/\"}}]}<\/script>\n<!-- \/ Yoast SEO plugin. -->","yoast_head_json":{"title":"Aroomipihusti - Palermo (LED tuledega) - Hingelaegas","description":"Aroomipihusti Palermo kasutab ultrahelilaineid, et moodustada vedelikuanumasse pandud veest ja eeterlikest \u00f5lidest \u00fclipeen aroomiudu.","robots":{"index":"index","follow":"follow","max-snippet":"max-snippet:-1","max-image-preview":"max-image-preview:large","max-video-preview":"max-video-preview:-1"},"canonical":"https:\/\/hingelaegas.ee\/en\/product\/aroomipihusti-palermo-led-tuledega\/","og_locale":"en_GB","og_type":"article","og_title":"Aroomipihusti - Palermo (LED tuledega) - Hingelaegas","og_description":"Aroomipihusti Palermo kasutab ultrahelilaineid, et moodustada vedelikuanumasse pandud veest ja eeterlikest \u00f5lidest \u00fclipeen aroomiudu.","og_url":"https:\/\/hingelaegas.ee\/en\/product\/aroomipihusti-palermo-led-tuledega\/","og_site_name":"Hingelaegas","article_modified_time":"2025-07-02T17:53:22+00:00","og_image":[{"width":500,"height":500,"url":"https:\/\/i0.wp.com\/hingelaegas.ee\/wp-content\/uploads\/2021\/11\/aroomipihusti-palermo-taustata.png?fit=500%2C500&ssl=1","type":"image\/png"}],"twitter_card":"summary_large_image","twitter_misc":{"Estimated reading time":"1 minute"},"schema":{"@context":"https:\/\/schema.org","@graph":[{"@type":"WebPage","@id":"https:\/\/hingelaegas.ee\/product\/aroomipihusti-palermo-led-tuledega\/","url":"https:\/\/hingelaegas.ee\/product\/aroomipihusti-palermo-led-tuledega\/","name":"Aroomipihusti - Palermo (LED tuledega) - Hingelaegas","isPartOf":{"@id":"https:\/\/www.hingelaegas.ee\/#website"},"primaryImageOfPage":{"@id":"https:\/\/hingelaegas.ee\/product\/aroomipihusti-palermo-led-tuledega\/#primaryimage"},"image":{"@id":"https:\/\/hingelaegas.ee\/product\/aroomipihusti-palermo-led-tuledega\/#primaryimage"},"thumbnailUrl":"https:\/\/i0.wp.com\/www.hingelaegas.ee\/wp-content\/uploads\/2021\/11\/aroomipihusti-palermo-taustata.png?fit=500%2C500&ssl=1","datePublished":"2021-11-01T16:16:08+00:00","dateModified":"2025-07-02T17:53:22+00:00","description":"Aroomipihusti Palermo kasutab ultrahelilaineid, et moodustada vedelikuanumasse pandud veest ja eeterlikest \u00f5lidest \u00fclipeen aroomiudu.","breadcrumb":{"@id":"https:\/\/hingelaegas.ee\/product\/aroomipihusti-palermo-led-tuledega\/#breadcrumb"},"inLanguage":"en-GB","potentialAction":[{"@type":"ReadAction","target":["https:\/\/hingelaegas.ee\/product\/aroomipihusti-palermo-led-tuledega\/"]}]},{"@type":"ImageObject","inLanguage":"en-GB","@id":"https:\/\/hingelaegas.ee\/product\/aroomipihusti-palermo-led-tuledega\/#primaryimage","url":"https:\/\/i0.wp.com\/www.hingelaegas.ee\/wp-content\/uploads\/2021\/11\/aroomipihusti-palermo-taustata.png?fit=500%2C500&ssl=1","contentUrl":"https:\/\/i0.wp.com\/www.hingelaegas.ee\/wp-content\/uploads\/2021\/11\/aroomipihusti-palermo-taustata.png?fit=500%2C500&ssl=1","width":500,"height":500,"caption":"palermo"},{"@type":"BreadcrumbList","@id":"https:\/\/hingelaegas.ee\/product\/aroomipihusti-palermo-led-tuledega\/#breadcrumb","itemListElement":[{"@type":"ListItem","position":1,"name":"Home","item":"https:\/\/www.hingelaegas.ee\/"},{"@type":"ListItem","position":2,"name":"E-POOD","item":"https:\/\/www.hingelaegas.ee\/e-pood\/"},{"@type":"ListItem","position":3,"name":"Aroomipihusti &#8211; Palermo (LED tuledega)"}]},{"@type":"WebSite","@id":"https:\/\/www.hingelaegas.ee\/#website","url":"https:\/\/www.hingelaegas.ee\/","name":"Hingelaegas","description":"For Soul. For Body. For Mind.","publisher":{"@id":"https:\/\/www.hingelaegas.ee\/#organization"},"potentialAction":[{"@type":"SearchAction","target":{"@type":"EntryPoint","urlTemplate":"https:\/\/www.hingelaegas.ee\/?s={search_term_string}"},"query-input":{"@type":"PropertyValueSpecification","valueRequired":true,"valueName":"search_term_string"}}],"inLanguage":"en-GB"},{"@type":"Organization","@id":"https:\/\/www.hingelaegas.ee\/#organization","name":"Hingelaegas O\u00dc","url":"https:\/\/www.hingelaegas.ee\/","logo":{"@type":"ImageObject","inLanguage":"en-GB","@id":"https:\/\/www.hingelaegas.ee\/#\/schema\/logo\/image\/","url":"https:\/\/hingelaegas.ee\/wp-content\/uploads\/2020\/12\/hingelaegas_vaike.png","contentUrl":"https:\/\/hingelaegas.ee\/wp-content\/uploads\/2020\/12\/hingelaegas_vaike.png","width":700,"height":700,"caption":"Hingelaegas O\u00dc"},"image":{"@id":"https:\/\/www.hingelaegas.ee\/#\/schema\/logo\/image\/"}}]}},"acf":[],"jetpack_likes_enabled":false,"jetpack_sharing_enabled":true,"_links":{"self":[{"href":"https:\/\/hingelaegas.ee\/en\/wp-json\/wp\/v2\/product\/3680","targetHints":{"allow":["GET"]}}],"collection":[{"href":"https:\/\/hingelaegas.ee\/en\/wp-json\/wp\/v2\/product"}],"about":[{"href":"https:\/\/hingelaegas.ee\/en\/wp-json\/wp\/v2\/types\/product"}],"replies":[{"embeddable":true,"href":"https:\/\/hingelaegas.ee\/en\/wp-json\/wp\/v2\/comments?post=3680"}],"wp:featuredmedia":[{"embeddable":true,"href":"https:\/\/hingelaegas.ee\/en\/wp-json\/wp\/v2\/media\/3728"}],"wp:attachment":[{"href":"https:\/\/hingelaegas.ee\/en\/wp-json\/wp\/v2\/media?parent=3680"}],"wp:term":[{"taxonomy":"product_brand","embeddable":true,"href":"https:\/\/hingelaegas.ee\/en\/wp-json\/wp\/v2\/product_brand?post=3680"},{"taxonomy":"product_cat","embeddable":true,"href":"https:\/\/hingelaegas.ee\/en\/wp-json\/wp\/v2\/product_cat?post=3680"},{"taxonomy":"product_tag","embeddable":true,"href":"https:\/\/hingelaegas.ee\/en\/wp-json\/wp\/v2\/product_tag?post=3680"}],"curies":[{"name":"wp","href":"https:\/\/api.w.org\/{rel}","templated":true}]}}