{"id":3689,"date":"2021-11-01T19:41:12","date_gmt":"2021-11-01T16:41:12","guid":{"rendered":"https:\/\/hingelaegas.ee\/?post_type=product&#038;p=3689"},"modified":"2024-04-27T09:54:22","modified_gmt":"2024-04-27T07:54:22","slug":"massaazirull-naole-vibratsiooniga-roosa-kvarts","status":"publish","type":"product","link":"https:\/\/hingelaegas.ee\/en\/product\/massaazirull-naole-vibratsiooniga-roosa-kvarts\/","title":{"rendered":"Gemstone Vibration Pad - Rose Quartz"},"content":{"rendered":"<div id=\"pageBodyContent\">\n<div class=\"pagewrapper\">\n<div class=\"pagemain\">\n<div class=\"pagecontent web-content\">\n<div class=\"content-container\">\n<section id=\"s3\" class=\"product-content-section c50 closed\">\n<div class=\"product-content-container c50\">\n<div class=\"product-content c50 child-spacing\">\n<div id=\"tw-ob\" class=\"tw-src-ltr\">\n<div class=\"oSioSc\">\n<div id=\"tw-target\">\n<div id=\"kAz1tf\" class=\"g9WsWb\">\n<div id=\"tw-target-text-container\" class=\"tw-ta-container hide-focus-ring tw-nfl\" tabindex=\"0\">\n<div id=\"pageBodyContent\">\n<div class=\"pagewrapper\">\n<div class=\"pagemain\">\n<div class=\"pagecontent web-content\">\n<div class=\"content-container\">\n<section id=\"s3\" class=\"product-content-section c50 closed\">\n<div class=\"product-content-container c50\">\n<div class=\"product-content c50 child-spacing\">\n<div class=\"jhH5U\">\n<div id=\"tw-ob\" class=\"tw-src-ltr\">\n<div class=\"oSioSc\">\n<div id=\"tw-target\">\n<div id=\"kAz1tf\" class=\"g9WsWb\">\n<div id=\"tw-target-text-container\" class=\"tw-ta-container hide-focus-ring tw-nfl\" tabindex=\"0\">\n<div id=\"tw-ob\" class=\"tw-src-ltr\">\n<div class=\"oSioSc\">\n<div id=\"tw-target\">\n<div id=\"kAz1tf\" class=\"g9WsWb\">\n<div id=\"tw-target-text-container\" class=\"tw-ta-container hide-focus-ring tw-nfl\" tabindex=\"0\">\n<div id=\"pageBodyContent\">\n<div class=\"pagewrapper\">\n<div class=\"pagemain\">\n<div class=\"pagecontent web-content\">\n<div class=\"content-container\">\n<section id=\"s3\" class=\"product-content-section c50 closed\">\n<div class=\"product-content-container c50\">\n<div class=\"product-content c50 child-spacing\">\n<div class=\"jhH5U\">\n<div id=\"tw-ob\" class=\"tw-src-ltr\">\n<div class=\"oSioSc\">\n<div id=\"tw-target\">\n<div id=\"kAz1tf\" class=\"g9WsWb\">\n<div id=\"tw-target-text-container\" class=\"tw-ta-container hide-focus-ring tw-nfl\" tabindex=\"0\">\n<div id=\"tw-ob\" class=\"tw-src-ltr\">\n<div class=\"oSioSc\">\n<div id=\"tw-target\">\n<div id=\"kAz1tf\" class=\"g9WsWb\">\n<div tabindex=\"0\">\n<h1><span style=\"font-size: 24pt;\">Rose quartz<\/span><\/h1>\n<p><strong>Main properties:<\/strong> creativity, love, relationships, joy, empathy, physical healing, anxiety reduction, relaxation, calming-down, patience<\/p>\n<p><strong>Chakras: <\/strong>heart chakra<\/p>\n<p><strong>Zodiac signs:<\/strong> Taurus, Libra, Scorpio<\/p>\n<p><strong>Numerology:<\/strong> number 7<\/p>\n<div class=\"tag text-center text-dark\">\n<p class=\"tag text-center text-dark\">Rose quartz is a stone of unconditional love and endless peace. It is the most renowned (and also the most important!) stone of the heart chakra, because it teaches the true nature of love. It cleanses and opens the heart to all levels, and brings a deep internal healing and self-love.<\/p>\n<p>Rose quartz aids in attracting love. By teaching us how to love and respect ourselves, it helps attract it even more through the inner love we exude. But at the same time, it\u2019s wise to be cautious in attracting love as rose quartz has really effective magnetism that often needs the help of amethyst to bring the equilibrium. In established relationships, this crystal helps restore trust and harmony, and encourages unconditional love.<\/p>\n<p>Rose quartz removes negative energy and replaces it with the vibrations of love. It strengthens empathy and sensitivity, and helps come to terms with necessary changes. It promotes receptivity to all kinds of beauty.<\/p>\n<\/div>\n<h5>Health and Healing<\/h5>\n<p><strong>Emotionally,\u00a0<\/strong>rose quartz is the most refined healer. By releasing heartache and emotions that have not been expressed, and transfiguring useless emotional states, it relieves inner pain and helps overcome loss. If you\u2019ve never been in love, rose quartz opens up your heart so that you\u2019d become receptive to romance. But if you\u2019ve been in love and left broken-hearted, it brings solace and helps relieve the grief. Above all, rose quartz teaches you to love yourself. You can\u2019t receive nor give love if you don\u2019t know how to give it to yourself first. This stone helps in forgiving and coming to terms with yourself, and strengthens self-esteem and confidence.<\/p>\n<p><strong>Physically,\u00a0<\/strong>rose quartz strengthens the heart and blood circulation, and gets rid of impure bodily fluids. When placed on thymus, this stone aids in problems with chest and lungs. Heals kidneys and adrenals, and alleviates dizziness. Allegedly, it also enhances fertility. Heals burns and blisters, and corrects complexion. It is also helpful to people with Alzheimer\u2019s and Parkinson\u2019s diseases as well as senility.<\/p>\n<\/div>\n<\/div>\n<\/div>\n<\/div>\n<\/div>\n<\/div>\n<\/div>\n<\/div>\n<\/div>\n<\/div>\n<\/div>\n<\/div>\n<\/div>\n<\/section>\n<\/div>\n<\/div>\n<\/div>\n<\/div>\n<\/div>\n<\/div>\n<\/div>\n<\/div>\n<\/div>\n<\/div>\n<\/div>\n<\/div>\n<\/div>\n<\/div>\n<\/div>\n<\/div>\n<\/div>\n<\/div>\n<\/section>\n<\/div>\n<\/div>\n<\/div>\n<\/div>\n<\/div>\n<\/div>\n<\/div>\n<\/div>\n<\/div>\n<\/div>\n<\/div>\n<\/div>\n<\/section>\n<\/div>\n<\/div>\n<\/div>\n<\/div>\n<\/div>","protected":false},"excerpt":{"rendered":"<div class=\"product-content c50 child-spacing\">\n<p><strong>Face roller<\/strong> helps tone the skin and expel toxins. Massage the skin to stimulate the blood flow in the skin, improve the supply of oxygen to the tissues, promote the renewal of skin cells and bring out the natural glow. Soothes the skin and relaxes muscle tension. It also improves skin elasticity through collagen production, reducing fine wrinkles. It also stimulates the lymphatic circulation, reducing under-eye edema and making the under-eye visibly lighter.<\/p>\n<p><strong>Rose quartz<\/strong> aids in attracting love. By teaching us how to love and respect ourselves, it helps attract it even more through the inner love we exude. In established relationships, this crystal helps restore trust and harmony, and encourages unconditional love.<\/p>\n<p><span style=\"text-decoration: underline;\"><em>Use instructions:<\/em><\/span><\/p>\n<p class=\"_04xlpA direction-ltr align-end para-style-body\">Suitable for use on the face, neck, and d\u00e9colletage. Suitable for all skin types. It is recommended to use on cleansed skin both in the morning and in the evening, applying a cream, oil, or serum to the skin using a massage roller. Helps products to be better absorbed. Massage with up and out movements for 1-2 minutes. If desired, the massage roller can also be kept in cold before use to intensify the results.<\/p>\n<p><span style=\"text-decoration: underline;\"><em>Maintenance:<\/em><\/span><\/p>\n<p>Clean with mild soap and warm water and then dry.<\/p>\n<\/div>\n<div class=\"product-content c50 child-spacing\">\n<p>Size: 15x6x2.5 mm<\/p>\n<p>The product is suitable for 1xAA batteries. Batteries not included in the set.<\/p>\n<p>The product is shipped in a black cotton bag.<\/p>\n<\/div>","protected":false},"featured_media":3752,"comment_status":"open","ping_status":"closed","template":"","meta":{"_monsterinsights_skip_tracking":false,"_monsterinsights_sitenote_active":false,"_monsterinsights_sitenote_note":"","_monsterinsights_sitenote_category":0},"product_brand":[],"product_cat":[484],"product_tag":[505,489],"class_list":{"0":"post-3689","1":"product","2":"type-product","3":"status-publish","4":"has-post-thumbnail","6":"product_cat-kehahooldus","7":"product_tag-hooldusvahendid","8":"product_tag-kehahooldus","10":"first","11":"instock","12":"taxable","13":"shipping-taxable","14":"purchasable","15":"product-type-simple"},"yoast_head":"<!-- This site is optimized with the Yoast SEO plugin v27.3 - https:\/\/yoast.com\/product\/yoast-seo-wordpress\/ -->\n<title>Massaa\u017eirull n\u00e4ole, vibratsiooniga, roosa kvarts - Hingelaegas<\/title>\n<meta name=\"description\" content=\"Massaa\u017eirull n\u00e4ole aitab vibreerides ja sobivalt liigutades toniseerida nahka ja v\u00e4ljutada toksiine. Naha masseerimine aitab turgutada naha verevarustust, parandab kudede parema varustamise hapnikuga, soodustades seel\u00e4bi naharakkude uuenemist ja tuues esile loomuliku s\u00e4ra.\" \/>\n<meta name=\"robots\" content=\"index, follow, max-snippet:-1, max-image-preview:large, max-video-preview:-1\" \/>\n<link rel=\"canonical\" href=\"https:\/\/www.hingelaegas.ee\/product\/massaazirull-naole-vibratsiooniga-roosa-kvarts\/\" \/>\n<meta property=\"og:locale\" content=\"en_GB\" \/>\n<meta property=\"og:type\" content=\"article\" \/>\n<meta property=\"og:title\" content=\"Massaa\u017eirull n\u00e4ole, vibratsiooniga, roosa kvarts - Hingelaegas\" \/>\n<meta property=\"og:description\" content=\"Massaa\u017eirull n\u00e4ole aitab vibreerides ja sobivalt liigutades toniseerida nahka ja v\u00e4ljutada toksiine. Naha masseerimine aitab turgutada naha verevarustust, parandab kudede parema varustamise hapnikuga, soodustades seel\u00e4bi naharakkude uuenemist ja tuues esile loomuliku s\u00e4ra.\" \/>\n<meta property=\"og:url\" content=\"https:\/\/www.hingelaegas.ee\/product\/massaazirull-naole-vibratsiooniga-roosa-kvarts\/\" \/>\n<meta property=\"og:site_name\" content=\"Hingelaegas\" \/>\n<meta property=\"article:modified_time\" content=\"2024-04-27T07:54:22+00:00\" \/>\n<meta property=\"og:image\" content=\"https:\/\/i0.wp.com\/hingelaegas.ee\/wp-content\/uploads\/2021\/11\/gemstone-vibration-pad-rose-quartz-1.jpeg?fit=800%2C800&ssl=1\" \/>\n\t<meta property=\"og:image:width\" content=\"800\" \/>\n\t<meta property=\"og:image:height\" content=\"800\" \/>\n\t<meta property=\"og:image:type\" content=\"image\/jpeg\" \/>\n<meta name=\"twitter:card\" content=\"summary_large_image\" \/>\n<meta name=\"twitter:label1\" content=\"Estimated reading time\" \/>\n\t<meta name=\"twitter:data1\" content=\"2 minutes\" \/>\n<script type=\"application\/ld+json\" class=\"yoast-schema-graph\">{\"@context\":\"https:\\\/\\\/schema.org\",\"@graph\":[{\"@type\":\"WebPage\",\"@id\":\"https:\\\/\\\/www.hingelaegas.ee\\\/product\\\/massaazirull-naole-vibratsiooniga-roosa-kvarts\\\/\",\"url\":\"https:\\\/\\\/www.hingelaegas.ee\\\/product\\\/massaazirull-naole-vibratsiooniga-roosa-kvarts\\\/\",\"name\":\"Massaa\u017eirull n\u00e4ole, vibratsiooniga, roosa kvarts - Hingelaegas\",\"isPartOf\":{\"@id\":\"https:\\\/\\\/www.hingelaegas.ee\\\/en\\\/#website\"},\"primaryImageOfPage\":{\"@id\":\"https:\\\/\\\/www.hingelaegas.ee\\\/product\\\/massaazirull-naole-vibratsiooniga-roosa-kvarts\\\/#primaryimage\"},\"image\":{\"@id\":\"https:\\\/\\\/www.hingelaegas.ee\\\/product\\\/massaazirull-naole-vibratsiooniga-roosa-kvarts\\\/#primaryimage\"},\"thumbnailUrl\":\"https:\\\/\\\/i0.wp.com\\\/www.hingelaegas.ee\\\/wp-content\\\/uploads\\\/2021\\\/11\\\/gemstone-vibration-pad-rose-quartz-1.jpeg?fit=800%2C800&ssl=1\",\"datePublished\":\"2021-11-01T16:41:12+00:00\",\"dateModified\":\"2024-04-27T07:54:22+00:00\",\"description\":\"Massaa\u017eirull n\u00e4ole aitab vibreerides ja sobivalt liigutades toniseerida nahka ja v\u00e4ljutada toksiine. Naha masseerimine aitab turgutada naha verevarustust, parandab kudede parema varustamise hapnikuga, soodustades seel\u00e4bi naharakkude uuenemist ja tuues esile loomuliku s\u00e4ra.\",\"breadcrumb\":{\"@id\":\"https:\\\/\\\/www.hingelaegas.ee\\\/product\\\/massaazirull-naole-vibratsiooniga-roosa-kvarts\\\/#breadcrumb\"},\"inLanguage\":\"en-GB\",\"potentialAction\":[{\"@type\":\"ReadAction\",\"target\":[\"https:\\\/\\\/www.hingelaegas.ee\\\/product\\\/massaazirull-naole-vibratsiooniga-roosa-kvarts\\\/\"]}]},{\"@type\":\"ImageObject\",\"inLanguage\":\"en-GB\",\"@id\":\"https:\\\/\\\/www.hingelaegas.ee\\\/product\\\/massaazirull-naole-vibratsiooniga-roosa-kvarts\\\/#primaryimage\",\"url\":\"https:\\\/\\\/i0.wp.com\\\/www.hingelaegas.ee\\\/wp-content\\\/uploads\\\/2021\\\/11\\\/gemstone-vibration-pad-rose-quartz-1.jpeg?fit=800%2C800&ssl=1\",\"contentUrl\":\"https:\\\/\\\/i0.wp.com\\\/www.hingelaegas.ee\\\/wp-content\\\/uploads\\\/2021\\\/11\\\/gemstone-vibration-pad-rose-quartz-1.jpeg?fit=800%2C800&ssl=1\",\"width\":800,\"height\":800,\"caption\":\"gemstone face roller\"},{\"@type\":\"BreadcrumbList\",\"@id\":\"https:\\\/\\\/www.hingelaegas.ee\\\/product\\\/massaazirull-naole-vibratsiooniga-roosa-kvarts\\\/#breadcrumb\",\"itemListElement\":[{\"@type\":\"ListItem\",\"position\":1,\"name\":\"Home\",\"item\":\"https:\\\/\\\/www.hingelaegas.ee\\\/en\\\/\"},{\"@type\":\"ListItem\",\"position\":2,\"name\":\"E-POOD\",\"item\":\"https:\\\/\\\/www.hingelaegas.ee\\\/e-pood\\\/\"},{\"@type\":\"ListItem\",\"position\":3,\"name\":\"Massaa\u017eirull n\u00e4ole, vibratsiooniga, roosa kvarts\"}]},{\"@type\":\"WebSite\",\"@id\":\"https:\\\/\\\/www.hingelaegas.ee\\\/en\\\/#website\",\"url\":\"https:\\\/\\\/www.hingelaegas.ee\\\/en\\\/\",\"name\":\"Hingelaegas\",\"description\":\"Hingele. Kehale. Vaimule.\",\"publisher\":{\"@id\":\"https:\\\/\\\/www.hingelaegas.ee\\\/en\\\/#organization\"},\"potentialAction\":[{\"@type\":\"SearchAction\",\"target\":{\"@type\":\"EntryPoint\",\"urlTemplate\":\"https:\\\/\\\/www.hingelaegas.ee\\\/en\\\/?s={search_term_string}\"},\"query-input\":{\"@type\":\"PropertyValueSpecification\",\"valueRequired\":true,\"valueName\":\"search_term_string\"}}],\"inLanguage\":\"en-GB\"},{\"@type\":\"Organization\",\"@id\":\"https:\\\/\\\/www.hingelaegas.ee\\\/en\\\/#organization\",\"name\":\"Hingelaegas O\u00dc\",\"url\":\"https:\\\/\\\/www.hingelaegas.ee\\\/en\\\/\",\"logo\":{\"@type\":\"ImageObject\",\"inLanguage\":\"en-GB\",\"@id\":\"https:\\\/\\\/www.hingelaegas.ee\\\/en\\\/#\\\/schema\\\/logo\\\/image\\\/\",\"url\":\"https:\\\/\\\/hingelaegas.ee\\\/wp-content\\\/uploads\\\/2020\\\/12\\\/hingelaegas_vaike.png\",\"contentUrl\":\"https:\\\/\\\/hingelaegas.ee\\\/wp-content\\\/uploads\\\/2020\\\/12\\\/hingelaegas_vaike.png\",\"width\":700,\"height\":700,\"caption\":\"Hingelaegas O\u00dc\"},\"image\":{\"@id\":\"https:\\\/\\\/www.hingelaegas.ee\\\/en\\\/#\\\/schema\\\/logo\\\/image\\\/\"}}]}<\/script>\n<!-- \/ Yoast SEO plugin. -->","yoast_head_json":{"title":"Massaa\u017eirull n\u00e4ole, vibratsiooniga, roosa kvarts - Hingelaegas","description":"Massaa\u017eirull n\u00e4ole aitab vibreerides ja sobivalt liigutades toniseerida nahka ja v\u00e4ljutada toksiine. Naha masseerimine aitab turgutada naha verevarustust, parandab kudede parema varustamise hapnikuga, soodustades seel\u00e4bi naharakkude uuenemist ja tuues esile loomuliku s\u00e4ra.","robots":{"index":"index","follow":"follow","max-snippet":"max-snippet:-1","max-image-preview":"max-image-preview:large","max-video-preview":"max-video-preview:-1"},"canonical":"https:\/\/www.hingelaegas.ee\/product\/massaazirull-naole-vibratsiooniga-roosa-kvarts\/","og_locale":"en_GB","og_type":"article","og_title":"Massaa\u017eirull n\u00e4ole, vibratsiooniga, roosa kvarts - Hingelaegas","og_description":"Massaa\u017eirull n\u00e4ole aitab vibreerides ja sobivalt liigutades toniseerida nahka ja v\u00e4ljutada toksiine. Naha masseerimine aitab turgutada naha verevarustust, parandab kudede parema varustamise hapnikuga, soodustades seel\u00e4bi naharakkude uuenemist ja tuues esile loomuliku s\u00e4ra.","og_url":"https:\/\/www.hingelaegas.ee\/product\/massaazirull-naole-vibratsiooniga-roosa-kvarts\/","og_site_name":"Hingelaegas","article_modified_time":"2024-04-27T07:54:22+00:00","og_image":[{"width":800,"height":800,"url":"https:\/\/i0.wp.com\/hingelaegas.ee\/wp-content\/uploads\/2021\/11\/gemstone-vibration-pad-rose-quartz-1.jpeg?fit=800%2C800&ssl=1","type":"image\/jpeg"}],"twitter_card":"summary_large_image","twitter_misc":{"Estimated reading time":"2 minutes"},"schema":{"@context":"https:\/\/schema.org","@graph":[{"@type":"WebPage","@id":"https:\/\/www.hingelaegas.ee\/product\/massaazirull-naole-vibratsiooniga-roosa-kvarts\/","url":"https:\/\/www.hingelaegas.ee\/product\/massaazirull-naole-vibratsiooniga-roosa-kvarts\/","name":"Massaa\u017eirull n\u00e4ole, vibratsiooniga, roosa kvarts - Hingelaegas","isPartOf":{"@id":"https:\/\/www.hingelaegas.ee\/en\/#website"},"primaryImageOfPage":{"@id":"https:\/\/www.hingelaegas.ee\/product\/massaazirull-naole-vibratsiooniga-roosa-kvarts\/#primaryimage"},"image":{"@id":"https:\/\/www.hingelaegas.ee\/product\/massaazirull-naole-vibratsiooniga-roosa-kvarts\/#primaryimage"},"thumbnailUrl":"https:\/\/i0.wp.com\/www.hingelaegas.ee\/wp-content\/uploads\/2021\/11\/gemstone-vibration-pad-rose-quartz-1.jpeg?fit=800%2C800&ssl=1","datePublished":"2021-11-01T16:41:12+00:00","dateModified":"2024-04-27T07:54:22+00:00","description":"Massaa\u017eirull n\u00e4ole aitab vibreerides ja sobivalt liigutades toniseerida nahka ja v\u00e4ljutada toksiine. Naha masseerimine aitab turgutada naha verevarustust, parandab kudede parema varustamise hapnikuga, soodustades seel\u00e4bi naharakkude uuenemist ja tuues esile loomuliku s\u00e4ra.","breadcrumb":{"@id":"https:\/\/www.hingelaegas.ee\/product\/massaazirull-naole-vibratsiooniga-roosa-kvarts\/#breadcrumb"},"inLanguage":"en-GB","potentialAction":[{"@type":"ReadAction","target":["https:\/\/www.hingelaegas.ee\/product\/massaazirull-naole-vibratsiooniga-roosa-kvarts\/"]}]},{"@type":"ImageObject","inLanguage":"en-GB","@id":"https:\/\/www.hingelaegas.ee\/product\/massaazirull-naole-vibratsiooniga-roosa-kvarts\/#primaryimage","url":"https:\/\/i0.wp.com\/www.hingelaegas.ee\/wp-content\/uploads\/2021\/11\/gemstone-vibration-pad-rose-quartz-1.jpeg?fit=800%2C800&ssl=1","contentUrl":"https:\/\/i0.wp.com\/www.hingelaegas.ee\/wp-content\/uploads\/2021\/11\/gemstone-vibration-pad-rose-quartz-1.jpeg?fit=800%2C800&ssl=1","width":800,"height":800,"caption":"gemstone face roller"},{"@type":"BreadcrumbList","@id":"https:\/\/www.hingelaegas.ee\/product\/massaazirull-naole-vibratsiooniga-roosa-kvarts\/#breadcrumb","itemListElement":[{"@type":"ListItem","position":1,"name":"Home","item":"https:\/\/www.hingelaegas.ee\/en\/"},{"@type":"ListItem","position":2,"name":"E-POOD","item":"https:\/\/www.hingelaegas.ee\/e-pood\/"},{"@type":"ListItem","position":3,"name":"Massaa\u017eirull n\u00e4ole, vibratsiooniga, roosa kvarts"}]},{"@type":"WebSite","@id":"https:\/\/www.hingelaegas.ee\/en\/#website","url":"https:\/\/www.hingelaegas.ee\/en\/","name":"Hingelaegas","description":"For Soul. For Body. For Mind.","publisher":{"@id":"https:\/\/www.hingelaegas.ee\/en\/#organization"},"potentialAction":[{"@type":"SearchAction","target":{"@type":"EntryPoint","urlTemplate":"https:\/\/www.hingelaegas.ee\/en\/?s={search_term_string}"},"query-input":{"@type":"PropertyValueSpecification","valueRequired":true,"valueName":"search_term_string"}}],"inLanguage":"en-GB"},{"@type":"Organization","@id":"https:\/\/www.hingelaegas.ee\/en\/#organization","name":"Hingelaegas O\u00dc","url":"https:\/\/www.hingelaegas.ee\/en\/","logo":{"@type":"ImageObject","inLanguage":"en-GB","@id":"https:\/\/www.hingelaegas.ee\/en\/#\/schema\/logo\/image\/","url":"https:\/\/hingelaegas.ee\/wp-content\/uploads\/2020\/12\/hingelaegas_vaike.png","contentUrl":"https:\/\/hingelaegas.ee\/wp-content\/uploads\/2020\/12\/hingelaegas_vaike.png","width":700,"height":700,"caption":"Hingelaegas O\u00dc"},"image":{"@id":"https:\/\/www.hingelaegas.ee\/en\/#\/schema\/logo\/image\/"}}]}},"acf":[],"jetpack_likes_enabled":false,"jetpack_sharing_enabled":true,"_links":{"self":[{"href":"https:\/\/hingelaegas.ee\/en\/wp-json\/wp\/v2\/product\/3689","targetHints":{"allow":["GET"]}}],"collection":[{"href":"https:\/\/hingelaegas.ee\/en\/wp-json\/wp\/v2\/product"}],"about":[{"href":"https:\/\/hingelaegas.ee\/en\/wp-json\/wp\/v2\/types\/product"}],"replies":[{"embeddable":true,"href":"https:\/\/hingelaegas.ee\/en\/wp-json\/wp\/v2\/comments?post=3689"}],"wp:featuredmedia":[{"embeddable":true,"href":"https:\/\/hingelaegas.ee\/en\/wp-json\/wp\/v2\/media\/3752"}],"wp:attachment":[{"href":"https:\/\/hingelaegas.ee\/en\/wp-json\/wp\/v2\/media?parent=3689"}],"wp:term":[{"taxonomy":"product_brand","embeddable":true,"href":"https:\/\/hingelaegas.ee\/en\/wp-json\/wp\/v2\/product_brand?post=3689"},{"taxonomy":"product_cat","embeddable":true,"href":"https:\/\/hingelaegas.ee\/en\/wp-json\/wp\/v2\/product_cat?post=3689"},{"taxonomy":"product_tag","embeddable":true,"href":"https:\/\/hingelaegas.ee\/en\/wp-json\/wp\/v2\/product_tag?post=3689"}],"curies":[{"name":"wp","href":"https:\/\/api.w.org\/{rel}","templated":true}]}}