{"id":3692,"date":"2021-11-02T11:01:33","date_gmt":"2021-11-02T08:01:33","guid":{"rendered":"https:\/\/hingelaegas.ee\/?post_type=product&#038;p=3692"},"modified":"2024-12-12T14:54:48","modified_gmt":"2024-12-12T12:54:48","slug":"ruunikivide-komplekt-must-oonuks","status":"publish","type":"product","link":"https:\/\/hingelaegas.ee\/en\/product\/ruunikivide-komplekt-must-oonuks\/","title":{"rendered":"Runestones set, black onyx"},"content":{"rendered":"<h1>Black onyx<\/h1>\n<p><strong>Main properties:<\/strong> protection, encouragement, strength, purification, self-confidence, focus, balancing energies and polarities<\/p>\n<p><strong>Chakras:<\/strong> root chakra<\/p>\n<p><strong>Zodiac signs:<\/strong> Leo<\/p>\n<p><strong>Numerology:<\/strong> number 6<\/p>\n<p>Black onyx is an empowering stone. It provides support during difficult or confusing situations, and helps for great mental or physical stress.<\/p>\n<p>It facilitates the process of focusing and aligning energy with a higher power of which instructions come from a higher level. This stone may guide forward to and help see the future, and it has the ability to instill strength that makes it easier to be your own boss as you\u2019ll be able to grab the reins.<\/p>\n<p>Onyx strengthens vitality, persistence, and stamina. It aids in acquiring lessons and feeling at ease in your surroundings as it instills self-trust.<\/p>\n<p>It is helpful in moments of self-consultation, steering toward the right answers. According to beliefs, it keeps inside of it its wearer\u2019s memories and, thus, the stone is helpful in working toward fixing the wounds and traumas of past lives that disturb the current life.<\/p>\n<p>Onyx can also be used to treat sadness and grief.<\/p>\n<h5>Health and Healing<\/h5>\n<p><strong>Mentally,<\/strong> it is a strong tonic that alleviates all-encompassing fears and worries. Onyx has an invaluable gift for making wise decisions.<\/p>\n<p><strong>Emotionally,<\/strong> onyx helps recognize and eliminate conflicts within yourself. It anchors simple-minded people in a more stable lifestyle, and instills self-control.<\/p>\n<p><strong>Physically,<\/strong> the stone offers support by swallowing energies from the Universe that are necessary for treating or other purposes. It balances\u00a0<em>yin-yang<\/em> energies in the body, and is useful to teeth, bones and its marrow, and the soles of the feet as well as for blood diseases.<\/p>","protected":false},"excerpt":{"rendered":"<div id=\"tw-container\" class=\"\" data-cp=\"1\" data-is-ver=\"false\" data-nnttsvi=\"1\" data-sm=\"1\" data-sugg-time=\"500\" data-sugg-url=\"https:\/\/clients1.google.com\/complete\/search\" data-uilc=\"et\">\n<div id=\"tw-ob\" class=\"tw-src-ltr\">\n<div class=\"oSioSc\">\n<div id=\"tw-target\">\n<div id=\"kAz1tf\" class=\"g9WsWb\">\n<div id=\"tw-target-text-container\" class=\"tw-ta-container F0azHf tw-nfl\" tabindex=\"0\">\n<div id=\"tw-container\" class=\"\" data-cp=\"1\" data-is-ver=\"false\" data-nnttsvi=\"1\" data-sm=\"1\" data-sugg-time=\"500\" data-sugg-url=\"https:\/\/clients1.google.com\/complete\/search\" data-uilc=\"et\">\n<div id=\"tw-ob\" class=\"tw-src-ltr\">\n<div class=\"oSioSc\">\n<div id=\"tw-target\">\n<div id=\"kAz1tf\" class=\"g9WsWb\">\n<div id=\"tw-target-text-container\" class=\"tw-ta-container F0azHf tw-nfl\" tabindex=\"0\">\n<p id=\"tw-target-text\" class=\"tw-data-text tw-text-large XcVN5d tw-ta\" dir=\"ltr\" data-placeholder=\"T\u00f5lge\"><span class=\"Y2IQFc\" lang=\"et\">Black onyx is a great stone to ask runes for advice. Helps consult with oneself and find the right answers. <\/span>Helps focus energy to concentrate and connect with a higher power. This stone can help you see the future. You can read more about black onyx in the description below.<\/p>\n<\/div>\n<p dir=\"ltr\" data-placeholder=\"T\u00f5lge\">Runes are, in fact, an ancient Germanic alphabet that was used by the people for this purpose until <em>approx.<\/em> the 13th century, in some places even longer. They were mainly used in the Scandinavian countries. The rune is derived from the Proto-Germanic word <em>runo<\/em>, which means a spell, secret, whisper. Although runes were originally used as an alphabet, they have always been given strong power and have therefore always been used in divination, cryptography, and magic. The order of the runes also reflects the mythology of the people. You can see the meanings and use of runes <a href=\"https:\/\/hingelaegas.ee\/blogi\/ruunide-vagi-aitab-heita-pilgu-tulevikku\/\">here<\/a>.<\/p>\n<\/div>\n<\/div>\n<\/div>\n<\/div>\n<\/div>\n<p>Size: 11 x 9 cm<\/p>\n<\/div>\n<\/div>\n<\/div>\n<\/div>\n<\/div>\n<\/div>","protected":false},"featured_media":3732,"comment_status":"open","ping_status":"closed","template":"","meta":{"_monsterinsights_skip_tracking":false,"_monsterinsights_sitenote_active":false,"_monsterinsights_sitenote_note":"","_monsterinsights_sitenote_category":0},"product_brand":[],"product_cat":[110],"product_tag":[184,77,175,504],"class_list":{"0":"post-3692","1":"product","2":"type-product","3":"status-publish","4":"has-post-thumbnail","6":"product_cat-rituaalivahendid","7":"product_tag-poolvaariskivid","8":"product_tag-reiki","9":"product_tag-rituaalivahendid","10":"product_tag-ruunid","12":"first","13":"outofstock","14":"taxable","15":"shipping-taxable","16":"purchasable","17":"product-type-simple"},"yoast_head":"<!-- This site is optimized with the Yoast SEO plugin v27.3 - https:\/\/yoast.com\/product\/yoast-seo-wordpress\/ -->\n<title>Ruunikivide komplekt, must oon\u00fcks - Hingelaegas<\/title>\n<meta name=\"description\" content=\"Must oon\u00fcks on ruunidelt n\u00f5u k\u00fcsimiseks suurep\u00e4rane kivi. Aitab iseendaga n\u00f5u pidada ning leida \u00f5igeid vastuseid. Aitab koondada energiat keskendumiseks ja k\u00f5rgema v\u00e4ega \u00fchenduse saamiseks. See kivi v\u00f5ib aidata n\u00e4ha tulevikku. Musta oon\u00fcksi kohta saad lugeda l\u00e4hemalt altpoolt kirjeldusest.\" \/>\n<meta name=\"robots\" content=\"index, follow, max-snippet:-1, max-image-preview:large, max-video-preview:-1\" \/>\n<link rel=\"canonical\" href=\"https:\/\/hingelaegas.ee\/en\/product\/ruunikivide-komplekt-must-oonuks\/\" \/>\n<meta property=\"og:locale\" content=\"en_GB\" \/>\n<meta property=\"og:type\" content=\"article\" \/>\n<meta property=\"og:title\" content=\"Ruunikivide komplekt, must oon\u00fcks - Hingelaegas\" \/>\n<meta property=\"og:description\" content=\"Must oon\u00fcks on ruunidelt n\u00f5u k\u00fcsimiseks suurep\u00e4rane kivi. Aitab iseendaga n\u00f5u pidada ning leida \u00f5igeid vastuseid. Aitab koondada energiat keskendumiseks ja k\u00f5rgema v\u00e4ega \u00fchenduse saamiseks. See kivi v\u00f5ib aidata n\u00e4ha tulevikku. Musta oon\u00fcksi kohta saad lugeda l\u00e4hemalt altpoolt kirjeldusest.\" \/>\n<meta property=\"og:url\" content=\"https:\/\/hingelaegas.ee\/en\/product\/ruunikivide-komplekt-must-oonuks\/\" \/>\n<meta property=\"og:site_name\" content=\"Hingelaegas\" \/>\n<meta property=\"article:modified_time\" content=\"2024-12-12T12:54:48+00:00\" \/>\n<meta property=\"og:image\" content=\"https:\/\/i0.wp.com\/www.hingelaegas.ee\/wp-content\/uploads\/2021\/11\/ruunid-must-oonuks.jpeg?fit=800%2C800&ssl=1\" \/>\n\t<meta property=\"og:image:width\" content=\"800\" \/>\n\t<meta property=\"og:image:height\" content=\"800\" \/>\n\t<meta property=\"og:image:type\" content=\"image\/jpeg\" \/>\n<meta name=\"twitter:card\" content=\"summary_large_image\" \/>\n<meta name=\"twitter:label1\" content=\"Estimated reading time\" \/>\n\t<meta name=\"twitter:data1\" content=\"1 minute\" \/>\n<script type=\"application\/ld+json\" class=\"yoast-schema-graph\">{\"@context\":\"https:\\\/\\\/schema.org\",\"@graph\":[{\"@type\":\"WebPage\",\"@id\":\"https:\\\/\\\/hingelaegas.ee\\\/en\\\/product\\\/ruunikivide-komplekt-must-oonuks\\\/\",\"url\":\"https:\\\/\\\/hingelaegas.ee\\\/en\\\/product\\\/ruunikivide-komplekt-must-oonuks\\\/\",\"name\":\"Ruunikivide komplekt, must oon\u00fcks - Hingelaegas\",\"isPartOf\":{\"@id\":\"https:\\\/\\\/www.hingelaegas.ee\\\/en\\\/#website\"},\"primaryImageOfPage\":{\"@id\":\"https:\\\/\\\/hingelaegas.ee\\\/en\\\/product\\\/ruunikivide-komplekt-must-oonuks\\\/#primaryimage\"},\"image\":{\"@id\":\"https:\\\/\\\/hingelaegas.ee\\\/en\\\/product\\\/ruunikivide-komplekt-must-oonuks\\\/#primaryimage\"},\"thumbnailUrl\":\"https:\\\/\\\/i0.wp.com\\\/hingelaegas.ee\\\/wp-content\\\/uploads\\\/2021\\\/11\\\/ruunid-must-oonuks.jpeg?fit=800%2C800&ssl=1\",\"datePublished\":\"2021-11-02T08:01:33+00:00\",\"dateModified\":\"2024-12-12T12:54:48+00:00\",\"description\":\"Must oon\u00fcks on ruunidelt n\u00f5u k\u00fcsimiseks suurep\u00e4rane kivi. Aitab iseendaga n\u00f5u pidada ning leida \u00f5igeid vastuseid. Aitab koondada energiat keskendumiseks ja k\u00f5rgema v\u00e4ega \u00fchenduse saamiseks. See kivi v\u00f5ib aidata n\u00e4ha tulevikku. Musta oon\u00fcksi kohta saad lugeda l\u00e4hemalt altpoolt kirjeldusest.\",\"breadcrumb\":{\"@id\":\"https:\\\/\\\/hingelaegas.ee\\\/en\\\/product\\\/ruunikivide-komplekt-must-oonuks\\\/#breadcrumb\"},\"inLanguage\":\"en-GB\",\"potentialAction\":[{\"@type\":\"ReadAction\",\"target\":[\"https:\\\/\\\/hingelaegas.ee\\\/en\\\/product\\\/ruunikivide-komplekt-must-oonuks\\\/\"]}]},{\"@type\":\"ImageObject\",\"inLanguage\":\"en-GB\",\"@id\":\"https:\\\/\\\/hingelaegas.ee\\\/en\\\/product\\\/ruunikivide-komplekt-must-oonuks\\\/#primaryimage\",\"url\":\"https:\\\/\\\/i0.wp.com\\\/hingelaegas.ee\\\/wp-content\\\/uploads\\\/2021\\\/11\\\/ruunid-must-oonuks.jpeg?fit=800%2C800&ssl=1\",\"contentUrl\":\"https:\\\/\\\/i0.wp.com\\\/hingelaegas.ee\\\/wp-content\\\/uploads\\\/2021\\\/11\\\/ruunid-must-oonuks.jpeg?fit=800%2C800&ssl=1\",\"width\":800,\"height\":800,\"caption\":\"Ruunikivid\"},{\"@type\":\"BreadcrumbList\",\"@id\":\"https:\\\/\\\/hingelaegas.ee\\\/en\\\/product\\\/ruunikivide-komplekt-must-oonuks\\\/#breadcrumb\",\"itemListElement\":[{\"@type\":\"ListItem\",\"position\":1,\"name\":\"Home\",\"item\":\"https:\\\/\\\/www.hingelaegas.ee\\\/en\\\/\"},{\"@type\":\"ListItem\",\"position\":2,\"name\":\"E-POOD\",\"item\":\"https:\\\/\\\/www.hingelaegas.ee\\\/en\\\/e-pood\\\/\"},{\"@type\":\"ListItem\",\"position\":3,\"name\":\"Ruunikivide komplekt, must oon\u00fcks\"}]},{\"@type\":\"WebSite\",\"@id\":\"https:\\\/\\\/www.hingelaegas.ee\\\/en\\\/#website\",\"url\":\"https:\\\/\\\/www.hingelaegas.ee\\\/en\\\/\",\"name\":\"Hingelaegas\",\"description\":\"Hingele. Kehale. Vaimule.\",\"publisher\":{\"@id\":\"https:\\\/\\\/www.hingelaegas.ee\\\/en\\\/#organization\"},\"potentialAction\":[{\"@type\":\"SearchAction\",\"target\":{\"@type\":\"EntryPoint\",\"urlTemplate\":\"https:\\\/\\\/www.hingelaegas.ee\\\/en\\\/?s={search_term_string}\"},\"query-input\":{\"@type\":\"PropertyValueSpecification\",\"valueRequired\":true,\"valueName\":\"search_term_string\"}}],\"inLanguage\":\"en-GB\"},{\"@type\":\"Organization\",\"@id\":\"https:\\\/\\\/www.hingelaegas.ee\\\/en\\\/#organization\",\"name\":\"Hingelaegas O\u00dc\",\"url\":\"https:\\\/\\\/www.hingelaegas.ee\\\/en\\\/\",\"logo\":{\"@type\":\"ImageObject\",\"inLanguage\":\"en-GB\",\"@id\":\"https:\\\/\\\/www.hingelaegas.ee\\\/en\\\/#\\\/schema\\\/logo\\\/image\\\/\",\"url\":\"https:\\\/\\\/hingelaegas.ee\\\/wp-content\\\/uploads\\\/2020\\\/12\\\/hingelaegas_vaike.png\",\"contentUrl\":\"https:\\\/\\\/hingelaegas.ee\\\/wp-content\\\/uploads\\\/2020\\\/12\\\/hingelaegas_vaike.png\",\"width\":700,\"height\":700,\"caption\":\"Hingelaegas O\u00dc\"},\"image\":{\"@id\":\"https:\\\/\\\/www.hingelaegas.ee\\\/en\\\/#\\\/schema\\\/logo\\\/image\\\/\"}}]}<\/script>\n<!-- \/ Yoast SEO plugin. -->","yoast_head_json":{"title":"Ruunikivide komplekt, must oon\u00fcks - Hingelaegas","description":"Must oon\u00fcks on ruunidelt n\u00f5u k\u00fcsimiseks suurep\u00e4rane kivi. Aitab iseendaga n\u00f5u pidada ning leida \u00f5igeid vastuseid. Aitab koondada energiat keskendumiseks ja k\u00f5rgema v\u00e4ega \u00fchenduse saamiseks. See kivi v\u00f5ib aidata n\u00e4ha tulevikku. Musta oon\u00fcksi kohta saad lugeda l\u00e4hemalt altpoolt kirjeldusest.","robots":{"index":"index","follow":"follow","max-snippet":"max-snippet:-1","max-image-preview":"max-image-preview:large","max-video-preview":"max-video-preview:-1"},"canonical":"https:\/\/hingelaegas.ee\/en\/product\/ruunikivide-komplekt-must-oonuks\/","og_locale":"en_GB","og_type":"article","og_title":"Ruunikivide komplekt, must oon\u00fcks - Hingelaegas","og_description":"Must oon\u00fcks on ruunidelt n\u00f5u k\u00fcsimiseks suurep\u00e4rane kivi. Aitab iseendaga n\u00f5u pidada ning leida \u00f5igeid vastuseid. Aitab koondada energiat keskendumiseks ja k\u00f5rgema v\u00e4ega \u00fchenduse saamiseks. See kivi v\u00f5ib aidata n\u00e4ha tulevikku. Musta oon\u00fcksi kohta saad lugeda l\u00e4hemalt altpoolt kirjeldusest.","og_url":"https:\/\/hingelaegas.ee\/en\/product\/ruunikivide-komplekt-must-oonuks\/","og_site_name":"Hingelaegas","article_modified_time":"2024-12-12T12:54:48+00:00","og_image":[{"width":800,"height":800,"url":"https:\/\/i0.wp.com\/www.hingelaegas.ee\/wp-content\/uploads\/2021\/11\/ruunid-must-oonuks.jpeg?fit=800%2C800&ssl=1","type":"image\/jpeg"}],"twitter_card":"summary_large_image","twitter_misc":{"Estimated reading time":"1 minute"},"schema":{"@context":"https:\/\/schema.org","@graph":[{"@type":"WebPage","@id":"https:\/\/hingelaegas.ee\/en\/product\/ruunikivide-komplekt-must-oonuks\/","url":"https:\/\/hingelaegas.ee\/en\/product\/ruunikivide-komplekt-must-oonuks\/","name":"Ruunikivide komplekt, must oon\u00fcks - Hingelaegas","isPartOf":{"@id":"https:\/\/www.hingelaegas.ee\/en\/#website"},"primaryImageOfPage":{"@id":"https:\/\/hingelaegas.ee\/en\/product\/ruunikivide-komplekt-must-oonuks\/#primaryimage"},"image":{"@id":"https:\/\/hingelaegas.ee\/en\/product\/ruunikivide-komplekt-must-oonuks\/#primaryimage"},"thumbnailUrl":"https:\/\/i0.wp.com\/hingelaegas.ee\/wp-content\/uploads\/2021\/11\/ruunid-must-oonuks.jpeg?fit=800%2C800&ssl=1","datePublished":"2021-11-02T08:01:33+00:00","dateModified":"2024-12-12T12:54:48+00:00","description":"Must oon\u00fcks on ruunidelt n\u00f5u k\u00fcsimiseks suurep\u00e4rane kivi. Aitab iseendaga n\u00f5u pidada ning leida \u00f5igeid vastuseid. Aitab koondada energiat keskendumiseks ja k\u00f5rgema v\u00e4ega \u00fchenduse saamiseks. See kivi v\u00f5ib aidata n\u00e4ha tulevikku. Musta oon\u00fcksi kohta saad lugeda l\u00e4hemalt altpoolt kirjeldusest.","breadcrumb":{"@id":"https:\/\/hingelaegas.ee\/en\/product\/ruunikivide-komplekt-must-oonuks\/#breadcrumb"},"inLanguage":"en-GB","potentialAction":[{"@type":"ReadAction","target":["https:\/\/hingelaegas.ee\/en\/product\/ruunikivide-komplekt-must-oonuks\/"]}]},{"@type":"ImageObject","inLanguage":"en-GB","@id":"https:\/\/hingelaegas.ee\/en\/product\/ruunikivide-komplekt-must-oonuks\/#primaryimage","url":"https:\/\/i0.wp.com\/hingelaegas.ee\/wp-content\/uploads\/2021\/11\/ruunid-must-oonuks.jpeg?fit=800%2C800&ssl=1","contentUrl":"https:\/\/i0.wp.com\/hingelaegas.ee\/wp-content\/uploads\/2021\/11\/ruunid-must-oonuks.jpeg?fit=800%2C800&ssl=1","width":800,"height":800,"caption":"Ruunikivid"},{"@type":"BreadcrumbList","@id":"https:\/\/hingelaegas.ee\/en\/product\/ruunikivide-komplekt-must-oonuks\/#breadcrumb","itemListElement":[{"@type":"ListItem","position":1,"name":"Home","item":"https:\/\/www.hingelaegas.ee\/en\/"},{"@type":"ListItem","position":2,"name":"E-POOD","item":"https:\/\/www.hingelaegas.ee\/en\/e-pood\/"},{"@type":"ListItem","position":3,"name":"Ruunikivide komplekt, must oon\u00fcks"}]},{"@type":"WebSite","@id":"https:\/\/www.hingelaegas.ee\/en\/#website","url":"https:\/\/www.hingelaegas.ee\/en\/","name":"Hingelaegas","description":"For Soul. For Body. For Mind.","publisher":{"@id":"https:\/\/www.hingelaegas.ee\/en\/#organization"},"potentialAction":[{"@type":"SearchAction","target":{"@type":"EntryPoint","urlTemplate":"https:\/\/www.hingelaegas.ee\/en\/?s={search_term_string}"},"query-input":{"@type":"PropertyValueSpecification","valueRequired":true,"valueName":"search_term_string"}}],"inLanguage":"en-GB"},{"@type":"Organization","@id":"https:\/\/www.hingelaegas.ee\/en\/#organization","name":"Hingelaegas O\u00dc","url":"https:\/\/www.hingelaegas.ee\/en\/","logo":{"@type":"ImageObject","inLanguage":"en-GB","@id":"https:\/\/www.hingelaegas.ee\/en\/#\/schema\/logo\/image\/","url":"https:\/\/hingelaegas.ee\/wp-content\/uploads\/2020\/12\/hingelaegas_vaike.png","contentUrl":"https:\/\/hingelaegas.ee\/wp-content\/uploads\/2020\/12\/hingelaegas_vaike.png","width":700,"height":700,"caption":"Hingelaegas O\u00dc"},"image":{"@id":"https:\/\/www.hingelaegas.ee\/en\/#\/schema\/logo\/image\/"}}]}},"acf":[],"jetpack_likes_enabled":false,"jetpack_sharing_enabled":true,"_links":{"self":[{"href":"https:\/\/hingelaegas.ee\/en\/wp-json\/wp\/v2\/product\/3692","targetHints":{"allow":["GET"]}}],"collection":[{"href":"https:\/\/hingelaegas.ee\/en\/wp-json\/wp\/v2\/product"}],"about":[{"href":"https:\/\/hingelaegas.ee\/en\/wp-json\/wp\/v2\/types\/product"}],"replies":[{"embeddable":true,"href":"https:\/\/hingelaegas.ee\/en\/wp-json\/wp\/v2\/comments?post=3692"}],"wp:featuredmedia":[{"embeddable":true,"href":"https:\/\/hingelaegas.ee\/en\/wp-json\/wp\/v2\/media\/3732"}],"wp:attachment":[{"href":"https:\/\/hingelaegas.ee\/en\/wp-json\/wp\/v2\/media?parent=3692"}],"wp:term":[{"taxonomy":"product_brand","embeddable":true,"href":"https:\/\/hingelaegas.ee\/en\/wp-json\/wp\/v2\/product_brand?post=3692"},{"taxonomy":"product_cat","embeddable":true,"href":"https:\/\/hingelaegas.ee\/en\/wp-json\/wp\/v2\/product_cat?post=3692"},{"taxonomy":"product_tag","embeddable":true,"href":"https:\/\/hingelaegas.ee\/en\/wp-json\/wp\/v2\/product_tag?post=3692"}],"curies":[{"name":"wp","href":"https:\/\/api.w.org\/{rel}","templated":true}]}}