{"id":3832,"date":"2021-12-08T20:53:56","date_gmt":"2021-12-08T18:53:56","guid":{"rendered":"https:\/\/hingelaegas.ee\/?post_type=product&#038;p=3832"},"modified":"2025-07-02T19:52:47","modified_gmt":"2025-07-02T17:52:47","slug":"kookoslamp-sokolaad","status":"publish","type":"product","link":"https:\/\/hingelaegas.ee\/en\/product\/kookoslamp-sokolaad\/","title":{"rendered":"Coconut lamp, chocolate"},"content":{"rendered":"","protected":false},"excerpt":{"rendered":"<div>\n<p class=\"highlight_box\">Coconut lamps are handmade in Bali and completely natural. Made of a special coconut leaves that can be bent and shaped when heated. The lampshade is made of cotton cord. An elegant and simple piece from the nature that decorates any home.<\/p>\n<\/div>\n<div class=\"product_properties\">\n<div class=\"product_properties\">\n<ul>\n<li>Dimensions 22 x 15 x 40 cm.<\/li>\n<li>Weight ~0,45 kg<\/li>\n<li>Includes the lamp, the cable (length approx. 1.5 m), and the LED bulb (15W).<\/li>\n<\/ul>\n<\/div>\n<\/div>","protected":false},"featured_media":3834,"comment_status":"open","ping_status":"closed","template":"","meta":{"_monsterinsights_skip_tracking":false,"_monsterinsights_sitenote_active":false,"_monsterinsights_sitenote_note":"","_monsterinsights_sitenote_category":0},"product_brand":[],"product_cat":[517],"product_tag":[183,518],"class_list":{"0":"post-3832","1":"product","2":"type-product","3":"status-publish","4":"has-post-thumbnail","6":"product_cat-valgustid","7":"product_tag-kodusisustus","8":"product_tag-kookoslambid","10":"first","11":"instock","12":"taxable","13":"shipping-taxable","14":"purchasable","15":"product-type-simple"},"yoast_head":"<!-- This site is optimized with the Yoast SEO plugin v27.3 - https:\/\/yoast.com\/product\/yoast-seo-wordpress\/ -->\n<title>Kookoslamp, \u0161okolaad - Hingelaegas<\/title>\n<meta name=\"description\" content=\"Balil naturaalsetest materjalidest valmistatud elegantsed k\u00e4sit\u00f6\u00f6lambid. Efektselt kontrastne \u0161okolaadiseks v\u00f5\u00f5batud kookosleht ja s\u00e4ravvalge puuvillan\u00f6\u00f6r.\" \/>\n<meta name=\"robots\" content=\"index, follow, max-snippet:-1, max-image-preview:large, max-video-preview:-1\" \/>\n<link rel=\"canonical\" href=\"https:\/\/hingelaegas.ee\/en\/product\/kookoslamp-sokolaad\/\" \/>\n<meta property=\"og:locale\" content=\"en_GB\" \/>\n<meta property=\"og:type\" content=\"article\" \/>\n<meta property=\"og:title\" content=\"Kookoslamp, \u0161okolaad - Hingelaegas\" \/>\n<meta property=\"og:description\" content=\"Balil naturaalsetest materjalidest valmistatud elegantsed k\u00e4sit\u00f6\u00f6lambid. Efektselt kontrastne \u0161okolaadiseks v\u00f5\u00f5batud kookosleht ja s\u00e4ravvalge puuvillan\u00f6\u00f6r.\" \/>\n<meta property=\"og:url\" content=\"https:\/\/hingelaegas.ee\/en\/product\/kookoslamp-sokolaad\/\" \/>\n<meta property=\"og:site_name\" content=\"Hingelaegas\" \/>\n<meta property=\"article:modified_time\" content=\"2025-07-02T17:52:47+00:00\" \/>\n<meta property=\"og:image\" content=\"https:\/\/i0.wp.com\/hingelaegas.ee\/wp-content\/uploads\/2021\/12\/coconut-lamp_wrapover_chocolate.jpeg?fit=800%2C800&ssl=1\" \/>\n\t<meta property=\"og:image:width\" content=\"800\" \/>\n\t<meta property=\"og:image:height\" content=\"800\" \/>\n\t<meta property=\"og:image:type\" content=\"image\/jpeg\" \/>\n<meta name=\"twitter:card\" content=\"summary_large_image\" \/>\n<script type=\"application\/ld+json\" class=\"yoast-schema-graph\">{\"@context\":\"https:\\\/\\\/schema.org\",\"@graph\":[{\"@type\":\"WebPage\",\"@id\":\"https:\\\/\\\/hingelaegas.ee\\\/product\\\/kookoslamp-sokolaad\\\/\",\"url\":\"https:\\\/\\\/hingelaegas.ee\\\/product\\\/kookoslamp-sokolaad\\\/\",\"name\":\"Kookoslamp, \u0161okolaad - Hingelaegas\",\"isPartOf\":{\"@id\":\"https:\\\/\\\/www.hingelaegas.ee\\\/en\\\/#website\"},\"primaryImageOfPage\":{\"@id\":\"https:\\\/\\\/hingelaegas.ee\\\/product\\\/kookoslamp-sokolaad\\\/#primaryimage\"},\"image\":{\"@id\":\"https:\\\/\\\/hingelaegas.ee\\\/product\\\/kookoslamp-sokolaad\\\/#primaryimage\"},\"thumbnailUrl\":\"https:\\\/\\\/i0.wp.com\\\/hingelaegas.ee\\\/wp-content\\\/uploads\\\/2021\\\/12\\\/coconut-lamp_wrapover_chocolate.jpeg?fit=800%2C800&ssl=1\",\"datePublished\":\"2021-12-08T18:53:56+00:00\",\"dateModified\":\"2025-07-02T17:52:47+00:00\",\"description\":\"Balil naturaalsetest materjalidest valmistatud elegantsed k\u00e4sit\u00f6\u00f6lambid. Efektselt kontrastne \u0161okolaadiseks v\u00f5\u00f5batud kookosleht ja s\u00e4ravvalge puuvillan\u00f6\u00f6r.\",\"breadcrumb\":{\"@id\":\"https:\\\/\\\/hingelaegas.ee\\\/product\\\/kookoslamp-sokolaad\\\/#breadcrumb\"},\"inLanguage\":\"en-GB\",\"potentialAction\":[{\"@type\":\"ReadAction\",\"target\":[\"https:\\\/\\\/hingelaegas.ee\\\/product\\\/kookoslamp-sokolaad\\\/\"]}]},{\"@type\":\"ImageObject\",\"inLanguage\":\"en-GB\",\"@id\":\"https:\\\/\\\/hingelaegas.ee\\\/product\\\/kookoslamp-sokolaad\\\/#primaryimage\",\"url\":\"https:\\\/\\\/i0.wp.com\\\/hingelaegas.ee\\\/wp-content\\\/uploads\\\/2021\\\/12\\\/coconut-lamp_wrapover_chocolate.jpeg?fit=800%2C800&ssl=1\",\"contentUrl\":\"https:\\\/\\\/i0.wp.com\\\/hingelaegas.ee\\\/wp-content\\\/uploads\\\/2021\\\/12\\\/coconut-lamp_wrapover_chocolate.jpeg?fit=800%2C800&ssl=1\",\"width\":800,\"height\":800},{\"@type\":\"BreadcrumbList\",\"@id\":\"https:\\\/\\\/hingelaegas.ee\\\/product\\\/kookoslamp-sokolaad\\\/#breadcrumb\",\"itemListElement\":[{\"@type\":\"ListItem\",\"position\":1,\"name\":\"Home\",\"item\":\"https:\\\/\\\/www.hingelaegas.ee\\\/en\\\/\"},{\"@type\":\"ListItem\",\"position\":2,\"name\":\"E-POOD\",\"item\":\"https:\\\/\\\/www.hingelaegas.ee\\\/en\\\/e-pood\\\/\"},{\"@type\":\"ListItem\",\"position\":3,\"name\":\"Kookoslamp, \u0161okolaad\"}]},{\"@type\":\"WebSite\",\"@id\":\"https:\\\/\\\/www.hingelaegas.ee\\\/en\\\/#website\",\"url\":\"https:\\\/\\\/www.hingelaegas.ee\\\/en\\\/\",\"name\":\"Hingelaegas\",\"description\":\"Hingele. Kehale. Vaimule.\",\"publisher\":{\"@id\":\"https:\\\/\\\/www.hingelaegas.ee\\\/en\\\/#organization\"},\"potentialAction\":[{\"@type\":\"SearchAction\",\"target\":{\"@type\":\"EntryPoint\",\"urlTemplate\":\"https:\\\/\\\/www.hingelaegas.ee\\\/en\\\/?s={search_term_string}\"},\"query-input\":{\"@type\":\"PropertyValueSpecification\",\"valueRequired\":true,\"valueName\":\"search_term_string\"}}],\"inLanguage\":\"en-GB\"},{\"@type\":\"Organization\",\"@id\":\"https:\\\/\\\/www.hingelaegas.ee\\\/en\\\/#organization\",\"name\":\"Hingelaegas O\u00dc\",\"url\":\"https:\\\/\\\/www.hingelaegas.ee\\\/en\\\/\",\"logo\":{\"@type\":\"ImageObject\",\"inLanguage\":\"en-GB\",\"@id\":\"https:\\\/\\\/www.hingelaegas.ee\\\/en\\\/#\\\/schema\\\/logo\\\/image\\\/\",\"url\":\"https:\\\/\\\/hingelaegas.ee\\\/wp-content\\\/uploads\\\/2020\\\/12\\\/hingelaegas_vaike.png\",\"contentUrl\":\"https:\\\/\\\/hingelaegas.ee\\\/wp-content\\\/uploads\\\/2020\\\/12\\\/hingelaegas_vaike.png\",\"width\":700,\"height\":700,\"caption\":\"Hingelaegas O\u00dc\"},\"image\":{\"@id\":\"https:\\\/\\\/www.hingelaegas.ee\\\/en\\\/#\\\/schema\\\/logo\\\/image\\\/\"}}]}<\/script>\n<!-- \/ Yoast SEO plugin. -->","yoast_head_json":{"title":"Kookoslamp, \u0161okolaad - Hingelaegas","description":"Balil naturaalsetest materjalidest valmistatud elegantsed k\u00e4sit\u00f6\u00f6lambid. Efektselt kontrastne \u0161okolaadiseks v\u00f5\u00f5batud kookosleht ja s\u00e4ravvalge puuvillan\u00f6\u00f6r.","robots":{"index":"index","follow":"follow","max-snippet":"max-snippet:-1","max-image-preview":"max-image-preview:large","max-video-preview":"max-video-preview:-1"},"canonical":"https:\/\/hingelaegas.ee\/en\/product\/kookoslamp-sokolaad\/","og_locale":"en_GB","og_type":"article","og_title":"Kookoslamp, \u0161okolaad - Hingelaegas","og_description":"Balil naturaalsetest materjalidest valmistatud elegantsed k\u00e4sit\u00f6\u00f6lambid. Efektselt kontrastne \u0161okolaadiseks v\u00f5\u00f5batud kookosleht ja s\u00e4ravvalge puuvillan\u00f6\u00f6r.","og_url":"https:\/\/hingelaegas.ee\/en\/product\/kookoslamp-sokolaad\/","og_site_name":"Hingelaegas","article_modified_time":"2025-07-02T17:52:47+00:00","og_image":[{"width":800,"height":800,"url":"https:\/\/i0.wp.com\/hingelaegas.ee\/wp-content\/uploads\/2021\/12\/coconut-lamp_wrapover_chocolate.jpeg?fit=800%2C800&ssl=1","type":"image\/jpeg"}],"twitter_card":"summary_large_image","schema":{"@context":"https:\/\/schema.org","@graph":[{"@type":"WebPage","@id":"https:\/\/hingelaegas.ee\/product\/kookoslamp-sokolaad\/","url":"https:\/\/hingelaegas.ee\/product\/kookoslamp-sokolaad\/","name":"Kookoslamp, \u0161okolaad - Hingelaegas","isPartOf":{"@id":"https:\/\/www.hingelaegas.ee\/en\/#website"},"primaryImageOfPage":{"@id":"https:\/\/hingelaegas.ee\/product\/kookoslamp-sokolaad\/#primaryimage"},"image":{"@id":"https:\/\/hingelaegas.ee\/product\/kookoslamp-sokolaad\/#primaryimage"},"thumbnailUrl":"https:\/\/i0.wp.com\/hingelaegas.ee\/wp-content\/uploads\/2021\/12\/coconut-lamp_wrapover_chocolate.jpeg?fit=800%2C800&ssl=1","datePublished":"2021-12-08T18:53:56+00:00","dateModified":"2025-07-02T17:52:47+00:00","description":"Balil naturaalsetest materjalidest valmistatud elegantsed k\u00e4sit\u00f6\u00f6lambid. Efektselt kontrastne \u0161okolaadiseks v\u00f5\u00f5batud kookosleht ja s\u00e4ravvalge puuvillan\u00f6\u00f6r.","breadcrumb":{"@id":"https:\/\/hingelaegas.ee\/product\/kookoslamp-sokolaad\/#breadcrumb"},"inLanguage":"en-GB","potentialAction":[{"@type":"ReadAction","target":["https:\/\/hingelaegas.ee\/product\/kookoslamp-sokolaad\/"]}]},{"@type":"ImageObject","inLanguage":"en-GB","@id":"https:\/\/hingelaegas.ee\/product\/kookoslamp-sokolaad\/#primaryimage","url":"https:\/\/i0.wp.com\/hingelaegas.ee\/wp-content\/uploads\/2021\/12\/coconut-lamp_wrapover_chocolate.jpeg?fit=800%2C800&ssl=1","contentUrl":"https:\/\/i0.wp.com\/hingelaegas.ee\/wp-content\/uploads\/2021\/12\/coconut-lamp_wrapover_chocolate.jpeg?fit=800%2C800&ssl=1","width":800,"height":800},{"@type":"BreadcrumbList","@id":"https:\/\/hingelaegas.ee\/product\/kookoslamp-sokolaad\/#breadcrumb","itemListElement":[{"@type":"ListItem","position":1,"name":"Home","item":"https:\/\/www.hingelaegas.ee\/en\/"},{"@type":"ListItem","position":2,"name":"E-POOD","item":"https:\/\/www.hingelaegas.ee\/en\/e-pood\/"},{"@type":"ListItem","position":3,"name":"Kookoslamp, \u0161okolaad"}]},{"@type":"WebSite","@id":"https:\/\/www.hingelaegas.ee\/en\/#website","url":"https:\/\/www.hingelaegas.ee\/en\/","name":"Hingelaegas","description":"For Soul. For Body. For Mind.","publisher":{"@id":"https:\/\/www.hingelaegas.ee\/en\/#organization"},"potentialAction":[{"@type":"SearchAction","target":{"@type":"EntryPoint","urlTemplate":"https:\/\/www.hingelaegas.ee\/en\/?s={search_term_string}"},"query-input":{"@type":"PropertyValueSpecification","valueRequired":true,"valueName":"search_term_string"}}],"inLanguage":"en-GB"},{"@type":"Organization","@id":"https:\/\/www.hingelaegas.ee\/en\/#organization","name":"Hingelaegas O\u00dc","url":"https:\/\/www.hingelaegas.ee\/en\/","logo":{"@type":"ImageObject","inLanguage":"en-GB","@id":"https:\/\/www.hingelaegas.ee\/en\/#\/schema\/logo\/image\/","url":"https:\/\/hingelaegas.ee\/wp-content\/uploads\/2020\/12\/hingelaegas_vaike.png","contentUrl":"https:\/\/hingelaegas.ee\/wp-content\/uploads\/2020\/12\/hingelaegas_vaike.png","width":700,"height":700,"caption":"Hingelaegas O\u00dc"},"image":{"@id":"https:\/\/www.hingelaegas.ee\/en\/#\/schema\/logo\/image\/"}}]}},"acf":[],"jetpack_likes_enabled":false,"jetpack_sharing_enabled":true,"_links":{"self":[{"href":"https:\/\/hingelaegas.ee\/en\/wp-json\/wp\/v2\/product\/3832","targetHints":{"allow":["GET"]}}],"collection":[{"href":"https:\/\/hingelaegas.ee\/en\/wp-json\/wp\/v2\/product"}],"about":[{"href":"https:\/\/hingelaegas.ee\/en\/wp-json\/wp\/v2\/types\/product"}],"replies":[{"embeddable":true,"href":"https:\/\/hingelaegas.ee\/en\/wp-json\/wp\/v2\/comments?post=3832"}],"wp:featuredmedia":[{"embeddable":true,"href":"https:\/\/hingelaegas.ee\/en\/wp-json\/wp\/v2\/media\/3834"}],"wp:attachment":[{"href":"https:\/\/hingelaegas.ee\/en\/wp-json\/wp\/v2\/media?parent=3832"}],"wp:term":[{"taxonomy":"product_brand","embeddable":true,"href":"https:\/\/hingelaegas.ee\/en\/wp-json\/wp\/v2\/product_brand?post=3832"},{"taxonomy":"product_cat","embeddable":true,"href":"https:\/\/hingelaegas.ee\/en\/wp-json\/wp\/v2\/product_cat?post=3832"},{"taxonomy":"product_tag","embeddable":true,"href":"https:\/\/hingelaegas.ee\/en\/wp-json\/wp\/v2\/product_tag?post=3832"}],"curies":[{"name":"wp","href":"https:\/\/api.w.org\/{rel}","templated":true}]}}