{"id":3876,"date":"2021-12-13T09:22:47","date_gmt":"2021-12-13T07:22:47","guid":{"rendered":"https:\/\/hingelaegas.ee\/?post_type=product&#038;p=3876"},"modified":"2024-08-19T15:19:02","modified_gmt":"2024-08-19T12:19:02","slug":"kinkekarp-sina-vali-meie-pakime","status":"publish","type":"product","link":"https:\/\/hingelaegas.ee\/en\/product\/kinkekarp-sina-vali-meie-pakime\/","title":{"rendered":"Gift box \"You pick - We pack\""},"content":{"rendered":"","protected":false},"excerpt":{"rendered":"<p><strong>Choose yourself what you want to put inside the gift box!<\/strong> You just pick the products, we will pack and send them to you or the gift recipient with the chosen transport.<\/p>\n<p>The black gift box is filled with soft wooden wool and is decorated with a beautiful golden ribbon.<\/p>\n<p>The box is suitable for handmade jewellery, body care products, aromatherapy products and incense, as well as for smaller aroma lamps, candle and incense holders. Simply add the matching products with the gift box to the shopping cart, pay for the order and we will take care of packing and shipping the gift!<\/p>\n<p>Hingelaegas' gift box comes in two sizes (we choose the appropriate size according to the quantity of products):<\/p>\n<ul>\n<li>20 x 20 x 8 cm<\/li>\n<li>25 x 25 x 8 cm<\/li>\n<\/ul>","protected":false},"featured_media":3014,"comment_status":"open","ping_status":"closed","template":"","meta":{"_monsterinsights_skip_tracking":false,"_monsterinsights_sitenote_active":false,"_monsterinsights_sitenote_note":"","_monsterinsights_sitenote_category":0},"product_brand":[],"product_cat":[413,578],"product_tag":[519,414,285],"class_list":{"0":"post-3876","1":"product","2":"type-product","3":"status-publish","4":"has-post-thumbnail","6":"product_cat-kinkekomplektid","7":"product_cat-pakendid","8":"product_tag-kinkekarbid","9":"product_tag-kinkekomplektid","10":"product_tag-kinkekotid","12":"first","13":"instock","14":"taxable","15":"shipping-taxable","16":"purchasable","17":"product-type-simple"},"yoast_head":"<!-- This site is optimized with the Yoast SEO plugin v27.4 - https:\/\/yoast.com\/product\/yoast-seo-wordpress\/ -->\n<title>Kinkekarp &quot;Sina vali - Meie pakime&quot; - Hingelaegas<\/title>\n<meta name=\"description\" content=\"Hingelaegas kinkekarp on kahes m\u00f5\u00f5dus - Sina vali vaid tooted, meie pakime ja saadame Sulle v\u00f5i kingisaajale pakiautomaati!\" \/>\n<meta name=\"robots\" content=\"index, follow, max-snippet:-1, max-image-preview:large, max-video-preview:-1\" \/>\n<link rel=\"canonical\" href=\"https:\/\/www.hingelaegas.ee\/en\/product\/kinkekarp-sina-vali-meie-pakime\/\" \/>\n<meta property=\"og:locale\" content=\"en_GB\" \/>\n<meta property=\"og:type\" content=\"article\" \/>\n<meta property=\"og:title\" content=\"Kinkekarp &quot;Sina vali - Meie pakime&quot; - Hingelaegas\" \/>\n<meta property=\"og:description\" content=\"Hingelaegas kinkekarp on kahes m\u00f5\u00f5dus - Sina vali vaid tooted, meie pakime ja saadame Sulle v\u00f5i kingisaajale pakiautomaati!\" \/>\n<meta property=\"og:url\" content=\"https:\/\/www.hingelaegas.ee\/en\/product\/kinkekarp-sina-vali-meie-pakime\/\" \/>\n<meta property=\"og:site_name\" content=\"Hingelaegas\" \/>\n<meta property=\"article:modified_time\" content=\"2024-08-19T12:19:02+00:00\" \/>\n<meta property=\"og:image\" content=\"https:\/\/i0.wp.com\/www.hingelaegas.ee\/wp-content\/uploads\/2021\/04\/Kinkekarp.jpg?fit=800%2C798&ssl=1\" \/>\n\t<meta property=\"og:image:width\" content=\"800\" \/>\n\t<meta property=\"og:image:height\" content=\"798\" \/>\n\t<meta property=\"og:image:type\" content=\"image\/jpeg\" \/>\n<meta name=\"twitter:card\" content=\"summary_large_image\" \/>\n<script type=\"application\/ld+json\" class=\"yoast-schema-graph\">{\"@context\":\"https:\\\/\\\/schema.org\",\"@graph\":[{\"@type\":\"WebPage\",\"@id\":\"https:\\\/\\\/www.hingelaegas.ee\\\/en\\\/product\\\/kinkekarp-sina-vali-meie-pakime\\\/\",\"url\":\"https:\\\/\\\/www.hingelaegas.ee\\\/en\\\/product\\\/kinkekarp-sina-vali-meie-pakime\\\/\",\"name\":\"Kinkekarp \\\"Sina vali - Meie pakime\\\" - Hingelaegas\",\"isPartOf\":{\"@id\":\"https:\\\/\\\/hingelaegas.ee\\\/en\\\/#website\"},\"primaryImageOfPage\":{\"@id\":\"https:\\\/\\\/www.hingelaegas.ee\\\/en\\\/product\\\/kinkekarp-sina-vali-meie-pakime\\\/#primaryimage\"},\"image\":{\"@id\":\"https:\\\/\\\/www.hingelaegas.ee\\\/en\\\/product\\\/kinkekarp-sina-vali-meie-pakime\\\/#primaryimage\"},\"thumbnailUrl\":\"https:\\\/\\\/i0.wp.com\\\/www.hingelaegas.ee\\\/wp-content\\\/uploads\\\/2021\\\/04\\\/Kinkekarp.jpg?fit=800%2C798&ssl=1\",\"datePublished\":\"2021-12-13T07:22:47+00:00\",\"dateModified\":\"2024-08-19T12:19:02+00:00\",\"description\":\"Hingelaegas kinkekarp on kahes m\u00f5\u00f5dus - Sina vali vaid tooted, meie pakime ja saadame Sulle v\u00f5i kingisaajale pakiautomaati!\",\"breadcrumb\":{\"@id\":\"https:\\\/\\\/www.hingelaegas.ee\\\/en\\\/product\\\/kinkekarp-sina-vali-meie-pakime\\\/#breadcrumb\"},\"inLanguage\":\"en-GB\",\"potentialAction\":[{\"@type\":\"ReadAction\",\"target\":[\"https:\\\/\\\/www.hingelaegas.ee\\\/en\\\/product\\\/kinkekarp-sina-vali-meie-pakime\\\/\"]}]},{\"@type\":\"ImageObject\",\"inLanguage\":\"en-GB\",\"@id\":\"https:\\\/\\\/www.hingelaegas.ee\\\/en\\\/product\\\/kinkekarp-sina-vali-meie-pakime\\\/#primaryimage\",\"url\":\"https:\\\/\\\/i0.wp.com\\\/www.hingelaegas.ee\\\/wp-content\\\/uploads\\\/2021\\\/04\\\/Kinkekarp.jpg?fit=800%2C798&ssl=1\",\"contentUrl\":\"https:\\\/\\\/i0.wp.com\\\/www.hingelaegas.ee\\\/wp-content\\\/uploads\\\/2021\\\/04\\\/Kinkekarp.jpg?fit=800%2C798&ssl=1\",\"width\":800,\"height\":798,\"caption\":\"edf_vivi\"},{\"@type\":\"BreadcrumbList\",\"@id\":\"https:\\\/\\\/www.hingelaegas.ee\\\/en\\\/product\\\/kinkekarp-sina-vali-meie-pakime\\\/#breadcrumb\",\"itemListElement\":[{\"@type\":\"ListItem\",\"position\":1,\"name\":\"Home\",\"item\":\"https:\\\/\\\/hingelaegas.ee\\\/en\\\/\"},{\"@type\":\"ListItem\",\"position\":2,\"name\":\"E-POOD\",\"item\":\"https:\\\/\\\/hingelaegas.ee\\\/en\\\/e-pood\\\/\"},{\"@type\":\"ListItem\",\"position\":3,\"name\":\"Kinkekarp &#8220;Sina vali &#8211; Meie pakime&#8221;\"}]},{\"@type\":\"WebSite\",\"@id\":\"https:\\\/\\\/hingelaegas.ee\\\/en\\\/#website\",\"url\":\"https:\\\/\\\/hingelaegas.ee\\\/en\\\/\",\"name\":\"Hingelaegas\",\"description\":\"Hingele. Kehale. Vaimule.\",\"publisher\":{\"@id\":\"https:\\\/\\\/hingelaegas.ee\\\/en\\\/#organization\"},\"potentialAction\":[{\"@type\":\"SearchAction\",\"target\":{\"@type\":\"EntryPoint\",\"urlTemplate\":\"https:\\\/\\\/hingelaegas.ee\\\/en\\\/?s={search_term_string}\"},\"query-input\":{\"@type\":\"PropertyValueSpecification\",\"valueRequired\":true,\"valueName\":\"search_term_string\"}}],\"inLanguage\":\"en-GB\"},{\"@type\":\"Organization\",\"@id\":\"https:\\\/\\\/hingelaegas.ee\\\/en\\\/#organization\",\"name\":\"Hingelaegas O\u00dc\",\"url\":\"https:\\\/\\\/hingelaegas.ee\\\/en\\\/\",\"logo\":{\"@type\":\"ImageObject\",\"inLanguage\":\"en-GB\",\"@id\":\"https:\\\/\\\/hingelaegas.ee\\\/en\\\/#\\\/schema\\\/logo\\\/image\\\/\",\"url\":\"https:\\\/\\\/hingelaegas.ee\\\/wp-content\\\/uploads\\\/2020\\\/12\\\/hingelaegas_vaike.png\",\"contentUrl\":\"https:\\\/\\\/hingelaegas.ee\\\/wp-content\\\/uploads\\\/2020\\\/12\\\/hingelaegas_vaike.png\",\"width\":700,\"height\":700,\"caption\":\"Hingelaegas O\u00dc\"},\"image\":{\"@id\":\"https:\\\/\\\/hingelaegas.ee\\\/en\\\/#\\\/schema\\\/logo\\\/image\\\/\"}}]}<\/script>\n<!-- \/ Yoast SEO plugin. -->","yoast_head_json":{"title":"Kinkekarp \"Sina vali - Meie pakime\" - Hingelaegas","description":"Hingelaegas kinkekarp on kahes m\u00f5\u00f5dus - Sina vali vaid tooted, meie pakime ja saadame Sulle v\u00f5i kingisaajale pakiautomaati!","robots":{"index":"index","follow":"follow","max-snippet":"max-snippet:-1","max-image-preview":"max-image-preview:large","max-video-preview":"max-video-preview:-1"},"canonical":"https:\/\/www.hingelaegas.ee\/en\/product\/kinkekarp-sina-vali-meie-pakime\/","og_locale":"en_GB","og_type":"article","og_title":"Kinkekarp \"Sina vali - Meie pakime\" - Hingelaegas","og_description":"Hingelaegas kinkekarp on kahes m\u00f5\u00f5dus - Sina vali vaid tooted, meie pakime ja saadame Sulle v\u00f5i kingisaajale pakiautomaati!","og_url":"https:\/\/www.hingelaegas.ee\/en\/product\/kinkekarp-sina-vali-meie-pakime\/","og_site_name":"Hingelaegas","article_modified_time":"2024-08-19T12:19:02+00:00","og_image":[{"width":800,"height":798,"url":"https:\/\/i0.wp.com\/www.hingelaegas.ee\/wp-content\/uploads\/2021\/04\/Kinkekarp.jpg?fit=800%2C798&ssl=1","type":"image\/jpeg"}],"twitter_card":"summary_large_image","schema":{"@context":"https:\/\/schema.org","@graph":[{"@type":"WebPage","@id":"https:\/\/www.hingelaegas.ee\/en\/product\/kinkekarp-sina-vali-meie-pakime\/","url":"https:\/\/www.hingelaegas.ee\/en\/product\/kinkekarp-sina-vali-meie-pakime\/","name":"Kinkekarp \"Sina vali - Meie pakime\" - Hingelaegas","isPartOf":{"@id":"https:\/\/hingelaegas.ee\/en\/#website"},"primaryImageOfPage":{"@id":"https:\/\/www.hingelaegas.ee\/en\/product\/kinkekarp-sina-vali-meie-pakime\/#primaryimage"},"image":{"@id":"https:\/\/www.hingelaegas.ee\/en\/product\/kinkekarp-sina-vali-meie-pakime\/#primaryimage"},"thumbnailUrl":"https:\/\/i0.wp.com\/www.hingelaegas.ee\/wp-content\/uploads\/2021\/04\/Kinkekarp.jpg?fit=800%2C798&ssl=1","datePublished":"2021-12-13T07:22:47+00:00","dateModified":"2024-08-19T12:19:02+00:00","description":"Hingelaegas kinkekarp on kahes m\u00f5\u00f5dus - Sina vali vaid tooted, meie pakime ja saadame Sulle v\u00f5i kingisaajale pakiautomaati!","breadcrumb":{"@id":"https:\/\/www.hingelaegas.ee\/en\/product\/kinkekarp-sina-vali-meie-pakime\/#breadcrumb"},"inLanguage":"en-GB","potentialAction":[{"@type":"ReadAction","target":["https:\/\/www.hingelaegas.ee\/en\/product\/kinkekarp-sina-vali-meie-pakime\/"]}]},{"@type":"ImageObject","inLanguage":"en-GB","@id":"https:\/\/www.hingelaegas.ee\/en\/product\/kinkekarp-sina-vali-meie-pakime\/#primaryimage","url":"https:\/\/i0.wp.com\/www.hingelaegas.ee\/wp-content\/uploads\/2021\/04\/Kinkekarp.jpg?fit=800%2C798&ssl=1","contentUrl":"https:\/\/i0.wp.com\/www.hingelaegas.ee\/wp-content\/uploads\/2021\/04\/Kinkekarp.jpg?fit=800%2C798&ssl=1","width":800,"height":798,"caption":"edf_vivi"},{"@type":"BreadcrumbList","@id":"https:\/\/www.hingelaegas.ee\/en\/product\/kinkekarp-sina-vali-meie-pakime\/#breadcrumb","itemListElement":[{"@type":"ListItem","position":1,"name":"Home","item":"https:\/\/hingelaegas.ee\/en\/"},{"@type":"ListItem","position":2,"name":"E-POOD","item":"https:\/\/hingelaegas.ee\/en\/e-pood\/"},{"@type":"ListItem","position":3,"name":"Kinkekarp &#8220;Sina vali &#8211; Meie pakime&#8221;"}]},{"@type":"WebSite","@id":"https:\/\/hingelaegas.ee\/en\/#website","url":"https:\/\/hingelaegas.ee\/en\/","name":"Hingelaegas","description":"For Soul. For Body. For Mind.","publisher":{"@id":"https:\/\/hingelaegas.ee\/en\/#organization"},"potentialAction":[{"@type":"SearchAction","target":{"@type":"EntryPoint","urlTemplate":"https:\/\/hingelaegas.ee\/en\/?s={search_term_string}"},"query-input":{"@type":"PropertyValueSpecification","valueRequired":true,"valueName":"search_term_string"}}],"inLanguage":"en-GB"},{"@type":"Organization","@id":"https:\/\/hingelaegas.ee\/en\/#organization","name":"Hingelaegas O\u00dc","url":"https:\/\/hingelaegas.ee\/en\/","logo":{"@type":"ImageObject","inLanguage":"en-GB","@id":"https:\/\/hingelaegas.ee\/en\/#\/schema\/logo\/image\/","url":"https:\/\/hingelaegas.ee\/wp-content\/uploads\/2020\/12\/hingelaegas_vaike.png","contentUrl":"https:\/\/hingelaegas.ee\/wp-content\/uploads\/2020\/12\/hingelaegas_vaike.png","width":700,"height":700,"caption":"Hingelaegas O\u00dc"},"image":{"@id":"https:\/\/hingelaegas.ee\/en\/#\/schema\/logo\/image\/"}}]}},"acf":[],"jetpack_likes_enabled":false,"jetpack_sharing_enabled":true,"_links":{"self":[{"href":"https:\/\/hingelaegas.ee\/en\/wp-json\/wp\/v2\/product\/3876","targetHints":{"allow":["GET"]}}],"collection":[{"href":"https:\/\/hingelaegas.ee\/en\/wp-json\/wp\/v2\/product"}],"about":[{"href":"https:\/\/hingelaegas.ee\/en\/wp-json\/wp\/v2\/types\/product"}],"replies":[{"embeddable":true,"href":"https:\/\/hingelaegas.ee\/en\/wp-json\/wp\/v2\/comments?post=3876"}],"wp:featuredmedia":[{"embeddable":true,"href":"https:\/\/hingelaegas.ee\/en\/wp-json\/wp\/v2\/media\/3014"}],"wp:attachment":[{"href":"https:\/\/hingelaegas.ee\/en\/wp-json\/wp\/v2\/media?parent=3876"}],"wp:term":[{"taxonomy":"product_brand","embeddable":true,"href":"https:\/\/hingelaegas.ee\/en\/wp-json\/wp\/v2\/product_brand?post=3876"},{"taxonomy":"product_cat","embeddable":true,"href":"https:\/\/hingelaegas.ee\/en\/wp-json\/wp\/v2\/product_cat?post=3876"},{"taxonomy":"product_tag","embeddable":true,"href":"https:\/\/hingelaegas.ee\/en\/wp-json\/wp\/v2\/product_tag?post=3876"}],"curies":[{"name":"wp","href":"https:\/\/api.w.org\/{rel}","templated":true}]}}