{"id":4045,"date":"2022-01-20T14:32:09","date_gmt":"2022-01-20T11:32:09","guid":{"rendered":"https:\/\/hingelaegas.ee\/?post_type=product&#038;p=4045"},"modified":"2024-08-19T15:18:36","modified_gmt":"2024-08-19T12:18:36","slug":"kinkekarp-roll-on-parfuumile","status":"publish","type":"product","link":"https:\/\/hingelaegas.ee\/en\/product\/kinkekarp-roll-on-parfuumile\/","title":{"rendered":"Gift box for roll-on perfume"},"content":{"rendered":"","protected":false},"excerpt":{"rendered":"<p>Beautiful and elegant small gift box for <a href=\"https:\/\/hingelaegas.ee\/product-category\/aroomiteraapia\/eeterlike-olide-roll-on\/\">a roll-on perfume with essential oils<\/a>. Sobib ka <a href=\"https:\/\/hingelaegas.ee\/product-category\/kehahooldus\/huulepalsamid\/\">huulepalsamile<\/a> and <a href=\"https:\/\/hingelaegas.ee\/product-category\/aroomiteraapia\/eeterlikud-baasolid\/baasolid\/\">baas\u00f5li roll-onile<\/a>.<\/p>\n<p>You just pick the products, we will pack and send them to you or the gift recipient with the chosen transport.<\/p>\n<p>Dimensions of the gift box: 6 x 11.5 x 2 cm<\/p>","protected":false},"featured_media":4046,"comment_status":"open","ping_status":"closed","template":"","meta":{"_monsterinsights_skip_tracking":false,"_monsterinsights_sitenote_active":false,"_monsterinsights_sitenote_note":"","_monsterinsights_sitenote_category":0},"product_brand":[],"product_cat":[413,578],"product_tag":[519,414,320],"class_list":{"0":"post-4045","1":"product","2":"type-product","3":"status-publish","4":"has-post-thumbnail","6":"product_cat-kinkekomplektid","7":"product_cat-pakendid","8":"product_tag-kinkekarbid","9":"product_tag-kinkekomplektid","10":"product_tag-roll-on","12":"first","13":"instock","14":"taxable","15":"shipping-taxable","16":"purchasable","17":"product-type-simple"},"yoast_head":"<!-- This site is optimized with the Yoast SEO plugin v27.4 - https:\/\/yoast.com\/product\/yoast-seo-wordpress\/ -->\n<title>Kinkekarp roll-on parf\u00fc\u00fcmile - Hingelaegas<\/title>\n<meta name=\"description\" content=\"V\u00e4ike kinkekarp eeterlike \u00f5lidega roll-on parf\u00fc\u00fcmile - Sina vali vaid tooted, meie pakime ja saadame Sulle v\u00f5i kingisaajale pakiautomaati!\" \/>\n<meta name=\"robots\" content=\"index, follow, max-snippet:-1, max-image-preview:large, max-video-preview:-1\" \/>\n<link rel=\"canonical\" href=\"https:\/\/hingelaegas.ee\/en\/product\/kinkekarp-roll-on-parfuumile\/\" \/>\n<meta property=\"og:locale\" content=\"en_GB\" \/>\n<meta property=\"og:type\" content=\"article\" \/>\n<meta property=\"og:title\" content=\"Kinkekarp roll-on parf\u00fc\u00fcmile - Hingelaegas\" \/>\n<meta property=\"og:description\" content=\"V\u00e4ike kinkekarp eeterlike \u00f5lidega roll-on parf\u00fc\u00fcmile - Sina vali vaid tooted, meie pakime ja saadame Sulle v\u00f5i kingisaajale pakiautomaati!\" \/>\n<meta property=\"og:url\" content=\"https:\/\/hingelaegas.ee\/en\/product\/kinkekarp-roll-on-parfuumile\/\" \/>\n<meta property=\"og:site_name\" content=\"Hingelaegas\" \/>\n<meta property=\"article:modified_time\" content=\"2024-08-19T12:18:36+00:00\" \/>\n<meta property=\"og:image\" content=\"https:\/\/i0.wp.com\/www.hingelaegas.ee\/wp-content\/uploads\/2022\/01\/IMG_20220119_111324.jpg?fit=800%2C800&ssl=1\" \/>\n\t<meta property=\"og:image:width\" content=\"800\" \/>\n\t<meta property=\"og:image:height\" content=\"800\" \/>\n\t<meta property=\"og:image:type\" content=\"image\/jpeg\" \/>\n<meta name=\"twitter:card\" content=\"summary_large_image\" \/>\n<script type=\"application\/ld+json\" class=\"yoast-schema-graph\">{\"@context\":\"https:\\\/\\\/schema.org\",\"@graph\":[{\"@type\":\"WebPage\",\"@id\":\"https:\\\/\\\/hingelaegas.ee\\\/en\\\/product\\\/kinkekarp-roll-on-parfuumile\\\/\",\"url\":\"https:\\\/\\\/hingelaegas.ee\\\/en\\\/product\\\/kinkekarp-roll-on-parfuumile\\\/\",\"name\":\"Kinkekarp roll-on parf\u00fc\u00fcmile - Hingelaegas\",\"isPartOf\":{\"@id\":\"https:\\\/\\\/hingelaegas.ee\\\/en\\\/#website\"},\"primaryImageOfPage\":{\"@id\":\"https:\\\/\\\/hingelaegas.ee\\\/en\\\/product\\\/kinkekarp-roll-on-parfuumile\\\/#primaryimage\"},\"image\":{\"@id\":\"https:\\\/\\\/hingelaegas.ee\\\/en\\\/product\\\/kinkekarp-roll-on-parfuumile\\\/#primaryimage\"},\"thumbnailUrl\":\"https:\\\/\\\/i0.wp.com\\\/hingelaegas.ee\\\/wp-content\\\/uploads\\\/2022\\\/01\\\/IMG_20220119_111324.jpg?fit=800%2C800&ssl=1\",\"datePublished\":\"2022-01-20T11:32:09+00:00\",\"dateModified\":\"2024-08-19T12:18:36+00:00\",\"description\":\"V\u00e4ike kinkekarp eeterlike \u00f5lidega roll-on parf\u00fc\u00fcmile - Sina vali vaid tooted, meie pakime ja saadame Sulle v\u00f5i kingisaajale pakiautomaati!\",\"breadcrumb\":{\"@id\":\"https:\\\/\\\/hingelaegas.ee\\\/en\\\/product\\\/kinkekarp-roll-on-parfuumile\\\/#breadcrumb\"},\"inLanguage\":\"en-GB\",\"potentialAction\":[{\"@type\":\"ReadAction\",\"target\":[\"https:\\\/\\\/hingelaegas.ee\\\/en\\\/product\\\/kinkekarp-roll-on-parfuumile\\\/\"]}]},{\"@type\":\"ImageObject\",\"inLanguage\":\"en-GB\",\"@id\":\"https:\\\/\\\/hingelaegas.ee\\\/en\\\/product\\\/kinkekarp-roll-on-parfuumile\\\/#primaryimage\",\"url\":\"https:\\\/\\\/i0.wp.com\\\/hingelaegas.ee\\\/wp-content\\\/uploads\\\/2022\\\/01\\\/IMG_20220119_111324.jpg?fit=800%2C800&ssl=1\",\"contentUrl\":\"https:\\\/\\\/i0.wp.com\\\/hingelaegas.ee\\\/wp-content\\\/uploads\\\/2022\\\/01\\\/IMG_20220119_111324.jpg?fit=800%2C800&ssl=1\",\"width\":800,\"height\":800,\"caption\":\"Kinkekarp\"},{\"@type\":\"BreadcrumbList\",\"@id\":\"https:\\\/\\\/hingelaegas.ee\\\/en\\\/product\\\/kinkekarp-roll-on-parfuumile\\\/#breadcrumb\",\"itemListElement\":[{\"@type\":\"ListItem\",\"position\":1,\"name\":\"Home\",\"item\":\"https:\\\/\\\/hingelaegas.ee\\\/en\\\/\"},{\"@type\":\"ListItem\",\"position\":2,\"name\":\"E-POOD\",\"item\":\"https:\\\/\\\/hingelaegas.ee\\\/en\\\/e-pood\\\/\"},{\"@type\":\"ListItem\",\"position\":3,\"name\":\"Kinkekarp roll-on parf\u00fc\u00fcmile\"}]},{\"@type\":\"WebSite\",\"@id\":\"https:\\\/\\\/hingelaegas.ee\\\/en\\\/#website\",\"url\":\"https:\\\/\\\/hingelaegas.ee\\\/en\\\/\",\"name\":\"Hingelaegas\",\"description\":\"Hingele. Kehale. Vaimule.\",\"publisher\":{\"@id\":\"https:\\\/\\\/hingelaegas.ee\\\/en\\\/#organization\"},\"potentialAction\":[{\"@type\":\"SearchAction\",\"target\":{\"@type\":\"EntryPoint\",\"urlTemplate\":\"https:\\\/\\\/hingelaegas.ee\\\/en\\\/?s={search_term_string}\"},\"query-input\":{\"@type\":\"PropertyValueSpecification\",\"valueRequired\":true,\"valueName\":\"search_term_string\"}}],\"inLanguage\":\"en-GB\"},{\"@type\":\"Organization\",\"@id\":\"https:\\\/\\\/hingelaegas.ee\\\/en\\\/#organization\",\"name\":\"Hingelaegas O\u00dc\",\"url\":\"https:\\\/\\\/hingelaegas.ee\\\/en\\\/\",\"logo\":{\"@type\":\"ImageObject\",\"inLanguage\":\"en-GB\",\"@id\":\"https:\\\/\\\/hingelaegas.ee\\\/en\\\/#\\\/schema\\\/logo\\\/image\\\/\",\"url\":\"https:\\\/\\\/hingelaegas.ee\\\/wp-content\\\/uploads\\\/2020\\\/12\\\/hingelaegas_vaike.png\",\"contentUrl\":\"https:\\\/\\\/hingelaegas.ee\\\/wp-content\\\/uploads\\\/2020\\\/12\\\/hingelaegas_vaike.png\",\"width\":700,\"height\":700,\"caption\":\"Hingelaegas O\u00dc\"},\"image\":{\"@id\":\"https:\\\/\\\/hingelaegas.ee\\\/en\\\/#\\\/schema\\\/logo\\\/image\\\/\"}}]}<\/script>\n<!-- \/ Yoast SEO plugin. -->","yoast_head_json":{"title":"Kinkekarp roll-on parf\u00fc\u00fcmile - Hingelaegas","description":"V\u00e4ike kinkekarp eeterlike \u00f5lidega roll-on parf\u00fc\u00fcmile - Sina vali vaid tooted, meie pakime ja saadame Sulle v\u00f5i kingisaajale pakiautomaati!","robots":{"index":"index","follow":"follow","max-snippet":"max-snippet:-1","max-image-preview":"max-image-preview:large","max-video-preview":"max-video-preview:-1"},"canonical":"https:\/\/hingelaegas.ee\/en\/product\/kinkekarp-roll-on-parfuumile\/","og_locale":"en_GB","og_type":"article","og_title":"Kinkekarp roll-on parf\u00fc\u00fcmile - Hingelaegas","og_description":"V\u00e4ike kinkekarp eeterlike \u00f5lidega roll-on parf\u00fc\u00fcmile - Sina vali vaid tooted, meie pakime ja saadame Sulle v\u00f5i kingisaajale pakiautomaati!","og_url":"https:\/\/hingelaegas.ee\/en\/product\/kinkekarp-roll-on-parfuumile\/","og_site_name":"Hingelaegas","article_modified_time":"2024-08-19T12:18:36+00:00","og_image":[{"width":800,"height":800,"url":"https:\/\/i0.wp.com\/www.hingelaegas.ee\/wp-content\/uploads\/2022\/01\/IMG_20220119_111324.jpg?fit=800%2C800&ssl=1","type":"image\/jpeg"}],"twitter_card":"summary_large_image","schema":{"@context":"https:\/\/schema.org","@graph":[{"@type":"WebPage","@id":"https:\/\/hingelaegas.ee\/en\/product\/kinkekarp-roll-on-parfuumile\/","url":"https:\/\/hingelaegas.ee\/en\/product\/kinkekarp-roll-on-parfuumile\/","name":"Kinkekarp roll-on parf\u00fc\u00fcmile - Hingelaegas","isPartOf":{"@id":"https:\/\/hingelaegas.ee\/en\/#website"},"primaryImageOfPage":{"@id":"https:\/\/hingelaegas.ee\/en\/product\/kinkekarp-roll-on-parfuumile\/#primaryimage"},"image":{"@id":"https:\/\/hingelaegas.ee\/en\/product\/kinkekarp-roll-on-parfuumile\/#primaryimage"},"thumbnailUrl":"https:\/\/i0.wp.com\/hingelaegas.ee\/wp-content\/uploads\/2022\/01\/IMG_20220119_111324.jpg?fit=800%2C800&ssl=1","datePublished":"2022-01-20T11:32:09+00:00","dateModified":"2024-08-19T12:18:36+00:00","description":"V\u00e4ike kinkekarp eeterlike \u00f5lidega roll-on parf\u00fc\u00fcmile - Sina vali vaid tooted, meie pakime ja saadame Sulle v\u00f5i kingisaajale pakiautomaati!","breadcrumb":{"@id":"https:\/\/hingelaegas.ee\/en\/product\/kinkekarp-roll-on-parfuumile\/#breadcrumb"},"inLanguage":"en-GB","potentialAction":[{"@type":"ReadAction","target":["https:\/\/hingelaegas.ee\/en\/product\/kinkekarp-roll-on-parfuumile\/"]}]},{"@type":"ImageObject","inLanguage":"en-GB","@id":"https:\/\/hingelaegas.ee\/en\/product\/kinkekarp-roll-on-parfuumile\/#primaryimage","url":"https:\/\/i0.wp.com\/hingelaegas.ee\/wp-content\/uploads\/2022\/01\/IMG_20220119_111324.jpg?fit=800%2C800&ssl=1","contentUrl":"https:\/\/i0.wp.com\/hingelaegas.ee\/wp-content\/uploads\/2022\/01\/IMG_20220119_111324.jpg?fit=800%2C800&ssl=1","width":800,"height":800,"caption":"Kinkekarp"},{"@type":"BreadcrumbList","@id":"https:\/\/hingelaegas.ee\/en\/product\/kinkekarp-roll-on-parfuumile\/#breadcrumb","itemListElement":[{"@type":"ListItem","position":1,"name":"Home","item":"https:\/\/hingelaegas.ee\/en\/"},{"@type":"ListItem","position":2,"name":"E-POOD","item":"https:\/\/hingelaegas.ee\/en\/e-pood\/"},{"@type":"ListItem","position":3,"name":"Kinkekarp roll-on parf\u00fc\u00fcmile"}]},{"@type":"WebSite","@id":"https:\/\/hingelaegas.ee\/en\/#website","url":"https:\/\/hingelaegas.ee\/en\/","name":"Hingelaegas","description":"For Soul. For Body. For Mind.","publisher":{"@id":"https:\/\/hingelaegas.ee\/en\/#organization"},"potentialAction":[{"@type":"SearchAction","target":{"@type":"EntryPoint","urlTemplate":"https:\/\/hingelaegas.ee\/en\/?s={search_term_string}"},"query-input":{"@type":"PropertyValueSpecification","valueRequired":true,"valueName":"search_term_string"}}],"inLanguage":"en-GB"},{"@type":"Organization","@id":"https:\/\/hingelaegas.ee\/en\/#organization","name":"Hingelaegas O\u00dc","url":"https:\/\/hingelaegas.ee\/en\/","logo":{"@type":"ImageObject","inLanguage":"en-GB","@id":"https:\/\/hingelaegas.ee\/en\/#\/schema\/logo\/image\/","url":"https:\/\/hingelaegas.ee\/wp-content\/uploads\/2020\/12\/hingelaegas_vaike.png","contentUrl":"https:\/\/hingelaegas.ee\/wp-content\/uploads\/2020\/12\/hingelaegas_vaike.png","width":700,"height":700,"caption":"Hingelaegas O\u00dc"},"image":{"@id":"https:\/\/hingelaegas.ee\/en\/#\/schema\/logo\/image\/"}}]}},"acf":[],"jetpack_likes_enabled":false,"jetpack_sharing_enabled":true,"_links":{"self":[{"href":"https:\/\/hingelaegas.ee\/en\/wp-json\/wp\/v2\/product\/4045","targetHints":{"allow":["GET"]}}],"collection":[{"href":"https:\/\/hingelaegas.ee\/en\/wp-json\/wp\/v2\/product"}],"about":[{"href":"https:\/\/hingelaegas.ee\/en\/wp-json\/wp\/v2\/types\/product"}],"replies":[{"embeddable":true,"href":"https:\/\/hingelaegas.ee\/en\/wp-json\/wp\/v2\/comments?post=4045"}],"wp:featuredmedia":[{"embeddable":true,"href":"https:\/\/hingelaegas.ee\/en\/wp-json\/wp\/v2\/media\/4046"}],"wp:attachment":[{"href":"https:\/\/hingelaegas.ee\/en\/wp-json\/wp\/v2\/media?parent=4045"}],"wp:term":[{"taxonomy":"product_brand","embeddable":true,"href":"https:\/\/hingelaegas.ee\/en\/wp-json\/wp\/v2\/product_brand?post=4045"},{"taxonomy":"product_cat","embeddable":true,"href":"https:\/\/hingelaegas.ee\/en\/wp-json\/wp\/v2\/product_cat?post=4045"},{"taxonomy":"product_tag","embeddable":true,"href":"https:\/\/hingelaegas.ee\/en\/wp-json\/wp\/v2\/product_tag?post=4045"}],"curies":[{"name":"wp","href":"https:\/\/api.w.org\/{rel}","templated":true}]}}