{"id":4096,"date":"2022-02-02T11:15:07","date_gmt":"2022-02-02T09:15:07","guid":{"rendered":"https:\/\/hingelaegas.ee\/?post_type=product&#038;p=4096"},"modified":"2024-08-12T12:09:28","modified_gmt":"2024-08-12T09:09:28","slug":"korvarongad-leheke-hobe-925","status":"publish","type":"product","link":"https:\/\/hingelaegas.ee\/en\/product\/korvarongad-leheke-hobe-925\/","title":{"rendered":"Earrings \u201cLeaf\u201d, sterling silver (925)"},"content":{"rendered":"<p>Leaf-shaped silver earrings that fit perfectly with various necklace pendants by Hingelaegas. Silver is a great healer, especially when in direct contact with the skin.<\/p>","protected":false},"excerpt":{"rendered":"<p><!-- wp:paragraph --><\/p>\n<p><!-- \/wp:paragraph --><\/p>\n<p>Leaf-shaped silver earrings that fit perfectly with various necklace pendants by Hingelaegas.<\/p>\n<ul>\n<li>Handcrafted by Hingelaegas<\/li>\n<li>Material: sterling silver (925)<\/li>\n<li>Length of earring: approx. 35-36 mm, width: 13 mm<\/li>\n<li>Weight (pair): 2.0 g<\/li>\n<li>Jewelry is delivered in a cream-colored <strong>velvet gift bag<\/strong><\/li>\n<\/ul>","protected":false},"featured_media":4122,"comment_status":"open","ping_status":"closed","template":"","meta":{"_monsterinsights_skip_tracking":false,"_monsterinsights_sitenote_active":false,"_monsterinsights_sitenote_note":"","_monsterinsights_sitenote_category":0},"product_brand":[],"product_cat":[80],"product_tag":[303,301,309,526,523,524,77],"class_list":{"0":"post-4096","1":"product","2":"type-product","3":"status-publish","4":"has-post-thumbnail","6":"product_cat-hobedast-kasitooehted","7":"product_tag-hobe-925","8":"product_tag-kasitooehted","9":"product_tag-korvarongad","10":"product_tag-leheke","11":"product_tag-orhidee","12":"product_tag-piibeleht","13":"product_tag-reiki","15":"first","16":"instock","17":"taxable","18":"shipping-taxable","19":"purchasable","20":"product-type-simple"},"yoast_head":"<!-- This site is optimized with the Yoast SEO plugin v27.3 - https:\/\/yoast.com\/product\/yoast-seo-wordpress\/ -->\n<title>K\u00f5rvar\u00f5ngad &quot;Leheke&quot;, h\u00f5be 925 - Hingelaegas<\/title>\n<meta name=\"description\" content=\"Lehekesekujulised h\u00f5bek\u00f5rvar\u00f5ngad, mis sobivad suurep\u00e4raselt erinevate Hingelaegas kaelaripatsitega. H\u00f5be on suurep\u00e4rane tervendaja, eriti kui ta on kehaga otseses kontaktis.\" \/>\n<meta name=\"robots\" content=\"index, follow, max-snippet:-1, max-image-preview:large, max-video-preview:-1\" \/>\n<link rel=\"canonical\" href=\"https:\/\/hingelaegas.ee\/en\/product\/korvarongad-leheke-hobe-925\/\" \/>\n<meta property=\"og:locale\" content=\"en_GB\" \/>\n<meta property=\"og:type\" content=\"article\" \/>\n<meta property=\"og:title\" content=\"K\u00f5rvar\u00f5ngad &quot;Leheke&quot;, h\u00f5be 925 - Hingelaegas\" \/>\n<meta property=\"og:description\" content=\"Lehekesekujulised h\u00f5bek\u00f5rvar\u00f5ngad, mis sobivad suurep\u00e4raselt erinevate Hingelaegas kaelaripatsitega. H\u00f5be on suurep\u00e4rane tervendaja, eriti kui ta on kehaga otseses kontaktis.\" \/>\n<meta property=\"og:url\" content=\"https:\/\/hingelaegas.ee\/en\/product\/korvarongad-leheke-hobe-925\/\" \/>\n<meta property=\"og:site_name\" content=\"Hingelaegas\" \/>\n<meta property=\"article:modified_time\" content=\"2024-08-12T09:09:28+00:00\" \/>\n<meta property=\"og:image\" content=\"https:\/\/i0.wp.com\/www.hingelaegas.ee\/wp-content\/uploads\/2022\/02\/korvarongad-leheke-3.jpg?fit=800%2C798&ssl=1\" \/>\n\t<meta property=\"og:image:width\" content=\"800\" \/>\n\t<meta property=\"og:image:height\" content=\"798\" \/>\n\t<meta property=\"og:image:type\" content=\"image\/jpeg\" \/>\n<meta name=\"twitter:card\" content=\"summary_large_image\" \/>\n<script type=\"application\/ld+json\" class=\"yoast-schema-graph\">{\"@context\":\"https:\\\/\\\/schema.org\",\"@graph\":[{\"@type\":\"WebPage\",\"@id\":\"https:\\\/\\\/hingelaegas.ee\\\/product\\\/korvarongad-leheke-hobe-925\\\/\",\"url\":\"https:\\\/\\\/hingelaegas.ee\\\/product\\\/korvarongad-leheke-hobe-925\\\/\",\"name\":\"K\u00f5rvar\u00f5ngad \\\"Leheke\\\", h\u00f5be 925 - Hingelaegas\",\"isPartOf\":{\"@id\":\"https:\\\/\\\/www.hingelaegas.ee\\\/en\\\/#website\"},\"primaryImageOfPage\":{\"@id\":\"https:\\\/\\\/hingelaegas.ee\\\/product\\\/korvarongad-leheke-hobe-925\\\/#primaryimage\"},\"image\":{\"@id\":\"https:\\\/\\\/hingelaegas.ee\\\/product\\\/korvarongad-leheke-hobe-925\\\/#primaryimage\"},\"thumbnailUrl\":\"https:\\\/\\\/i0.wp.com\\\/hingelaegas.ee\\\/wp-content\\\/uploads\\\/2022\\\/02\\\/korvarongad-leheke-3.jpg?fit=800%2C798&ssl=1\",\"datePublished\":\"2022-02-02T09:15:07+00:00\",\"dateModified\":\"2024-08-12T09:09:28+00:00\",\"description\":\"Lehekesekujulised h\u00f5bek\u00f5rvar\u00f5ngad, mis sobivad suurep\u00e4raselt erinevate Hingelaegas kaelaripatsitega. H\u00f5be on suurep\u00e4rane tervendaja, eriti kui ta on kehaga otseses kontaktis.\",\"breadcrumb\":{\"@id\":\"https:\\\/\\\/hingelaegas.ee\\\/product\\\/korvarongad-leheke-hobe-925\\\/#breadcrumb\"},\"inLanguage\":\"en-GB\",\"potentialAction\":[{\"@type\":\"ReadAction\",\"target\":[\"https:\\\/\\\/hingelaegas.ee\\\/product\\\/korvarongad-leheke-hobe-925\\\/\"]}]},{\"@type\":\"ImageObject\",\"inLanguage\":\"en-GB\",\"@id\":\"https:\\\/\\\/hingelaegas.ee\\\/product\\\/korvarongad-leheke-hobe-925\\\/#primaryimage\",\"url\":\"https:\\\/\\\/i0.wp.com\\\/hingelaegas.ee\\\/wp-content\\\/uploads\\\/2022\\\/02\\\/korvarongad-leheke-3.jpg?fit=800%2C798&ssl=1\",\"contentUrl\":\"https:\\\/\\\/i0.wp.com\\\/hingelaegas.ee\\\/wp-content\\\/uploads\\\/2022\\\/02\\\/korvarongad-leheke-3.jpg?fit=800%2C798&ssl=1\",\"width\":800,\"height\":798,\"caption\":\"dav_vivi\"},{\"@type\":\"BreadcrumbList\",\"@id\":\"https:\\\/\\\/hingelaegas.ee\\\/product\\\/korvarongad-leheke-hobe-925\\\/#breadcrumb\",\"itemListElement\":[{\"@type\":\"ListItem\",\"position\":1,\"name\":\"Home\",\"item\":\"https:\\\/\\\/www.hingelaegas.ee\\\/en\\\/\"},{\"@type\":\"ListItem\",\"position\":2,\"name\":\"E-POOD\",\"item\":\"https:\\\/\\\/www.hingelaegas.ee\\\/en\\\/e-pood\\\/\"},{\"@type\":\"ListItem\",\"position\":3,\"name\":\"K\u00f5rvar\u00f5ngad &#8220;Leheke&#8221;, h\u00f5be 925\"}]},{\"@type\":\"WebSite\",\"@id\":\"https:\\\/\\\/www.hingelaegas.ee\\\/en\\\/#website\",\"url\":\"https:\\\/\\\/www.hingelaegas.ee\\\/en\\\/\",\"name\":\"Hingelaegas\",\"description\":\"Hingele. Kehale. Vaimule.\",\"publisher\":{\"@id\":\"https:\\\/\\\/www.hingelaegas.ee\\\/en\\\/#organization\"},\"potentialAction\":[{\"@type\":\"SearchAction\",\"target\":{\"@type\":\"EntryPoint\",\"urlTemplate\":\"https:\\\/\\\/www.hingelaegas.ee\\\/en\\\/?s={search_term_string}\"},\"query-input\":{\"@type\":\"PropertyValueSpecification\",\"valueRequired\":true,\"valueName\":\"search_term_string\"}}],\"inLanguage\":\"en-GB\"},{\"@type\":\"Organization\",\"@id\":\"https:\\\/\\\/www.hingelaegas.ee\\\/en\\\/#organization\",\"name\":\"Hingelaegas O\u00dc\",\"url\":\"https:\\\/\\\/www.hingelaegas.ee\\\/en\\\/\",\"logo\":{\"@type\":\"ImageObject\",\"inLanguage\":\"en-GB\",\"@id\":\"https:\\\/\\\/www.hingelaegas.ee\\\/en\\\/#\\\/schema\\\/logo\\\/image\\\/\",\"url\":\"https:\\\/\\\/hingelaegas.ee\\\/wp-content\\\/uploads\\\/2020\\\/12\\\/hingelaegas_vaike.png\",\"contentUrl\":\"https:\\\/\\\/hingelaegas.ee\\\/wp-content\\\/uploads\\\/2020\\\/12\\\/hingelaegas_vaike.png\",\"width\":700,\"height\":700,\"caption\":\"Hingelaegas O\u00dc\"},\"image\":{\"@id\":\"https:\\\/\\\/www.hingelaegas.ee\\\/en\\\/#\\\/schema\\\/logo\\\/image\\\/\"}}]}<\/script>\n<!-- \/ Yoast SEO plugin. -->","yoast_head_json":{"title":"K\u00f5rvar\u00f5ngad \"Leheke\", h\u00f5be 925 - Hingelaegas","description":"Leaf-shaped silver earrings that fit perfectly with various necklace pendants by Hingelaegas. Silver is a great healer, especially when in direct contact with the skin.","robots":{"index":"index","follow":"follow","max-snippet":"max-snippet:-1","max-image-preview":"max-image-preview:large","max-video-preview":"max-video-preview:-1"},"canonical":"https:\/\/hingelaegas.ee\/en\/product\/korvarongad-leheke-hobe-925\/","og_locale":"en_GB","og_type":"article","og_title":"K\u00f5rvar\u00f5ngad \"Leheke\", h\u00f5be 925 - Hingelaegas","og_description":"Lehekesekujulised h\u00f5bek\u00f5rvar\u00f5ngad, mis sobivad suurep\u00e4raselt erinevate Hingelaegas kaelaripatsitega. H\u00f5be on suurep\u00e4rane tervendaja, eriti kui ta on kehaga otseses kontaktis.","og_url":"https:\/\/hingelaegas.ee\/en\/product\/korvarongad-leheke-hobe-925\/","og_site_name":"Hingelaegas","article_modified_time":"2024-08-12T09:09:28+00:00","og_image":[{"width":800,"height":798,"url":"https:\/\/i0.wp.com\/www.hingelaegas.ee\/wp-content\/uploads\/2022\/02\/korvarongad-leheke-3.jpg?fit=800%2C798&ssl=1","type":"image\/jpeg"}],"twitter_card":"summary_large_image","schema":{"@context":"https:\/\/schema.org","@graph":[{"@type":"WebPage","@id":"https:\/\/hingelaegas.ee\/product\/korvarongad-leheke-hobe-925\/","url":"https:\/\/hingelaegas.ee\/product\/korvarongad-leheke-hobe-925\/","name":"K\u00f5rvar\u00f5ngad \"Leheke\", h\u00f5be 925 - Hingelaegas","isPartOf":{"@id":"https:\/\/www.hingelaegas.ee\/en\/#website"},"primaryImageOfPage":{"@id":"https:\/\/hingelaegas.ee\/product\/korvarongad-leheke-hobe-925\/#primaryimage"},"image":{"@id":"https:\/\/hingelaegas.ee\/product\/korvarongad-leheke-hobe-925\/#primaryimage"},"thumbnailUrl":"https:\/\/i0.wp.com\/hingelaegas.ee\/wp-content\/uploads\/2022\/02\/korvarongad-leheke-3.jpg?fit=800%2C798&ssl=1","datePublished":"2022-02-02T09:15:07+00:00","dateModified":"2024-08-12T09:09:28+00:00","description":"Leaf-shaped silver earrings that fit perfectly with various necklace pendants by Hingelaegas. Silver is a great healer, especially when in direct contact with the skin.","breadcrumb":{"@id":"https:\/\/hingelaegas.ee\/product\/korvarongad-leheke-hobe-925\/#breadcrumb"},"inLanguage":"en-GB","potentialAction":[{"@type":"ReadAction","target":["https:\/\/hingelaegas.ee\/product\/korvarongad-leheke-hobe-925\/"]}]},{"@type":"ImageObject","inLanguage":"en-GB","@id":"https:\/\/hingelaegas.ee\/product\/korvarongad-leheke-hobe-925\/#primaryimage","url":"https:\/\/i0.wp.com\/hingelaegas.ee\/wp-content\/uploads\/2022\/02\/korvarongad-leheke-3.jpg?fit=800%2C798&ssl=1","contentUrl":"https:\/\/i0.wp.com\/hingelaegas.ee\/wp-content\/uploads\/2022\/02\/korvarongad-leheke-3.jpg?fit=800%2C798&ssl=1","width":800,"height":798,"caption":"dav_vivi"},{"@type":"BreadcrumbList","@id":"https:\/\/hingelaegas.ee\/product\/korvarongad-leheke-hobe-925\/#breadcrumb","itemListElement":[{"@type":"ListItem","position":1,"name":"Home","item":"https:\/\/www.hingelaegas.ee\/en\/"},{"@type":"ListItem","position":2,"name":"E-POOD","item":"https:\/\/www.hingelaegas.ee\/en\/e-pood\/"},{"@type":"ListItem","position":3,"name":"K\u00f5rvar\u00f5ngad &#8220;Leheke&#8221;, h\u00f5be 925"}]},{"@type":"WebSite","@id":"https:\/\/www.hingelaegas.ee\/en\/#website","url":"https:\/\/www.hingelaegas.ee\/en\/","name":"Hingelaegas","description":"For Soul. For Body. For Mind.","publisher":{"@id":"https:\/\/www.hingelaegas.ee\/en\/#organization"},"potentialAction":[{"@type":"SearchAction","target":{"@type":"EntryPoint","urlTemplate":"https:\/\/www.hingelaegas.ee\/en\/?s={search_term_string}"},"query-input":{"@type":"PropertyValueSpecification","valueRequired":true,"valueName":"search_term_string"}}],"inLanguage":"en-GB"},{"@type":"Organization","@id":"https:\/\/www.hingelaegas.ee\/en\/#organization","name":"Hingelaegas O\u00dc","url":"https:\/\/www.hingelaegas.ee\/en\/","logo":{"@type":"ImageObject","inLanguage":"en-GB","@id":"https:\/\/www.hingelaegas.ee\/en\/#\/schema\/logo\/image\/","url":"https:\/\/hingelaegas.ee\/wp-content\/uploads\/2020\/12\/hingelaegas_vaike.png","contentUrl":"https:\/\/hingelaegas.ee\/wp-content\/uploads\/2020\/12\/hingelaegas_vaike.png","width":700,"height":700,"caption":"Hingelaegas O\u00dc"},"image":{"@id":"https:\/\/www.hingelaegas.ee\/en\/#\/schema\/logo\/image\/"}}]}},"acf":[],"jetpack_likes_enabled":false,"jetpack_sharing_enabled":true,"_links":{"self":[{"href":"https:\/\/hingelaegas.ee\/en\/wp-json\/wp\/v2\/product\/4096","targetHints":{"allow":["GET"]}}],"collection":[{"href":"https:\/\/hingelaegas.ee\/en\/wp-json\/wp\/v2\/product"}],"about":[{"href":"https:\/\/hingelaegas.ee\/en\/wp-json\/wp\/v2\/types\/product"}],"replies":[{"embeddable":true,"href":"https:\/\/hingelaegas.ee\/en\/wp-json\/wp\/v2\/comments?post=4096"}],"wp:featuredmedia":[{"embeddable":true,"href":"https:\/\/hingelaegas.ee\/en\/wp-json\/wp\/v2\/media\/4122"}],"wp:attachment":[{"href":"https:\/\/hingelaegas.ee\/en\/wp-json\/wp\/v2\/media?parent=4096"}],"wp:term":[{"taxonomy":"product_brand","embeddable":true,"href":"https:\/\/hingelaegas.ee\/en\/wp-json\/wp\/v2\/product_brand?post=4096"},{"taxonomy":"product_cat","embeddable":true,"href":"https:\/\/hingelaegas.ee\/en\/wp-json\/wp\/v2\/product_cat?post=4096"},{"taxonomy":"product_tag","embeddable":true,"href":"https:\/\/hingelaegas.ee\/en\/wp-json\/wp\/v2\/product_tag?post=4096"}],"curies":[{"name":"wp","href":"https:\/\/api.w.org\/{rel}","templated":true}]}}