{"id":4360,"date":"2022-06-08T12:11:44","date_gmt":"2022-06-08T10:11:44","guid":{"rendered":"https:\/\/hingelaegas.ee\/?post_type=product&#038;p=4360"},"modified":"2024-08-30T18:38:12","modified_gmt":"2024-08-30T15:38:12","slug":"klaasist-teekuunlaalus","status":"publish","type":"product","link":"https:\/\/hingelaegas.ee\/en\/product\/klaasist-teekuunlaalus\/","title":{"rendered":"Tealight holder, glass"},"content":{"rendered":"","protected":false},"excerpt":{"rendered":"<p>A glass tealight holder in which you can place ready-made tealights or use it as a mold to make new tealights.<\/p>\n<p><strong>Sizes: <\/strong>diameter 45 mm, height 26 mm<\/p>\n<p><strong>Volume:<\/strong> 10 ml<\/p>\n<p><strong>Weight:<\/strong> 29 g<\/p>","protected":false},"featured_media":4361,"comment_status":"open","ping_status":"closed","template":"","meta":{"_monsterinsights_skip_tracking":false,"_monsterinsights_sitenote_active":false,"_monsterinsights_sitenote_note":"","_monsterinsights_sitenote_category":0},"product_brand":[],"product_cat":[164,578],"product_tag":[183,185,579],"class_list":{"0":"post-4360","1":"product","2":"type-product","3":"status-publish","4":"has-post-thumbnail","6":"product_cat-kuunlahoidjad","7":"product_cat-pakendid","8":"product_tag-kodusisustus","9":"product_tag-kuunlahoidjad","10":"product_tag-pakendid","12":"first","13":"instock","14":"taxable","15":"shipping-taxable","16":"purchasable","17":"product-type-simple"},"yoast_head":"<!-- This site is optimized with the Yoast SEO plugin v27.3 - https:\/\/yoast.com\/product\/yoast-seo-wordpress\/ -->\n<title>Klaasist teek\u00fc\u00fcnlaalus - Hingelaegas<\/title>\n<meta name=\"description\" content=\"Klaasist teek\u00fc\u00fcnlaalus, millesse saad asetada valmis teek\u00fc\u00fcnlad v\u00f5i kasutada vormina ise teek\u00fc\u00fcnalde valmistamiseks.\" \/>\n<meta name=\"robots\" content=\"index, follow, max-snippet:-1, max-image-preview:large, max-video-preview:-1\" \/>\n<link rel=\"canonical\" href=\"https:\/\/hingelaegas.ee\/en\/product\/klaasist-teekuunlaalus\/\" \/>\n<meta property=\"og:locale\" content=\"en_GB\" \/>\n<meta property=\"og:type\" content=\"article\" \/>\n<meta property=\"og:title\" content=\"Klaasist teek\u00fc\u00fcnlaalus - Hingelaegas\" \/>\n<meta property=\"og:description\" content=\"Klaasist teek\u00fc\u00fcnlaalus, millesse saad asetada valmis teek\u00fc\u00fcnlad v\u00f5i kasutada vormina ise teek\u00fc\u00fcnalde valmistamiseks.\" \/>\n<meta property=\"og:url\" content=\"https:\/\/hingelaegas.ee\/en\/product\/klaasist-teekuunlaalus\/\" \/>\n<meta property=\"og:site_name\" content=\"Hingelaegas\" \/>\n<meta property=\"article:modified_time\" content=\"2024-08-30T15:38:12+00:00\" \/>\n<meta property=\"og:image\" content=\"https:\/\/i0.wp.com\/hingelaegas.ee\/wp-content\/uploads\/2022\/06\/teekuunlaalus_klaasist-e1654679811130.jpg?fit=300%2C300&ssl=1\" \/>\n\t<meta property=\"og:image:width\" content=\"300\" \/>\n\t<meta property=\"og:image:height\" content=\"300\" \/>\n\t<meta property=\"og:image:type\" content=\"image\/jpeg\" \/>\n<meta name=\"twitter:card\" content=\"summary_large_image\" \/>\n<script type=\"application\/ld+json\" class=\"yoast-schema-graph\">{\"@context\":\"https:\\\/\\\/schema.org\",\"@graph\":[{\"@type\":\"WebPage\",\"@id\":\"https:\\\/\\\/hingelaegas.ee\\\/product\\\/klaasist-teekuunlaalus\\\/\",\"url\":\"https:\\\/\\\/hingelaegas.ee\\\/product\\\/klaasist-teekuunlaalus\\\/\",\"name\":\"Klaasist teek\u00fc\u00fcnlaalus - Hingelaegas\",\"isPartOf\":{\"@id\":\"https:\\\/\\\/www.hingelaegas.ee\\\/en\\\/#website\"},\"primaryImageOfPage\":{\"@id\":\"https:\\\/\\\/hingelaegas.ee\\\/product\\\/klaasist-teekuunlaalus\\\/#primaryimage\"},\"image\":{\"@id\":\"https:\\\/\\\/hingelaegas.ee\\\/product\\\/klaasist-teekuunlaalus\\\/#primaryimage\"},\"thumbnailUrl\":\"https:\\\/\\\/i0.wp.com\\\/hingelaegas.ee\\\/wp-content\\\/uploads\\\/2022\\\/06\\\/teekuunlaalus_klaasist-e1654679811130.jpg?fit=300%2C300&ssl=1\",\"datePublished\":\"2022-06-08T10:11:44+00:00\",\"dateModified\":\"2024-08-30T15:38:12+00:00\",\"description\":\"Klaasist teek\u00fc\u00fcnlaalus, millesse saad asetada valmis teek\u00fc\u00fcnlad v\u00f5i kasutada vormina ise teek\u00fc\u00fcnalde valmistamiseks.\",\"breadcrumb\":{\"@id\":\"https:\\\/\\\/hingelaegas.ee\\\/product\\\/klaasist-teekuunlaalus\\\/#breadcrumb\"},\"inLanguage\":\"en-GB\",\"potentialAction\":[{\"@type\":\"ReadAction\",\"target\":[\"https:\\\/\\\/hingelaegas.ee\\\/product\\\/klaasist-teekuunlaalus\\\/\"]}]},{\"@type\":\"ImageObject\",\"inLanguage\":\"en-GB\",\"@id\":\"https:\\\/\\\/hingelaegas.ee\\\/product\\\/klaasist-teekuunlaalus\\\/#primaryimage\",\"url\":\"https:\\\/\\\/i0.wp.com\\\/hingelaegas.ee\\\/wp-content\\\/uploads\\\/2022\\\/06\\\/teekuunlaalus_klaasist-e1654679811130.jpg?fit=300%2C300&ssl=1\",\"contentUrl\":\"https:\\\/\\\/i0.wp.com\\\/hingelaegas.ee\\\/wp-content\\\/uploads\\\/2022\\\/06\\\/teekuunlaalus_klaasist-e1654679811130.jpg?fit=300%2C300&ssl=1\",\"width\":300,\"height\":300},{\"@type\":\"BreadcrumbList\",\"@id\":\"https:\\\/\\\/hingelaegas.ee\\\/product\\\/klaasist-teekuunlaalus\\\/#breadcrumb\",\"itemListElement\":[{\"@type\":\"ListItem\",\"position\":1,\"name\":\"Home\",\"item\":\"https:\\\/\\\/www.hingelaegas.ee\\\/en\\\/\"},{\"@type\":\"ListItem\",\"position\":2,\"name\":\"E-POOD\",\"item\":\"https:\\\/\\\/www.hingelaegas.ee\\\/en\\\/e-pood\\\/\"},{\"@type\":\"ListItem\",\"position\":3,\"name\":\"Klaasist teek\u00fc\u00fcnlaalus\"}]},{\"@type\":\"WebSite\",\"@id\":\"https:\\\/\\\/www.hingelaegas.ee\\\/en\\\/#website\",\"url\":\"https:\\\/\\\/www.hingelaegas.ee\\\/en\\\/\",\"name\":\"Hingelaegas\",\"description\":\"Hingele. Kehale. Vaimule.\",\"publisher\":{\"@id\":\"https:\\\/\\\/www.hingelaegas.ee\\\/en\\\/#organization\"},\"potentialAction\":[{\"@type\":\"SearchAction\",\"target\":{\"@type\":\"EntryPoint\",\"urlTemplate\":\"https:\\\/\\\/www.hingelaegas.ee\\\/en\\\/?s={search_term_string}\"},\"query-input\":{\"@type\":\"PropertyValueSpecification\",\"valueRequired\":true,\"valueName\":\"search_term_string\"}}],\"inLanguage\":\"en-GB\"},{\"@type\":\"Organization\",\"@id\":\"https:\\\/\\\/www.hingelaegas.ee\\\/en\\\/#organization\",\"name\":\"Hingelaegas O\u00dc\",\"url\":\"https:\\\/\\\/www.hingelaegas.ee\\\/en\\\/\",\"logo\":{\"@type\":\"ImageObject\",\"inLanguage\":\"en-GB\",\"@id\":\"https:\\\/\\\/www.hingelaegas.ee\\\/en\\\/#\\\/schema\\\/logo\\\/image\\\/\",\"url\":\"https:\\\/\\\/hingelaegas.ee\\\/wp-content\\\/uploads\\\/2020\\\/12\\\/hingelaegas_vaike.png\",\"contentUrl\":\"https:\\\/\\\/hingelaegas.ee\\\/wp-content\\\/uploads\\\/2020\\\/12\\\/hingelaegas_vaike.png\",\"width\":700,\"height\":700,\"caption\":\"Hingelaegas O\u00dc\"},\"image\":{\"@id\":\"https:\\\/\\\/www.hingelaegas.ee\\\/en\\\/#\\\/schema\\\/logo\\\/image\\\/\"}}]}<\/script>\n<!-- \/ Yoast SEO plugin. -->","yoast_head_json":{"title":"Klaasist teek\u00fc\u00fcnlaalus - Hingelaegas","description":"A glass tealight holder in which you can place ready-made tealights or use it as a mold to make new tealights.","robots":{"index":"index","follow":"follow","max-snippet":"max-snippet:-1","max-image-preview":"max-image-preview:large","max-video-preview":"max-video-preview:-1"},"canonical":"https:\/\/hingelaegas.ee\/en\/product\/klaasist-teekuunlaalus\/","og_locale":"en_GB","og_type":"article","og_title":"Klaasist teek\u00fc\u00fcnlaalus - Hingelaegas","og_description":"Klaasist teek\u00fc\u00fcnlaalus, millesse saad asetada valmis teek\u00fc\u00fcnlad v\u00f5i kasutada vormina ise teek\u00fc\u00fcnalde valmistamiseks.","og_url":"https:\/\/hingelaegas.ee\/en\/product\/klaasist-teekuunlaalus\/","og_site_name":"Hingelaegas","article_modified_time":"2024-08-30T15:38:12+00:00","og_image":[{"width":300,"height":300,"url":"https:\/\/i0.wp.com\/hingelaegas.ee\/wp-content\/uploads\/2022\/06\/teekuunlaalus_klaasist-e1654679811130.jpg?fit=300%2C300&ssl=1","type":"image\/jpeg"}],"twitter_card":"summary_large_image","schema":{"@context":"https:\/\/schema.org","@graph":[{"@type":"WebPage","@id":"https:\/\/hingelaegas.ee\/product\/klaasist-teekuunlaalus\/","url":"https:\/\/hingelaegas.ee\/product\/klaasist-teekuunlaalus\/","name":"Klaasist teek\u00fc\u00fcnlaalus - Hingelaegas","isPartOf":{"@id":"https:\/\/www.hingelaegas.ee\/en\/#website"},"primaryImageOfPage":{"@id":"https:\/\/hingelaegas.ee\/product\/klaasist-teekuunlaalus\/#primaryimage"},"image":{"@id":"https:\/\/hingelaegas.ee\/product\/klaasist-teekuunlaalus\/#primaryimage"},"thumbnailUrl":"https:\/\/i0.wp.com\/hingelaegas.ee\/wp-content\/uploads\/2022\/06\/teekuunlaalus_klaasist-e1654679811130.jpg?fit=300%2C300&ssl=1","datePublished":"2022-06-08T10:11:44+00:00","dateModified":"2024-08-30T15:38:12+00:00","description":"A glass tealight holder in which you can place ready-made tealights or use it as a mold to make new tealights.","breadcrumb":{"@id":"https:\/\/hingelaegas.ee\/product\/klaasist-teekuunlaalus\/#breadcrumb"},"inLanguage":"en-GB","potentialAction":[{"@type":"ReadAction","target":["https:\/\/hingelaegas.ee\/product\/klaasist-teekuunlaalus\/"]}]},{"@type":"ImageObject","inLanguage":"en-GB","@id":"https:\/\/hingelaegas.ee\/product\/klaasist-teekuunlaalus\/#primaryimage","url":"https:\/\/i0.wp.com\/hingelaegas.ee\/wp-content\/uploads\/2022\/06\/teekuunlaalus_klaasist-e1654679811130.jpg?fit=300%2C300&ssl=1","contentUrl":"https:\/\/i0.wp.com\/hingelaegas.ee\/wp-content\/uploads\/2022\/06\/teekuunlaalus_klaasist-e1654679811130.jpg?fit=300%2C300&ssl=1","width":300,"height":300},{"@type":"BreadcrumbList","@id":"https:\/\/hingelaegas.ee\/product\/klaasist-teekuunlaalus\/#breadcrumb","itemListElement":[{"@type":"ListItem","position":1,"name":"Home","item":"https:\/\/www.hingelaegas.ee\/en\/"},{"@type":"ListItem","position":2,"name":"E-POOD","item":"https:\/\/www.hingelaegas.ee\/en\/e-pood\/"},{"@type":"ListItem","position":3,"name":"Klaasist teek\u00fc\u00fcnlaalus"}]},{"@type":"WebSite","@id":"https:\/\/www.hingelaegas.ee\/en\/#website","url":"https:\/\/www.hingelaegas.ee\/en\/","name":"Hingelaegas","description":"For Soul. For Body. For Mind.","publisher":{"@id":"https:\/\/www.hingelaegas.ee\/en\/#organization"},"potentialAction":[{"@type":"SearchAction","target":{"@type":"EntryPoint","urlTemplate":"https:\/\/www.hingelaegas.ee\/en\/?s={search_term_string}"},"query-input":{"@type":"PropertyValueSpecification","valueRequired":true,"valueName":"search_term_string"}}],"inLanguage":"en-GB"},{"@type":"Organization","@id":"https:\/\/www.hingelaegas.ee\/en\/#organization","name":"Hingelaegas O\u00dc","url":"https:\/\/www.hingelaegas.ee\/en\/","logo":{"@type":"ImageObject","inLanguage":"en-GB","@id":"https:\/\/www.hingelaegas.ee\/en\/#\/schema\/logo\/image\/","url":"https:\/\/hingelaegas.ee\/wp-content\/uploads\/2020\/12\/hingelaegas_vaike.png","contentUrl":"https:\/\/hingelaegas.ee\/wp-content\/uploads\/2020\/12\/hingelaegas_vaike.png","width":700,"height":700,"caption":"Hingelaegas O\u00dc"},"image":{"@id":"https:\/\/www.hingelaegas.ee\/en\/#\/schema\/logo\/image\/"}}]}},"acf":[],"jetpack_likes_enabled":false,"jetpack_sharing_enabled":true,"_links":{"self":[{"href":"https:\/\/hingelaegas.ee\/en\/wp-json\/wp\/v2\/product\/4360","targetHints":{"allow":["GET"]}}],"collection":[{"href":"https:\/\/hingelaegas.ee\/en\/wp-json\/wp\/v2\/product"}],"about":[{"href":"https:\/\/hingelaegas.ee\/en\/wp-json\/wp\/v2\/types\/product"}],"replies":[{"embeddable":true,"href":"https:\/\/hingelaegas.ee\/en\/wp-json\/wp\/v2\/comments?post=4360"}],"wp:featuredmedia":[{"embeddable":true,"href":"https:\/\/hingelaegas.ee\/en\/wp-json\/wp\/v2\/media\/4361"}],"wp:attachment":[{"href":"https:\/\/hingelaegas.ee\/en\/wp-json\/wp\/v2\/media?parent=4360"}],"wp:term":[{"taxonomy":"product_brand","embeddable":true,"href":"https:\/\/hingelaegas.ee\/en\/wp-json\/wp\/v2\/product_brand?post=4360"},{"taxonomy":"product_cat","embeddable":true,"href":"https:\/\/hingelaegas.ee\/en\/wp-json\/wp\/v2\/product_cat?post=4360"},{"taxonomy":"product_tag","embeddable":true,"href":"https:\/\/hingelaegas.ee\/en\/wp-json\/wp\/v2\/product_tag?post=4360"}],"curies":[{"name":"wp","href":"https:\/\/api.w.org\/{rel}","templated":true}]}}