{"id":4371,"date":"2022-06-19T12:45:13","date_gmt":"2022-06-19T09:45:13","guid":{"rendered":"https:\/\/www.hingelaegas.ee\/?post_type=product&#038;p=4371"},"modified":"2024-11-21T19:31:19","modified_gmt":"2024-11-21T17:31:19","slug":"vedelseebi-pohi-orgaaniline","status":"publish","type":"product","link":"https:\/\/hingelaegas.ee\/en\/product\/vedelseebi-pohi-orgaaniline\/","title":{"rendered":"Liquid soap base, neutral, organic"},"content":{"rendered":"<div id=\"pageBodyContent\">\n<div class=\"pagewrapper\">\n<div class=\"pagemain\">\n<div class=\"pagecontent web-content\">\n<div class=\"content-container\">\n<section id=\"s3\" class=\"product-content-section c50 closed\">\n<div class=\"product-content-container c50\">\n<div class=\"product-content c50 child-spacing\">\n<div id=\"tw-ob\" class=\"tw-src-ltr\">\n<div class=\"oSioSc\">\n<div id=\"tw-target\">\n<div id=\"kAz1tf\" class=\"g9WsWb\">\n<div id=\"tw-target-text-container\" class=\"tw-ta-container hide-focus-ring tw-nfl\" tabindex=\"0\">\n<div id=\"pageBodyContent\">\n<div class=\"pagewrapper\">\n<div class=\"pagemain\">\n<div class=\"pagecontent web-content\">\n<div class=\"content-container\">\n<section id=\"s3\" class=\"product-content-section c50 closed\">\n<div class=\"product-content-container c50\">\n<div class=\"product-content c50 child-spacing\">\n<div class=\"jhH5U\">\n<div id=\"tw-ob\" class=\"tw-src-ltr\">\n<div class=\"oSioSc\">\n<div id=\"tw-target\">\n<div id=\"kAz1tf\" class=\"g9WsWb\">\n<div id=\"tw-target-text-container\" class=\"tw-ta-container hide-focus-ring tw-nfl\" tabindex=\"0\">\n<div id=\"tw-ob\" class=\"tw-src-ltr\">\n<div class=\"oSioSc\">\n<div id=\"tw-target\">\n<div id=\"kAz1tf\" class=\"g9WsWb\">\n<div id=\"tw-target-text-container\" class=\"tw-ta-container hide-focus-ring tw-nfl\" tabindex=\"0\">\n<div id=\"pageBodyContent\">\n<div class=\"pagewrapper\">\n<div class=\"pagemain\">\n<div class=\"pagecontent web-content\">\n<div class=\"content-container\">\n<section id=\"s3\" class=\"product-content-section c50 closed\">\n<div class=\"product-content-container c50\">\n<div class=\"product-content c50 child-spacing\">\n<div class=\"jhH5U\">\n<div id=\"tw-ob\" class=\"tw-src-ltr\">\n<div class=\"oSioSc\">\n<div id=\"tw-target\">\n<div id=\"kAz1tf\" class=\"g9WsWb\">\n<div id=\"tw-target-text-container\" class=\"tw-ta-container hide-focus-ring tw-nfl\" tabindex=\"0\">\n<div id=\"tw-ob\" class=\"tw-src-ltr\">\n<div class=\"oSioSc\">\n<div id=\"tw-target\">\n<div id=\"kAz1tf\" class=\"g9WsWb\">\n<div id=\"tw-target-text-container\" class=\"tw-ta-container hide-focus-ring tw-nfl\" tabindex=\"0\"><strong><em style=\"font-size: 16px;\">Caution!<\/em><\/strong><\/p>\n<ul>\n<li>Keep out of reach of children.<\/li>\n<li>For external use only.<\/li>\n<li>Avoid contact with eyes or mucous membranes.<\/li>\n<\/ul>\n<\/div>\n<\/div>\n<\/div>\n<\/div>\n<\/div>\n<\/div>\n<\/div>\n<\/div>\n<\/div>\n<\/div>\n<\/div>\n<\/div>\n<\/div>\n<\/section>\n<\/div>\n<\/div>\n<\/div>\n<\/div>\n<\/div>\n<\/div>\n<\/div>\n<\/div>\n<\/div>\n<\/div>\n<\/div>\n<\/div>\n<\/div>\n<\/div>\n<\/div>\n<\/div>\n<\/div>\n<\/div>\n<\/section>\n<\/div>\n<\/div>\n<\/div>\n<\/div>\n<\/div>\n<\/div>\n<\/div>\n<\/div>\n<\/div>\n<\/div>\n<\/div>\n<\/div>\n<\/section>\n<\/div>\n<\/div>\n<\/div>\n<\/div>\n<\/div>","protected":false},"excerpt":{"rendered":"<p class=\"product-content c50 child-spacing\">The liquid soap base is made from natural ingredients, most of which are of organic origin. Just add your favorite essential oil, essential oil blend or aroma oil and you will get a pure natural liquid soap that does not dry the skin, but has good moisturizing and softening properties. In addition, it helps balance, soothe, and maintain healthy, nourished skin. Suitable for all skin types, including oily, combination, itchy, damaged, problematic, and sensitive skin.<\/p>\n<div class=\"product-content c50 child-spacing\">\n<div class=\"product-content c50 child-spacing\">\n<ul>\n<li>made from 100% natural ingredients (most of which are organically produced)<\/li>\n<li>do not contain synthetic preservatives, fragrances, or dyes<\/li>\n<li>have not been tested on animals<\/li>\n<li>suitable for vegans<\/li>\n<\/ul>\n<p><strong><span class=\"JsGRdQ\">INCI\/Koostis: <\/span><\/strong><span class=\"JsGRdQ\">Aqua, Potassium Cocoate*, Glycerin*, Potassium Olivate*, Citric acid, Potassium citrate, *100% of ingredients are from organic farming (100% sertifitseeritult orgaaniliselt kasvatatud)<\/span><\/p>\n<ul>\n<li>to make a fragrant liquid soap, it is recommended to add essential oils or essential oil blends up to 4% (e.g. 10 ml of essential oil for 250 g of product)<\/li>\n<li>you can add salt solution to increase the viscosity<\/li>\n<\/ul>\n<\/div>\n<\/div>","protected":false},"featured_media":4436,"comment_status":"open","ping_status":"closed","template":"","meta":{"_monsterinsights_skip_tracking":false,"_monsterinsights_sitenote_active":false,"_monsterinsights_sitenote_note":"","_monsterinsights_sitenote_category":0},"product_brand":[],"product_cat":[574,484],"product_tag":[585,489,586,575],"class_list":{"0":"post-4371","1":"product","2":"type-product","3":"status-publish","4":"has-post-thumbnail","6":"product_cat-diy-tee-ise","7":"product_cat-kehahooldus","8":"product_tag-diy","9":"product_tag-kehahooldus","10":"product_tag-tee-ise","11":"product_tag-vedelseebid","13":"first","14":"outofstock","15":"taxable","16":"shipping-taxable","17":"purchasable","18":"product-type-variable"},"yoast_head":"<!-- This site is optimized with the Yoast SEO plugin v27.3 - https:\/\/yoast.com\/product\/yoast-seo-wordpress\/ -->\n<title>Vedelseebi p\u00f5hi, neutraalne, orgaaniline - Hingelaegas<\/title>\n<meta name=\"description\" content=\"Vedelseepi on lihtne teha ise vedelseebi p\u00f5hjast, mis on valmistatud orgaanilise p\u00e4ritoluga looduslikest koostisosadest. Sobib k\u00f5ikidele nahat\u00fc\u00fcpidele, sealhulgas rasusele, kombineeritud, s\u00fcgelevale, kahjustatud, probleemsele ja tundlikule nahale.\" \/>\n<meta name=\"robots\" content=\"index, follow, max-snippet:-1, max-image-preview:large, max-video-preview:-1\" \/>\n<link rel=\"canonical\" href=\"https:\/\/www.hingelaegas.ee\/en\/product\/vedelseebi-pohi-orgaaniline\/\" \/>\n<meta property=\"og:locale\" content=\"en_GB\" \/>\n<meta property=\"og:type\" content=\"article\" \/>\n<meta property=\"og:title\" content=\"Vedelseebi p\u00f5hi, neutraalne, orgaaniline - Hingelaegas\" \/>\n<meta property=\"og:description\" content=\"Vedelseepi on lihtne teha ise vedelseebi p\u00f5hjast, mis on valmistatud orgaanilise p\u00e4ritoluga looduslikest koostisosadest. Sobib k\u00f5ikidele nahat\u00fc\u00fcpidele, sealhulgas rasusele, kombineeritud, s\u00fcgelevale, kahjustatud, probleemsele ja tundlikule nahale.\" \/>\n<meta property=\"og:url\" content=\"https:\/\/www.hingelaegas.ee\/en\/product\/vedelseebi-pohi-orgaaniline\/\" \/>\n<meta property=\"og:site_name\" content=\"Hingelaegas\" \/>\n<meta property=\"article:modified_time\" content=\"2024-11-21T17:31:19+00:00\" \/>\n<meta property=\"og:image\" content=\"https:\/\/i0.wp.com\/www.hingelaegas.ee\/wp-content\/uploads\/2022\/06\/diy_liquid-soap-taustata.png?fit=500%2C500&ssl=1\" \/>\n\t<meta property=\"og:image:width\" content=\"500\" \/>\n\t<meta property=\"og:image:height\" content=\"500\" \/>\n\t<meta property=\"og:image:type\" content=\"image\/png\" \/>\n<meta name=\"twitter:card\" content=\"summary_large_image\" \/>\n<meta name=\"twitter:label1\" content=\"Estimated reading time\" \/>\n\t<meta name=\"twitter:data1\" content=\"1 minute\" \/>\n<script type=\"application\/ld+json\" class=\"yoast-schema-graph\">{\"@context\":\"https:\\\/\\\/schema.org\",\"@graph\":[{\"@type\":\"WebPage\",\"@id\":\"https:\\\/\\\/www.hingelaegas.ee\\\/en\\\/product\\\/vedelseebi-pohi-orgaaniline\\\/\",\"url\":\"https:\\\/\\\/www.hingelaegas.ee\\\/en\\\/product\\\/vedelseebi-pohi-orgaaniline\\\/\",\"name\":\"Vedelseebi p\u00f5hi, neutraalne, orgaaniline - Hingelaegas\",\"isPartOf\":{\"@id\":\"https:\\\/\\\/www.hingelaegas.ee\\\/#website\"},\"primaryImageOfPage\":{\"@id\":\"https:\\\/\\\/www.hingelaegas.ee\\\/en\\\/product\\\/vedelseebi-pohi-orgaaniline\\\/#primaryimage\"},\"image\":{\"@id\":\"https:\\\/\\\/www.hingelaegas.ee\\\/en\\\/product\\\/vedelseebi-pohi-orgaaniline\\\/#primaryimage\"},\"thumbnailUrl\":\"https:\\\/\\\/i0.wp.com\\\/hingelaegas.ee\\\/wp-content\\\/uploads\\\/2022\\\/06\\\/diy_liquid-soap-taustata.png?fit=500%2C500&ssl=1\",\"datePublished\":\"2022-06-19T09:45:13+00:00\",\"dateModified\":\"2024-11-21T17:31:19+00:00\",\"description\":\"Vedelseepi on lihtne teha ise vedelseebi p\u00f5hjast, mis on valmistatud orgaanilise p\u00e4ritoluga looduslikest koostisosadest. Sobib k\u00f5ikidele nahat\u00fc\u00fcpidele, sealhulgas rasusele, kombineeritud, s\u00fcgelevale, kahjustatud, probleemsele ja tundlikule nahale.\",\"breadcrumb\":{\"@id\":\"https:\\\/\\\/www.hingelaegas.ee\\\/en\\\/product\\\/vedelseebi-pohi-orgaaniline\\\/#breadcrumb\"},\"inLanguage\":\"en-GB\",\"potentialAction\":[{\"@type\":\"ReadAction\",\"target\":[\"https:\\\/\\\/www.hingelaegas.ee\\\/en\\\/product\\\/vedelseebi-pohi-orgaaniline\\\/\"]}]},{\"@type\":\"ImageObject\",\"inLanguage\":\"en-GB\",\"@id\":\"https:\\\/\\\/www.hingelaegas.ee\\\/en\\\/product\\\/vedelseebi-pohi-orgaaniline\\\/#primaryimage\",\"url\":\"https:\\\/\\\/i0.wp.com\\\/hingelaegas.ee\\\/wp-content\\\/uploads\\\/2022\\\/06\\\/diy_liquid-soap-taustata.png?fit=500%2C500&ssl=1\",\"contentUrl\":\"https:\\\/\\\/i0.wp.com\\\/hingelaegas.ee\\\/wp-content\\\/uploads\\\/2022\\\/06\\\/diy_liquid-soap-taustata.png?fit=500%2C500&ssl=1\",\"width\":500,\"height\":500},{\"@type\":\"BreadcrumbList\",\"@id\":\"https:\\\/\\\/www.hingelaegas.ee\\\/en\\\/product\\\/vedelseebi-pohi-orgaaniline\\\/#breadcrumb\",\"itemListElement\":[{\"@type\":\"ListItem\",\"position\":1,\"name\":\"Home\",\"item\":\"https:\\\/\\\/www.hingelaegas.ee\\\/en\\\/\"},{\"@type\":\"ListItem\",\"position\":2,\"name\":\"E-POOD\",\"item\":\"https:\\\/\\\/www.hingelaegas.ee\\\/en\\\/e-pood\\\/\"},{\"@type\":\"ListItem\",\"position\":3,\"name\":\"Vedelseebi p\u00f5hi, neutraalne, orgaaniline\"}]},{\"@type\":\"WebSite\",\"@id\":\"https:\\\/\\\/www.hingelaegas.ee\\\/#website\",\"url\":\"https:\\\/\\\/www.hingelaegas.ee\\\/\",\"name\":\"Hingelaegas\",\"description\":\"Hingele. Kehale. Vaimule.\",\"publisher\":{\"@id\":\"https:\\\/\\\/www.hingelaegas.ee\\\/#organization\"},\"potentialAction\":[{\"@type\":\"SearchAction\",\"target\":{\"@type\":\"EntryPoint\",\"urlTemplate\":\"https:\\\/\\\/www.hingelaegas.ee\\\/?s={search_term_string}\"},\"query-input\":{\"@type\":\"PropertyValueSpecification\",\"valueRequired\":true,\"valueName\":\"search_term_string\"}}],\"inLanguage\":\"en-GB\"},{\"@type\":\"Organization\",\"@id\":\"https:\\\/\\\/www.hingelaegas.ee\\\/#organization\",\"name\":\"Hingelaegas O\u00dc\",\"url\":\"https:\\\/\\\/www.hingelaegas.ee\\\/\",\"logo\":{\"@type\":\"ImageObject\",\"inLanguage\":\"en-GB\",\"@id\":\"https:\\\/\\\/www.hingelaegas.ee\\\/#\\\/schema\\\/logo\\\/image\\\/\",\"url\":\"https:\\\/\\\/hingelaegas.ee\\\/wp-content\\\/uploads\\\/2020\\\/12\\\/hingelaegas_vaike.png\",\"contentUrl\":\"https:\\\/\\\/hingelaegas.ee\\\/wp-content\\\/uploads\\\/2020\\\/12\\\/hingelaegas_vaike.png\",\"width\":700,\"height\":700,\"caption\":\"Hingelaegas O\u00dc\"},\"image\":{\"@id\":\"https:\\\/\\\/www.hingelaegas.ee\\\/#\\\/schema\\\/logo\\\/image\\\/\"}}]}<\/script>\n<!-- \/ Yoast SEO plugin. -->","yoast_head_json":{"title":"Vedelseebi p\u00f5hi, neutraalne, orgaaniline - Hingelaegas","description":"Vedelseepi on lihtne teha ise vedelseebi p\u00f5hjast, mis on valmistatud orgaanilise p\u00e4ritoluga looduslikest koostisosadest. Sobib k\u00f5ikidele nahat\u00fc\u00fcpidele, sealhulgas rasusele, kombineeritud, s\u00fcgelevale, kahjustatud, probleemsele ja tundlikule nahale.","robots":{"index":"index","follow":"follow","max-snippet":"max-snippet:-1","max-image-preview":"max-image-preview:large","max-video-preview":"max-video-preview:-1"},"canonical":"https:\/\/www.hingelaegas.ee\/en\/product\/vedelseebi-pohi-orgaaniline\/","og_locale":"en_GB","og_type":"article","og_title":"Vedelseebi p\u00f5hi, neutraalne, orgaaniline - Hingelaegas","og_description":"Vedelseepi on lihtne teha ise vedelseebi p\u00f5hjast, mis on valmistatud orgaanilise p\u00e4ritoluga looduslikest koostisosadest. Sobib k\u00f5ikidele nahat\u00fc\u00fcpidele, sealhulgas rasusele, kombineeritud, s\u00fcgelevale, kahjustatud, probleemsele ja tundlikule nahale.","og_url":"https:\/\/www.hingelaegas.ee\/en\/product\/vedelseebi-pohi-orgaaniline\/","og_site_name":"Hingelaegas","article_modified_time":"2024-11-21T17:31:19+00:00","og_image":[{"width":500,"height":500,"url":"https:\/\/i0.wp.com\/www.hingelaegas.ee\/wp-content\/uploads\/2022\/06\/diy_liquid-soap-taustata.png?fit=500%2C500&ssl=1","type":"image\/png"}],"twitter_card":"summary_large_image","twitter_misc":{"Estimated reading time":"1 minute"},"schema":{"@context":"https:\/\/schema.org","@graph":[{"@type":"WebPage","@id":"https:\/\/www.hingelaegas.ee\/en\/product\/vedelseebi-pohi-orgaaniline\/","url":"https:\/\/www.hingelaegas.ee\/en\/product\/vedelseebi-pohi-orgaaniline\/","name":"Vedelseebi p\u00f5hi, neutraalne, orgaaniline - Hingelaegas","isPartOf":{"@id":"https:\/\/www.hingelaegas.ee\/#website"},"primaryImageOfPage":{"@id":"https:\/\/www.hingelaegas.ee\/en\/product\/vedelseebi-pohi-orgaaniline\/#primaryimage"},"image":{"@id":"https:\/\/www.hingelaegas.ee\/en\/product\/vedelseebi-pohi-orgaaniline\/#primaryimage"},"thumbnailUrl":"https:\/\/i0.wp.com\/hingelaegas.ee\/wp-content\/uploads\/2022\/06\/diy_liquid-soap-taustata.png?fit=500%2C500&ssl=1","datePublished":"2022-06-19T09:45:13+00:00","dateModified":"2024-11-21T17:31:19+00:00","description":"Vedelseepi on lihtne teha ise vedelseebi p\u00f5hjast, mis on valmistatud orgaanilise p\u00e4ritoluga looduslikest koostisosadest. Sobib k\u00f5ikidele nahat\u00fc\u00fcpidele, sealhulgas rasusele, kombineeritud, s\u00fcgelevale, kahjustatud, probleemsele ja tundlikule nahale.","breadcrumb":{"@id":"https:\/\/www.hingelaegas.ee\/en\/product\/vedelseebi-pohi-orgaaniline\/#breadcrumb"},"inLanguage":"en-GB","potentialAction":[{"@type":"ReadAction","target":["https:\/\/www.hingelaegas.ee\/en\/product\/vedelseebi-pohi-orgaaniline\/"]}]},{"@type":"ImageObject","inLanguage":"en-GB","@id":"https:\/\/www.hingelaegas.ee\/en\/product\/vedelseebi-pohi-orgaaniline\/#primaryimage","url":"https:\/\/i0.wp.com\/hingelaegas.ee\/wp-content\/uploads\/2022\/06\/diy_liquid-soap-taustata.png?fit=500%2C500&ssl=1","contentUrl":"https:\/\/i0.wp.com\/hingelaegas.ee\/wp-content\/uploads\/2022\/06\/diy_liquid-soap-taustata.png?fit=500%2C500&ssl=1","width":500,"height":500},{"@type":"BreadcrumbList","@id":"https:\/\/www.hingelaegas.ee\/en\/product\/vedelseebi-pohi-orgaaniline\/#breadcrumb","itemListElement":[{"@type":"ListItem","position":1,"name":"Home","item":"https:\/\/www.hingelaegas.ee\/en\/"},{"@type":"ListItem","position":2,"name":"E-POOD","item":"https:\/\/www.hingelaegas.ee\/en\/e-pood\/"},{"@type":"ListItem","position":3,"name":"Vedelseebi p\u00f5hi, neutraalne, orgaaniline"}]},{"@type":"WebSite","@id":"https:\/\/www.hingelaegas.ee\/#website","url":"https:\/\/www.hingelaegas.ee\/","name":"Hingelaegas","description":"For Soul. For Body. For Mind.","publisher":{"@id":"https:\/\/www.hingelaegas.ee\/#organization"},"potentialAction":[{"@type":"SearchAction","target":{"@type":"EntryPoint","urlTemplate":"https:\/\/www.hingelaegas.ee\/?s={search_term_string}"},"query-input":{"@type":"PropertyValueSpecification","valueRequired":true,"valueName":"search_term_string"}}],"inLanguage":"en-GB"},{"@type":"Organization","@id":"https:\/\/www.hingelaegas.ee\/#organization","name":"Hingelaegas O\u00dc","url":"https:\/\/www.hingelaegas.ee\/","logo":{"@type":"ImageObject","inLanguage":"en-GB","@id":"https:\/\/www.hingelaegas.ee\/#\/schema\/logo\/image\/","url":"https:\/\/hingelaegas.ee\/wp-content\/uploads\/2020\/12\/hingelaegas_vaike.png","contentUrl":"https:\/\/hingelaegas.ee\/wp-content\/uploads\/2020\/12\/hingelaegas_vaike.png","width":700,"height":700,"caption":"Hingelaegas O\u00dc"},"image":{"@id":"https:\/\/www.hingelaegas.ee\/#\/schema\/logo\/image\/"}}]}},"acf":[],"jetpack_likes_enabled":false,"jetpack_sharing_enabled":true,"_links":{"self":[{"href":"https:\/\/hingelaegas.ee\/en\/wp-json\/wp\/v2\/product\/4371","targetHints":{"allow":["GET"]}}],"collection":[{"href":"https:\/\/hingelaegas.ee\/en\/wp-json\/wp\/v2\/product"}],"about":[{"href":"https:\/\/hingelaegas.ee\/en\/wp-json\/wp\/v2\/types\/product"}],"replies":[{"embeddable":true,"href":"https:\/\/hingelaegas.ee\/en\/wp-json\/wp\/v2\/comments?post=4371"}],"wp:featuredmedia":[{"embeddable":true,"href":"https:\/\/hingelaegas.ee\/en\/wp-json\/wp\/v2\/media\/4436"}],"wp:attachment":[{"href":"https:\/\/hingelaegas.ee\/en\/wp-json\/wp\/v2\/media?parent=4371"}],"wp:term":[{"taxonomy":"product_brand","embeddable":true,"href":"https:\/\/hingelaegas.ee\/en\/wp-json\/wp\/v2\/product_brand?post=4371"},{"taxonomy":"product_cat","embeddable":true,"href":"https:\/\/hingelaegas.ee\/en\/wp-json\/wp\/v2\/product_cat?post=4371"},{"taxonomy":"product_tag","embeddable":true,"href":"https:\/\/hingelaegas.ee\/en\/wp-json\/wp\/v2\/product_tag?post=4371"}],"curies":[{"name":"wp","href":"https:\/\/api.w.org\/{rel}","templated":true}]}}