{"id":4427,"date":"2022-07-04T15:54:53","date_gmt":"2022-07-04T12:54:53","guid":{"rendered":"https:\/\/www.hingelaegas.ee\/?post_type=product&#038;p=4427"},"modified":"2026-02-10T04:04:52","modified_gmt":"2026-02-10T02:04:52","slug":"sojavahahelbed-ecosoya","status":"publish","type":"product","link":"https:\/\/hingelaegas.ee\/en\/product\/sojavahahelbed-ecosoya\/","title":{"rendered":"Soy wax flakes, EcoSoya CB-135"},"content":{"rendered":"","protected":false},"excerpt":{"rendered":"<p class=\"product-content c50 child-spacing\">Soy wax flakes EcoSoya CB-135 are made from 100% pure soybeans grown in a GMO-free area. Also suitable for use in cosmetics or for making massage candles.<\/p>\n<ul>\n<li>aroma or essential oils can be added to the melted wax up to 12%<\/li>\n<li>the manufacturer recommends heating the wax to about 70 degrees for melting and cooling it down to 60 degrees before pouring into containers<\/li>\n<li>for optimal results, fragrances should be added to the melted wax as close to the pouring temperature as possible<\/li>\n<\/ul>\n<p><!-- wp:paragraph -->Soy wax is an <strong>environmentally friendly<\/strong> candle wax, which is derived from a renewable resource, soybeans. Soy wax candles <strong>burn slowly and evenly<\/strong>, for example, compared to paraffin they have <em>approx.<\/em> 30-50% longer burning time. They also have a low burning temperature, which makes them safer to burn than other candles, and <strong>they do not emit toxic substances during burning.<\/strong><!-- \/wp:paragraph --> <!-- wp:paragraph -->In addition, soy wax is completely <strong>biodegredable<\/strong> and its stains and debris are easy to remove from surfaces. It can be removed from clothes simply by washing with warm soapy water.<!-- \/wp:paragraph --> <!-- wp:paragraph -->Soy wax candles are also <strong>suitable<\/strong> also <strong>for vegans<\/strong>.<!-- \/wp:paragraph --><\/p>","protected":false},"featured_media":6574,"comment_status":"open","ping_status":"closed","template":"","meta":{"_monsterinsights_skip_tracking":false,"_monsterinsights_sitenote_active":false,"_monsterinsights_sitenote_note":"","_monsterinsights_sitenote_category":0},"product_brand":[],"product_cat":[574],"product_tag":[585,587,586],"class_list":{"0":"post-4427","1":"product","2":"type-product","3":"status-publish","4":"has-post-thumbnail","6":"product_cat-diy-tee-ise","7":"product_tag-diy","8":"product_tag-kuunalde-valmistamine","9":"product_tag-tee-ise","11":"first","12":"instock","13":"taxable","14":"shipping-taxable","15":"purchasable","16":"product-type-variable"},"yoast_head":"<!-- This site is optimized with the Yoast SEO plugin v27.3 - https:\/\/yoast.com\/product\/yoast-seo-wordpress\/ -->\n<title>Sojavahahelbed, EcoSoya CB-135 - Hingelaegas<\/title>\n<meta name=\"description\" content=\"Sojavahahelbed EcoSoya CB-135 on valmistatud 100% puhastest sojaubadest, mis on kasvatatud GMO vabas piirkonnas. Sobib kasutamiseks ka kosmeetikas v\u00f5i massaa\u017eik\u00fc\u00fcnalde valmistamiseks.\" \/>\n<meta name=\"robots\" content=\"index, follow, max-snippet:-1, max-image-preview:large, max-video-preview:-1\" \/>\n<link rel=\"canonical\" href=\"https:\/\/hingelaegas.ee\/en\/product\/sojavahahelbed-ecosoya\/\" \/>\n<meta property=\"og:locale\" content=\"en_GB\" \/>\n<meta property=\"og:type\" content=\"article\" \/>\n<meta property=\"og:title\" content=\"Sojavahahelbed, EcoSoya CB-135 - Hingelaegas\" \/>\n<meta property=\"og:description\" content=\"Sojavahahelbed EcoSoya CB-135 on valmistatud 100% puhastest sojaubadest, mis on kasvatatud GMO vabas piirkonnas. Sobib kasutamiseks ka kosmeetikas v\u00f5i massaa\u017eik\u00fc\u00fcnalde valmistamiseks.\" \/>\n<meta property=\"og:url\" content=\"https:\/\/hingelaegas.ee\/en\/product\/sojavahahelbed-ecosoya\/\" \/>\n<meta property=\"og:site_name\" content=\"Hingelaegas\" \/>\n<meta property=\"article:modified_time\" content=\"2026-02-10T02:04:52+00:00\" \/>\n<meta property=\"og:image\" content=\"https:\/\/i0.wp.com\/hingelaegas.ee\/wp-content\/uploads\/2022\/07\/ecosoya-soy-wax.jpg?fit=750%2C750&ssl=1\" \/>\n\t<meta property=\"og:image:width\" content=\"750\" \/>\n\t<meta property=\"og:image:height\" content=\"750\" \/>\n\t<meta property=\"og:image:type\" content=\"image\/jpeg\" \/>\n<meta name=\"twitter:card\" content=\"summary_large_image\" \/>\n<meta name=\"twitter:label1\" content=\"Estimated reading time\" \/>\n\t<meta name=\"twitter:data1\" content=\"1 minute\" \/>\n<script type=\"application\/ld+json\" class=\"yoast-schema-graph\">{\"@context\":\"https:\\\/\\\/schema.org\",\"@graph\":[{\"@type\":\"WebPage\",\"@id\":\"https:\\\/\\\/hingelaegas.ee\\\/en\\\/product\\\/sojavahahelbed-ecosoya\\\/\",\"url\":\"https:\\\/\\\/hingelaegas.ee\\\/en\\\/product\\\/sojavahahelbed-ecosoya\\\/\",\"name\":\"Sojavahahelbed, EcoSoya CB-135 - Hingelaegas\",\"isPartOf\":{\"@id\":\"https:\\\/\\\/www.hingelaegas.ee\\\/#website\"},\"primaryImageOfPage\":{\"@id\":\"https:\\\/\\\/hingelaegas.ee\\\/en\\\/product\\\/sojavahahelbed-ecosoya\\\/#primaryimage\"},\"image\":{\"@id\":\"https:\\\/\\\/hingelaegas.ee\\\/en\\\/product\\\/sojavahahelbed-ecosoya\\\/#primaryimage\"},\"thumbnailUrl\":\"https:\\\/\\\/i0.wp.com\\\/hingelaegas.ee\\\/wp-content\\\/uploads\\\/2022\\\/07\\\/ecosoya-soy-wax.jpg?fit=750%2C750&ssl=1\",\"datePublished\":\"2022-07-04T12:54:53+00:00\",\"dateModified\":\"2026-02-10T02:04:52+00:00\",\"description\":\"Sojavahahelbed EcoSoya CB-135 on valmistatud 100% puhastest sojaubadest, mis on kasvatatud GMO vabas piirkonnas. Sobib kasutamiseks ka kosmeetikas v\u00f5i massaa\u017eik\u00fc\u00fcnalde valmistamiseks.\",\"breadcrumb\":{\"@id\":\"https:\\\/\\\/hingelaegas.ee\\\/en\\\/product\\\/sojavahahelbed-ecosoya\\\/#breadcrumb\"},\"inLanguage\":\"en-GB\",\"potentialAction\":[{\"@type\":\"ReadAction\",\"target\":[\"https:\\\/\\\/hingelaegas.ee\\\/en\\\/product\\\/sojavahahelbed-ecosoya\\\/\"]}]},{\"@type\":\"ImageObject\",\"inLanguage\":\"en-GB\",\"@id\":\"https:\\\/\\\/hingelaegas.ee\\\/en\\\/product\\\/sojavahahelbed-ecosoya\\\/#primaryimage\",\"url\":\"https:\\\/\\\/i0.wp.com\\\/hingelaegas.ee\\\/wp-content\\\/uploads\\\/2022\\\/07\\\/ecosoya-soy-wax.jpg?fit=750%2C750&ssl=1\",\"contentUrl\":\"https:\\\/\\\/i0.wp.com\\\/hingelaegas.ee\\\/wp-content\\\/uploads\\\/2022\\\/07\\\/ecosoya-soy-wax.jpg?fit=750%2C750&ssl=1\",\"width\":750,\"height\":750},{\"@type\":\"BreadcrumbList\",\"@id\":\"https:\\\/\\\/hingelaegas.ee\\\/en\\\/product\\\/sojavahahelbed-ecosoya\\\/#breadcrumb\",\"itemListElement\":[{\"@type\":\"ListItem\",\"position\":1,\"name\":\"Home\",\"item\":\"https:\\\/\\\/www.hingelaegas.ee\\\/en\\\/\"},{\"@type\":\"ListItem\",\"position\":2,\"name\":\"E-POOD\",\"item\":\"https:\\\/\\\/www.hingelaegas.ee\\\/en\\\/e-pood\\\/\"},{\"@type\":\"ListItem\",\"position\":3,\"name\":\"Sojavahahelbed, EcoSoya CB-135\"}]},{\"@type\":\"WebSite\",\"@id\":\"https:\\\/\\\/www.hingelaegas.ee\\\/#website\",\"url\":\"https:\\\/\\\/www.hingelaegas.ee\\\/\",\"name\":\"Hingelaegas\",\"description\":\"Hingele. Kehale. Vaimule.\",\"publisher\":{\"@id\":\"https:\\\/\\\/www.hingelaegas.ee\\\/#organization\"},\"potentialAction\":[{\"@type\":\"SearchAction\",\"target\":{\"@type\":\"EntryPoint\",\"urlTemplate\":\"https:\\\/\\\/www.hingelaegas.ee\\\/?s={search_term_string}\"},\"query-input\":{\"@type\":\"PropertyValueSpecification\",\"valueRequired\":true,\"valueName\":\"search_term_string\"}}],\"inLanguage\":\"en-GB\"},{\"@type\":\"Organization\",\"@id\":\"https:\\\/\\\/www.hingelaegas.ee\\\/#organization\",\"name\":\"Hingelaegas O\u00dc\",\"url\":\"https:\\\/\\\/www.hingelaegas.ee\\\/\",\"logo\":{\"@type\":\"ImageObject\",\"inLanguage\":\"en-GB\",\"@id\":\"https:\\\/\\\/www.hingelaegas.ee\\\/#\\\/schema\\\/logo\\\/image\\\/\",\"url\":\"https:\\\/\\\/hingelaegas.ee\\\/wp-content\\\/uploads\\\/2020\\\/12\\\/hingelaegas_vaike.png\",\"contentUrl\":\"https:\\\/\\\/hingelaegas.ee\\\/wp-content\\\/uploads\\\/2020\\\/12\\\/hingelaegas_vaike.png\",\"width\":700,\"height\":700,\"caption\":\"Hingelaegas O\u00dc\"},\"image\":{\"@id\":\"https:\\\/\\\/www.hingelaegas.ee\\\/#\\\/schema\\\/logo\\\/image\\\/\"}}]}<\/script>\n<!-- \/ Yoast SEO plugin. -->","yoast_head_json":{"title":"Sojavahahelbed, EcoSoya CB-135 - Hingelaegas","description":"Soy wax flakes EcoSoya CB-135 are made from 100% pure soybeans grown in a GMO-free area. Also suitable for use in cosmetics or for making massage candles.","robots":{"index":"index","follow":"follow","max-snippet":"max-snippet:-1","max-image-preview":"max-image-preview:large","max-video-preview":"max-video-preview:-1"},"canonical":"https:\/\/hingelaegas.ee\/en\/product\/sojavahahelbed-ecosoya\/","og_locale":"en_GB","og_type":"article","og_title":"Sojavahahelbed, EcoSoya CB-135 - Hingelaegas","og_description":"Sojavahahelbed EcoSoya CB-135 on valmistatud 100% puhastest sojaubadest, mis on kasvatatud GMO vabas piirkonnas. Sobib kasutamiseks ka kosmeetikas v\u00f5i massaa\u017eik\u00fc\u00fcnalde valmistamiseks.","og_url":"https:\/\/hingelaegas.ee\/en\/product\/sojavahahelbed-ecosoya\/","og_site_name":"Hingelaegas","article_modified_time":"2026-02-10T02:04:52+00:00","og_image":[{"width":750,"height":750,"url":"https:\/\/i0.wp.com\/hingelaegas.ee\/wp-content\/uploads\/2022\/07\/ecosoya-soy-wax.jpg?fit=750%2C750&ssl=1","type":"image\/jpeg"}],"twitter_card":"summary_large_image","twitter_misc":{"Estimated reading time":"1 minute"},"schema":{"@context":"https:\/\/schema.org","@graph":[{"@type":"WebPage","@id":"https:\/\/hingelaegas.ee\/en\/product\/sojavahahelbed-ecosoya\/","url":"https:\/\/hingelaegas.ee\/en\/product\/sojavahahelbed-ecosoya\/","name":"Sojavahahelbed, EcoSoya CB-135 - Hingelaegas","isPartOf":{"@id":"https:\/\/www.hingelaegas.ee\/#website"},"primaryImageOfPage":{"@id":"https:\/\/hingelaegas.ee\/en\/product\/sojavahahelbed-ecosoya\/#primaryimage"},"image":{"@id":"https:\/\/hingelaegas.ee\/en\/product\/sojavahahelbed-ecosoya\/#primaryimage"},"thumbnailUrl":"https:\/\/i0.wp.com\/hingelaegas.ee\/wp-content\/uploads\/2022\/07\/ecosoya-soy-wax.jpg?fit=750%2C750&ssl=1","datePublished":"2022-07-04T12:54:53+00:00","dateModified":"2026-02-10T02:04:52+00:00","description":"Soy wax flakes EcoSoya CB-135 are made from 100% pure soybeans grown in a GMO-free area. Also suitable for use in cosmetics or for making massage candles.","breadcrumb":{"@id":"https:\/\/hingelaegas.ee\/en\/product\/sojavahahelbed-ecosoya\/#breadcrumb"},"inLanguage":"en-GB","potentialAction":[{"@type":"ReadAction","target":["https:\/\/hingelaegas.ee\/en\/product\/sojavahahelbed-ecosoya\/"]}]},{"@type":"ImageObject","inLanguage":"en-GB","@id":"https:\/\/hingelaegas.ee\/en\/product\/sojavahahelbed-ecosoya\/#primaryimage","url":"https:\/\/i0.wp.com\/hingelaegas.ee\/wp-content\/uploads\/2022\/07\/ecosoya-soy-wax.jpg?fit=750%2C750&ssl=1","contentUrl":"https:\/\/i0.wp.com\/hingelaegas.ee\/wp-content\/uploads\/2022\/07\/ecosoya-soy-wax.jpg?fit=750%2C750&ssl=1","width":750,"height":750},{"@type":"BreadcrumbList","@id":"https:\/\/hingelaegas.ee\/en\/product\/sojavahahelbed-ecosoya\/#breadcrumb","itemListElement":[{"@type":"ListItem","position":1,"name":"Home","item":"https:\/\/www.hingelaegas.ee\/en\/"},{"@type":"ListItem","position":2,"name":"E-POOD","item":"https:\/\/www.hingelaegas.ee\/en\/e-pood\/"},{"@type":"ListItem","position":3,"name":"Sojavahahelbed, EcoSoya CB-135"}]},{"@type":"WebSite","@id":"https:\/\/www.hingelaegas.ee\/#website","url":"https:\/\/www.hingelaegas.ee\/","name":"Hingelaegas","description":"For Soul. For Body. For Mind.","publisher":{"@id":"https:\/\/www.hingelaegas.ee\/#organization"},"potentialAction":[{"@type":"SearchAction","target":{"@type":"EntryPoint","urlTemplate":"https:\/\/www.hingelaegas.ee\/?s={search_term_string}"},"query-input":{"@type":"PropertyValueSpecification","valueRequired":true,"valueName":"search_term_string"}}],"inLanguage":"en-GB"},{"@type":"Organization","@id":"https:\/\/www.hingelaegas.ee\/#organization","name":"Hingelaegas O\u00dc","url":"https:\/\/www.hingelaegas.ee\/","logo":{"@type":"ImageObject","inLanguage":"en-GB","@id":"https:\/\/www.hingelaegas.ee\/#\/schema\/logo\/image\/","url":"https:\/\/hingelaegas.ee\/wp-content\/uploads\/2020\/12\/hingelaegas_vaike.png","contentUrl":"https:\/\/hingelaegas.ee\/wp-content\/uploads\/2020\/12\/hingelaegas_vaike.png","width":700,"height":700,"caption":"Hingelaegas O\u00dc"},"image":{"@id":"https:\/\/www.hingelaegas.ee\/#\/schema\/logo\/image\/"}}]}},"acf":[],"jetpack_likes_enabled":false,"jetpack_sharing_enabled":true,"_links":{"self":[{"href":"https:\/\/hingelaegas.ee\/en\/wp-json\/wp\/v2\/product\/4427","targetHints":{"allow":["GET"]}}],"collection":[{"href":"https:\/\/hingelaegas.ee\/en\/wp-json\/wp\/v2\/product"}],"about":[{"href":"https:\/\/hingelaegas.ee\/en\/wp-json\/wp\/v2\/types\/product"}],"replies":[{"embeddable":true,"href":"https:\/\/hingelaegas.ee\/en\/wp-json\/wp\/v2\/comments?post=4427"}],"wp:featuredmedia":[{"embeddable":true,"href":"https:\/\/hingelaegas.ee\/en\/wp-json\/wp\/v2\/media\/6574"}],"wp:attachment":[{"href":"https:\/\/hingelaegas.ee\/en\/wp-json\/wp\/v2\/media?parent=4427"}],"wp:term":[{"taxonomy":"product_brand","embeddable":true,"href":"https:\/\/hingelaegas.ee\/en\/wp-json\/wp\/v2\/product_brand?post=4427"},{"taxonomy":"product_cat","embeddable":true,"href":"https:\/\/hingelaegas.ee\/en\/wp-json\/wp\/v2\/product_cat?post=4427"},{"taxonomy":"product_tag","embeddable":true,"href":"https:\/\/hingelaegas.ee\/en\/wp-json\/wp\/v2\/product_tag?post=4427"}],"curies":[{"name":"wp","href":"https:\/\/api.w.org\/{rel}","templated":true}]}}