{"id":4508,"date":"2022-09-16T09:58:56","date_gmt":"2022-09-16T06:58:56","guid":{"rendered":"https:\/\/www.hingelaegas.ee\/?post_type=product&#038;p=4508"},"modified":"2025-11-11T08:13:22","modified_gmt":"2025-11-11T06:13:22","slug":"klaaspurk-212-ml-kaanega","status":"publish","type":"product","link":"https:\/\/hingelaegas.ee\/en\/product\/klaaspurk-212-ml-kaanega\/","title":{"rendered":"Glass jar, 212 ml, with a lid"},"content":{"rendered":"","protected":false},"excerpt":{"rendered":"<div class=\"product-content c50 child-spacing\">\n<div class=\"product-content c50 child-spacing\">\n<div class=\"product-content c50 child-spacing\">\n<p>Suitable for making candles, storing cosmetics and foods.<\/p>\n<p><strong>Sizes:<\/strong><\/p>\n<ul>\n<li>jar diameter 70 mm<\/li>\n<li>lid diameter 66 mm<\/li>\n<li>jar height 78 cm<\/li>\n<li>height of the label part 50 mm<\/li>\n<\/ul>\n<p><strong>Volume:<\/strong> 212 ml (nominal volume 158 ml)<\/p>\n<p><strong>Weight:<\/strong> 159 g<\/p>\n<\/div>\n<\/div>\n<\/div>","protected":false},"featured_media":4514,"comment_status":"open","ping_status":"closed","template":"","meta":{"_monsterinsights_skip_tracking":false,"_monsterinsights_sitenote_active":false,"_monsterinsights_sitenote_note":"","_monsterinsights_sitenote_category":0},"product_brand":[],"product_cat":[578],"product_tag":[582,579],"class_list":{"0":"post-4508","1":"product","2":"type-product","3":"status-publish","4":"has-post-thumbnail","6":"product_cat-pakendid","7":"product_tag-klaaspudel","8":"product_tag-pakendid","10":"first","11":"instock","12":"taxable","13":"shipping-taxable","14":"purchasable","15":"product-type-variable"},"yoast_head":"<!-- This site is optimized with the Yoast SEO plugin v27.4 - https:\/\/yoast.com\/product\/yoast-seo-wordpress\/ -->\n<title>Klaaspurk, 212 ml, kaanega - Hingelaegas<\/title>\n<meta name=\"description\" content=\"Klaaspurk 212 ml kaanega, mis sobib nii k\u00fc\u00fcnalde valmistamiseks, kosmeetika hoiustamiseks kui ka toiduainete s\u00e4ilitamiseks.\" \/>\n<meta name=\"robots\" content=\"index, follow, max-snippet:-1, max-image-preview:large, max-video-preview:-1\" \/>\n<link rel=\"canonical\" href=\"https:\/\/hingelaegas.ee\/en\/product\/klaaspurk-212-ml-kaanega\/\" \/>\n<meta property=\"og:locale\" content=\"en_GB\" \/>\n<meta property=\"og:type\" content=\"article\" \/>\n<meta property=\"og:title\" content=\"Klaaspurk, 212 ml, kaanega - Hingelaegas\" \/>\n<meta property=\"og:description\" content=\"Klaaspurk 212 ml kaanega, mis sobib nii k\u00fc\u00fcnalde valmistamiseks, kosmeetika hoiustamiseks kui ka toiduainete s\u00e4ilitamiseks.\" \/>\n<meta property=\"og:url\" content=\"https:\/\/hingelaegas.ee\/en\/product\/klaaspurk-212-ml-kaanega\/\" \/>\n<meta property=\"og:site_name\" content=\"Hingelaegas\" \/>\n<meta property=\"article:modified_time\" content=\"2025-11-11T06:13:22+00:00\" \/>\n<meta property=\"og:image\" content=\"https:\/\/i0.wp.com\/hingelaegas.ee\/wp-content\/uploads\/2022\/09\/purk_212ml_must_taustata.png?fit=499%2C499&ssl=1\" \/>\n\t<meta property=\"og:image:width\" content=\"499\" \/>\n\t<meta property=\"og:image:height\" content=\"499\" \/>\n\t<meta property=\"og:image:type\" content=\"image\/png\" \/>\n<meta name=\"twitter:card\" content=\"summary_large_image\" \/>\n<script type=\"application\/ld+json\" class=\"yoast-schema-graph\">{\"@context\":\"https:\\\/\\\/schema.org\",\"@graph\":[{\"@type\":\"WebPage\",\"@id\":\"https:\\\/\\\/hingelaegas.ee\\\/en\\\/product\\\/klaaspurk-212-ml-kaanega\\\/\",\"url\":\"https:\\\/\\\/hingelaegas.ee\\\/en\\\/product\\\/klaaspurk-212-ml-kaanega\\\/\",\"name\":\"Klaaspurk, 212 ml, kaanega - Hingelaegas\",\"isPartOf\":{\"@id\":\"https:\\\/\\\/hingelaegas.ee\\\/en\\\/#website\"},\"primaryImageOfPage\":{\"@id\":\"https:\\\/\\\/hingelaegas.ee\\\/en\\\/product\\\/klaaspurk-212-ml-kaanega\\\/#primaryimage\"},\"image\":{\"@id\":\"https:\\\/\\\/hingelaegas.ee\\\/en\\\/product\\\/klaaspurk-212-ml-kaanega\\\/#primaryimage\"},\"thumbnailUrl\":\"https:\\\/\\\/i0.wp.com\\\/hingelaegas.ee\\\/wp-content\\\/uploads\\\/2022\\\/09\\\/purk_212ml_must_taustata.png?fit=499%2C499&ssl=1\",\"datePublished\":\"2022-09-16T06:58:56+00:00\",\"dateModified\":\"2025-11-11T06:13:22+00:00\",\"description\":\"Klaaspurk 212 ml kaanega, mis sobib nii k\u00fc\u00fcnalde valmistamiseks, kosmeetika hoiustamiseks kui ka toiduainete s\u00e4ilitamiseks.\",\"breadcrumb\":{\"@id\":\"https:\\\/\\\/hingelaegas.ee\\\/en\\\/product\\\/klaaspurk-212-ml-kaanega\\\/#breadcrumb\"},\"inLanguage\":\"en-GB\",\"potentialAction\":[{\"@type\":\"ReadAction\",\"target\":[\"https:\\\/\\\/hingelaegas.ee\\\/en\\\/product\\\/klaaspurk-212-ml-kaanega\\\/\"]}]},{\"@type\":\"ImageObject\",\"inLanguage\":\"en-GB\",\"@id\":\"https:\\\/\\\/hingelaegas.ee\\\/en\\\/product\\\/klaaspurk-212-ml-kaanega\\\/#primaryimage\",\"url\":\"https:\\\/\\\/i0.wp.com\\\/hingelaegas.ee\\\/wp-content\\\/uploads\\\/2022\\\/09\\\/purk_212ml_must_taustata.png?fit=499%2C499&ssl=1\",\"contentUrl\":\"https:\\\/\\\/i0.wp.com\\\/hingelaegas.ee\\\/wp-content\\\/uploads\\\/2022\\\/09\\\/purk_212ml_must_taustata.png?fit=499%2C499&ssl=1\",\"width\":499,\"height\":499},{\"@type\":\"BreadcrumbList\",\"@id\":\"https:\\\/\\\/hingelaegas.ee\\\/en\\\/product\\\/klaaspurk-212-ml-kaanega\\\/#breadcrumb\",\"itemListElement\":[{\"@type\":\"ListItem\",\"position\":1,\"name\":\"Home\",\"item\":\"https:\\\/\\\/hingelaegas.ee\\\/en\\\/\"},{\"@type\":\"ListItem\",\"position\":2,\"name\":\"E-POOD\",\"item\":\"https:\\\/\\\/hingelaegas.ee\\\/en\\\/e-pood\\\/\"},{\"@type\":\"ListItem\",\"position\":3,\"name\":\"Klaaspurk, 212 ml, kaanega\"}]},{\"@type\":\"WebSite\",\"@id\":\"https:\\\/\\\/hingelaegas.ee\\\/en\\\/#website\",\"url\":\"https:\\\/\\\/hingelaegas.ee\\\/en\\\/\",\"name\":\"Hingelaegas\",\"description\":\"Hingele. Kehale. Vaimule.\",\"publisher\":{\"@id\":\"https:\\\/\\\/hingelaegas.ee\\\/en\\\/#organization\"},\"potentialAction\":[{\"@type\":\"SearchAction\",\"target\":{\"@type\":\"EntryPoint\",\"urlTemplate\":\"https:\\\/\\\/hingelaegas.ee\\\/en\\\/?s={search_term_string}\"},\"query-input\":{\"@type\":\"PropertyValueSpecification\",\"valueRequired\":true,\"valueName\":\"search_term_string\"}}],\"inLanguage\":\"en-GB\"},{\"@type\":\"Organization\",\"@id\":\"https:\\\/\\\/hingelaegas.ee\\\/en\\\/#organization\",\"name\":\"Hingelaegas O\u00dc\",\"url\":\"https:\\\/\\\/hingelaegas.ee\\\/en\\\/\",\"logo\":{\"@type\":\"ImageObject\",\"inLanguage\":\"en-GB\",\"@id\":\"https:\\\/\\\/hingelaegas.ee\\\/en\\\/#\\\/schema\\\/logo\\\/image\\\/\",\"url\":\"https:\\\/\\\/hingelaegas.ee\\\/wp-content\\\/uploads\\\/2020\\\/12\\\/hingelaegas_vaike.png\",\"contentUrl\":\"https:\\\/\\\/hingelaegas.ee\\\/wp-content\\\/uploads\\\/2020\\\/12\\\/hingelaegas_vaike.png\",\"width\":700,\"height\":700,\"caption\":\"Hingelaegas O\u00dc\"},\"image\":{\"@id\":\"https:\\\/\\\/hingelaegas.ee\\\/en\\\/#\\\/schema\\\/logo\\\/image\\\/\"}}]}<\/script>\n<!-- \/ Yoast SEO plugin. -->","yoast_head_json":{"title":"Klaaspurk, 212 ml, kaanega - Hingelaegas","description":"Klaaspurk 212 ml kaanega, mis sobib nii k\u00fc\u00fcnalde valmistamiseks, kosmeetika hoiustamiseks kui ka toiduainete s\u00e4ilitamiseks.","robots":{"index":"index","follow":"follow","max-snippet":"max-snippet:-1","max-image-preview":"max-image-preview:large","max-video-preview":"max-video-preview:-1"},"canonical":"https:\/\/hingelaegas.ee\/en\/product\/klaaspurk-212-ml-kaanega\/","og_locale":"en_GB","og_type":"article","og_title":"Klaaspurk, 212 ml, kaanega - Hingelaegas","og_description":"Klaaspurk 212 ml kaanega, mis sobib nii k\u00fc\u00fcnalde valmistamiseks, kosmeetika hoiustamiseks kui ka toiduainete s\u00e4ilitamiseks.","og_url":"https:\/\/hingelaegas.ee\/en\/product\/klaaspurk-212-ml-kaanega\/","og_site_name":"Hingelaegas","article_modified_time":"2025-11-11T06:13:22+00:00","og_image":[{"width":499,"height":499,"url":"https:\/\/i0.wp.com\/hingelaegas.ee\/wp-content\/uploads\/2022\/09\/purk_212ml_must_taustata.png?fit=499%2C499&ssl=1","type":"image\/png"}],"twitter_card":"summary_large_image","schema":{"@context":"https:\/\/schema.org","@graph":[{"@type":"WebPage","@id":"https:\/\/hingelaegas.ee\/en\/product\/klaaspurk-212-ml-kaanega\/","url":"https:\/\/hingelaegas.ee\/en\/product\/klaaspurk-212-ml-kaanega\/","name":"Klaaspurk, 212 ml, kaanega - Hingelaegas","isPartOf":{"@id":"https:\/\/hingelaegas.ee\/en\/#website"},"primaryImageOfPage":{"@id":"https:\/\/hingelaegas.ee\/en\/product\/klaaspurk-212-ml-kaanega\/#primaryimage"},"image":{"@id":"https:\/\/hingelaegas.ee\/en\/product\/klaaspurk-212-ml-kaanega\/#primaryimage"},"thumbnailUrl":"https:\/\/i0.wp.com\/hingelaegas.ee\/wp-content\/uploads\/2022\/09\/purk_212ml_must_taustata.png?fit=499%2C499&ssl=1","datePublished":"2022-09-16T06:58:56+00:00","dateModified":"2025-11-11T06:13:22+00:00","description":"Klaaspurk 212 ml kaanega, mis sobib nii k\u00fc\u00fcnalde valmistamiseks, kosmeetika hoiustamiseks kui ka toiduainete s\u00e4ilitamiseks.","breadcrumb":{"@id":"https:\/\/hingelaegas.ee\/en\/product\/klaaspurk-212-ml-kaanega\/#breadcrumb"},"inLanguage":"en-GB","potentialAction":[{"@type":"ReadAction","target":["https:\/\/hingelaegas.ee\/en\/product\/klaaspurk-212-ml-kaanega\/"]}]},{"@type":"ImageObject","inLanguage":"en-GB","@id":"https:\/\/hingelaegas.ee\/en\/product\/klaaspurk-212-ml-kaanega\/#primaryimage","url":"https:\/\/i0.wp.com\/hingelaegas.ee\/wp-content\/uploads\/2022\/09\/purk_212ml_must_taustata.png?fit=499%2C499&ssl=1","contentUrl":"https:\/\/i0.wp.com\/hingelaegas.ee\/wp-content\/uploads\/2022\/09\/purk_212ml_must_taustata.png?fit=499%2C499&ssl=1","width":499,"height":499},{"@type":"BreadcrumbList","@id":"https:\/\/hingelaegas.ee\/en\/product\/klaaspurk-212-ml-kaanega\/#breadcrumb","itemListElement":[{"@type":"ListItem","position":1,"name":"Home","item":"https:\/\/hingelaegas.ee\/en\/"},{"@type":"ListItem","position":2,"name":"E-POOD","item":"https:\/\/hingelaegas.ee\/en\/e-pood\/"},{"@type":"ListItem","position":3,"name":"Klaaspurk, 212 ml, kaanega"}]},{"@type":"WebSite","@id":"https:\/\/hingelaegas.ee\/en\/#website","url":"https:\/\/hingelaegas.ee\/en\/","name":"Hingelaegas","description":"For Soul. For Body. For Mind.","publisher":{"@id":"https:\/\/hingelaegas.ee\/en\/#organization"},"potentialAction":[{"@type":"SearchAction","target":{"@type":"EntryPoint","urlTemplate":"https:\/\/hingelaegas.ee\/en\/?s={search_term_string}"},"query-input":{"@type":"PropertyValueSpecification","valueRequired":true,"valueName":"search_term_string"}}],"inLanguage":"en-GB"},{"@type":"Organization","@id":"https:\/\/hingelaegas.ee\/en\/#organization","name":"Hingelaegas O\u00dc","url":"https:\/\/hingelaegas.ee\/en\/","logo":{"@type":"ImageObject","inLanguage":"en-GB","@id":"https:\/\/hingelaegas.ee\/en\/#\/schema\/logo\/image\/","url":"https:\/\/hingelaegas.ee\/wp-content\/uploads\/2020\/12\/hingelaegas_vaike.png","contentUrl":"https:\/\/hingelaegas.ee\/wp-content\/uploads\/2020\/12\/hingelaegas_vaike.png","width":700,"height":700,"caption":"Hingelaegas O\u00dc"},"image":{"@id":"https:\/\/hingelaegas.ee\/en\/#\/schema\/logo\/image\/"}}]}},"acf":[],"jetpack_likes_enabled":false,"jetpack_sharing_enabled":true,"_links":{"self":[{"href":"https:\/\/hingelaegas.ee\/en\/wp-json\/wp\/v2\/product\/4508","targetHints":{"allow":["GET"]}}],"collection":[{"href":"https:\/\/hingelaegas.ee\/en\/wp-json\/wp\/v2\/product"}],"about":[{"href":"https:\/\/hingelaegas.ee\/en\/wp-json\/wp\/v2\/types\/product"}],"replies":[{"embeddable":true,"href":"https:\/\/hingelaegas.ee\/en\/wp-json\/wp\/v2\/comments?post=4508"}],"wp:featuredmedia":[{"embeddable":true,"href":"https:\/\/hingelaegas.ee\/en\/wp-json\/wp\/v2\/media\/4514"}],"wp:attachment":[{"href":"https:\/\/hingelaegas.ee\/en\/wp-json\/wp\/v2\/media?parent=4508"}],"wp:term":[{"taxonomy":"product_brand","embeddable":true,"href":"https:\/\/hingelaegas.ee\/en\/wp-json\/wp\/v2\/product_brand?post=4508"},{"taxonomy":"product_cat","embeddable":true,"href":"https:\/\/hingelaegas.ee\/en\/wp-json\/wp\/v2\/product_cat?post=4508"},{"taxonomy":"product_tag","embeddable":true,"href":"https:\/\/hingelaegas.ee\/en\/wp-json\/wp\/v2\/product_tag?post=4508"}],"curies":[{"name":"wp","href":"https:\/\/api.w.org\/{rel}","templated":true}]}}