{"id":4541,"date":"2022-10-14T08:06:13","date_gmt":"2022-10-14T05:06:13","guid":{"rendered":"https:\/\/hingelaegas.ee\/?post_type=product&#038;p=4541"},"modified":"2026-04-08T12:32:15","modified_gmt":"2026-04-08T10:32:15","slug":"klaaspudel-100-ml-pruun-korgiga","status":"publish","type":"product","link":"https:\/\/hingelaegas.ee\/en\/product\/klaaspudel-100-ml-pruun-korgiga\/","title":{"rendered":"Klaaspudel, 100 ml, pruun, korgiga"},"content":{"rendered":"","protected":false},"excerpt":{"rendered":"<div class=\"product-content c50 child-spacing\">\n<div class=\"product-content c50 child-spacing\">\n<div class=\"product-content c50 child-spacing\">\n<p>Pruun klaaspudel musta korgi v\u00f5i pumpkorgiga. Sobib UV-tundlikele \u00f5lidele.<\/p>\n<p><strong>Sizes: <\/strong>l\u00e4bim\u00f5\u00f5t 47 mm, k\u00f5rgus 11 cm<\/p>\n<p><strong>Volume:<\/strong> 100 ml<\/p>\n<p><strong>Weight:<\/strong> ~100 g<\/p>\n<\/div>\n<\/div>\n<\/div>","protected":false},"featured_media":4544,"comment_status":"open","ping_status":"closed","template":"","meta":{"_monsterinsights_skip_tracking":false,"_monsterinsights_sitenote_active":false,"_monsterinsights_sitenote_note":"","_monsterinsights_sitenote_category":0},"product_brand":[],"product_cat":[578],"product_tag":[582,579],"class_list":{"0":"post-4541","1":"product","2":"type-product","3":"status-publish","4":"has-post-thumbnail","6":"product_cat-pakendid","7":"product_tag-klaaspudel","8":"product_tag-pakendid","10":"first","11":"instock","12":"taxable","13":"shipping-taxable","14":"purchasable","15":"product-type-variable"},"yoast_head":"<!-- This site is optimized with the Yoast SEO plugin v27.4 - https:\/\/yoast.com\/product\/yoast-seo-wordpress\/ -->\n<title>Klaaspudel, 100 ml, pruun, korgiga - Hingelaegas<\/title>\n<meta name=\"description\" content=\"Pruun klaaspudel (100 ml) musta korgi v\u00f5i pumpkorgiga. Sobib UV-tundlikele \u00f5lidele.\" \/>\n<meta name=\"robots\" content=\"index, follow, max-snippet:-1, max-image-preview:large, max-video-preview:-1\" \/>\n<link rel=\"canonical\" href=\"https:\/\/www.hingelaegas.ee\/en\/product\/klaaspudel-100-ml-pruun-korgiga\/\" \/>\n<meta property=\"og:locale\" content=\"en_GB\" \/>\n<meta property=\"og:type\" content=\"article\" \/>\n<meta property=\"og:title\" content=\"Klaaspudel, 100 ml, pruun, korgiga - Hingelaegas\" \/>\n<meta property=\"og:description\" content=\"Pruun klaaspudel (100 ml) musta korgi v\u00f5i pumpkorgiga. Sobib UV-tundlikele \u00f5lidele.\" \/>\n<meta property=\"og:url\" content=\"https:\/\/www.hingelaegas.ee\/en\/product\/klaaspudel-100-ml-pruun-korgiga\/\" \/>\n<meta property=\"og:site_name\" content=\"Hingelaegas\" \/>\n<meta property=\"article:modified_time\" content=\"2026-04-08T10:32:15+00:00\" \/>\n<meta property=\"og:image\" content=\"https:\/\/i0.wp.com\/hingelaegas.ee\/wp-content\/uploads\/2022\/10\/pudel-100ml-korgiga_taustata.png?fit=500%2C500&ssl=1\" \/>\n\t<meta property=\"og:image:width\" content=\"500\" \/>\n\t<meta property=\"og:image:height\" content=\"500\" \/>\n\t<meta property=\"og:image:type\" content=\"image\/png\" \/>\n<meta name=\"twitter:card\" content=\"summary_large_image\" \/>\n<script type=\"application\/ld+json\" class=\"yoast-schema-graph\">{\"@context\":\"https:\\\/\\\/schema.org\",\"@graph\":[{\"@type\":\"WebPage\",\"@id\":\"https:\\\/\\\/www.hingelaegas.ee\\\/en\\\/product\\\/klaaspudel-100-ml-pruun-korgiga\\\/\",\"url\":\"https:\\\/\\\/www.hingelaegas.ee\\\/en\\\/product\\\/klaaspudel-100-ml-pruun-korgiga\\\/\",\"name\":\"Klaaspudel, 100 ml, pruun, korgiga - Hingelaegas\",\"isPartOf\":{\"@id\":\"https:\\\/\\\/hingelaegas.ee\\\/en\\\/#website\"},\"primaryImageOfPage\":{\"@id\":\"https:\\\/\\\/www.hingelaegas.ee\\\/en\\\/product\\\/klaaspudel-100-ml-pruun-korgiga\\\/#primaryimage\"},\"image\":{\"@id\":\"https:\\\/\\\/www.hingelaegas.ee\\\/en\\\/product\\\/klaaspudel-100-ml-pruun-korgiga\\\/#primaryimage\"},\"thumbnailUrl\":\"https:\\\/\\\/i0.wp.com\\\/hingelaegas.ee\\\/wp-content\\\/uploads\\\/2022\\\/10\\\/pudel-100ml-korgiga_taustata.png?fit=500%2C500&ssl=1\",\"datePublished\":\"2022-10-14T05:06:13+00:00\",\"dateModified\":\"2026-04-08T10:32:15+00:00\",\"description\":\"Pruun klaaspudel (100 ml) musta korgi v\u00f5i pumpkorgiga. Sobib UV-tundlikele \u00f5lidele.\",\"breadcrumb\":{\"@id\":\"https:\\\/\\\/www.hingelaegas.ee\\\/en\\\/product\\\/klaaspudel-100-ml-pruun-korgiga\\\/#breadcrumb\"},\"inLanguage\":\"en-GB\",\"potentialAction\":[{\"@type\":\"ReadAction\",\"target\":[\"https:\\\/\\\/www.hingelaegas.ee\\\/en\\\/product\\\/klaaspudel-100-ml-pruun-korgiga\\\/\"]}]},{\"@type\":\"ImageObject\",\"inLanguage\":\"en-GB\",\"@id\":\"https:\\\/\\\/www.hingelaegas.ee\\\/en\\\/product\\\/klaaspudel-100-ml-pruun-korgiga\\\/#primaryimage\",\"url\":\"https:\\\/\\\/i0.wp.com\\\/hingelaegas.ee\\\/wp-content\\\/uploads\\\/2022\\\/10\\\/pudel-100ml-korgiga_taustata.png?fit=500%2C500&ssl=1\",\"contentUrl\":\"https:\\\/\\\/i0.wp.com\\\/hingelaegas.ee\\\/wp-content\\\/uploads\\\/2022\\\/10\\\/pudel-100ml-korgiga_taustata.png?fit=500%2C500&ssl=1\",\"width\":500,\"height\":500},{\"@type\":\"BreadcrumbList\",\"@id\":\"https:\\\/\\\/www.hingelaegas.ee\\\/en\\\/product\\\/klaaspudel-100-ml-pruun-korgiga\\\/#breadcrumb\",\"itemListElement\":[{\"@type\":\"ListItem\",\"position\":1,\"name\":\"Home\",\"item\":\"https:\\\/\\\/hingelaegas.ee\\\/en\\\/\"},{\"@type\":\"ListItem\",\"position\":2,\"name\":\"E-POOD\",\"item\":\"https:\\\/\\\/hingelaegas.ee\\\/en\\\/e-pood\\\/\"},{\"@type\":\"ListItem\",\"position\":3,\"name\":\"Klaaspudel, 100 ml, pruun, korgiga\"}]},{\"@type\":\"WebSite\",\"@id\":\"https:\\\/\\\/hingelaegas.ee\\\/en\\\/#website\",\"url\":\"https:\\\/\\\/hingelaegas.ee\\\/en\\\/\",\"name\":\"Hingelaegas\",\"description\":\"Hingele. Kehale. Vaimule.\",\"publisher\":{\"@id\":\"https:\\\/\\\/hingelaegas.ee\\\/en\\\/#organization\"},\"potentialAction\":[{\"@type\":\"SearchAction\",\"target\":{\"@type\":\"EntryPoint\",\"urlTemplate\":\"https:\\\/\\\/hingelaegas.ee\\\/en\\\/?s={search_term_string}\"},\"query-input\":{\"@type\":\"PropertyValueSpecification\",\"valueRequired\":true,\"valueName\":\"search_term_string\"}}],\"inLanguage\":\"en-GB\"},{\"@type\":\"Organization\",\"@id\":\"https:\\\/\\\/hingelaegas.ee\\\/en\\\/#organization\",\"name\":\"Hingelaegas O\u00dc\",\"url\":\"https:\\\/\\\/hingelaegas.ee\\\/en\\\/\",\"logo\":{\"@type\":\"ImageObject\",\"inLanguage\":\"en-GB\",\"@id\":\"https:\\\/\\\/hingelaegas.ee\\\/en\\\/#\\\/schema\\\/logo\\\/image\\\/\",\"url\":\"https:\\\/\\\/hingelaegas.ee\\\/wp-content\\\/uploads\\\/2020\\\/12\\\/hingelaegas_vaike.png\",\"contentUrl\":\"https:\\\/\\\/hingelaegas.ee\\\/wp-content\\\/uploads\\\/2020\\\/12\\\/hingelaegas_vaike.png\",\"width\":700,\"height\":700,\"caption\":\"Hingelaegas O\u00dc\"},\"image\":{\"@id\":\"https:\\\/\\\/hingelaegas.ee\\\/en\\\/#\\\/schema\\\/logo\\\/image\\\/\"}}]}<\/script>\n<!-- \/ Yoast SEO plugin. -->","yoast_head_json":{"title":"Klaaspudel, 100 ml, pruun, korgiga - Hingelaegas","description":"Pruun klaaspudel (100 ml) musta korgi v\u00f5i pumpkorgiga. Sobib UV-tundlikele \u00f5lidele.","robots":{"index":"index","follow":"follow","max-snippet":"max-snippet:-1","max-image-preview":"max-image-preview:large","max-video-preview":"max-video-preview:-1"},"canonical":"https:\/\/www.hingelaegas.ee\/en\/product\/klaaspudel-100-ml-pruun-korgiga\/","og_locale":"en_GB","og_type":"article","og_title":"Klaaspudel, 100 ml, pruun, korgiga - Hingelaegas","og_description":"Pruun klaaspudel (100 ml) musta korgi v\u00f5i pumpkorgiga. Sobib UV-tundlikele \u00f5lidele.","og_url":"https:\/\/www.hingelaegas.ee\/en\/product\/klaaspudel-100-ml-pruun-korgiga\/","og_site_name":"Hingelaegas","article_modified_time":"2026-04-08T10:32:15+00:00","og_image":[{"width":500,"height":500,"url":"https:\/\/i0.wp.com\/hingelaegas.ee\/wp-content\/uploads\/2022\/10\/pudel-100ml-korgiga_taustata.png?fit=500%2C500&ssl=1","type":"image\/png"}],"twitter_card":"summary_large_image","schema":{"@context":"https:\/\/schema.org","@graph":[{"@type":"WebPage","@id":"https:\/\/www.hingelaegas.ee\/en\/product\/klaaspudel-100-ml-pruun-korgiga\/","url":"https:\/\/www.hingelaegas.ee\/en\/product\/klaaspudel-100-ml-pruun-korgiga\/","name":"Klaaspudel, 100 ml, pruun, korgiga - Hingelaegas","isPartOf":{"@id":"https:\/\/hingelaegas.ee\/en\/#website"},"primaryImageOfPage":{"@id":"https:\/\/www.hingelaegas.ee\/en\/product\/klaaspudel-100-ml-pruun-korgiga\/#primaryimage"},"image":{"@id":"https:\/\/www.hingelaegas.ee\/en\/product\/klaaspudel-100-ml-pruun-korgiga\/#primaryimage"},"thumbnailUrl":"https:\/\/i0.wp.com\/hingelaegas.ee\/wp-content\/uploads\/2022\/10\/pudel-100ml-korgiga_taustata.png?fit=500%2C500&ssl=1","datePublished":"2022-10-14T05:06:13+00:00","dateModified":"2026-04-08T10:32:15+00:00","description":"Pruun klaaspudel (100 ml) musta korgi v\u00f5i pumpkorgiga. Sobib UV-tundlikele \u00f5lidele.","breadcrumb":{"@id":"https:\/\/www.hingelaegas.ee\/en\/product\/klaaspudel-100-ml-pruun-korgiga\/#breadcrumb"},"inLanguage":"en-GB","potentialAction":[{"@type":"ReadAction","target":["https:\/\/www.hingelaegas.ee\/en\/product\/klaaspudel-100-ml-pruun-korgiga\/"]}]},{"@type":"ImageObject","inLanguage":"en-GB","@id":"https:\/\/www.hingelaegas.ee\/en\/product\/klaaspudel-100-ml-pruun-korgiga\/#primaryimage","url":"https:\/\/i0.wp.com\/hingelaegas.ee\/wp-content\/uploads\/2022\/10\/pudel-100ml-korgiga_taustata.png?fit=500%2C500&ssl=1","contentUrl":"https:\/\/i0.wp.com\/hingelaegas.ee\/wp-content\/uploads\/2022\/10\/pudel-100ml-korgiga_taustata.png?fit=500%2C500&ssl=1","width":500,"height":500},{"@type":"BreadcrumbList","@id":"https:\/\/www.hingelaegas.ee\/en\/product\/klaaspudel-100-ml-pruun-korgiga\/#breadcrumb","itemListElement":[{"@type":"ListItem","position":1,"name":"Home","item":"https:\/\/hingelaegas.ee\/en\/"},{"@type":"ListItem","position":2,"name":"E-POOD","item":"https:\/\/hingelaegas.ee\/en\/e-pood\/"},{"@type":"ListItem","position":3,"name":"Klaaspudel, 100 ml, pruun, korgiga"}]},{"@type":"WebSite","@id":"https:\/\/hingelaegas.ee\/en\/#website","url":"https:\/\/hingelaegas.ee\/en\/","name":"Hingelaegas","description":"For Soul. For Body. For Mind.","publisher":{"@id":"https:\/\/hingelaegas.ee\/en\/#organization"},"potentialAction":[{"@type":"SearchAction","target":{"@type":"EntryPoint","urlTemplate":"https:\/\/hingelaegas.ee\/en\/?s={search_term_string}"},"query-input":{"@type":"PropertyValueSpecification","valueRequired":true,"valueName":"search_term_string"}}],"inLanguage":"en-GB"},{"@type":"Organization","@id":"https:\/\/hingelaegas.ee\/en\/#organization","name":"Hingelaegas O\u00dc","url":"https:\/\/hingelaegas.ee\/en\/","logo":{"@type":"ImageObject","inLanguage":"en-GB","@id":"https:\/\/hingelaegas.ee\/en\/#\/schema\/logo\/image\/","url":"https:\/\/hingelaegas.ee\/wp-content\/uploads\/2020\/12\/hingelaegas_vaike.png","contentUrl":"https:\/\/hingelaegas.ee\/wp-content\/uploads\/2020\/12\/hingelaegas_vaike.png","width":700,"height":700,"caption":"Hingelaegas O\u00dc"},"image":{"@id":"https:\/\/hingelaegas.ee\/en\/#\/schema\/logo\/image\/"}}]}},"acf":[],"jetpack_likes_enabled":false,"jetpack_sharing_enabled":true,"_links":{"self":[{"href":"https:\/\/hingelaegas.ee\/en\/wp-json\/wp\/v2\/product\/4541","targetHints":{"allow":["GET"]}}],"collection":[{"href":"https:\/\/hingelaegas.ee\/en\/wp-json\/wp\/v2\/product"}],"about":[{"href":"https:\/\/hingelaegas.ee\/en\/wp-json\/wp\/v2\/types\/product"}],"replies":[{"embeddable":true,"href":"https:\/\/hingelaegas.ee\/en\/wp-json\/wp\/v2\/comments?post=4541"}],"wp:featuredmedia":[{"embeddable":true,"href":"https:\/\/hingelaegas.ee\/en\/wp-json\/wp\/v2\/media\/4544"}],"wp:attachment":[{"href":"https:\/\/hingelaegas.ee\/en\/wp-json\/wp\/v2\/media?parent=4541"}],"wp:term":[{"taxonomy":"product_brand","embeddable":true,"href":"https:\/\/hingelaegas.ee\/en\/wp-json\/wp\/v2\/product_brand?post=4541"},{"taxonomy":"product_cat","embeddable":true,"href":"https:\/\/hingelaegas.ee\/en\/wp-json\/wp\/v2\/product_cat?post=4541"},{"taxonomy":"product_tag","embeddable":true,"href":"https:\/\/hingelaegas.ee\/en\/wp-json\/wp\/v2\/product_tag?post=4541"}],"curies":[{"name":"wp","href":"https:\/\/api.w.org\/{rel}","templated":true}]}}