{"id":4586,"date":"2022-11-18T09:48:59","date_gmt":"2022-11-18T06:48:59","guid":{"rendered":"https:\/\/hingelaegas.ee\/?post_type=product&#038;p=4586"},"modified":"2025-05-16T16:47:18","modified_gmt":"2025-05-16T14:47:18","slug":"taimne-glutseriin","status":"publish","type":"product","link":"https:\/\/hingelaegas.ee\/en\/product\/taimne-glutseriin\/","title":{"rendered":"Taimne gl\u00fctseriin"},"content":{"rendered":"<div id=\"pageBodyContent\">\n<div class=\"pagewrapper\">\n<div class=\"pagemain\">\n<div class=\"pagecontent web-content\">\n<div class=\"content-container\">\n<section id=\"s3\" class=\"product-content-section c50 closed\">\n<div class=\"product-content-container c50\">\n<div class=\"product-content c50 child-spacing\">\n<div id=\"tw-ob\" class=\"tw-src-ltr\">\n<div class=\"oSioSc\">\n<div id=\"tw-target\">\n<div id=\"kAz1tf\" class=\"g9WsWb\">\n<div id=\"tw-target-text-container\" class=\"tw-ta-container hide-focus-ring tw-nfl\" tabindex=\"0\">\n<div id=\"pageBodyContent\">\n<div class=\"pagewrapper\">\n<div class=\"pagemain\">\n<div class=\"pagecontent web-content\">\n<div class=\"content-container\">\n<section id=\"s3\" class=\"product-content-section c50 closed\">\n<div class=\"product-content-container c50\">\n<div class=\"product-content c50 child-spacing\">\n<div class=\"jhH5U\">\n<div id=\"tw-ob\" class=\"tw-src-ltr\">\n<div class=\"oSioSc\">\n<div id=\"tw-target\">\n<div id=\"kAz1tf\" class=\"g9WsWb\">\n<div id=\"tw-target-text-container\" class=\"tw-ta-container hide-focus-ring tw-nfl\" tabindex=\"0\">\n<div id=\"tw-ob\" class=\"tw-src-ltr\">\n<div class=\"oSioSc\">\n<div id=\"tw-target\">\n<div id=\"kAz1tf\" class=\"g9WsWb\">\n<div id=\"tw-target-text-container\" class=\"tw-ta-container hide-focus-ring tw-nfl\" tabindex=\"0\">\n<div id=\"pageBodyContent\">\n<div class=\"pagewrapper\">\n<div class=\"pagemain\">\n<div class=\"pagecontent web-content\">\n<div class=\"content-container\">\n<section id=\"s3\" class=\"product-content-section c50 closed\">\n<div class=\"product-content-container c50\">\n<div class=\"product-content c50 child-spacing\">\n<div class=\"jhH5U\">\n<div id=\"tw-ob\" class=\"tw-src-ltr\">\n<div class=\"oSioSc\">\n<div id=\"tw-target\">\n<div id=\"kAz1tf\" class=\"g9WsWb\">\n<div id=\"tw-target-text-container\" class=\"tw-ta-container hide-focus-ring tw-nfl\" tabindex=\"0\">\n<div id=\"tw-ob\" class=\"tw-src-ltr\">\n<div class=\"oSioSc\">\n<div id=\"tw-target\">\n<div id=\"kAz1tf\" class=\"g9WsWb\">\n<div id=\"tw-target-text-container\" class=\"tw-ta-container hide-focus-ring tw-nfl\" tabindex=\"0\">\n<p>Taimne gl\u00fctseriin on l\u00e4bipaistev, v\u00e4rvitu ja l\u00f5hnatu viskoosne vedelik, mis on saadud taimsetest \u00f5lidest. See on t\u00f5hus niisutaja, mis sobib lisandina erinevatele h\u00fcgieeni- v\u00f5i kosmeetikatoodetele, n\u00e4iteks naha- ja juuksehooldusvahenditele, dekoratiivkosmeetikale, suuhooldustoodetele, seepidele. Saab ohutult kasutada silmade ja huulte l\u00e4heduses kasutatavates toodetes, juuksev\u00e4rvides, p\u00e4ikesehooldusvahendites. Lisaks kasutatakse ravimtaimede ekstraktide lahustina.<\/p>\n<p>Gl\u00fctseriini lisatakse soovituslikult naha- ja juuksehooldustoodetele 1-10% toote veefaasis. N\u00e4iteks v\u00f5ib lisada naha niisutamiseks ka lilleveele ja seej\u00e4rel kanda n\u00e4ole.<\/p>\n<p>Taimne gl\u00fctseriin t\u00f5mbab ligi niiskust ja lukustab selle nahka, pehmendades, siludes ja rahustades nahka. Selle pH tase \u00fchtib naha omaga, mist\u00f5ttu on see piisavalt \u00f5rn, et seda saaks kasutada ka tundliku nahaga inimesed ja lisada beebide nahahooldustoodetele.<\/p>\n<p>Puhastab nahka poore ummistamata ja soodustab teiste kasulike toimeainete imendumist looduslikes toodetes, silub naha peeneid kortsukesi ja v\u00e4ikseid pragusid, soodustab uue naha taastumist, \u00fchtlustab nahatooni ning v\u00e4hendab soovimatute laikude ja m\u00e4rkide v\u00e4ljan\u00e4gemist.<\/p>\n<p>Taimne gl\u00fctseriin kaitseb nahka ja peanahka bakterite eest, reguleerib rasu tootmist, leevendab s\u00fcgelust ja kuivust, k\u00f5rvaldab pooriummistusi, toidab tuhmi nahka ja juukseid, s\u00e4ilitab naha elastsuse ning aitab kaasa p\u00e4ikesekaitseomadustele, mis kaitsevad nende eest. Samuti aitab taastada nahka UV-kiirguse liigse kokkupuute kahjulike m\u00f5jude korral.<\/p>\n<p>Lisaks jahutab ja rahustab nahka ning soodustab erinevate naha ebamugavate ja\/v\u00f5i kahjustatud seisundite (nt kriimustused, sissel\u00f5iked, p\u00f5letused, s\u00fcgelus, l\u00f6\u00f6bed, haavandid, ekseem, psoriaas ja muud kuivusega kaasnevad vaevused) paranemist. See loob nahale kaitsebarj\u00e4\u00e4ri, et kaitsta keskkonna saasteainete eest.<\/p>\n<h2 class=\"heading c50\"><em style=\"font-size: 16px;\">Caution!<\/em><\/h2>\n<ul>\n<li>Keep out of reach of children.<\/li>\n<li>For external use only.<\/li>\n<li>Avoid contact with eyes or mucous membranes.<\/li>\n<\/ul>\n<\/div>\n<\/div>\n<\/div>\n<\/div>\n<\/div>\n<\/div>\n<\/div>\n<\/div>\n<\/div>\n<\/div>\n<\/div>\n<\/div>\n<\/div>\n<\/section>\n<\/div>\n<\/div>\n<\/div>\n<\/div>\n<\/div>\n<\/div>\n<\/div>\n<\/div>\n<\/div>\n<\/div>\n<\/div>\n<\/div>\n<\/div>\n<\/div>\n<\/div>\n<\/div>\n<\/div>\n<\/div>\n<\/section>\n<\/div>\n<\/div>\n<\/div>\n<\/div>\n<\/div>\n<\/div>\n<\/div>\n<\/div>\n<\/div>\n<\/div>\n<\/div>\n<\/div>\n<\/section>\n<\/div>\n<\/div>\n<\/div>\n<\/div>\n<\/div>","protected":false},"excerpt":{"rendered":"<div class=\"product-content c50 child-spacing\">\n<p>Taimne gl\u00fctseriin on l\u00e4bipaistev, v\u00e4rvitu ja l\u00f5hnatu viskoosne vedelik, mis on saadud taimsetest \u00f5lidest.\u00a0Taimne gl\u00fctseriin t\u00f5mbab ligi niiskust ja lukustab selle nahka, pehmendades, siludes ja rahustades nahka. Selle pH tase \u00fchtib naha omaga, mist\u00f5ttu on see piisavalt \u00f5rn, et seda saaks kasutada ka tundliku nahaga inimesed ja lisada beebide nahahooldustoodetele.<\/p>\n<div class=\"product-content c50 child-spacing\">\n<div class=\"product-content c50 child-spacing\">\n<ul>\n<li>on naturaalsetest koostisosadest<\/li>\n<li>do not contain synthetic preservatives, fragrances, or dyes<\/li>\n<li>ei sisalda petrooleumi<\/li>\n<li>have not been tested on animals<\/li>\n<li>suitable for vegans<\/li>\n<\/ul>\n<div class=\"product-content c50 child-spacing\">\n<p class=\"_04xlpA direction-ltr align-start para-style-body\"><strong><span class=\"JsGRdQ\">INCI\/Koostis:<\/span><\/strong><\/p>\n<p class=\"_04xlpA direction-ltr align-start para-style-body\"><span class=\"JsGRdQ\">Glycerin<\/span><\/p>\n<p>Pilt on illustreeriv. Toode on pakendatud musta korgiga pruuni klaaspudelisse. Maht vastavalt valitud kogusele.<\/p>\n<\/div>\n<\/div>\n<\/div>\n<\/div>","protected":false},"featured_media":4590,"comment_status":"open","ping_status":"closed","template":"","meta":{"_monsterinsights_skip_tracking":false,"_monsterinsights_sitenote_active":false,"_monsterinsights_sitenote_note":"","_monsterinsights_sitenote_category":0},"product_brand":[],"product_cat":[574],"product_tag":[585,593,489,586],"class_list":{"0":"post-4586","1":"product","2":"type-product","3":"status-publish","4":"has-post-thumbnail","6":"product_cat-diy-tee-ise","7":"product_tag-diy","8":"product_tag-glutseriin","9":"product_tag-kehahooldus","10":"product_tag-tee-ise","12":"first","13":"outofstock","14":"taxable","15":"shipping-taxable","16":"purchasable","17":"product-type-variable"},"yoast_head":"<!-- This site is optimized with the Yoast SEO plugin v27.3 - https:\/\/yoast.com\/product\/yoast-seo-wordpress\/ -->\n<title>Taimne gl\u00fctseriin - Hingelaegas<\/title>\n<meta name=\"description\" content=\"Taimne gl\u00fctseriin on l\u00e4bipaistev, v\u00e4rvitu ja l\u00f5hnatu viskoosne vedelik, mis on saadud taimsetest \u00f5lidest.\u00a0Taimne gl\u00fctseriin t\u00f5mbab ligi niiskust ja lukustab selle nahka, pehmendades, siludes ja rahustades nahka. Selle pH tase \u00fchtib naha omaga, mist\u00f5ttu on see piisavalt \u00f5rn, et seda saaks kasutada ka tundliku nahaga inimesed ja lisada beebide nahahooldustoodetele.\" \/>\n<meta name=\"robots\" content=\"index, follow, max-snippet:-1, max-image-preview:large, max-video-preview:-1\" \/>\n<link rel=\"canonical\" href=\"https:\/\/hingelaegas.ee\/en\/product\/taimne-glutseriin\/\" \/>\n<meta property=\"og:locale\" content=\"en_GB\" \/>\n<meta property=\"og:type\" content=\"article\" \/>\n<meta property=\"og:title\" content=\"Taimne gl\u00fctseriin - Hingelaegas\" \/>\n<meta property=\"og:description\" content=\"Taimne gl\u00fctseriin on l\u00e4bipaistev, v\u00e4rvitu ja l\u00f5hnatu viskoosne vedelik, mis on saadud taimsetest \u00f5lidest.\u00a0Taimne gl\u00fctseriin t\u00f5mbab ligi niiskust ja lukustab selle nahka, pehmendades, siludes ja rahustades nahka. Selle pH tase \u00fchtib naha omaga, mist\u00f5ttu on see piisavalt \u00f5rn, et seda saaks kasutada ka tundliku nahaga inimesed ja lisada beebide nahahooldustoodetele.\" \/>\n<meta property=\"og:url\" content=\"https:\/\/hingelaegas.ee\/en\/product\/taimne-glutseriin\/\" \/>\n<meta property=\"og:site_name\" content=\"Hingelaegas\" \/>\n<meta property=\"article:modified_time\" content=\"2025-05-16T14:47:18+00:00\" \/>\n<meta property=\"og:image\" content=\"https:\/\/i0.wp.com\/hingelaegas.ee\/wp-content\/uploads\/2022\/11\/taimne-glutseriin.jpg?fit=800%2C799&ssl=1\" \/>\n\t<meta property=\"og:image:width\" content=\"800\" \/>\n\t<meta property=\"og:image:height\" content=\"799\" \/>\n\t<meta property=\"og:image:type\" content=\"image\/jpeg\" \/>\n<meta name=\"twitter:card\" content=\"summary_large_image\" \/>\n<meta name=\"twitter:label1\" content=\"Estimated reading time\" \/>\n\t<meta name=\"twitter:data1\" content=\"2 minutes\" \/>\n<script type=\"application\/ld+json\" class=\"yoast-schema-graph\">{\"@context\":\"https:\\\/\\\/schema.org\",\"@graph\":[{\"@type\":\"WebPage\",\"@id\":\"https:\\\/\\\/hingelaegas.ee\\\/en\\\/product\\\/taimne-glutseriin\\\/\",\"url\":\"https:\\\/\\\/hingelaegas.ee\\\/en\\\/product\\\/taimne-glutseriin\\\/\",\"name\":\"Taimne gl\u00fctseriin - Hingelaegas\",\"isPartOf\":{\"@id\":\"https:\\\/\\\/www.hingelaegas.ee\\\/#website\"},\"primaryImageOfPage\":{\"@id\":\"https:\\\/\\\/hingelaegas.ee\\\/en\\\/product\\\/taimne-glutseriin\\\/#primaryimage\"},\"image\":{\"@id\":\"https:\\\/\\\/hingelaegas.ee\\\/en\\\/product\\\/taimne-glutseriin\\\/#primaryimage\"},\"thumbnailUrl\":\"https:\\\/\\\/i0.wp.com\\\/hingelaegas.ee\\\/wp-content\\\/uploads\\\/2022\\\/11\\\/taimne-glutseriin.jpg?fit=800%2C799&ssl=1\",\"datePublished\":\"2022-11-18T06:48:59+00:00\",\"dateModified\":\"2025-05-16T14:47:18+00:00\",\"description\":\"Taimne gl\u00fctseriin on l\u00e4bipaistev, v\u00e4rvitu ja l\u00f5hnatu viskoosne vedelik, mis on saadud taimsetest \u00f5lidest.\u00a0Taimne gl\u00fctseriin t\u00f5mbab ligi niiskust ja lukustab selle nahka, pehmendades, siludes ja rahustades nahka. Selle pH tase \u00fchtib naha omaga, mist\u00f5ttu on see piisavalt \u00f5rn, et seda saaks kasutada ka tundliku nahaga inimesed ja lisada beebide nahahooldustoodetele.\",\"breadcrumb\":{\"@id\":\"https:\\\/\\\/hingelaegas.ee\\\/en\\\/product\\\/taimne-glutseriin\\\/#breadcrumb\"},\"inLanguage\":\"en-GB\",\"potentialAction\":[{\"@type\":\"ReadAction\",\"target\":[\"https:\\\/\\\/hingelaegas.ee\\\/en\\\/product\\\/taimne-glutseriin\\\/\"]}]},{\"@type\":\"ImageObject\",\"inLanguage\":\"en-GB\",\"@id\":\"https:\\\/\\\/hingelaegas.ee\\\/en\\\/product\\\/taimne-glutseriin\\\/#primaryimage\",\"url\":\"https:\\\/\\\/i0.wp.com\\\/hingelaegas.ee\\\/wp-content\\\/uploads\\\/2022\\\/11\\\/taimne-glutseriin.jpg?fit=800%2C799&ssl=1\",\"contentUrl\":\"https:\\\/\\\/i0.wp.com\\\/hingelaegas.ee\\\/wp-content\\\/uploads\\\/2022\\\/11\\\/taimne-glutseriin.jpg?fit=800%2C799&ssl=1\",\"width\":800,\"height\":799},{\"@type\":\"BreadcrumbList\",\"@id\":\"https:\\\/\\\/hingelaegas.ee\\\/en\\\/product\\\/taimne-glutseriin\\\/#breadcrumb\",\"itemListElement\":[{\"@type\":\"ListItem\",\"position\":1,\"name\":\"Home\",\"item\":\"https:\\\/\\\/www.hingelaegas.ee\\\/en\\\/\"},{\"@type\":\"ListItem\",\"position\":2,\"name\":\"E-POOD\",\"item\":\"https:\\\/\\\/www.hingelaegas.ee\\\/en\\\/e-pood\\\/\"},{\"@type\":\"ListItem\",\"position\":3,\"name\":\"Taimne gl\u00fctseriin\"}]},{\"@type\":\"WebSite\",\"@id\":\"https:\\\/\\\/www.hingelaegas.ee\\\/#website\",\"url\":\"https:\\\/\\\/www.hingelaegas.ee\\\/\",\"name\":\"Hingelaegas\",\"description\":\"Hingele. Kehale. Vaimule.\",\"publisher\":{\"@id\":\"https:\\\/\\\/www.hingelaegas.ee\\\/#organization\"},\"potentialAction\":[{\"@type\":\"SearchAction\",\"target\":{\"@type\":\"EntryPoint\",\"urlTemplate\":\"https:\\\/\\\/www.hingelaegas.ee\\\/?s={search_term_string}\"},\"query-input\":{\"@type\":\"PropertyValueSpecification\",\"valueRequired\":true,\"valueName\":\"search_term_string\"}}],\"inLanguage\":\"en-GB\"},{\"@type\":\"Organization\",\"@id\":\"https:\\\/\\\/www.hingelaegas.ee\\\/#organization\",\"name\":\"Hingelaegas O\u00dc\",\"url\":\"https:\\\/\\\/www.hingelaegas.ee\\\/\",\"logo\":{\"@type\":\"ImageObject\",\"inLanguage\":\"en-GB\",\"@id\":\"https:\\\/\\\/www.hingelaegas.ee\\\/#\\\/schema\\\/logo\\\/image\\\/\",\"url\":\"https:\\\/\\\/hingelaegas.ee\\\/wp-content\\\/uploads\\\/2020\\\/12\\\/hingelaegas_vaike.png\",\"contentUrl\":\"https:\\\/\\\/hingelaegas.ee\\\/wp-content\\\/uploads\\\/2020\\\/12\\\/hingelaegas_vaike.png\",\"width\":700,\"height\":700,\"caption\":\"Hingelaegas O\u00dc\"},\"image\":{\"@id\":\"https:\\\/\\\/www.hingelaegas.ee\\\/#\\\/schema\\\/logo\\\/image\\\/\"}}]}<\/script>\n<!-- \/ Yoast SEO plugin. -->","yoast_head_json":{"title":"Taimne gl\u00fctseriin - Hingelaegas","description":"Taimne gl\u00fctseriin on l\u00e4bipaistev, v\u00e4rvitu ja l\u00f5hnatu viskoosne vedelik, mis on saadud taimsetest \u00f5lidest.\u00a0Taimne gl\u00fctseriin t\u00f5mbab ligi niiskust ja lukustab selle nahka, pehmendades, siludes ja rahustades nahka. Selle pH tase \u00fchtib naha omaga, mist\u00f5ttu on see piisavalt \u00f5rn, et seda saaks kasutada ka tundliku nahaga inimesed ja lisada beebide nahahooldustoodetele.","robots":{"index":"index","follow":"follow","max-snippet":"max-snippet:-1","max-image-preview":"max-image-preview:large","max-video-preview":"max-video-preview:-1"},"canonical":"https:\/\/hingelaegas.ee\/en\/product\/taimne-glutseriin\/","og_locale":"en_GB","og_type":"article","og_title":"Taimne gl\u00fctseriin - Hingelaegas","og_description":"Taimne gl\u00fctseriin on l\u00e4bipaistev, v\u00e4rvitu ja l\u00f5hnatu viskoosne vedelik, mis on saadud taimsetest \u00f5lidest.\u00a0Taimne gl\u00fctseriin t\u00f5mbab ligi niiskust ja lukustab selle nahka, pehmendades, siludes ja rahustades nahka. Selle pH tase \u00fchtib naha omaga, mist\u00f5ttu on see piisavalt \u00f5rn, et seda saaks kasutada ka tundliku nahaga inimesed ja lisada beebide nahahooldustoodetele.","og_url":"https:\/\/hingelaegas.ee\/en\/product\/taimne-glutseriin\/","og_site_name":"Hingelaegas","article_modified_time":"2025-05-16T14:47:18+00:00","og_image":[{"width":800,"height":799,"url":"https:\/\/i0.wp.com\/hingelaegas.ee\/wp-content\/uploads\/2022\/11\/taimne-glutseriin.jpg?fit=800%2C799&ssl=1","type":"image\/jpeg"}],"twitter_card":"summary_large_image","twitter_misc":{"Estimated reading time":"2 minutes"},"schema":{"@context":"https:\/\/schema.org","@graph":[{"@type":"WebPage","@id":"https:\/\/hingelaegas.ee\/en\/product\/taimne-glutseriin\/","url":"https:\/\/hingelaegas.ee\/en\/product\/taimne-glutseriin\/","name":"Taimne gl\u00fctseriin - Hingelaegas","isPartOf":{"@id":"https:\/\/www.hingelaegas.ee\/#website"},"primaryImageOfPage":{"@id":"https:\/\/hingelaegas.ee\/en\/product\/taimne-glutseriin\/#primaryimage"},"image":{"@id":"https:\/\/hingelaegas.ee\/en\/product\/taimne-glutseriin\/#primaryimage"},"thumbnailUrl":"https:\/\/i0.wp.com\/hingelaegas.ee\/wp-content\/uploads\/2022\/11\/taimne-glutseriin.jpg?fit=800%2C799&ssl=1","datePublished":"2022-11-18T06:48:59+00:00","dateModified":"2025-05-16T14:47:18+00:00","description":"Taimne gl\u00fctseriin on l\u00e4bipaistev, v\u00e4rvitu ja l\u00f5hnatu viskoosne vedelik, mis on saadud taimsetest \u00f5lidest.\u00a0Taimne gl\u00fctseriin t\u00f5mbab ligi niiskust ja lukustab selle nahka, pehmendades, siludes ja rahustades nahka. Selle pH tase \u00fchtib naha omaga, mist\u00f5ttu on see piisavalt \u00f5rn, et seda saaks kasutada ka tundliku nahaga inimesed ja lisada beebide nahahooldustoodetele.","breadcrumb":{"@id":"https:\/\/hingelaegas.ee\/en\/product\/taimne-glutseriin\/#breadcrumb"},"inLanguage":"en-GB","potentialAction":[{"@type":"ReadAction","target":["https:\/\/hingelaegas.ee\/en\/product\/taimne-glutseriin\/"]}]},{"@type":"ImageObject","inLanguage":"en-GB","@id":"https:\/\/hingelaegas.ee\/en\/product\/taimne-glutseriin\/#primaryimage","url":"https:\/\/i0.wp.com\/hingelaegas.ee\/wp-content\/uploads\/2022\/11\/taimne-glutseriin.jpg?fit=800%2C799&ssl=1","contentUrl":"https:\/\/i0.wp.com\/hingelaegas.ee\/wp-content\/uploads\/2022\/11\/taimne-glutseriin.jpg?fit=800%2C799&ssl=1","width":800,"height":799},{"@type":"BreadcrumbList","@id":"https:\/\/hingelaegas.ee\/en\/product\/taimne-glutseriin\/#breadcrumb","itemListElement":[{"@type":"ListItem","position":1,"name":"Home","item":"https:\/\/www.hingelaegas.ee\/en\/"},{"@type":"ListItem","position":2,"name":"E-POOD","item":"https:\/\/www.hingelaegas.ee\/en\/e-pood\/"},{"@type":"ListItem","position":3,"name":"Taimne gl\u00fctseriin"}]},{"@type":"WebSite","@id":"https:\/\/www.hingelaegas.ee\/#website","url":"https:\/\/www.hingelaegas.ee\/","name":"Hingelaegas","description":"For Soul. For Body. For Mind.","publisher":{"@id":"https:\/\/www.hingelaegas.ee\/#organization"},"potentialAction":[{"@type":"SearchAction","target":{"@type":"EntryPoint","urlTemplate":"https:\/\/www.hingelaegas.ee\/?s={search_term_string}"},"query-input":{"@type":"PropertyValueSpecification","valueRequired":true,"valueName":"search_term_string"}}],"inLanguage":"en-GB"},{"@type":"Organization","@id":"https:\/\/www.hingelaegas.ee\/#organization","name":"Hingelaegas O\u00dc","url":"https:\/\/www.hingelaegas.ee\/","logo":{"@type":"ImageObject","inLanguage":"en-GB","@id":"https:\/\/www.hingelaegas.ee\/#\/schema\/logo\/image\/","url":"https:\/\/hingelaegas.ee\/wp-content\/uploads\/2020\/12\/hingelaegas_vaike.png","contentUrl":"https:\/\/hingelaegas.ee\/wp-content\/uploads\/2020\/12\/hingelaegas_vaike.png","width":700,"height":700,"caption":"Hingelaegas O\u00dc"},"image":{"@id":"https:\/\/www.hingelaegas.ee\/#\/schema\/logo\/image\/"}}]}},"acf":[],"jetpack_likes_enabled":false,"jetpack_sharing_enabled":true,"_links":{"self":[{"href":"https:\/\/hingelaegas.ee\/en\/wp-json\/wp\/v2\/product\/4586","targetHints":{"allow":["GET"]}}],"collection":[{"href":"https:\/\/hingelaegas.ee\/en\/wp-json\/wp\/v2\/product"}],"about":[{"href":"https:\/\/hingelaegas.ee\/en\/wp-json\/wp\/v2\/types\/product"}],"replies":[{"embeddable":true,"href":"https:\/\/hingelaegas.ee\/en\/wp-json\/wp\/v2\/comments?post=4586"}],"wp:featuredmedia":[{"embeddable":true,"href":"https:\/\/hingelaegas.ee\/en\/wp-json\/wp\/v2\/media\/4590"}],"wp:attachment":[{"href":"https:\/\/hingelaegas.ee\/en\/wp-json\/wp\/v2\/media?parent=4586"}],"wp:term":[{"taxonomy":"product_brand","embeddable":true,"href":"https:\/\/hingelaegas.ee\/en\/wp-json\/wp\/v2\/product_brand?post=4586"},{"taxonomy":"product_cat","embeddable":true,"href":"https:\/\/hingelaegas.ee\/en\/wp-json\/wp\/v2\/product_cat?post=4586"},{"taxonomy":"product_tag","embeddable":true,"href":"https:\/\/hingelaegas.ee\/en\/wp-json\/wp\/v2\/product_tag?post=4586"}],"curies":[{"name":"wp","href":"https:\/\/api.w.org\/{rel}","templated":true}]}}