{"id":4709,"date":"2023-02-04T11:55:58","date_gmt":"2023-02-04T08:55:58","guid":{"rendered":"https:\/\/www.hingelaegas.ee\/?post_type=product&#038;p=4709"},"modified":"2025-09-23T17:41:26","modified_gmt":"2025-09-23T14:41:26","slug":"kookoslehest-tuulekell-valge","status":"publish","type":"product","link":"https:\/\/hingelaegas.ee\/en\/product\/kookoslehest-tuulekell-valge\/","title":{"rendered":"Coconut wind chime, white"},"content":{"rendered":"<p><span style=\"font-family: georgia, palatino; font-size: 12pt;\">Wind chimes are enchanting musical instruments. Their iridescent tones, created by the caresses of gentle winds, refresh the spirit, restore vitality, inspire and stimulate creativity. Their swaying sound has a mesmerizing effect and therefore has a positive effect on the functioning of our brain, helping to reduce the level of stress hormones in the body and thereby relieving stress, filling us with a feeling of peace, calm, and deep relaxation.<\/span><\/p>\n<p><span style=\"font-family: georgia, palatino; font-size: 12pt;\">They seems ethereal, fusing and uniting the sacred element of the air, our physical world, and the heavenly spirit world. Many are drawn to the mytsical wind chimes, even if they don't understand why. Their sounds are very fascinating and captivating, and they have a magical charm for the heart. The iridescent sound of these bells penetrates deep into the soul, echoing against the farthest bottom of the soul. As if you were hearing a distant mystical call from ancient times.<\/span><\/p>\n<p><span style=\"font-family: georgia, palatino; font-size: 12pt;\">Wind chimes also heal the spirit. Their positively charged sound energy helps to release emotional blockages.<\/span><\/p>\n<p><span style=\"font-family: georgia, palatino; font-size: 12pt;\">Wind chimes create balance, harmony and well-being around them, bring peace and solemnity to your home or garden - depending on where you place them.<\/span><\/p>\n<p><span style=\"font-family: georgia, palatino; font-size: 12pt;\">The high-vibrational sounds of wind chimes have an energetically protective effect, scaring away unwanted guests, misfortune, and any negative energy.<\/span><\/p>","protected":false},"excerpt":{"rendered":"<div class=\"description\">\n<p>A wind chime that is handcrafted in Indonesia from a natural coconut leaf, whose metal tubes create a resounding melody for the home and garden. Suitable for decoration both indoors and outdoors. During the winter period, it is recommended to put under cover or bring it indoors.<\/p>\n<p>Total hanging height 85 cm. The height of the wind chime with the tubes is 65 cm, the width is 12 cm.<\/p>\n<p>Colour: white.<\/p>\n<\/div>","protected":false},"featured_media":4714,"comment_status":"open","ping_status":"closed","template":"","meta":{"_monsterinsights_skip_tracking":false,"_monsterinsights_sitenote_active":false,"_monsterinsights_sitenote_note":"","_monsterinsights_sitenote_category":0},"product_brand":[],"product_cat":[162],"product_tag":[183,196],"class_list":{"0":"post-4709","1":"product","2":"type-product","3":"status-publish","4":"has-post-thumbnail","6":"product_cat-tuulekellad","7":"product_tag-kodusisustus","8":"product_tag-tuulekellad","10":"first","11":"instock","12":"taxable","13":"shipping-taxable","14":"purchasable","15":"product-type-simple"},"yoast_head":"<!-- This site is optimized with the Yoast SEO plugin v27.3 - https:\/\/yoast.com\/product\/yoast-seo-wordpress\/ -->\n<title>Kookoslehest tuulekell, valge - Hingelaegas<\/title>\n<meta name=\"description\" content=\"Valge v\u00e4rviga viimistletud ja k\u00e4sitsi naturaalsest kookoslehest valmistatud tuulekell toob isikup\u00e4ra ja erilist h\u00f5ngu igale kodule ja aiale. Sobib dekoratsiooniks nii sise- kui v\u00e4listingimustes.\" \/>\n<meta name=\"robots\" content=\"index, follow, max-snippet:-1, max-image-preview:large, max-video-preview:-1\" \/>\n<link rel=\"canonical\" href=\"https:\/\/www.hingelaegas.ee\/en\/product\/kookoslehest-tuulekell-valge\/\" \/>\n<meta property=\"og:locale\" content=\"en_GB\" \/>\n<meta property=\"og:type\" content=\"article\" \/>\n<meta property=\"og:title\" content=\"Kookoslehest tuulekell, valge - Hingelaegas\" \/>\n<meta property=\"og:description\" content=\"Valge v\u00e4rviga viimistletud ja k\u00e4sitsi naturaalsest kookoslehest valmistatud tuulekell toob isikup\u00e4ra ja erilist h\u00f5ngu igale kodule ja aiale. Sobib dekoratsiooniks nii sise- kui v\u00e4listingimustes.\" \/>\n<meta property=\"og:url\" content=\"https:\/\/www.hingelaegas.ee\/en\/product\/kookoslehest-tuulekell-valge\/\" \/>\n<meta property=\"og:site_name\" content=\"Hingelaegas\" \/>\n<meta property=\"article:modified_time\" content=\"2025-09-23T14:41:26+00:00\" \/>\n<meta property=\"og:image\" content=\"https:\/\/i0.wp.com\/hingelaegas.ee\/wp-content\/uploads\/2023\/02\/tuulekell_coconut-leaf_whitewash-e1692878235792.jpeg?fit=800%2C800&ssl=1\" \/>\n\t<meta property=\"og:image:width\" content=\"800\" \/>\n\t<meta property=\"og:image:height\" content=\"800\" \/>\n\t<meta property=\"og:image:type\" content=\"image\/jpeg\" \/>\n<meta name=\"twitter:card\" content=\"summary_large_image\" \/>\n<meta name=\"twitter:label1\" content=\"Estimated reading time\" \/>\n\t<meta name=\"twitter:data1\" content=\"1 minute\" \/>\n<script type=\"application\/ld+json\" class=\"yoast-schema-graph\">{\"@context\":\"https:\\\/\\\/schema.org\",\"@graph\":[{\"@type\":\"WebPage\",\"@id\":\"https:\\\/\\\/www.hingelaegas.ee\\\/en\\\/product\\\/kookoslehest-tuulekell-valge\\\/\",\"url\":\"https:\\\/\\\/www.hingelaegas.ee\\\/en\\\/product\\\/kookoslehest-tuulekell-valge\\\/\",\"name\":\"Kookoslehest tuulekell, valge - Hingelaegas\",\"isPartOf\":{\"@id\":\"https:\\\/\\\/www.hingelaegas.ee\\\/en\\\/#website\"},\"primaryImageOfPage\":{\"@id\":\"https:\\\/\\\/www.hingelaegas.ee\\\/en\\\/product\\\/kookoslehest-tuulekell-valge\\\/#primaryimage\"},\"image\":{\"@id\":\"https:\\\/\\\/www.hingelaegas.ee\\\/en\\\/product\\\/kookoslehest-tuulekell-valge\\\/#primaryimage\"},\"thumbnailUrl\":\"https:\\\/\\\/i0.wp.com\\\/hingelaegas.ee\\\/wp-content\\\/uploads\\\/2023\\\/02\\\/tuulekell_coconut-leaf_whitewash-e1692878235792.jpeg?fit=800%2C800&ssl=1\",\"datePublished\":\"2023-02-04T08:55:58+00:00\",\"dateModified\":\"2025-09-23T14:41:26+00:00\",\"description\":\"Valge v\u00e4rviga viimistletud ja k\u00e4sitsi naturaalsest kookoslehest valmistatud tuulekell toob isikup\u00e4ra ja erilist h\u00f5ngu igale kodule ja aiale. Sobib dekoratsiooniks nii sise- kui v\u00e4listingimustes.\",\"breadcrumb\":{\"@id\":\"https:\\\/\\\/www.hingelaegas.ee\\\/en\\\/product\\\/kookoslehest-tuulekell-valge\\\/#breadcrumb\"},\"inLanguage\":\"en-GB\",\"potentialAction\":[{\"@type\":\"ReadAction\",\"target\":[\"https:\\\/\\\/www.hingelaegas.ee\\\/en\\\/product\\\/kookoslehest-tuulekell-valge\\\/\"]}]},{\"@type\":\"ImageObject\",\"inLanguage\":\"en-GB\",\"@id\":\"https:\\\/\\\/www.hingelaegas.ee\\\/en\\\/product\\\/kookoslehest-tuulekell-valge\\\/#primaryimage\",\"url\":\"https:\\\/\\\/i0.wp.com\\\/hingelaegas.ee\\\/wp-content\\\/uploads\\\/2023\\\/02\\\/tuulekell_coconut-leaf_whitewash-e1692878235792.jpeg?fit=800%2C800&ssl=1\",\"contentUrl\":\"https:\\\/\\\/i0.wp.com\\\/hingelaegas.ee\\\/wp-content\\\/uploads\\\/2023\\\/02\\\/tuulekell_coconut-leaf_whitewash-e1692878235792.jpeg?fit=800%2C800&ssl=1\",\"width\":800,\"height\":800,\"caption\":\"kookoslehest tuulekell\"},{\"@type\":\"BreadcrumbList\",\"@id\":\"https:\\\/\\\/www.hingelaegas.ee\\\/en\\\/product\\\/kookoslehest-tuulekell-valge\\\/#breadcrumb\",\"itemListElement\":[{\"@type\":\"ListItem\",\"position\":1,\"name\":\"Home\",\"item\":\"https:\\\/\\\/www.hingelaegas.ee\\\/en\\\/\"},{\"@type\":\"ListItem\",\"position\":2,\"name\":\"E-POOD\",\"item\":\"https:\\\/\\\/www.hingelaegas.ee\\\/en\\\/e-pood\\\/\"},{\"@type\":\"ListItem\",\"position\":3,\"name\":\"Kookoslehest tuulekell, valge\"}]},{\"@type\":\"WebSite\",\"@id\":\"https:\\\/\\\/www.hingelaegas.ee\\\/en\\\/#website\",\"url\":\"https:\\\/\\\/www.hingelaegas.ee\\\/en\\\/\",\"name\":\"Hingelaegas\",\"description\":\"Hingele. Kehale. Vaimule.\",\"publisher\":{\"@id\":\"https:\\\/\\\/www.hingelaegas.ee\\\/en\\\/#organization\"},\"potentialAction\":[{\"@type\":\"SearchAction\",\"target\":{\"@type\":\"EntryPoint\",\"urlTemplate\":\"https:\\\/\\\/www.hingelaegas.ee\\\/en\\\/?s={search_term_string}\"},\"query-input\":{\"@type\":\"PropertyValueSpecification\",\"valueRequired\":true,\"valueName\":\"search_term_string\"}}],\"inLanguage\":\"en-GB\"},{\"@type\":\"Organization\",\"@id\":\"https:\\\/\\\/www.hingelaegas.ee\\\/en\\\/#organization\",\"name\":\"Hingelaegas O\u00dc\",\"url\":\"https:\\\/\\\/www.hingelaegas.ee\\\/en\\\/\",\"logo\":{\"@type\":\"ImageObject\",\"inLanguage\":\"en-GB\",\"@id\":\"https:\\\/\\\/www.hingelaegas.ee\\\/en\\\/#\\\/schema\\\/logo\\\/image\\\/\",\"url\":\"https:\\\/\\\/hingelaegas.ee\\\/wp-content\\\/uploads\\\/2020\\\/12\\\/hingelaegas_vaike.png\",\"contentUrl\":\"https:\\\/\\\/hingelaegas.ee\\\/wp-content\\\/uploads\\\/2020\\\/12\\\/hingelaegas_vaike.png\",\"width\":700,\"height\":700,\"caption\":\"Hingelaegas O\u00dc\"},\"image\":{\"@id\":\"https:\\\/\\\/www.hingelaegas.ee\\\/en\\\/#\\\/schema\\\/logo\\\/image\\\/\"}}]}<\/script>\n<!-- \/ Yoast SEO plugin. -->","yoast_head_json":{"title":"Kookoslehest tuulekell, valge - Hingelaegas","description":"Valge v\u00e4rviga viimistletud ja k\u00e4sitsi naturaalsest kookoslehest valmistatud tuulekell toob isikup\u00e4ra ja erilist h\u00f5ngu igale kodule ja aiale. Sobib dekoratsiooniks nii sise- kui v\u00e4listingimustes.","robots":{"index":"index","follow":"follow","max-snippet":"max-snippet:-1","max-image-preview":"max-image-preview:large","max-video-preview":"max-video-preview:-1"},"canonical":"https:\/\/www.hingelaegas.ee\/en\/product\/kookoslehest-tuulekell-valge\/","og_locale":"en_GB","og_type":"article","og_title":"Kookoslehest tuulekell, valge - Hingelaegas","og_description":"Valge v\u00e4rviga viimistletud ja k\u00e4sitsi naturaalsest kookoslehest valmistatud tuulekell toob isikup\u00e4ra ja erilist h\u00f5ngu igale kodule ja aiale. Sobib dekoratsiooniks nii sise- kui v\u00e4listingimustes.","og_url":"https:\/\/www.hingelaegas.ee\/en\/product\/kookoslehest-tuulekell-valge\/","og_site_name":"Hingelaegas","article_modified_time":"2025-09-23T14:41:26+00:00","og_image":[{"width":800,"height":800,"url":"https:\/\/i0.wp.com\/hingelaegas.ee\/wp-content\/uploads\/2023\/02\/tuulekell_coconut-leaf_whitewash-e1692878235792.jpeg?fit=800%2C800&ssl=1","type":"image\/jpeg"}],"twitter_card":"summary_large_image","twitter_misc":{"Estimated reading time":"1 minute"},"schema":{"@context":"https:\/\/schema.org","@graph":[{"@type":"WebPage","@id":"https:\/\/www.hingelaegas.ee\/en\/product\/kookoslehest-tuulekell-valge\/","url":"https:\/\/www.hingelaegas.ee\/en\/product\/kookoslehest-tuulekell-valge\/","name":"Kookoslehest tuulekell, valge - Hingelaegas","isPartOf":{"@id":"https:\/\/www.hingelaegas.ee\/en\/#website"},"primaryImageOfPage":{"@id":"https:\/\/www.hingelaegas.ee\/en\/product\/kookoslehest-tuulekell-valge\/#primaryimage"},"image":{"@id":"https:\/\/www.hingelaegas.ee\/en\/product\/kookoslehest-tuulekell-valge\/#primaryimage"},"thumbnailUrl":"https:\/\/i0.wp.com\/hingelaegas.ee\/wp-content\/uploads\/2023\/02\/tuulekell_coconut-leaf_whitewash-e1692878235792.jpeg?fit=800%2C800&ssl=1","datePublished":"2023-02-04T08:55:58+00:00","dateModified":"2025-09-23T14:41:26+00:00","description":"Valge v\u00e4rviga viimistletud ja k\u00e4sitsi naturaalsest kookoslehest valmistatud tuulekell toob isikup\u00e4ra ja erilist h\u00f5ngu igale kodule ja aiale. Sobib dekoratsiooniks nii sise- kui v\u00e4listingimustes.","breadcrumb":{"@id":"https:\/\/www.hingelaegas.ee\/en\/product\/kookoslehest-tuulekell-valge\/#breadcrumb"},"inLanguage":"en-GB","potentialAction":[{"@type":"ReadAction","target":["https:\/\/www.hingelaegas.ee\/en\/product\/kookoslehest-tuulekell-valge\/"]}]},{"@type":"ImageObject","inLanguage":"en-GB","@id":"https:\/\/www.hingelaegas.ee\/en\/product\/kookoslehest-tuulekell-valge\/#primaryimage","url":"https:\/\/i0.wp.com\/hingelaegas.ee\/wp-content\/uploads\/2023\/02\/tuulekell_coconut-leaf_whitewash-e1692878235792.jpeg?fit=800%2C800&ssl=1","contentUrl":"https:\/\/i0.wp.com\/hingelaegas.ee\/wp-content\/uploads\/2023\/02\/tuulekell_coconut-leaf_whitewash-e1692878235792.jpeg?fit=800%2C800&ssl=1","width":800,"height":800,"caption":"kookoslehest tuulekell"},{"@type":"BreadcrumbList","@id":"https:\/\/www.hingelaegas.ee\/en\/product\/kookoslehest-tuulekell-valge\/#breadcrumb","itemListElement":[{"@type":"ListItem","position":1,"name":"Home","item":"https:\/\/www.hingelaegas.ee\/en\/"},{"@type":"ListItem","position":2,"name":"E-POOD","item":"https:\/\/www.hingelaegas.ee\/en\/e-pood\/"},{"@type":"ListItem","position":3,"name":"Kookoslehest tuulekell, valge"}]},{"@type":"WebSite","@id":"https:\/\/www.hingelaegas.ee\/en\/#website","url":"https:\/\/www.hingelaegas.ee\/en\/","name":"Hingelaegas","description":"For Soul. For Body. For Mind.","publisher":{"@id":"https:\/\/www.hingelaegas.ee\/en\/#organization"},"potentialAction":[{"@type":"SearchAction","target":{"@type":"EntryPoint","urlTemplate":"https:\/\/www.hingelaegas.ee\/en\/?s={search_term_string}"},"query-input":{"@type":"PropertyValueSpecification","valueRequired":true,"valueName":"search_term_string"}}],"inLanguage":"en-GB"},{"@type":"Organization","@id":"https:\/\/www.hingelaegas.ee\/en\/#organization","name":"Hingelaegas O\u00dc","url":"https:\/\/www.hingelaegas.ee\/en\/","logo":{"@type":"ImageObject","inLanguage":"en-GB","@id":"https:\/\/www.hingelaegas.ee\/en\/#\/schema\/logo\/image\/","url":"https:\/\/hingelaegas.ee\/wp-content\/uploads\/2020\/12\/hingelaegas_vaike.png","contentUrl":"https:\/\/hingelaegas.ee\/wp-content\/uploads\/2020\/12\/hingelaegas_vaike.png","width":700,"height":700,"caption":"Hingelaegas O\u00dc"},"image":{"@id":"https:\/\/www.hingelaegas.ee\/en\/#\/schema\/logo\/image\/"}}]}},"acf":[],"jetpack_likes_enabled":false,"jetpack_sharing_enabled":true,"_links":{"self":[{"href":"https:\/\/hingelaegas.ee\/en\/wp-json\/wp\/v2\/product\/4709","targetHints":{"allow":["GET"]}}],"collection":[{"href":"https:\/\/hingelaegas.ee\/en\/wp-json\/wp\/v2\/product"}],"about":[{"href":"https:\/\/hingelaegas.ee\/en\/wp-json\/wp\/v2\/types\/product"}],"replies":[{"embeddable":true,"href":"https:\/\/hingelaegas.ee\/en\/wp-json\/wp\/v2\/comments?post=4709"}],"wp:featuredmedia":[{"embeddable":true,"href":"https:\/\/hingelaegas.ee\/en\/wp-json\/wp\/v2\/media\/4714"}],"wp:attachment":[{"href":"https:\/\/hingelaegas.ee\/en\/wp-json\/wp\/v2\/media?parent=4709"}],"wp:term":[{"taxonomy":"product_brand","embeddable":true,"href":"https:\/\/hingelaegas.ee\/en\/wp-json\/wp\/v2\/product_brand?post=4709"},{"taxonomy":"product_cat","embeddable":true,"href":"https:\/\/hingelaegas.ee\/en\/wp-json\/wp\/v2\/product_cat?post=4709"},{"taxonomy":"product_tag","embeddable":true,"href":"https:\/\/hingelaegas.ee\/en\/wp-json\/wp\/v2\/product_tag?post=4709"}],"curies":[{"name":"wp","href":"https:\/\/api.w.org\/{rel}","templated":true}]}}