{"id":5004,"date":"2023-09-24T22:58:16","date_gmt":"2023-09-24T19:58:16","guid":{"rendered":"https:\/\/hingelaegas.ee\/?post_type=product&#038;p=5004"},"modified":"2023-10-01T21:03:26","modified_gmt":"2023-10-01T18:03:26","slug":"ruunikivide-komplekt-valge-ahhaat","status":"publish","type":"product","link":"https:\/\/hingelaegas.ee\/en\/product\/ruunikivide-komplekt-valge-ahhaat\/","title":{"rendered":"Runestones set, white agate"},"content":{"rendered":"","protected":false},"excerpt":{"rendered":"<div id=\"tw-container\" class=\"\" data-cp=\"1\" data-is-ver=\"false\" data-nnttsvi=\"1\" data-sm=\"1\" data-sugg-time=\"500\" data-sugg-url=\"https:\/\/clients1.google.com\/complete\/search\" data-uilc=\"et\">\n<div id=\"tw-ob\" class=\"tw-src-ltr\">\n<div class=\"oSioSc\">\n<div id=\"tw-target\">\n<div id=\"kAz1tf\" class=\"g9WsWb\">\n<div id=\"tw-target-text-container\" class=\"tw-ta-container F0azHf tw-nfl\" tabindex=\"0\">\n<div id=\"tw-container\" class=\"\" data-cp=\"1\" data-is-ver=\"false\" data-nnttsvi=\"1\" data-sm=\"1\" data-sugg-time=\"500\" data-sugg-url=\"https:\/\/clients1.google.com\/complete\/search\" data-uilc=\"et\">\n<div id=\"tw-ob\" class=\"tw-src-ltr\">\n<div class=\"oSioSc\">\n<div id=\"tw-target\">\n<div id=\"kAz1tf\" class=\"g9WsWb\">\n<div id=\"tw-target-text-container\" class=\"tw-ta-container F0azHf tw-nfl\" tabindex=\"0\">\n<p id=\"tw-target-text\" class=\"tw-data-text tw-text-large XcVN5d tw-ta\" dir=\"ltr\" data-placeholder=\"T\u00f5lge\">Runes are, in fact, an ancient Germanic alphabet that was used by the people for this purpose until <em>approx.<\/em> the 13th century, in some places even longer. They were mainly used in the Scandinavian countries. The rune is derived from the Proto-Germanic word <em>runo<\/em>, which means a spell, secret, whisper. Although runes were originally used as an alphabet, they have always been given strong power and have therefore always been used in divination, cryptography, and magic. The order of the runes also reflects the mythology of the people. You can see the meanings and use of runes <a href=\"https:\/\/hingelaegas.ee\/blogi\/ruunide-vagi-aitab-heita-pilgu-tulevikku\/\">here<\/a>.<\/p>\n<\/div>\n<\/div>\n<\/div>\n<\/div>\n<\/div>\n<\/div>\n<p>Size: 11 x 9 cm<\/p>\n<\/div>\n<\/div>\n<\/div>\n<\/div>\n<\/div>\n<\/div>","protected":false},"featured_media":5016,"comment_status":"open","ping_status":"closed","template":"","meta":{"_monsterinsights_skip_tracking":false,"_monsterinsights_sitenote_active":false,"_monsterinsights_sitenote_note":"","_monsterinsights_sitenote_category":0},"product_brand":[],"product_cat":[110],"product_tag":[184,77,175,504],"class_list":{"0":"post-5004","1":"product","2":"type-product","3":"status-publish","4":"has-post-thumbnail","6":"product_cat-rituaalivahendid","7":"product_tag-poolvaariskivid","8":"product_tag-reiki","9":"product_tag-rituaalivahendid","10":"product_tag-ruunid","12":"first","13":"instock","14":"taxable","15":"shipping-taxable","16":"purchasable","17":"product-type-simple"},"yoast_head":"<!-- This site is optimized with the Yoast SEO plugin v27.4 - https:\/\/yoast.com\/product\/yoast-seo-wordpress\/ -->\n<title>Ruunikivide komplekt, valge ahhaat - Hingelaegas<\/title>\n<meta name=\"robots\" content=\"index, follow, max-snippet:-1, max-image-preview:large, max-video-preview:-1\" \/>\n<link rel=\"canonical\" href=\"https:\/\/hingelaegas.ee\/en\/product\/ruunikivide-komplekt-valge-ahhaat\/\" \/>\n<meta property=\"og:locale\" content=\"en_GB\" \/>\n<meta property=\"og:type\" content=\"article\" \/>\n<meta property=\"og:title\" content=\"Ruunikivide komplekt, valge ahhaat - Hingelaegas\" \/>\n<meta property=\"og:description\" content=\"Ruunid on tegelikult vanade germaanlaste t\u00e4hestik, mis oli sel otstarbel rahva seas kasutusel ca 13. sajandini, m\u00f5nes kohas ka kauem. Peamiselt olid need kasutusel Skandinaaviamaades. Ruun tuleneb proto-germaani s\u00f5nast runo, mis t\u00e4hendab loitsu, saladust, sosinat. Kuigi ruunid on olnud kasutusel algselt t\u00e4hestikuna, siis on neile alati omistatud tugevat v\u00e4ge ja seet\u00f5ttu on neid l\u00e4bi aegade kasutatud ka ennustamises, salakirjas ja maagias. Ruunide j\u00e4rjestus kajastab omamoodi ka rahvaste m\u00fctoloogiat.\u00a0Ruunide t\u00e4hendusi ja kasutamist saad vaadata siit.        M\u00f5\u00f5dud: 11 x 9 cm\" \/>\n<meta property=\"og:url\" content=\"https:\/\/hingelaegas.ee\/en\/product\/ruunikivide-komplekt-valge-ahhaat\/\" \/>\n<meta property=\"og:site_name\" content=\"Hingelaegas\" \/>\n<meta property=\"article:modified_time\" content=\"2023-10-01T18:03:26+00:00\" \/>\n<meta property=\"og:image\" content=\"https:\/\/i0.wp.com\/www.hingelaegas.ee\/wp-content\/uploads\/2023\/09\/ruunid-valge-ahhaat-e1696153708973.jpeg?fit=800%2C800&ssl=1\" \/>\n\t<meta property=\"og:image:width\" content=\"800\" \/>\n\t<meta property=\"og:image:height\" content=\"800\" \/>\n\t<meta property=\"og:image:type\" content=\"image\/jpeg\" \/>\n<meta name=\"twitter:card\" content=\"summary_large_image\" \/>\n<script type=\"application\/ld+json\" class=\"yoast-schema-graph\">{\"@context\":\"https:\\\/\\\/schema.org\",\"@graph\":[{\"@type\":\"WebPage\",\"@id\":\"https:\\\/\\\/hingelaegas.ee\\\/en\\\/product\\\/ruunikivide-komplekt-valge-ahhaat\\\/\",\"url\":\"https:\\\/\\\/hingelaegas.ee\\\/en\\\/product\\\/ruunikivide-komplekt-valge-ahhaat\\\/\",\"name\":\"Ruunikivide komplekt, valge ahhaat - Hingelaegas\",\"isPartOf\":{\"@id\":\"https:\\\/\\\/www.hingelaegas.ee\\\/#website\"},\"primaryImageOfPage\":{\"@id\":\"https:\\\/\\\/hingelaegas.ee\\\/en\\\/product\\\/ruunikivide-komplekt-valge-ahhaat\\\/#primaryimage\"},\"image\":{\"@id\":\"https:\\\/\\\/hingelaegas.ee\\\/en\\\/product\\\/ruunikivide-komplekt-valge-ahhaat\\\/#primaryimage\"},\"thumbnailUrl\":\"https:\\\/\\\/i0.wp.com\\\/hingelaegas.ee\\\/wp-content\\\/uploads\\\/2023\\\/09\\\/ruunid-valge-ahhaat-e1696153708973.jpeg?fit=800%2C800&ssl=1\",\"datePublished\":\"2023-09-24T19:58:16+00:00\",\"dateModified\":\"2023-10-01T18:03:26+00:00\",\"breadcrumb\":{\"@id\":\"https:\\\/\\\/hingelaegas.ee\\\/en\\\/product\\\/ruunikivide-komplekt-valge-ahhaat\\\/#breadcrumb\"},\"inLanguage\":\"en-GB\",\"potentialAction\":[{\"@type\":\"ReadAction\",\"target\":[\"https:\\\/\\\/hingelaegas.ee\\\/en\\\/product\\\/ruunikivide-komplekt-valge-ahhaat\\\/\"]}]},{\"@type\":\"ImageObject\",\"inLanguage\":\"en-GB\",\"@id\":\"https:\\\/\\\/hingelaegas.ee\\\/en\\\/product\\\/ruunikivide-komplekt-valge-ahhaat\\\/#primaryimage\",\"url\":\"https:\\\/\\\/i0.wp.com\\\/hingelaegas.ee\\\/wp-content\\\/uploads\\\/2023\\\/09\\\/ruunid-valge-ahhaat-e1696153708973.jpeg?fit=800%2C800&ssl=1\",\"contentUrl\":\"https:\\\/\\\/i0.wp.com\\\/hingelaegas.ee\\\/wp-content\\\/uploads\\\/2023\\\/09\\\/ruunid-valge-ahhaat-e1696153708973.jpeg?fit=800%2C800&ssl=1\",\"width\":800,\"height\":800,\"caption\":\"valge ahhaat ruunikivid\"},{\"@type\":\"BreadcrumbList\",\"@id\":\"https:\\\/\\\/hingelaegas.ee\\\/en\\\/product\\\/ruunikivide-komplekt-valge-ahhaat\\\/#breadcrumb\",\"itemListElement\":[{\"@type\":\"ListItem\",\"position\":1,\"name\":\"Home\",\"item\":\"https:\\\/\\\/www.hingelaegas.ee\\\/\"},{\"@type\":\"ListItem\",\"position\":2,\"name\":\"E-POOD\",\"item\":\"https:\\\/\\\/www.hingelaegas.ee\\\/e-pood\\\/\"},{\"@type\":\"ListItem\",\"position\":3,\"name\":\"Ruunikivide komplekt, valge ahhaat\"}]},{\"@type\":\"WebSite\",\"@id\":\"https:\\\/\\\/www.hingelaegas.ee\\\/#website\",\"url\":\"https:\\\/\\\/www.hingelaegas.ee\\\/\",\"name\":\"Hingelaegas\",\"description\":\"Hingele. Kehale. Vaimule.\",\"publisher\":{\"@id\":\"https:\\\/\\\/www.hingelaegas.ee\\\/#organization\"},\"potentialAction\":[{\"@type\":\"SearchAction\",\"target\":{\"@type\":\"EntryPoint\",\"urlTemplate\":\"https:\\\/\\\/www.hingelaegas.ee\\\/?s={search_term_string}\"},\"query-input\":{\"@type\":\"PropertyValueSpecification\",\"valueRequired\":true,\"valueName\":\"search_term_string\"}}],\"inLanguage\":\"en-GB\"},{\"@type\":\"Organization\",\"@id\":\"https:\\\/\\\/www.hingelaegas.ee\\\/#organization\",\"name\":\"Hingelaegas O\u00dc\",\"url\":\"https:\\\/\\\/www.hingelaegas.ee\\\/\",\"logo\":{\"@type\":\"ImageObject\",\"inLanguage\":\"en-GB\",\"@id\":\"https:\\\/\\\/www.hingelaegas.ee\\\/#\\\/schema\\\/logo\\\/image\\\/\",\"url\":\"https:\\\/\\\/hingelaegas.ee\\\/wp-content\\\/uploads\\\/2020\\\/12\\\/hingelaegas_vaike.png\",\"contentUrl\":\"https:\\\/\\\/hingelaegas.ee\\\/wp-content\\\/uploads\\\/2020\\\/12\\\/hingelaegas_vaike.png\",\"width\":700,\"height\":700,\"caption\":\"Hingelaegas O\u00dc\"},\"image\":{\"@id\":\"https:\\\/\\\/www.hingelaegas.ee\\\/#\\\/schema\\\/logo\\\/image\\\/\"}}]}<\/script>\n<!-- \/ Yoast SEO plugin. -->","yoast_head_json":{"title":"Ruunikivide komplekt, valge ahhaat - Hingelaegas","robots":{"index":"index","follow":"follow","max-snippet":"max-snippet:-1","max-image-preview":"max-image-preview:large","max-video-preview":"max-video-preview:-1"},"canonical":"https:\/\/hingelaegas.ee\/en\/product\/ruunikivide-komplekt-valge-ahhaat\/","og_locale":"en_GB","og_type":"article","og_title":"Ruunikivide komplekt, valge ahhaat - Hingelaegas","og_description":"Ruunid on tegelikult vanade germaanlaste t\u00e4hestik, mis oli sel otstarbel rahva seas kasutusel ca 13. sajandini, m\u00f5nes kohas ka kauem. Peamiselt olid need kasutusel Skandinaaviamaades. Ruun tuleneb proto-germaani s\u00f5nast runo, mis t\u00e4hendab loitsu, saladust, sosinat. Kuigi ruunid on olnud kasutusel algselt t\u00e4hestikuna, siis on neile alati omistatud tugevat v\u00e4ge ja seet\u00f5ttu on neid l\u00e4bi aegade kasutatud ka ennustamises, salakirjas ja maagias. Ruunide j\u00e4rjestus kajastab omamoodi ka rahvaste m\u00fctoloogiat.\u00a0Ruunide t\u00e4hendusi ja kasutamist saad vaadata siit.        M\u00f5\u00f5dud: 11 x 9 cm","og_url":"https:\/\/hingelaegas.ee\/en\/product\/ruunikivide-komplekt-valge-ahhaat\/","og_site_name":"Hingelaegas","article_modified_time":"2023-10-01T18:03:26+00:00","og_image":[{"width":800,"height":800,"url":"https:\/\/i0.wp.com\/www.hingelaegas.ee\/wp-content\/uploads\/2023\/09\/ruunid-valge-ahhaat-e1696153708973.jpeg?fit=800%2C800&ssl=1","type":"image\/jpeg"}],"twitter_card":"summary_large_image","schema":{"@context":"https:\/\/schema.org","@graph":[{"@type":"WebPage","@id":"https:\/\/hingelaegas.ee\/en\/product\/ruunikivide-komplekt-valge-ahhaat\/","url":"https:\/\/hingelaegas.ee\/en\/product\/ruunikivide-komplekt-valge-ahhaat\/","name":"Ruunikivide komplekt, valge ahhaat - Hingelaegas","isPartOf":{"@id":"https:\/\/www.hingelaegas.ee\/#website"},"primaryImageOfPage":{"@id":"https:\/\/hingelaegas.ee\/en\/product\/ruunikivide-komplekt-valge-ahhaat\/#primaryimage"},"image":{"@id":"https:\/\/hingelaegas.ee\/en\/product\/ruunikivide-komplekt-valge-ahhaat\/#primaryimage"},"thumbnailUrl":"https:\/\/i0.wp.com\/hingelaegas.ee\/wp-content\/uploads\/2023\/09\/ruunid-valge-ahhaat-e1696153708973.jpeg?fit=800%2C800&ssl=1","datePublished":"2023-09-24T19:58:16+00:00","dateModified":"2023-10-01T18:03:26+00:00","breadcrumb":{"@id":"https:\/\/hingelaegas.ee\/en\/product\/ruunikivide-komplekt-valge-ahhaat\/#breadcrumb"},"inLanguage":"en-GB","potentialAction":[{"@type":"ReadAction","target":["https:\/\/hingelaegas.ee\/en\/product\/ruunikivide-komplekt-valge-ahhaat\/"]}]},{"@type":"ImageObject","inLanguage":"en-GB","@id":"https:\/\/hingelaegas.ee\/en\/product\/ruunikivide-komplekt-valge-ahhaat\/#primaryimage","url":"https:\/\/i0.wp.com\/hingelaegas.ee\/wp-content\/uploads\/2023\/09\/ruunid-valge-ahhaat-e1696153708973.jpeg?fit=800%2C800&ssl=1","contentUrl":"https:\/\/i0.wp.com\/hingelaegas.ee\/wp-content\/uploads\/2023\/09\/ruunid-valge-ahhaat-e1696153708973.jpeg?fit=800%2C800&ssl=1","width":800,"height":800,"caption":"valge ahhaat ruunikivid"},{"@type":"BreadcrumbList","@id":"https:\/\/hingelaegas.ee\/en\/product\/ruunikivide-komplekt-valge-ahhaat\/#breadcrumb","itemListElement":[{"@type":"ListItem","position":1,"name":"Home","item":"https:\/\/www.hingelaegas.ee\/"},{"@type":"ListItem","position":2,"name":"E-POOD","item":"https:\/\/www.hingelaegas.ee\/e-pood\/"},{"@type":"ListItem","position":3,"name":"Ruunikivide komplekt, valge ahhaat"}]},{"@type":"WebSite","@id":"https:\/\/www.hingelaegas.ee\/#website","url":"https:\/\/www.hingelaegas.ee\/","name":"Hingelaegas","description":"For Soul. For Body. For Mind.","publisher":{"@id":"https:\/\/www.hingelaegas.ee\/#organization"},"potentialAction":[{"@type":"SearchAction","target":{"@type":"EntryPoint","urlTemplate":"https:\/\/www.hingelaegas.ee\/?s={search_term_string}"},"query-input":{"@type":"PropertyValueSpecification","valueRequired":true,"valueName":"search_term_string"}}],"inLanguage":"en-GB"},{"@type":"Organization","@id":"https:\/\/www.hingelaegas.ee\/#organization","name":"Hingelaegas O\u00dc","url":"https:\/\/www.hingelaegas.ee\/","logo":{"@type":"ImageObject","inLanguage":"en-GB","@id":"https:\/\/www.hingelaegas.ee\/#\/schema\/logo\/image\/","url":"https:\/\/hingelaegas.ee\/wp-content\/uploads\/2020\/12\/hingelaegas_vaike.png","contentUrl":"https:\/\/hingelaegas.ee\/wp-content\/uploads\/2020\/12\/hingelaegas_vaike.png","width":700,"height":700,"caption":"Hingelaegas O\u00dc"},"image":{"@id":"https:\/\/www.hingelaegas.ee\/#\/schema\/logo\/image\/"}}]}},"acf":[],"jetpack_likes_enabled":false,"jetpack_sharing_enabled":true,"_links":{"self":[{"href":"https:\/\/hingelaegas.ee\/en\/wp-json\/wp\/v2\/product\/5004","targetHints":{"allow":["GET"]}}],"collection":[{"href":"https:\/\/hingelaegas.ee\/en\/wp-json\/wp\/v2\/product"}],"about":[{"href":"https:\/\/hingelaegas.ee\/en\/wp-json\/wp\/v2\/types\/product"}],"replies":[{"embeddable":true,"href":"https:\/\/hingelaegas.ee\/en\/wp-json\/wp\/v2\/comments?post=5004"}],"wp:featuredmedia":[{"embeddable":true,"href":"https:\/\/hingelaegas.ee\/en\/wp-json\/wp\/v2\/media\/5016"}],"wp:attachment":[{"href":"https:\/\/hingelaegas.ee\/en\/wp-json\/wp\/v2\/media?parent=5004"}],"wp:term":[{"taxonomy":"product_brand","embeddable":true,"href":"https:\/\/hingelaegas.ee\/en\/wp-json\/wp\/v2\/product_brand?post=5004"},{"taxonomy":"product_cat","embeddable":true,"href":"https:\/\/hingelaegas.ee\/en\/wp-json\/wp\/v2\/product_cat?post=5004"},{"taxonomy":"product_tag","embeddable":true,"href":"https:\/\/hingelaegas.ee\/en\/wp-json\/wp\/v2\/product_tag?post=5004"}],"curies":[{"name":"wp","href":"https:\/\/api.w.org\/{rel}","templated":true}]}}