{"id":5103,"date":"2023-11-01T12:45:58","date_gmt":"2023-11-01T09:45:58","guid":{"rendered":"https:\/\/hingelaegas.ee\/?post_type=product&#038;p=5103"},"modified":"2026-02-10T14:22:21","modified_gmt":"2026-02-10T12:22:21","slug":"huulepalsami-valmistamise-komplekt","status":"publish","type":"product","link":"https:\/\/hingelaegas.ee\/en\/product\/huulepalsami-valmistamise-komplekt\/","title":{"rendered":"Lip balm making kit"},"content":{"rendered":"","protected":false},"excerpt":{"rendered":"<p>The lip balm making kit is suitable for both a craftsperson as well as a complete novice in the field of crafts. The kit comes with a very comprehensive guide that instructs you step by step on what and how to do. The result is having lip balms (6 pcs) that leave the lips silky soft and which actually melt on contact with the lips.<\/p>\n<p>This is a kit for making aroma-free lip balms (the smell of beeswax may still remain to a small extent). If you want your lip balm to have a pleasing aroma, you can add your favourite <a href=\"https:\/\/www.hingelaegas.ee\/product-category\/aroomiteraapia\/eeterlikud-olid\/\">essential oils<\/a> or <a href=\"https:\/\/www.hingelaegas.ee\/product-category\/aroomiteraapia\/eeterlike-olide-segud\/\">essential oil blends<\/a>.<\/p>\n<p><strong>The set includes:<\/strong><\/p>\n<ul>\n<li>beeswax (10 g)<\/li>\n<li>shea butter (10 g)<\/li>\n<li>aloe vera butter (10 g)<\/li>\n<li>sweet almond oil (10 ml)<\/li>\n<li>spatula (1 piece)<\/li>\n<li>black lip balm blanks (6 pcs)<\/li>\n<li>a comprehensive guide for making lip balms<\/li>\n<\/ul>\n<p>Dimensions of the gift box: 15x12x6 cm<\/p>","protected":false},"featured_media":5161,"comment_status":"open","ping_status":"closed","template":"","meta":{"_monsterinsights_skip_tracking":false,"_monsterinsights_sitenote_active":false,"_monsterinsights_sitenote_note":"","_monsterinsights_sitenote_category":0},"product_brand":[],"product_cat":[574,413],"product_tag":[585,414,586],"class_list":{"0":"post-5103","1":"product","2":"type-product","3":"status-publish","4":"has-post-thumbnail","6":"product_cat-diy-tee-ise","7":"product_cat-kinkekomplektid","8":"product_tag-diy","9":"product_tag-kinkekomplektid","10":"product_tag-tee-ise","12":"first","13":"instock","14":"taxable","15":"shipping-taxable","16":"purchasable","17":"product-type-simple"},"yoast_head":"<!-- This site is optimized with the Yoast SEO plugin v27.3 - https:\/\/yoast.com\/product\/yoast-seo-wordpress\/ -->\n<title>Huulepalsami valmistamise komplekt - Hingelaegas<\/title>\n<meta name=\"description\" content=\"Huulepalsami valmistamise komplekt sobib nii k\u00e4sit\u00f6\u00f6s\u00f5brale kui ka t\u00e4iesti v\u00f5hikule k\u00e4sit\u00f6\u00f6 ja meisterdamise vallas. Komplektiga on kaasas v\u00e4ga p\u00f5hjalik juhend, mis juhendab samm-sammult, mida ja kuidas on vaja teha.\" \/>\n<meta name=\"robots\" content=\"index, follow, max-snippet:-1, max-image-preview:large, max-video-preview:-1\" \/>\n<link rel=\"canonical\" href=\"https:\/\/hingelaegas.ee\/en\/product\/huulepalsami-valmistamise-komplekt\/\" \/>\n<meta property=\"og:locale\" content=\"en_GB\" \/>\n<meta property=\"og:type\" content=\"article\" \/>\n<meta property=\"og:title\" content=\"Huulepalsami valmistamise komplekt - Hingelaegas\" \/>\n<meta property=\"og:description\" content=\"Huulepalsami valmistamise komplekt sobib nii k\u00e4sit\u00f6\u00f6s\u00f5brale kui ka t\u00e4iesti v\u00f5hikule k\u00e4sit\u00f6\u00f6 ja meisterdamise vallas. Komplektiga on kaasas v\u00e4ga p\u00f5hjalik juhend, mis juhendab samm-sammult, mida ja kuidas on vaja teha.\" \/>\n<meta property=\"og:url\" content=\"https:\/\/hingelaegas.ee\/en\/product\/huulepalsami-valmistamise-komplekt\/\" \/>\n<meta property=\"og:site_name\" content=\"Hingelaegas\" \/>\n<meta property=\"article:modified_time\" content=\"2026-02-10T12:22:21+00:00\" \/>\n<meta property=\"og:image\" content=\"https:\/\/i0.wp.com\/hingelaegas.ee\/wp-content\/uploads\/2023\/11\/KK-huulepalsam.jpg?fit=1200%2C1201&ssl=1\" \/>\n\t<meta property=\"og:image:width\" content=\"1200\" \/>\n\t<meta property=\"og:image:height\" content=\"1201\" \/>\n\t<meta property=\"og:image:type\" content=\"image\/jpeg\" \/>\n<meta name=\"twitter:card\" content=\"summary_large_image\" \/>\n<meta name=\"twitter:label1\" content=\"Estimated reading time\" \/>\n\t<meta name=\"twitter:data1\" content=\"1 minute\" \/>\n<script type=\"application\/ld+json\" class=\"yoast-schema-graph\">{\"@context\":\"https:\\\/\\\/schema.org\",\"@graph\":[{\"@type\":\"WebPage\",\"@id\":\"https:\\\/\\\/hingelaegas.ee\\\/en\\\/product\\\/huulepalsami-valmistamise-komplekt\\\/\",\"url\":\"https:\\\/\\\/hingelaegas.ee\\\/en\\\/product\\\/huulepalsami-valmistamise-komplekt\\\/\",\"name\":\"Huulepalsami valmistamise komplekt - Hingelaegas\",\"isPartOf\":{\"@id\":\"https:\\\/\\\/www.hingelaegas.ee\\\/#website\"},\"primaryImageOfPage\":{\"@id\":\"https:\\\/\\\/hingelaegas.ee\\\/en\\\/product\\\/huulepalsami-valmistamise-komplekt\\\/#primaryimage\"},\"image\":{\"@id\":\"https:\\\/\\\/hingelaegas.ee\\\/en\\\/product\\\/huulepalsami-valmistamise-komplekt\\\/#primaryimage\"},\"thumbnailUrl\":\"https:\\\/\\\/i0.wp.com\\\/hingelaegas.ee\\\/wp-content\\\/uploads\\\/2023\\\/11\\\/KK-huulepalsam.jpg?fit=1200%2C1201&ssl=1\",\"datePublished\":\"2023-11-01T09:45:58+00:00\",\"dateModified\":\"2026-02-10T12:22:21+00:00\",\"description\":\"Huulepalsami valmistamise komplekt sobib nii k\u00e4sit\u00f6\u00f6s\u00f5brale kui ka t\u00e4iesti v\u00f5hikule k\u00e4sit\u00f6\u00f6 ja meisterdamise vallas. Komplektiga on kaasas v\u00e4ga p\u00f5hjalik juhend, mis juhendab samm-sammult, mida ja kuidas on vaja teha.\",\"breadcrumb\":{\"@id\":\"https:\\\/\\\/hingelaegas.ee\\\/en\\\/product\\\/huulepalsami-valmistamise-komplekt\\\/#breadcrumb\"},\"inLanguage\":\"en-GB\",\"potentialAction\":[{\"@type\":\"ReadAction\",\"target\":[\"https:\\\/\\\/hingelaegas.ee\\\/en\\\/product\\\/huulepalsami-valmistamise-komplekt\\\/\"]}]},{\"@type\":\"ImageObject\",\"inLanguage\":\"en-GB\",\"@id\":\"https:\\\/\\\/hingelaegas.ee\\\/en\\\/product\\\/huulepalsami-valmistamise-komplekt\\\/#primaryimage\",\"url\":\"https:\\\/\\\/i0.wp.com\\\/hingelaegas.ee\\\/wp-content\\\/uploads\\\/2023\\\/11\\\/KK-huulepalsam.jpg?fit=1200%2C1201&ssl=1\",\"contentUrl\":\"https:\\\/\\\/i0.wp.com\\\/hingelaegas.ee\\\/wp-content\\\/uploads\\\/2023\\\/11\\\/KK-huulepalsam.jpg?fit=1200%2C1201&ssl=1\",\"width\":1200,\"height\":1201,\"caption\":\"dav_vivi\"},{\"@type\":\"BreadcrumbList\",\"@id\":\"https:\\\/\\\/hingelaegas.ee\\\/en\\\/product\\\/huulepalsami-valmistamise-komplekt\\\/#breadcrumb\",\"itemListElement\":[{\"@type\":\"ListItem\",\"position\":1,\"name\":\"Home\",\"item\":\"https:\\\/\\\/www.hingelaegas.ee\\\/en\\\/\"},{\"@type\":\"ListItem\",\"position\":2,\"name\":\"E-POOD\",\"item\":\"https:\\\/\\\/www.hingelaegas.ee\\\/en\\\/e-pood\\\/\"},{\"@type\":\"ListItem\",\"position\":3,\"name\":\"Huulepalsami valmistamise komplekt\"}]},{\"@type\":\"WebSite\",\"@id\":\"https:\\\/\\\/www.hingelaegas.ee\\\/#website\",\"url\":\"https:\\\/\\\/www.hingelaegas.ee\\\/\",\"name\":\"Hingelaegas\",\"description\":\"Hingele. Kehale. Vaimule.\",\"publisher\":{\"@id\":\"https:\\\/\\\/www.hingelaegas.ee\\\/#organization\"},\"potentialAction\":[{\"@type\":\"SearchAction\",\"target\":{\"@type\":\"EntryPoint\",\"urlTemplate\":\"https:\\\/\\\/www.hingelaegas.ee\\\/?s={search_term_string}\"},\"query-input\":{\"@type\":\"PropertyValueSpecification\",\"valueRequired\":true,\"valueName\":\"search_term_string\"}}],\"inLanguage\":\"en-GB\"},{\"@type\":\"Organization\",\"@id\":\"https:\\\/\\\/www.hingelaegas.ee\\\/#organization\",\"name\":\"Hingelaegas O\u00dc\",\"url\":\"https:\\\/\\\/www.hingelaegas.ee\\\/\",\"logo\":{\"@type\":\"ImageObject\",\"inLanguage\":\"en-GB\",\"@id\":\"https:\\\/\\\/www.hingelaegas.ee\\\/#\\\/schema\\\/logo\\\/image\\\/\",\"url\":\"https:\\\/\\\/hingelaegas.ee\\\/wp-content\\\/uploads\\\/2020\\\/12\\\/hingelaegas_vaike.png\",\"contentUrl\":\"https:\\\/\\\/hingelaegas.ee\\\/wp-content\\\/uploads\\\/2020\\\/12\\\/hingelaegas_vaike.png\",\"width\":700,\"height\":700,\"caption\":\"Hingelaegas O\u00dc\"},\"image\":{\"@id\":\"https:\\\/\\\/www.hingelaegas.ee\\\/#\\\/schema\\\/logo\\\/image\\\/\"}}]}<\/script>\n<!-- \/ Yoast SEO plugin. -->","yoast_head_json":{"title":"Huulepalsami valmistamise komplekt - Hingelaegas","description":"Huulepalsami valmistamise komplekt sobib nii k\u00e4sit\u00f6\u00f6s\u00f5brale kui ka t\u00e4iesti v\u00f5hikule k\u00e4sit\u00f6\u00f6 ja meisterdamise vallas. Komplektiga on kaasas v\u00e4ga p\u00f5hjalik juhend, mis juhendab samm-sammult, mida ja kuidas on vaja teha.","robots":{"index":"index","follow":"follow","max-snippet":"max-snippet:-1","max-image-preview":"max-image-preview:large","max-video-preview":"max-video-preview:-1"},"canonical":"https:\/\/hingelaegas.ee\/en\/product\/huulepalsami-valmistamise-komplekt\/","og_locale":"en_GB","og_type":"article","og_title":"Huulepalsami valmistamise komplekt - Hingelaegas","og_description":"Huulepalsami valmistamise komplekt sobib nii k\u00e4sit\u00f6\u00f6s\u00f5brale kui ka t\u00e4iesti v\u00f5hikule k\u00e4sit\u00f6\u00f6 ja meisterdamise vallas. Komplektiga on kaasas v\u00e4ga p\u00f5hjalik juhend, mis juhendab samm-sammult, mida ja kuidas on vaja teha.","og_url":"https:\/\/hingelaegas.ee\/en\/product\/huulepalsami-valmistamise-komplekt\/","og_site_name":"Hingelaegas","article_modified_time":"2026-02-10T12:22:21+00:00","og_image":[{"width":1200,"height":1201,"url":"https:\/\/i0.wp.com\/hingelaegas.ee\/wp-content\/uploads\/2023\/11\/KK-huulepalsam.jpg?fit=1200%2C1201&ssl=1","type":"image\/jpeg"}],"twitter_card":"summary_large_image","twitter_misc":{"Estimated reading time":"1 minute"},"schema":{"@context":"https:\/\/schema.org","@graph":[{"@type":"WebPage","@id":"https:\/\/hingelaegas.ee\/en\/product\/huulepalsami-valmistamise-komplekt\/","url":"https:\/\/hingelaegas.ee\/en\/product\/huulepalsami-valmistamise-komplekt\/","name":"Huulepalsami valmistamise komplekt - Hingelaegas","isPartOf":{"@id":"https:\/\/www.hingelaegas.ee\/#website"},"primaryImageOfPage":{"@id":"https:\/\/hingelaegas.ee\/en\/product\/huulepalsami-valmistamise-komplekt\/#primaryimage"},"image":{"@id":"https:\/\/hingelaegas.ee\/en\/product\/huulepalsami-valmistamise-komplekt\/#primaryimage"},"thumbnailUrl":"https:\/\/i0.wp.com\/hingelaegas.ee\/wp-content\/uploads\/2023\/11\/KK-huulepalsam.jpg?fit=1200%2C1201&ssl=1","datePublished":"2023-11-01T09:45:58+00:00","dateModified":"2026-02-10T12:22:21+00:00","description":"Huulepalsami valmistamise komplekt sobib nii k\u00e4sit\u00f6\u00f6s\u00f5brale kui ka t\u00e4iesti v\u00f5hikule k\u00e4sit\u00f6\u00f6 ja meisterdamise vallas. Komplektiga on kaasas v\u00e4ga p\u00f5hjalik juhend, mis juhendab samm-sammult, mida ja kuidas on vaja teha.","breadcrumb":{"@id":"https:\/\/hingelaegas.ee\/en\/product\/huulepalsami-valmistamise-komplekt\/#breadcrumb"},"inLanguage":"en-GB","potentialAction":[{"@type":"ReadAction","target":["https:\/\/hingelaegas.ee\/en\/product\/huulepalsami-valmistamise-komplekt\/"]}]},{"@type":"ImageObject","inLanguage":"en-GB","@id":"https:\/\/hingelaegas.ee\/en\/product\/huulepalsami-valmistamise-komplekt\/#primaryimage","url":"https:\/\/i0.wp.com\/hingelaegas.ee\/wp-content\/uploads\/2023\/11\/KK-huulepalsam.jpg?fit=1200%2C1201&ssl=1","contentUrl":"https:\/\/i0.wp.com\/hingelaegas.ee\/wp-content\/uploads\/2023\/11\/KK-huulepalsam.jpg?fit=1200%2C1201&ssl=1","width":1200,"height":1201,"caption":"dav_vivi"},{"@type":"BreadcrumbList","@id":"https:\/\/hingelaegas.ee\/en\/product\/huulepalsami-valmistamise-komplekt\/#breadcrumb","itemListElement":[{"@type":"ListItem","position":1,"name":"Home","item":"https:\/\/www.hingelaegas.ee\/en\/"},{"@type":"ListItem","position":2,"name":"E-POOD","item":"https:\/\/www.hingelaegas.ee\/en\/e-pood\/"},{"@type":"ListItem","position":3,"name":"Huulepalsami valmistamise komplekt"}]},{"@type":"WebSite","@id":"https:\/\/www.hingelaegas.ee\/#website","url":"https:\/\/www.hingelaegas.ee\/","name":"Hingelaegas","description":"For Soul. For Body. For Mind.","publisher":{"@id":"https:\/\/www.hingelaegas.ee\/#organization"},"potentialAction":[{"@type":"SearchAction","target":{"@type":"EntryPoint","urlTemplate":"https:\/\/www.hingelaegas.ee\/?s={search_term_string}"},"query-input":{"@type":"PropertyValueSpecification","valueRequired":true,"valueName":"search_term_string"}}],"inLanguage":"en-GB"},{"@type":"Organization","@id":"https:\/\/www.hingelaegas.ee\/#organization","name":"Hingelaegas O\u00dc","url":"https:\/\/www.hingelaegas.ee\/","logo":{"@type":"ImageObject","inLanguage":"en-GB","@id":"https:\/\/www.hingelaegas.ee\/#\/schema\/logo\/image\/","url":"https:\/\/hingelaegas.ee\/wp-content\/uploads\/2020\/12\/hingelaegas_vaike.png","contentUrl":"https:\/\/hingelaegas.ee\/wp-content\/uploads\/2020\/12\/hingelaegas_vaike.png","width":700,"height":700,"caption":"Hingelaegas O\u00dc"},"image":{"@id":"https:\/\/www.hingelaegas.ee\/#\/schema\/logo\/image\/"}}]}},"acf":[],"jetpack_likes_enabled":false,"jetpack_sharing_enabled":true,"_links":{"self":[{"href":"https:\/\/hingelaegas.ee\/en\/wp-json\/wp\/v2\/product\/5103","targetHints":{"allow":["GET"]}}],"collection":[{"href":"https:\/\/hingelaegas.ee\/en\/wp-json\/wp\/v2\/product"}],"about":[{"href":"https:\/\/hingelaegas.ee\/en\/wp-json\/wp\/v2\/types\/product"}],"replies":[{"embeddable":true,"href":"https:\/\/hingelaegas.ee\/en\/wp-json\/wp\/v2\/comments?post=5103"}],"wp:featuredmedia":[{"embeddable":true,"href":"https:\/\/hingelaegas.ee\/en\/wp-json\/wp\/v2\/media\/5161"}],"wp:attachment":[{"href":"https:\/\/hingelaegas.ee\/en\/wp-json\/wp\/v2\/media?parent=5103"}],"wp:term":[{"taxonomy":"product_brand","embeddable":true,"href":"https:\/\/hingelaegas.ee\/en\/wp-json\/wp\/v2\/product_brand?post=5103"},{"taxonomy":"product_cat","embeddable":true,"href":"https:\/\/hingelaegas.ee\/en\/wp-json\/wp\/v2\/product_cat?post=5103"},{"taxonomy":"product_tag","embeddable":true,"href":"https:\/\/hingelaegas.ee\/en\/wp-json\/wp\/v2\/product_tag?post=5103"}],"curies":[{"name":"wp","href":"https:\/\/api.w.org\/{rel}","templated":true}]}}